{"id":33227,"date":"2025-12-15T00:08:41","date_gmt":"2025-12-14T23:08:41","guid":{"rendered":"https:\/\/www.koonings.com\/product\/rebecca-ingram-66-2\/"},"modified":"2026-02-03T17:45:12","modified_gmt":"2026-02-03T16:45:12","slug":"rebecca-ingram-66-2","status":"publish","type":"product","link":"https:\/\/www.koonings.com\/de\/product\/rebecca-ingram-66-2\/","title":{"rendered":"Rebecca Ingram 66"},"content":{"rendered":"<p>Aus den Designstudios von Maggie Sottero wurde das innovative Label von Rebecca Ingram geboren. Es bringt die ber\u00fchmte Qualit\u00e4t und Passform, f\u00fcr die Maggie Sottero bekannt ist, zu einem noch erschwinglichen Preis f\u00fcr alle Br\u00e4ute. Erleben Sie die Sch\u00f6nheit von Rebecca Ingram zu einem hervorragenden Preis. Schimmerndes Plus-Size-Brautkleid mit floraler Spitze und V-Ausschnitt. Raffinierte Perlenspitzenmuster \u00fcber schimmerndem T\u00fcll und einem Mieder aus Perlenspitze. Tiefer Illusions-V-Ausschnitt mit perlenbesetzten Spaghetti-Tr\u00e4gern und verdeckten Kn\u00f6pfen \u00fcber dem Rei\u00dfverschluss. Perfekt verarbeiteter Saum aus Rosshaar und Illusions-T\u00fcll-Eins\u00e4tzen an der Seite.      <\/p>\n","protected":false},"featured_media":28429,"template":"","meta":{"_acf_changed":false,"ghostkit_customizer_options":"","ghostkit_custom_css":"","ghostkit_custom_js_head":"","ghostkit_custom_js_foot":"","ghostkit_typography":""},"productdetails":[],"productneck":[356],"productcolor":[392],"maat":[],"productsupplier":[433],"productsleeve":[359],"productcategory":[18],"productsilhouette":[389],"productstyle":[],"class_list":["post-33227","product","type-product","status-publish","has-post-thumbnail","hentry","productneck-356","productcolor-392","productsupplier-rebecca-ingram","productsleeve-359","productcategory-trouwjurken","productsilhouette-389"],"acf":[],"yoast_head":"<!-- This site is optimized with the Yoast SEO plugin v27.3 - https:\/\/yoast.com\/product\/yoast-seo-wordpress\/ -->\n<title>Rebecca Ingram 66 | Koonings<\/title>\n<meta name=\"description\" content=\"Aus den Designstudios von Maggie Sottero wurde das innovative Label von Rebecca Ingram geboren. Es bringt die ber\u00fchmte Qualit\u00e4t und Passform, f\u00fcr die Maggie Sottero bekannt ist, zu einem noch erschwinglichen Preis f\u00fcr alle Br\u00e4ute. Erleben Sie die Sch\u00f6nheit von Rebecca Ingram zu einem hervorragenden Preis. Schimmerndes Plus-Size-Brautkleid mit floraler Spitze und V-Ausschnitt. Raffinierte Perlenspitzenmuster \u00fcber schimmerndem T\u00fcll und einem Mieder aus Perlenspitze. Tiefer Illusions-V-Ausschnitt mit perlenbesetzten Spaghetti-Tr\u00e4gern und verdeckten Kn\u00f6pfen \u00fcber dem Rei\u00dfverschluss. Perfekt verarbeiteter Saum aus Rosshaar und Illusions-T\u00fcll-Eins\u00e4tzen an der Seite.\" \/>\n<meta name=\"robots\" content=\"index, follow, max-snippet:-1, max-image-preview:large, max-video-preview:-1\" \/>\n<link rel=\"canonical\" href=\"https:\/\/www.koonings.com\/de\/product\/rebecca-ingram-66-2\/\" \/>\n<meta property=\"og:locale\" content=\"de_DE\" \/>\n<meta property=\"og:type\" content=\"article\" \/>\n<meta property=\"og:title\" content=\"Rebecca Ingram 66 | Koonings\" \/>\n<meta property=\"og:description\" content=\"Aus den Designstudios von Maggie Sottero wurde das innovative Label von Rebecca Ingram geboren. Es bringt die ber\u00fchmte Qualit\u00e4t und Passform, f\u00fcr die Maggie Sottero bekannt ist, zu einem noch erschwinglichen Preis f\u00fcr alle Br\u00e4ute. Erleben Sie die Sch\u00f6nheit von Rebecca Ingram zu einem hervorragenden Preis. Schimmerndes Plus-Size-Brautkleid mit floraler Spitze und V-Ausschnitt. Raffinierte Perlenspitzenmuster \u00fcber schimmerndem T\u00fcll und einem Mieder aus Perlenspitze. Tiefer Illusions-V-Ausschnitt mit perlenbesetzten Spaghetti-Tr\u00e4gern und verdeckten Kn\u00f6pfen \u00fcber dem Rei\u00dfverschluss. Perfekt verarbeiteter Saum aus Rosshaar und Illusions-T\u00fcll-Eins\u00e4tzen an der Seite.\" \/>\n<meta property=\"og:url\" content=\"https:\/\/www.koonings.com\/de\/product\/rebecca-ingram-66-2\/\" \/>\n<meta property=\"og:site_name\" content=\"Koonings\" \/>\n<meta property=\"article:publisher\" content=\"https:\/\/www.facebook.com\/kooningstheweddingpalace\" \/>\n<meta property=\"article:modified_time\" content=\"2026-02-03T16:45:12+00:00\" \/>\n<meta property=\"og:image\" content=\"https:\/\/www.koonings.com\/wp-content\/uploads\/2024\/11\/37087_658de9e904aad72acb708ee249f07514d9b7fc6c659a33420ea0908333145b55b21ccf1a.jpeg\" \/>\n\t<meta property=\"og:image:width\" content=\"398\" \/>\n\t<meta property=\"og:image:height\" content=\"708\" \/>\n\t<meta property=\"og:image:type\" content=\"image\/jpeg\" \/>\n<meta name=\"twitter:card\" content=\"summary_large_image\" \/>\n<script type=\"application\/ld+json\" class=\"yoast-schema-graph\">{\"@context\":\"https:\\\/\\\/schema.org\",\"@graph\":[{\"@type\":\"WebPage\",\"@id\":\"https:\\\/\\\/www.koonings.com\\\/de\\\/product\\\/rebecca-ingram-66-2\\\/\",\"url\":\"https:\\\/\\\/www.koonings.com\\\/de\\\/product\\\/rebecca-ingram-66-2\\\/\",\"name\":\"Rebecca Ingram 66 | Koonings\",\"isPartOf\":{\"@id\":\"https:\\\/\\\/www.koonings.com\\\/de\\\/#website\"},\"primaryImageOfPage\":{\"@id\":\"https:\\\/\\\/www.koonings.com\\\/de\\\/product\\\/rebecca-ingram-66-2\\\/#primaryimage\"},\"image\":{\"@id\":\"https:\\\/\\\/www.koonings.com\\\/de\\\/product\\\/rebecca-ingram-66-2\\\/#primaryimage\"},\"thumbnailUrl\":\"https:\\\/\\\/www.koonings.com\\\/wp-content\\\/uploads\\\/2024\\\/11\\\/37087_658de9e904aad72acb708ee249f07514d9b7fc6c659a33420ea0908333145b55b21ccf1a.jpeg\",\"datePublished\":\"2025-12-14T23:08:41+00:00\",\"dateModified\":\"2026-02-03T16:45:12+00:00\",\"description\":\"Aus den Designstudios von Maggie Sottero wurde das innovative Label von Rebecca Ingram geboren. Es bringt die ber\u00fchmte Qualit\u00e4t und Passform, f\u00fcr die Maggie Sottero bekannt ist, zu einem noch erschwinglichen Preis f\u00fcr alle Br\u00e4ute. Erleben Sie die Sch\u00f6nheit von Rebecca Ingram zu einem hervorragenden Preis. Schimmerndes Plus-Size-Brautkleid mit floraler Spitze und V-Ausschnitt. Raffinierte Perlenspitzenmuster \u00fcber schimmerndem T\u00fcll und einem Mieder aus Perlenspitze. Tiefer Illusions-V-Ausschnitt mit perlenbesetzten Spaghetti-Tr\u00e4gern und verdeckten Kn\u00f6pfen \u00fcber dem Rei\u00dfverschluss. Perfekt verarbeiteter Saum aus Rosshaar und Illusions-T\u00fcll-Eins\u00e4tzen an der Seite.\",\"breadcrumb\":{\"@id\":\"https:\\\/\\\/www.koonings.com\\\/de\\\/product\\\/rebecca-ingram-66-2\\\/#breadcrumb\"},\"inLanguage\":\"de\",\"potentialAction\":[{\"@type\":\"ReadAction\",\"target\":[\"https:\\\/\\\/www.koonings.com\\\/de\\\/product\\\/rebecca-ingram-66-2\\\/\"]}]},{\"@type\":\"ImageObject\",\"inLanguage\":\"de\",\"@id\":\"https:\\\/\\\/www.koonings.com\\\/de\\\/product\\\/rebecca-ingram-66-2\\\/#primaryimage\",\"url\":\"https:\\\/\\\/www.koonings.com\\\/wp-content\\\/uploads\\\/2024\\\/11\\\/37087_658de9e904aad72acb708ee249f07514d9b7fc6c659a33420ea0908333145b55b21ccf1a.jpeg\",\"contentUrl\":\"https:\\\/\\\/www.koonings.com\\\/wp-content\\\/uploads\\\/2024\\\/11\\\/37087_658de9e904aad72acb708ee249f07514d9b7fc6c659a33420ea0908333145b55b21ccf1a.jpeg\",\"width\":398,\"height\":708},{\"@type\":\"BreadcrumbList\",\"@id\":\"https:\\\/\\\/www.koonings.com\\\/de\\\/product\\\/rebecca-ingram-66-2\\\/#breadcrumb\",\"itemListElement\":[{\"@type\":\"ListItem\",\"position\":1,\"name\":\"Home\",\"item\":\"https:\\\/\\\/www.koonings.com\\\/de\\\/\"},{\"@type\":\"ListItem\",\"position\":2,\"name\":\"Rebecca Ingram 66\"}]},{\"@type\":\"WebSite\",\"@id\":\"https:\\\/\\\/www.koonings.com\\\/de\\\/#website\",\"url\":\"https:\\\/\\\/www.koonings.com\\\/de\\\/\",\"name\":\"Koonings\",\"description\":\"De grootste bruidsmodewinkel ter wereld\",\"publisher\":{\"@id\":\"https:\\\/\\\/www.koonings.com\\\/de\\\/#organization\"},\"potentialAction\":[{\"@type\":\"SearchAction\",\"target\":{\"@type\":\"EntryPoint\",\"urlTemplate\":\"https:\\\/\\\/www.koonings.com\\\/de\\\/?s={search_term_string}\"},\"query-input\":{\"@type\":\"PropertyValueSpecification\",\"valueRequired\":true,\"valueName\":\"search_term_string\"}}],\"inLanguage\":\"de\"},{\"@type\":\"Organization\",\"@id\":\"https:\\\/\\\/www.koonings.com\\\/de\\\/#organization\",\"name\":\"Koonings\",\"url\":\"https:\\\/\\\/www.koonings.com\\\/de\\\/\",\"logo\":{\"@type\":\"ImageObject\",\"inLanguage\":\"de\",\"@id\":\"https:\\\/\\\/www.koonings.com\\\/de\\\/#\\\/schema\\\/logo\\\/image\\\/\",\"url\":\"https:\\\/\\\/www.koonings.com\\\/wp-content\\\/uploads\\\/2024\\\/07\\\/logo.png\",\"contentUrl\":\"https:\\\/\\\/www.koonings.com\\\/wp-content\\\/uploads\\\/2024\\\/07\\\/logo.png\",\"width\":600,\"height\":428,\"caption\":\"Koonings\"},\"image\":{\"@id\":\"https:\\\/\\\/www.koonings.com\\\/de\\\/#\\\/schema\\\/logo\\\/image\\\/\"},\"sameAs\":[\"https:\\\/\\\/www.facebook.com\\\/kooningstheweddingpalace\",\"https:\\\/\\\/www.instagram.com\\\/kooningstheweddingpalace\",\"https:\\\/\\\/www.pinterest.com\\\/koonings\",\"https:\\\/\\\/www.youtube.com\\\/kooningstheweddingpalace\"]}]}<\/script>\n<!-- \/ Yoast SEO plugin. -->","yoast_head_json":{"title":"Rebecca Ingram 66 | Koonings","description":"Aus den Designstudios von Maggie Sottero wurde das innovative Label von Rebecca Ingram geboren. Es bringt die ber\u00fchmte Qualit\u00e4t und Passform, f\u00fcr die Maggie Sottero bekannt ist, zu einem noch erschwinglichen Preis f\u00fcr alle Br\u00e4ute. Erleben Sie die Sch\u00f6nheit von Rebecca Ingram zu einem hervorragenden Preis. Schimmerndes Plus-Size-Brautkleid mit floraler Spitze und V-Ausschnitt. Raffinierte Perlenspitzenmuster \u00fcber schimmerndem T\u00fcll und einem Mieder aus Perlenspitze. Tiefer Illusions-V-Ausschnitt mit perlenbesetzten Spaghetti-Tr\u00e4gern und verdeckten Kn\u00f6pfen \u00fcber dem Rei\u00dfverschluss. Perfekt verarbeiteter Saum aus Rosshaar und Illusions-T\u00fcll-Eins\u00e4tzen an der Seite.","robots":{"index":"index","follow":"follow","max-snippet":"max-snippet:-1","max-image-preview":"max-image-preview:large","max-video-preview":"max-video-preview:-1"},"canonical":"https:\/\/www.koonings.com\/de\/product\/rebecca-ingram-66-2\/","og_locale":"de_DE","og_type":"article","og_title":"Rebecca Ingram 66 | Koonings","og_description":"Aus den Designstudios von Maggie Sottero wurde das innovative Label von Rebecca Ingram geboren. Es bringt die ber\u00fchmte Qualit\u00e4t und Passform, f\u00fcr die Maggie Sottero bekannt ist, zu einem noch erschwinglichen Preis f\u00fcr alle Br\u00e4ute. Erleben Sie die Sch\u00f6nheit von Rebecca Ingram zu einem hervorragenden Preis. Schimmerndes Plus-Size-Brautkleid mit floraler Spitze und V-Ausschnitt. Raffinierte Perlenspitzenmuster \u00fcber schimmerndem T\u00fcll und einem Mieder aus Perlenspitze. Tiefer Illusions-V-Ausschnitt mit perlenbesetzten Spaghetti-Tr\u00e4gern und verdeckten Kn\u00f6pfen \u00fcber dem Rei\u00dfverschluss. Perfekt verarbeiteter Saum aus Rosshaar und Illusions-T\u00fcll-Eins\u00e4tzen an der Seite.","og_url":"https:\/\/www.koonings.com\/de\/product\/rebecca-ingram-66-2\/","og_site_name":"Koonings","article_publisher":"https:\/\/www.facebook.com\/kooningstheweddingpalace","article_modified_time":"2026-02-03T16:45:12+00:00","og_image":[{"width":398,"height":708,"url":"https:\/\/www.koonings.com\/wp-content\/uploads\/2024\/11\/37087_658de9e904aad72acb708ee249f07514d9b7fc6c659a33420ea0908333145b55b21ccf1a.jpeg","type":"image\/jpeg"}],"twitter_card":"summary_large_image","schema":{"@context":"https:\/\/schema.org","@graph":[{"@type":"WebPage","@id":"https:\/\/www.koonings.com\/de\/product\/rebecca-ingram-66-2\/","url":"https:\/\/www.koonings.com\/de\/product\/rebecca-ingram-66-2\/","name":"Rebecca Ingram 66 | Koonings","isPartOf":{"@id":"https:\/\/www.koonings.com\/de\/#website"},"primaryImageOfPage":{"@id":"https:\/\/www.koonings.com\/de\/product\/rebecca-ingram-66-2\/#primaryimage"},"image":{"@id":"https:\/\/www.koonings.com\/de\/product\/rebecca-ingram-66-2\/#primaryimage"},"thumbnailUrl":"https:\/\/www.koonings.com\/wp-content\/uploads\/2024\/11\/37087_658de9e904aad72acb708ee249f07514d9b7fc6c659a33420ea0908333145b55b21ccf1a.jpeg","datePublished":"2025-12-14T23:08:41+00:00","dateModified":"2026-02-03T16:45:12+00:00","description":"Aus den Designstudios von Maggie Sottero wurde das innovative Label von Rebecca Ingram geboren. Es bringt die ber\u00fchmte Qualit\u00e4t und Passform, f\u00fcr die Maggie Sottero bekannt ist, zu einem noch erschwinglichen Preis f\u00fcr alle Br\u00e4ute. Erleben Sie die Sch\u00f6nheit von Rebecca Ingram zu einem hervorragenden Preis. Schimmerndes Plus-Size-Brautkleid mit floraler Spitze und V-Ausschnitt. Raffinierte Perlenspitzenmuster \u00fcber schimmerndem T\u00fcll und einem Mieder aus Perlenspitze. Tiefer Illusions-V-Ausschnitt mit perlenbesetzten Spaghetti-Tr\u00e4gern und verdeckten Kn\u00f6pfen \u00fcber dem Rei\u00dfverschluss. Perfekt verarbeiteter Saum aus Rosshaar und Illusions-T\u00fcll-Eins\u00e4tzen an der Seite.","breadcrumb":{"@id":"https:\/\/www.koonings.com\/de\/product\/rebecca-ingram-66-2\/#breadcrumb"},"inLanguage":"de","potentialAction":[{"@type":"ReadAction","target":["https:\/\/www.koonings.com\/de\/product\/rebecca-ingram-66-2\/"]}]},{"@type":"ImageObject","inLanguage":"de","@id":"https:\/\/www.koonings.com\/de\/product\/rebecca-ingram-66-2\/#primaryimage","url":"https:\/\/www.koonings.com\/wp-content\/uploads\/2024\/11\/37087_658de9e904aad72acb708ee249f07514d9b7fc6c659a33420ea0908333145b55b21ccf1a.jpeg","contentUrl":"https:\/\/www.koonings.com\/wp-content\/uploads\/2024\/11\/37087_658de9e904aad72acb708ee249f07514d9b7fc6c659a33420ea0908333145b55b21ccf1a.jpeg","width":398,"height":708},{"@type":"BreadcrumbList","@id":"https:\/\/www.koonings.com\/de\/product\/rebecca-ingram-66-2\/#breadcrumb","itemListElement":[{"@type":"ListItem","position":1,"name":"Home","item":"https:\/\/www.koonings.com\/de\/"},{"@type":"ListItem","position":2,"name":"Rebecca Ingram 66"}]},{"@type":"WebSite","@id":"https:\/\/www.koonings.com\/de\/#website","url":"https:\/\/www.koonings.com\/de\/","name":"Koonings","description":"De grootste bruidsmodewinkel ter wereld","publisher":{"@id":"https:\/\/www.koonings.com\/de\/#organization"},"potentialAction":[{"@type":"SearchAction","target":{"@type":"EntryPoint","urlTemplate":"https:\/\/www.koonings.com\/de\/?s={search_term_string}"},"query-input":{"@type":"PropertyValueSpecification","valueRequired":true,"valueName":"search_term_string"}}],"inLanguage":"de"},{"@type":"Organization","@id":"https:\/\/www.koonings.com\/de\/#organization","name":"Koonings","url":"https:\/\/www.koonings.com\/de\/","logo":{"@type":"ImageObject","inLanguage":"de","@id":"https:\/\/www.koonings.com\/de\/#\/schema\/logo\/image\/","url":"https:\/\/www.koonings.com\/wp-content\/uploads\/2024\/07\/logo.png","contentUrl":"https:\/\/www.koonings.com\/wp-content\/uploads\/2024\/07\/logo.png","width":600,"height":428,"caption":"Koonings"},"image":{"@id":"https:\/\/www.koonings.com\/de\/#\/schema\/logo\/image\/"},"sameAs":["https:\/\/www.facebook.com\/kooningstheweddingpalace","https:\/\/www.instagram.com\/kooningstheweddingpalace","https:\/\/www.pinterest.com\/koonings","https:\/\/www.youtube.com\/kooningstheweddingpalace"]}]}},"_links":{"self":[{"href":"https:\/\/www.koonings.com\/de\/wp-json\/wp\/v2\/product\/33227","targetHints":{"allow":["GET"]}}],"collection":[{"href":"https:\/\/www.koonings.com\/de\/wp-json\/wp\/v2\/product"}],"about":[{"href":"https:\/\/www.koonings.com\/de\/wp-json\/wp\/v2\/types\/product"}],"wp:featuredmedia":[{"embeddable":true,"href":"https:\/\/www.koonings.com\/de\/wp-json\/wp\/v2\/media\/28429"}],"wp:attachment":[{"href":"https:\/\/www.koonings.com\/de\/wp-json\/wp\/v2\/media?parent=33227"}],"wp:term":[{"taxonomy":"productdetails","embeddable":true,"href":"https:\/\/www.koonings.com\/de\/wp-json\/wp\/v2\/productdetails?post=33227"},{"taxonomy":"productneck","embeddable":true,"href":"https:\/\/www.koonings.com\/de\/wp-json\/wp\/v2\/productneck?post=33227"},{"taxonomy":"productcolor","embeddable":true,"href":"https:\/\/www.koonings.com\/de\/wp-json\/wp\/v2\/productcolor?post=33227"},{"taxonomy":"maat","embeddable":true,"href":"https:\/\/www.koonings.com\/de\/wp-json\/wp\/v2\/maat?post=33227"},{"taxonomy":"productsupplier","embeddable":true,"href":"https:\/\/www.koonings.com\/de\/wp-json\/wp\/v2\/productsupplier?post=33227"},{"taxonomy":"productsleeve","embeddable":true,"href":"https:\/\/www.koonings.com\/de\/wp-json\/wp\/v2\/productsleeve?post=33227"},{"taxonomy":"productcategory","embeddable":true,"href":"https:\/\/www.koonings.com\/de\/wp-json\/wp\/v2\/productcategory?post=33227"},{"taxonomy":"productsilhouette","embeddable":true,"href":"https:\/\/www.koonings.com\/de\/wp-json\/wp\/v2\/productsilhouette?post=33227"},{"taxonomy":"productstyle","embeddable":true,"href":"https:\/\/www.koonings.com\/de\/wp-json\/wp\/v2\/productstyle?post=33227"}],"curies":[{"name":"wp","href":"https:\/\/api.w.org\/{rel}","templated":true}]}}