{"id":33166,"date":"2025-07-10T12:08:17","date_gmt":"2025-07-10T10:08:17","guid":{"rendered":"https:\/\/www.koonings.com\/product\/enzoani-blue-collection-66-2\/"},"modified":"2025-06-05T12:21:05","modified_gmt":"2025-06-05T10:21:05","slug":"enzoani-blue-collection-66-2","status":"publish","type":"product","link":"https:\/\/www.koonings.com\/de\/product\/enzoani-blue-collection-66-2\/","title":{"rendered":"Enzoani Blue Collection 66"},"content":{"rendered":"<p>Dieses \u00fcppige Hochzeitskleid in A-Linie ist s\u00fc\u00df und \u00e4therisch. Es verf\u00fcgt \u00fcber einen V-Ausschnitt mit Illusion am Herzen auf einem wundersch\u00f6n schimmernden Spitzenmieder, kombiniert mit romantischen abnehmbaren Bischofs\u00e4rmeln aus transparentem T\u00fcll und schulterfreien Tr\u00e4gern mit 3D-Blumenstickerei. Skurrile Applikationen, die das Mieder im Korsettstil zieren, fallen sanft in den \u00fcppigen Rock. Dieses Kleid ist perfekt f\u00fcr die moderne Braut, die sich sowohl atemberaubende Details als auch einzigartige Vielseitigkeit w\u00fcnscht.  <\/p>\n","protected":false},"featured_media":28732,"template":"","meta":{"_acf_changed":false,"ghostkit_customizer_options":"","ghostkit_custom_css":"","ghostkit_custom_js_head":"","ghostkit_custom_js_foot":"","ghostkit_typography":""},"productdetails":[],"productneck":[],"productcolor":[],"maat":[],"productsupplier":[405],"productsleeve":[],"productcategory":[18],"productsilhouette":[],"productstyle":[],"class_list":["post-33166","product","type-product","status-publish","has-post-thumbnail","hentry","productsupplier-enzoani-blue-collection","productcategory-trouwjurken"],"acf":[],"yoast_head":"<!-- This site is optimized with the Yoast SEO plugin v27.3 - https:\/\/yoast.com\/product\/yoast-seo-wordpress\/ -->\n<title>Enzoani Blue Collection 66 | Koonings<\/title>\n<meta name=\"description\" content=\"Dieses \u00fcppige Hochzeitskleid in A-Linie ist s\u00fc\u00df und \u00e4therisch. Es verf\u00fcgt \u00fcber einen V-Ausschnitt mit Illusion am Herzen auf einem wundersch\u00f6n schimmernden Spitzenmieder, kombiniert mit romantischen abnehmbaren Bischofs\u00e4rmeln aus transparentem T\u00fcll und schulterfreien Tr\u00e4gern mit 3D-Blumenstickerei. Skurrile Applikationen, die das Mieder im Korsettstil zieren, fallen sanft in den \u00fcppigen Rock. Dieses Kleid ist perfekt f\u00fcr die moderne Braut, die sich sowohl atemberaubende Details als auch einzigartige Vielseitigkeit w\u00fcnscht.\" \/>\n<meta name=\"robots\" content=\"index, follow, max-snippet:-1, max-image-preview:large, max-video-preview:-1\" \/>\n<link rel=\"canonical\" href=\"https:\/\/www.koonings.com\/de\/product\/enzoani-blue-collection-66-2\/\" \/>\n<meta property=\"og:locale\" content=\"de_DE\" \/>\n<meta property=\"og:type\" content=\"article\" \/>\n<meta property=\"og:title\" content=\"Enzoani Blue Collection 66 | Koonings\" \/>\n<meta property=\"og:description\" content=\"Dieses \u00fcppige Hochzeitskleid in A-Linie ist s\u00fc\u00df und \u00e4therisch. Es verf\u00fcgt \u00fcber einen V-Ausschnitt mit Illusion am Herzen auf einem wundersch\u00f6n schimmernden Spitzenmieder, kombiniert mit romantischen abnehmbaren Bischofs\u00e4rmeln aus transparentem T\u00fcll und schulterfreien Tr\u00e4gern mit 3D-Blumenstickerei. Skurrile Applikationen, die das Mieder im Korsettstil zieren, fallen sanft in den \u00fcppigen Rock. Dieses Kleid ist perfekt f\u00fcr die moderne Braut, die sich sowohl atemberaubende Details als auch einzigartige Vielseitigkeit w\u00fcnscht.\" \/>\n<meta property=\"og:url\" content=\"https:\/\/www.koonings.com\/de\/product\/enzoani-blue-collection-66-2\/\" \/>\n<meta property=\"og:site_name\" content=\"Koonings\" \/>\n<meta property=\"article:publisher\" content=\"https:\/\/www.facebook.com\/kooningstheweddingpalace\" \/>\n<meta property=\"og:image\" content=\"https:\/\/www.koonings.com\/wp-content\/uploads\/2024\/11\/37156_ec6d3284fc6e00f67c10c47be6d48de2cdda82850fee7cd398a8d38abd3f4bae5fe567db.jpeg\" \/>\n\t<meta property=\"og:image:width\" content=\"300\" \/>\n\t<meta property=\"og:image:height\" content=\"450\" \/>\n\t<meta property=\"og:image:type\" content=\"image\/jpeg\" \/>\n<meta name=\"twitter:card\" content=\"summary_large_image\" \/>\n<script type=\"application\/ld+json\" class=\"yoast-schema-graph\">{\"@context\":\"https:\\\/\\\/schema.org\",\"@graph\":[{\"@type\":\"WebPage\",\"@id\":\"https:\\\/\\\/www.koonings.com\\\/de\\\/product\\\/enzoani-blue-collection-66-2\\\/\",\"url\":\"https:\\\/\\\/www.koonings.com\\\/de\\\/product\\\/enzoani-blue-collection-66-2\\\/\",\"name\":\"Enzoani Blue Collection 66 | Koonings\",\"isPartOf\":{\"@id\":\"https:\\\/\\\/www.koonings.com\\\/de\\\/#website\"},\"primaryImageOfPage\":{\"@id\":\"https:\\\/\\\/www.koonings.com\\\/de\\\/product\\\/enzoani-blue-collection-66-2\\\/#primaryimage\"},\"image\":{\"@id\":\"https:\\\/\\\/www.koonings.com\\\/de\\\/product\\\/enzoani-blue-collection-66-2\\\/#primaryimage\"},\"thumbnailUrl\":\"https:\\\/\\\/www.koonings.com\\\/wp-content\\\/uploads\\\/2024\\\/11\\\/37156_ec6d3284fc6e00f67c10c47be6d48de2cdda82850fee7cd398a8d38abd3f4bae5fe567db.jpeg\",\"datePublished\":\"2025-07-10T10:08:17+00:00\",\"description\":\"Dieses \u00fcppige Hochzeitskleid in A-Linie ist s\u00fc\u00df und \u00e4therisch. Es verf\u00fcgt \u00fcber einen V-Ausschnitt mit Illusion am Herzen auf einem wundersch\u00f6n schimmernden Spitzenmieder, kombiniert mit romantischen abnehmbaren Bischofs\u00e4rmeln aus transparentem T\u00fcll und schulterfreien Tr\u00e4gern mit 3D-Blumenstickerei. Skurrile Applikationen, die das Mieder im Korsettstil zieren, fallen sanft in den \u00fcppigen Rock. Dieses Kleid ist perfekt f\u00fcr die moderne Braut, die sich sowohl atemberaubende Details als auch einzigartige Vielseitigkeit w\u00fcnscht.\",\"breadcrumb\":{\"@id\":\"https:\\\/\\\/www.koonings.com\\\/de\\\/product\\\/enzoani-blue-collection-66-2\\\/#breadcrumb\"},\"inLanguage\":\"de\",\"potentialAction\":[{\"@type\":\"ReadAction\",\"target\":[\"https:\\\/\\\/www.koonings.com\\\/de\\\/product\\\/enzoani-blue-collection-66-2\\\/\"]}]},{\"@type\":\"ImageObject\",\"inLanguage\":\"de\",\"@id\":\"https:\\\/\\\/www.koonings.com\\\/de\\\/product\\\/enzoani-blue-collection-66-2\\\/#primaryimage\",\"url\":\"https:\\\/\\\/www.koonings.com\\\/wp-content\\\/uploads\\\/2024\\\/11\\\/37156_ec6d3284fc6e00f67c10c47be6d48de2cdda82850fee7cd398a8d38abd3f4bae5fe567db.jpeg\",\"contentUrl\":\"https:\\\/\\\/www.koonings.com\\\/wp-content\\\/uploads\\\/2024\\\/11\\\/37156_ec6d3284fc6e00f67c10c47be6d48de2cdda82850fee7cd398a8d38abd3f4bae5fe567db.jpeg\",\"width\":300,\"height\":450},{\"@type\":\"BreadcrumbList\",\"@id\":\"https:\\\/\\\/www.koonings.com\\\/de\\\/product\\\/enzoani-blue-collection-66-2\\\/#breadcrumb\",\"itemListElement\":[{\"@type\":\"ListItem\",\"position\":1,\"name\":\"Home\",\"item\":\"https:\\\/\\\/www.koonings.com\\\/de\\\/\"},{\"@type\":\"ListItem\",\"position\":2,\"name\":\"Enzoani Blue Collection 66\"}]},{\"@type\":\"WebSite\",\"@id\":\"https:\\\/\\\/www.koonings.com\\\/de\\\/#website\",\"url\":\"https:\\\/\\\/www.koonings.com\\\/de\\\/\",\"name\":\"Koonings\",\"description\":\"De grootste bruidsmodewinkel ter wereld\",\"publisher\":{\"@id\":\"https:\\\/\\\/www.koonings.com\\\/de\\\/#organization\"},\"potentialAction\":[{\"@type\":\"SearchAction\",\"target\":{\"@type\":\"EntryPoint\",\"urlTemplate\":\"https:\\\/\\\/www.koonings.com\\\/de\\\/?s={search_term_string}\"},\"query-input\":{\"@type\":\"PropertyValueSpecification\",\"valueRequired\":true,\"valueName\":\"search_term_string\"}}],\"inLanguage\":\"de\"},{\"@type\":\"Organization\",\"@id\":\"https:\\\/\\\/www.koonings.com\\\/de\\\/#organization\",\"name\":\"Koonings\",\"url\":\"https:\\\/\\\/www.koonings.com\\\/de\\\/\",\"logo\":{\"@type\":\"ImageObject\",\"inLanguage\":\"de\",\"@id\":\"https:\\\/\\\/www.koonings.com\\\/de\\\/#\\\/schema\\\/logo\\\/image\\\/\",\"url\":\"https:\\\/\\\/www.koonings.com\\\/wp-content\\\/uploads\\\/2024\\\/07\\\/logo.png\",\"contentUrl\":\"https:\\\/\\\/www.koonings.com\\\/wp-content\\\/uploads\\\/2024\\\/07\\\/logo.png\",\"width\":600,\"height\":428,\"caption\":\"Koonings\"},\"image\":{\"@id\":\"https:\\\/\\\/www.koonings.com\\\/de\\\/#\\\/schema\\\/logo\\\/image\\\/\"},\"sameAs\":[\"https:\\\/\\\/www.facebook.com\\\/kooningstheweddingpalace\",\"https:\\\/\\\/www.instagram.com\\\/kooningstheweddingpalace\",\"https:\\\/\\\/www.pinterest.com\\\/koonings\",\"https:\\\/\\\/www.youtube.com\\\/kooningstheweddingpalace\"]}]}<\/script>\n<!-- \/ Yoast SEO plugin. -->","yoast_head_json":{"title":"Enzoani Blue Collection 66 | Koonings","description":"Dieses \u00fcppige Hochzeitskleid in A-Linie ist s\u00fc\u00df und \u00e4therisch. Es verf\u00fcgt \u00fcber einen V-Ausschnitt mit Illusion am Herzen auf einem wundersch\u00f6n schimmernden Spitzenmieder, kombiniert mit romantischen abnehmbaren Bischofs\u00e4rmeln aus transparentem T\u00fcll und schulterfreien Tr\u00e4gern mit 3D-Blumenstickerei. Skurrile Applikationen, die das Mieder im Korsettstil zieren, fallen sanft in den \u00fcppigen Rock. Dieses Kleid ist perfekt f\u00fcr die moderne Braut, die sich sowohl atemberaubende Details als auch einzigartige Vielseitigkeit w\u00fcnscht.","robots":{"index":"index","follow":"follow","max-snippet":"max-snippet:-1","max-image-preview":"max-image-preview:large","max-video-preview":"max-video-preview:-1"},"canonical":"https:\/\/www.koonings.com\/de\/product\/enzoani-blue-collection-66-2\/","og_locale":"de_DE","og_type":"article","og_title":"Enzoani Blue Collection 66 | Koonings","og_description":"Dieses \u00fcppige Hochzeitskleid in A-Linie ist s\u00fc\u00df und \u00e4therisch. Es verf\u00fcgt \u00fcber einen V-Ausschnitt mit Illusion am Herzen auf einem wundersch\u00f6n schimmernden Spitzenmieder, kombiniert mit romantischen abnehmbaren Bischofs\u00e4rmeln aus transparentem T\u00fcll und schulterfreien Tr\u00e4gern mit 3D-Blumenstickerei. Skurrile Applikationen, die das Mieder im Korsettstil zieren, fallen sanft in den \u00fcppigen Rock. Dieses Kleid ist perfekt f\u00fcr die moderne Braut, die sich sowohl atemberaubende Details als auch einzigartige Vielseitigkeit w\u00fcnscht.","og_url":"https:\/\/www.koonings.com\/de\/product\/enzoani-blue-collection-66-2\/","og_site_name":"Koonings","article_publisher":"https:\/\/www.facebook.com\/kooningstheweddingpalace","og_image":[{"width":300,"height":450,"url":"https:\/\/www.koonings.com\/wp-content\/uploads\/2024\/11\/37156_ec6d3284fc6e00f67c10c47be6d48de2cdda82850fee7cd398a8d38abd3f4bae5fe567db.jpeg","type":"image\/jpeg"}],"twitter_card":"summary_large_image","schema":{"@context":"https:\/\/schema.org","@graph":[{"@type":"WebPage","@id":"https:\/\/www.koonings.com\/de\/product\/enzoani-blue-collection-66-2\/","url":"https:\/\/www.koonings.com\/de\/product\/enzoani-blue-collection-66-2\/","name":"Enzoani Blue Collection 66 | Koonings","isPartOf":{"@id":"https:\/\/www.koonings.com\/de\/#website"},"primaryImageOfPage":{"@id":"https:\/\/www.koonings.com\/de\/product\/enzoani-blue-collection-66-2\/#primaryimage"},"image":{"@id":"https:\/\/www.koonings.com\/de\/product\/enzoani-blue-collection-66-2\/#primaryimage"},"thumbnailUrl":"https:\/\/www.koonings.com\/wp-content\/uploads\/2024\/11\/37156_ec6d3284fc6e00f67c10c47be6d48de2cdda82850fee7cd398a8d38abd3f4bae5fe567db.jpeg","datePublished":"2025-07-10T10:08:17+00:00","description":"Dieses \u00fcppige Hochzeitskleid in A-Linie ist s\u00fc\u00df und \u00e4therisch. Es verf\u00fcgt \u00fcber einen V-Ausschnitt mit Illusion am Herzen auf einem wundersch\u00f6n schimmernden Spitzenmieder, kombiniert mit romantischen abnehmbaren Bischofs\u00e4rmeln aus transparentem T\u00fcll und schulterfreien Tr\u00e4gern mit 3D-Blumenstickerei. Skurrile Applikationen, die das Mieder im Korsettstil zieren, fallen sanft in den \u00fcppigen Rock. Dieses Kleid ist perfekt f\u00fcr die moderne Braut, die sich sowohl atemberaubende Details als auch einzigartige Vielseitigkeit w\u00fcnscht.","breadcrumb":{"@id":"https:\/\/www.koonings.com\/de\/product\/enzoani-blue-collection-66-2\/#breadcrumb"},"inLanguage":"de","potentialAction":[{"@type":"ReadAction","target":["https:\/\/www.koonings.com\/de\/product\/enzoani-blue-collection-66-2\/"]}]},{"@type":"ImageObject","inLanguage":"de","@id":"https:\/\/www.koonings.com\/de\/product\/enzoani-blue-collection-66-2\/#primaryimage","url":"https:\/\/www.koonings.com\/wp-content\/uploads\/2024\/11\/37156_ec6d3284fc6e00f67c10c47be6d48de2cdda82850fee7cd398a8d38abd3f4bae5fe567db.jpeg","contentUrl":"https:\/\/www.koonings.com\/wp-content\/uploads\/2024\/11\/37156_ec6d3284fc6e00f67c10c47be6d48de2cdda82850fee7cd398a8d38abd3f4bae5fe567db.jpeg","width":300,"height":450},{"@type":"BreadcrumbList","@id":"https:\/\/www.koonings.com\/de\/product\/enzoani-blue-collection-66-2\/#breadcrumb","itemListElement":[{"@type":"ListItem","position":1,"name":"Home","item":"https:\/\/www.koonings.com\/de\/"},{"@type":"ListItem","position":2,"name":"Enzoani Blue Collection 66"}]},{"@type":"WebSite","@id":"https:\/\/www.koonings.com\/de\/#website","url":"https:\/\/www.koonings.com\/de\/","name":"Koonings","description":"De grootste bruidsmodewinkel ter wereld","publisher":{"@id":"https:\/\/www.koonings.com\/de\/#organization"},"potentialAction":[{"@type":"SearchAction","target":{"@type":"EntryPoint","urlTemplate":"https:\/\/www.koonings.com\/de\/?s={search_term_string}"},"query-input":{"@type":"PropertyValueSpecification","valueRequired":true,"valueName":"search_term_string"}}],"inLanguage":"de"},{"@type":"Organization","@id":"https:\/\/www.koonings.com\/de\/#organization","name":"Koonings","url":"https:\/\/www.koonings.com\/de\/","logo":{"@type":"ImageObject","inLanguage":"de","@id":"https:\/\/www.koonings.com\/de\/#\/schema\/logo\/image\/","url":"https:\/\/www.koonings.com\/wp-content\/uploads\/2024\/07\/logo.png","contentUrl":"https:\/\/www.koonings.com\/wp-content\/uploads\/2024\/07\/logo.png","width":600,"height":428,"caption":"Koonings"},"image":{"@id":"https:\/\/www.koonings.com\/de\/#\/schema\/logo\/image\/"},"sameAs":["https:\/\/www.facebook.com\/kooningstheweddingpalace","https:\/\/www.instagram.com\/kooningstheweddingpalace","https:\/\/www.pinterest.com\/koonings","https:\/\/www.youtube.com\/kooningstheweddingpalace"]}]}},"_links":{"self":[{"href":"https:\/\/www.koonings.com\/de\/wp-json\/wp\/v2\/product\/33166","targetHints":{"allow":["GET"]}}],"collection":[{"href":"https:\/\/www.koonings.com\/de\/wp-json\/wp\/v2\/product"}],"about":[{"href":"https:\/\/www.koonings.com\/de\/wp-json\/wp\/v2\/types\/product"}],"wp:featuredmedia":[{"embeddable":true,"href":"https:\/\/www.koonings.com\/de\/wp-json\/wp\/v2\/media\/28732"}],"wp:attachment":[{"href":"https:\/\/www.koonings.com\/de\/wp-json\/wp\/v2\/media?parent=33166"}],"wp:term":[{"taxonomy":"productdetails","embeddable":true,"href":"https:\/\/www.koonings.com\/de\/wp-json\/wp\/v2\/productdetails?post=33166"},{"taxonomy":"productneck","embeddable":true,"href":"https:\/\/www.koonings.com\/de\/wp-json\/wp\/v2\/productneck?post=33166"},{"taxonomy":"productcolor","embeddable":true,"href":"https:\/\/www.koonings.com\/de\/wp-json\/wp\/v2\/productcolor?post=33166"},{"taxonomy":"maat","embeddable":true,"href":"https:\/\/www.koonings.com\/de\/wp-json\/wp\/v2\/maat?post=33166"},{"taxonomy":"productsupplier","embeddable":true,"href":"https:\/\/www.koonings.com\/de\/wp-json\/wp\/v2\/productsupplier?post=33166"},{"taxonomy":"productsleeve","embeddable":true,"href":"https:\/\/www.koonings.com\/de\/wp-json\/wp\/v2\/productsleeve?post=33166"},{"taxonomy":"productcategory","embeddable":true,"href":"https:\/\/www.koonings.com\/de\/wp-json\/wp\/v2\/productcategory?post=33166"},{"taxonomy":"productsilhouette","embeddable":true,"href":"https:\/\/www.koonings.com\/de\/wp-json\/wp\/v2\/productsilhouette?post=33166"},{"taxonomy":"productstyle","embeddable":true,"href":"https:\/\/www.koonings.com\/de\/wp-json\/wp\/v2\/productstyle?post=33166"}],"curies":[{"name":"wp","href":"https:\/\/api.w.org\/{rel}","templated":true}]}}