{"id":33159,"date":"2025-12-15T00:08:46","date_gmt":"2025-12-14T23:08:46","guid":{"rendered":"https:\/\/www.koonings.com\/product\/marylise-cherie\/"},"modified":"2026-02-03T17:46:22","modified_gmt":"2026-02-03T16:46:22","slug":"marylise-cherie","status":"publish","type":"product","link":"https:\/\/www.koonings.com\/de\/product\/marylise-cherie\/","title":{"rendered":"Marylise Cherie"},"content":{"rendered":"<p>Ch\u00e9rie ist ein elegantes Kleid mit einem klassischen Spitzenoberteil und kleinen \u00d6ffnungen an der Taille. Das Oberteil hat einen runden Ausschnitt und einen offenen R\u00fccken mit kurzen \u00c4rmeln. Der Rock ist aus Cr\u00eape gefertigt und hat einen Schlitz an der Vorderseite.  <\/p>\n","protected":false},"featured_media":28707,"template":"","meta":{"_acf_changed":false,"ghostkit_customizer_options":"","ghostkit_custom_css":"","ghostkit_custom_js_head":"","ghostkit_custom_js_foot":"","ghostkit_typography":""},"productdetails":[],"productneck":[353],"productcolor":[392],"maat":[],"productsupplier":[410],"productsleeve":[361],"productcategory":[18],"productsilhouette":[389],"productstyle":[],"class_list":["post-33159","product","type-product","status-publish","has-post-thumbnail","hentry","productneck-353","productcolor-392","productsupplier-marylise","productsleeve-361","productcategory-trouwjurken","productsilhouette-389"],"acf":[],"yoast_head":"<!-- This site is optimized with the Yoast SEO plugin v27.3 - https:\/\/yoast.com\/product\/yoast-seo-wordpress\/ -->\n<title>Marylise Cherie | Koonings<\/title>\n<meta name=\"description\" content=\"Ch\u00e9rie ist ein elegantes Kleid mit einem klassischen Spitzenoberteil und kleinen \u00d6ffnungen an der Taille. Das Oberteil hat einen runden Ausschnitt und einen offenen R\u00fccken mit kurzen \u00c4rmeln. Der Rock ist aus Cr\u00eape gefertigt und hat einen Schlitz an der Vorderseite.\" \/>\n<meta name=\"robots\" content=\"index, follow, max-snippet:-1, max-image-preview:large, max-video-preview:-1\" \/>\n<link rel=\"canonical\" href=\"https:\/\/www.koonings.com\/de\/product\/marylise-cherie\/\" \/>\n<meta property=\"og:locale\" content=\"de_DE\" \/>\n<meta property=\"og:type\" content=\"article\" \/>\n<meta property=\"og:title\" content=\"Marylise Cherie | Koonings\" \/>\n<meta property=\"og:description\" content=\"Ch\u00e9rie ist ein elegantes Kleid mit einem klassischen Spitzenoberteil und kleinen \u00d6ffnungen an der Taille. Das Oberteil hat einen runden Ausschnitt und einen offenen R\u00fccken mit kurzen \u00c4rmeln. Der Rock ist aus Cr\u00eape gefertigt und hat einen Schlitz an der Vorderseite.\" \/>\n<meta property=\"og:url\" content=\"https:\/\/www.koonings.com\/de\/product\/marylise-cherie\/\" \/>\n<meta property=\"og:site_name\" content=\"Koonings\" \/>\n<meta property=\"article:publisher\" content=\"https:\/\/www.facebook.com\/kooningstheweddingpalace\" \/>\n<meta property=\"article:modified_time\" content=\"2026-02-03T16:46:22+00:00\" \/>\n<meta property=\"og:image\" content=\"https:\/\/www.koonings.com\/wp-content\/uploads\/2024\/11\/37151_137f20e87b2080265168b1bce898eaf6bed6d1ed39322fdae4acf71f2293ac5c59840bc4-scaled.jpeg\" \/>\n\t<meta property=\"og:image:width\" content=\"1811\" \/>\n\t<meta property=\"og:image:height\" content=\"2560\" \/>\n\t<meta property=\"og:image:type\" content=\"image\/jpeg\" \/>\n<meta name=\"twitter:card\" content=\"summary_large_image\" \/>\n<script type=\"application\/ld+json\" class=\"yoast-schema-graph\">{\"@context\":\"https:\\\/\\\/schema.org\",\"@graph\":[{\"@type\":\"WebPage\",\"@id\":\"https:\\\/\\\/www.koonings.com\\\/de\\\/product\\\/marylise-cherie\\\/\",\"url\":\"https:\\\/\\\/www.koonings.com\\\/de\\\/product\\\/marylise-cherie\\\/\",\"name\":\"Marylise Cherie | Koonings\",\"isPartOf\":{\"@id\":\"https:\\\/\\\/www.koonings.com\\\/de\\\/#website\"},\"primaryImageOfPage\":{\"@id\":\"https:\\\/\\\/www.koonings.com\\\/de\\\/product\\\/marylise-cherie\\\/#primaryimage\"},\"image\":{\"@id\":\"https:\\\/\\\/www.koonings.com\\\/de\\\/product\\\/marylise-cherie\\\/#primaryimage\"},\"thumbnailUrl\":\"https:\\\/\\\/www.koonings.com\\\/wp-content\\\/uploads\\\/2024\\\/11\\\/37151_137f20e87b2080265168b1bce898eaf6bed6d1ed39322fdae4acf71f2293ac5c59840bc4-scaled.jpeg\",\"datePublished\":\"2025-12-14T23:08:46+00:00\",\"dateModified\":\"2026-02-03T16:46:22+00:00\",\"description\":\"Ch\u00e9rie ist ein elegantes Kleid mit einem klassischen Spitzenoberteil und kleinen \u00d6ffnungen an der Taille. Das Oberteil hat einen runden Ausschnitt und einen offenen R\u00fccken mit kurzen \u00c4rmeln. Der Rock ist aus Cr\u00eape gefertigt und hat einen Schlitz an der Vorderseite.\",\"breadcrumb\":{\"@id\":\"https:\\\/\\\/www.koonings.com\\\/de\\\/product\\\/marylise-cherie\\\/#breadcrumb\"},\"inLanguage\":\"de\",\"potentialAction\":[{\"@type\":\"ReadAction\",\"target\":[\"https:\\\/\\\/www.koonings.com\\\/de\\\/product\\\/marylise-cherie\\\/\"]}]},{\"@type\":\"ImageObject\",\"inLanguage\":\"de\",\"@id\":\"https:\\\/\\\/www.koonings.com\\\/de\\\/product\\\/marylise-cherie\\\/#primaryimage\",\"url\":\"https:\\\/\\\/www.koonings.com\\\/wp-content\\\/uploads\\\/2024\\\/11\\\/37151_137f20e87b2080265168b1bce898eaf6bed6d1ed39322fdae4acf71f2293ac5c59840bc4-scaled.jpeg\",\"contentUrl\":\"https:\\\/\\\/www.koonings.com\\\/wp-content\\\/uploads\\\/2024\\\/11\\\/37151_137f20e87b2080265168b1bce898eaf6bed6d1ed39322fdae4acf71f2293ac5c59840bc4-scaled.jpeg\",\"width\":1811,\"height\":2560},{\"@type\":\"BreadcrumbList\",\"@id\":\"https:\\\/\\\/www.koonings.com\\\/de\\\/product\\\/marylise-cherie\\\/#breadcrumb\",\"itemListElement\":[{\"@type\":\"ListItem\",\"position\":1,\"name\":\"Home\",\"item\":\"https:\\\/\\\/www.koonings.com\\\/de\\\/\"},{\"@type\":\"ListItem\",\"position\":2,\"name\":\"Marylise Cherie\"}]},{\"@type\":\"WebSite\",\"@id\":\"https:\\\/\\\/www.koonings.com\\\/de\\\/#website\",\"url\":\"https:\\\/\\\/www.koonings.com\\\/de\\\/\",\"name\":\"Koonings\",\"description\":\"De grootste bruidsmodewinkel ter wereld\",\"publisher\":{\"@id\":\"https:\\\/\\\/www.koonings.com\\\/de\\\/#organization\"},\"potentialAction\":[{\"@type\":\"SearchAction\",\"target\":{\"@type\":\"EntryPoint\",\"urlTemplate\":\"https:\\\/\\\/www.koonings.com\\\/de\\\/?s={search_term_string}\"},\"query-input\":{\"@type\":\"PropertyValueSpecification\",\"valueRequired\":true,\"valueName\":\"search_term_string\"}}],\"inLanguage\":\"de\"},{\"@type\":\"Organization\",\"@id\":\"https:\\\/\\\/www.koonings.com\\\/de\\\/#organization\",\"name\":\"Koonings\",\"url\":\"https:\\\/\\\/www.koonings.com\\\/de\\\/\",\"logo\":{\"@type\":\"ImageObject\",\"inLanguage\":\"de\",\"@id\":\"https:\\\/\\\/www.koonings.com\\\/de\\\/#\\\/schema\\\/logo\\\/image\\\/\",\"url\":\"https:\\\/\\\/www.koonings.com\\\/wp-content\\\/uploads\\\/2024\\\/07\\\/logo.png\",\"contentUrl\":\"https:\\\/\\\/www.koonings.com\\\/wp-content\\\/uploads\\\/2024\\\/07\\\/logo.png\",\"width\":600,\"height\":428,\"caption\":\"Koonings\"},\"image\":{\"@id\":\"https:\\\/\\\/www.koonings.com\\\/de\\\/#\\\/schema\\\/logo\\\/image\\\/\"},\"sameAs\":[\"https:\\\/\\\/www.facebook.com\\\/kooningstheweddingpalace\",\"https:\\\/\\\/www.instagram.com\\\/kooningstheweddingpalace\",\"https:\\\/\\\/www.pinterest.com\\\/koonings\",\"https:\\\/\\\/www.youtube.com\\\/kooningstheweddingpalace\"]}]}<\/script>\n<!-- \/ Yoast SEO plugin. -->","yoast_head_json":{"title":"Marylise Cherie | Koonings","description":"Ch\u00e9rie ist ein elegantes Kleid mit einem klassischen Spitzenoberteil und kleinen \u00d6ffnungen an der Taille. Das Oberteil hat einen runden Ausschnitt und einen offenen R\u00fccken mit kurzen \u00c4rmeln. Der Rock ist aus Cr\u00eape gefertigt und hat einen Schlitz an der Vorderseite.","robots":{"index":"index","follow":"follow","max-snippet":"max-snippet:-1","max-image-preview":"max-image-preview:large","max-video-preview":"max-video-preview:-1"},"canonical":"https:\/\/www.koonings.com\/de\/product\/marylise-cherie\/","og_locale":"de_DE","og_type":"article","og_title":"Marylise Cherie | Koonings","og_description":"Ch\u00e9rie ist ein elegantes Kleid mit einem klassischen Spitzenoberteil und kleinen \u00d6ffnungen an der Taille. Das Oberteil hat einen runden Ausschnitt und einen offenen R\u00fccken mit kurzen \u00c4rmeln. Der Rock ist aus Cr\u00eape gefertigt und hat einen Schlitz an der Vorderseite.","og_url":"https:\/\/www.koonings.com\/de\/product\/marylise-cherie\/","og_site_name":"Koonings","article_publisher":"https:\/\/www.facebook.com\/kooningstheweddingpalace","article_modified_time":"2026-02-03T16:46:22+00:00","og_image":[{"width":1811,"height":2560,"url":"https:\/\/www.koonings.com\/wp-content\/uploads\/2024\/11\/37151_137f20e87b2080265168b1bce898eaf6bed6d1ed39322fdae4acf71f2293ac5c59840bc4-scaled.jpeg","type":"image\/jpeg"}],"twitter_card":"summary_large_image","schema":{"@context":"https:\/\/schema.org","@graph":[{"@type":"WebPage","@id":"https:\/\/www.koonings.com\/de\/product\/marylise-cherie\/","url":"https:\/\/www.koonings.com\/de\/product\/marylise-cherie\/","name":"Marylise Cherie | Koonings","isPartOf":{"@id":"https:\/\/www.koonings.com\/de\/#website"},"primaryImageOfPage":{"@id":"https:\/\/www.koonings.com\/de\/product\/marylise-cherie\/#primaryimage"},"image":{"@id":"https:\/\/www.koonings.com\/de\/product\/marylise-cherie\/#primaryimage"},"thumbnailUrl":"https:\/\/www.koonings.com\/wp-content\/uploads\/2024\/11\/37151_137f20e87b2080265168b1bce898eaf6bed6d1ed39322fdae4acf71f2293ac5c59840bc4-scaled.jpeg","datePublished":"2025-12-14T23:08:46+00:00","dateModified":"2026-02-03T16:46:22+00:00","description":"Ch\u00e9rie ist ein elegantes Kleid mit einem klassischen Spitzenoberteil und kleinen \u00d6ffnungen an der Taille. Das Oberteil hat einen runden Ausschnitt und einen offenen R\u00fccken mit kurzen \u00c4rmeln. Der Rock ist aus Cr\u00eape gefertigt und hat einen Schlitz an der Vorderseite.","breadcrumb":{"@id":"https:\/\/www.koonings.com\/de\/product\/marylise-cherie\/#breadcrumb"},"inLanguage":"de","potentialAction":[{"@type":"ReadAction","target":["https:\/\/www.koonings.com\/de\/product\/marylise-cherie\/"]}]},{"@type":"ImageObject","inLanguage":"de","@id":"https:\/\/www.koonings.com\/de\/product\/marylise-cherie\/#primaryimage","url":"https:\/\/www.koonings.com\/wp-content\/uploads\/2024\/11\/37151_137f20e87b2080265168b1bce898eaf6bed6d1ed39322fdae4acf71f2293ac5c59840bc4-scaled.jpeg","contentUrl":"https:\/\/www.koonings.com\/wp-content\/uploads\/2024\/11\/37151_137f20e87b2080265168b1bce898eaf6bed6d1ed39322fdae4acf71f2293ac5c59840bc4-scaled.jpeg","width":1811,"height":2560},{"@type":"BreadcrumbList","@id":"https:\/\/www.koonings.com\/de\/product\/marylise-cherie\/#breadcrumb","itemListElement":[{"@type":"ListItem","position":1,"name":"Home","item":"https:\/\/www.koonings.com\/de\/"},{"@type":"ListItem","position":2,"name":"Marylise Cherie"}]},{"@type":"WebSite","@id":"https:\/\/www.koonings.com\/de\/#website","url":"https:\/\/www.koonings.com\/de\/","name":"Koonings","description":"De grootste bruidsmodewinkel ter wereld","publisher":{"@id":"https:\/\/www.koonings.com\/de\/#organization"},"potentialAction":[{"@type":"SearchAction","target":{"@type":"EntryPoint","urlTemplate":"https:\/\/www.koonings.com\/de\/?s={search_term_string}"},"query-input":{"@type":"PropertyValueSpecification","valueRequired":true,"valueName":"search_term_string"}}],"inLanguage":"de"},{"@type":"Organization","@id":"https:\/\/www.koonings.com\/de\/#organization","name":"Koonings","url":"https:\/\/www.koonings.com\/de\/","logo":{"@type":"ImageObject","inLanguage":"de","@id":"https:\/\/www.koonings.com\/de\/#\/schema\/logo\/image\/","url":"https:\/\/www.koonings.com\/wp-content\/uploads\/2024\/07\/logo.png","contentUrl":"https:\/\/www.koonings.com\/wp-content\/uploads\/2024\/07\/logo.png","width":600,"height":428,"caption":"Koonings"},"image":{"@id":"https:\/\/www.koonings.com\/de\/#\/schema\/logo\/image\/"},"sameAs":["https:\/\/www.facebook.com\/kooningstheweddingpalace","https:\/\/www.instagram.com\/kooningstheweddingpalace","https:\/\/www.pinterest.com\/koonings","https:\/\/www.youtube.com\/kooningstheweddingpalace"]}]}},"_links":{"self":[{"href":"https:\/\/www.koonings.com\/de\/wp-json\/wp\/v2\/product\/33159","targetHints":{"allow":["GET"]}}],"collection":[{"href":"https:\/\/www.koonings.com\/de\/wp-json\/wp\/v2\/product"}],"about":[{"href":"https:\/\/www.koonings.com\/de\/wp-json\/wp\/v2\/types\/product"}],"wp:featuredmedia":[{"embeddable":true,"href":"https:\/\/www.koonings.com\/de\/wp-json\/wp\/v2\/media\/28707"}],"wp:attachment":[{"href":"https:\/\/www.koonings.com\/de\/wp-json\/wp\/v2\/media?parent=33159"}],"wp:term":[{"taxonomy":"productdetails","embeddable":true,"href":"https:\/\/www.koonings.com\/de\/wp-json\/wp\/v2\/productdetails?post=33159"},{"taxonomy":"productneck","embeddable":true,"href":"https:\/\/www.koonings.com\/de\/wp-json\/wp\/v2\/productneck?post=33159"},{"taxonomy":"productcolor","embeddable":true,"href":"https:\/\/www.koonings.com\/de\/wp-json\/wp\/v2\/productcolor?post=33159"},{"taxonomy":"maat","embeddable":true,"href":"https:\/\/www.koonings.com\/de\/wp-json\/wp\/v2\/maat?post=33159"},{"taxonomy":"productsupplier","embeddable":true,"href":"https:\/\/www.koonings.com\/de\/wp-json\/wp\/v2\/productsupplier?post=33159"},{"taxonomy":"productsleeve","embeddable":true,"href":"https:\/\/www.koonings.com\/de\/wp-json\/wp\/v2\/productsleeve?post=33159"},{"taxonomy":"productcategory","embeddable":true,"href":"https:\/\/www.koonings.com\/de\/wp-json\/wp\/v2\/productcategory?post=33159"},{"taxonomy":"productsilhouette","embeddable":true,"href":"https:\/\/www.koonings.com\/de\/wp-json\/wp\/v2\/productsilhouette?post=33159"},{"taxonomy":"productstyle","embeddable":true,"href":"https:\/\/www.koonings.com\/de\/wp-json\/wp\/v2\/productstyle?post=33159"}],"curies":[{"name":"wp","href":"https:\/\/api.w.org\/{rel}","templated":true}]}}