{"id":33073,"date":"2026-04-28T18:07:00","date_gmt":"2026-04-28T16:07:00","guid":{"rendered":"https:\/\/www.koonings.com\/product\/st-patrick-daria\/"},"modified":"2026-02-16T14:36:58","modified_gmt":"2026-02-16T13:36:58","slug":"st-patrick-daria","status":"publish","type":"product","link":"https:\/\/www.koonings.com\/de\/product\/st-patrick-daria\/","title":{"rendered":"St. Patrick Daria"},"content":{"rendered":"<p>Dieses Hochzeitskleid von House of St. Patrick ist beeindruckend. Das Kleid hat ein verf\u00fchrerisches Mieder aus Spitze und Pailletten, kombiniert mit einem beeindruckenden Rock aus Krepp, der mit einer wundersch\u00f6n verzierten Schleppe endet. Der V-Ausschnitt und der tief ausgeschnittene R\u00fccken betonen Ihre Weiblichkeit mit d\u00fcnnen, perlenbesetzten Tr\u00e4gern.   <\/p>\n","protected":false},"featured_media":28932,"template":"","meta":{"_acf_changed":false,"ghostkit_customizer_options":"","ghostkit_custom_css":"","ghostkit_custom_js_head":"","ghostkit_custom_js_foot":"","ghostkit_typography":""},"productdetails":[376],"productneck":[356],"productcolor":[392],"maat":[],"productsupplier":[415],"productsleeve":[359,363],"productcategory":[18],"productsilhouette":[387,390],"productstyle":[],"class_list":["post-33073","product","type-product","status-publish","has-post-thumbnail","hentry","productdetails-376","productneck-356","productcolor-392","productsupplier-st-patrick","productsleeve-359","productsleeve-363","productcategory-trouwjurken","productsilhouette-387","productsilhouette-390"],"acf":[],"yoast_head":"<!-- This site is optimized with the Yoast SEO plugin v27.3 - https:\/\/yoast.com\/product\/yoast-seo-wordpress\/ -->\n<title>St. Patrick Daria | Koonings<\/title>\n<meta name=\"description\" content=\"Dieses Hochzeitskleid von House of St. Patrick ist beeindruckend. Das Kleid hat ein verf\u00fchrerisches Mieder aus Spitze und Pailletten, kombiniert mit einem beeindruckenden Rock aus Krepp, der mit einer wundersch\u00f6n verzierten Schleppe endet. Der V-Ausschnitt und der tief ausgeschnittene R\u00fccken betonen Ihre Weiblichkeit mit d\u00fcnnen, perlenbesetzten Tr\u00e4gern.\" \/>\n<meta name=\"robots\" content=\"index, follow, max-snippet:-1, max-image-preview:large, max-video-preview:-1\" \/>\n<link rel=\"canonical\" href=\"https:\/\/www.koonings.com\/de\/product\/st-patrick-daria\/\" \/>\n<meta property=\"og:locale\" content=\"de_DE\" \/>\n<meta property=\"og:type\" content=\"article\" \/>\n<meta property=\"og:title\" content=\"St. Patrick Daria | Koonings\" \/>\n<meta property=\"og:description\" content=\"Dieses Hochzeitskleid von House of St. Patrick ist beeindruckend. Das Kleid hat ein verf\u00fchrerisches Mieder aus Spitze und Pailletten, kombiniert mit einem beeindruckenden Rock aus Krepp, der mit einer wundersch\u00f6n verzierten Schleppe endet. Der V-Ausschnitt und der tief ausgeschnittene R\u00fccken betonen Ihre Weiblichkeit mit d\u00fcnnen, perlenbesetzten Tr\u00e4gern.\" \/>\n<meta property=\"og:url\" content=\"https:\/\/www.koonings.com\/de\/product\/st-patrick-daria\/\" \/>\n<meta property=\"og:site_name\" content=\"Koonings\" \/>\n<meta property=\"article:publisher\" content=\"https:\/\/www.facebook.com\/kooningstheweddingpalace\" \/>\n<meta property=\"og:image\" content=\"https:\/\/www.koonings.com\/wp-content\/uploads\/2024\/11\/37199_c5ec9fb14bcbd93de9721d7296738d348868f559978b8c69ef5f418186feecdc73968c3f-scaled.jpeg\" \/>\n\t<meta property=\"og:image:width\" content=\"1810\" \/>\n\t<meta property=\"og:image:height\" content=\"2560\" \/>\n\t<meta property=\"og:image:type\" content=\"image\/jpeg\" \/>\n<meta name=\"twitter:card\" content=\"summary_large_image\" \/>\n<script type=\"application\/ld+json\" class=\"yoast-schema-graph\">{\"@context\":\"https:\\\/\\\/schema.org\",\"@graph\":[{\"@type\":\"WebPage\",\"@id\":\"https:\\\/\\\/www.koonings.com\\\/de\\\/product\\\/st-patrick-daria\\\/\",\"url\":\"https:\\\/\\\/www.koonings.com\\\/de\\\/product\\\/st-patrick-daria\\\/\",\"name\":\"St. Patrick Daria | Koonings\",\"isPartOf\":{\"@id\":\"https:\\\/\\\/www.koonings.com\\\/de\\\/#website\"},\"primaryImageOfPage\":{\"@id\":\"https:\\\/\\\/www.koonings.com\\\/de\\\/product\\\/st-patrick-daria\\\/#primaryimage\"},\"image\":{\"@id\":\"https:\\\/\\\/www.koonings.com\\\/de\\\/product\\\/st-patrick-daria\\\/#primaryimage\"},\"thumbnailUrl\":\"https:\\\/\\\/www.koonings.com\\\/wp-content\\\/uploads\\\/2024\\\/11\\\/37199_c5ec9fb14bcbd93de9721d7296738d348868f559978b8c69ef5f418186feecdc73968c3f-scaled.jpeg\",\"datePublished\":\"2026-04-28T16:07:00+00:00\",\"description\":\"Dieses Hochzeitskleid von House of St. Patrick ist beeindruckend. Das Kleid hat ein verf\u00fchrerisches Mieder aus Spitze und Pailletten, kombiniert mit einem beeindruckenden Rock aus Krepp, der mit einer wundersch\u00f6n verzierten Schleppe endet. Der V-Ausschnitt und der tief ausgeschnittene R\u00fccken betonen Ihre Weiblichkeit mit d\u00fcnnen, perlenbesetzten Tr\u00e4gern.\",\"breadcrumb\":{\"@id\":\"https:\\\/\\\/www.koonings.com\\\/de\\\/product\\\/st-patrick-daria\\\/#breadcrumb\"},\"inLanguage\":\"de\",\"potentialAction\":[{\"@type\":\"ReadAction\",\"target\":[\"https:\\\/\\\/www.koonings.com\\\/de\\\/product\\\/st-patrick-daria\\\/\"]}]},{\"@type\":\"ImageObject\",\"inLanguage\":\"de\",\"@id\":\"https:\\\/\\\/www.koonings.com\\\/de\\\/product\\\/st-patrick-daria\\\/#primaryimage\",\"url\":\"https:\\\/\\\/www.koonings.com\\\/wp-content\\\/uploads\\\/2024\\\/11\\\/37199_c5ec9fb14bcbd93de9721d7296738d348868f559978b8c69ef5f418186feecdc73968c3f-scaled.jpeg\",\"contentUrl\":\"https:\\\/\\\/www.koonings.com\\\/wp-content\\\/uploads\\\/2024\\\/11\\\/37199_c5ec9fb14bcbd93de9721d7296738d348868f559978b8c69ef5f418186feecdc73968c3f-scaled.jpeg\",\"width\":1810,\"height\":2560},{\"@type\":\"BreadcrumbList\",\"@id\":\"https:\\\/\\\/www.koonings.com\\\/de\\\/product\\\/st-patrick-daria\\\/#breadcrumb\",\"itemListElement\":[{\"@type\":\"ListItem\",\"position\":1,\"name\":\"Home\",\"item\":\"https:\\\/\\\/www.koonings.com\\\/de\\\/\"},{\"@type\":\"ListItem\",\"position\":2,\"name\":\"St. Patrick Daria\"}]},{\"@type\":\"WebSite\",\"@id\":\"https:\\\/\\\/www.koonings.com\\\/de\\\/#website\",\"url\":\"https:\\\/\\\/www.koonings.com\\\/de\\\/\",\"name\":\"Koonings\",\"description\":\"De grootste bruidsmodewinkel ter wereld\",\"publisher\":{\"@id\":\"https:\\\/\\\/www.koonings.com\\\/de\\\/#organization\"},\"potentialAction\":[{\"@type\":\"SearchAction\",\"target\":{\"@type\":\"EntryPoint\",\"urlTemplate\":\"https:\\\/\\\/www.koonings.com\\\/de\\\/?s={search_term_string}\"},\"query-input\":{\"@type\":\"PropertyValueSpecification\",\"valueRequired\":true,\"valueName\":\"search_term_string\"}}],\"inLanguage\":\"de\"},{\"@type\":\"Organization\",\"@id\":\"https:\\\/\\\/www.koonings.com\\\/de\\\/#organization\",\"name\":\"Koonings\",\"url\":\"https:\\\/\\\/www.koonings.com\\\/de\\\/\",\"logo\":{\"@type\":\"ImageObject\",\"inLanguage\":\"de\",\"@id\":\"https:\\\/\\\/www.koonings.com\\\/de\\\/#\\\/schema\\\/logo\\\/image\\\/\",\"url\":\"https:\\\/\\\/www.koonings.com\\\/wp-content\\\/uploads\\\/2024\\\/07\\\/logo.png\",\"contentUrl\":\"https:\\\/\\\/www.koonings.com\\\/wp-content\\\/uploads\\\/2024\\\/07\\\/logo.png\",\"width\":600,\"height\":428,\"caption\":\"Koonings\"},\"image\":{\"@id\":\"https:\\\/\\\/www.koonings.com\\\/de\\\/#\\\/schema\\\/logo\\\/image\\\/\"},\"sameAs\":[\"https:\\\/\\\/www.facebook.com\\\/kooningstheweddingpalace\",\"https:\\\/\\\/www.instagram.com\\\/kooningstheweddingpalace\",\"https:\\\/\\\/www.pinterest.com\\\/koonings\",\"https:\\\/\\\/www.youtube.com\\\/kooningstheweddingpalace\"]}]}<\/script>\n<!-- \/ Yoast SEO plugin. -->","yoast_head_json":{"title":"St. Patrick Daria | Koonings","description":"Dieses Hochzeitskleid von House of St. Patrick ist beeindruckend. Das Kleid hat ein verf\u00fchrerisches Mieder aus Spitze und Pailletten, kombiniert mit einem beeindruckenden Rock aus Krepp, der mit einer wundersch\u00f6n verzierten Schleppe endet. Der V-Ausschnitt und der tief ausgeschnittene R\u00fccken betonen Ihre Weiblichkeit mit d\u00fcnnen, perlenbesetzten Tr\u00e4gern.","robots":{"index":"index","follow":"follow","max-snippet":"max-snippet:-1","max-image-preview":"max-image-preview:large","max-video-preview":"max-video-preview:-1"},"canonical":"https:\/\/www.koonings.com\/de\/product\/st-patrick-daria\/","og_locale":"de_DE","og_type":"article","og_title":"St. Patrick Daria | Koonings","og_description":"Dieses Hochzeitskleid von House of St. Patrick ist beeindruckend. Das Kleid hat ein verf\u00fchrerisches Mieder aus Spitze und Pailletten, kombiniert mit einem beeindruckenden Rock aus Krepp, der mit einer wundersch\u00f6n verzierten Schleppe endet. Der V-Ausschnitt und der tief ausgeschnittene R\u00fccken betonen Ihre Weiblichkeit mit d\u00fcnnen, perlenbesetzten Tr\u00e4gern.","og_url":"https:\/\/www.koonings.com\/de\/product\/st-patrick-daria\/","og_site_name":"Koonings","article_publisher":"https:\/\/www.facebook.com\/kooningstheweddingpalace","og_image":[{"width":1810,"height":2560,"url":"https:\/\/www.koonings.com\/wp-content\/uploads\/2024\/11\/37199_c5ec9fb14bcbd93de9721d7296738d348868f559978b8c69ef5f418186feecdc73968c3f-scaled.jpeg","type":"image\/jpeg"}],"twitter_card":"summary_large_image","schema":{"@context":"https:\/\/schema.org","@graph":[{"@type":"WebPage","@id":"https:\/\/www.koonings.com\/de\/product\/st-patrick-daria\/","url":"https:\/\/www.koonings.com\/de\/product\/st-patrick-daria\/","name":"St. Patrick Daria | Koonings","isPartOf":{"@id":"https:\/\/www.koonings.com\/de\/#website"},"primaryImageOfPage":{"@id":"https:\/\/www.koonings.com\/de\/product\/st-patrick-daria\/#primaryimage"},"image":{"@id":"https:\/\/www.koonings.com\/de\/product\/st-patrick-daria\/#primaryimage"},"thumbnailUrl":"https:\/\/www.koonings.com\/wp-content\/uploads\/2024\/11\/37199_c5ec9fb14bcbd93de9721d7296738d348868f559978b8c69ef5f418186feecdc73968c3f-scaled.jpeg","datePublished":"2026-04-28T16:07:00+00:00","description":"Dieses Hochzeitskleid von House of St. Patrick ist beeindruckend. Das Kleid hat ein verf\u00fchrerisches Mieder aus Spitze und Pailletten, kombiniert mit einem beeindruckenden Rock aus Krepp, der mit einer wundersch\u00f6n verzierten Schleppe endet. Der V-Ausschnitt und der tief ausgeschnittene R\u00fccken betonen Ihre Weiblichkeit mit d\u00fcnnen, perlenbesetzten Tr\u00e4gern.","breadcrumb":{"@id":"https:\/\/www.koonings.com\/de\/product\/st-patrick-daria\/#breadcrumb"},"inLanguage":"de","potentialAction":[{"@type":"ReadAction","target":["https:\/\/www.koonings.com\/de\/product\/st-patrick-daria\/"]}]},{"@type":"ImageObject","inLanguage":"de","@id":"https:\/\/www.koonings.com\/de\/product\/st-patrick-daria\/#primaryimage","url":"https:\/\/www.koonings.com\/wp-content\/uploads\/2024\/11\/37199_c5ec9fb14bcbd93de9721d7296738d348868f559978b8c69ef5f418186feecdc73968c3f-scaled.jpeg","contentUrl":"https:\/\/www.koonings.com\/wp-content\/uploads\/2024\/11\/37199_c5ec9fb14bcbd93de9721d7296738d348868f559978b8c69ef5f418186feecdc73968c3f-scaled.jpeg","width":1810,"height":2560},{"@type":"BreadcrumbList","@id":"https:\/\/www.koonings.com\/de\/product\/st-patrick-daria\/#breadcrumb","itemListElement":[{"@type":"ListItem","position":1,"name":"Home","item":"https:\/\/www.koonings.com\/de\/"},{"@type":"ListItem","position":2,"name":"St. Patrick Daria"}]},{"@type":"WebSite","@id":"https:\/\/www.koonings.com\/de\/#website","url":"https:\/\/www.koonings.com\/de\/","name":"Koonings","description":"De grootste bruidsmodewinkel ter wereld","publisher":{"@id":"https:\/\/www.koonings.com\/de\/#organization"},"potentialAction":[{"@type":"SearchAction","target":{"@type":"EntryPoint","urlTemplate":"https:\/\/www.koonings.com\/de\/?s={search_term_string}"},"query-input":{"@type":"PropertyValueSpecification","valueRequired":true,"valueName":"search_term_string"}}],"inLanguage":"de"},{"@type":"Organization","@id":"https:\/\/www.koonings.com\/de\/#organization","name":"Koonings","url":"https:\/\/www.koonings.com\/de\/","logo":{"@type":"ImageObject","inLanguage":"de","@id":"https:\/\/www.koonings.com\/de\/#\/schema\/logo\/image\/","url":"https:\/\/www.koonings.com\/wp-content\/uploads\/2024\/07\/logo.png","contentUrl":"https:\/\/www.koonings.com\/wp-content\/uploads\/2024\/07\/logo.png","width":600,"height":428,"caption":"Koonings"},"image":{"@id":"https:\/\/www.koonings.com\/de\/#\/schema\/logo\/image\/"},"sameAs":["https:\/\/www.facebook.com\/kooningstheweddingpalace","https:\/\/www.instagram.com\/kooningstheweddingpalace","https:\/\/www.pinterest.com\/koonings","https:\/\/www.youtube.com\/kooningstheweddingpalace"]}]}},"_links":{"self":[{"href":"https:\/\/www.koonings.com\/de\/wp-json\/wp\/v2\/product\/33073","targetHints":{"allow":["GET"]}}],"collection":[{"href":"https:\/\/www.koonings.com\/de\/wp-json\/wp\/v2\/product"}],"about":[{"href":"https:\/\/www.koonings.com\/de\/wp-json\/wp\/v2\/types\/product"}],"wp:featuredmedia":[{"embeddable":true,"href":"https:\/\/www.koonings.com\/de\/wp-json\/wp\/v2\/media\/28932"}],"wp:attachment":[{"href":"https:\/\/www.koonings.com\/de\/wp-json\/wp\/v2\/media?parent=33073"}],"wp:term":[{"taxonomy":"productdetails","embeddable":true,"href":"https:\/\/www.koonings.com\/de\/wp-json\/wp\/v2\/productdetails?post=33073"},{"taxonomy":"productneck","embeddable":true,"href":"https:\/\/www.koonings.com\/de\/wp-json\/wp\/v2\/productneck?post=33073"},{"taxonomy":"productcolor","embeddable":true,"href":"https:\/\/www.koonings.com\/de\/wp-json\/wp\/v2\/productcolor?post=33073"},{"taxonomy":"maat","embeddable":true,"href":"https:\/\/www.koonings.com\/de\/wp-json\/wp\/v2\/maat?post=33073"},{"taxonomy":"productsupplier","embeddable":true,"href":"https:\/\/www.koonings.com\/de\/wp-json\/wp\/v2\/productsupplier?post=33073"},{"taxonomy":"productsleeve","embeddable":true,"href":"https:\/\/www.koonings.com\/de\/wp-json\/wp\/v2\/productsleeve?post=33073"},{"taxonomy":"productcategory","embeddable":true,"href":"https:\/\/www.koonings.com\/de\/wp-json\/wp\/v2\/productcategory?post=33073"},{"taxonomy":"productsilhouette","embeddable":true,"href":"https:\/\/www.koonings.com\/de\/wp-json\/wp\/v2\/productsilhouette?post=33073"},{"taxonomy":"productstyle","embeddable":true,"href":"https:\/\/www.koonings.com\/de\/wp-json\/wp\/v2\/productstyle?post=33073"}],"curies":[{"name":"wp","href":"https:\/\/api.w.org\/{rel}","templated":true}]}}