{"id":33027,"date":"2025-07-10T12:06:04","date_gmt":"2025-07-10T10:06:04","guid":{"rendered":"https:\/\/www.koonings.com\/product\/julia-kontogruni-72\/"},"modified":"2025-06-05T12:26:13","modified_gmt":"2025-06-05T10:26:13","slug":"julia-kontogruni-72","status":"publish","type":"product","link":"https:\/\/www.koonings.com\/de\/product\/julia-kontogruni-72\/","title":{"rendered":"Julia Kontogruni 72"},"content":{"rendered":"<p>&nbsp;Julia Kontogruni entwirft Hochzeitskleider mit Sinn f\u00fcr Stil und Eleganz. Bei diesem geschmeidig fallenden Modell stimmt einfach alles, wie das Spitzenmieder mit einem wundersch\u00f6n geformten Dekollet\u00e9, das schulterfrei ist, zusammen mit einem wundersch\u00f6n ger\u00fcschten T\u00fcllrock und einer superlangen Schleppe. Auch dem Illusionsr\u00fcckenteil mit dem besonderen Verschluss und den kleinen Blumen wurde viel Aufmerksamkeit gewidmet. Weitere raffinierte Details sind die Spitze, die an der Taille \u00fcber den Rock f\u00e4llt, und der hohe Seitenschlitz, so dass ein Bein beim Gehen sichtbar ist.   <\/p>\n","protected":false},"featured_media":26755,"template":"","meta":{"_acf_changed":false,"ghostkit_customizer_options":"","ghostkit_custom_css":"","ghostkit_custom_js_head":"","ghostkit_custom_js_foot":"","ghostkit_typography":""},"productdetails":[378,381],"productneck":[356],"productcolor":[392],"maat":[],"productsupplier":[409],"productsleeve":[359],"productcategory":[18],"productsilhouette":[389],"productstyle":[367,370],"class_list":["post-33027","product","type-product","status-publish","has-post-thumbnail","hentry","productdetails-378","productdetails-381","productneck-356","productcolor-392","productsupplier-julia-kontogruni","productsleeve-359","productcategory-trouwjurken","productsilhouette-389","productstyle-367","productstyle-370"],"acf":[],"yoast_head":"<!-- This site is optimized with the Yoast SEO plugin v27.3 - https:\/\/yoast.com\/product\/yoast-seo-wordpress\/ -->\n<title>Julia Kontogruni 72 | Koonings<\/title>\n<meta name=\"description\" content=\"\u00a0Julia Kontogruni entwirft Hochzeitskleider mit Sinn f\u00fcr Stil und Eleganz. Bei diesem geschmeidig fallenden Modell stimmt einfach alles, wie das Spitzenmieder mit einem wundersch\u00f6n geformten Dekollet\u00e9, das schulterfrei ist, zusammen mit einem wundersch\u00f6n ger\u00fcschten T\u00fcllrock und einer superlangen Schleppe. Auch dem Illusionsr\u00fcckenteil mit dem besonderen Verschluss und den kleinen Blumen wurde viel Aufmerksamkeit gewidmet. Weitere raffinierte Details sind die Spitze, die an der Taille \u00fcber den Rock f\u00e4llt, und der hohe Seitenschlitz, so dass ein Bein beim Gehen sichtbar ist.\" \/>\n<meta name=\"robots\" content=\"index, follow, max-snippet:-1, max-image-preview:large, max-video-preview:-1\" \/>\n<link rel=\"canonical\" href=\"https:\/\/www.koonings.com\/de\/product\/julia-kontogruni-72\/\" \/>\n<meta property=\"og:locale\" content=\"de_DE\" \/>\n<meta property=\"og:type\" content=\"article\" \/>\n<meta property=\"og:title\" content=\"Julia Kontogruni 72 | Koonings\" \/>\n<meta property=\"og:description\" content=\"\u00a0Julia Kontogruni entwirft Hochzeitskleider mit Sinn f\u00fcr Stil und Eleganz. Bei diesem geschmeidig fallenden Modell stimmt einfach alles, wie das Spitzenmieder mit einem wundersch\u00f6n geformten Dekollet\u00e9, das schulterfrei ist, zusammen mit einem wundersch\u00f6n ger\u00fcschten T\u00fcllrock und einer superlangen Schleppe. Auch dem Illusionsr\u00fcckenteil mit dem besonderen Verschluss und den kleinen Blumen wurde viel Aufmerksamkeit gewidmet. Weitere raffinierte Details sind die Spitze, die an der Taille \u00fcber den Rock f\u00e4llt, und der hohe Seitenschlitz, so dass ein Bein beim Gehen sichtbar ist.\" \/>\n<meta property=\"og:url\" content=\"https:\/\/www.koonings.com\/de\/product\/julia-kontogruni-72\/\" \/>\n<meta property=\"og:site_name\" content=\"Koonings\" \/>\n<meta property=\"article:publisher\" content=\"https:\/\/www.facebook.com\/kooningstheweddingpalace\" \/>\n<meta property=\"og:image\" content=\"https:\/\/www.koonings.com\/wp-content\/uploads\/2024\/11\/28339_355d9e983ec5bfeff3e711731fec21965783a4b21732cf7dcfe73458c0072cfaeb5372fb.jpeg\" \/>\n\t<meta property=\"og:image:width\" content=\"766\" \/>\n\t<meta property=\"og:image:height\" content=\"1081\" \/>\n\t<meta property=\"og:image:type\" content=\"image\/jpeg\" \/>\n<meta name=\"twitter:card\" content=\"summary_large_image\" \/>\n<script type=\"application\/ld+json\" class=\"yoast-schema-graph\">{\"@context\":\"https:\\\/\\\/schema.org\",\"@graph\":[{\"@type\":\"WebPage\",\"@id\":\"https:\\\/\\\/www.koonings.com\\\/de\\\/product\\\/julia-kontogruni-72\\\/\",\"url\":\"https:\\\/\\\/www.koonings.com\\\/de\\\/product\\\/julia-kontogruni-72\\\/\",\"name\":\"Julia Kontogruni 72 | Koonings\",\"isPartOf\":{\"@id\":\"https:\\\/\\\/www.koonings.com\\\/de\\\/#website\"},\"primaryImageOfPage\":{\"@id\":\"https:\\\/\\\/www.koonings.com\\\/de\\\/product\\\/julia-kontogruni-72\\\/#primaryimage\"},\"image\":{\"@id\":\"https:\\\/\\\/www.koonings.com\\\/de\\\/product\\\/julia-kontogruni-72\\\/#primaryimage\"},\"thumbnailUrl\":\"https:\\\/\\\/www.koonings.com\\\/wp-content\\\/uploads\\\/2024\\\/11\\\/28339_355d9e983ec5bfeff3e711731fec21965783a4b21732cf7dcfe73458c0072cfaeb5372fb.jpeg\",\"datePublished\":\"2025-07-10T10:06:04+00:00\",\"description\":\"\u00a0Julia Kontogruni entwirft Hochzeitskleider mit Sinn f\u00fcr Stil und Eleganz. Bei diesem geschmeidig fallenden Modell stimmt einfach alles, wie das Spitzenmieder mit einem wundersch\u00f6n geformten Dekollet\u00e9, das schulterfrei ist, zusammen mit einem wundersch\u00f6n ger\u00fcschten T\u00fcllrock und einer superlangen Schleppe. Auch dem Illusionsr\u00fcckenteil mit dem besonderen Verschluss und den kleinen Blumen wurde viel Aufmerksamkeit gewidmet. Weitere raffinierte Details sind die Spitze, die an der Taille \u00fcber den Rock f\u00e4llt, und der hohe Seitenschlitz, so dass ein Bein beim Gehen sichtbar ist.\",\"breadcrumb\":{\"@id\":\"https:\\\/\\\/www.koonings.com\\\/de\\\/product\\\/julia-kontogruni-72\\\/#breadcrumb\"},\"inLanguage\":\"de\",\"potentialAction\":[{\"@type\":\"ReadAction\",\"target\":[\"https:\\\/\\\/www.koonings.com\\\/de\\\/product\\\/julia-kontogruni-72\\\/\"]}]},{\"@type\":\"ImageObject\",\"inLanguage\":\"de\",\"@id\":\"https:\\\/\\\/www.koonings.com\\\/de\\\/product\\\/julia-kontogruni-72\\\/#primaryimage\",\"url\":\"https:\\\/\\\/www.koonings.com\\\/wp-content\\\/uploads\\\/2024\\\/11\\\/28339_355d9e983ec5bfeff3e711731fec21965783a4b21732cf7dcfe73458c0072cfaeb5372fb.jpeg\",\"contentUrl\":\"https:\\\/\\\/www.koonings.com\\\/wp-content\\\/uploads\\\/2024\\\/11\\\/28339_355d9e983ec5bfeff3e711731fec21965783a4b21732cf7dcfe73458c0072cfaeb5372fb.jpeg\",\"width\":766,\"height\":1081},{\"@type\":\"BreadcrumbList\",\"@id\":\"https:\\\/\\\/www.koonings.com\\\/de\\\/product\\\/julia-kontogruni-72\\\/#breadcrumb\",\"itemListElement\":[{\"@type\":\"ListItem\",\"position\":1,\"name\":\"Home\",\"item\":\"https:\\\/\\\/www.koonings.com\\\/de\\\/\"},{\"@type\":\"ListItem\",\"position\":2,\"name\":\"Julia Kontogruni 72\"}]},{\"@type\":\"WebSite\",\"@id\":\"https:\\\/\\\/www.koonings.com\\\/de\\\/#website\",\"url\":\"https:\\\/\\\/www.koonings.com\\\/de\\\/\",\"name\":\"Koonings\",\"description\":\"De grootste bruidsmodewinkel ter wereld\",\"publisher\":{\"@id\":\"https:\\\/\\\/www.koonings.com\\\/de\\\/#organization\"},\"potentialAction\":[{\"@type\":\"SearchAction\",\"target\":{\"@type\":\"EntryPoint\",\"urlTemplate\":\"https:\\\/\\\/www.koonings.com\\\/de\\\/?s={search_term_string}\"},\"query-input\":{\"@type\":\"PropertyValueSpecification\",\"valueRequired\":true,\"valueName\":\"search_term_string\"}}],\"inLanguage\":\"de\"},{\"@type\":\"Organization\",\"@id\":\"https:\\\/\\\/www.koonings.com\\\/de\\\/#organization\",\"name\":\"Koonings\",\"url\":\"https:\\\/\\\/www.koonings.com\\\/de\\\/\",\"logo\":{\"@type\":\"ImageObject\",\"inLanguage\":\"de\",\"@id\":\"https:\\\/\\\/www.koonings.com\\\/de\\\/#\\\/schema\\\/logo\\\/image\\\/\",\"url\":\"https:\\\/\\\/www.koonings.com\\\/wp-content\\\/uploads\\\/2024\\\/07\\\/logo.png\",\"contentUrl\":\"https:\\\/\\\/www.koonings.com\\\/wp-content\\\/uploads\\\/2024\\\/07\\\/logo.png\",\"width\":600,\"height\":428,\"caption\":\"Koonings\"},\"image\":{\"@id\":\"https:\\\/\\\/www.koonings.com\\\/de\\\/#\\\/schema\\\/logo\\\/image\\\/\"},\"sameAs\":[\"https:\\\/\\\/www.facebook.com\\\/kooningstheweddingpalace\",\"https:\\\/\\\/www.instagram.com\\\/kooningstheweddingpalace\",\"https:\\\/\\\/www.pinterest.com\\\/koonings\",\"https:\\\/\\\/www.youtube.com\\\/kooningstheweddingpalace\"]}]}<\/script>\n<!-- \/ Yoast SEO plugin. -->","yoast_head_json":{"title":"Julia Kontogruni 72 | Koonings","description":"\u00a0Julia Kontogruni entwirft Hochzeitskleider mit Sinn f\u00fcr Stil und Eleganz. Bei diesem geschmeidig fallenden Modell stimmt einfach alles, wie das Spitzenmieder mit einem wundersch\u00f6n geformten Dekollet\u00e9, das schulterfrei ist, zusammen mit einem wundersch\u00f6n ger\u00fcschten T\u00fcllrock und einer superlangen Schleppe. Auch dem Illusionsr\u00fcckenteil mit dem besonderen Verschluss und den kleinen Blumen wurde viel Aufmerksamkeit gewidmet. Weitere raffinierte Details sind die Spitze, die an der Taille \u00fcber den Rock f\u00e4llt, und der hohe Seitenschlitz, so dass ein Bein beim Gehen sichtbar ist.","robots":{"index":"index","follow":"follow","max-snippet":"max-snippet:-1","max-image-preview":"max-image-preview:large","max-video-preview":"max-video-preview:-1"},"canonical":"https:\/\/www.koonings.com\/de\/product\/julia-kontogruni-72\/","og_locale":"de_DE","og_type":"article","og_title":"Julia Kontogruni 72 | Koonings","og_description":"\u00a0Julia Kontogruni entwirft Hochzeitskleider mit Sinn f\u00fcr Stil und Eleganz. Bei diesem geschmeidig fallenden Modell stimmt einfach alles, wie das Spitzenmieder mit einem wundersch\u00f6n geformten Dekollet\u00e9, das schulterfrei ist, zusammen mit einem wundersch\u00f6n ger\u00fcschten T\u00fcllrock und einer superlangen Schleppe. Auch dem Illusionsr\u00fcckenteil mit dem besonderen Verschluss und den kleinen Blumen wurde viel Aufmerksamkeit gewidmet. Weitere raffinierte Details sind die Spitze, die an der Taille \u00fcber den Rock f\u00e4llt, und der hohe Seitenschlitz, so dass ein Bein beim Gehen sichtbar ist.","og_url":"https:\/\/www.koonings.com\/de\/product\/julia-kontogruni-72\/","og_site_name":"Koonings","article_publisher":"https:\/\/www.facebook.com\/kooningstheweddingpalace","og_image":[{"width":766,"height":1081,"url":"https:\/\/www.koonings.com\/wp-content\/uploads\/2024\/11\/28339_355d9e983ec5bfeff3e711731fec21965783a4b21732cf7dcfe73458c0072cfaeb5372fb.jpeg","type":"image\/jpeg"}],"twitter_card":"summary_large_image","schema":{"@context":"https:\/\/schema.org","@graph":[{"@type":"WebPage","@id":"https:\/\/www.koonings.com\/de\/product\/julia-kontogruni-72\/","url":"https:\/\/www.koonings.com\/de\/product\/julia-kontogruni-72\/","name":"Julia Kontogruni 72 | Koonings","isPartOf":{"@id":"https:\/\/www.koonings.com\/de\/#website"},"primaryImageOfPage":{"@id":"https:\/\/www.koonings.com\/de\/product\/julia-kontogruni-72\/#primaryimage"},"image":{"@id":"https:\/\/www.koonings.com\/de\/product\/julia-kontogruni-72\/#primaryimage"},"thumbnailUrl":"https:\/\/www.koonings.com\/wp-content\/uploads\/2024\/11\/28339_355d9e983ec5bfeff3e711731fec21965783a4b21732cf7dcfe73458c0072cfaeb5372fb.jpeg","datePublished":"2025-07-10T10:06:04+00:00","description":"\u00a0Julia Kontogruni entwirft Hochzeitskleider mit Sinn f\u00fcr Stil und Eleganz. Bei diesem geschmeidig fallenden Modell stimmt einfach alles, wie das Spitzenmieder mit einem wundersch\u00f6n geformten Dekollet\u00e9, das schulterfrei ist, zusammen mit einem wundersch\u00f6n ger\u00fcschten T\u00fcllrock und einer superlangen Schleppe. Auch dem Illusionsr\u00fcckenteil mit dem besonderen Verschluss und den kleinen Blumen wurde viel Aufmerksamkeit gewidmet. Weitere raffinierte Details sind die Spitze, die an der Taille \u00fcber den Rock f\u00e4llt, und der hohe Seitenschlitz, so dass ein Bein beim Gehen sichtbar ist.","breadcrumb":{"@id":"https:\/\/www.koonings.com\/de\/product\/julia-kontogruni-72\/#breadcrumb"},"inLanguage":"de","potentialAction":[{"@type":"ReadAction","target":["https:\/\/www.koonings.com\/de\/product\/julia-kontogruni-72\/"]}]},{"@type":"ImageObject","inLanguage":"de","@id":"https:\/\/www.koonings.com\/de\/product\/julia-kontogruni-72\/#primaryimage","url":"https:\/\/www.koonings.com\/wp-content\/uploads\/2024\/11\/28339_355d9e983ec5bfeff3e711731fec21965783a4b21732cf7dcfe73458c0072cfaeb5372fb.jpeg","contentUrl":"https:\/\/www.koonings.com\/wp-content\/uploads\/2024\/11\/28339_355d9e983ec5bfeff3e711731fec21965783a4b21732cf7dcfe73458c0072cfaeb5372fb.jpeg","width":766,"height":1081},{"@type":"BreadcrumbList","@id":"https:\/\/www.koonings.com\/de\/product\/julia-kontogruni-72\/#breadcrumb","itemListElement":[{"@type":"ListItem","position":1,"name":"Home","item":"https:\/\/www.koonings.com\/de\/"},{"@type":"ListItem","position":2,"name":"Julia Kontogruni 72"}]},{"@type":"WebSite","@id":"https:\/\/www.koonings.com\/de\/#website","url":"https:\/\/www.koonings.com\/de\/","name":"Koonings","description":"De grootste bruidsmodewinkel ter wereld","publisher":{"@id":"https:\/\/www.koonings.com\/de\/#organization"},"potentialAction":[{"@type":"SearchAction","target":{"@type":"EntryPoint","urlTemplate":"https:\/\/www.koonings.com\/de\/?s={search_term_string}"},"query-input":{"@type":"PropertyValueSpecification","valueRequired":true,"valueName":"search_term_string"}}],"inLanguage":"de"},{"@type":"Organization","@id":"https:\/\/www.koonings.com\/de\/#organization","name":"Koonings","url":"https:\/\/www.koonings.com\/de\/","logo":{"@type":"ImageObject","inLanguage":"de","@id":"https:\/\/www.koonings.com\/de\/#\/schema\/logo\/image\/","url":"https:\/\/www.koonings.com\/wp-content\/uploads\/2024\/07\/logo.png","contentUrl":"https:\/\/www.koonings.com\/wp-content\/uploads\/2024\/07\/logo.png","width":600,"height":428,"caption":"Koonings"},"image":{"@id":"https:\/\/www.koonings.com\/de\/#\/schema\/logo\/image\/"},"sameAs":["https:\/\/www.facebook.com\/kooningstheweddingpalace","https:\/\/www.instagram.com\/kooningstheweddingpalace","https:\/\/www.pinterest.com\/koonings","https:\/\/www.youtube.com\/kooningstheweddingpalace"]}]}},"_links":{"self":[{"href":"https:\/\/www.koonings.com\/de\/wp-json\/wp\/v2\/product\/33027","targetHints":{"allow":["GET"]}}],"collection":[{"href":"https:\/\/www.koonings.com\/de\/wp-json\/wp\/v2\/product"}],"about":[{"href":"https:\/\/www.koonings.com\/de\/wp-json\/wp\/v2\/types\/product"}],"wp:featuredmedia":[{"embeddable":true,"href":"https:\/\/www.koonings.com\/de\/wp-json\/wp\/v2\/media\/26755"}],"wp:attachment":[{"href":"https:\/\/www.koonings.com\/de\/wp-json\/wp\/v2\/media?parent=33027"}],"wp:term":[{"taxonomy":"productdetails","embeddable":true,"href":"https:\/\/www.koonings.com\/de\/wp-json\/wp\/v2\/productdetails?post=33027"},{"taxonomy":"productneck","embeddable":true,"href":"https:\/\/www.koonings.com\/de\/wp-json\/wp\/v2\/productneck?post=33027"},{"taxonomy":"productcolor","embeddable":true,"href":"https:\/\/www.koonings.com\/de\/wp-json\/wp\/v2\/productcolor?post=33027"},{"taxonomy":"maat","embeddable":true,"href":"https:\/\/www.koonings.com\/de\/wp-json\/wp\/v2\/maat?post=33027"},{"taxonomy":"productsupplier","embeddable":true,"href":"https:\/\/www.koonings.com\/de\/wp-json\/wp\/v2\/productsupplier?post=33027"},{"taxonomy":"productsleeve","embeddable":true,"href":"https:\/\/www.koonings.com\/de\/wp-json\/wp\/v2\/productsleeve?post=33027"},{"taxonomy":"productcategory","embeddable":true,"href":"https:\/\/www.koonings.com\/de\/wp-json\/wp\/v2\/productcategory?post=33027"},{"taxonomy":"productsilhouette","embeddable":true,"href":"https:\/\/www.koonings.com\/de\/wp-json\/wp\/v2\/productsilhouette?post=33027"},{"taxonomy":"productstyle","embeddable":true,"href":"https:\/\/www.koonings.com\/de\/wp-json\/wp\/v2\/productstyle?post=33027"}],"curies":[{"name":"wp","href":"https:\/\/api.w.org\/{rel}","templated":true}]}}