{"id":33021,"date":"2025-12-15T00:08:53","date_gmt":"2025-12-14T23:08:53","guid":{"rendered":"https:\/\/www.koonings.com\/product\/st-patrick-wilmot-st122aj1\/"},"modified":"2026-02-03T17:47:13","modified_gmt":"2026-02-03T16:47:13","slug":"st-patrick-wilmot-st122aj1","status":"publish","type":"product","link":"https:\/\/www.koonings.com\/de\/product\/st-patrick-wilmot-st122aj1\/","title":{"rendered":"St. Patrick Wilmot ST122AJ1"},"content":{"rendered":"<p>Wundersch\u00f6nes Meerjungfrauenkleid aus Cr\u00eape. Ein zeitloses Design, das die mit Spitze und Perlen verzierte Schleppe hervorhebt. Ein sehr feminines Design, das mit den langen, volumin\u00f6sen T\u00fcll\u00e4rmeln getragen werden kann, um ein romantisches Gef\u00fchl zu erzeugen.  <\/p>\n","protected":false},"featured_media":29016,"template":"","meta":{"_acf_changed":false,"ghostkit_customizer_options":"","ghostkit_custom_css":"","ghostkit_custom_js_head":"","ghostkit_custom_js_foot":"","ghostkit_typography":""},"productdetails":[380,376,383],"productneck":[356],"productcolor":[392],"maat":[],"productsupplier":[415],"productsleeve":[359],"productcategory":[18],"productsilhouette":[387,390],"productstyle":[],"class_list":["post-33021","product","type-product","status-publish","has-post-thumbnail","hentry","productdetails-380","productdetails-376","productdetails-383","productneck-356","productcolor-392","productsupplier-st-patrick","productsleeve-359","productcategory-trouwjurken","productsilhouette-387","productsilhouette-390"],"acf":[],"yoast_head":"<!-- This site is optimized with the Yoast SEO plugin v27.3 - https:\/\/yoast.com\/product\/yoast-seo-wordpress\/ -->\n<title>St. Patrick Wilmot ST122AJ1 | Koonings<\/title>\n<meta name=\"description\" content=\"Wundersch\u00f6nes Meerjungfrauenkleid aus Cr\u00eape. Ein zeitloses Design, das die mit Spitze und Perlen verzierte Schleppe hervorhebt. Ein sehr feminines Design, das mit den langen, volumin\u00f6sen T\u00fcll\u00e4rmeln getragen werden kann, um ein romantisches Gef\u00fchl zu erzeugen.\" \/>\n<meta name=\"robots\" content=\"index, follow, max-snippet:-1, max-image-preview:large, max-video-preview:-1\" \/>\n<link rel=\"canonical\" href=\"https:\/\/www.koonings.com\/de\/product\/st-patrick-wilmot-st122aj1\/\" \/>\n<meta property=\"og:locale\" content=\"de_DE\" \/>\n<meta property=\"og:type\" content=\"article\" \/>\n<meta property=\"og:title\" content=\"St. Patrick Wilmot ST122AJ1 | Koonings\" \/>\n<meta property=\"og:description\" content=\"Wundersch\u00f6nes Meerjungfrauenkleid aus Cr\u00eape. Ein zeitloses Design, das die mit Spitze und Perlen verzierte Schleppe hervorhebt. Ein sehr feminines Design, das mit den langen, volumin\u00f6sen T\u00fcll\u00e4rmeln getragen werden kann, um ein romantisches Gef\u00fchl zu erzeugen.\" \/>\n<meta property=\"og:url\" content=\"https:\/\/www.koonings.com\/de\/product\/st-patrick-wilmot-st122aj1\/\" \/>\n<meta property=\"og:site_name\" content=\"Koonings\" \/>\n<meta property=\"article:publisher\" content=\"https:\/\/www.facebook.com\/kooningstheweddingpalace\" \/>\n<meta property=\"article:modified_time\" content=\"2026-02-03T16:47:13+00:00\" \/>\n<meta property=\"og:image\" content=\"https:\/\/www.koonings.com\/wp-content\/uploads\/2024\/11\/37212_dd2440a5f82dabe992e2e8108f096af712bd5eb80291f8ca4042c561a07362660343fb59-scaled.jpeg\" \/>\n\t<meta property=\"og:image:width\" content=\"1810\" \/>\n\t<meta property=\"og:image:height\" content=\"2560\" \/>\n\t<meta property=\"og:image:type\" content=\"image\/jpeg\" \/>\n<meta name=\"twitter:card\" content=\"summary_large_image\" \/>\n<script type=\"application\/ld+json\" class=\"yoast-schema-graph\">{\"@context\":\"https:\\\/\\\/schema.org\",\"@graph\":[{\"@type\":\"WebPage\",\"@id\":\"https:\\\/\\\/www.koonings.com\\\/de\\\/product\\\/st-patrick-wilmot-st122aj1\\\/\",\"url\":\"https:\\\/\\\/www.koonings.com\\\/de\\\/product\\\/st-patrick-wilmot-st122aj1\\\/\",\"name\":\"St. Patrick Wilmot ST122AJ1 | Koonings\",\"isPartOf\":{\"@id\":\"https:\\\/\\\/www.koonings.com\\\/de\\\/#website\"},\"primaryImageOfPage\":{\"@id\":\"https:\\\/\\\/www.koonings.com\\\/de\\\/product\\\/st-patrick-wilmot-st122aj1\\\/#primaryimage\"},\"image\":{\"@id\":\"https:\\\/\\\/www.koonings.com\\\/de\\\/product\\\/st-patrick-wilmot-st122aj1\\\/#primaryimage\"},\"thumbnailUrl\":\"https:\\\/\\\/www.koonings.com\\\/wp-content\\\/uploads\\\/2024\\\/11\\\/37212_dd2440a5f82dabe992e2e8108f096af712bd5eb80291f8ca4042c561a07362660343fb59-scaled.jpeg\",\"datePublished\":\"2025-12-14T23:08:53+00:00\",\"dateModified\":\"2026-02-03T16:47:13+00:00\",\"description\":\"Wundersch\u00f6nes Meerjungfrauenkleid aus Cr\u00eape. Ein zeitloses Design, das die mit Spitze und Perlen verzierte Schleppe hervorhebt. Ein sehr feminines Design, das mit den langen, volumin\u00f6sen T\u00fcll\u00e4rmeln getragen werden kann, um ein romantisches Gef\u00fchl zu erzeugen.\",\"breadcrumb\":{\"@id\":\"https:\\\/\\\/www.koonings.com\\\/de\\\/product\\\/st-patrick-wilmot-st122aj1\\\/#breadcrumb\"},\"inLanguage\":\"de\",\"potentialAction\":[{\"@type\":\"ReadAction\",\"target\":[\"https:\\\/\\\/www.koonings.com\\\/de\\\/product\\\/st-patrick-wilmot-st122aj1\\\/\"]}]},{\"@type\":\"ImageObject\",\"inLanguage\":\"de\",\"@id\":\"https:\\\/\\\/www.koonings.com\\\/de\\\/product\\\/st-patrick-wilmot-st122aj1\\\/#primaryimage\",\"url\":\"https:\\\/\\\/www.koonings.com\\\/wp-content\\\/uploads\\\/2024\\\/11\\\/37212_dd2440a5f82dabe992e2e8108f096af712bd5eb80291f8ca4042c561a07362660343fb59-scaled.jpeg\",\"contentUrl\":\"https:\\\/\\\/www.koonings.com\\\/wp-content\\\/uploads\\\/2024\\\/11\\\/37212_dd2440a5f82dabe992e2e8108f096af712bd5eb80291f8ca4042c561a07362660343fb59-scaled.jpeg\",\"width\":1810,\"height\":2560},{\"@type\":\"BreadcrumbList\",\"@id\":\"https:\\\/\\\/www.koonings.com\\\/de\\\/product\\\/st-patrick-wilmot-st122aj1\\\/#breadcrumb\",\"itemListElement\":[{\"@type\":\"ListItem\",\"position\":1,\"name\":\"Home\",\"item\":\"https:\\\/\\\/www.koonings.com\\\/de\\\/\"},{\"@type\":\"ListItem\",\"position\":2,\"name\":\"St. Patrick Wilmot ST122AJ1\"}]},{\"@type\":\"WebSite\",\"@id\":\"https:\\\/\\\/www.koonings.com\\\/de\\\/#website\",\"url\":\"https:\\\/\\\/www.koonings.com\\\/de\\\/\",\"name\":\"Koonings\",\"description\":\"De grootste bruidsmodewinkel ter wereld\",\"publisher\":{\"@id\":\"https:\\\/\\\/www.koonings.com\\\/de\\\/#organization\"},\"potentialAction\":[{\"@type\":\"SearchAction\",\"target\":{\"@type\":\"EntryPoint\",\"urlTemplate\":\"https:\\\/\\\/www.koonings.com\\\/de\\\/?s={search_term_string}\"},\"query-input\":{\"@type\":\"PropertyValueSpecification\",\"valueRequired\":true,\"valueName\":\"search_term_string\"}}],\"inLanguage\":\"de\"},{\"@type\":\"Organization\",\"@id\":\"https:\\\/\\\/www.koonings.com\\\/de\\\/#organization\",\"name\":\"Koonings\",\"url\":\"https:\\\/\\\/www.koonings.com\\\/de\\\/\",\"logo\":{\"@type\":\"ImageObject\",\"inLanguage\":\"de\",\"@id\":\"https:\\\/\\\/www.koonings.com\\\/de\\\/#\\\/schema\\\/logo\\\/image\\\/\",\"url\":\"https:\\\/\\\/www.koonings.com\\\/wp-content\\\/uploads\\\/2024\\\/07\\\/logo.png\",\"contentUrl\":\"https:\\\/\\\/www.koonings.com\\\/wp-content\\\/uploads\\\/2024\\\/07\\\/logo.png\",\"width\":600,\"height\":428,\"caption\":\"Koonings\"},\"image\":{\"@id\":\"https:\\\/\\\/www.koonings.com\\\/de\\\/#\\\/schema\\\/logo\\\/image\\\/\"},\"sameAs\":[\"https:\\\/\\\/www.facebook.com\\\/kooningstheweddingpalace\",\"https:\\\/\\\/www.instagram.com\\\/kooningstheweddingpalace\",\"https:\\\/\\\/www.pinterest.com\\\/koonings\",\"https:\\\/\\\/www.youtube.com\\\/kooningstheweddingpalace\"]}]}<\/script>\n<!-- \/ Yoast SEO plugin. -->","yoast_head_json":{"title":"St. Patrick Wilmot ST122AJ1 | Koonings","description":"Wundersch\u00f6nes Meerjungfrauenkleid aus Cr\u00eape. Ein zeitloses Design, das die mit Spitze und Perlen verzierte Schleppe hervorhebt. Ein sehr feminines Design, das mit den langen, volumin\u00f6sen T\u00fcll\u00e4rmeln getragen werden kann, um ein romantisches Gef\u00fchl zu erzeugen.","robots":{"index":"index","follow":"follow","max-snippet":"max-snippet:-1","max-image-preview":"max-image-preview:large","max-video-preview":"max-video-preview:-1"},"canonical":"https:\/\/www.koonings.com\/de\/product\/st-patrick-wilmot-st122aj1\/","og_locale":"de_DE","og_type":"article","og_title":"St. Patrick Wilmot ST122AJ1 | Koonings","og_description":"Wundersch\u00f6nes Meerjungfrauenkleid aus Cr\u00eape. Ein zeitloses Design, das die mit Spitze und Perlen verzierte Schleppe hervorhebt. Ein sehr feminines Design, das mit den langen, volumin\u00f6sen T\u00fcll\u00e4rmeln getragen werden kann, um ein romantisches Gef\u00fchl zu erzeugen.","og_url":"https:\/\/www.koonings.com\/de\/product\/st-patrick-wilmot-st122aj1\/","og_site_name":"Koonings","article_publisher":"https:\/\/www.facebook.com\/kooningstheweddingpalace","article_modified_time":"2026-02-03T16:47:13+00:00","og_image":[{"width":1810,"height":2560,"url":"https:\/\/www.koonings.com\/wp-content\/uploads\/2024\/11\/37212_dd2440a5f82dabe992e2e8108f096af712bd5eb80291f8ca4042c561a07362660343fb59-scaled.jpeg","type":"image\/jpeg"}],"twitter_card":"summary_large_image","schema":{"@context":"https:\/\/schema.org","@graph":[{"@type":"WebPage","@id":"https:\/\/www.koonings.com\/de\/product\/st-patrick-wilmot-st122aj1\/","url":"https:\/\/www.koonings.com\/de\/product\/st-patrick-wilmot-st122aj1\/","name":"St. Patrick Wilmot ST122AJ1 | Koonings","isPartOf":{"@id":"https:\/\/www.koonings.com\/de\/#website"},"primaryImageOfPage":{"@id":"https:\/\/www.koonings.com\/de\/product\/st-patrick-wilmot-st122aj1\/#primaryimage"},"image":{"@id":"https:\/\/www.koonings.com\/de\/product\/st-patrick-wilmot-st122aj1\/#primaryimage"},"thumbnailUrl":"https:\/\/www.koonings.com\/wp-content\/uploads\/2024\/11\/37212_dd2440a5f82dabe992e2e8108f096af712bd5eb80291f8ca4042c561a07362660343fb59-scaled.jpeg","datePublished":"2025-12-14T23:08:53+00:00","dateModified":"2026-02-03T16:47:13+00:00","description":"Wundersch\u00f6nes Meerjungfrauenkleid aus Cr\u00eape. Ein zeitloses Design, das die mit Spitze und Perlen verzierte Schleppe hervorhebt. Ein sehr feminines Design, das mit den langen, volumin\u00f6sen T\u00fcll\u00e4rmeln getragen werden kann, um ein romantisches Gef\u00fchl zu erzeugen.","breadcrumb":{"@id":"https:\/\/www.koonings.com\/de\/product\/st-patrick-wilmot-st122aj1\/#breadcrumb"},"inLanguage":"de","potentialAction":[{"@type":"ReadAction","target":["https:\/\/www.koonings.com\/de\/product\/st-patrick-wilmot-st122aj1\/"]}]},{"@type":"ImageObject","inLanguage":"de","@id":"https:\/\/www.koonings.com\/de\/product\/st-patrick-wilmot-st122aj1\/#primaryimage","url":"https:\/\/www.koonings.com\/wp-content\/uploads\/2024\/11\/37212_dd2440a5f82dabe992e2e8108f096af712bd5eb80291f8ca4042c561a07362660343fb59-scaled.jpeg","contentUrl":"https:\/\/www.koonings.com\/wp-content\/uploads\/2024\/11\/37212_dd2440a5f82dabe992e2e8108f096af712bd5eb80291f8ca4042c561a07362660343fb59-scaled.jpeg","width":1810,"height":2560},{"@type":"BreadcrumbList","@id":"https:\/\/www.koonings.com\/de\/product\/st-patrick-wilmot-st122aj1\/#breadcrumb","itemListElement":[{"@type":"ListItem","position":1,"name":"Home","item":"https:\/\/www.koonings.com\/de\/"},{"@type":"ListItem","position":2,"name":"St. Patrick Wilmot ST122AJ1"}]},{"@type":"WebSite","@id":"https:\/\/www.koonings.com\/de\/#website","url":"https:\/\/www.koonings.com\/de\/","name":"Koonings","description":"De grootste bruidsmodewinkel ter wereld","publisher":{"@id":"https:\/\/www.koonings.com\/de\/#organization"},"potentialAction":[{"@type":"SearchAction","target":{"@type":"EntryPoint","urlTemplate":"https:\/\/www.koonings.com\/de\/?s={search_term_string}"},"query-input":{"@type":"PropertyValueSpecification","valueRequired":true,"valueName":"search_term_string"}}],"inLanguage":"de"},{"@type":"Organization","@id":"https:\/\/www.koonings.com\/de\/#organization","name":"Koonings","url":"https:\/\/www.koonings.com\/de\/","logo":{"@type":"ImageObject","inLanguage":"de","@id":"https:\/\/www.koonings.com\/de\/#\/schema\/logo\/image\/","url":"https:\/\/www.koonings.com\/wp-content\/uploads\/2024\/07\/logo.png","contentUrl":"https:\/\/www.koonings.com\/wp-content\/uploads\/2024\/07\/logo.png","width":600,"height":428,"caption":"Koonings"},"image":{"@id":"https:\/\/www.koonings.com\/de\/#\/schema\/logo\/image\/"},"sameAs":["https:\/\/www.facebook.com\/kooningstheweddingpalace","https:\/\/www.instagram.com\/kooningstheweddingpalace","https:\/\/www.pinterest.com\/koonings","https:\/\/www.youtube.com\/kooningstheweddingpalace"]}]}},"_links":{"self":[{"href":"https:\/\/www.koonings.com\/de\/wp-json\/wp\/v2\/product\/33021","targetHints":{"allow":["GET"]}}],"collection":[{"href":"https:\/\/www.koonings.com\/de\/wp-json\/wp\/v2\/product"}],"about":[{"href":"https:\/\/www.koonings.com\/de\/wp-json\/wp\/v2\/types\/product"}],"wp:featuredmedia":[{"embeddable":true,"href":"https:\/\/www.koonings.com\/de\/wp-json\/wp\/v2\/media\/29016"}],"wp:attachment":[{"href":"https:\/\/www.koonings.com\/de\/wp-json\/wp\/v2\/media?parent=33021"}],"wp:term":[{"taxonomy":"productdetails","embeddable":true,"href":"https:\/\/www.koonings.com\/de\/wp-json\/wp\/v2\/productdetails?post=33021"},{"taxonomy":"productneck","embeddable":true,"href":"https:\/\/www.koonings.com\/de\/wp-json\/wp\/v2\/productneck?post=33021"},{"taxonomy":"productcolor","embeddable":true,"href":"https:\/\/www.koonings.com\/de\/wp-json\/wp\/v2\/productcolor?post=33021"},{"taxonomy":"maat","embeddable":true,"href":"https:\/\/www.koonings.com\/de\/wp-json\/wp\/v2\/maat?post=33021"},{"taxonomy":"productsupplier","embeddable":true,"href":"https:\/\/www.koonings.com\/de\/wp-json\/wp\/v2\/productsupplier?post=33021"},{"taxonomy":"productsleeve","embeddable":true,"href":"https:\/\/www.koonings.com\/de\/wp-json\/wp\/v2\/productsleeve?post=33021"},{"taxonomy":"productcategory","embeddable":true,"href":"https:\/\/www.koonings.com\/de\/wp-json\/wp\/v2\/productcategory?post=33021"},{"taxonomy":"productsilhouette","embeddable":true,"href":"https:\/\/www.koonings.com\/de\/wp-json\/wp\/v2\/productsilhouette?post=33021"},{"taxonomy":"productstyle","embeddable":true,"href":"https:\/\/www.koonings.com\/de\/wp-json\/wp\/v2\/productstyle?post=33021"}],"curies":[{"name":"wp","href":"https:\/\/api.w.org\/{rel}","templated":true}]}}