{"id":33005,"date":"2025-12-15T00:08:56","date_gmt":"2025-12-14T23:08:56","guid":{"rendered":"https:\/\/www.koonings.com\/product\/white-one-by-st-patrick-highlight-w1123ay1\/"},"modified":"2026-02-03T17:47:46","modified_gmt":"2026-02-03T16:47:46","slug":"white-one-by-st-patrick-highlight-w1123ay1","status":"publish","type":"product","link":"https:\/\/www.koonings.com\/de\/product\/white-one-by-st-patrick-highlight-w1123ay1\/","title":{"rendered":"Wei\u00dfes von St. Patrick Highlight W1123AY1"},"content":{"rendered":"<p>Ein wirklich atemberaubendes A-Linien-Brautkleid aus Glitzert\u00fcll und Spitze. Die Taille ist hoch und f\u00e4llt leicht nach oben ab, wodurch eine l\u00e4ngere Silhouette entsteht. Unwiderstehliche Illusions\u00e4rmel und ein tiefer R\u00fcckenausschnitt vervollst\u00e4ndigen dieses romantische Kleid.  <\/p>\n","protected":false},"featured_media":29078,"template":"","meta":{"_acf_changed":false,"ghostkit_customizer_options":"","ghostkit_custom_css":"","ghostkit_custom_js_head":"","ghostkit_custom_js_foot":"","ghostkit_typography":""},"productdetails":[],"productneck":[356],"productcolor":[393,392],"maat":[],"productsupplier":[420],"productsleeve":[362],"productcategory":[18],"productsilhouette":[384],"productstyle":[],"class_list":["post-33005","product","type-product","status-publish","has-post-thumbnail","hentry","productneck-356","productcolor-393","productcolor-392","productsupplier-white-one-by-st-patrick","productsleeve-362","productcategory-trouwjurken","productsilhouette-384"],"acf":[],"yoast_head":"<!-- This site is optimized with the Yoast SEO plugin v27.3 - https:\/\/yoast.com\/product\/yoast-seo-wordpress\/ -->\n<title>Wei\u00dfes von St. Patrick Highlight W1123AY1 | Koonings<\/title>\n<meta name=\"description\" content=\"Ein wirklich atemberaubendes A-Linien-Brautkleid aus Glitzert\u00fcll und Spitze. Die Taille ist hoch und f\u00e4llt leicht nach oben ab, wodurch eine l\u00e4ngere Silhouette entsteht. Unwiderstehliche Illusions\u00e4rmel und ein tiefer R\u00fcckenausschnitt vervollst\u00e4ndigen dieses romantische Kleid.\" \/>\n<meta name=\"robots\" content=\"index, follow, max-snippet:-1, max-image-preview:large, max-video-preview:-1\" \/>\n<link rel=\"canonical\" href=\"https:\/\/www.koonings.com\/de\/product\/white-one-by-st-patrick-highlight-w1123ay1\/\" \/>\n<meta property=\"og:locale\" content=\"de_DE\" \/>\n<meta property=\"og:type\" content=\"article\" \/>\n<meta property=\"og:title\" content=\"Wei\u00dfes von St. Patrick Highlight W1123AY1 | Koonings\" \/>\n<meta property=\"og:description\" content=\"Ein wirklich atemberaubendes A-Linien-Brautkleid aus Glitzert\u00fcll und Spitze. Die Taille ist hoch und f\u00e4llt leicht nach oben ab, wodurch eine l\u00e4ngere Silhouette entsteht. Unwiderstehliche Illusions\u00e4rmel und ein tiefer R\u00fcckenausschnitt vervollst\u00e4ndigen dieses romantische Kleid.\" \/>\n<meta property=\"og:url\" content=\"https:\/\/www.koonings.com\/de\/product\/white-one-by-st-patrick-highlight-w1123ay1\/\" \/>\n<meta property=\"og:site_name\" content=\"Koonings\" \/>\n<meta property=\"article:publisher\" content=\"https:\/\/www.facebook.com\/kooningstheweddingpalace\" \/>\n<meta property=\"article:modified_time\" content=\"2026-02-03T16:47:46+00:00\" \/>\n<meta property=\"og:image\" content=\"https:\/\/www.koonings.com\/wp-content\/uploads\/2024\/11\/37259_6c35aba20f9b489f0d6f31fdb6ee2d913b9b05a3ff36000a132579383f1190d3312d2f66-scaled.jpeg\" \/>\n\t<meta property=\"og:image:width\" content=\"1810\" \/>\n\t<meta property=\"og:image:height\" content=\"2560\" \/>\n\t<meta property=\"og:image:type\" content=\"image\/jpeg\" \/>\n<meta name=\"twitter:card\" content=\"summary_large_image\" \/>\n<script type=\"application\/ld+json\" class=\"yoast-schema-graph\">{\"@context\":\"https:\\\/\\\/schema.org\",\"@graph\":[{\"@type\":\"WebPage\",\"@id\":\"https:\\\/\\\/www.koonings.com\\\/de\\\/product\\\/white-one-by-st-patrick-highlight-w1123ay1\\\/\",\"url\":\"https:\\\/\\\/www.koonings.com\\\/de\\\/product\\\/white-one-by-st-patrick-highlight-w1123ay1\\\/\",\"name\":\"Wei\u00dfes von St. Patrick Highlight W1123AY1 | Koonings\",\"isPartOf\":{\"@id\":\"https:\\\/\\\/www.koonings.com\\\/de\\\/#website\"},\"primaryImageOfPage\":{\"@id\":\"https:\\\/\\\/www.koonings.com\\\/de\\\/product\\\/white-one-by-st-patrick-highlight-w1123ay1\\\/#primaryimage\"},\"image\":{\"@id\":\"https:\\\/\\\/www.koonings.com\\\/de\\\/product\\\/white-one-by-st-patrick-highlight-w1123ay1\\\/#primaryimage\"},\"thumbnailUrl\":\"https:\\\/\\\/www.koonings.com\\\/wp-content\\\/uploads\\\/2024\\\/11\\\/37259_6c35aba20f9b489f0d6f31fdb6ee2d913b9b05a3ff36000a132579383f1190d3312d2f66-scaled.jpeg\",\"datePublished\":\"2025-12-14T23:08:56+00:00\",\"dateModified\":\"2026-02-03T16:47:46+00:00\",\"description\":\"Ein wirklich atemberaubendes A-Linien-Brautkleid aus Glitzert\u00fcll und Spitze. Die Taille ist hoch und f\u00e4llt leicht nach oben ab, wodurch eine l\u00e4ngere Silhouette entsteht. Unwiderstehliche Illusions\u00e4rmel und ein tiefer R\u00fcckenausschnitt vervollst\u00e4ndigen dieses romantische Kleid.\",\"breadcrumb\":{\"@id\":\"https:\\\/\\\/www.koonings.com\\\/de\\\/product\\\/white-one-by-st-patrick-highlight-w1123ay1\\\/#breadcrumb\"},\"inLanguage\":\"de\",\"potentialAction\":[{\"@type\":\"ReadAction\",\"target\":[\"https:\\\/\\\/www.koonings.com\\\/de\\\/product\\\/white-one-by-st-patrick-highlight-w1123ay1\\\/\"]}]},{\"@type\":\"ImageObject\",\"inLanguage\":\"de\",\"@id\":\"https:\\\/\\\/www.koonings.com\\\/de\\\/product\\\/white-one-by-st-patrick-highlight-w1123ay1\\\/#primaryimage\",\"url\":\"https:\\\/\\\/www.koonings.com\\\/wp-content\\\/uploads\\\/2024\\\/11\\\/37259_6c35aba20f9b489f0d6f31fdb6ee2d913b9b05a3ff36000a132579383f1190d3312d2f66-scaled.jpeg\",\"contentUrl\":\"https:\\\/\\\/www.koonings.com\\\/wp-content\\\/uploads\\\/2024\\\/11\\\/37259_6c35aba20f9b489f0d6f31fdb6ee2d913b9b05a3ff36000a132579383f1190d3312d2f66-scaled.jpeg\",\"width\":1810,\"height\":2560},{\"@type\":\"BreadcrumbList\",\"@id\":\"https:\\\/\\\/www.koonings.com\\\/de\\\/product\\\/white-one-by-st-patrick-highlight-w1123ay1\\\/#breadcrumb\",\"itemListElement\":[{\"@type\":\"ListItem\",\"position\":1,\"name\":\"Home\",\"item\":\"https:\\\/\\\/www.koonings.com\\\/de\\\/\"},{\"@type\":\"ListItem\",\"position\":2,\"name\":\"Wei\u00dfes von St. Patrick Highlight W1123AY1\"}]},{\"@type\":\"WebSite\",\"@id\":\"https:\\\/\\\/www.koonings.com\\\/de\\\/#website\",\"url\":\"https:\\\/\\\/www.koonings.com\\\/de\\\/\",\"name\":\"Koonings\",\"description\":\"De grootste bruidsmodewinkel ter wereld\",\"publisher\":{\"@id\":\"https:\\\/\\\/www.koonings.com\\\/de\\\/#organization\"},\"potentialAction\":[{\"@type\":\"SearchAction\",\"target\":{\"@type\":\"EntryPoint\",\"urlTemplate\":\"https:\\\/\\\/www.koonings.com\\\/de\\\/?s={search_term_string}\"},\"query-input\":{\"@type\":\"PropertyValueSpecification\",\"valueRequired\":true,\"valueName\":\"search_term_string\"}}],\"inLanguage\":\"de\"},{\"@type\":\"Organization\",\"@id\":\"https:\\\/\\\/www.koonings.com\\\/de\\\/#organization\",\"name\":\"Koonings\",\"url\":\"https:\\\/\\\/www.koonings.com\\\/de\\\/\",\"logo\":{\"@type\":\"ImageObject\",\"inLanguage\":\"de\",\"@id\":\"https:\\\/\\\/www.koonings.com\\\/de\\\/#\\\/schema\\\/logo\\\/image\\\/\",\"url\":\"https:\\\/\\\/www.koonings.com\\\/wp-content\\\/uploads\\\/2024\\\/07\\\/logo.png\",\"contentUrl\":\"https:\\\/\\\/www.koonings.com\\\/wp-content\\\/uploads\\\/2024\\\/07\\\/logo.png\",\"width\":600,\"height\":428,\"caption\":\"Koonings\"},\"image\":{\"@id\":\"https:\\\/\\\/www.koonings.com\\\/de\\\/#\\\/schema\\\/logo\\\/image\\\/\"},\"sameAs\":[\"https:\\\/\\\/www.facebook.com\\\/kooningstheweddingpalace\",\"https:\\\/\\\/www.instagram.com\\\/kooningstheweddingpalace\",\"https:\\\/\\\/www.pinterest.com\\\/koonings\",\"https:\\\/\\\/www.youtube.com\\\/kooningstheweddingpalace\"]}]}<\/script>\n<!-- \/ Yoast SEO plugin. -->","yoast_head_json":{"title":"Wei\u00dfes von St. Patrick Highlight W1123AY1 | Koonings","description":"Ein wirklich atemberaubendes A-Linien-Brautkleid aus Glitzert\u00fcll und Spitze. Die Taille ist hoch und f\u00e4llt leicht nach oben ab, wodurch eine l\u00e4ngere Silhouette entsteht. Unwiderstehliche Illusions\u00e4rmel und ein tiefer R\u00fcckenausschnitt vervollst\u00e4ndigen dieses romantische Kleid.","robots":{"index":"index","follow":"follow","max-snippet":"max-snippet:-1","max-image-preview":"max-image-preview:large","max-video-preview":"max-video-preview:-1"},"canonical":"https:\/\/www.koonings.com\/de\/product\/white-one-by-st-patrick-highlight-w1123ay1\/","og_locale":"de_DE","og_type":"article","og_title":"Wei\u00dfes von St. Patrick Highlight W1123AY1 | Koonings","og_description":"Ein wirklich atemberaubendes A-Linien-Brautkleid aus Glitzert\u00fcll und Spitze. Die Taille ist hoch und f\u00e4llt leicht nach oben ab, wodurch eine l\u00e4ngere Silhouette entsteht. Unwiderstehliche Illusions\u00e4rmel und ein tiefer R\u00fcckenausschnitt vervollst\u00e4ndigen dieses romantische Kleid.","og_url":"https:\/\/www.koonings.com\/de\/product\/white-one-by-st-patrick-highlight-w1123ay1\/","og_site_name":"Koonings","article_publisher":"https:\/\/www.facebook.com\/kooningstheweddingpalace","article_modified_time":"2026-02-03T16:47:46+00:00","og_image":[{"width":1810,"height":2560,"url":"https:\/\/www.koonings.com\/wp-content\/uploads\/2024\/11\/37259_6c35aba20f9b489f0d6f31fdb6ee2d913b9b05a3ff36000a132579383f1190d3312d2f66-scaled.jpeg","type":"image\/jpeg"}],"twitter_card":"summary_large_image","schema":{"@context":"https:\/\/schema.org","@graph":[{"@type":"WebPage","@id":"https:\/\/www.koonings.com\/de\/product\/white-one-by-st-patrick-highlight-w1123ay1\/","url":"https:\/\/www.koonings.com\/de\/product\/white-one-by-st-patrick-highlight-w1123ay1\/","name":"Wei\u00dfes von St. Patrick Highlight W1123AY1 | Koonings","isPartOf":{"@id":"https:\/\/www.koonings.com\/de\/#website"},"primaryImageOfPage":{"@id":"https:\/\/www.koonings.com\/de\/product\/white-one-by-st-patrick-highlight-w1123ay1\/#primaryimage"},"image":{"@id":"https:\/\/www.koonings.com\/de\/product\/white-one-by-st-patrick-highlight-w1123ay1\/#primaryimage"},"thumbnailUrl":"https:\/\/www.koonings.com\/wp-content\/uploads\/2024\/11\/37259_6c35aba20f9b489f0d6f31fdb6ee2d913b9b05a3ff36000a132579383f1190d3312d2f66-scaled.jpeg","datePublished":"2025-12-14T23:08:56+00:00","dateModified":"2026-02-03T16:47:46+00:00","description":"Ein wirklich atemberaubendes A-Linien-Brautkleid aus Glitzert\u00fcll und Spitze. Die Taille ist hoch und f\u00e4llt leicht nach oben ab, wodurch eine l\u00e4ngere Silhouette entsteht. Unwiderstehliche Illusions\u00e4rmel und ein tiefer R\u00fcckenausschnitt vervollst\u00e4ndigen dieses romantische Kleid.","breadcrumb":{"@id":"https:\/\/www.koonings.com\/de\/product\/white-one-by-st-patrick-highlight-w1123ay1\/#breadcrumb"},"inLanguage":"de","potentialAction":[{"@type":"ReadAction","target":["https:\/\/www.koonings.com\/de\/product\/white-one-by-st-patrick-highlight-w1123ay1\/"]}]},{"@type":"ImageObject","inLanguage":"de","@id":"https:\/\/www.koonings.com\/de\/product\/white-one-by-st-patrick-highlight-w1123ay1\/#primaryimage","url":"https:\/\/www.koonings.com\/wp-content\/uploads\/2024\/11\/37259_6c35aba20f9b489f0d6f31fdb6ee2d913b9b05a3ff36000a132579383f1190d3312d2f66-scaled.jpeg","contentUrl":"https:\/\/www.koonings.com\/wp-content\/uploads\/2024\/11\/37259_6c35aba20f9b489f0d6f31fdb6ee2d913b9b05a3ff36000a132579383f1190d3312d2f66-scaled.jpeg","width":1810,"height":2560},{"@type":"BreadcrumbList","@id":"https:\/\/www.koonings.com\/de\/product\/white-one-by-st-patrick-highlight-w1123ay1\/#breadcrumb","itemListElement":[{"@type":"ListItem","position":1,"name":"Home","item":"https:\/\/www.koonings.com\/de\/"},{"@type":"ListItem","position":2,"name":"Wei\u00dfes von St. Patrick Highlight W1123AY1"}]},{"@type":"WebSite","@id":"https:\/\/www.koonings.com\/de\/#website","url":"https:\/\/www.koonings.com\/de\/","name":"Koonings","description":"De grootste bruidsmodewinkel ter wereld","publisher":{"@id":"https:\/\/www.koonings.com\/de\/#organization"},"potentialAction":[{"@type":"SearchAction","target":{"@type":"EntryPoint","urlTemplate":"https:\/\/www.koonings.com\/de\/?s={search_term_string}"},"query-input":{"@type":"PropertyValueSpecification","valueRequired":true,"valueName":"search_term_string"}}],"inLanguage":"de"},{"@type":"Organization","@id":"https:\/\/www.koonings.com\/de\/#organization","name":"Koonings","url":"https:\/\/www.koonings.com\/de\/","logo":{"@type":"ImageObject","inLanguage":"de","@id":"https:\/\/www.koonings.com\/de\/#\/schema\/logo\/image\/","url":"https:\/\/www.koonings.com\/wp-content\/uploads\/2024\/07\/logo.png","contentUrl":"https:\/\/www.koonings.com\/wp-content\/uploads\/2024\/07\/logo.png","width":600,"height":428,"caption":"Koonings"},"image":{"@id":"https:\/\/www.koonings.com\/de\/#\/schema\/logo\/image\/"},"sameAs":["https:\/\/www.facebook.com\/kooningstheweddingpalace","https:\/\/www.instagram.com\/kooningstheweddingpalace","https:\/\/www.pinterest.com\/koonings","https:\/\/www.youtube.com\/kooningstheweddingpalace"]}]}},"_links":{"self":[{"href":"https:\/\/www.koonings.com\/de\/wp-json\/wp\/v2\/product\/33005","targetHints":{"allow":["GET"]}}],"collection":[{"href":"https:\/\/www.koonings.com\/de\/wp-json\/wp\/v2\/product"}],"about":[{"href":"https:\/\/www.koonings.com\/de\/wp-json\/wp\/v2\/types\/product"}],"wp:featuredmedia":[{"embeddable":true,"href":"https:\/\/www.koonings.com\/de\/wp-json\/wp\/v2\/media\/29078"}],"wp:attachment":[{"href":"https:\/\/www.koonings.com\/de\/wp-json\/wp\/v2\/media?parent=33005"}],"wp:term":[{"taxonomy":"productdetails","embeddable":true,"href":"https:\/\/www.koonings.com\/de\/wp-json\/wp\/v2\/productdetails?post=33005"},{"taxonomy":"productneck","embeddable":true,"href":"https:\/\/www.koonings.com\/de\/wp-json\/wp\/v2\/productneck?post=33005"},{"taxonomy":"productcolor","embeddable":true,"href":"https:\/\/www.koonings.com\/de\/wp-json\/wp\/v2\/productcolor?post=33005"},{"taxonomy":"maat","embeddable":true,"href":"https:\/\/www.koonings.com\/de\/wp-json\/wp\/v2\/maat?post=33005"},{"taxonomy":"productsupplier","embeddable":true,"href":"https:\/\/www.koonings.com\/de\/wp-json\/wp\/v2\/productsupplier?post=33005"},{"taxonomy":"productsleeve","embeddable":true,"href":"https:\/\/www.koonings.com\/de\/wp-json\/wp\/v2\/productsleeve?post=33005"},{"taxonomy":"productcategory","embeddable":true,"href":"https:\/\/www.koonings.com\/de\/wp-json\/wp\/v2\/productcategory?post=33005"},{"taxonomy":"productsilhouette","embeddable":true,"href":"https:\/\/www.koonings.com\/de\/wp-json\/wp\/v2\/productsilhouette?post=33005"},{"taxonomy":"productstyle","embeddable":true,"href":"https:\/\/www.koonings.com\/de\/wp-json\/wp\/v2\/productstyle?post=33005"}],"curies":[{"name":"wp","href":"https:\/\/api.w.org\/{rel}","templated":true}]}}