{"id":32985,"date":"2025-12-15T00:08:58","date_gmt":"2025-12-14T23:08:58","guid":{"rendered":"https:\/\/www.koonings.com\/product\/pronovias-privee-orlanda\/"},"modified":"2026-02-03T17:48:04","modified_gmt":"2026-02-03T16:48:04","slug":"pronovias-privee-orlanda","status":"publish","type":"product","link":"https:\/\/www.koonings.com\/de\/product\/pronovias-privee-orlanda\/","title":{"rendered":"Pronovias Privee Orlanda"},"content":{"rendered":"<p>Ein jugendliches und glamour\u00f6ses Hochzeitskleid, bei dem das Design durch die gro\u00dfen Stickereien und Perlen auf dem Stoff bestimmt wird. Das tief ausgeschnittene Dekollet\u00e9 und die seitlichen Ausschnitte machen das Kleid sehr sexy. Ein Kleid, das m\u00fchelos von der Zeremonie zur Afterparty \u00fcbergeht.  <\/p>\n","protected":false},"featured_media":29143,"template":"","meta":{"_acf_changed":false,"ghostkit_customizer_options":"","ghostkit_custom_css":"","ghostkit_custom_js_head":"","ghostkit_custom_js_foot":"","ghostkit_typography":""},"productdetails":[],"productneck":[356],"productcolor":[393,392],"maat":[],"productsupplier":[438],"productsleeve":[359],"productcategory":[18],"productsilhouette":[388],"productstyle":[366],"class_list":["post-32985","product","type-product","status-publish","has-post-thumbnail","hentry","productneck-356","productcolor-393","productcolor-392","productsupplier-pronovias-privee","productsleeve-359","productcategory-trouwjurken","productsilhouette-388","productstyle-366"],"acf":[],"yoast_head":"<!-- This site is optimized with the Yoast SEO plugin v27.3 - https:\/\/yoast.com\/product\/yoast-seo-wordpress\/ -->\n<title>Pronovias Privee Orlanda | Koonings<\/title>\n<meta name=\"description\" content=\"Ein jugendliches und glamour\u00f6ses Hochzeitskleid, bei dem das Design durch die gro\u00dfen Stickereien und Perlen auf dem Stoff bestimmt wird. Das tief ausgeschnittene Dekollet\u00e9 und die seitlichen Ausschnitte machen das Kleid sehr sexy. Ein Kleid, das m\u00fchelos von der Zeremonie zur Afterparty \u00fcbergeht.\" \/>\n<meta name=\"robots\" content=\"index, follow, max-snippet:-1, max-image-preview:large, max-video-preview:-1\" \/>\n<link rel=\"canonical\" href=\"https:\/\/www.koonings.com\/de\/product\/pronovias-privee-orlanda\/\" \/>\n<meta property=\"og:locale\" content=\"de_DE\" \/>\n<meta property=\"og:type\" content=\"article\" \/>\n<meta property=\"og:title\" content=\"Pronovias Privee Orlanda | Koonings\" \/>\n<meta property=\"og:description\" content=\"Ein jugendliches und glamour\u00f6ses Hochzeitskleid, bei dem das Design durch die gro\u00dfen Stickereien und Perlen auf dem Stoff bestimmt wird. Das tief ausgeschnittene Dekollet\u00e9 und die seitlichen Ausschnitte machen das Kleid sehr sexy. Ein Kleid, das m\u00fchelos von der Zeremonie zur Afterparty \u00fcbergeht.\" \/>\n<meta property=\"og:url\" content=\"https:\/\/www.koonings.com\/de\/product\/pronovias-privee-orlanda\/\" \/>\n<meta property=\"og:site_name\" content=\"Koonings\" \/>\n<meta property=\"article:publisher\" content=\"https:\/\/www.facebook.com\/kooningstheweddingpalace\" \/>\n<meta property=\"article:modified_time\" content=\"2026-02-03T16:48:04+00:00\" \/>\n<meta property=\"og:image\" content=\"https:\/\/www.koonings.com\/wp-content\/uploads\/2024\/11\/37327_facdb13b2891e52a6bfa57588f97b0c1b87ba809e8456dcdc76398a7543523e9d56c5851-scaled.jpeg\" \/>\n\t<meta property=\"og:image:width\" content=\"1807\" \/>\n\t<meta property=\"og:image:height\" content=\"2560\" \/>\n\t<meta property=\"og:image:type\" content=\"image\/jpeg\" \/>\n<meta name=\"twitter:card\" content=\"summary_large_image\" \/>\n<script type=\"application\/ld+json\" class=\"yoast-schema-graph\">{\"@context\":\"https:\\\/\\\/schema.org\",\"@graph\":[{\"@type\":\"WebPage\",\"@id\":\"https:\\\/\\\/www.koonings.com\\\/de\\\/product\\\/pronovias-privee-orlanda\\\/\",\"url\":\"https:\\\/\\\/www.koonings.com\\\/de\\\/product\\\/pronovias-privee-orlanda\\\/\",\"name\":\"Pronovias Privee Orlanda | Koonings\",\"isPartOf\":{\"@id\":\"https:\\\/\\\/www.koonings.com\\\/de\\\/#website\"},\"primaryImageOfPage\":{\"@id\":\"https:\\\/\\\/www.koonings.com\\\/de\\\/product\\\/pronovias-privee-orlanda\\\/#primaryimage\"},\"image\":{\"@id\":\"https:\\\/\\\/www.koonings.com\\\/de\\\/product\\\/pronovias-privee-orlanda\\\/#primaryimage\"},\"thumbnailUrl\":\"https:\\\/\\\/www.koonings.com\\\/wp-content\\\/uploads\\\/2024\\\/11\\\/37327_facdb13b2891e52a6bfa57588f97b0c1b87ba809e8456dcdc76398a7543523e9d56c5851-scaled.jpeg\",\"datePublished\":\"2025-12-14T23:08:58+00:00\",\"dateModified\":\"2026-02-03T16:48:04+00:00\",\"description\":\"Ein jugendliches und glamour\u00f6ses Hochzeitskleid, bei dem das Design durch die gro\u00dfen Stickereien und Perlen auf dem Stoff bestimmt wird. Das tief ausgeschnittene Dekollet\u00e9 und die seitlichen Ausschnitte machen das Kleid sehr sexy. Ein Kleid, das m\u00fchelos von der Zeremonie zur Afterparty \u00fcbergeht.\",\"breadcrumb\":{\"@id\":\"https:\\\/\\\/www.koonings.com\\\/de\\\/product\\\/pronovias-privee-orlanda\\\/#breadcrumb\"},\"inLanguage\":\"de\",\"potentialAction\":[{\"@type\":\"ReadAction\",\"target\":[\"https:\\\/\\\/www.koonings.com\\\/de\\\/product\\\/pronovias-privee-orlanda\\\/\"]}]},{\"@type\":\"ImageObject\",\"inLanguage\":\"de\",\"@id\":\"https:\\\/\\\/www.koonings.com\\\/de\\\/product\\\/pronovias-privee-orlanda\\\/#primaryimage\",\"url\":\"https:\\\/\\\/www.koonings.com\\\/wp-content\\\/uploads\\\/2024\\\/11\\\/37327_facdb13b2891e52a6bfa57588f97b0c1b87ba809e8456dcdc76398a7543523e9d56c5851-scaled.jpeg\",\"contentUrl\":\"https:\\\/\\\/www.koonings.com\\\/wp-content\\\/uploads\\\/2024\\\/11\\\/37327_facdb13b2891e52a6bfa57588f97b0c1b87ba809e8456dcdc76398a7543523e9d56c5851-scaled.jpeg\",\"width\":1807,\"height\":2560},{\"@type\":\"BreadcrumbList\",\"@id\":\"https:\\\/\\\/www.koonings.com\\\/de\\\/product\\\/pronovias-privee-orlanda\\\/#breadcrumb\",\"itemListElement\":[{\"@type\":\"ListItem\",\"position\":1,\"name\":\"Home\",\"item\":\"https:\\\/\\\/www.koonings.com\\\/de\\\/\"},{\"@type\":\"ListItem\",\"position\":2,\"name\":\"Pronovias Privee Orlanda\"}]},{\"@type\":\"WebSite\",\"@id\":\"https:\\\/\\\/www.koonings.com\\\/de\\\/#website\",\"url\":\"https:\\\/\\\/www.koonings.com\\\/de\\\/\",\"name\":\"Koonings\",\"description\":\"De grootste bruidsmodewinkel ter wereld\",\"publisher\":{\"@id\":\"https:\\\/\\\/www.koonings.com\\\/de\\\/#organization\"},\"potentialAction\":[{\"@type\":\"SearchAction\",\"target\":{\"@type\":\"EntryPoint\",\"urlTemplate\":\"https:\\\/\\\/www.koonings.com\\\/de\\\/?s={search_term_string}\"},\"query-input\":{\"@type\":\"PropertyValueSpecification\",\"valueRequired\":true,\"valueName\":\"search_term_string\"}}],\"inLanguage\":\"de\"},{\"@type\":\"Organization\",\"@id\":\"https:\\\/\\\/www.koonings.com\\\/de\\\/#organization\",\"name\":\"Koonings\",\"url\":\"https:\\\/\\\/www.koonings.com\\\/de\\\/\",\"logo\":{\"@type\":\"ImageObject\",\"inLanguage\":\"de\",\"@id\":\"https:\\\/\\\/www.koonings.com\\\/de\\\/#\\\/schema\\\/logo\\\/image\\\/\",\"url\":\"https:\\\/\\\/www.koonings.com\\\/wp-content\\\/uploads\\\/2024\\\/07\\\/logo.png\",\"contentUrl\":\"https:\\\/\\\/www.koonings.com\\\/wp-content\\\/uploads\\\/2024\\\/07\\\/logo.png\",\"width\":600,\"height\":428,\"caption\":\"Koonings\"},\"image\":{\"@id\":\"https:\\\/\\\/www.koonings.com\\\/de\\\/#\\\/schema\\\/logo\\\/image\\\/\"},\"sameAs\":[\"https:\\\/\\\/www.facebook.com\\\/kooningstheweddingpalace\",\"https:\\\/\\\/www.instagram.com\\\/kooningstheweddingpalace\",\"https:\\\/\\\/www.pinterest.com\\\/koonings\",\"https:\\\/\\\/www.youtube.com\\\/kooningstheweddingpalace\"]}]}<\/script>\n<!-- \/ Yoast SEO plugin. -->","yoast_head_json":{"title":"Pronovias Privee Orlanda | Koonings","description":"Ein jugendliches und glamour\u00f6ses Hochzeitskleid, bei dem das Design durch die gro\u00dfen Stickereien und Perlen auf dem Stoff bestimmt wird. Das tief ausgeschnittene Dekollet\u00e9 und die seitlichen Ausschnitte machen das Kleid sehr sexy. Ein Kleid, das m\u00fchelos von der Zeremonie zur Afterparty \u00fcbergeht.","robots":{"index":"index","follow":"follow","max-snippet":"max-snippet:-1","max-image-preview":"max-image-preview:large","max-video-preview":"max-video-preview:-1"},"canonical":"https:\/\/www.koonings.com\/de\/product\/pronovias-privee-orlanda\/","og_locale":"de_DE","og_type":"article","og_title":"Pronovias Privee Orlanda | Koonings","og_description":"Ein jugendliches und glamour\u00f6ses Hochzeitskleid, bei dem das Design durch die gro\u00dfen Stickereien und Perlen auf dem Stoff bestimmt wird. Das tief ausgeschnittene Dekollet\u00e9 und die seitlichen Ausschnitte machen das Kleid sehr sexy. Ein Kleid, das m\u00fchelos von der Zeremonie zur Afterparty \u00fcbergeht.","og_url":"https:\/\/www.koonings.com\/de\/product\/pronovias-privee-orlanda\/","og_site_name":"Koonings","article_publisher":"https:\/\/www.facebook.com\/kooningstheweddingpalace","article_modified_time":"2026-02-03T16:48:04+00:00","og_image":[{"width":1807,"height":2560,"url":"https:\/\/www.koonings.com\/wp-content\/uploads\/2024\/11\/37327_facdb13b2891e52a6bfa57588f97b0c1b87ba809e8456dcdc76398a7543523e9d56c5851-scaled.jpeg","type":"image\/jpeg"}],"twitter_card":"summary_large_image","schema":{"@context":"https:\/\/schema.org","@graph":[{"@type":"WebPage","@id":"https:\/\/www.koonings.com\/de\/product\/pronovias-privee-orlanda\/","url":"https:\/\/www.koonings.com\/de\/product\/pronovias-privee-orlanda\/","name":"Pronovias Privee Orlanda | Koonings","isPartOf":{"@id":"https:\/\/www.koonings.com\/de\/#website"},"primaryImageOfPage":{"@id":"https:\/\/www.koonings.com\/de\/product\/pronovias-privee-orlanda\/#primaryimage"},"image":{"@id":"https:\/\/www.koonings.com\/de\/product\/pronovias-privee-orlanda\/#primaryimage"},"thumbnailUrl":"https:\/\/www.koonings.com\/wp-content\/uploads\/2024\/11\/37327_facdb13b2891e52a6bfa57588f97b0c1b87ba809e8456dcdc76398a7543523e9d56c5851-scaled.jpeg","datePublished":"2025-12-14T23:08:58+00:00","dateModified":"2026-02-03T16:48:04+00:00","description":"Ein jugendliches und glamour\u00f6ses Hochzeitskleid, bei dem das Design durch die gro\u00dfen Stickereien und Perlen auf dem Stoff bestimmt wird. Das tief ausgeschnittene Dekollet\u00e9 und die seitlichen Ausschnitte machen das Kleid sehr sexy. Ein Kleid, das m\u00fchelos von der Zeremonie zur Afterparty \u00fcbergeht.","breadcrumb":{"@id":"https:\/\/www.koonings.com\/de\/product\/pronovias-privee-orlanda\/#breadcrumb"},"inLanguage":"de","potentialAction":[{"@type":"ReadAction","target":["https:\/\/www.koonings.com\/de\/product\/pronovias-privee-orlanda\/"]}]},{"@type":"ImageObject","inLanguage":"de","@id":"https:\/\/www.koonings.com\/de\/product\/pronovias-privee-orlanda\/#primaryimage","url":"https:\/\/www.koonings.com\/wp-content\/uploads\/2024\/11\/37327_facdb13b2891e52a6bfa57588f97b0c1b87ba809e8456dcdc76398a7543523e9d56c5851-scaled.jpeg","contentUrl":"https:\/\/www.koonings.com\/wp-content\/uploads\/2024\/11\/37327_facdb13b2891e52a6bfa57588f97b0c1b87ba809e8456dcdc76398a7543523e9d56c5851-scaled.jpeg","width":1807,"height":2560},{"@type":"BreadcrumbList","@id":"https:\/\/www.koonings.com\/de\/product\/pronovias-privee-orlanda\/#breadcrumb","itemListElement":[{"@type":"ListItem","position":1,"name":"Home","item":"https:\/\/www.koonings.com\/de\/"},{"@type":"ListItem","position":2,"name":"Pronovias Privee Orlanda"}]},{"@type":"WebSite","@id":"https:\/\/www.koonings.com\/de\/#website","url":"https:\/\/www.koonings.com\/de\/","name":"Koonings","description":"De grootste bruidsmodewinkel ter wereld","publisher":{"@id":"https:\/\/www.koonings.com\/de\/#organization"},"potentialAction":[{"@type":"SearchAction","target":{"@type":"EntryPoint","urlTemplate":"https:\/\/www.koonings.com\/de\/?s={search_term_string}"},"query-input":{"@type":"PropertyValueSpecification","valueRequired":true,"valueName":"search_term_string"}}],"inLanguage":"de"},{"@type":"Organization","@id":"https:\/\/www.koonings.com\/de\/#organization","name":"Koonings","url":"https:\/\/www.koonings.com\/de\/","logo":{"@type":"ImageObject","inLanguage":"de","@id":"https:\/\/www.koonings.com\/de\/#\/schema\/logo\/image\/","url":"https:\/\/www.koonings.com\/wp-content\/uploads\/2024\/07\/logo.png","contentUrl":"https:\/\/www.koonings.com\/wp-content\/uploads\/2024\/07\/logo.png","width":600,"height":428,"caption":"Koonings"},"image":{"@id":"https:\/\/www.koonings.com\/de\/#\/schema\/logo\/image\/"},"sameAs":["https:\/\/www.facebook.com\/kooningstheweddingpalace","https:\/\/www.instagram.com\/kooningstheweddingpalace","https:\/\/www.pinterest.com\/koonings","https:\/\/www.youtube.com\/kooningstheweddingpalace"]}]}},"_links":{"self":[{"href":"https:\/\/www.koonings.com\/de\/wp-json\/wp\/v2\/product\/32985","targetHints":{"allow":["GET"]}}],"collection":[{"href":"https:\/\/www.koonings.com\/de\/wp-json\/wp\/v2\/product"}],"about":[{"href":"https:\/\/www.koonings.com\/de\/wp-json\/wp\/v2\/types\/product"}],"wp:featuredmedia":[{"embeddable":true,"href":"https:\/\/www.koonings.com\/de\/wp-json\/wp\/v2\/media\/29143"}],"wp:attachment":[{"href":"https:\/\/www.koonings.com\/de\/wp-json\/wp\/v2\/media?parent=32985"}],"wp:term":[{"taxonomy":"productdetails","embeddable":true,"href":"https:\/\/www.koonings.com\/de\/wp-json\/wp\/v2\/productdetails?post=32985"},{"taxonomy":"productneck","embeddable":true,"href":"https:\/\/www.koonings.com\/de\/wp-json\/wp\/v2\/productneck?post=32985"},{"taxonomy":"productcolor","embeddable":true,"href":"https:\/\/www.koonings.com\/de\/wp-json\/wp\/v2\/productcolor?post=32985"},{"taxonomy":"maat","embeddable":true,"href":"https:\/\/www.koonings.com\/de\/wp-json\/wp\/v2\/maat?post=32985"},{"taxonomy":"productsupplier","embeddable":true,"href":"https:\/\/www.koonings.com\/de\/wp-json\/wp\/v2\/productsupplier?post=32985"},{"taxonomy":"productsleeve","embeddable":true,"href":"https:\/\/www.koonings.com\/de\/wp-json\/wp\/v2\/productsleeve?post=32985"},{"taxonomy":"productcategory","embeddable":true,"href":"https:\/\/www.koonings.com\/de\/wp-json\/wp\/v2\/productcategory?post=32985"},{"taxonomy":"productsilhouette","embeddable":true,"href":"https:\/\/www.koonings.com\/de\/wp-json\/wp\/v2\/productsilhouette?post=32985"},{"taxonomy":"productstyle","embeddable":true,"href":"https:\/\/www.koonings.com\/de\/wp-json\/wp\/v2\/productstyle?post=32985"}],"curies":[{"name":"wp","href":"https:\/\/api.w.org\/{rel}","templated":true}]}}