{"id":32927,"date":"2026-04-28T18:06:14","date_gmt":"2026-04-28T16:06:14","guid":{"rendered":"https:\/\/www.koonings.com\/product\/julia-kontogruni-jk-couture-27\/"},"modified":"2026-02-16T11:33:22","modified_gmt":"2026-02-16T10:33:22","slug":"julia-kontogruni-jk-couture-27","status":"publish","type":"product","link":"https:\/\/www.koonings.com\/de\/product\/julia-kontogruni-jk-couture-27\/","title":{"rendered":"Julia Kontogruni JK couture 27"},"content":{"rendered":"<p>Dieses elfenbeinfarbene Ballkleid von Julia Kontogruni ist wirklich ein Couture-Kleid. Es hat ein wundersch\u00f6nes tailliertes Oberteil mit langen \u00c4rmeln. Ab der Taille l\u00e4uft der Rock weit aus und endet in einer langen Schleppe. Dar\u00fcber hinaus ist das gesamte Kleid perfekt mit Spitze und Perlen verarbeitet, alle Details sind perfekt ausgef\u00fchrt. Mit diesem Hochzeitskleid werden Sie einen ganz besonderen Auftritt haben.    <\/p>\n","protected":false},"featured_media":26776,"template":"","meta":{"_acf_changed":false,"ghostkit_customizer_options":"","ghostkit_custom_css":"","ghostkit_custom_js_head":"","ghostkit_custom_js_foot":"","ghostkit_typography":""},"productdetails":[],"productneck":[351,356],"productcolor":[392],"maat":[],"productsupplier":[409],"productsleeve":[362],"productcategory":[18],"productsilhouette":[388],"productstyle":[367,366],"class_list":["post-32927","product","type-product","status-publish","has-post-thumbnail","hentry","productneck-351","productneck-356","productcolor-392","productsupplier-julia-kontogruni","productsleeve-362","productcategory-trouwjurken","productsilhouette-388","productstyle-367","productstyle-366"],"acf":[],"yoast_head":"<!-- This site is optimized with the Yoast SEO plugin v27.3 - https:\/\/yoast.com\/product\/yoast-seo-wordpress\/ -->\n<title>Julia Kontogruni JK couture 27 | Koonings<\/title>\n<meta name=\"description\" content=\"Dieses elfenbeinfarbene Ballkleid von Julia Kontogruni ist wirklich ein Couture-Kleid. Es hat ein wundersch\u00f6nes tailliertes Oberteil mit langen \u00c4rmeln. Ab der Taille l\u00e4uft der Rock weit aus und endet in einer langen Schleppe. Dar\u00fcber hinaus ist das gesamte Kleid perfekt mit Spitze und Perlen verarbeitet, alle Details sind perfekt ausgef\u00fchrt. Mit diesem Hochzeitskleid werden Sie einen ganz besonderen Auftritt haben.\" \/>\n<meta name=\"robots\" content=\"index, follow, max-snippet:-1, max-image-preview:large, max-video-preview:-1\" \/>\n<link rel=\"canonical\" href=\"https:\/\/www.koonings.com\/de\/product\/julia-kontogruni-jk-couture-27\/\" \/>\n<meta property=\"og:locale\" content=\"de_DE\" \/>\n<meta property=\"og:type\" content=\"article\" \/>\n<meta property=\"og:title\" content=\"Julia Kontogruni JK couture 27 | Koonings\" \/>\n<meta property=\"og:description\" content=\"Dieses elfenbeinfarbene Ballkleid von Julia Kontogruni ist wirklich ein Couture-Kleid. Es hat ein wundersch\u00f6nes tailliertes Oberteil mit langen \u00c4rmeln. Ab der Taille l\u00e4uft der Rock weit aus und endet in einer langen Schleppe. Dar\u00fcber hinaus ist das gesamte Kleid perfekt mit Spitze und Perlen verarbeitet, alle Details sind perfekt ausgef\u00fchrt. Mit diesem Hochzeitskleid werden Sie einen ganz besonderen Auftritt haben.\" \/>\n<meta property=\"og:url\" content=\"https:\/\/www.koonings.com\/de\/product\/julia-kontogruni-jk-couture-27\/\" \/>\n<meta property=\"og:site_name\" content=\"Koonings\" \/>\n<meta property=\"article:publisher\" content=\"https:\/\/www.facebook.com\/kooningstheweddingpalace\" \/>\n<meta property=\"og:image\" content=\"https:\/\/www.koonings.com\/wp-content\/uploads\/2024\/11\/28340_b314a4de9d96d1fab98b49e16dfab890a2f7ea133e5126eddb5d45d7897815badeaa4ac2.jpeg\" \/>\n\t<meta property=\"og:image:width\" content=\"647\" \/>\n\t<meta property=\"og:image:height\" content=\"914\" \/>\n\t<meta property=\"og:image:type\" content=\"image\/jpeg\" \/>\n<meta name=\"twitter:card\" content=\"summary_large_image\" \/>\n<script type=\"application\/ld+json\" class=\"yoast-schema-graph\">{\"@context\":\"https:\\\/\\\/schema.org\",\"@graph\":[{\"@type\":\"WebPage\",\"@id\":\"https:\\\/\\\/www.koonings.com\\\/de\\\/product\\\/julia-kontogruni-jk-couture-27\\\/\",\"url\":\"https:\\\/\\\/www.koonings.com\\\/de\\\/product\\\/julia-kontogruni-jk-couture-27\\\/\",\"name\":\"Julia Kontogruni JK couture 27 | Koonings\",\"isPartOf\":{\"@id\":\"https:\\\/\\\/www.koonings.com\\\/de\\\/#website\"},\"primaryImageOfPage\":{\"@id\":\"https:\\\/\\\/www.koonings.com\\\/de\\\/product\\\/julia-kontogruni-jk-couture-27\\\/#primaryimage\"},\"image\":{\"@id\":\"https:\\\/\\\/www.koonings.com\\\/de\\\/product\\\/julia-kontogruni-jk-couture-27\\\/#primaryimage\"},\"thumbnailUrl\":\"https:\\\/\\\/www.koonings.com\\\/wp-content\\\/uploads\\\/2024\\\/11\\\/28340_b314a4de9d96d1fab98b49e16dfab890a2f7ea133e5126eddb5d45d7897815badeaa4ac2.jpeg\",\"datePublished\":\"2026-04-28T16:06:14+00:00\",\"description\":\"Dieses elfenbeinfarbene Ballkleid von Julia Kontogruni ist wirklich ein Couture-Kleid. Es hat ein wundersch\u00f6nes tailliertes Oberteil mit langen \u00c4rmeln. Ab der Taille l\u00e4uft der Rock weit aus und endet in einer langen Schleppe. Dar\u00fcber hinaus ist das gesamte Kleid perfekt mit Spitze und Perlen verarbeitet, alle Details sind perfekt ausgef\u00fchrt. Mit diesem Hochzeitskleid werden Sie einen ganz besonderen Auftritt haben.\",\"breadcrumb\":{\"@id\":\"https:\\\/\\\/www.koonings.com\\\/de\\\/product\\\/julia-kontogruni-jk-couture-27\\\/#breadcrumb\"},\"inLanguage\":\"de\",\"potentialAction\":[{\"@type\":\"ReadAction\",\"target\":[\"https:\\\/\\\/www.koonings.com\\\/de\\\/product\\\/julia-kontogruni-jk-couture-27\\\/\"]}]},{\"@type\":\"ImageObject\",\"inLanguage\":\"de\",\"@id\":\"https:\\\/\\\/www.koonings.com\\\/de\\\/product\\\/julia-kontogruni-jk-couture-27\\\/#primaryimage\",\"url\":\"https:\\\/\\\/www.koonings.com\\\/wp-content\\\/uploads\\\/2024\\\/11\\\/28340_b314a4de9d96d1fab98b49e16dfab890a2f7ea133e5126eddb5d45d7897815badeaa4ac2.jpeg\",\"contentUrl\":\"https:\\\/\\\/www.koonings.com\\\/wp-content\\\/uploads\\\/2024\\\/11\\\/28340_b314a4de9d96d1fab98b49e16dfab890a2f7ea133e5126eddb5d45d7897815badeaa4ac2.jpeg\",\"width\":647,\"height\":914},{\"@type\":\"BreadcrumbList\",\"@id\":\"https:\\\/\\\/www.koonings.com\\\/de\\\/product\\\/julia-kontogruni-jk-couture-27\\\/#breadcrumb\",\"itemListElement\":[{\"@type\":\"ListItem\",\"position\":1,\"name\":\"Home\",\"item\":\"https:\\\/\\\/www.koonings.com\\\/de\\\/\"},{\"@type\":\"ListItem\",\"position\":2,\"name\":\"Julia Kontogruni JK couture 27\"}]},{\"@type\":\"WebSite\",\"@id\":\"https:\\\/\\\/www.koonings.com\\\/de\\\/#website\",\"url\":\"https:\\\/\\\/www.koonings.com\\\/de\\\/\",\"name\":\"Koonings\",\"description\":\"De grootste bruidsmodewinkel ter wereld\",\"publisher\":{\"@id\":\"https:\\\/\\\/www.koonings.com\\\/de\\\/#organization\"},\"potentialAction\":[{\"@type\":\"SearchAction\",\"target\":{\"@type\":\"EntryPoint\",\"urlTemplate\":\"https:\\\/\\\/www.koonings.com\\\/de\\\/?s={search_term_string}\"},\"query-input\":{\"@type\":\"PropertyValueSpecification\",\"valueRequired\":true,\"valueName\":\"search_term_string\"}}],\"inLanguage\":\"de\"},{\"@type\":\"Organization\",\"@id\":\"https:\\\/\\\/www.koonings.com\\\/de\\\/#organization\",\"name\":\"Koonings\",\"url\":\"https:\\\/\\\/www.koonings.com\\\/de\\\/\",\"logo\":{\"@type\":\"ImageObject\",\"inLanguage\":\"de\",\"@id\":\"https:\\\/\\\/www.koonings.com\\\/de\\\/#\\\/schema\\\/logo\\\/image\\\/\",\"url\":\"https:\\\/\\\/www.koonings.com\\\/wp-content\\\/uploads\\\/2024\\\/07\\\/logo.png\",\"contentUrl\":\"https:\\\/\\\/www.koonings.com\\\/wp-content\\\/uploads\\\/2024\\\/07\\\/logo.png\",\"width\":600,\"height\":428,\"caption\":\"Koonings\"},\"image\":{\"@id\":\"https:\\\/\\\/www.koonings.com\\\/de\\\/#\\\/schema\\\/logo\\\/image\\\/\"},\"sameAs\":[\"https:\\\/\\\/www.facebook.com\\\/kooningstheweddingpalace\",\"https:\\\/\\\/www.instagram.com\\\/kooningstheweddingpalace\",\"https:\\\/\\\/www.pinterest.com\\\/koonings\",\"https:\\\/\\\/www.youtube.com\\\/kooningstheweddingpalace\"]}]}<\/script>\n<!-- \/ Yoast SEO plugin. -->","yoast_head_json":{"title":"Julia Kontogruni JK couture 27 | Koonings","description":"Dieses elfenbeinfarbene Ballkleid von Julia Kontogruni ist wirklich ein Couture-Kleid. Es hat ein wundersch\u00f6nes tailliertes Oberteil mit langen \u00c4rmeln. Ab der Taille l\u00e4uft der Rock weit aus und endet in einer langen Schleppe. Dar\u00fcber hinaus ist das gesamte Kleid perfekt mit Spitze und Perlen verarbeitet, alle Details sind perfekt ausgef\u00fchrt. Mit diesem Hochzeitskleid werden Sie einen ganz besonderen Auftritt haben.","robots":{"index":"index","follow":"follow","max-snippet":"max-snippet:-1","max-image-preview":"max-image-preview:large","max-video-preview":"max-video-preview:-1"},"canonical":"https:\/\/www.koonings.com\/de\/product\/julia-kontogruni-jk-couture-27\/","og_locale":"de_DE","og_type":"article","og_title":"Julia Kontogruni JK couture 27 | Koonings","og_description":"Dieses elfenbeinfarbene Ballkleid von Julia Kontogruni ist wirklich ein Couture-Kleid. Es hat ein wundersch\u00f6nes tailliertes Oberteil mit langen \u00c4rmeln. Ab der Taille l\u00e4uft der Rock weit aus und endet in einer langen Schleppe. Dar\u00fcber hinaus ist das gesamte Kleid perfekt mit Spitze und Perlen verarbeitet, alle Details sind perfekt ausgef\u00fchrt. Mit diesem Hochzeitskleid werden Sie einen ganz besonderen Auftritt haben.","og_url":"https:\/\/www.koonings.com\/de\/product\/julia-kontogruni-jk-couture-27\/","og_site_name":"Koonings","article_publisher":"https:\/\/www.facebook.com\/kooningstheweddingpalace","og_image":[{"width":647,"height":914,"url":"https:\/\/www.koonings.com\/wp-content\/uploads\/2024\/11\/28340_b314a4de9d96d1fab98b49e16dfab890a2f7ea133e5126eddb5d45d7897815badeaa4ac2.jpeg","type":"image\/jpeg"}],"twitter_card":"summary_large_image","schema":{"@context":"https:\/\/schema.org","@graph":[{"@type":"WebPage","@id":"https:\/\/www.koonings.com\/de\/product\/julia-kontogruni-jk-couture-27\/","url":"https:\/\/www.koonings.com\/de\/product\/julia-kontogruni-jk-couture-27\/","name":"Julia Kontogruni JK couture 27 | Koonings","isPartOf":{"@id":"https:\/\/www.koonings.com\/de\/#website"},"primaryImageOfPage":{"@id":"https:\/\/www.koonings.com\/de\/product\/julia-kontogruni-jk-couture-27\/#primaryimage"},"image":{"@id":"https:\/\/www.koonings.com\/de\/product\/julia-kontogruni-jk-couture-27\/#primaryimage"},"thumbnailUrl":"https:\/\/www.koonings.com\/wp-content\/uploads\/2024\/11\/28340_b314a4de9d96d1fab98b49e16dfab890a2f7ea133e5126eddb5d45d7897815badeaa4ac2.jpeg","datePublished":"2026-04-28T16:06:14+00:00","description":"Dieses elfenbeinfarbene Ballkleid von Julia Kontogruni ist wirklich ein Couture-Kleid. Es hat ein wundersch\u00f6nes tailliertes Oberteil mit langen \u00c4rmeln. Ab der Taille l\u00e4uft der Rock weit aus und endet in einer langen Schleppe. Dar\u00fcber hinaus ist das gesamte Kleid perfekt mit Spitze und Perlen verarbeitet, alle Details sind perfekt ausgef\u00fchrt. Mit diesem Hochzeitskleid werden Sie einen ganz besonderen Auftritt haben.","breadcrumb":{"@id":"https:\/\/www.koonings.com\/de\/product\/julia-kontogruni-jk-couture-27\/#breadcrumb"},"inLanguage":"de","potentialAction":[{"@type":"ReadAction","target":["https:\/\/www.koonings.com\/de\/product\/julia-kontogruni-jk-couture-27\/"]}]},{"@type":"ImageObject","inLanguage":"de","@id":"https:\/\/www.koonings.com\/de\/product\/julia-kontogruni-jk-couture-27\/#primaryimage","url":"https:\/\/www.koonings.com\/wp-content\/uploads\/2024\/11\/28340_b314a4de9d96d1fab98b49e16dfab890a2f7ea133e5126eddb5d45d7897815badeaa4ac2.jpeg","contentUrl":"https:\/\/www.koonings.com\/wp-content\/uploads\/2024\/11\/28340_b314a4de9d96d1fab98b49e16dfab890a2f7ea133e5126eddb5d45d7897815badeaa4ac2.jpeg","width":647,"height":914},{"@type":"BreadcrumbList","@id":"https:\/\/www.koonings.com\/de\/product\/julia-kontogruni-jk-couture-27\/#breadcrumb","itemListElement":[{"@type":"ListItem","position":1,"name":"Home","item":"https:\/\/www.koonings.com\/de\/"},{"@type":"ListItem","position":2,"name":"Julia Kontogruni JK couture 27"}]},{"@type":"WebSite","@id":"https:\/\/www.koonings.com\/de\/#website","url":"https:\/\/www.koonings.com\/de\/","name":"Koonings","description":"De grootste bruidsmodewinkel ter wereld","publisher":{"@id":"https:\/\/www.koonings.com\/de\/#organization"},"potentialAction":[{"@type":"SearchAction","target":{"@type":"EntryPoint","urlTemplate":"https:\/\/www.koonings.com\/de\/?s={search_term_string}"},"query-input":{"@type":"PropertyValueSpecification","valueRequired":true,"valueName":"search_term_string"}}],"inLanguage":"de"},{"@type":"Organization","@id":"https:\/\/www.koonings.com\/de\/#organization","name":"Koonings","url":"https:\/\/www.koonings.com\/de\/","logo":{"@type":"ImageObject","inLanguage":"de","@id":"https:\/\/www.koonings.com\/de\/#\/schema\/logo\/image\/","url":"https:\/\/www.koonings.com\/wp-content\/uploads\/2024\/07\/logo.png","contentUrl":"https:\/\/www.koonings.com\/wp-content\/uploads\/2024\/07\/logo.png","width":600,"height":428,"caption":"Koonings"},"image":{"@id":"https:\/\/www.koonings.com\/de\/#\/schema\/logo\/image\/"},"sameAs":["https:\/\/www.facebook.com\/kooningstheweddingpalace","https:\/\/www.instagram.com\/kooningstheweddingpalace","https:\/\/www.pinterest.com\/koonings","https:\/\/www.youtube.com\/kooningstheweddingpalace"]}]}},"_links":{"self":[{"href":"https:\/\/www.koonings.com\/de\/wp-json\/wp\/v2\/product\/32927","targetHints":{"allow":["GET"]}}],"collection":[{"href":"https:\/\/www.koonings.com\/de\/wp-json\/wp\/v2\/product"}],"about":[{"href":"https:\/\/www.koonings.com\/de\/wp-json\/wp\/v2\/types\/product"}],"wp:featuredmedia":[{"embeddable":true,"href":"https:\/\/www.koonings.com\/de\/wp-json\/wp\/v2\/media\/26776"}],"wp:attachment":[{"href":"https:\/\/www.koonings.com\/de\/wp-json\/wp\/v2\/media?parent=32927"}],"wp:term":[{"taxonomy":"productdetails","embeddable":true,"href":"https:\/\/www.koonings.com\/de\/wp-json\/wp\/v2\/productdetails?post=32927"},{"taxonomy":"productneck","embeddable":true,"href":"https:\/\/www.koonings.com\/de\/wp-json\/wp\/v2\/productneck?post=32927"},{"taxonomy":"productcolor","embeddable":true,"href":"https:\/\/www.koonings.com\/de\/wp-json\/wp\/v2\/productcolor?post=32927"},{"taxonomy":"maat","embeddable":true,"href":"https:\/\/www.koonings.com\/de\/wp-json\/wp\/v2\/maat?post=32927"},{"taxonomy":"productsupplier","embeddable":true,"href":"https:\/\/www.koonings.com\/de\/wp-json\/wp\/v2\/productsupplier?post=32927"},{"taxonomy":"productsleeve","embeddable":true,"href":"https:\/\/www.koonings.com\/de\/wp-json\/wp\/v2\/productsleeve?post=32927"},{"taxonomy":"productcategory","embeddable":true,"href":"https:\/\/www.koonings.com\/de\/wp-json\/wp\/v2\/productcategory?post=32927"},{"taxonomy":"productsilhouette","embeddable":true,"href":"https:\/\/www.koonings.com\/de\/wp-json\/wp\/v2\/productsilhouette?post=32927"},{"taxonomy":"productstyle","embeddable":true,"href":"https:\/\/www.koonings.com\/de\/wp-json\/wp\/v2\/productstyle?post=32927"}],"curies":[{"name":"wp","href":"https:\/\/api.w.org\/{rel}","templated":true}]}}