{"id":32926,"date":"2026-04-28T18:06:17","date_gmt":"2026-04-28T16:06:17","guid":{"rendered":"https:\/\/www.koonings.com\/product\/rembo-styling-go-with-the-good-flo\/"},"modified":"2026-02-16T11:33:29","modified_gmt":"2026-02-16T10:33:29","slug":"rembo-styling-go-with-the-good-flo","status":"publish","type":"product","link":"https:\/\/www.koonings.com\/de\/product\/rembo-styling-go-with-the-good-flo\/","title":{"rendered":"Rembo Styling Gehen Sie mit dem guten Flo"},"content":{"rendered":"<p>Das Hochzeitskleid Go With The Good Flo von Rembo Styling, erh\u00e4ltlich bei Koonings The Wedding Palace, ist eine wundersch\u00f6ne Wahl f\u00fcr die Braut, die einen b\u00f6hmischen und raffinierten Look sucht. Es hat eine lockere und dennoch elegante A-Linien-Passform, die sanft \u00fcber den K\u00f6rper f\u00e4llt und ein leichtes und freies Gef\u00fchl vermittelt. Das Kleid ist mit raffinierter Spitze und subtilen Details verziert, die den romantischen Look unterstreichen. Der tiefe V-Ausschnitt und die raffinierten \u00c4rmel verleihen dem Kleid ein vertr\u00e4umtes, \u00e4therisches Gef\u00fchl, perfekt f\u00fcr eine Hochzeit in einem nat\u00fcrlichen oder b\u00f6hmischen Ambiente. Go With The Good Flo ist ein Kleid, das sowohl stilvoll als auch bequem ist und die perfekte Balance zwischen Modernit\u00e4t und zeitloser Sch\u00f6nheit bietet. Erh\u00e4ltlich bei Koonings The Wedding Palace, wo Sie dieses bezaubernde Kleid anprobieren und es f\u00fcr Ihren gro\u00dfen Tag ma\u00dfschneidern lassen k\u00f6nnen.     <\/p>\n","protected":false},"featured_media":26802,"template":"","meta":{"_acf_changed":false,"ghostkit_customizer_options":"","ghostkit_custom_css":"","ghostkit_custom_js_head":"","ghostkit_custom_js_foot":"","ghostkit_typography":""},"productdetails":[],"productneck":[356],"productcolor":[392],"maat":[],"productsupplier":[414],"productsleeve":[361],"productcategory":[18],"productsilhouette":[389],"productstyle":[364],"class_list":["post-32926","product","type-product","status-publish","has-post-thumbnail","hentry","productneck-356","productcolor-392","productsupplier-rembo-styling","productsleeve-361","productcategory-trouwjurken","productsilhouette-389","productstyle-364"],"acf":[],"yoast_head":"<!-- This site is optimized with the Yoast SEO plugin v27.3 - https:\/\/yoast.com\/product\/yoast-seo-wordpress\/ -->\n<title>Rembo Styling Gehen Sie mit dem guten Flo | Koonings<\/title>\n<meta name=\"description\" content=\"Das Hochzeitskleid Go With The Good Flo von Rembo Styling, erh\u00e4ltlich bei Koonings The Wedding Palace, ist eine wundersch\u00f6ne Wahl f\u00fcr die Braut, die einen b\u00f6hmischen und raffinierten Look sucht. Es hat eine lockere und dennoch elegante A-Linien-Passform, die sanft \u00fcber den K\u00f6rper f\u00e4llt und ein leichtes und freies Gef\u00fchl vermittelt. Das Kleid ist mit raffinierter Spitze und subtilen Details verziert, die den romantischen Look unterstreichen. Der tiefe V-Ausschnitt und die raffinierten \u00c4rmel verleihen dem Kleid ein vertr\u00e4umtes, \u00e4therisches Gef\u00fchl, perfekt f\u00fcr eine Hochzeit in einem nat\u00fcrlichen oder b\u00f6hmischen Ambiente. Go With The Good Flo ist ein Kleid, das sowohl stilvoll als auch bequem ist und die perfekte Balance zwischen Modernit\u00e4t und zeitloser Sch\u00f6nheit bietet. Erh\u00e4ltlich bei Koonings The Wedding Palace, wo Sie dieses bezaubernde Kleid anprobieren und es f\u00fcr Ihren gro\u00dfen Tag ma\u00dfschneidern lassen k\u00f6nnen.\" \/>\n<meta name=\"robots\" content=\"index, follow, max-snippet:-1, max-image-preview:large, max-video-preview:-1\" \/>\n<link rel=\"canonical\" href=\"https:\/\/www.koonings.com\/de\/product\/rembo-styling-go-with-the-good-flo\/\" \/>\n<meta property=\"og:locale\" content=\"de_DE\" \/>\n<meta property=\"og:type\" content=\"article\" \/>\n<meta property=\"og:title\" content=\"Rembo Styling Gehen Sie mit dem guten Flo | Koonings\" \/>\n<meta property=\"og:description\" content=\"Das Hochzeitskleid Go With The Good Flo von Rembo Styling, erh\u00e4ltlich bei Koonings The Wedding Palace, ist eine wundersch\u00f6ne Wahl f\u00fcr die Braut, die einen b\u00f6hmischen und raffinierten Look sucht. Es hat eine lockere und dennoch elegante A-Linien-Passform, die sanft \u00fcber den K\u00f6rper f\u00e4llt und ein leichtes und freies Gef\u00fchl vermittelt. Das Kleid ist mit raffinierter Spitze und subtilen Details verziert, die den romantischen Look unterstreichen. Der tiefe V-Ausschnitt und die raffinierten \u00c4rmel verleihen dem Kleid ein vertr\u00e4umtes, \u00e4therisches Gef\u00fchl, perfekt f\u00fcr eine Hochzeit in einem nat\u00fcrlichen oder b\u00f6hmischen Ambiente. Go With The Good Flo ist ein Kleid, das sowohl stilvoll als auch bequem ist und die perfekte Balance zwischen Modernit\u00e4t und zeitloser Sch\u00f6nheit bietet. Erh\u00e4ltlich bei Koonings The Wedding Palace, wo Sie dieses bezaubernde Kleid anprobieren und es f\u00fcr Ihren gro\u00dfen Tag ma\u00dfschneidern lassen k\u00f6nnen.\" \/>\n<meta property=\"og:url\" content=\"https:\/\/www.koonings.com\/de\/product\/rembo-styling-go-with-the-good-flo\/\" \/>\n<meta property=\"og:site_name\" content=\"Koonings\" \/>\n<meta property=\"article:publisher\" content=\"https:\/\/www.facebook.com\/kooningstheweddingpalace\" \/>\n<meta property=\"og:image\" content=\"https:\/\/www.koonings.com\/wp-content\/uploads\/2024\/11\/28544_191d65d37207af28cdb960b57a9fd9ba5ddf741a3f430e00e216d6c320377920190f75cc-scaled.jpeg\" \/>\n\t<meta property=\"og:image:width\" content=\"1707\" \/>\n\t<meta property=\"og:image:height\" content=\"2560\" \/>\n\t<meta property=\"og:image:type\" content=\"image\/jpeg\" \/>\n<meta name=\"twitter:card\" content=\"summary_large_image\" \/>\n<meta name=\"twitter:label1\" content=\"Gesch\u00e4tzte Lesezeit\" \/>\n\t<meta name=\"twitter:data1\" content=\"1\u00a0Minute\" \/>\n<script type=\"application\/ld+json\" class=\"yoast-schema-graph\">{\"@context\":\"https:\\\/\\\/schema.org\",\"@graph\":[{\"@type\":\"WebPage\",\"@id\":\"https:\\\/\\\/www.koonings.com\\\/de\\\/product\\\/rembo-styling-go-with-the-good-flo\\\/\",\"url\":\"https:\\\/\\\/www.koonings.com\\\/de\\\/product\\\/rembo-styling-go-with-the-good-flo\\\/\",\"name\":\"Rembo Styling Gehen Sie mit dem guten Flo | Koonings\",\"isPartOf\":{\"@id\":\"https:\\\/\\\/www.koonings.com\\\/de\\\/#website\"},\"primaryImageOfPage\":{\"@id\":\"https:\\\/\\\/www.koonings.com\\\/de\\\/product\\\/rembo-styling-go-with-the-good-flo\\\/#primaryimage\"},\"image\":{\"@id\":\"https:\\\/\\\/www.koonings.com\\\/de\\\/product\\\/rembo-styling-go-with-the-good-flo\\\/#primaryimage\"},\"thumbnailUrl\":\"https:\\\/\\\/www.koonings.com\\\/wp-content\\\/uploads\\\/2024\\\/11\\\/28544_191d65d37207af28cdb960b57a9fd9ba5ddf741a3f430e00e216d6c320377920190f75cc-scaled.jpeg\",\"datePublished\":\"2026-04-28T16:06:17+00:00\",\"description\":\"Das Hochzeitskleid Go With The Good Flo von Rembo Styling, erh\u00e4ltlich bei Koonings The Wedding Palace, ist eine wundersch\u00f6ne Wahl f\u00fcr die Braut, die einen b\u00f6hmischen und raffinierten Look sucht. Es hat eine lockere und dennoch elegante A-Linien-Passform, die sanft \u00fcber den K\u00f6rper f\u00e4llt und ein leichtes und freies Gef\u00fchl vermittelt. Das Kleid ist mit raffinierter Spitze und subtilen Details verziert, die den romantischen Look unterstreichen. Der tiefe V-Ausschnitt und die raffinierten \u00c4rmel verleihen dem Kleid ein vertr\u00e4umtes, \u00e4therisches Gef\u00fchl, perfekt f\u00fcr eine Hochzeit in einem nat\u00fcrlichen oder b\u00f6hmischen Ambiente. Go With The Good Flo ist ein Kleid, das sowohl stilvoll als auch bequem ist und die perfekte Balance zwischen Modernit\u00e4t und zeitloser Sch\u00f6nheit bietet. Erh\u00e4ltlich bei Koonings The Wedding Palace, wo Sie dieses bezaubernde Kleid anprobieren und es f\u00fcr Ihren gro\u00dfen Tag ma\u00dfschneidern lassen k\u00f6nnen.\",\"breadcrumb\":{\"@id\":\"https:\\\/\\\/www.koonings.com\\\/de\\\/product\\\/rembo-styling-go-with-the-good-flo\\\/#breadcrumb\"},\"inLanguage\":\"de\",\"potentialAction\":[{\"@type\":\"ReadAction\",\"target\":[\"https:\\\/\\\/www.koonings.com\\\/de\\\/product\\\/rembo-styling-go-with-the-good-flo\\\/\"]}]},{\"@type\":\"ImageObject\",\"inLanguage\":\"de\",\"@id\":\"https:\\\/\\\/www.koonings.com\\\/de\\\/product\\\/rembo-styling-go-with-the-good-flo\\\/#primaryimage\",\"url\":\"https:\\\/\\\/www.koonings.com\\\/wp-content\\\/uploads\\\/2024\\\/11\\\/28544_191d65d37207af28cdb960b57a9fd9ba5ddf741a3f430e00e216d6c320377920190f75cc-scaled.jpeg\",\"contentUrl\":\"https:\\\/\\\/www.koonings.com\\\/wp-content\\\/uploads\\\/2024\\\/11\\\/28544_191d65d37207af28cdb960b57a9fd9ba5ddf741a3f430e00e216d6c320377920190f75cc-scaled.jpeg\",\"width\":1707,\"height\":2560},{\"@type\":\"BreadcrumbList\",\"@id\":\"https:\\\/\\\/www.koonings.com\\\/de\\\/product\\\/rembo-styling-go-with-the-good-flo\\\/#breadcrumb\",\"itemListElement\":[{\"@type\":\"ListItem\",\"position\":1,\"name\":\"Home\",\"item\":\"https:\\\/\\\/www.koonings.com\\\/de\\\/\"},{\"@type\":\"ListItem\",\"position\":2,\"name\":\"Rembo Styling Gehen Sie mit dem guten Flo\"}]},{\"@type\":\"WebSite\",\"@id\":\"https:\\\/\\\/www.koonings.com\\\/de\\\/#website\",\"url\":\"https:\\\/\\\/www.koonings.com\\\/de\\\/\",\"name\":\"Koonings\",\"description\":\"De grootste bruidsmodewinkel ter wereld\",\"publisher\":{\"@id\":\"https:\\\/\\\/www.koonings.com\\\/de\\\/#organization\"},\"potentialAction\":[{\"@type\":\"SearchAction\",\"target\":{\"@type\":\"EntryPoint\",\"urlTemplate\":\"https:\\\/\\\/www.koonings.com\\\/de\\\/?s={search_term_string}\"},\"query-input\":{\"@type\":\"PropertyValueSpecification\",\"valueRequired\":true,\"valueName\":\"search_term_string\"}}],\"inLanguage\":\"de\"},{\"@type\":\"Organization\",\"@id\":\"https:\\\/\\\/www.koonings.com\\\/de\\\/#organization\",\"name\":\"Koonings\",\"url\":\"https:\\\/\\\/www.koonings.com\\\/de\\\/\",\"logo\":{\"@type\":\"ImageObject\",\"inLanguage\":\"de\",\"@id\":\"https:\\\/\\\/www.koonings.com\\\/de\\\/#\\\/schema\\\/logo\\\/image\\\/\",\"url\":\"https:\\\/\\\/www.koonings.com\\\/wp-content\\\/uploads\\\/2024\\\/07\\\/logo.png\",\"contentUrl\":\"https:\\\/\\\/www.koonings.com\\\/wp-content\\\/uploads\\\/2024\\\/07\\\/logo.png\",\"width\":600,\"height\":428,\"caption\":\"Koonings\"},\"image\":{\"@id\":\"https:\\\/\\\/www.koonings.com\\\/de\\\/#\\\/schema\\\/logo\\\/image\\\/\"},\"sameAs\":[\"https:\\\/\\\/www.facebook.com\\\/kooningstheweddingpalace\",\"https:\\\/\\\/www.instagram.com\\\/kooningstheweddingpalace\",\"https:\\\/\\\/www.pinterest.com\\\/koonings\",\"https:\\\/\\\/www.youtube.com\\\/kooningstheweddingpalace\"]}]}<\/script>\n<!-- \/ Yoast SEO plugin. -->","yoast_head_json":{"title":"Rembo Styling Gehen Sie mit dem guten Flo | Koonings","description":"Das Hochzeitskleid Go With The Good Flo von Rembo Styling, erh\u00e4ltlich bei Koonings The Wedding Palace, ist eine wundersch\u00f6ne Wahl f\u00fcr die Braut, die einen b\u00f6hmischen und raffinierten Look sucht. Es hat eine lockere und dennoch elegante A-Linien-Passform, die sanft \u00fcber den K\u00f6rper f\u00e4llt und ein leichtes und freies Gef\u00fchl vermittelt. Das Kleid ist mit raffinierter Spitze und subtilen Details verziert, die den romantischen Look unterstreichen. Der tiefe V-Ausschnitt und die raffinierten \u00c4rmel verleihen dem Kleid ein vertr\u00e4umtes, \u00e4therisches Gef\u00fchl, perfekt f\u00fcr eine Hochzeit in einem nat\u00fcrlichen oder b\u00f6hmischen Ambiente. Go With The Good Flo ist ein Kleid, das sowohl stilvoll als auch bequem ist und die perfekte Balance zwischen Modernit\u00e4t und zeitloser Sch\u00f6nheit bietet. Erh\u00e4ltlich bei Koonings The Wedding Palace, wo Sie dieses bezaubernde Kleid anprobieren und es f\u00fcr Ihren gro\u00dfen Tag ma\u00dfschneidern lassen k\u00f6nnen.","robots":{"index":"index","follow":"follow","max-snippet":"max-snippet:-1","max-image-preview":"max-image-preview:large","max-video-preview":"max-video-preview:-1"},"canonical":"https:\/\/www.koonings.com\/de\/product\/rembo-styling-go-with-the-good-flo\/","og_locale":"de_DE","og_type":"article","og_title":"Rembo Styling Gehen Sie mit dem guten Flo | Koonings","og_description":"Das Hochzeitskleid Go With The Good Flo von Rembo Styling, erh\u00e4ltlich bei Koonings The Wedding Palace, ist eine wundersch\u00f6ne Wahl f\u00fcr die Braut, die einen b\u00f6hmischen und raffinierten Look sucht. Es hat eine lockere und dennoch elegante A-Linien-Passform, die sanft \u00fcber den K\u00f6rper f\u00e4llt und ein leichtes und freies Gef\u00fchl vermittelt. Das Kleid ist mit raffinierter Spitze und subtilen Details verziert, die den romantischen Look unterstreichen. Der tiefe V-Ausschnitt und die raffinierten \u00c4rmel verleihen dem Kleid ein vertr\u00e4umtes, \u00e4therisches Gef\u00fchl, perfekt f\u00fcr eine Hochzeit in einem nat\u00fcrlichen oder b\u00f6hmischen Ambiente. Go With The Good Flo ist ein Kleid, das sowohl stilvoll als auch bequem ist und die perfekte Balance zwischen Modernit\u00e4t und zeitloser Sch\u00f6nheit bietet. Erh\u00e4ltlich bei Koonings The Wedding Palace, wo Sie dieses bezaubernde Kleid anprobieren und es f\u00fcr Ihren gro\u00dfen Tag ma\u00dfschneidern lassen k\u00f6nnen.","og_url":"https:\/\/www.koonings.com\/de\/product\/rembo-styling-go-with-the-good-flo\/","og_site_name":"Koonings","article_publisher":"https:\/\/www.facebook.com\/kooningstheweddingpalace","og_image":[{"width":1707,"height":2560,"url":"https:\/\/www.koonings.com\/wp-content\/uploads\/2024\/11\/28544_191d65d37207af28cdb960b57a9fd9ba5ddf741a3f430e00e216d6c320377920190f75cc-scaled.jpeg","type":"image\/jpeg"}],"twitter_card":"summary_large_image","twitter_misc":{"Gesch\u00e4tzte Lesezeit":"1\u00a0Minute"},"schema":{"@context":"https:\/\/schema.org","@graph":[{"@type":"WebPage","@id":"https:\/\/www.koonings.com\/de\/product\/rembo-styling-go-with-the-good-flo\/","url":"https:\/\/www.koonings.com\/de\/product\/rembo-styling-go-with-the-good-flo\/","name":"Rembo Styling Gehen Sie mit dem guten Flo | Koonings","isPartOf":{"@id":"https:\/\/www.koonings.com\/de\/#website"},"primaryImageOfPage":{"@id":"https:\/\/www.koonings.com\/de\/product\/rembo-styling-go-with-the-good-flo\/#primaryimage"},"image":{"@id":"https:\/\/www.koonings.com\/de\/product\/rembo-styling-go-with-the-good-flo\/#primaryimage"},"thumbnailUrl":"https:\/\/www.koonings.com\/wp-content\/uploads\/2024\/11\/28544_191d65d37207af28cdb960b57a9fd9ba5ddf741a3f430e00e216d6c320377920190f75cc-scaled.jpeg","datePublished":"2026-04-28T16:06:17+00:00","description":"Das Hochzeitskleid Go With The Good Flo von Rembo Styling, erh\u00e4ltlich bei Koonings The Wedding Palace, ist eine wundersch\u00f6ne Wahl f\u00fcr die Braut, die einen b\u00f6hmischen und raffinierten Look sucht. Es hat eine lockere und dennoch elegante A-Linien-Passform, die sanft \u00fcber den K\u00f6rper f\u00e4llt und ein leichtes und freies Gef\u00fchl vermittelt. Das Kleid ist mit raffinierter Spitze und subtilen Details verziert, die den romantischen Look unterstreichen. Der tiefe V-Ausschnitt und die raffinierten \u00c4rmel verleihen dem Kleid ein vertr\u00e4umtes, \u00e4therisches Gef\u00fchl, perfekt f\u00fcr eine Hochzeit in einem nat\u00fcrlichen oder b\u00f6hmischen Ambiente. Go With The Good Flo ist ein Kleid, das sowohl stilvoll als auch bequem ist und die perfekte Balance zwischen Modernit\u00e4t und zeitloser Sch\u00f6nheit bietet. Erh\u00e4ltlich bei Koonings The Wedding Palace, wo Sie dieses bezaubernde Kleid anprobieren und es f\u00fcr Ihren gro\u00dfen Tag ma\u00dfschneidern lassen k\u00f6nnen.","breadcrumb":{"@id":"https:\/\/www.koonings.com\/de\/product\/rembo-styling-go-with-the-good-flo\/#breadcrumb"},"inLanguage":"de","potentialAction":[{"@type":"ReadAction","target":["https:\/\/www.koonings.com\/de\/product\/rembo-styling-go-with-the-good-flo\/"]}]},{"@type":"ImageObject","inLanguage":"de","@id":"https:\/\/www.koonings.com\/de\/product\/rembo-styling-go-with-the-good-flo\/#primaryimage","url":"https:\/\/www.koonings.com\/wp-content\/uploads\/2024\/11\/28544_191d65d37207af28cdb960b57a9fd9ba5ddf741a3f430e00e216d6c320377920190f75cc-scaled.jpeg","contentUrl":"https:\/\/www.koonings.com\/wp-content\/uploads\/2024\/11\/28544_191d65d37207af28cdb960b57a9fd9ba5ddf741a3f430e00e216d6c320377920190f75cc-scaled.jpeg","width":1707,"height":2560},{"@type":"BreadcrumbList","@id":"https:\/\/www.koonings.com\/de\/product\/rembo-styling-go-with-the-good-flo\/#breadcrumb","itemListElement":[{"@type":"ListItem","position":1,"name":"Home","item":"https:\/\/www.koonings.com\/de\/"},{"@type":"ListItem","position":2,"name":"Rembo Styling Gehen Sie mit dem guten Flo"}]},{"@type":"WebSite","@id":"https:\/\/www.koonings.com\/de\/#website","url":"https:\/\/www.koonings.com\/de\/","name":"Koonings","description":"De grootste bruidsmodewinkel ter wereld","publisher":{"@id":"https:\/\/www.koonings.com\/de\/#organization"},"potentialAction":[{"@type":"SearchAction","target":{"@type":"EntryPoint","urlTemplate":"https:\/\/www.koonings.com\/de\/?s={search_term_string}"},"query-input":{"@type":"PropertyValueSpecification","valueRequired":true,"valueName":"search_term_string"}}],"inLanguage":"de"},{"@type":"Organization","@id":"https:\/\/www.koonings.com\/de\/#organization","name":"Koonings","url":"https:\/\/www.koonings.com\/de\/","logo":{"@type":"ImageObject","inLanguage":"de","@id":"https:\/\/www.koonings.com\/de\/#\/schema\/logo\/image\/","url":"https:\/\/www.koonings.com\/wp-content\/uploads\/2024\/07\/logo.png","contentUrl":"https:\/\/www.koonings.com\/wp-content\/uploads\/2024\/07\/logo.png","width":600,"height":428,"caption":"Koonings"},"image":{"@id":"https:\/\/www.koonings.com\/de\/#\/schema\/logo\/image\/"},"sameAs":["https:\/\/www.facebook.com\/kooningstheweddingpalace","https:\/\/www.instagram.com\/kooningstheweddingpalace","https:\/\/www.pinterest.com\/koonings","https:\/\/www.youtube.com\/kooningstheweddingpalace"]}]}},"_links":{"self":[{"href":"https:\/\/www.koonings.com\/de\/wp-json\/wp\/v2\/product\/32926","targetHints":{"allow":["GET"]}}],"collection":[{"href":"https:\/\/www.koonings.com\/de\/wp-json\/wp\/v2\/product"}],"about":[{"href":"https:\/\/www.koonings.com\/de\/wp-json\/wp\/v2\/types\/product"}],"wp:featuredmedia":[{"embeddable":true,"href":"https:\/\/www.koonings.com\/de\/wp-json\/wp\/v2\/media\/26802"}],"wp:attachment":[{"href":"https:\/\/www.koonings.com\/de\/wp-json\/wp\/v2\/media?parent=32926"}],"wp:term":[{"taxonomy":"productdetails","embeddable":true,"href":"https:\/\/www.koonings.com\/de\/wp-json\/wp\/v2\/productdetails?post=32926"},{"taxonomy":"productneck","embeddable":true,"href":"https:\/\/www.koonings.com\/de\/wp-json\/wp\/v2\/productneck?post=32926"},{"taxonomy":"productcolor","embeddable":true,"href":"https:\/\/www.koonings.com\/de\/wp-json\/wp\/v2\/productcolor?post=32926"},{"taxonomy":"maat","embeddable":true,"href":"https:\/\/www.koonings.com\/de\/wp-json\/wp\/v2\/maat?post=32926"},{"taxonomy":"productsupplier","embeddable":true,"href":"https:\/\/www.koonings.com\/de\/wp-json\/wp\/v2\/productsupplier?post=32926"},{"taxonomy":"productsleeve","embeddable":true,"href":"https:\/\/www.koonings.com\/de\/wp-json\/wp\/v2\/productsleeve?post=32926"},{"taxonomy":"productcategory","embeddable":true,"href":"https:\/\/www.koonings.com\/de\/wp-json\/wp\/v2\/productcategory?post=32926"},{"taxonomy":"productsilhouette","embeddable":true,"href":"https:\/\/www.koonings.com\/de\/wp-json\/wp\/v2\/productsilhouette?post=32926"},{"taxonomy":"productstyle","embeddable":true,"href":"https:\/\/www.koonings.com\/de\/wp-json\/wp\/v2\/productstyle?post=32926"}],"curies":[{"name":"wp","href":"https:\/\/api.w.org\/{rel}","templated":true}]}}