{"id":32784,"date":"2026-04-28T18:06:28","date_gmt":"2026-04-28T16:06:28","guid":{"rendered":"https:\/\/www.koonings.com\/product\/marylise-electra-2\/"},"modified":"2026-02-16T14:25:32","modified_gmt":"2026-02-16T13:25:32","slug":"marylise-electra-2","status":"publish","type":"product","link":"https:\/\/www.koonings.com\/de\/product\/marylise-electra-2\/","title":{"rendered":"Marylise Electra\/2"},"content":{"rendered":"<p>Perfektes Deux-Pi\u00e8ce. Das Oberteil ist aus feiner franz\u00f6sischer Spitze gefertigt und hat gro\u00dfe Puff\u00e4rmel. Das Oberteil ist an der Vorderseite geschlossen und an der R\u00fcckseite offen. Wir bieten 2 verschiedene L\u00e4ngen des Oberteils an. Die kurze Version ist etwas transparenter und die l\u00e4ngere Version ist weniger transparent. Der eng anliegende Rock ist aus Cr\u00eape gefertigt und hat einen Schlitz an der Vorderseite. Sie k\u00f6nnen sich auch f\u00fcr eine zus\u00e4tzliche abnehmbare Schleppe aus T\u00fcll am R\u00fccken entscheiden!      <\/p>\n","protected":false},"featured_media":27225,"template":"","meta":{"_acf_changed":false,"ghostkit_customizer_options":"","ghostkit_custom_css":"","ghostkit_custom_js_head":"","ghostkit_custom_js_foot":"","ghostkit_typography":""},"productdetails":[378],"productneck":[350],"productcolor":[393,392],"maat":[],"productsupplier":[410],"productsleeve":[362],"productcategory":[18],"productsilhouette":[390,391],"productstyle":[],"class_list":["post-32784","product","type-product","status-publish","has-post-thumbnail","hentry","productdetails-378","productneck-350","productcolor-393","productcolor-392","productsupplier-marylise","productsleeve-362","productcategory-trouwjurken","productsilhouette-390","productsilhouette-391"],"acf":[],"yoast_head":"<!-- This site is optimized with the Yoast SEO plugin v27.3 - https:\/\/yoast.com\/product\/yoast-seo-wordpress\/ -->\n<title>Marylise Electra\/2 | Koonings<\/title>\n<meta name=\"description\" content=\"Perfektes Deux-Pi\u00e8ce. Das Oberteil ist aus feiner franz\u00f6sischer Spitze gefertigt und hat gro\u00dfe Puff\u00e4rmel. Das Oberteil ist an der Vorderseite geschlossen und an der R\u00fcckseite offen. Wir bieten 2 verschiedene L\u00e4ngen des Oberteils an. Die kurze Version ist etwas transparenter und die l\u00e4ngere Version ist weniger transparent. Der eng anliegende Rock ist aus Cr\u00eape gefertigt und hat einen Schlitz an der Vorderseite. Sie k\u00f6nnen sich auch f\u00fcr eine zus\u00e4tzliche abnehmbare Schleppe aus T\u00fcll am R\u00fccken entscheiden!\" \/>\n<meta name=\"robots\" content=\"index, follow, max-snippet:-1, max-image-preview:large, max-video-preview:-1\" \/>\n<link rel=\"canonical\" href=\"https:\/\/www.koonings.com\/de\/product\/marylise-electra-2\/\" \/>\n<meta property=\"og:locale\" content=\"de_DE\" \/>\n<meta property=\"og:type\" content=\"article\" \/>\n<meta property=\"og:title\" content=\"Marylise Electra\/2 | Koonings\" \/>\n<meta property=\"og:description\" content=\"Perfektes Deux-Pi\u00e8ce. Das Oberteil ist aus feiner franz\u00f6sischer Spitze gefertigt und hat gro\u00dfe Puff\u00e4rmel. Das Oberteil ist an der Vorderseite geschlossen und an der R\u00fcckseite offen. Wir bieten 2 verschiedene L\u00e4ngen des Oberteils an. Die kurze Version ist etwas transparenter und die l\u00e4ngere Version ist weniger transparent. Der eng anliegende Rock ist aus Cr\u00eape gefertigt und hat einen Schlitz an der Vorderseite. Sie k\u00f6nnen sich auch f\u00fcr eine zus\u00e4tzliche abnehmbare Schleppe aus T\u00fcll am R\u00fccken entscheiden!\" \/>\n<meta property=\"og:url\" content=\"https:\/\/www.koonings.com\/de\/product\/marylise-electra-2\/\" \/>\n<meta property=\"og:site_name\" content=\"Koonings\" \/>\n<meta property=\"article:publisher\" content=\"https:\/\/www.facebook.com\/kooningstheweddingpalace\" \/>\n<meta property=\"og:image\" content=\"https:\/\/www.koonings.com\/wp-content\/uploads\/2024\/11\/35618_7aeb24c8273c8ca58fb54f7f5c6baabaa5bf5d7fb8f286142504366705bca2aaa3d65366.jpeg\" \/>\n\t<meta property=\"og:image:width\" content=\"786\" \/>\n\t<meta property=\"og:image:height\" content=\"1110\" \/>\n\t<meta property=\"og:image:type\" content=\"image\/jpeg\" \/>\n<meta name=\"twitter:card\" content=\"summary_large_image\" \/>\n<script type=\"application\/ld+json\" class=\"yoast-schema-graph\">{\"@context\":\"https:\\\/\\\/schema.org\",\"@graph\":[{\"@type\":\"WebPage\",\"@id\":\"https:\\\/\\\/www.koonings.com\\\/de\\\/product\\\/marylise-electra-2\\\/\",\"url\":\"https:\\\/\\\/www.koonings.com\\\/de\\\/product\\\/marylise-electra-2\\\/\",\"name\":\"Marylise Electra\\\/2 | Koonings\",\"isPartOf\":{\"@id\":\"https:\\\/\\\/www.koonings.com\\\/de\\\/#website\"},\"primaryImageOfPage\":{\"@id\":\"https:\\\/\\\/www.koonings.com\\\/de\\\/product\\\/marylise-electra-2\\\/#primaryimage\"},\"image\":{\"@id\":\"https:\\\/\\\/www.koonings.com\\\/de\\\/product\\\/marylise-electra-2\\\/#primaryimage\"},\"thumbnailUrl\":\"https:\\\/\\\/www.koonings.com\\\/wp-content\\\/uploads\\\/2024\\\/11\\\/35618_7aeb24c8273c8ca58fb54f7f5c6baabaa5bf5d7fb8f286142504366705bca2aaa3d65366.jpeg\",\"datePublished\":\"2026-04-28T16:06:28+00:00\",\"description\":\"Perfektes Deux-Pi\u00e8ce. Das Oberteil ist aus feiner franz\u00f6sischer Spitze gefertigt und hat gro\u00dfe Puff\u00e4rmel. Das Oberteil ist an der Vorderseite geschlossen und an der R\u00fcckseite offen. Wir bieten 2 verschiedene L\u00e4ngen des Oberteils an. Die kurze Version ist etwas transparenter und die l\u00e4ngere Version ist weniger transparent. Der eng anliegende Rock ist aus Cr\u00eape gefertigt und hat einen Schlitz an der Vorderseite. Sie k\u00f6nnen sich auch f\u00fcr eine zus\u00e4tzliche abnehmbare Schleppe aus T\u00fcll am R\u00fccken entscheiden!\",\"breadcrumb\":{\"@id\":\"https:\\\/\\\/www.koonings.com\\\/de\\\/product\\\/marylise-electra-2\\\/#breadcrumb\"},\"inLanguage\":\"de\",\"potentialAction\":[{\"@type\":\"ReadAction\",\"target\":[\"https:\\\/\\\/www.koonings.com\\\/de\\\/product\\\/marylise-electra-2\\\/\"]}]},{\"@type\":\"ImageObject\",\"inLanguage\":\"de\",\"@id\":\"https:\\\/\\\/www.koonings.com\\\/de\\\/product\\\/marylise-electra-2\\\/#primaryimage\",\"url\":\"https:\\\/\\\/www.koonings.com\\\/wp-content\\\/uploads\\\/2024\\\/11\\\/35618_7aeb24c8273c8ca58fb54f7f5c6baabaa5bf5d7fb8f286142504366705bca2aaa3d65366.jpeg\",\"contentUrl\":\"https:\\\/\\\/www.koonings.com\\\/wp-content\\\/uploads\\\/2024\\\/11\\\/35618_7aeb24c8273c8ca58fb54f7f5c6baabaa5bf5d7fb8f286142504366705bca2aaa3d65366.jpeg\",\"width\":786,\"height\":1110},{\"@type\":\"BreadcrumbList\",\"@id\":\"https:\\\/\\\/www.koonings.com\\\/de\\\/product\\\/marylise-electra-2\\\/#breadcrumb\",\"itemListElement\":[{\"@type\":\"ListItem\",\"position\":1,\"name\":\"Home\",\"item\":\"https:\\\/\\\/www.koonings.com\\\/de\\\/\"},{\"@type\":\"ListItem\",\"position\":2,\"name\":\"Marylise Electra\\\/2\"}]},{\"@type\":\"WebSite\",\"@id\":\"https:\\\/\\\/www.koonings.com\\\/de\\\/#website\",\"url\":\"https:\\\/\\\/www.koonings.com\\\/de\\\/\",\"name\":\"Koonings\",\"description\":\"De grootste bruidsmodewinkel ter wereld\",\"publisher\":{\"@id\":\"https:\\\/\\\/www.koonings.com\\\/de\\\/#organization\"},\"potentialAction\":[{\"@type\":\"SearchAction\",\"target\":{\"@type\":\"EntryPoint\",\"urlTemplate\":\"https:\\\/\\\/www.koonings.com\\\/de\\\/?s={search_term_string}\"},\"query-input\":{\"@type\":\"PropertyValueSpecification\",\"valueRequired\":true,\"valueName\":\"search_term_string\"}}],\"inLanguage\":\"de\"},{\"@type\":\"Organization\",\"@id\":\"https:\\\/\\\/www.koonings.com\\\/de\\\/#organization\",\"name\":\"Koonings\",\"url\":\"https:\\\/\\\/www.koonings.com\\\/de\\\/\",\"logo\":{\"@type\":\"ImageObject\",\"inLanguage\":\"de\",\"@id\":\"https:\\\/\\\/www.koonings.com\\\/de\\\/#\\\/schema\\\/logo\\\/image\\\/\",\"url\":\"https:\\\/\\\/www.koonings.com\\\/wp-content\\\/uploads\\\/2024\\\/07\\\/logo.png\",\"contentUrl\":\"https:\\\/\\\/www.koonings.com\\\/wp-content\\\/uploads\\\/2024\\\/07\\\/logo.png\",\"width\":600,\"height\":428,\"caption\":\"Koonings\"},\"image\":{\"@id\":\"https:\\\/\\\/www.koonings.com\\\/de\\\/#\\\/schema\\\/logo\\\/image\\\/\"},\"sameAs\":[\"https:\\\/\\\/www.facebook.com\\\/kooningstheweddingpalace\",\"https:\\\/\\\/www.instagram.com\\\/kooningstheweddingpalace\",\"https:\\\/\\\/www.pinterest.com\\\/koonings\",\"https:\\\/\\\/www.youtube.com\\\/kooningstheweddingpalace\"]}]}<\/script>\n<!-- \/ Yoast SEO plugin. -->","yoast_head_json":{"title":"Marylise Electra\/2 | Koonings","description":"Perfektes Deux-Pi\u00e8ce. Das Oberteil ist aus feiner franz\u00f6sischer Spitze gefertigt und hat gro\u00dfe Puff\u00e4rmel. Das Oberteil ist an der Vorderseite geschlossen und an der R\u00fcckseite offen. Wir bieten 2 verschiedene L\u00e4ngen des Oberteils an. Die kurze Version ist etwas transparenter und die l\u00e4ngere Version ist weniger transparent. Der eng anliegende Rock ist aus Cr\u00eape gefertigt und hat einen Schlitz an der Vorderseite. Sie k\u00f6nnen sich auch f\u00fcr eine zus\u00e4tzliche abnehmbare Schleppe aus T\u00fcll am R\u00fccken entscheiden!","robots":{"index":"index","follow":"follow","max-snippet":"max-snippet:-1","max-image-preview":"max-image-preview:large","max-video-preview":"max-video-preview:-1"},"canonical":"https:\/\/www.koonings.com\/de\/product\/marylise-electra-2\/","og_locale":"de_DE","og_type":"article","og_title":"Marylise Electra\/2 | Koonings","og_description":"Perfektes Deux-Pi\u00e8ce. Das Oberteil ist aus feiner franz\u00f6sischer Spitze gefertigt und hat gro\u00dfe Puff\u00e4rmel. Das Oberteil ist an der Vorderseite geschlossen und an der R\u00fcckseite offen. Wir bieten 2 verschiedene L\u00e4ngen des Oberteils an. Die kurze Version ist etwas transparenter und die l\u00e4ngere Version ist weniger transparent. Der eng anliegende Rock ist aus Cr\u00eape gefertigt und hat einen Schlitz an der Vorderseite. Sie k\u00f6nnen sich auch f\u00fcr eine zus\u00e4tzliche abnehmbare Schleppe aus T\u00fcll am R\u00fccken entscheiden!","og_url":"https:\/\/www.koonings.com\/de\/product\/marylise-electra-2\/","og_site_name":"Koonings","article_publisher":"https:\/\/www.facebook.com\/kooningstheweddingpalace","og_image":[{"width":786,"height":1110,"url":"https:\/\/www.koonings.com\/wp-content\/uploads\/2024\/11\/35618_7aeb24c8273c8ca58fb54f7f5c6baabaa5bf5d7fb8f286142504366705bca2aaa3d65366.jpeg","type":"image\/jpeg"}],"twitter_card":"summary_large_image","schema":{"@context":"https:\/\/schema.org","@graph":[{"@type":"WebPage","@id":"https:\/\/www.koonings.com\/de\/product\/marylise-electra-2\/","url":"https:\/\/www.koonings.com\/de\/product\/marylise-electra-2\/","name":"Marylise Electra\/2 | Koonings","isPartOf":{"@id":"https:\/\/www.koonings.com\/de\/#website"},"primaryImageOfPage":{"@id":"https:\/\/www.koonings.com\/de\/product\/marylise-electra-2\/#primaryimage"},"image":{"@id":"https:\/\/www.koonings.com\/de\/product\/marylise-electra-2\/#primaryimage"},"thumbnailUrl":"https:\/\/www.koonings.com\/wp-content\/uploads\/2024\/11\/35618_7aeb24c8273c8ca58fb54f7f5c6baabaa5bf5d7fb8f286142504366705bca2aaa3d65366.jpeg","datePublished":"2026-04-28T16:06:28+00:00","description":"Perfektes Deux-Pi\u00e8ce. Das Oberteil ist aus feiner franz\u00f6sischer Spitze gefertigt und hat gro\u00dfe Puff\u00e4rmel. Das Oberteil ist an der Vorderseite geschlossen und an der R\u00fcckseite offen. Wir bieten 2 verschiedene L\u00e4ngen des Oberteils an. Die kurze Version ist etwas transparenter und die l\u00e4ngere Version ist weniger transparent. Der eng anliegende Rock ist aus Cr\u00eape gefertigt und hat einen Schlitz an der Vorderseite. Sie k\u00f6nnen sich auch f\u00fcr eine zus\u00e4tzliche abnehmbare Schleppe aus T\u00fcll am R\u00fccken entscheiden!","breadcrumb":{"@id":"https:\/\/www.koonings.com\/de\/product\/marylise-electra-2\/#breadcrumb"},"inLanguage":"de","potentialAction":[{"@type":"ReadAction","target":["https:\/\/www.koonings.com\/de\/product\/marylise-electra-2\/"]}]},{"@type":"ImageObject","inLanguage":"de","@id":"https:\/\/www.koonings.com\/de\/product\/marylise-electra-2\/#primaryimage","url":"https:\/\/www.koonings.com\/wp-content\/uploads\/2024\/11\/35618_7aeb24c8273c8ca58fb54f7f5c6baabaa5bf5d7fb8f286142504366705bca2aaa3d65366.jpeg","contentUrl":"https:\/\/www.koonings.com\/wp-content\/uploads\/2024\/11\/35618_7aeb24c8273c8ca58fb54f7f5c6baabaa5bf5d7fb8f286142504366705bca2aaa3d65366.jpeg","width":786,"height":1110},{"@type":"BreadcrumbList","@id":"https:\/\/www.koonings.com\/de\/product\/marylise-electra-2\/#breadcrumb","itemListElement":[{"@type":"ListItem","position":1,"name":"Home","item":"https:\/\/www.koonings.com\/de\/"},{"@type":"ListItem","position":2,"name":"Marylise Electra\/2"}]},{"@type":"WebSite","@id":"https:\/\/www.koonings.com\/de\/#website","url":"https:\/\/www.koonings.com\/de\/","name":"Koonings","description":"De grootste bruidsmodewinkel ter wereld","publisher":{"@id":"https:\/\/www.koonings.com\/de\/#organization"},"potentialAction":[{"@type":"SearchAction","target":{"@type":"EntryPoint","urlTemplate":"https:\/\/www.koonings.com\/de\/?s={search_term_string}"},"query-input":{"@type":"PropertyValueSpecification","valueRequired":true,"valueName":"search_term_string"}}],"inLanguage":"de"},{"@type":"Organization","@id":"https:\/\/www.koonings.com\/de\/#organization","name":"Koonings","url":"https:\/\/www.koonings.com\/de\/","logo":{"@type":"ImageObject","inLanguage":"de","@id":"https:\/\/www.koonings.com\/de\/#\/schema\/logo\/image\/","url":"https:\/\/www.koonings.com\/wp-content\/uploads\/2024\/07\/logo.png","contentUrl":"https:\/\/www.koonings.com\/wp-content\/uploads\/2024\/07\/logo.png","width":600,"height":428,"caption":"Koonings"},"image":{"@id":"https:\/\/www.koonings.com\/de\/#\/schema\/logo\/image\/"},"sameAs":["https:\/\/www.facebook.com\/kooningstheweddingpalace","https:\/\/www.instagram.com\/kooningstheweddingpalace","https:\/\/www.pinterest.com\/koonings","https:\/\/www.youtube.com\/kooningstheweddingpalace"]}]}},"_links":{"self":[{"href":"https:\/\/www.koonings.com\/de\/wp-json\/wp\/v2\/product\/32784","targetHints":{"allow":["GET"]}}],"collection":[{"href":"https:\/\/www.koonings.com\/de\/wp-json\/wp\/v2\/product"}],"about":[{"href":"https:\/\/www.koonings.com\/de\/wp-json\/wp\/v2\/types\/product"}],"wp:featuredmedia":[{"embeddable":true,"href":"https:\/\/www.koonings.com\/de\/wp-json\/wp\/v2\/media\/27225"}],"wp:attachment":[{"href":"https:\/\/www.koonings.com\/de\/wp-json\/wp\/v2\/media?parent=32784"}],"wp:term":[{"taxonomy":"productdetails","embeddable":true,"href":"https:\/\/www.koonings.com\/de\/wp-json\/wp\/v2\/productdetails?post=32784"},{"taxonomy":"productneck","embeddable":true,"href":"https:\/\/www.koonings.com\/de\/wp-json\/wp\/v2\/productneck?post=32784"},{"taxonomy":"productcolor","embeddable":true,"href":"https:\/\/www.koonings.com\/de\/wp-json\/wp\/v2\/productcolor?post=32784"},{"taxonomy":"maat","embeddable":true,"href":"https:\/\/www.koonings.com\/de\/wp-json\/wp\/v2\/maat?post=32784"},{"taxonomy":"productsupplier","embeddable":true,"href":"https:\/\/www.koonings.com\/de\/wp-json\/wp\/v2\/productsupplier?post=32784"},{"taxonomy":"productsleeve","embeddable":true,"href":"https:\/\/www.koonings.com\/de\/wp-json\/wp\/v2\/productsleeve?post=32784"},{"taxonomy":"productcategory","embeddable":true,"href":"https:\/\/www.koonings.com\/de\/wp-json\/wp\/v2\/productcategory?post=32784"},{"taxonomy":"productsilhouette","embeddable":true,"href":"https:\/\/www.koonings.com\/de\/wp-json\/wp\/v2\/productsilhouette?post=32784"},{"taxonomy":"productstyle","embeddable":true,"href":"https:\/\/www.koonings.com\/de\/wp-json\/wp\/v2\/productstyle?post=32784"}],"curies":[{"name":"wp","href":"https:\/\/api.w.org\/{rel}","templated":true}]}}