{"id":32783,"date":"2026-04-21T18:06:38","date_gmt":"2026-04-21T16:06:38","guid":{"rendered":"https:\/\/www.koonings.com\/product\/herve-paris-aze\/"},"modified":"2026-02-16T13:55:08","modified_gmt":"2026-02-16T12:55:08","slug":"herve-paris-aze","status":"publish","type":"product","link":"https:\/\/www.koonings.com\/de\/product\/herve-paris-aze\/","title":{"rendered":"Herve Paris Aze"},"content":{"rendered":"<p>Eine zeitgen\u00f6ssische Inszenierung von k\u00fchnen Stoffen und romantischen Formen.<br \/>\nDas Spitzenmieder von Aze erinnert an den unverkennbaren Stil von Herve Paris mit einem modernen Twist. Aze ist aus einem einzigartigen gepunkteten T\u00fcllstoff gefertigt, der ein auff\u00e4lliges Strukturelement bildet, das die ohnehin schon auff\u00e4llige Dramatik durch einen schw\u00fclen Beinausschnitt noch verst\u00e4rkt. <\/p>\n","protected":false},"featured_media":27251,"template":"","meta":{"_acf_changed":false,"ghostkit_customizer_options":"","ghostkit_custom_css":"","ghostkit_custom_js_head":"","ghostkit_custom_js_foot":"","ghostkit_typography":""},"productdetails":[378],"productneck":[356],"productcolor":[392],"maat":[],"productsupplier":[424],"productsleeve":[359],"productcategory":[18],"productsilhouette":[384,389],"productstyle":[366,370,373],"class_list":["post-32783","product","type-product","status-publish","has-post-thumbnail","hentry","productdetails-378","productneck-356","productcolor-392","productsupplier-herve-paris","productsleeve-359","productcategory-trouwjurken","productsilhouette-384","productsilhouette-389","productstyle-366","productstyle-370","productstyle-373"],"acf":[],"yoast_head":"<!-- This site is optimized with the Yoast SEO plugin v27.3 - https:\/\/yoast.com\/product\/yoast-seo-wordpress\/ -->\n<title>Herve Paris Aze | Koonings<\/title>\n<meta name=\"description\" content=\"Eine zeitgen\u00f6ssische Inszenierung von k\u00fchnen Stoffen und romantischen Formen. Das Spitzenmieder von Aze erinnert an den unverkennbaren Stil von Herve Paris mit einem modernen Twist. Aze ist aus einem einzigartigen gepunkteten T\u00fcllstoff gefertigt, der ein auff\u00e4lliges Strukturelement bildet, das die ohnehin schon auff\u00e4llige Dramatik durch einen schw\u00fclen Beinausschnitt noch verst\u00e4rkt.\" \/>\n<meta name=\"robots\" content=\"index, follow, max-snippet:-1, max-image-preview:large, max-video-preview:-1\" \/>\n<link rel=\"canonical\" href=\"https:\/\/www.koonings.com\/de\/product\/herve-paris-aze\/\" \/>\n<meta property=\"og:locale\" content=\"de_DE\" \/>\n<meta property=\"og:type\" content=\"article\" \/>\n<meta property=\"og:title\" content=\"Herve Paris Aze | Koonings\" \/>\n<meta property=\"og:description\" content=\"Eine zeitgen\u00f6ssische Inszenierung von k\u00fchnen Stoffen und romantischen Formen. Das Spitzenmieder von Aze erinnert an den unverkennbaren Stil von Herve Paris mit einem modernen Twist. Aze ist aus einem einzigartigen gepunkteten T\u00fcllstoff gefertigt, der ein auff\u00e4lliges Strukturelement bildet, das die ohnehin schon auff\u00e4llige Dramatik durch einen schw\u00fclen Beinausschnitt noch verst\u00e4rkt.\" \/>\n<meta property=\"og:url\" content=\"https:\/\/www.koonings.com\/de\/product\/herve-paris-aze\/\" \/>\n<meta property=\"og:site_name\" content=\"Koonings\" \/>\n<meta property=\"article:publisher\" content=\"https:\/\/www.facebook.com\/kooningstheweddingpalace\" \/>\n<meta property=\"og:image\" content=\"https:\/\/www.koonings.com\/wp-content\/uploads\/2024\/11\/35689_78606749ec08080dff2c3ebb0c6b60404322cf341f86be6640a7d08e2353fcdb881c82f9.jpeg\" \/>\n\t<meta property=\"og:image:width\" content=\"1609\" \/>\n\t<meta property=\"og:image:height\" content=\"2271\" \/>\n\t<meta property=\"og:image:type\" content=\"image\/jpeg\" \/>\n<meta name=\"twitter:card\" content=\"summary_large_image\" \/>\n<script type=\"application\/ld+json\" class=\"yoast-schema-graph\">{\"@context\":\"https:\\\/\\\/schema.org\",\"@graph\":[{\"@type\":\"WebPage\",\"@id\":\"https:\\\/\\\/www.koonings.com\\\/de\\\/product\\\/herve-paris-aze\\\/\",\"url\":\"https:\\\/\\\/www.koonings.com\\\/de\\\/product\\\/herve-paris-aze\\\/\",\"name\":\"Herve Paris Aze | Koonings\",\"isPartOf\":{\"@id\":\"https:\\\/\\\/www.koonings.com\\\/de\\\/#website\"},\"primaryImageOfPage\":{\"@id\":\"https:\\\/\\\/www.koonings.com\\\/de\\\/product\\\/herve-paris-aze\\\/#primaryimage\"},\"image\":{\"@id\":\"https:\\\/\\\/www.koonings.com\\\/de\\\/product\\\/herve-paris-aze\\\/#primaryimage\"},\"thumbnailUrl\":\"https:\\\/\\\/www.koonings.com\\\/wp-content\\\/uploads\\\/2024\\\/11\\\/35689_78606749ec08080dff2c3ebb0c6b60404322cf341f86be6640a7d08e2353fcdb881c82f9.jpeg\",\"datePublished\":\"2026-04-21T16:06:38+00:00\",\"description\":\"Eine zeitgen\u00f6ssische Inszenierung von k\u00fchnen Stoffen und romantischen Formen. Das Spitzenmieder von Aze erinnert an den unverkennbaren Stil von Herve Paris mit einem modernen Twist. Aze ist aus einem einzigartigen gepunkteten T\u00fcllstoff gefertigt, der ein auff\u00e4lliges Strukturelement bildet, das die ohnehin schon auff\u00e4llige Dramatik durch einen schw\u00fclen Beinausschnitt noch verst\u00e4rkt.\",\"breadcrumb\":{\"@id\":\"https:\\\/\\\/www.koonings.com\\\/de\\\/product\\\/herve-paris-aze\\\/#breadcrumb\"},\"inLanguage\":\"de\",\"potentialAction\":[{\"@type\":\"ReadAction\",\"target\":[\"https:\\\/\\\/www.koonings.com\\\/de\\\/product\\\/herve-paris-aze\\\/\"]}]},{\"@type\":\"ImageObject\",\"inLanguage\":\"de\",\"@id\":\"https:\\\/\\\/www.koonings.com\\\/de\\\/product\\\/herve-paris-aze\\\/#primaryimage\",\"url\":\"https:\\\/\\\/www.koonings.com\\\/wp-content\\\/uploads\\\/2024\\\/11\\\/35689_78606749ec08080dff2c3ebb0c6b60404322cf341f86be6640a7d08e2353fcdb881c82f9.jpeg\",\"contentUrl\":\"https:\\\/\\\/www.koonings.com\\\/wp-content\\\/uploads\\\/2024\\\/11\\\/35689_78606749ec08080dff2c3ebb0c6b60404322cf341f86be6640a7d08e2353fcdb881c82f9.jpeg\",\"width\":1609,\"height\":2271},{\"@type\":\"BreadcrumbList\",\"@id\":\"https:\\\/\\\/www.koonings.com\\\/de\\\/product\\\/herve-paris-aze\\\/#breadcrumb\",\"itemListElement\":[{\"@type\":\"ListItem\",\"position\":1,\"name\":\"Home\",\"item\":\"https:\\\/\\\/www.koonings.com\\\/de\\\/\"},{\"@type\":\"ListItem\",\"position\":2,\"name\":\"Herve Paris Aze\"}]},{\"@type\":\"WebSite\",\"@id\":\"https:\\\/\\\/www.koonings.com\\\/de\\\/#website\",\"url\":\"https:\\\/\\\/www.koonings.com\\\/de\\\/\",\"name\":\"Koonings\",\"description\":\"De grootste bruidsmodewinkel ter wereld\",\"publisher\":{\"@id\":\"https:\\\/\\\/www.koonings.com\\\/de\\\/#organization\"},\"potentialAction\":[{\"@type\":\"SearchAction\",\"target\":{\"@type\":\"EntryPoint\",\"urlTemplate\":\"https:\\\/\\\/www.koonings.com\\\/de\\\/?s={search_term_string}\"},\"query-input\":{\"@type\":\"PropertyValueSpecification\",\"valueRequired\":true,\"valueName\":\"search_term_string\"}}],\"inLanguage\":\"de\"},{\"@type\":\"Organization\",\"@id\":\"https:\\\/\\\/www.koonings.com\\\/de\\\/#organization\",\"name\":\"Koonings\",\"url\":\"https:\\\/\\\/www.koonings.com\\\/de\\\/\",\"logo\":{\"@type\":\"ImageObject\",\"inLanguage\":\"de\",\"@id\":\"https:\\\/\\\/www.koonings.com\\\/de\\\/#\\\/schema\\\/logo\\\/image\\\/\",\"url\":\"https:\\\/\\\/www.koonings.com\\\/wp-content\\\/uploads\\\/2024\\\/07\\\/logo.png\",\"contentUrl\":\"https:\\\/\\\/www.koonings.com\\\/wp-content\\\/uploads\\\/2024\\\/07\\\/logo.png\",\"width\":600,\"height\":428,\"caption\":\"Koonings\"},\"image\":{\"@id\":\"https:\\\/\\\/www.koonings.com\\\/de\\\/#\\\/schema\\\/logo\\\/image\\\/\"},\"sameAs\":[\"https:\\\/\\\/www.facebook.com\\\/kooningstheweddingpalace\",\"https:\\\/\\\/www.instagram.com\\\/kooningstheweddingpalace\",\"https:\\\/\\\/www.pinterest.com\\\/koonings\",\"https:\\\/\\\/www.youtube.com\\\/kooningstheweddingpalace\"]}]}<\/script>\n<!-- \/ Yoast SEO plugin. -->","yoast_head_json":{"title":"Herve Paris Aze | Koonings","description":"Eine zeitgen\u00f6ssische Inszenierung von k\u00fchnen Stoffen und romantischen Formen. Das Spitzenmieder von Aze erinnert an den unverkennbaren Stil von Herve Paris mit einem modernen Twist. Aze ist aus einem einzigartigen gepunkteten T\u00fcllstoff gefertigt, der ein auff\u00e4lliges Strukturelement bildet, das die ohnehin schon auff\u00e4llige Dramatik durch einen schw\u00fclen Beinausschnitt noch verst\u00e4rkt.","robots":{"index":"index","follow":"follow","max-snippet":"max-snippet:-1","max-image-preview":"max-image-preview:large","max-video-preview":"max-video-preview:-1"},"canonical":"https:\/\/www.koonings.com\/de\/product\/herve-paris-aze\/","og_locale":"de_DE","og_type":"article","og_title":"Herve Paris Aze | Koonings","og_description":"Eine zeitgen\u00f6ssische Inszenierung von k\u00fchnen Stoffen und romantischen Formen. Das Spitzenmieder von Aze erinnert an den unverkennbaren Stil von Herve Paris mit einem modernen Twist. Aze ist aus einem einzigartigen gepunkteten T\u00fcllstoff gefertigt, der ein auff\u00e4lliges Strukturelement bildet, das die ohnehin schon auff\u00e4llige Dramatik durch einen schw\u00fclen Beinausschnitt noch verst\u00e4rkt.","og_url":"https:\/\/www.koonings.com\/de\/product\/herve-paris-aze\/","og_site_name":"Koonings","article_publisher":"https:\/\/www.facebook.com\/kooningstheweddingpalace","og_image":[{"width":1609,"height":2271,"url":"https:\/\/www.koonings.com\/wp-content\/uploads\/2024\/11\/35689_78606749ec08080dff2c3ebb0c6b60404322cf341f86be6640a7d08e2353fcdb881c82f9.jpeg","type":"image\/jpeg"}],"twitter_card":"summary_large_image","schema":{"@context":"https:\/\/schema.org","@graph":[{"@type":"WebPage","@id":"https:\/\/www.koonings.com\/de\/product\/herve-paris-aze\/","url":"https:\/\/www.koonings.com\/de\/product\/herve-paris-aze\/","name":"Herve Paris Aze | Koonings","isPartOf":{"@id":"https:\/\/www.koonings.com\/de\/#website"},"primaryImageOfPage":{"@id":"https:\/\/www.koonings.com\/de\/product\/herve-paris-aze\/#primaryimage"},"image":{"@id":"https:\/\/www.koonings.com\/de\/product\/herve-paris-aze\/#primaryimage"},"thumbnailUrl":"https:\/\/www.koonings.com\/wp-content\/uploads\/2024\/11\/35689_78606749ec08080dff2c3ebb0c6b60404322cf341f86be6640a7d08e2353fcdb881c82f9.jpeg","datePublished":"2026-04-21T16:06:38+00:00","description":"Eine zeitgen\u00f6ssische Inszenierung von k\u00fchnen Stoffen und romantischen Formen. Das Spitzenmieder von Aze erinnert an den unverkennbaren Stil von Herve Paris mit einem modernen Twist. Aze ist aus einem einzigartigen gepunkteten T\u00fcllstoff gefertigt, der ein auff\u00e4lliges Strukturelement bildet, das die ohnehin schon auff\u00e4llige Dramatik durch einen schw\u00fclen Beinausschnitt noch verst\u00e4rkt.","breadcrumb":{"@id":"https:\/\/www.koonings.com\/de\/product\/herve-paris-aze\/#breadcrumb"},"inLanguage":"de","potentialAction":[{"@type":"ReadAction","target":["https:\/\/www.koonings.com\/de\/product\/herve-paris-aze\/"]}]},{"@type":"ImageObject","inLanguage":"de","@id":"https:\/\/www.koonings.com\/de\/product\/herve-paris-aze\/#primaryimage","url":"https:\/\/www.koonings.com\/wp-content\/uploads\/2024\/11\/35689_78606749ec08080dff2c3ebb0c6b60404322cf341f86be6640a7d08e2353fcdb881c82f9.jpeg","contentUrl":"https:\/\/www.koonings.com\/wp-content\/uploads\/2024\/11\/35689_78606749ec08080dff2c3ebb0c6b60404322cf341f86be6640a7d08e2353fcdb881c82f9.jpeg","width":1609,"height":2271},{"@type":"BreadcrumbList","@id":"https:\/\/www.koonings.com\/de\/product\/herve-paris-aze\/#breadcrumb","itemListElement":[{"@type":"ListItem","position":1,"name":"Home","item":"https:\/\/www.koonings.com\/de\/"},{"@type":"ListItem","position":2,"name":"Herve Paris Aze"}]},{"@type":"WebSite","@id":"https:\/\/www.koonings.com\/de\/#website","url":"https:\/\/www.koonings.com\/de\/","name":"Koonings","description":"De grootste bruidsmodewinkel ter wereld","publisher":{"@id":"https:\/\/www.koonings.com\/de\/#organization"},"potentialAction":[{"@type":"SearchAction","target":{"@type":"EntryPoint","urlTemplate":"https:\/\/www.koonings.com\/de\/?s={search_term_string}"},"query-input":{"@type":"PropertyValueSpecification","valueRequired":true,"valueName":"search_term_string"}}],"inLanguage":"de"},{"@type":"Organization","@id":"https:\/\/www.koonings.com\/de\/#organization","name":"Koonings","url":"https:\/\/www.koonings.com\/de\/","logo":{"@type":"ImageObject","inLanguage":"de","@id":"https:\/\/www.koonings.com\/de\/#\/schema\/logo\/image\/","url":"https:\/\/www.koonings.com\/wp-content\/uploads\/2024\/07\/logo.png","contentUrl":"https:\/\/www.koonings.com\/wp-content\/uploads\/2024\/07\/logo.png","width":600,"height":428,"caption":"Koonings"},"image":{"@id":"https:\/\/www.koonings.com\/de\/#\/schema\/logo\/image\/"},"sameAs":["https:\/\/www.facebook.com\/kooningstheweddingpalace","https:\/\/www.instagram.com\/kooningstheweddingpalace","https:\/\/www.pinterest.com\/koonings","https:\/\/www.youtube.com\/kooningstheweddingpalace"]}]}},"_links":{"self":[{"href":"https:\/\/www.koonings.com\/de\/wp-json\/wp\/v2\/product\/32783","targetHints":{"allow":["GET"]}}],"collection":[{"href":"https:\/\/www.koonings.com\/de\/wp-json\/wp\/v2\/product"}],"about":[{"href":"https:\/\/www.koonings.com\/de\/wp-json\/wp\/v2\/types\/product"}],"wp:featuredmedia":[{"embeddable":true,"href":"https:\/\/www.koonings.com\/de\/wp-json\/wp\/v2\/media\/27251"}],"wp:attachment":[{"href":"https:\/\/www.koonings.com\/de\/wp-json\/wp\/v2\/media?parent=32783"}],"wp:term":[{"taxonomy":"productdetails","embeddable":true,"href":"https:\/\/www.koonings.com\/de\/wp-json\/wp\/v2\/productdetails?post=32783"},{"taxonomy":"productneck","embeddable":true,"href":"https:\/\/www.koonings.com\/de\/wp-json\/wp\/v2\/productneck?post=32783"},{"taxonomy":"productcolor","embeddable":true,"href":"https:\/\/www.koonings.com\/de\/wp-json\/wp\/v2\/productcolor?post=32783"},{"taxonomy":"maat","embeddable":true,"href":"https:\/\/www.koonings.com\/de\/wp-json\/wp\/v2\/maat?post=32783"},{"taxonomy":"productsupplier","embeddable":true,"href":"https:\/\/www.koonings.com\/de\/wp-json\/wp\/v2\/productsupplier?post=32783"},{"taxonomy":"productsleeve","embeddable":true,"href":"https:\/\/www.koonings.com\/de\/wp-json\/wp\/v2\/productsleeve?post=32783"},{"taxonomy":"productcategory","embeddable":true,"href":"https:\/\/www.koonings.com\/de\/wp-json\/wp\/v2\/productcategory?post=32783"},{"taxonomy":"productsilhouette","embeddable":true,"href":"https:\/\/www.koonings.com\/de\/wp-json\/wp\/v2\/productsilhouette?post=32783"},{"taxonomy":"productstyle","embeddable":true,"href":"https:\/\/www.koonings.com\/de\/wp-json\/wp\/v2\/productstyle?post=32783"}],"curies":[{"name":"wp","href":"https:\/\/api.w.org\/{rel}","templated":true}]}}