{"id":32779,"date":"2026-04-28T18:06:29","date_gmt":"2026-04-28T16:06:29","guid":{"rendered":"https:\/\/www.koonings.com\/product\/rembo-styling-lyrical-1-belt\/"},"modified":"2026-02-16T13:54:17","modified_gmt":"2026-02-16T12:54:17","slug":"rembo-styling-lyrical-1-belt","status":"publish","type":"product","link":"https:\/\/www.koonings.com\/de\/product\/rembo-styling-lyrical-1-belt\/","title":{"rendered":"Rembo Styling Lyrical\/1 + G\u00fcrtel"},"content":{"rendered":"<p>Das Lyrical Hochzeitskleid von Rembo Styling, erh\u00e4ltlich bei Koonings The Wedding Palace, ist eine elegante und romantische Wahl f\u00fcr die Braut, die nach einem einzigartigen, b\u00f6hmischen Look sucht. Es zeichnet sich durch eine wundersch\u00f6ne A-Linien-Silhouette aus, die verspielt und leicht f\u00e4llt und dem Kleid einen modernen und doch klassischen Charme verleiht. Das Kleid ist mit zarter Spitze und subtilen Details verziert, die ein raffiniertes, romantisches Gef\u00fchl vermitteln. Der tiefe V-Ausschnitt und die vertr\u00e4umten \u00c4rmel unterstreichen den weichen und \u00e4therischen Charakter des Kleides. Ideal f\u00fcr eine Hochzeit im rustikalen oder b\u00f6hmischen Stil, bietet das Lyrical die perfekte Balance zwischen Eleganz und Freiheit. Erh\u00e4ltlich bei Koonings The Wedding Palace, wo Sie dieses atemberaubende Kleid anprobieren und es f\u00fcr Ihren besonderen Tag ma\u00dfschneidern lassen k\u00f6nnen.     <\/p>\n","protected":false},"featured_media":27238,"template":"","meta":{"_acf_changed":false,"ghostkit_customizer_options":"","ghostkit_custom_css":"","ghostkit_custom_js_head":"","ghostkit_custom_js_foot":"","ghostkit_typography":""},"productdetails":[378],"productneck":[352],"productcolor":[392],"maat":[],"productsupplier":[414],"productsleeve":[361],"productcategory":[18],"productsilhouette":[389],"productstyle":[364],"class_list":["post-32779","product","type-product","status-publish","has-post-thumbnail","hentry","productdetails-378","productneck-352","productcolor-392","productsupplier-rembo-styling","productsleeve-361","productcategory-trouwjurken","productsilhouette-389","productstyle-364"],"acf":[],"yoast_head":"<!-- This site is optimized with the Yoast SEO plugin v27.3 - https:\/\/yoast.com\/product\/yoast-seo-wordpress\/ -->\n<title>Rembo Styling Lyrical\/1 + G\u00fcrtel | Koonings<\/title>\n<meta name=\"description\" content=\"Das Lyrical Hochzeitskleid von Rembo Styling, erh\u00e4ltlich bei Koonings The Wedding Palace, ist eine elegante und romantische Wahl f\u00fcr die Braut, die nach einem einzigartigen, b\u00f6hmischen Look sucht. Es zeichnet sich durch eine wundersch\u00f6ne A-Linien-Silhouette aus, die verspielt und leicht f\u00e4llt und dem Kleid einen modernen und doch klassischen Charme verleiht. Das Kleid ist mit zarter Spitze und subtilen Details verziert, die ein raffiniertes, romantisches Gef\u00fchl vermitteln. Der tiefe V-Ausschnitt und die vertr\u00e4umten \u00c4rmel unterstreichen den weichen und \u00e4therischen Charakter des Kleides. Ideal f\u00fcr eine Hochzeit im rustikalen oder b\u00f6hmischen Stil, bietet das Lyrical die perfekte Balance zwischen Eleganz und Freiheit. Erh\u00e4ltlich bei Koonings The Wedding Palace, wo Sie dieses atemberaubende Kleid anprobieren und es f\u00fcr Ihren besonderen Tag ma\u00dfschneidern lassen k\u00f6nnen.\" \/>\n<meta name=\"robots\" content=\"index, follow, max-snippet:-1, max-image-preview:large, max-video-preview:-1\" \/>\n<link rel=\"canonical\" href=\"https:\/\/www.koonings.com\/de\/product\/rembo-styling-lyrical-1-belt\/\" \/>\n<meta property=\"og:locale\" content=\"de_DE\" \/>\n<meta property=\"og:type\" content=\"article\" \/>\n<meta property=\"og:title\" content=\"Rembo Styling Lyrical\/1 + G\u00fcrtel | Koonings\" \/>\n<meta property=\"og:description\" content=\"Das Lyrical Hochzeitskleid von Rembo Styling, erh\u00e4ltlich bei Koonings The Wedding Palace, ist eine elegante und romantische Wahl f\u00fcr die Braut, die nach einem einzigartigen, b\u00f6hmischen Look sucht. Es zeichnet sich durch eine wundersch\u00f6ne A-Linien-Silhouette aus, die verspielt und leicht f\u00e4llt und dem Kleid einen modernen und doch klassischen Charme verleiht. Das Kleid ist mit zarter Spitze und subtilen Details verziert, die ein raffiniertes, romantisches Gef\u00fchl vermitteln. Der tiefe V-Ausschnitt und die vertr\u00e4umten \u00c4rmel unterstreichen den weichen und \u00e4therischen Charakter des Kleides. Ideal f\u00fcr eine Hochzeit im rustikalen oder b\u00f6hmischen Stil, bietet das Lyrical die perfekte Balance zwischen Eleganz und Freiheit. Erh\u00e4ltlich bei Koonings The Wedding Palace, wo Sie dieses atemberaubende Kleid anprobieren und es f\u00fcr Ihren besonderen Tag ma\u00dfschneidern lassen k\u00f6nnen.\" \/>\n<meta property=\"og:url\" content=\"https:\/\/www.koonings.com\/de\/product\/rembo-styling-lyrical-1-belt\/\" \/>\n<meta property=\"og:site_name\" content=\"Koonings\" \/>\n<meta property=\"article:publisher\" content=\"https:\/\/www.facebook.com\/kooningstheweddingpalace\" \/>\n<meta property=\"og:image\" content=\"https:\/\/www.koonings.com\/wp-content\/uploads\/2024\/11\/35621_3c23762a93a04c71d32b27b9f6ba4091e70e0d439f9c417b20f4ebfb42089f0e0b7af1b4.jpeg\" \/>\n\t<meta property=\"og:image:width\" content=\"989\" \/>\n\t<meta property=\"og:image:height\" content=\"1280\" \/>\n\t<meta property=\"og:image:type\" content=\"image\/jpeg\" \/>\n<meta name=\"twitter:card\" content=\"summary_large_image\" \/>\n<meta name=\"twitter:label1\" content=\"Gesch\u00e4tzte Lesezeit\" \/>\n\t<meta name=\"twitter:data1\" content=\"1\u00a0Minute\" \/>\n<script type=\"application\/ld+json\" class=\"yoast-schema-graph\">{\"@context\":\"https:\\\/\\\/schema.org\",\"@graph\":[{\"@type\":\"WebPage\",\"@id\":\"https:\\\/\\\/www.koonings.com\\\/de\\\/product\\\/rembo-styling-lyrical-1-belt\\\/\",\"url\":\"https:\\\/\\\/www.koonings.com\\\/de\\\/product\\\/rembo-styling-lyrical-1-belt\\\/\",\"name\":\"Rembo Styling Lyrical\\\/1 + G\u00fcrtel | Koonings\",\"isPartOf\":{\"@id\":\"https:\\\/\\\/www.koonings.com\\\/de\\\/#website\"},\"primaryImageOfPage\":{\"@id\":\"https:\\\/\\\/www.koonings.com\\\/de\\\/product\\\/rembo-styling-lyrical-1-belt\\\/#primaryimage\"},\"image\":{\"@id\":\"https:\\\/\\\/www.koonings.com\\\/de\\\/product\\\/rembo-styling-lyrical-1-belt\\\/#primaryimage\"},\"thumbnailUrl\":\"https:\\\/\\\/www.koonings.com\\\/wp-content\\\/uploads\\\/2024\\\/11\\\/35621_3c23762a93a04c71d32b27b9f6ba4091e70e0d439f9c417b20f4ebfb42089f0e0b7af1b4.jpeg\",\"datePublished\":\"2026-04-28T16:06:29+00:00\",\"description\":\"Das Lyrical Hochzeitskleid von Rembo Styling, erh\u00e4ltlich bei Koonings The Wedding Palace, ist eine elegante und romantische Wahl f\u00fcr die Braut, die nach einem einzigartigen, b\u00f6hmischen Look sucht. Es zeichnet sich durch eine wundersch\u00f6ne A-Linien-Silhouette aus, die verspielt und leicht f\u00e4llt und dem Kleid einen modernen und doch klassischen Charme verleiht. Das Kleid ist mit zarter Spitze und subtilen Details verziert, die ein raffiniertes, romantisches Gef\u00fchl vermitteln. Der tiefe V-Ausschnitt und die vertr\u00e4umten \u00c4rmel unterstreichen den weichen und \u00e4therischen Charakter des Kleides. Ideal f\u00fcr eine Hochzeit im rustikalen oder b\u00f6hmischen Stil, bietet das Lyrical die perfekte Balance zwischen Eleganz und Freiheit. Erh\u00e4ltlich bei Koonings The Wedding Palace, wo Sie dieses atemberaubende Kleid anprobieren und es f\u00fcr Ihren besonderen Tag ma\u00dfschneidern lassen k\u00f6nnen.\",\"breadcrumb\":{\"@id\":\"https:\\\/\\\/www.koonings.com\\\/de\\\/product\\\/rembo-styling-lyrical-1-belt\\\/#breadcrumb\"},\"inLanguage\":\"de\",\"potentialAction\":[{\"@type\":\"ReadAction\",\"target\":[\"https:\\\/\\\/www.koonings.com\\\/de\\\/product\\\/rembo-styling-lyrical-1-belt\\\/\"]}]},{\"@type\":\"ImageObject\",\"inLanguage\":\"de\",\"@id\":\"https:\\\/\\\/www.koonings.com\\\/de\\\/product\\\/rembo-styling-lyrical-1-belt\\\/#primaryimage\",\"url\":\"https:\\\/\\\/www.koonings.com\\\/wp-content\\\/uploads\\\/2024\\\/11\\\/35621_3c23762a93a04c71d32b27b9f6ba4091e70e0d439f9c417b20f4ebfb42089f0e0b7af1b4.jpeg\",\"contentUrl\":\"https:\\\/\\\/www.koonings.com\\\/wp-content\\\/uploads\\\/2024\\\/11\\\/35621_3c23762a93a04c71d32b27b9f6ba4091e70e0d439f9c417b20f4ebfb42089f0e0b7af1b4.jpeg\",\"width\":989,\"height\":1280},{\"@type\":\"BreadcrumbList\",\"@id\":\"https:\\\/\\\/www.koonings.com\\\/de\\\/product\\\/rembo-styling-lyrical-1-belt\\\/#breadcrumb\",\"itemListElement\":[{\"@type\":\"ListItem\",\"position\":1,\"name\":\"Home\",\"item\":\"https:\\\/\\\/www.koonings.com\\\/de\\\/\"},{\"@type\":\"ListItem\",\"position\":2,\"name\":\"Rembo Styling Lyrical\\\/1 + G\u00fcrtel\"}]},{\"@type\":\"WebSite\",\"@id\":\"https:\\\/\\\/www.koonings.com\\\/de\\\/#website\",\"url\":\"https:\\\/\\\/www.koonings.com\\\/de\\\/\",\"name\":\"Koonings\",\"description\":\"De grootste bruidsmodewinkel ter wereld\",\"publisher\":{\"@id\":\"https:\\\/\\\/www.koonings.com\\\/de\\\/#organization\"},\"potentialAction\":[{\"@type\":\"SearchAction\",\"target\":{\"@type\":\"EntryPoint\",\"urlTemplate\":\"https:\\\/\\\/www.koonings.com\\\/de\\\/?s={search_term_string}\"},\"query-input\":{\"@type\":\"PropertyValueSpecification\",\"valueRequired\":true,\"valueName\":\"search_term_string\"}}],\"inLanguage\":\"de\"},{\"@type\":\"Organization\",\"@id\":\"https:\\\/\\\/www.koonings.com\\\/de\\\/#organization\",\"name\":\"Koonings\",\"url\":\"https:\\\/\\\/www.koonings.com\\\/de\\\/\",\"logo\":{\"@type\":\"ImageObject\",\"inLanguage\":\"de\",\"@id\":\"https:\\\/\\\/www.koonings.com\\\/de\\\/#\\\/schema\\\/logo\\\/image\\\/\",\"url\":\"https:\\\/\\\/www.koonings.com\\\/wp-content\\\/uploads\\\/2024\\\/07\\\/logo.png\",\"contentUrl\":\"https:\\\/\\\/www.koonings.com\\\/wp-content\\\/uploads\\\/2024\\\/07\\\/logo.png\",\"width\":600,\"height\":428,\"caption\":\"Koonings\"},\"image\":{\"@id\":\"https:\\\/\\\/www.koonings.com\\\/de\\\/#\\\/schema\\\/logo\\\/image\\\/\"},\"sameAs\":[\"https:\\\/\\\/www.facebook.com\\\/kooningstheweddingpalace\",\"https:\\\/\\\/www.instagram.com\\\/kooningstheweddingpalace\",\"https:\\\/\\\/www.pinterest.com\\\/koonings\",\"https:\\\/\\\/www.youtube.com\\\/kooningstheweddingpalace\"]}]}<\/script>\n<!-- \/ Yoast SEO plugin. -->","yoast_head_json":{"title":"Rembo Styling Lyrical\/1 + G\u00fcrtel | Koonings","description":"Das Lyrical Hochzeitskleid von Rembo Styling, erh\u00e4ltlich bei Koonings The Wedding Palace, ist eine elegante und romantische Wahl f\u00fcr die Braut, die nach einem einzigartigen, b\u00f6hmischen Look sucht. Es zeichnet sich durch eine wundersch\u00f6ne A-Linien-Silhouette aus, die verspielt und leicht f\u00e4llt und dem Kleid einen modernen und doch klassischen Charme verleiht. Das Kleid ist mit zarter Spitze und subtilen Details verziert, die ein raffiniertes, romantisches Gef\u00fchl vermitteln. Der tiefe V-Ausschnitt und die vertr\u00e4umten \u00c4rmel unterstreichen den weichen und \u00e4therischen Charakter des Kleides. Ideal f\u00fcr eine Hochzeit im rustikalen oder b\u00f6hmischen Stil, bietet das Lyrical die perfekte Balance zwischen Eleganz und Freiheit. Erh\u00e4ltlich bei Koonings The Wedding Palace, wo Sie dieses atemberaubende Kleid anprobieren und es f\u00fcr Ihren besonderen Tag ma\u00dfschneidern lassen k\u00f6nnen.","robots":{"index":"index","follow":"follow","max-snippet":"max-snippet:-1","max-image-preview":"max-image-preview:large","max-video-preview":"max-video-preview:-1"},"canonical":"https:\/\/www.koonings.com\/de\/product\/rembo-styling-lyrical-1-belt\/","og_locale":"de_DE","og_type":"article","og_title":"Rembo Styling Lyrical\/1 + G\u00fcrtel | Koonings","og_description":"Das Lyrical Hochzeitskleid von Rembo Styling, erh\u00e4ltlich bei Koonings The Wedding Palace, ist eine elegante und romantische Wahl f\u00fcr die Braut, die nach einem einzigartigen, b\u00f6hmischen Look sucht. Es zeichnet sich durch eine wundersch\u00f6ne A-Linien-Silhouette aus, die verspielt und leicht f\u00e4llt und dem Kleid einen modernen und doch klassischen Charme verleiht. Das Kleid ist mit zarter Spitze und subtilen Details verziert, die ein raffiniertes, romantisches Gef\u00fchl vermitteln. Der tiefe V-Ausschnitt und die vertr\u00e4umten \u00c4rmel unterstreichen den weichen und \u00e4therischen Charakter des Kleides. Ideal f\u00fcr eine Hochzeit im rustikalen oder b\u00f6hmischen Stil, bietet das Lyrical die perfekte Balance zwischen Eleganz und Freiheit. Erh\u00e4ltlich bei Koonings The Wedding Palace, wo Sie dieses atemberaubende Kleid anprobieren und es f\u00fcr Ihren besonderen Tag ma\u00dfschneidern lassen k\u00f6nnen.","og_url":"https:\/\/www.koonings.com\/de\/product\/rembo-styling-lyrical-1-belt\/","og_site_name":"Koonings","article_publisher":"https:\/\/www.facebook.com\/kooningstheweddingpalace","og_image":[{"width":989,"height":1280,"url":"https:\/\/www.koonings.com\/wp-content\/uploads\/2024\/11\/35621_3c23762a93a04c71d32b27b9f6ba4091e70e0d439f9c417b20f4ebfb42089f0e0b7af1b4.jpeg","type":"image\/jpeg"}],"twitter_card":"summary_large_image","twitter_misc":{"Gesch\u00e4tzte Lesezeit":"1\u00a0Minute"},"schema":{"@context":"https:\/\/schema.org","@graph":[{"@type":"WebPage","@id":"https:\/\/www.koonings.com\/de\/product\/rembo-styling-lyrical-1-belt\/","url":"https:\/\/www.koonings.com\/de\/product\/rembo-styling-lyrical-1-belt\/","name":"Rembo Styling Lyrical\/1 + G\u00fcrtel | Koonings","isPartOf":{"@id":"https:\/\/www.koonings.com\/de\/#website"},"primaryImageOfPage":{"@id":"https:\/\/www.koonings.com\/de\/product\/rembo-styling-lyrical-1-belt\/#primaryimage"},"image":{"@id":"https:\/\/www.koonings.com\/de\/product\/rembo-styling-lyrical-1-belt\/#primaryimage"},"thumbnailUrl":"https:\/\/www.koonings.com\/wp-content\/uploads\/2024\/11\/35621_3c23762a93a04c71d32b27b9f6ba4091e70e0d439f9c417b20f4ebfb42089f0e0b7af1b4.jpeg","datePublished":"2026-04-28T16:06:29+00:00","description":"Das Lyrical Hochzeitskleid von Rembo Styling, erh\u00e4ltlich bei Koonings The Wedding Palace, ist eine elegante und romantische Wahl f\u00fcr die Braut, die nach einem einzigartigen, b\u00f6hmischen Look sucht. Es zeichnet sich durch eine wundersch\u00f6ne A-Linien-Silhouette aus, die verspielt und leicht f\u00e4llt und dem Kleid einen modernen und doch klassischen Charme verleiht. Das Kleid ist mit zarter Spitze und subtilen Details verziert, die ein raffiniertes, romantisches Gef\u00fchl vermitteln. Der tiefe V-Ausschnitt und die vertr\u00e4umten \u00c4rmel unterstreichen den weichen und \u00e4therischen Charakter des Kleides. Ideal f\u00fcr eine Hochzeit im rustikalen oder b\u00f6hmischen Stil, bietet das Lyrical die perfekte Balance zwischen Eleganz und Freiheit. Erh\u00e4ltlich bei Koonings The Wedding Palace, wo Sie dieses atemberaubende Kleid anprobieren und es f\u00fcr Ihren besonderen Tag ma\u00dfschneidern lassen k\u00f6nnen.","breadcrumb":{"@id":"https:\/\/www.koonings.com\/de\/product\/rembo-styling-lyrical-1-belt\/#breadcrumb"},"inLanguage":"de","potentialAction":[{"@type":"ReadAction","target":["https:\/\/www.koonings.com\/de\/product\/rembo-styling-lyrical-1-belt\/"]}]},{"@type":"ImageObject","inLanguage":"de","@id":"https:\/\/www.koonings.com\/de\/product\/rembo-styling-lyrical-1-belt\/#primaryimage","url":"https:\/\/www.koonings.com\/wp-content\/uploads\/2024\/11\/35621_3c23762a93a04c71d32b27b9f6ba4091e70e0d439f9c417b20f4ebfb42089f0e0b7af1b4.jpeg","contentUrl":"https:\/\/www.koonings.com\/wp-content\/uploads\/2024\/11\/35621_3c23762a93a04c71d32b27b9f6ba4091e70e0d439f9c417b20f4ebfb42089f0e0b7af1b4.jpeg","width":989,"height":1280},{"@type":"BreadcrumbList","@id":"https:\/\/www.koonings.com\/de\/product\/rembo-styling-lyrical-1-belt\/#breadcrumb","itemListElement":[{"@type":"ListItem","position":1,"name":"Home","item":"https:\/\/www.koonings.com\/de\/"},{"@type":"ListItem","position":2,"name":"Rembo Styling Lyrical\/1 + G\u00fcrtel"}]},{"@type":"WebSite","@id":"https:\/\/www.koonings.com\/de\/#website","url":"https:\/\/www.koonings.com\/de\/","name":"Koonings","description":"De grootste bruidsmodewinkel ter wereld","publisher":{"@id":"https:\/\/www.koonings.com\/de\/#organization"},"potentialAction":[{"@type":"SearchAction","target":{"@type":"EntryPoint","urlTemplate":"https:\/\/www.koonings.com\/de\/?s={search_term_string}"},"query-input":{"@type":"PropertyValueSpecification","valueRequired":true,"valueName":"search_term_string"}}],"inLanguage":"de"},{"@type":"Organization","@id":"https:\/\/www.koonings.com\/de\/#organization","name":"Koonings","url":"https:\/\/www.koonings.com\/de\/","logo":{"@type":"ImageObject","inLanguage":"de","@id":"https:\/\/www.koonings.com\/de\/#\/schema\/logo\/image\/","url":"https:\/\/www.koonings.com\/wp-content\/uploads\/2024\/07\/logo.png","contentUrl":"https:\/\/www.koonings.com\/wp-content\/uploads\/2024\/07\/logo.png","width":600,"height":428,"caption":"Koonings"},"image":{"@id":"https:\/\/www.koonings.com\/de\/#\/schema\/logo\/image\/"},"sameAs":["https:\/\/www.facebook.com\/kooningstheweddingpalace","https:\/\/www.instagram.com\/kooningstheweddingpalace","https:\/\/www.pinterest.com\/koonings","https:\/\/www.youtube.com\/kooningstheweddingpalace"]}]}},"_links":{"self":[{"href":"https:\/\/www.koonings.com\/de\/wp-json\/wp\/v2\/product\/32779","targetHints":{"allow":["GET"]}}],"collection":[{"href":"https:\/\/www.koonings.com\/de\/wp-json\/wp\/v2\/product"}],"about":[{"href":"https:\/\/www.koonings.com\/de\/wp-json\/wp\/v2\/types\/product"}],"wp:featuredmedia":[{"embeddable":true,"href":"https:\/\/www.koonings.com\/de\/wp-json\/wp\/v2\/media\/27238"}],"wp:attachment":[{"href":"https:\/\/www.koonings.com\/de\/wp-json\/wp\/v2\/media?parent=32779"}],"wp:term":[{"taxonomy":"productdetails","embeddable":true,"href":"https:\/\/www.koonings.com\/de\/wp-json\/wp\/v2\/productdetails?post=32779"},{"taxonomy":"productneck","embeddable":true,"href":"https:\/\/www.koonings.com\/de\/wp-json\/wp\/v2\/productneck?post=32779"},{"taxonomy":"productcolor","embeddable":true,"href":"https:\/\/www.koonings.com\/de\/wp-json\/wp\/v2\/productcolor?post=32779"},{"taxonomy":"maat","embeddable":true,"href":"https:\/\/www.koonings.com\/de\/wp-json\/wp\/v2\/maat?post=32779"},{"taxonomy":"productsupplier","embeddable":true,"href":"https:\/\/www.koonings.com\/de\/wp-json\/wp\/v2\/productsupplier?post=32779"},{"taxonomy":"productsleeve","embeddable":true,"href":"https:\/\/www.koonings.com\/de\/wp-json\/wp\/v2\/productsleeve?post=32779"},{"taxonomy":"productcategory","embeddable":true,"href":"https:\/\/www.koonings.com\/de\/wp-json\/wp\/v2\/productcategory?post=32779"},{"taxonomy":"productsilhouette","embeddable":true,"href":"https:\/\/www.koonings.com\/de\/wp-json\/wp\/v2\/productsilhouette?post=32779"},{"taxonomy":"productstyle","embeddable":true,"href":"https:\/\/www.koonings.com\/de\/wp-json\/wp\/v2\/productstyle?post=32779"}],"curies":[{"name":"wp","href":"https:\/\/api.w.org\/{rel}","templated":true}]}}