{"id":32777,"date":"2025-07-10T12:06:24","date_gmt":"2025-07-10T10:06:24","guid":{"rendered":"https:\/\/www.koonings.com\/product\/libelle-42-3\/"},"modified":"2025-06-05T12:24:32","modified_gmt":"2025-06-05T10:24:32","slug":"libelle-42-3","status":"publish","type":"product","link":"https:\/\/www.koonings.com\/de\/product\/libelle-42-3\/","title":{"rendered":"Libelle 42"},"content":{"rendered":"<p>Das Gaby Kleid ist geschmeidig, luftig und leicht wie eine Feder. Dieses Kleid verleiht Ihnen all den Glanz, den Sie brauchen. Die romantische florale Spitze harmoniert himmlisch mit dem zart geschnittenen Dekollet\u00e9. Das Mieder mit schmalen, eleganten Tr\u00e4gern hat einen niedrigen, offenen R\u00fccken mit einem modernen T\u00fcllunterrock aus funkelnder Spitze. Die mit Perlen verzierten Spitzenapplikationen \u00fcber dem Mieder vervollst\u00e4ndigen diesen Brautlook.    <\/p>\n","protected":false},"featured_media":27264,"template":"","meta":{"_acf_changed":false,"ghostkit_customizer_options":"","ghostkit_custom_css":"","ghostkit_custom_js_head":"","ghostkit_custom_js_foot":"","ghostkit_typography":""},"productdetails":[],"productneck":[],"productcolor":[],"maat":[],"productsupplier":[428],"productsleeve":[],"productcategory":[18],"productsilhouette":[],"productstyle":[],"class_list":["post-32777","product","type-product","status-publish","has-post-thumbnail","hentry","productsupplier-libelle","productcategory-trouwjurken"],"acf":[],"yoast_head":"<!-- This site is optimized with the Yoast SEO plugin v27.3 - https:\/\/yoast.com\/product\/yoast-seo-wordpress\/ -->\n<title>Libelle 42 | Koonings<\/title>\n<meta name=\"description\" content=\"Das Gaby Kleid ist geschmeidig, luftig und leicht wie eine Feder. Dieses Kleid verleiht Ihnen all den Glanz, den Sie brauchen. Die romantische florale Spitze harmoniert himmlisch mit dem zart geschnittenen Dekollet\u00e9. Das Mieder mit schmalen, eleganten Tr\u00e4gern hat einen niedrigen, offenen R\u00fccken mit einem modernen T\u00fcllunterrock aus funkelnder Spitze. Die mit Perlen verzierten Spitzenapplikationen \u00fcber dem Mieder vervollst\u00e4ndigen diesen Brautlook.\" \/>\n<meta name=\"robots\" content=\"index, follow, max-snippet:-1, max-image-preview:large, max-video-preview:-1\" \/>\n<link rel=\"canonical\" href=\"https:\/\/www.koonings.com\/de\/product\/libelle-42-3\/\" \/>\n<meta property=\"og:locale\" content=\"de_DE\" \/>\n<meta property=\"og:type\" content=\"article\" \/>\n<meta property=\"og:title\" content=\"Libelle 42 | Koonings\" \/>\n<meta property=\"og:description\" content=\"Das Gaby Kleid ist geschmeidig, luftig und leicht wie eine Feder. Dieses Kleid verleiht Ihnen all den Glanz, den Sie brauchen. Die romantische florale Spitze harmoniert himmlisch mit dem zart geschnittenen Dekollet\u00e9. Das Mieder mit schmalen, eleganten Tr\u00e4gern hat einen niedrigen, offenen R\u00fccken mit einem modernen T\u00fcllunterrock aus funkelnder Spitze. Die mit Perlen verzierten Spitzenapplikationen \u00fcber dem Mieder vervollst\u00e4ndigen diesen Brautlook.\" \/>\n<meta property=\"og:url\" content=\"https:\/\/www.koonings.com\/de\/product\/libelle-42-3\/\" \/>\n<meta property=\"og:site_name\" content=\"Koonings\" \/>\n<meta property=\"article:publisher\" content=\"https:\/\/www.facebook.com\/kooningstheweddingpalace\" \/>\n<meta property=\"og:image\" content=\"https:\/\/www.koonings.com\/wp-content\/uploads\/2024\/11\/35690_2486465c86ccb7d28b337d7508bea1150810674d78012d3f7a092323006bb1a322c224d8.jpeg\" \/>\n\t<meta property=\"og:image:width\" content=\"300\" \/>\n\t<meta property=\"og:image:height\" content=\"450\" \/>\n\t<meta property=\"og:image:type\" content=\"image\/jpeg\" \/>\n<meta name=\"twitter:card\" content=\"summary_large_image\" \/>\n<script type=\"application\/ld+json\" class=\"yoast-schema-graph\">{\"@context\":\"https:\\\/\\\/schema.org\",\"@graph\":[{\"@type\":\"WebPage\",\"@id\":\"https:\\\/\\\/www.koonings.com\\\/de\\\/product\\\/libelle-42-3\\\/\",\"url\":\"https:\\\/\\\/www.koonings.com\\\/de\\\/product\\\/libelle-42-3\\\/\",\"name\":\"Libelle 42 | Koonings\",\"isPartOf\":{\"@id\":\"https:\\\/\\\/www.koonings.com\\\/de\\\/#website\"},\"primaryImageOfPage\":{\"@id\":\"https:\\\/\\\/www.koonings.com\\\/de\\\/product\\\/libelle-42-3\\\/#primaryimage\"},\"image\":{\"@id\":\"https:\\\/\\\/www.koonings.com\\\/de\\\/product\\\/libelle-42-3\\\/#primaryimage\"},\"thumbnailUrl\":\"https:\\\/\\\/www.koonings.com\\\/wp-content\\\/uploads\\\/2024\\\/11\\\/35690_2486465c86ccb7d28b337d7508bea1150810674d78012d3f7a092323006bb1a322c224d8.jpeg\",\"datePublished\":\"2025-07-10T10:06:24+00:00\",\"description\":\"Das Gaby Kleid ist geschmeidig, luftig und leicht wie eine Feder. Dieses Kleid verleiht Ihnen all den Glanz, den Sie brauchen. Die romantische florale Spitze harmoniert himmlisch mit dem zart geschnittenen Dekollet\u00e9. Das Mieder mit schmalen, eleganten Tr\u00e4gern hat einen niedrigen, offenen R\u00fccken mit einem modernen T\u00fcllunterrock aus funkelnder Spitze. Die mit Perlen verzierten Spitzenapplikationen \u00fcber dem Mieder vervollst\u00e4ndigen diesen Brautlook.\",\"breadcrumb\":{\"@id\":\"https:\\\/\\\/www.koonings.com\\\/de\\\/product\\\/libelle-42-3\\\/#breadcrumb\"},\"inLanguage\":\"de\",\"potentialAction\":[{\"@type\":\"ReadAction\",\"target\":[\"https:\\\/\\\/www.koonings.com\\\/de\\\/product\\\/libelle-42-3\\\/\"]}]},{\"@type\":\"ImageObject\",\"inLanguage\":\"de\",\"@id\":\"https:\\\/\\\/www.koonings.com\\\/de\\\/product\\\/libelle-42-3\\\/#primaryimage\",\"url\":\"https:\\\/\\\/www.koonings.com\\\/wp-content\\\/uploads\\\/2024\\\/11\\\/35690_2486465c86ccb7d28b337d7508bea1150810674d78012d3f7a092323006bb1a322c224d8.jpeg\",\"contentUrl\":\"https:\\\/\\\/www.koonings.com\\\/wp-content\\\/uploads\\\/2024\\\/11\\\/35690_2486465c86ccb7d28b337d7508bea1150810674d78012d3f7a092323006bb1a322c224d8.jpeg\",\"width\":300,\"height\":450},{\"@type\":\"BreadcrumbList\",\"@id\":\"https:\\\/\\\/www.koonings.com\\\/de\\\/product\\\/libelle-42-3\\\/#breadcrumb\",\"itemListElement\":[{\"@type\":\"ListItem\",\"position\":1,\"name\":\"Home\",\"item\":\"https:\\\/\\\/www.koonings.com\\\/de\\\/\"},{\"@type\":\"ListItem\",\"position\":2,\"name\":\"Libelle 42\"}]},{\"@type\":\"WebSite\",\"@id\":\"https:\\\/\\\/www.koonings.com\\\/de\\\/#website\",\"url\":\"https:\\\/\\\/www.koonings.com\\\/de\\\/\",\"name\":\"Koonings\",\"description\":\"De grootste bruidsmodewinkel ter wereld\",\"publisher\":{\"@id\":\"https:\\\/\\\/www.koonings.com\\\/de\\\/#organization\"},\"potentialAction\":[{\"@type\":\"SearchAction\",\"target\":{\"@type\":\"EntryPoint\",\"urlTemplate\":\"https:\\\/\\\/www.koonings.com\\\/de\\\/?s={search_term_string}\"},\"query-input\":{\"@type\":\"PropertyValueSpecification\",\"valueRequired\":true,\"valueName\":\"search_term_string\"}}],\"inLanguage\":\"de\"},{\"@type\":\"Organization\",\"@id\":\"https:\\\/\\\/www.koonings.com\\\/de\\\/#organization\",\"name\":\"Koonings\",\"url\":\"https:\\\/\\\/www.koonings.com\\\/de\\\/\",\"logo\":{\"@type\":\"ImageObject\",\"inLanguage\":\"de\",\"@id\":\"https:\\\/\\\/www.koonings.com\\\/de\\\/#\\\/schema\\\/logo\\\/image\\\/\",\"url\":\"https:\\\/\\\/www.koonings.com\\\/wp-content\\\/uploads\\\/2024\\\/07\\\/logo.png\",\"contentUrl\":\"https:\\\/\\\/www.koonings.com\\\/wp-content\\\/uploads\\\/2024\\\/07\\\/logo.png\",\"width\":600,\"height\":428,\"caption\":\"Koonings\"},\"image\":{\"@id\":\"https:\\\/\\\/www.koonings.com\\\/de\\\/#\\\/schema\\\/logo\\\/image\\\/\"},\"sameAs\":[\"https:\\\/\\\/www.facebook.com\\\/kooningstheweddingpalace\",\"https:\\\/\\\/www.instagram.com\\\/kooningstheweddingpalace\",\"https:\\\/\\\/www.pinterest.com\\\/koonings\",\"https:\\\/\\\/www.youtube.com\\\/kooningstheweddingpalace\"]}]}<\/script>\n<!-- \/ Yoast SEO plugin. -->","yoast_head_json":{"title":"Libelle 42 | Koonings","description":"Das Gaby Kleid ist geschmeidig, luftig und leicht wie eine Feder. Dieses Kleid verleiht Ihnen all den Glanz, den Sie brauchen. Die romantische florale Spitze harmoniert himmlisch mit dem zart geschnittenen Dekollet\u00e9. Das Mieder mit schmalen, eleganten Tr\u00e4gern hat einen niedrigen, offenen R\u00fccken mit einem modernen T\u00fcllunterrock aus funkelnder Spitze. Die mit Perlen verzierten Spitzenapplikationen \u00fcber dem Mieder vervollst\u00e4ndigen diesen Brautlook.","robots":{"index":"index","follow":"follow","max-snippet":"max-snippet:-1","max-image-preview":"max-image-preview:large","max-video-preview":"max-video-preview:-1"},"canonical":"https:\/\/www.koonings.com\/de\/product\/libelle-42-3\/","og_locale":"de_DE","og_type":"article","og_title":"Libelle 42 | Koonings","og_description":"Das Gaby Kleid ist geschmeidig, luftig und leicht wie eine Feder. Dieses Kleid verleiht Ihnen all den Glanz, den Sie brauchen. Die romantische florale Spitze harmoniert himmlisch mit dem zart geschnittenen Dekollet\u00e9. Das Mieder mit schmalen, eleganten Tr\u00e4gern hat einen niedrigen, offenen R\u00fccken mit einem modernen T\u00fcllunterrock aus funkelnder Spitze. Die mit Perlen verzierten Spitzenapplikationen \u00fcber dem Mieder vervollst\u00e4ndigen diesen Brautlook.","og_url":"https:\/\/www.koonings.com\/de\/product\/libelle-42-3\/","og_site_name":"Koonings","article_publisher":"https:\/\/www.facebook.com\/kooningstheweddingpalace","og_image":[{"width":300,"height":450,"url":"https:\/\/www.koonings.com\/wp-content\/uploads\/2024\/11\/35690_2486465c86ccb7d28b337d7508bea1150810674d78012d3f7a092323006bb1a322c224d8.jpeg","type":"image\/jpeg"}],"twitter_card":"summary_large_image","schema":{"@context":"https:\/\/schema.org","@graph":[{"@type":"WebPage","@id":"https:\/\/www.koonings.com\/de\/product\/libelle-42-3\/","url":"https:\/\/www.koonings.com\/de\/product\/libelle-42-3\/","name":"Libelle 42 | Koonings","isPartOf":{"@id":"https:\/\/www.koonings.com\/de\/#website"},"primaryImageOfPage":{"@id":"https:\/\/www.koonings.com\/de\/product\/libelle-42-3\/#primaryimage"},"image":{"@id":"https:\/\/www.koonings.com\/de\/product\/libelle-42-3\/#primaryimage"},"thumbnailUrl":"https:\/\/www.koonings.com\/wp-content\/uploads\/2024\/11\/35690_2486465c86ccb7d28b337d7508bea1150810674d78012d3f7a092323006bb1a322c224d8.jpeg","datePublished":"2025-07-10T10:06:24+00:00","description":"Das Gaby Kleid ist geschmeidig, luftig und leicht wie eine Feder. Dieses Kleid verleiht Ihnen all den Glanz, den Sie brauchen. Die romantische florale Spitze harmoniert himmlisch mit dem zart geschnittenen Dekollet\u00e9. Das Mieder mit schmalen, eleganten Tr\u00e4gern hat einen niedrigen, offenen R\u00fccken mit einem modernen T\u00fcllunterrock aus funkelnder Spitze. Die mit Perlen verzierten Spitzenapplikationen \u00fcber dem Mieder vervollst\u00e4ndigen diesen Brautlook.","breadcrumb":{"@id":"https:\/\/www.koonings.com\/de\/product\/libelle-42-3\/#breadcrumb"},"inLanguage":"de","potentialAction":[{"@type":"ReadAction","target":["https:\/\/www.koonings.com\/de\/product\/libelle-42-3\/"]}]},{"@type":"ImageObject","inLanguage":"de","@id":"https:\/\/www.koonings.com\/de\/product\/libelle-42-3\/#primaryimage","url":"https:\/\/www.koonings.com\/wp-content\/uploads\/2024\/11\/35690_2486465c86ccb7d28b337d7508bea1150810674d78012d3f7a092323006bb1a322c224d8.jpeg","contentUrl":"https:\/\/www.koonings.com\/wp-content\/uploads\/2024\/11\/35690_2486465c86ccb7d28b337d7508bea1150810674d78012d3f7a092323006bb1a322c224d8.jpeg","width":300,"height":450},{"@type":"BreadcrumbList","@id":"https:\/\/www.koonings.com\/de\/product\/libelle-42-3\/#breadcrumb","itemListElement":[{"@type":"ListItem","position":1,"name":"Home","item":"https:\/\/www.koonings.com\/de\/"},{"@type":"ListItem","position":2,"name":"Libelle 42"}]},{"@type":"WebSite","@id":"https:\/\/www.koonings.com\/de\/#website","url":"https:\/\/www.koonings.com\/de\/","name":"Koonings","description":"De grootste bruidsmodewinkel ter wereld","publisher":{"@id":"https:\/\/www.koonings.com\/de\/#organization"},"potentialAction":[{"@type":"SearchAction","target":{"@type":"EntryPoint","urlTemplate":"https:\/\/www.koonings.com\/de\/?s={search_term_string}"},"query-input":{"@type":"PropertyValueSpecification","valueRequired":true,"valueName":"search_term_string"}}],"inLanguage":"de"},{"@type":"Organization","@id":"https:\/\/www.koonings.com\/de\/#organization","name":"Koonings","url":"https:\/\/www.koonings.com\/de\/","logo":{"@type":"ImageObject","inLanguage":"de","@id":"https:\/\/www.koonings.com\/de\/#\/schema\/logo\/image\/","url":"https:\/\/www.koonings.com\/wp-content\/uploads\/2024\/07\/logo.png","contentUrl":"https:\/\/www.koonings.com\/wp-content\/uploads\/2024\/07\/logo.png","width":600,"height":428,"caption":"Koonings"},"image":{"@id":"https:\/\/www.koonings.com\/de\/#\/schema\/logo\/image\/"},"sameAs":["https:\/\/www.facebook.com\/kooningstheweddingpalace","https:\/\/www.instagram.com\/kooningstheweddingpalace","https:\/\/www.pinterest.com\/koonings","https:\/\/www.youtube.com\/kooningstheweddingpalace"]}]}},"_links":{"self":[{"href":"https:\/\/www.koonings.com\/de\/wp-json\/wp\/v2\/product\/32777","targetHints":{"allow":["GET"]}}],"collection":[{"href":"https:\/\/www.koonings.com\/de\/wp-json\/wp\/v2\/product"}],"about":[{"href":"https:\/\/www.koonings.com\/de\/wp-json\/wp\/v2\/types\/product"}],"wp:featuredmedia":[{"embeddable":true,"href":"https:\/\/www.koonings.com\/de\/wp-json\/wp\/v2\/media\/27264"}],"wp:attachment":[{"href":"https:\/\/www.koonings.com\/de\/wp-json\/wp\/v2\/media?parent=32777"}],"wp:term":[{"taxonomy":"productdetails","embeddable":true,"href":"https:\/\/www.koonings.com\/de\/wp-json\/wp\/v2\/productdetails?post=32777"},{"taxonomy":"productneck","embeddable":true,"href":"https:\/\/www.koonings.com\/de\/wp-json\/wp\/v2\/productneck?post=32777"},{"taxonomy":"productcolor","embeddable":true,"href":"https:\/\/www.koonings.com\/de\/wp-json\/wp\/v2\/productcolor?post=32777"},{"taxonomy":"maat","embeddable":true,"href":"https:\/\/www.koonings.com\/de\/wp-json\/wp\/v2\/maat?post=32777"},{"taxonomy":"productsupplier","embeddable":true,"href":"https:\/\/www.koonings.com\/de\/wp-json\/wp\/v2\/productsupplier?post=32777"},{"taxonomy":"productsleeve","embeddable":true,"href":"https:\/\/www.koonings.com\/de\/wp-json\/wp\/v2\/productsleeve?post=32777"},{"taxonomy":"productcategory","embeddable":true,"href":"https:\/\/www.koonings.com\/de\/wp-json\/wp\/v2\/productcategory?post=32777"},{"taxonomy":"productsilhouette","embeddable":true,"href":"https:\/\/www.koonings.com\/de\/wp-json\/wp\/v2\/productsilhouette?post=32777"},{"taxonomy":"productstyle","embeddable":true,"href":"https:\/\/www.koonings.com\/de\/wp-json\/wp\/v2\/productstyle?post=32777"}],"curies":[{"name":"wp","href":"https:\/\/api.w.org\/{rel}","templated":true}]}}