{"id":32746,"date":"2025-12-15T00:08:12","date_gmt":"2025-12-14T23:08:12","guid":{"rendered":"https:\/\/www.koonings.com\/product\/pronovias-fashion-group-finglas\/"},"modified":"2026-02-03T17:42:08","modified_gmt":"2026-02-03T16:42:08","slug":"pronovias-fashion-group-finglas","status":"publish","type":"product","link":"https:\/\/www.koonings.com\/de\/product\/pronovias-fashion-group-finglas\/","title":{"rendered":"Pronovias Modegruppe Finglas"},"content":{"rendered":"<p>Eine zeitlose Silhouette, interpretiert mit strukturierten Spitzenapplikationen auf weichem T\u00fcll. Flexible St\u00e4be und Cups formen das Oberteil und das Dekollet\u00e9, das mit winzigen Silberperlen verziert ist. Eine \u00fcberschnittene Schleppe und ein eleganter Illusionsr\u00fccken vervollst\u00e4ndigen den Look.  <\/p>\n","protected":false},"featured_media":27393,"template":"","meta":{"_acf_changed":false,"ghostkit_customizer_options":"","ghostkit_custom_css":"","ghostkit_custom_js_head":"","ghostkit_custom_js_foot":"","ghostkit_typography":""},"productdetails":[],"productneck":[355],"productcolor":[392],"maat":[],"productsupplier":[430],"productsleeve":[359],"productcategory":[18],"productsilhouette":[387,390],"productstyle":[],"class_list":["post-32746","product","type-product","status-publish","has-post-thumbnail","hentry","productneck-355","productcolor-392","productsupplier-pronovias-fashion-group","productsleeve-359","productcategory-trouwjurken","productsilhouette-387","productsilhouette-390"],"acf":[],"yoast_head":"<!-- This site is optimized with the Yoast SEO plugin v27.3 - https:\/\/yoast.com\/product\/yoast-seo-wordpress\/ -->\n<title>Pronovias Modegruppe Finglas | Koonings<\/title>\n<meta name=\"description\" content=\"Eine zeitlose Silhouette, interpretiert mit strukturierten Spitzenapplikationen auf weichem T\u00fcll. Flexible St\u00e4be und Cups formen das Oberteil und das Dekollet\u00e9, das mit winzigen Silberperlen verziert ist. Eine \u00fcberschnittene Schleppe und ein eleganter Illusionsr\u00fccken vervollst\u00e4ndigen den Look.\" \/>\n<meta name=\"robots\" content=\"index, follow, max-snippet:-1, max-image-preview:large, max-video-preview:-1\" \/>\n<link rel=\"canonical\" href=\"https:\/\/www.koonings.com\/de\/product\/pronovias-fashion-group-finglas\/\" \/>\n<meta property=\"og:locale\" content=\"de_DE\" \/>\n<meta property=\"og:type\" content=\"article\" \/>\n<meta property=\"og:title\" content=\"Pronovias Modegruppe Finglas | Koonings\" \/>\n<meta property=\"og:description\" content=\"Eine zeitlose Silhouette, interpretiert mit strukturierten Spitzenapplikationen auf weichem T\u00fcll. Flexible St\u00e4be und Cups formen das Oberteil und das Dekollet\u00e9, das mit winzigen Silberperlen verziert ist. Eine \u00fcberschnittene Schleppe und ein eleganter Illusionsr\u00fccken vervollst\u00e4ndigen den Look.\" \/>\n<meta property=\"og:url\" content=\"https:\/\/www.koonings.com\/de\/product\/pronovias-fashion-group-finglas\/\" \/>\n<meta property=\"og:site_name\" content=\"Koonings\" \/>\n<meta property=\"article:publisher\" content=\"https:\/\/www.facebook.com\/kooningstheweddingpalace\" \/>\n<meta property=\"article:modified_time\" content=\"2026-02-03T16:42:08+00:00\" \/>\n<meta property=\"og:image\" content=\"https:\/\/www.koonings.com\/wp-content\/uploads\/2024\/11\/35912_ad198150a257ad2e039ca30c1a81993f1c2f0c41ba3098e86d3b7ddd2459bb1f6f81e3e0.jpeg\" \/>\n\t<meta property=\"og:image:width\" content=\"1630\" \/>\n\t<meta property=\"og:image:height\" content=\"2304\" \/>\n\t<meta property=\"og:image:type\" content=\"image\/jpeg\" \/>\n<meta name=\"twitter:card\" content=\"summary_large_image\" \/>\n<script type=\"application\/ld+json\" class=\"yoast-schema-graph\">{\"@context\":\"https:\\\/\\\/schema.org\",\"@graph\":[{\"@type\":\"WebPage\",\"@id\":\"https:\\\/\\\/www.koonings.com\\\/de\\\/product\\\/pronovias-fashion-group-finglas\\\/\",\"url\":\"https:\\\/\\\/www.koonings.com\\\/de\\\/product\\\/pronovias-fashion-group-finglas\\\/\",\"name\":\"Pronovias Modegruppe Finglas | Koonings\",\"isPartOf\":{\"@id\":\"https:\\\/\\\/www.koonings.com\\\/de\\\/#website\"},\"primaryImageOfPage\":{\"@id\":\"https:\\\/\\\/www.koonings.com\\\/de\\\/product\\\/pronovias-fashion-group-finglas\\\/#primaryimage\"},\"image\":{\"@id\":\"https:\\\/\\\/www.koonings.com\\\/de\\\/product\\\/pronovias-fashion-group-finglas\\\/#primaryimage\"},\"thumbnailUrl\":\"https:\\\/\\\/www.koonings.com\\\/wp-content\\\/uploads\\\/2024\\\/11\\\/35912_ad198150a257ad2e039ca30c1a81993f1c2f0c41ba3098e86d3b7ddd2459bb1f6f81e3e0.jpeg\",\"datePublished\":\"2025-12-14T23:08:12+00:00\",\"dateModified\":\"2026-02-03T16:42:08+00:00\",\"description\":\"Eine zeitlose Silhouette, interpretiert mit strukturierten Spitzenapplikationen auf weichem T\u00fcll. Flexible St\u00e4be und Cups formen das Oberteil und das Dekollet\u00e9, das mit winzigen Silberperlen verziert ist. Eine \u00fcberschnittene Schleppe und ein eleganter Illusionsr\u00fccken vervollst\u00e4ndigen den Look.\",\"breadcrumb\":{\"@id\":\"https:\\\/\\\/www.koonings.com\\\/de\\\/product\\\/pronovias-fashion-group-finglas\\\/#breadcrumb\"},\"inLanguage\":\"de\",\"potentialAction\":[{\"@type\":\"ReadAction\",\"target\":[\"https:\\\/\\\/www.koonings.com\\\/de\\\/product\\\/pronovias-fashion-group-finglas\\\/\"]}]},{\"@type\":\"ImageObject\",\"inLanguage\":\"de\",\"@id\":\"https:\\\/\\\/www.koonings.com\\\/de\\\/product\\\/pronovias-fashion-group-finglas\\\/#primaryimage\",\"url\":\"https:\\\/\\\/www.koonings.com\\\/wp-content\\\/uploads\\\/2024\\\/11\\\/35912_ad198150a257ad2e039ca30c1a81993f1c2f0c41ba3098e86d3b7ddd2459bb1f6f81e3e0.jpeg\",\"contentUrl\":\"https:\\\/\\\/www.koonings.com\\\/wp-content\\\/uploads\\\/2024\\\/11\\\/35912_ad198150a257ad2e039ca30c1a81993f1c2f0c41ba3098e86d3b7ddd2459bb1f6f81e3e0.jpeg\",\"width\":1630,\"height\":2304},{\"@type\":\"BreadcrumbList\",\"@id\":\"https:\\\/\\\/www.koonings.com\\\/de\\\/product\\\/pronovias-fashion-group-finglas\\\/#breadcrumb\",\"itemListElement\":[{\"@type\":\"ListItem\",\"position\":1,\"name\":\"Home\",\"item\":\"https:\\\/\\\/www.koonings.com\\\/de\\\/\"},{\"@type\":\"ListItem\",\"position\":2,\"name\":\"Pronovias Modegruppe Finglas\"}]},{\"@type\":\"WebSite\",\"@id\":\"https:\\\/\\\/www.koonings.com\\\/de\\\/#website\",\"url\":\"https:\\\/\\\/www.koonings.com\\\/de\\\/\",\"name\":\"Koonings\",\"description\":\"De grootste bruidsmodewinkel ter wereld\",\"publisher\":{\"@id\":\"https:\\\/\\\/www.koonings.com\\\/de\\\/#organization\"},\"potentialAction\":[{\"@type\":\"SearchAction\",\"target\":{\"@type\":\"EntryPoint\",\"urlTemplate\":\"https:\\\/\\\/www.koonings.com\\\/de\\\/?s={search_term_string}\"},\"query-input\":{\"@type\":\"PropertyValueSpecification\",\"valueRequired\":true,\"valueName\":\"search_term_string\"}}],\"inLanguage\":\"de\"},{\"@type\":\"Organization\",\"@id\":\"https:\\\/\\\/www.koonings.com\\\/de\\\/#organization\",\"name\":\"Koonings\",\"url\":\"https:\\\/\\\/www.koonings.com\\\/de\\\/\",\"logo\":{\"@type\":\"ImageObject\",\"inLanguage\":\"de\",\"@id\":\"https:\\\/\\\/www.koonings.com\\\/de\\\/#\\\/schema\\\/logo\\\/image\\\/\",\"url\":\"https:\\\/\\\/www.koonings.com\\\/wp-content\\\/uploads\\\/2024\\\/07\\\/logo.png\",\"contentUrl\":\"https:\\\/\\\/www.koonings.com\\\/wp-content\\\/uploads\\\/2024\\\/07\\\/logo.png\",\"width\":600,\"height\":428,\"caption\":\"Koonings\"},\"image\":{\"@id\":\"https:\\\/\\\/www.koonings.com\\\/de\\\/#\\\/schema\\\/logo\\\/image\\\/\"},\"sameAs\":[\"https:\\\/\\\/www.facebook.com\\\/kooningstheweddingpalace\",\"https:\\\/\\\/www.instagram.com\\\/kooningstheweddingpalace\",\"https:\\\/\\\/www.pinterest.com\\\/koonings\",\"https:\\\/\\\/www.youtube.com\\\/kooningstheweddingpalace\"]}]}<\/script>\n<!-- \/ Yoast SEO plugin. -->","yoast_head_json":{"title":"Pronovias Modegruppe Finglas | Koonings","description":"Eine zeitlose Silhouette, interpretiert mit strukturierten Spitzenapplikationen auf weichem T\u00fcll. Flexible St\u00e4be und Cups formen das Oberteil und das Dekollet\u00e9, das mit winzigen Silberperlen verziert ist. Eine \u00fcberschnittene Schleppe und ein eleganter Illusionsr\u00fccken vervollst\u00e4ndigen den Look.","robots":{"index":"index","follow":"follow","max-snippet":"max-snippet:-1","max-image-preview":"max-image-preview:large","max-video-preview":"max-video-preview:-1"},"canonical":"https:\/\/www.koonings.com\/de\/product\/pronovias-fashion-group-finglas\/","og_locale":"de_DE","og_type":"article","og_title":"Pronovias Modegruppe Finglas | Koonings","og_description":"Eine zeitlose Silhouette, interpretiert mit strukturierten Spitzenapplikationen auf weichem T\u00fcll. Flexible St\u00e4be und Cups formen das Oberteil und das Dekollet\u00e9, das mit winzigen Silberperlen verziert ist. Eine \u00fcberschnittene Schleppe und ein eleganter Illusionsr\u00fccken vervollst\u00e4ndigen den Look.","og_url":"https:\/\/www.koonings.com\/de\/product\/pronovias-fashion-group-finglas\/","og_site_name":"Koonings","article_publisher":"https:\/\/www.facebook.com\/kooningstheweddingpalace","article_modified_time":"2026-02-03T16:42:08+00:00","og_image":[{"width":1630,"height":2304,"url":"https:\/\/www.koonings.com\/wp-content\/uploads\/2024\/11\/35912_ad198150a257ad2e039ca30c1a81993f1c2f0c41ba3098e86d3b7ddd2459bb1f6f81e3e0.jpeg","type":"image\/jpeg"}],"twitter_card":"summary_large_image","schema":{"@context":"https:\/\/schema.org","@graph":[{"@type":"WebPage","@id":"https:\/\/www.koonings.com\/de\/product\/pronovias-fashion-group-finglas\/","url":"https:\/\/www.koonings.com\/de\/product\/pronovias-fashion-group-finglas\/","name":"Pronovias Modegruppe Finglas | Koonings","isPartOf":{"@id":"https:\/\/www.koonings.com\/de\/#website"},"primaryImageOfPage":{"@id":"https:\/\/www.koonings.com\/de\/product\/pronovias-fashion-group-finglas\/#primaryimage"},"image":{"@id":"https:\/\/www.koonings.com\/de\/product\/pronovias-fashion-group-finglas\/#primaryimage"},"thumbnailUrl":"https:\/\/www.koonings.com\/wp-content\/uploads\/2024\/11\/35912_ad198150a257ad2e039ca30c1a81993f1c2f0c41ba3098e86d3b7ddd2459bb1f6f81e3e0.jpeg","datePublished":"2025-12-14T23:08:12+00:00","dateModified":"2026-02-03T16:42:08+00:00","description":"Eine zeitlose Silhouette, interpretiert mit strukturierten Spitzenapplikationen auf weichem T\u00fcll. Flexible St\u00e4be und Cups formen das Oberteil und das Dekollet\u00e9, das mit winzigen Silberperlen verziert ist. Eine \u00fcberschnittene Schleppe und ein eleganter Illusionsr\u00fccken vervollst\u00e4ndigen den Look.","breadcrumb":{"@id":"https:\/\/www.koonings.com\/de\/product\/pronovias-fashion-group-finglas\/#breadcrumb"},"inLanguage":"de","potentialAction":[{"@type":"ReadAction","target":["https:\/\/www.koonings.com\/de\/product\/pronovias-fashion-group-finglas\/"]}]},{"@type":"ImageObject","inLanguage":"de","@id":"https:\/\/www.koonings.com\/de\/product\/pronovias-fashion-group-finglas\/#primaryimage","url":"https:\/\/www.koonings.com\/wp-content\/uploads\/2024\/11\/35912_ad198150a257ad2e039ca30c1a81993f1c2f0c41ba3098e86d3b7ddd2459bb1f6f81e3e0.jpeg","contentUrl":"https:\/\/www.koonings.com\/wp-content\/uploads\/2024\/11\/35912_ad198150a257ad2e039ca30c1a81993f1c2f0c41ba3098e86d3b7ddd2459bb1f6f81e3e0.jpeg","width":1630,"height":2304},{"@type":"BreadcrumbList","@id":"https:\/\/www.koonings.com\/de\/product\/pronovias-fashion-group-finglas\/#breadcrumb","itemListElement":[{"@type":"ListItem","position":1,"name":"Home","item":"https:\/\/www.koonings.com\/de\/"},{"@type":"ListItem","position":2,"name":"Pronovias Modegruppe Finglas"}]},{"@type":"WebSite","@id":"https:\/\/www.koonings.com\/de\/#website","url":"https:\/\/www.koonings.com\/de\/","name":"Koonings","description":"De grootste bruidsmodewinkel ter wereld","publisher":{"@id":"https:\/\/www.koonings.com\/de\/#organization"},"potentialAction":[{"@type":"SearchAction","target":{"@type":"EntryPoint","urlTemplate":"https:\/\/www.koonings.com\/de\/?s={search_term_string}"},"query-input":{"@type":"PropertyValueSpecification","valueRequired":true,"valueName":"search_term_string"}}],"inLanguage":"de"},{"@type":"Organization","@id":"https:\/\/www.koonings.com\/de\/#organization","name":"Koonings","url":"https:\/\/www.koonings.com\/de\/","logo":{"@type":"ImageObject","inLanguage":"de","@id":"https:\/\/www.koonings.com\/de\/#\/schema\/logo\/image\/","url":"https:\/\/www.koonings.com\/wp-content\/uploads\/2024\/07\/logo.png","contentUrl":"https:\/\/www.koonings.com\/wp-content\/uploads\/2024\/07\/logo.png","width":600,"height":428,"caption":"Koonings"},"image":{"@id":"https:\/\/www.koonings.com\/de\/#\/schema\/logo\/image\/"},"sameAs":["https:\/\/www.facebook.com\/kooningstheweddingpalace","https:\/\/www.instagram.com\/kooningstheweddingpalace","https:\/\/www.pinterest.com\/koonings","https:\/\/www.youtube.com\/kooningstheweddingpalace"]}]}},"_links":{"self":[{"href":"https:\/\/www.koonings.com\/de\/wp-json\/wp\/v2\/product\/32746","targetHints":{"allow":["GET"]}}],"collection":[{"href":"https:\/\/www.koonings.com\/de\/wp-json\/wp\/v2\/product"}],"about":[{"href":"https:\/\/www.koonings.com\/de\/wp-json\/wp\/v2\/types\/product"}],"wp:featuredmedia":[{"embeddable":true,"href":"https:\/\/www.koonings.com\/de\/wp-json\/wp\/v2\/media\/27393"}],"wp:attachment":[{"href":"https:\/\/www.koonings.com\/de\/wp-json\/wp\/v2\/media?parent=32746"}],"wp:term":[{"taxonomy":"productdetails","embeddable":true,"href":"https:\/\/www.koonings.com\/de\/wp-json\/wp\/v2\/productdetails?post=32746"},{"taxonomy":"productneck","embeddable":true,"href":"https:\/\/www.koonings.com\/de\/wp-json\/wp\/v2\/productneck?post=32746"},{"taxonomy":"productcolor","embeddable":true,"href":"https:\/\/www.koonings.com\/de\/wp-json\/wp\/v2\/productcolor?post=32746"},{"taxonomy":"maat","embeddable":true,"href":"https:\/\/www.koonings.com\/de\/wp-json\/wp\/v2\/maat?post=32746"},{"taxonomy":"productsupplier","embeddable":true,"href":"https:\/\/www.koonings.com\/de\/wp-json\/wp\/v2\/productsupplier?post=32746"},{"taxonomy":"productsleeve","embeddable":true,"href":"https:\/\/www.koonings.com\/de\/wp-json\/wp\/v2\/productsleeve?post=32746"},{"taxonomy":"productcategory","embeddable":true,"href":"https:\/\/www.koonings.com\/de\/wp-json\/wp\/v2\/productcategory?post=32746"},{"taxonomy":"productsilhouette","embeddable":true,"href":"https:\/\/www.koonings.com\/de\/wp-json\/wp\/v2\/productsilhouette?post=32746"},{"taxonomy":"productstyle","embeddable":true,"href":"https:\/\/www.koonings.com\/de\/wp-json\/wp\/v2\/productstyle?post=32746"}],"curies":[{"name":"wp","href":"https:\/\/api.w.org\/{rel}","templated":true}]}}