{"id":32730,"date":"2026-04-14T16:06:51","date_gmt":"2026-04-14T14:06:51","guid":{"rendered":"https:\/\/www.koonings.com\/product\/ramona-koonings-couture-romanticize-kn2101\/"},"modified":"2026-02-16T13:59:55","modified_gmt":"2026-02-16T12:59:55","slug":"ramona-koonings-couture-romanticize-kn2101","status":"publish","type":"product","link":"https:\/\/www.koonings.com\/de\/product\/ramona-koonings-couture-romanticize-kn2101\/","title":{"rendered":"Ramona Koonings Couture Romanticize KN2101"},"content":{"rendered":"<p>Dieses Hochzeitskleid von Ramona Koonings hat mehrere coole Details. Zum Beispiel ist der Rock selbst ultrakurz, der \u00dcberrock l\u00e4uft wundersch\u00f6n an Ihren Beinen hinunter und die \u00c4rmel sind einzigartig durchbrochen und bedecken Ihre Schultern und Handgelenke, lassen aber Ihre Arme frei. Das Kleid ist sexy, aber die zarte Spitze verleiht ihm auch einen romantischen Touch. Dieses Designerkleid hat einen sch\u00f6nen Schlitz und offene \u00c4rmel. K\u00f6nnen Sie sich selbst darin gl\u00e4nzen sehen?    <\/p>\n","protected":false},"featured_media":27453,"template":"","meta":{"_acf_changed":false,"ghostkit_customizer_options":"","ghostkit_custom_css":"","ghostkit_custom_js_head":"","ghostkit_custom_js_foot":"","ghostkit_typography":""},"productdetails":[380,376,378],"productneck":[356],"productcolor":[393,392],"maat":[],"productsupplier":[419],"productsleeve":[362],"productcategory":[18],"productsilhouette":[386,389],"productstyle":[367],"class_list":["post-32730","product","type-product","status-publish","has-post-thumbnail","hentry","productdetails-380","productdetails-376","productdetails-378","productneck-356","productcolor-393","productcolor-392","productsupplier-ramona-koonings-couture","productsleeve-362","productcategory-trouwjurken","productsilhouette-386","productsilhouette-389","productstyle-367"],"acf":[],"yoast_head":"<!-- This site is optimized with the Yoast SEO plugin v27.3 - https:\/\/yoast.com\/product\/yoast-seo-wordpress\/ -->\n<title>Ramona Koonings Couture Romanticize KN2101 | Koonings<\/title>\n<meta name=\"description\" content=\"Dieses Hochzeitskleid von Ramona Koonings hat mehrere coole Details. Zum Beispiel ist der Rock selbst ultrakurz, der \u00dcberrock l\u00e4uft wundersch\u00f6n an Ihren Beinen hinunter und die \u00c4rmel sind einzigartig durchbrochen und bedecken Ihre Schultern und Handgelenke, lassen aber Ihre Arme frei. Das Kleid ist sexy, aber die zarte Spitze verleiht ihm auch einen romantischen Touch. Dieses Designerkleid hat einen sch\u00f6nen Schlitz und offene \u00c4rmel. K\u00f6nnen Sie sich selbst darin gl\u00e4nzen sehen?\" \/>\n<meta name=\"robots\" content=\"index, follow, max-snippet:-1, max-image-preview:large, max-video-preview:-1\" \/>\n<link rel=\"canonical\" href=\"https:\/\/www.koonings.com\/de\/product\/ramona-koonings-couture-romanticize-kn2101\/\" \/>\n<meta property=\"og:locale\" content=\"de_DE\" \/>\n<meta property=\"og:type\" content=\"article\" \/>\n<meta property=\"og:title\" content=\"Ramona Koonings Couture Romanticize KN2101 | Koonings\" \/>\n<meta property=\"og:description\" content=\"Dieses Hochzeitskleid von Ramona Koonings hat mehrere coole Details. Zum Beispiel ist der Rock selbst ultrakurz, der \u00dcberrock l\u00e4uft wundersch\u00f6n an Ihren Beinen hinunter und die \u00c4rmel sind einzigartig durchbrochen und bedecken Ihre Schultern und Handgelenke, lassen aber Ihre Arme frei. Das Kleid ist sexy, aber die zarte Spitze verleiht ihm auch einen romantischen Touch. Dieses Designerkleid hat einen sch\u00f6nen Schlitz und offene \u00c4rmel. K\u00f6nnen Sie sich selbst darin gl\u00e4nzen sehen?\" \/>\n<meta property=\"og:url\" content=\"https:\/\/www.koonings.com\/de\/product\/ramona-koonings-couture-romanticize-kn2101\/\" \/>\n<meta property=\"og:site_name\" content=\"Koonings\" \/>\n<meta property=\"article:publisher\" content=\"https:\/\/www.facebook.com\/kooningstheweddingpalace\" \/>\n<meta property=\"og:image\" content=\"https:\/\/www.koonings.com\/wp-content\/uploads\/2024\/11\/36190_f2ba1f3c7d933f88839c7258bf0025ba1a78d325f710eb92b0c33394cbee48db70f1c5d5.jpeg\" \/>\n\t<meta property=\"og:image:width\" content=\"935\" \/>\n\t<meta property=\"og:image:height\" content=\"1324\" \/>\n\t<meta property=\"og:image:type\" content=\"image\/jpeg\" \/>\n<meta name=\"twitter:card\" content=\"summary_large_image\" \/>\n<script type=\"application\/ld+json\" class=\"yoast-schema-graph\">{\"@context\":\"https:\\\/\\\/schema.org\",\"@graph\":[{\"@type\":\"WebPage\",\"@id\":\"https:\\\/\\\/www.koonings.com\\\/de\\\/product\\\/ramona-koonings-couture-romanticize-kn2101\\\/\",\"url\":\"https:\\\/\\\/www.koonings.com\\\/de\\\/product\\\/ramona-koonings-couture-romanticize-kn2101\\\/\",\"name\":\"Ramona Koonings Couture Romanticize KN2101 | Koonings\",\"isPartOf\":{\"@id\":\"https:\\\/\\\/www.koonings.com\\\/de\\\/#website\"},\"primaryImageOfPage\":{\"@id\":\"https:\\\/\\\/www.koonings.com\\\/de\\\/product\\\/ramona-koonings-couture-romanticize-kn2101\\\/#primaryimage\"},\"image\":{\"@id\":\"https:\\\/\\\/www.koonings.com\\\/de\\\/product\\\/ramona-koonings-couture-romanticize-kn2101\\\/#primaryimage\"},\"thumbnailUrl\":\"https:\\\/\\\/www.koonings.com\\\/wp-content\\\/uploads\\\/2024\\\/11\\\/36190_f2ba1f3c7d933f88839c7258bf0025ba1a78d325f710eb92b0c33394cbee48db70f1c5d5.jpeg\",\"datePublished\":\"2026-04-14T14:06:51+00:00\",\"description\":\"Dieses Hochzeitskleid von Ramona Koonings hat mehrere coole Details. Zum Beispiel ist der Rock selbst ultrakurz, der \u00dcberrock l\u00e4uft wundersch\u00f6n an Ihren Beinen hinunter und die \u00c4rmel sind einzigartig durchbrochen und bedecken Ihre Schultern und Handgelenke, lassen aber Ihre Arme frei. Das Kleid ist sexy, aber die zarte Spitze verleiht ihm auch einen romantischen Touch. Dieses Designerkleid hat einen sch\u00f6nen Schlitz und offene \u00c4rmel. K\u00f6nnen Sie sich selbst darin gl\u00e4nzen sehen?\",\"breadcrumb\":{\"@id\":\"https:\\\/\\\/www.koonings.com\\\/de\\\/product\\\/ramona-koonings-couture-romanticize-kn2101\\\/#breadcrumb\"},\"inLanguage\":\"de\",\"potentialAction\":[{\"@type\":\"ReadAction\",\"target\":[\"https:\\\/\\\/www.koonings.com\\\/de\\\/product\\\/ramona-koonings-couture-romanticize-kn2101\\\/\"]}]},{\"@type\":\"ImageObject\",\"inLanguage\":\"de\",\"@id\":\"https:\\\/\\\/www.koonings.com\\\/de\\\/product\\\/ramona-koonings-couture-romanticize-kn2101\\\/#primaryimage\",\"url\":\"https:\\\/\\\/www.koonings.com\\\/wp-content\\\/uploads\\\/2024\\\/11\\\/36190_f2ba1f3c7d933f88839c7258bf0025ba1a78d325f710eb92b0c33394cbee48db70f1c5d5.jpeg\",\"contentUrl\":\"https:\\\/\\\/www.koonings.com\\\/wp-content\\\/uploads\\\/2024\\\/11\\\/36190_f2ba1f3c7d933f88839c7258bf0025ba1a78d325f710eb92b0c33394cbee48db70f1c5d5.jpeg\",\"width\":935,\"height\":1324},{\"@type\":\"BreadcrumbList\",\"@id\":\"https:\\\/\\\/www.koonings.com\\\/de\\\/product\\\/ramona-koonings-couture-romanticize-kn2101\\\/#breadcrumb\",\"itemListElement\":[{\"@type\":\"ListItem\",\"position\":1,\"name\":\"Home\",\"item\":\"https:\\\/\\\/www.koonings.com\\\/de\\\/\"},{\"@type\":\"ListItem\",\"position\":2,\"name\":\"Ramona Koonings Couture Romanticize KN2101\"}]},{\"@type\":\"WebSite\",\"@id\":\"https:\\\/\\\/www.koonings.com\\\/de\\\/#website\",\"url\":\"https:\\\/\\\/www.koonings.com\\\/de\\\/\",\"name\":\"Koonings\",\"description\":\"De grootste bruidsmodewinkel ter wereld\",\"publisher\":{\"@id\":\"https:\\\/\\\/www.koonings.com\\\/de\\\/#organization\"},\"potentialAction\":[{\"@type\":\"SearchAction\",\"target\":{\"@type\":\"EntryPoint\",\"urlTemplate\":\"https:\\\/\\\/www.koonings.com\\\/de\\\/?s={search_term_string}\"},\"query-input\":{\"@type\":\"PropertyValueSpecification\",\"valueRequired\":true,\"valueName\":\"search_term_string\"}}],\"inLanguage\":\"de\"},{\"@type\":\"Organization\",\"@id\":\"https:\\\/\\\/www.koonings.com\\\/de\\\/#organization\",\"name\":\"Koonings\",\"url\":\"https:\\\/\\\/www.koonings.com\\\/de\\\/\",\"logo\":{\"@type\":\"ImageObject\",\"inLanguage\":\"de\",\"@id\":\"https:\\\/\\\/www.koonings.com\\\/de\\\/#\\\/schema\\\/logo\\\/image\\\/\",\"url\":\"https:\\\/\\\/www.koonings.com\\\/wp-content\\\/uploads\\\/2024\\\/07\\\/logo.png\",\"contentUrl\":\"https:\\\/\\\/www.koonings.com\\\/wp-content\\\/uploads\\\/2024\\\/07\\\/logo.png\",\"width\":600,\"height\":428,\"caption\":\"Koonings\"},\"image\":{\"@id\":\"https:\\\/\\\/www.koonings.com\\\/de\\\/#\\\/schema\\\/logo\\\/image\\\/\"},\"sameAs\":[\"https:\\\/\\\/www.facebook.com\\\/kooningstheweddingpalace\",\"https:\\\/\\\/www.instagram.com\\\/kooningstheweddingpalace\",\"https:\\\/\\\/www.pinterest.com\\\/koonings\",\"https:\\\/\\\/www.youtube.com\\\/kooningstheweddingpalace\"]}]}<\/script>\n<!-- \/ Yoast SEO plugin. -->","yoast_head_json":{"title":"Ramona Koonings Couture Romanticize KN2101 | Koonings","description":"Dieses Hochzeitskleid von Ramona Koonings hat mehrere coole Details. Zum Beispiel ist der Rock selbst ultrakurz, der \u00dcberrock l\u00e4uft wundersch\u00f6n an Ihren Beinen hinunter und die \u00c4rmel sind einzigartig durchbrochen und bedecken Ihre Schultern und Handgelenke, lassen aber Ihre Arme frei. Das Kleid ist sexy, aber die zarte Spitze verleiht ihm auch einen romantischen Touch. Dieses Designerkleid hat einen sch\u00f6nen Schlitz und offene \u00c4rmel. K\u00f6nnen Sie sich selbst darin gl\u00e4nzen sehen?","robots":{"index":"index","follow":"follow","max-snippet":"max-snippet:-1","max-image-preview":"max-image-preview:large","max-video-preview":"max-video-preview:-1"},"canonical":"https:\/\/www.koonings.com\/de\/product\/ramona-koonings-couture-romanticize-kn2101\/","og_locale":"de_DE","og_type":"article","og_title":"Ramona Koonings Couture Romanticize KN2101 | Koonings","og_description":"Dieses Hochzeitskleid von Ramona Koonings hat mehrere coole Details. Zum Beispiel ist der Rock selbst ultrakurz, der \u00dcberrock l\u00e4uft wundersch\u00f6n an Ihren Beinen hinunter und die \u00c4rmel sind einzigartig durchbrochen und bedecken Ihre Schultern und Handgelenke, lassen aber Ihre Arme frei. Das Kleid ist sexy, aber die zarte Spitze verleiht ihm auch einen romantischen Touch. Dieses Designerkleid hat einen sch\u00f6nen Schlitz und offene \u00c4rmel. K\u00f6nnen Sie sich selbst darin gl\u00e4nzen sehen?","og_url":"https:\/\/www.koonings.com\/de\/product\/ramona-koonings-couture-romanticize-kn2101\/","og_site_name":"Koonings","article_publisher":"https:\/\/www.facebook.com\/kooningstheweddingpalace","og_image":[{"width":935,"height":1324,"url":"https:\/\/www.koonings.com\/wp-content\/uploads\/2024\/11\/36190_f2ba1f3c7d933f88839c7258bf0025ba1a78d325f710eb92b0c33394cbee48db70f1c5d5.jpeg","type":"image\/jpeg"}],"twitter_card":"summary_large_image","schema":{"@context":"https:\/\/schema.org","@graph":[{"@type":"WebPage","@id":"https:\/\/www.koonings.com\/de\/product\/ramona-koonings-couture-romanticize-kn2101\/","url":"https:\/\/www.koonings.com\/de\/product\/ramona-koonings-couture-romanticize-kn2101\/","name":"Ramona Koonings Couture Romanticize KN2101 | Koonings","isPartOf":{"@id":"https:\/\/www.koonings.com\/de\/#website"},"primaryImageOfPage":{"@id":"https:\/\/www.koonings.com\/de\/product\/ramona-koonings-couture-romanticize-kn2101\/#primaryimage"},"image":{"@id":"https:\/\/www.koonings.com\/de\/product\/ramona-koonings-couture-romanticize-kn2101\/#primaryimage"},"thumbnailUrl":"https:\/\/www.koonings.com\/wp-content\/uploads\/2024\/11\/36190_f2ba1f3c7d933f88839c7258bf0025ba1a78d325f710eb92b0c33394cbee48db70f1c5d5.jpeg","datePublished":"2026-04-14T14:06:51+00:00","description":"Dieses Hochzeitskleid von Ramona Koonings hat mehrere coole Details. Zum Beispiel ist der Rock selbst ultrakurz, der \u00dcberrock l\u00e4uft wundersch\u00f6n an Ihren Beinen hinunter und die \u00c4rmel sind einzigartig durchbrochen und bedecken Ihre Schultern und Handgelenke, lassen aber Ihre Arme frei. Das Kleid ist sexy, aber die zarte Spitze verleiht ihm auch einen romantischen Touch. Dieses Designerkleid hat einen sch\u00f6nen Schlitz und offene \u00c4rmel. K\u00f6nnen Sie sich selbst darin gl\u00e4nzen sehen?","breadcrumb":{"@id":"https:\/\/www.koonings.com\/de\/product\/ramona-koonings-couture-romanticize-kn2101\/#breadcrumb"},"inLanguage":"de","potentialAction":[{"@type":"ReadAction","target":["https:\/\/www.koonings.com\/de\/product\/ramona-koonings-couture-romanticize-kn2101\/"]}]},{"@type":"ImageObject","inLanguage":"de","@id":"https:\/\/www.koonings.com\/de\/product\/ramona-koonings-couture-romanticize-kn2101\/#primaryimage","url":"https:\/\/www.koonings.com\/wp-content\/uploads\/2024\/11\/36190_f2ba1f3c7d933f88839c7258bf0025ba1a78d325f710eb92b0c33394cbee48db70f1c5d5.jpeg","contentUrl":"https:\/\/www.koonings.com\/wp-content\/uploads\/2024\/11\/36190_f2ba1f3c7d933f88839c7258bf0025ba1a78d325f710eb92b0c33394cbee48db70f1c5d5.jpeg","width":935,"height":1324},{"@type":"BreadcrumbList","@id":"https:\/\/www.koonings.com\/de\/product\/ramona-koonings-couture-romanticize-kn2101\/#breadcrumb","itemListElement":[{"@type":"ListItem","position":1,"name":"Home","item":"https:\/\/www.koonings.com\/de\/"},{"@type":"ListItem","position":2,"name":"Ramona Koonings Couture Romanticize KN2101"}]},{"@type":"WebSite","@id":"https:\/\/www.koonings.com\/de\/#website","url":"https:\/\/www.koonings.com\/de\/","name":"Koonings","description":"De grootste bruidsmodewinkel ter wereld","publisher":{"@id":"https:\/\/www.koonings.com\/de\/#organization"},"potentialAction":[{"@type":"SearchAction","target":{"@type":"EntryPoint","urlTemplate":"https:\/\/www.koonings.com\/de\/?s={search_term_string}"},"query-input":{"@type":"PropertyValueSpecification","valueRequired":true,"valueName":"search_term_string"}}],"inLanguage":"de"},{"@type":"Organization","@id":"https:\/\/www.koonings.com\/de\/#organization","name":"Koonings","url":"https:\/\/www.koonings.com\/de\/","logo":{"@type":"ImageObject","inLanguage":"de","@id":"https:\/\/www.koonings.com\/de\/#\/schema\/logo\/image\/","url":"https:\/\/www.koonings.com\/wp-content\/uploads\/2024\/07\/logo.png","contentUrl":"https:\/\/www.koonings.com\/wp-content\/uploads\/2024\/07\/logo.png","width":600,"height":428,"caption":"Koonings"},"image":{"@id":"https:\/\/www.koonings.com\/de\/#\/schema\/logo\/image\/"},"sameAs":["https:\/\/www.facebook.com\/kooningstheweddingpalace","https:\/\/www.instagram.com\/kooningstheweddingpalace","https:\/\/www.pinterest.com\/koonings","https:\/\/www.youtube.com\/kooningstheweddingpalace"]}]}},"_links":{"self":[{"href":"https:\/\/www.koonings.com\/de\/wp-json\/wp\/v2\/product\/32730","targetHints":{"allow":["GET"]}}],"collection":[{"href":"https:\/\/www.koonings.com\/de\/wp-json\/wp\/v2\/product"}],"about":[{"href":"https:\/\/www.koonings.com\/de\/wp-json\/wp\/v2\/types\/product"}],"wp:featuredmedia":[{"embeddable":true,"href":"https:\/\/www.koonings.com\/de\/wp-json\/wp\/v2\/media\/27453"}],"wp:attachment":[{"href":"https:\/\/www.koonings.com\/de\/wp-json\/wp\/v2\/media?parent=32730"}],"wp:term":[{"taxonomy":"productdetails","embeddable":true,"href":"https:\/\/www.koonings.com\/de\/wp-json\/wp\/v2\/productdetails?post=32730"},{"taxonomy":"productneck","embeddable":true,"href":"https:\/\/www.koonings.com\/de\/wp-json\/wp\/v2\/productneck?post=32730"},{"taxonomy":"productcolor","embeddable":true,"href":"https:\/\/www.koonings.com\/de\/wp-json\/wp\/v2\/productcolor?post=32730"},{"taxonomy":"maat","embeddable":true,"href":"https:\/\/www.koonings.com\/de\/wp-json\/wp\/v2\/maat?post=32730"},{"taxonomy":"productsupplier","embeddable":true,"href":"https:\/\/www.koonings.com\/de\/wp-json\/wp\/v2\/productsupplier?post=32730"},{"taxonomy":"productsleeve","embeddable":true,"href":"https:\/\/www.koonings.com\/de\/wp-json\/wp\/v2\/productsleeve?post=32730"},{"taxonomy":"productcategory","embeddable":true,"href":"https:\/\/www.koonings.com\/de\/wp-json\/wp\/v2\/productcategory?post=32730"},{"taxonomy":"productsilhouette","embeddable":true,"href":"https:\/\/www.koonings.com\/de\/wp-json\/wp\/v2\/productsilhouette?post=32730"},{"taxonomy":"productstyle","embeddable":true,"href":"https:\/\/www.koonings.com\/de\/wp-json\/wp\/v2\/productstyle?post=32730"}],"curies":[{"name":"wp","href":"https:\/\/api.w.org\/{rel}","templated":true}]}}