{"id":32699,"date":"2026-04-28T18:06:35","date_gmt":"2026-04-28T16:06:35","guid":{"rendered":"https:\/\/www.koonings.com\/product\/ramona-koonings-couture-kn2113-riches\/"},"modified":"2026-02-16T14:06:52","modified_gmt":"2026-02-16T13:06:52","slug":"ramona-koonings-couture-kn2113-riches","status":"publish","type":"product","link":"https:\/\/www.koonings.com\/de\/product\/ramona-koonings-couture-kn2113-riches\/","title":{"rendered":"Ramona Koonings Couture KN2113 Reichtum"},"content":{"rendered":"<p>Bei diesem Kleid von Ramona Koonings werden Sie viele funkelnde Details sehen. Das Kleid hat an einer Seite einen Tr\u00e4ger. Das macht das Kleid sehr romantisch und modern. Und wie w\u00e4re es mit dem hohen sexy Schlitz? Atemberaubend sch\u00f6n, oder?    <\/p>\n","protected":false},"featured_media":27515,"template":"","meta":{"_acf_changed":false,"ghostkit_customizer_options":"","ghostkit_custom_css":"","ghostkit_custom_js_head":"","ghostkit_custom_js_foot":"","ghostkit_typography":""},"productdetails":[376,378],"productneck":[354],"productcolor":[392],"maat":[],"productsupplier":[419],"productsleeve":[359,363],"productcategory":[18],"productsilhouette":[387],"productstyle":[367],"class_list":["post-32699","product","type-product","status-publish","has-post-thumbnail","hentry","productdetails-376","productdetails-378","productneck-354","productcolor-392","productsupplier-ramona-koonings-couture","productsleeve-359","productsleeve-363","productcategory-trouwjurken","productsilhouette-387","productstyle-367"],"acf":[],"yoast_head":"<!-- This site is optimized with the Yoast SEO plugin v27.3 - https:\/\/yoast.com\/product\/yoast-seo-wordpress\/ -->\n<title>Ramona Koonings Couture KN2113 Reichtum | Koonings<\/title>\n<meta name=\"description\" content=\"Bei diesem Kleid von Ramona Koonings werden Sie viele funkelnde Details sehen. Das Kleid hat an einer Seite einen Tr\u00e4ger. Das macht das Kleid sehr romantisch und modern. Und wie w\u00e4re es mit dem hohen sexy Schlitz? Atemberaubend sch\u00f6n, oder?\" \/>\n<meta name=\"robots\" content=\"index, follow, max-snippet:-1, max-image-preview:large, max-video-preview:-1\" \/>\n<link rel=\"canonical\" href=\"https:\/\/www.koonings.com\/de\/product\/ramona-koonings-couture-kn2113-riches\/\" \/>\n<meta property=\"og:locale\" content=\"de_DE\" \/>\n<meta property=\"og:type\" content=\"article\" \/>\n<meta property=\"og:title\" content=\"Ramona Koonings Couture KN2113 Reichtum | Koonings\" \/>\n<meta property=\"og:description\" content=\"Bei diesem Kleid von Ramona Koonings werden Sie viele funkelnde Details sehen. Das Kleid hat an einer Seite einen Tr\u00e4ger. Das macht das Kleid sehr romantisch und modern. Und wie w\u00e4re es mit dem hohen sexy Schlitz? Atemberaubend sch\u00f6n, oder?\" \/>\n<meta property=\"og:url\" content=\"https:\/\/www.koonings.com\/de\/product\/ramona-koonings-couture-kn2113-riches\/\" \/>\n<meta property=\"og:site_name\" content=\"Koonings\" \/>\n<meta property=\"article:publisher\" content=\"https:\/\/www.facebook.com\/kooningstheweddingpalace\" \/>\n<meta property=\"og:image\" content=\"https:\/\/www.koonings.com\/wp-content\/uploads\/2024\/11\/36207_040be6f603d1db842827ca9d4c1c2ff73378c8a3308df81171e35ed02559d25e236b728a.jpeg\" \/>\n\t<meta property=\"og:image:width\" content=\"300\" \/>\n\t<meta property=\"og:image:height\" content=\"450\" \/>\n\t<meta property=\"og:image:type\" content=\"image\/jpeg\" \/>\n<meta name=\"twitter:card\" content=\"summary_large_image\" \/>\n<script type=\"application\/ld+json\" class=\"yoast-schema-graph\">{\"@context\":\"https:\\\/\\\/schema.org\",\"@graph\":[{\"@type\":\"WebPage\",\"@id\":\"https:\\\/\\\/www.koonings.com\\\/de\\\/product\\\/ramona-koonings-couture-kn2113-riches\\\/\",\"url\":\"https:\\\/\\\/www.koonings.com\\\/de\\\/product\\\/ramona-koonings-couture-kn2113-riches\\\/\",\"name\":\"Ramona Koonings Couture KN2113 Reichtum | Koonings\",\"isPartOf\":{\"@id\":\"https:\\\/\\\/www.koonings.com\\\/de\\\/#website\"},\"primaryImageOfPage\":{\"@id\":\"https:\\\/\\\/www.koonings.com\\\/de\\\/product\\\/ramona-koonings-couture-kn2113-riches\\\/#primaryimage\"},\"image\":{\"@id\":\"https:\\\/\\\/www.koonings.com\\\/de\\\/product\\\/ramona-koonings-couture-kn2113-riches\\\/#primaryimage\"},\"thumbnailUrl\":\"https:\\\/\\\/www.koonings.com\\\/wp-content\\\/uploads\\\/2024\\\/11\\\/36207_040be6f603d1db842827ca9d4c1c2ff73378c8a3308df81171e35ed02559d25e236b728a.jpeg\",\"datePublished\":\"2026-04-28T16:06:35+00:00\",\"description\":\"Bei diesem Kleid von Ramona Koonings werden Sie viele funkelnde Details sehen. Das Kleid hat an einer Seite einen Tr\u00e4ger. Das macht das Kleid sehr romantisch und modern. Und wie w\u00e4re es mit dem hohen sexy Schlitz? Atemberaubend sch\u00f6n, oder?\",\"breadcrumb\":{\"@id\":\"https:\\\/\\\/www.koonings.com\\\/de\\\/product\\\/ramona-koonings-couture-kn2113-riches\\\/#breadcrumb\"},\"inLanguage\":\"de\",\"potentialAction\":[{\"@type\":\"ReadAction\",\"target\":[\"https:\\\/\\\/www.koonings.com\\\/de\\\/product\\\/ramona-koonings-couture-kn2113-riches\\\/\"]}]},{\"@type\":\"ImageObject\",\"inLanguage\":\"de\",\"@id\":\"https:\\\/\\\/www.koonings.com\\\/de\\\/product\\\/ramona-koonings-couture-kn2113-riches\\\/#primaryimage\",\"url\":\"https:\\\/\\\/www.koonings.com\\\/wp-content\\\/uploads\\\/2024\\\/11\\\/36207_040be6f603d1db842827ca9d4c1c2ff73378c8a3308df81171e35ed02559d25e236b728a.jpeg\",\"contentUrl\":\"https:\\\/\\\/www.koonings.com\\\/wp-content\\\/uploads\\\/2024\\\/11\\\/36207_040be6f603d1db842827ca9d4c1c2ff73378c8a3308df81171e35ed02559d25e236b728a.jpeg\",\"width\":300,\"height\":450},{\"@type\":\"BreadcrumbList\",\"@id\":\"https:\\\/\\\/www.koonings.com\\\/de\\\/product\\\/ramona-koonings-couture-kn2113-riches\\\/#breadcrumb\",\"itemListElement\":[{\"@type\":\"ListItem\",\"position\":1,\"name\":\"Home\",\"item\":\"https:\\\/\\\/www.koonings.com\\\/de\\\/\"},{\"@type\":\"ListItem\",\"position\":2,\"name\":\"Ramona Koonings Couture KN2113 Reichtum\"}]},{\"@type\":\"WebSite\",\"@id\":\"https:\\\/\\\/www.koonings.com\\\/de\\\/#website\",\"url\":\"https:\\\/\\\/www.koonings.com\\\/de\\\/\",\"name\":\"Koonings\",\"description\":\"De grootste bruidsmodewinkel ter wereld\",\"publisher\":{\"@id\":\"https:\\\/\\\/www.koonings.com\\\/de\\\/#organization\"},\"potentialAction\":[{\"@type\":\"SearchAction\",\"target\":{\"@type\":\"EntryPoint\",\"urlTemplate\":\"https:\\\/\\\/www.koonings.com\\\/de\\\/?s={search_term_string}\"},\"query-input\":{\"@type\":\"PropertyValueSpecification\",\"valueRequired\":true,\"valueName\":\"search_term_string\"}}],\"inLanguage\":\"de\"},{\"@type\":\"Organization\",\"@id\":\"https:\\\/\\\/www.koonings.com\\\/de\\\/#organization\",\"name\":\"Koonings\",\"url\":\"https:\\\/\\\/www.koonings.com\\\/de\\\/\",\"logo\":{\"@type\":\"ImageObject\",\"inLanguage\":\"de\",\"@id\":\"https:\\\/\\\/www.koonings.com\\\/de\\\/#\\\/schema\\\/logo\\\/image\\\/\",\"url\":\"https:\\\/\\\/www.koonings.com\\\/wp-content\\\/uploads\\\/2024\\\/07\\\/logo.png\",\"contentUrl\":\"https:\\\/\\\/www.koonings.com\\\/wp-content\\\/uploads\\\/2024\\\/07\\\/logo.png\",\"width\":600,\"height\":428,\"caption\":\"Koonings\"},\"image\":{\"@id\":\"https:\\\/\\\/www.koonings.com\\\/de\\\/#\\\/schema\\\/logo\\\/image\\\/\"},\"sameAs\":[\"https:\\\/\\\/www.facebook.com\\\/kooningstheweddingpalace\",\"https:\\\/\\\/www.instagram.com\\\/kooningstheweddingpalace\",\"https:\\\/\\\/www.pinterest.com\\\/koonings\",\"https:\\\/\\\/www.youtube.com\\\/kooningstheweddingpalace\"]}]}<\/script>\n<!-- \/ Yoast SEO plugin. -->","yoast_head_json":{"title":"Ramona Koonings Couture KN2113 Reichtum | Koonings","description":"Bei diesem Kleid von Ramona Koonings werden Sie viele funkelnde Details sehen. Das Kleid hat an einer Seite einen Tr\u00e4ger. Das macht das Kleid sehr romantisch und modern. Und wie w\u00e4re es mit dem hohen sexy Schlitz? Atemberaubend sch\u00f6n, oder?","robots":{"index":"index","follow":"follow","max-snippet":"max-snippet:-1","max-image-preview":"max-image-preview:large","max-video-preview":"max-video-preview:-1"},"canonical":"https:\/\/www.koonings.com\/de\/product\/ramona-koonings-couture-kn2113-riches\/","og_locale":"de_DE","og_type":"article","og_title":"Ramona Koonings Couture KN2113 Reichtum | Koonings","og_description":"Bei diesem Kleid von Ramona Koonings werden Sie viele funkelnde Details sehen. Das Kleid hat an einer Seite einen Tr\u00e4ger. Das macht das Kleid sehr romantisch und modern. Und wie w\u00e4re es mit dem hohen sexy Schlitz? Atemberaubend sch\u00f6n, oder?","og_url":"https:\/\/www.koonings.com\/de\/product\/ramona-koonings-couture-kn2113-riches\/","og_site_name":"Koonings","article_publisher":"https:\/\/www.facebook.com\/kooningstheweddingpalace","og_image":[{"width":300,"height":450,"url":"https:\/\/www.koonings.com\/wp-content\/uploads\/2024\/11\/36207_040be6f603d1db842827ca9d4c1c2ff73378c8a3308df81171e35ed02559d25e236b728a.jpeg","type":"image\/jpeg"}],"twitter_card":"summary_large_image","schema":{"@context":"https:\/\/schema.org","@graph":[{"@type":"WebPage","@id":"https:\/\/www.koonings.com\/de\/product\/ramona-koonings-couture-kn2113-riches\/","url":"https:\/\/www.koonings.com\/de\/product\/ramona-koonings-couture-kn2113-riches\/","name":"Ramona Koonings Couture KN2113 Reichtum | Koonings","isPartOf":{"@id":"https:\/\/www.koonings.com\/de\/#website"},"primaryImageOfPage":{"@id":"https:\/\/www.koonings.com\/de\/product\/ramona-koonings-couture-kn2113-riches\/#primaryimage"},"image":{"@id":"https:\/\/www.koonings.com\/de\/product\/ramona-koonings-couture-kn2113-riches\/#primaryimage"},"thumbnailUrl":"https:\/\/www.koonings.com\/wp-content\/uploads\/2024\/11\/36207_040be6f603d1db842827ca9d4c1c2ff73378c8a3308df81171e35ed02559d25e236b728a.jpeg","datePublished":"2026-04-28T16:06:35+00:00","description":"Bei diesem Kleid von Ramona Koonings werden Sie viele funkelnde Details sehen. Das Kleid hat an einer Seite einen Tr\u00e4ger. Das macht das Kleid sehr romantisch und modern. Und wie w\u00e4re es mit dem hohen sexy Schlitz? Atemberaubend sch\u00f6n, oder?","breadcrumb":{"@id":"https:\/\/www.koonings.com\/de\/product\/ramona-koonings-couture-kn2113-riches\/#breadcrumb"},"inLanguage":"de","potentialAction":[{"@type":"ReadAction","target":["https:\/\/www.koonings.com\/de\/product\/ramona-koonings-couture-kn2113-riches\/"]}]},{"@type":"ImageObject","inLanguage":"de","@id":"https:\/\/www.koonings.com\/de\/product\/ramona-koonings-couture-kn2113-riches\/#primaryimage","url":"https:\/\/www.koonings.com\/wp-content\/uploads\/2024\/11\/36207_040be6f603d1db842827ca9d4c1c2ff73378c8a3308df81171e35ed02559d25e236b728a.jpeg","contentUrl":"https:\/\/www.koonings.com\/wp-content\/uploads\/2024\/11\/36207_040be6f603d1db842827ca9d4c1c2ff73378c8a3308df81171e35ed02559d25e236b728a.jpeg","width":300,"height":450},{"@type":"BreadcrumbList","@id":"https:\/\/www.koonings.com\/de\/product\/ramona-koonings-couture-kn2113-riches\/#breadcrumb","itemListElement":[{"@type":"ListItem","position":1,"name":"Home","item":"https:\/\/www.koonings.com\/de\/"},{"@type":"ListItem","position":2,"name":"Ramona Koonings Couture KN2113 Reichtum"}]},{"@type":"WebSite","@id":"https:\/\/www.koonings.com\/de\/#website","url":"https:\/\/www.koonings.com\/de\/","name":"Koonings","description":"De grootste bruidsmodewinkel ter wereld","publisher":{"@id":"https:\/\/www.koonings.com\/de\/#organization"},"potentialAction":[{"@type":"SearchAction","target":{"@type":"EntryPoint","urlTemplate":"https:\/\/www.koonings.com\/de\/?s={search_term_string}"},"query-input":{"@type":"PropertyValueSpecification","valueRequired":true,"valueName":"search_term_string"}}],"inLanguage":"de"},{"@type":"Organization","@id":"https:\/\/www.koonings.com\/de\/#organization","name":"Koonings","url":"https:\/\/www.koonings.com\/de\/","logo":{"@type":"ImageObject","inLanguage":"de","@id":"https:\/\/www.koonings.com\/de\/#\/schema\/logo\/image\/","url":"https:\/\/www.koonings.com\/wp-content\/uploads\/2024\/07\/logo.png","contentUrl":"https:\/\/www.koonings.com\/wp-content\/uploads\/2024\/07\/logo.png","width":600,"height":428,"caption":"Koonings"},"image":{"@id":"https:\/\/www.koonings.com\/de\/#\/schema\/logo\/image\/"},"sameAs":["https:\/\/www.facebook.com\/kooningstheweddingpalace","https:\/\/www.instagram.com\/kooningstheweddingpalace","https:\/\/www.pinterest.com\/koonings","https:\/\/www.youtube.com\/kooningstheweddingpalace"]}]}},"_links":{"self":[{"href":"https:\/\/www.koonings.com\/de\/wp-json\/wp\/v2\/product\/32699","targetHints":{"allow":["GET"]}}],"collection":[{"href":"https:\/\/www.koonings.com\/de\/wp-json\/wp\/v2\/product"}],"about":[{"href":"https:\/\/www.koonings.com\/de\/wp-json\/wp\/v2\/types\/product"}],"wp:featuredmedia":[{"embeddable":true,"href":"https:\/\/www.koonings.com\/de\/wp-json\/wp\/v2\/media\/27515"}],"wp:attachment":[{"href":"https:\/\/www.koonings.com\/de\/wp-json\/wp\/v2\/media?parent=32699"}],"wp:term":[{"taxonomy":"productdetails","embeddable":true,"href":"https:\/\/www.koonings.com\/de\/wp-json\/wp\/v2\/productdetails?post=32699"},{"taxonomy":"productneck","embeddable":true,"href":"https:\/\/www.koonings.com\/de\/wp-json\/wp\/v2\/productneck?post=32699"},{"taxonomy":"productcolor","embeddable":true,"href":"https:\/\/www.koonings.com\/de\/wp-json\/wp\/v2\/productcolor?post=32699"},{"taxonomy":"maat","embeddable":true,"href":"https:\/\/www.koonings.com\/de\/wp-json\/wp\/v2\/maat?post=32699"},{"taxonomy":"productsupplier","embeddable":true,"href":"https:\/\/www.koonings.com\/de\/wp-json\/wp\/v2\/productsupplier?post=32699"},{"taxonomy":"productsleeve","embeddable":true,"href":"https:\/\/www.koonings.com\/de\/wp-json\/wp\/v2\/productsleeve?post=32699"},{"taxonomy":"productcategory","embeddable":true,"href":"https:\/\/www.koonings.com\/de\/wp-json\/wp\/v2\/productcategory?post=32699"},{"taxonomy":"productsilhouette","embeddable":true,"href":"https:\/\/www.koonings.com\/de\/wp-json\/wp\/v2\/productsilhouette?post=32699"},{"taxonomy":"productstyle","embeddable":true,"href":"https:\/\/www.koonings.com\/de\/wp-json\/wp\/v2\/productstyle?post=32699"}],"curies":[{"name":"wp","href":"https:\/\/api.w.org\/{rel}","templated":true}]}}