{"id":32694,"date":"2026-04-28T18:06:12","date_gmt":"2026-04-28T16:06:12","guid":{"rendered":"https:\/\/www.koonings.com\/product\/rembo-styling-the-sky-is-pink-1\/"},"modified":"2026-02-16T11:33:08","modified_gmt":"2026-02-16T10:33:08","slug":"rembo-styling-the-sky-is-pink-1","status":"publish","type":"product","link":"https:\/\/www.koonings.com\/de\/product\/rembo-styling-the-sky-is-pink-1\/","title":{"rendered":"Rembo Styling Der Himmel ist rosa\/1"},"content":{"rendered":"<p>Das Hochzeitskleid The Sky is Pink von Rembo Styling, erh\u00e4ltlich bei Koonings The Wedding Palace, ist ein atemberaubendes Design f\u00fcr die Braut, die einen romantischen, b\u00f6hmischen Look mit einem modernen Twist liebt. Dieses Kleid hat eine elegante A-Linien-Silhouette, die sanft \u00fcber den K\u00f6rper f\u00e4llt und es der Braut erm\u00f6glicht, sich frei und stilvoll zu bewegen. Die raffinierte Spitze und die zarten Details verleihen dem Kleid ein vertr\u00e4umtes und \u00e4therisches Gef\u00fchl, w\u00e4hrend die subtilen Farbt\u00f6ne des Stoffes ein warmes, weiches Gef\u00fchl vermitteln. Das Modell Sky is Pink verf\u00fcgt \u00fcber einen eleganten V-Ausschnitt und wundersch\u00f6n detaillierte \u00c4rmel, die den b\u00f6hmischen Charme des Kleides noch verst\u00e4rken. Dieses Kleid ist perfekt f\u00fcr eine Hochzeit in einer nat\u00fcrlichen, intimen Umgebung und bietet die ideale Balance zwischen Romantik und Raffinesse. Erh\u00e4ltlich bei Koonings The Wedding Palace, wo Sie dieses wundersch\u00f6ne Kleid anprobieren und f\u00fcr Ihren besonderen Tag ma\u00dfschneidern lassen k\u00f6nnen.     <\/p>\n","protected":false},"featured_media":26646,"template":"","meta":{"_acf_changed":false,"ghostkit_customizer_options":"","ghostkit_custom_css":"","ghostkit_custom_js_head":"","ghostkit_custom_js_foot":"","ghostkit_typography":""},"productdetails":[378],"productneck":[350,355],"productcolor":[392],"maat":[],"productsupplier":[414],"productsleeve":[362],"productcategory":[18],"productsilhouette":[384],"productstyle":[364],"class_list":["post-32694","product","type-product","status-publish","has-post-thumbnail","hentry","productdetails-378","productneck-350","productneck-355","productcolor-392","productsupplier-rembo-styling","productsleeve-362","productcategory-trouwjurken","productsilhouette-384","productstyle-364"],"acf":[],"yoast_head":"<!-- This site is optimized with the Yoast SEO plugin v27.3 - https:\/\/yoast.com\/product\/yoast-seo-wordpress\/ -->\n<title>Rembo Styling Der Himmel ist rosa\/1 | Koonings<\/title>\n<meta name=\"description\" content=\"Das Hochzeitskleid The Sky is Pink von Rembo Styling, erh\u00e4ltlich bei Koonings The Wedding Palace, ist ein atemberaubendes Design f\u00fcr die Braut, die einen romantischen, b\u00f6hmischen Look mit einem modernen Twist liebt. Dieses Kleid hat eine elegante A-Linien-Silhouette, die sanft \u00fcber den K\u00f6rper f\u00e4llt und es der Braut erm\u00f6glicht, sich frei und stilvoll zu bewegen. Die raffinierte Spitze und die zarten Details verleihen dem Kleid ein vertr\u00e4umtes und \u00e4therisches Gef\u00fchl, w\u00e4hrend die subtilen Farbt\u00f6ne des Stoffes ein warmes, weiches Gef\u00fchl vermitteln. Das Modell Sky is Pink verf\u00fcgt \u00fcber einen eleganten V-Ausschnitt und wundersch\u00f6n detaillierte \u00c4rmel, die den b\u00f6hmischen Charme des Kleides noch verst\u00e4rken. Dieses Kleid ist perfekt f\u00fcr eine Hochzeit in einer nat\u00fcrlichen, intimen Umgebung und bietet die ideale Balance zwischen Romantik und Raffinesse. Erh\u00e4ltlich bei Koonings The Wedding Palace, wo Sie dieses wundersch\u00f6ne Kleid anprobieren und f\u00fcr Ihren besonderen Tag ma\u00dfschneidern lassen k\u00f6nnen.\" \/>\n<meta name=\"robots\" content=\"index, follow, max-snippet:-1, max-image-preview:large, max-video-preview:-1\" \/>\n<link rel=\"canonical\" href=\"https:\/\/www.koonings.com\/de\/product\/rembo-styling-the-sky-is-pink-1\/\" \/>\n<meta property=\"og:locale\" content=\"de_DE\" \/>\n<meta property=\"og:type\" content=\"article\" \/>\n<meta property=\"og:title\" content=\"Rembo Styling Der Himmel ist rosa\/1 | Koonings\" \/>\n<meta property=\"og:description\" content=\"Das Hochzeitskleid The Sky is Pink von Rembo Styling, erh\u00e4ltlich bei Koonings The Wedding Palace, ist ein atemberaubendes Design f\u00fcr die Braut, die einen romantischen, b\u00f6hmischen Look mit einem modernen Twist liebt. Dieses Kleid hat eine elegante A-Linien-Silhouette, die sanft \u00fcber den K\u00f6rper f\u00e4llt und es der Braut erm\u00f6glicht, sich frei und stilvoll zu bewegen. Die raffinierte Spitze und die zarten Details verleihen dem Kleid ein vertr\u00e4umtes und \u00e4therisches Gef\u00fchl, w\u00e4hrend die subtilen Farbt\u00f6ne des Stoffes ein warmes, weiches Gef\u00fchl vermitteln. Das Modell Sky is Pink verf\u00fcgt \u00fcber einen eleganten V-Ausschnitt und wundersch\u00f6n detaillierte \u00c4rmel, die den b\u00f6hmischen Charme des Kleides noch verst\u00e4rken. Dieses Kleid ist perfekt f\u00fcr eine Hochzeit in einer nat\u00fcrlichen, intimen Umgebung und bietet die ideale Balance zwischen Romantik und Raffinesse. Erh\u00e4ltlich bei Koonings The Wedding Palace, wo Sie dieses wundersch\u00f6ne Kleid anprobieren und f\u00fcr Ihren besonderen Tag ma\u00dfschneidern lassen k\u00f6nnen.\" \/>\n<meta property=\"og:url\" content=\"https:\/\/www.koonings.com\/de\/product\/rembo-styling-the-sky-is-pink-1\/\" \/>\n<meta property=\"og:site_name\" content=\"Koonings\" \/>\n<meta property=\"article:publisher\" content=\"https:\/\/www.facebook.com\/kooningstheweddingpalace\" \/>\n<meta property=\"og:image\" content=\"https:\/\/www.koonings.com\/wp-content\/uploads\/2024\/11\/27852_2798dcd4c099ae70619edb93fb03c885dbd7c9874a7d9a124ae3f72620985107d7bf7511-scaled.jpeg\" \/>\n\t<meta property=\"og:image:width\" content=\"1707\" \/>\n\t<meta property=\"og:image:height\" content=\"2560\" \/>\n\t<meta property=\"og:image:type\" content=\"image\/jpeg\" \/>\n<meta name=\"twitter:card\" content=\"summary_large_image\" \/>\n<meta name=\"twitter:label1\" content=\"Gesch\u00e4tzte Lesezeit\" \/>\n\t<meta name=\"twitter:data1\" content=\"1\u00a0Minute\" \/>\n<script type=\"application\/ld+json\" class=\"yoast-schema-graph\">{\"@context\":\"https:\\\/\\\/schema.org\",\"@graph\":[{\"@type\":\"WebPage\",\"@id\":\"https:\\\/\\\/www.koonings.com\\\/de\\\/product\\\/rembo-styling-the-sky-is-pink-1\\\/\",\"url\":\"https:\\\/\\\/www.koonings.com\\\/de\\\/product\\\/rembo-styling-the-sky-is-pink-1\\\/\",\"name\":\"Rembo Styling Der Himmel ist rosa\\\/1 | Koonings\",\"isPartOf\":{\"@id\":\"https:\\\/\\\/www.koonings.com\\\/de\\\/#website\"},\"primaryImageOfPage\":{\"@id\":\"https:\\\/\\\/www.koonings.com\\\/de\\\/product\\\/rembo-styling-the-sky-is-pink-1\\\/#primaryimage\"},\"image\":{\"@id\":\"https:\\\/\\\/www.koonings.com\\\/de\\\/product\\\/rembo-styling-the-sky-is-pink-1\\\/#primaryimage\"},\"thumbnailUrl\":\"https:\\\/\\\/www.koonings.com\\\/wp-content\\\/uploads\\\/2024\\\/11\\\/27852_2798dcd4c099ae70619edb93fb03c885dbd7c9874a7d9a124ae3f72620985107d7bf7511-scaled.jpeg\",\"datePublished\":\"2026-04-28T16:06:12+00:00\",\"description\":\"Das Hochzeitskleid The Sky is Pink von Rembo Styling, erh\u00e4ltlich bei Koonings The Wedding Palace, ist ein atemberaubendes Design f\u00fcr die Braut, die einen romantischen, b\u00f6hmischen Look mit einem modernen Twist liebt. Dieses Kleid hat eine elegante A-Linien-Silhouette, die sanft \u00fcber den K\u00f6rper f\u00e4llt und es der Braut erm\u00f6glicht, sich frei und stilvoll zu bewegen. Die raffinierte Spitze und die zarten Details verleihen dem Kleid ein vertr\u00e4umtes und \u00e4therisches Gef\u00fchl, w\u00e4hrend die subtilen Farbt\u00f6ne des Stoffes ein warmes, weiches Gef\u00fchl vermitteln. Das Modell Sky is Pink verf\u00fcgt \u00fcber einen eleganten V-Ausschnitt und wundersch\u00f6n detaillierte \u00c4rmel, die den b\u00f6hmischen Charme des Kleides noch verst\u00e4rken. Dieses Kleid ist perfekt f\u00fcr eine Hochzeit in einer nat\u00fcrlichen, intimen Umgebung und bietet die ideale Balance zwischen Romantik und Raffinesse. Erh\u00e4ltlich bei Koonings The Wedding Palace, wo Sie dieses wundersch\u00f6ne Kleid anprobieren und f\u00fcr Ihren besonderen Tag ma\u00dfschneidern lassen k\u00f6nnen.\",\"breadcrumb\":{\"@id\":\"https:\\\/\\\/www.koonings.com\\\/de\\\/product\\\/rembo-styling-the-sky-is-pink-1\\\/#breadcrumb\"},\"inLanguage\":\"de\",\"potentialAction\":[{\"@type\":\"ReadAction\",\"target\":[\"https:\\\/\\\/www.koonings.com\\\/de\\\/product\\\/rembo-styling-the-sky-is-pink-1\\\/\"]}]},{\"@type\":\"ImageObject\",\"inLanguage\":\"de\",\"@id\":\"https:\\\/\\\/www.koonings.com\\\/de\\\/product\\\/rembo-styling-the-sky-is-pink-1\\\/#primaryimage\",\"url\":\"https:\\\/\\\/www.koonings.com\\\/wp-content\\\/uploads\\\/2024\\\/11\\\/27852_2798dcd4c099ae70619edb93fb03c885dbd7c9874a7d9a124ae3f72620985107d7bf7511-scaled.jpeg\",\"contentUrl\":\"https:\\\/\\\/www.koonings.com\\\/wp-content\\\/uploads\\\/2024\\\/11\\\/27852_2798dcd4c099ae70619edb93fb03c885dbd7c9874a7d9a124ae3f72620985107d7bf7511-scaled.jpeg\",\"width\":1707,\"height\":2560},{\"@type\":\"BreadcrumbList\",\"@id\":\"https:\\\/\\\/www.koonings.com\\\/de\\\/product\\\/rembo-styling-the-sky-is-pink-1\\\/#breadcrumb\",\"itemListElement\":[{\"@type\":\"ListItem\",\"position\":1,\"name\":\"Home\",\"item\":\"https:\\\/\\\/www.koonings.com\\\/de\\\/\"},{\"@type\":\"ListItem\",\"position\":2,\"name\":\"Rembo Styling Der Himmel ist rosa\\\/1\"}]},{\"@type\":\"WebSite\",\"@id\":\"https:\\\/\\\/www.koonings.com\\\/de\\\/#website\",\"url\":\"https:\\\/\\\/www.koonings.com\\\/de\\\/\",\"name\":\"Koonings\",\"description\":\"De grootste bruidsmodewinkel ter wereld\",\"publisher\":{\"@id\":\"https:\\\/\\\/www.koonings.com\\\/de\\\/#organization\"},\"potentialAction\":[{\"@type\":\"SearchAction\",\"target\":{\"@type\":\"EntryPoint\",\"urlTemplate\":\"https:\\\/\\\/www.koonings.com\\\/de\\\/?s={search_term_string}\"},\"query-input\":{\"@type\":\"PropertyValueSpecification\",\"valueRequired\":true,\"valueName\":\"search_term_string\"}}],\"inLanguage\":\"de\"},{\"@type\":\"Organization\",\"@id\":\"https:\\\/\\\/www.koonings.com\\\/de\\\/#organization\",\"name\":\"Koonings\",\"url\":\"https:\\\/\\\/www.koonings.com\\\/de\\\/\",\"logo\":{\"@type\":\"ImageObject\",\"inLanguage\":\"de\",\"@id\":\"https:\\\/\\\/www.koonings.com\\\/de\\\/#\\\/schema\\\/logo\\\/image\\\/\",\"url\":\"https:\\\/\\\/www.koonings.com\\\/wp-content\\\/uploads\\\/2024\\\/07\\\/logo.png\",\"contentUrl\":\"https:\\\/\\\/www.koonings.com\\\/wp-content\\\/uploads\\\/2024\\\/07\\\/logo.png\",\"width\":600,\"height\":428,\"caption\":\"Koonings\"},\"image\":{\"@id\":\"https:\\\/\\\/www.koonings.com\\\/de\\\/#\\\/schema\\\/logo\\\/image\\\/\"},\"sameAs\":[\"https:\\\/\\\/www.facebook.com\\\/kooningstheweddingpalace\",\"https:\\\/\\\/www.instagram.com\\\/kooningstheweddingpalace\",\"https:\\\/\\\/www.pinterest.com\\\/koonings\",\"https:\\\/\\\/www.youtube.com\\\/kooningstheweddingpalace\"]}]}<\/script>\n<!-- \/ Yoast SEO plugin. -->","yoast_head_json":{"title":"Rembo Styling Der Himmel ist rosa\/1 | Koonings","description":"Das Hochzeitskleid The Sky is Pink von Rembo Styling, erh\u00e4ltlich bei Koonings The Wedding Palace, ist ein atemberaubendes Design f\u00fcr die Braut, die einen romantischen, b\u00f6hmischen Look mit einem modernen Twist liebt. Dieses Kleid hat eine elegante A-Linien-Silhouette, die sanft \u00fcber den K\u00f6rper f\u00e4llt und es der Braut erm\u00f6glicht, sich frei und stilvoll zu bewegen. Die raffinierte Spitze und die zarten Details verleihen dem Kleid ein vertr\u00e4umtes und \u00e4therisches Gef\u00fchl, w\u00e4hrend die subtilen Farbt\u00f6ne des Stoffes ein warmes, weiches Gef\u00fchl vermitteln. Das Modell Sky is Pink verf\u00fcgt \u00fcber einen eleganten V-Ausschnitt und wundersch\u00f6n detaillierte \u00c4rmel, die den b\u00f6hmischen Charme des Kleides noch verst\u00e4rken. Dieses Kleid ist perfekt f\u00fcr eine Hochzeit in einer nat\u00fcrlichen, intimen Umgebung und bietet die ideale Balance zwischen Romantik und Raffinesse. Erh\u00e4ltlich bei Koonings The Wedding Palace, wo Sie dieses wundersch\u00f6ne Kleid anprobieren und f\u00fcr Ihren besonderen Tag ma\u00dfschneidern lassen k\u00f6nnen.","robots":{"index":"index","follow":"follow","max-snippet":"max-snippet:-1","max-image-preview":"max-image-preview:large","max-video-preview":"max-video-preview:-1"},"canonical":"https:\/\/www.koonings.com\/de\/product\/rembo-styling-the-sky-is-pink-1\/","og_locale":"de_DE","og_type":"article","og_title":"Rembo Styling Der Himmel ist rosa\/1 | Koonings","og_description":"Das Hochzeitskleid The Sky is Pink von Rembo Styling, erh\u00e4ltlich bei Koonings The Wedding Palace, ist ein atemberaubendes Design f\u00fcr die Braut, die einen romantischen, b\u00f6hmischen Look mit einem modernen Twist liebt. Dieses Kleid hat eine elegante A-Linien-Silhouette, die sanft \u00fcber den K\u00f6rper f\u00e4llt und es der Braut erm\u00f6glicht, sich frei und stilvoll zu bewegen. Die raffinierte Spitze und die zarten Details verleihen dem Kleid ein vertr\u00e4umtes und \u00e4therisches Gef\u00fchl, w\u00e4hrend die subtilen Farbt\u00f6ne des Stoffes ein warmes, weiches Gef\u00fchl vermitteln. Das Modell Sky is Pink verf\u00fcgt \u00fcber einen eleganten V-Ausschnitt und wundersch\u00f6n detaillierte \u00c4rmel, die den b\u00f6hmischen Charme des Kleides noch verst\u00e4rken. Dieses Kleid ist perfekt f\u00fcr eine Hochzeit in einer nat\u00fcrlichen, intimen Umgebung und bietet die ideale Balance zwischen Romantik und Raffinesse. Erh\u00e4ltlich bei Koonings The Wedding Palace, wo Sie dieses wundersch\u00f6ne Kleid anprobieren und f\u00fcr Ihren besonderen Tag ma\u00dfschneidern lassen k\u00f6nnen.","og_url":"https:\/\/www.koonings.com\/de\/product\/rembo-styling-the-sky-is-pink-1\/","og_site_name":"Koonings","article_publisher":"https:\/\/www.facebook.com\/kooningstheweddingpalace","og_image":[{"width":1707,"height":2560,"url":"https:\/\/www.koonings.com\/wp-content\/uploads\/2024\/11\/27852_2798dcd4c099ae70619edb93fb03c885dbd7c9874a7d9a124ae3f72620985107d7bf7511-scaled.jpeg","type":"image\/jpeg"}],"twitter_card":"summary_large_image","twitter_misc":{"Gesch\u00e4tzte Lesezeit":"1\u00a0Minute"},"schema":{"@context":"https:\/\/schema.org","@graph":[{"@type":"WebPage","@id":"https:\/\/www.koonings.com\/de\/product\/rembo-styling-the-sky-is-pink-1\/","url":"https:\/\/www.koonings.com\/de\/product\/rembo-styling-the-sky-is-pink-1\/","name":"Rembo Styling Der Himmel ist rosa\/1 | Koonings","isPartOf":{"@id":"https:\/\/www.koonings.com\/de\/#website"},"primaryImageOfPage":{"@id":"https:\/\/www.koonings.com\/de\/product\/rembo-styling-the-sky-is-pink-1\/#primaryimage"},"image":{"@id":"https:\/\/www.koonings.com\/de\/product\/rembo-styling-the-sky-is-pink-1\/#primaryimage"},"thumbnailUrl":"https:\/\/www.koonings.com\/wp-content\/uploads\/2024\/11\/27852_2798dcd4c099ae70619edb93fb03c885dbd7c9874a7d9a124ae3f72620985107d7bf7511-scaled.jpeg","datePublished":"2026-04-28T16:06:12+00:00","description":"Das Hochzeitskleid The Sky is Pink von Rembo Styling, erh\u00e4ltlich bei Koonings The Wedding Palace, ist ein atemberaubendes Design f\u00fcr die Braut, die einen romantischen, b\u00f6hmischen Look mit einem modernen Twist liebt. Dieses Kleid hat eine elegante A-Linien-Silhouette, die sanft \u00fcber den K\u00f6rper f\u00e4llt und es der Braut erm\u00f6glicht, sich frei und stilvoll zu bewegen. Die raffinierte Spitze und die zarten Details verleihen dem Kleid ein vertr\u00e4umtes und \u00e4therisches Gef\u00fchl, w\u00e4hrend die subtilen Farbt\u00f6ne des Stoffes ein warmes, weiches Gef\u00fchl vermitteln. Das Modell Sky is Pink verf\u00fcgt \u00fcber einen eleganten V-Ausschnitt und wundersch\u00f6n detaillierte \u00c4rmel, die den b\u00f6hmischen Charme des Kleides noch verst\u00e4rken. Dieses Kleid ist perfekt f\u00fcr eine Hochzeit in einer nat\u00fcrlichen, intimen Umgebung und bietet die ideale Balance zwischen Romantik und Raffinesse. Erh\u00e4ltlich bei Koonings The Wedding Palace, wo Sie dieses wundersch\u00f6ne Kleid anprobieren und f\u00fcr Ihren besonderen Tag ma\u00dfschneidern lassen k\u00f6nnen.","breadcrumb":{"@id":"https:\/\/www.koonings.com\/de\/product\/rembo-styling-the-sky-is-pink-1\/#breadcrumb"},"inLanguage":"de","potentialAction":[{"@type":"ReadAction","target":["https:\/\/www.koonings.com\/de\/product\/rembo-styling-the-sky-is-pink-1\/"]}]},{"@type":"ImageObject","inLanguage":"de","@id":"https:\/\/www.koonings.com\/de\/product\/rembo-styling-the-sky-is-pink-1\/#primaryimage","url":"https:\/\/www.koonings.com\/wp-content\/uploads\/2024\/11\/27852_2798dcd4c099ae70619edb93fb03c885dbd7c9874a7d9a124ae3f72620985107d7bf7511-scaled.jpeg","contentUrl":"https:\/\/www.koonings.com\/wp-content\/uploads\/2024\/11\/27852_2798dcd4c099ae70619edb93fb03c885dbd7c9874a7d9a124ae3f72620985107d7bf7511-scaled.jpeg","width":1707,"height":2560},{"@type":"BreadcrumbList","@id":"https:\/\/www.koonings.com\/de\/product\/rembo-styling-the-sky-is-pink-1\/#breadcrumb","itemListElement":[{"@type":"ListItem","position":1,"name":"Home","item":"https:\/\/www.koonings.com\/de\/"},{"@type":"ListItem","position":2,"name":"Rembo Styling Der Himmel ist rosa\/1"}]},{"@type":"WebSite","@id":"https:\/\/www.koonings.com\/de\/#website","url":"https:\/\/www.koonings.com\/de\/","name":"Koonings","description":"De grootste bruidsmodewinkel ter wereld","publisher":{"@id":"https:\/\/www.koonings.com\/de\/#organization"},"potentialAction":[{"@type":"SearchAction","target":{"@type":"EntryPoint","urlTemplate":"https:\/\/www.koonings.com\/de\/?s={search_term_string}"},"query-input":{"@type":"PropertyValueSpecification","valueRequired":true,"valueName":"search_term_string"}}],"inLanguage":"de"},{"@type":"Organization","@id":"https:\/\/www.koonings.com\/de\/#organization","name":"Koonings","url":"https:\/\/www.koonings.com\/de\/","logo":{"@type":"ImageObject","inLanguage":"de","@id":"https:\/\/www.koonings.com\/de\/#\/schema\/logo\/image\/","url":"https:\/\/www.koonings.com\/wp-content\/uploads\/2024\/07\/logo.png","contentUrl":"https:\/\/www.koonings.com\/wp-content\/uploads\/2024\/07\/logo.png","width":600,"height":428,"caption":"Koonings"},"image":{"@id":"https:\/\/www.koonings.com\/de\/#\/schema\/logo\/image\/"},"sameAs":["https:\/\/www.facebook.com\/kooningstheweddingpalace","https:\/\/www.instagram.com\/kooningstheweddingpalace","https:\/\/www.pinterest.com\/koonings","https:\/\/www.youtube.com\/kooningstheweddingpalace"]}]}},"_links":{"self":[{"href":"https:\/\/www.koonings.com\/de\/wp-json\/wp\/v2\/product\/32694","targetHints":{"allow":["GET"]}}],"collection":[{"href":"https:\/\/www.koonings.com\/de\/wp-json\/wp\/v2\/product"}],"about":[{"href":"https:\/\/www.koonings.com\/de\/wp-json\/wp\/v2\/types\/product"}],"wp:featuredmedia":[{"embeddable":true,"href":"https:\/\/www.koonings.com\/de\/wp-json\/wp\/v2\/media\/26646"}],"wp:attachment":[{"href":"https:\/\/www.koonings.com\/de\/wp-json\/wp\/v2\/media?parent=32694"}],"wp:term":[{"taxonomy":"productdetails","embeddable":true,"href":"https:\/\/www.koonings.com\/de\/wp-json\/wp\/v2\/productdetails?post=32694"},{"taxonomy":"productneck","embeddable":true,"href":"https:\/\/www.koonings.com\/de\/wp-json\/wp\/v2\/productneck?post=32694"},{"taxonomy":"productcolor","embeddable":true,"href":"https:\/\/www.koonings.com\/de\/wp-json\/wp\/v2\/productcolor?post=32694"},{"taxonomy":"maat","embeddable":true,"href":"https:\/\/www.koonings.com\/de\/wp-json\/wp\/v2\/maat?post=32694"},{"taxonomy":"productsupplier","embeddable":true,"href":"https:\/\/www.koonings.com\/de\/wp-json\/wp\/v2\/productsupplier?post=32694"},{"taxonomy":"productsleeve","embeddable":true,"href":"https:\/\/www.koonings.com\/de\/wp-json\/wp\/v2\/productsleeve?post=32694"},{"taxonomy":"productcategory","embeddable":true,"href":"https:\/\/www.koonings.com\/de\/wp-json\/wp\/v2\/productcategory?post=32694"},{"taxonomy":"productsilhouette","embeddable":true,"href":"https:\/\/www.koonings.com\/de\/wp-json\/wp\/v2\/productsilhouette?post=32694"},{"taxonomy":"productstyle","embeddable":true,"href":"https:\/\/www.koonings.com\/de\/wp-json\/wp\/v2\/productstyle?post=32694"}],"curies":[{"name":"wp","href":"https:\/\/api.w.org\/{rel}","templated":true}]}}