{"id":32674,"date":"2026-04-21T18:06:45","date_gmt":"2026-04-21T16:06:45","guid":{"rendered":"https:\/\/www.koonings.com\/product\/ramona-koonings-couture-kn2121-rose\/"},"modified":"2026-02-16T14:08:47","modified_gmt":"2026-02-16T13:08:47","slug":"ramona-koonings-couture-kn2121-rose","status":"publish","type":"product","link":"https:\/\/www.koonings.com\/de\/product\/ramona-koonings-couture-kn2121-rose\/","title":{"rendered":"Ramona Koonings Couture KN2121 Rose"},"content":{"rendered":"<p>Entscheiden Sie sich f\u00fcr Kappen\u00e4rmel oder Spaghetti-Tr\u00e4ger? Bei diesem Brautkleid von Ramona Koonings haben Sie die Wahl, denn beide Optionen lassen sich mit Druckkn\u00f6pfen befestigen. Sie k\u00f6nnen also auch auf halber Strecke Ihres Hochzeitstages ganz einfach einen Wechsel vornehmen. Obwohl das eigentlich nicht n\u00f6tig ist, denn das Mieder und der Rock dieses einzigartigen Hochzeitskleides werden daf\u00fcr sorgen, dass Ihre G\u00e4ste noch lange \u00fcber Ihr Traumkleid sprechen werden.   <\/p>\n","protected":false},"featured_media":27540,"template":"","meta":{"_acf_changed":false,"ghostkit_customizer_options":"","ghostkit_custom_css":"","ghostkit_custom_js_head":"","ghostkit_custom_js_foot":"","ghostkit_typography":""},"productdetails":[379,380,376],"productneck":[355],"productcolor":[392],"maat":[],"productsupplier":[419],"productsleeve":[359,361],"productcategory":[18],"productsilhouette":[384],"productstyle":[367],"class_list":["post-32674","product","type-product","status-publish","has-post-thumbnail","hentry","productdetails-379","productdetails-380","productdetails-376","productneck-355","productcolor-392","productsupplier-ramona-koonings-couture","productsleeve-359","productsleeve-361","productcategory-trouwjurken","productsilhouette-384","productstyle-367"],"acf":[],"yoast_head":"<!-- This site is optimized with the Yoast SEO plugin v27.3 - https:\/\/yoast.com\/product\/yoast-seo-wordpress\/ -->\n<title>Ramona Koonings Couture KN2121 Rose | Koonings<\/title>\n<meta name=\"description\" content=\"Entscheiden Sie sich f\u00fcr Kappen\u00e4rmel oder Spaghetti-Tr\u00e4ger? Bei diesem Brautkleid von Ramona Koonings haben Sie die Wahl, denn beide Optionen lassen sich mit Druckkn\u00f6pfen befestigen. Sie k\u00f6nnen also auch auf halber Strecke Ihres Hochzeitstages ganz einfach einen Wechsel vornehmen. Obwohl das eigentlich nicht n\u00f6tig ist, denn das Mieder und der Rock dieses einzigartigen Hochzeitskleides werden daf\u00fcr sorgen, dass Ihre G\u00e4ste noch lange \u00fcber Ihr Traumkleid sprechen werden.\" \/>\n<meta name=\"robots\" content=\"index, follow, max-snippet:-1, max-image-preview:large, max-video-preview:-1\" \/>\n<link rel=\"canonical\" href=\"https:\/\/www.koonings.com\/de\/product\/ramona-koonings-couture-kn2121-rose\/\" \/>\n<meta property=\"og:locale\" content=\"de_DE\" \/>\n<meta property=\"og:type\" content=\"article\" \/>\n<meta property=\"og:title\" content=\"Ramona Koonings Couture KN2121 Rose | Koonings\" \/>\n<meta property=\"og:description\" content=\"Entscheiden Sie sich f\u00fcr Kappen\u00e4rmel oder Spaghetti-Tr\u00e4ger? Bei diesem Brautkleid von Ramona Koonings haben Sie die Wahl, denn beide Optionen lassen sich mit Druckkn\u00f6pfen befestigen. Sie k\u00f6nnen also auch auf halber Strecke Ihres Hochzeitstages ganz einfach einen Wechsel vornehmen. Obwohl das eigentlich nicht n\u00f6tig ist, denn das Mieder und der Rock dieses einzigartigen Hochzeitskleides werden daf\u00fcr sorgen, dass Ihre G\u00e4ste noch lange \u00fcber Ihr Traumkleid sprechen werden.\" \/>\n<meta property=\"og:url\" content=\"https:\/\/www.koonings.com\/de\/product\/ramona-koonings-couture-kn2121-rose\/\" \/>\n<meta property=\"og:site_name\" content=\"Koonings\" \/>\n<meta property=\"article:publisher\" content=\"https:\/\/www.facebook.com\/kooningstheweddingpalace\" \/>\n<meta property=\"og:image\" content=\"https:\/\/www.koonings.com\/wp-content\/uploads\/2024\/11\/36217_54e49921d8e69b2a3763b979958406059faee6255e70fab496d5826ed3a0a8a136709fb8.jpeg\" \/>\n\t<meta property=\"og:image:width\" content=\"300\" \/>\n\t<meta property=\"og:image:height\" content=\"450\" \/>\n\t<meta property=\"og:image:type\" content=\"image\/jpeg\" \/>\n<meta name=\"twitter:card\" content=\"summary_large_image\" \/>\n<script type=\"application\/ld+json\" class=\"yoast-schema-graph\">{\"@context\":\"https:\\\/\\\/schema.org\",\"@graph\":[{\"@type\":\"WebPage\",\"@id\":\"https:\\\/\\\/www.koonings.com\\\/de\\\/product\\\/ramona-koonings-couture-kn2121-rose\\\/\",\"url\":\"https:\\\/\\\/www.koonings.com\\\/de\\\/product\\\/ramona-koonings-couture-kn2121-rose\\\/\",\"name\":\"Ramona Koonings Couture KN2121 Rose | Koonings\",\"isPartOf\":{\"@id\":\"https:\\\/\\\/www.koonings.com\\\/de\\\/#website\"},\"primaryImageOfPage\":{\"@id\":\"https:\\\/\\\/www.koonings.com\\\/de\\\/product\\\/ramona-koonings-couture-kn2121-rose\\\/#primaryimage\"},\"image\":{\"@id\":\"https:\\\/\\\/www.koonings.com\\\/de\\\/product\\\/ramona-koonings-couture-kn2121-rose\\\/#primaryimage\"},\"thumbnailUrl\":\"https:\\\/\\\/www.koonings.com\\\/wp-content\\\/uploads\\\/2024\\\/11\\\/36217_54e49921d8e69b2a3763b979958406059faee6255e70fab496d5826ed3a0a8a136709fb8.jpeg\",\"datePublished\":\"2026-04-21T16:06:45+00:00\",\"description\":\"Entscheiden Sie sich f\u00fcr Kappen\u00e4rmel oder Spaghetti-Tr\u00e4ger? Bei diesem Brautkleid von Ramona Koonings haben Sie die Wahl, denn beide Optionen lassen sich mit Druckkn\u00f6pfen befestigen. Sie k\u00f6nnen also auch auf halber Strecke Ihres Hochzeitstages ganz einfach einen Wechsel vornehmen. Obwohl das eigentlich nicht n\u00f6tig ist, denn das Mieder und der Rock dieses einzigartigen Hochzeitskleides werden daf\u00fcr sorgen, dass Ihre G\u00e4ste noch lange \u00fcber Ihr Traumkleid sprechen werden.\",\"breadcrumb\":{\"@id\":\"https:\\\/\\\/www.koonings.com\\\/de\\\/product\\\/ramona-koonings-couture-kn2121-rose\\\/#breadcrumb\"},\"inLanguage\":\"de\",\"potentialAction\":[{\"@type\":\"ReadAction\",\"target\":[\"https:\\\/\\\/www.koonings.com\\\/de\\\/product\\\/ramona-koonings-couture-kn2121-rose\\\/\"]}]},{\"@type\":\"ImageObject\",\"inLanguage\":\"de\",\"@id\":\"https:\\\/\\\/www.koonings.com\\\/de\\\/product\\\/ramona-koonings-couture-kn2121-rose\\\/#primaryimage\",\"url\":\"https:\\\/\\\/www.koonings.com\\\/wp-content\\\/uploads\\\/2024\\\/11\\\/36217_54e49921d8e69b2a3763b979958406059faee6255e70fab496d5826ed3a0a8a136709fb8.jpeg\",\"contentUrl\":\"https:\\\/\\\/www.koonings.com\\\/wp-content\\\/uploads\\\/2024\\\/11\\\/36217_54e49921d8e69b2a3763b979958406059faee6255e70fab496d5826ed3a0a8a136709fb8.jpeg\",\"width\":300,\"height\":450},{\"@type\":\"BreadcrumbList\",\"@id\":\"https:\\\/\\\/www.koonings.com\\\/de\\\/product\\\/ramona-koonings-couture-kn2121-rose\\\/#breadcrumb\",\"itemListElement\":[{\"@type\":\"ListItem\",\"position\":1,\"name\":\"Home\",\"item\":\"https:\\\/\\\/www.koonings.com\\\/de\\\/\"},{\"@type\":\"ListItem\",\"position\":2,\"name\":\"Ramona Koonings Couture KN2121 Rose\"}]},{\"@type\":\"WebSite\",\"@id\":\"https:\\\/\\\/www.koonings.com\\\/de\\\/#website\",\"url\":\"https:\\\/\\\/www.koonings.com\\\/de\\\/\",\"name\":\"Koonings\",\"description\":\"De grootste bruidsmodewinkel ter wereld\",\"publisher\":{\"@id\":\"https:\\\/\\\/www.koonings.com\\\/de\\\/#organization\"},\"potentialAction\":[{\"@type\":\"SearchAction\",\"target\":{\"@type\":\"EntryPoint\",\"urlTemplate\":\"https:\\\/\\\/www.koonings.com\\\/de\\\/?s={search_term_string}\"},\"query-input\":{\"@type\":\"PropertyValueSpecification\",\"valueRequired\":true,\"valueName\":\"search_term_string\"}}],\"inLanguage\":\"de\"},{\"@type\":\"Organization\",\"@id\":\"https:\\\/\\\/www.koonings.com\\\/de\\\/#organization\",\"name\":\"Koonings\",\"url\":\"https:\\\/\\\/www.koonings.com\\\/de\\\/\",\"logo\":{\"@type\":\"ImageObject\",\"inLanguage\":\"de\",\"@id\":\"https:\\\/\\\/www.koonings.com\\\/de\\\/#\\\/schema\\\/logo\\\/image\\\/\",\"url\":\"https:\\\/\\\/www.koonings.com\\\/wp-content\\\/uploads\\\/2024\\\/07\\\/logo.png\",\"contentUrl\":\"https:\\\/\\\/www.koonings.com\\\/wp-content\\\/uploads\\\/2024\\\/07\\\/logo.png\",\"width\":600,\"height\":428,\"caption\":\"Koonings\"},\"image\":{\"@id\":\"https:\\\/\\\/www.koonings.com\\\/de\\\/#\\\/schema\\\/logo\\\/image\\\/\"},\"sameAs\":[\"https:\\\/\\\/www.facebook.com\\\/kooningstheweddingpalace\",\"https:\\\/\\\/www.instagram.com\\\/kooningstheweddingpalace\",\"https:\\\/\\\/www.pinterest.com\\\/koonings\",\"https:\\\/\\\/www.youtube.com\\\/kooningstheweddingpalace\"]}]}<\/script>\n<!-- \/ Yoast SEO plugin. -->","yoast_head_json":{"title":"Ramona Koonings Couture KN2121 Rose | Koonings","description":"Entscheiden Sie sich f\u00fcr Kappen\u00e4rmel oder Spaghetti-Tr\u00e4ger? Bei diesem Brautkleid von Ramona Koonings haben Sie die Wahl, denn beide Optionen lassen sich mit Druckkn\u00f6pfen befestigen. Sie k\u00f6nnen also auch auf halber Strecke Ihres Hochzeitstages ganz einfach einen Wechsel vornehmen. Obwohl das eigentlich nicht n\u00f6tig ist, denn das Mieder und der Rock dieses einzigartigen Hochzeitskleides werden daf\u00fcr sorgen, dass Ihre G\u00e4ste noch lange \u00fcber Ihr Traumkleid sprechen werden.","robots":{"index":"index","follow":"follow","max-snippet":"max-snippet:-1","max-image-preview":"max-image-preview:large","max-video-preview":"max-video-preview:-1"},"canonical":"https:\/\/www.koonings.com\/de\/product\/ramona-koonings-couture-kn2121-rose\/","og_locale":"de_DE","og_type":"article","og_title":"Ramona Koonings Couture KN2121 Rose | Koonings","og_description":"Entscheiden Sie sich f\u00fcr Kappen\u00e4rmel oder Spaghetti-Tr\u00e4ger? Bei diesem Brautkleid von Ramona Koonings haben Sie die Wahl, denn beide Optionen lassen sich mit Druckkn\u00f6pfen befestigen. Sie k\u00f6nnen also auch auf halber Strecke Ihres Hochzeitstages ganz einfach einen Wechsel vornehmen. Obwohl das eigentlich nicht n\u00f6tig ist, denn das Mieder und der Rock dieses einzigartigen Hochzeitskleides werden daf\u00fcr sorgen, dass Ihre G\u00e4ste noch lange \u00fcber Ihr Traumkleid sprechen werden.","og_url":"https:\/\/www.koonings.com\/de\/product\/ramona-koonings-couture-kn2121-rose\/","og_site_name":"Koonings","article_publisher":"https:\/\/www.facebook.com\/kooningstheweddingpalace","og_image":[{"width":300,"height":450,"url":"https:\/\/www.koonings.com\/wp-content\/uploads\/2024\/11\/36217_54e49921d8e69b2a3763b979958406059faee6255e70fab496d5826ed3a0a8a136709fb8.jpeg","type":"image\/jpeg"}],"twitter_card":"summary_large_image","schema":{"@context":"https:\/\/schema.org","@graph":[{"@type":"WebPage","@id":"https:\/\/www.koonings.com\/de\/product\/ramona-koonings-couture-kn2121-rose\/","url":"https:\/\/www.koonings.com\/de\/product\/ramona-koonings-couture-kn2121-rose\/","name":"Ramona Koonings Couture KN2121 Rose | Koonings","isPartOf":{"@id":"https:\/\/www.koonings.com\/de\/#website"},"primaryImageOfPage":{"@id":"https:\/\/www.koonings.com\/de\/product\/ramona-koonings-couture-kn2121-rose\/#primaryimage"},"image":{"@id":"https:\/\/www.koonings.com\/de\/product\/ramona-koonings-couture-kn2121-rose\/#primaryimage"},"thumbnailUrl":"https:\/\/www.koonings.com\/wp-content\/uploads\/2024\/11\/36217_54e49921d8e69b2a3763b979958406059faee6255e70fab496d5826ed3a0a8a136709fb8.jpeg","datePublished":"2026-04-21T16:06:45+00:00","description":"Entscheiden Sie sich f\u00fcr Kappen\u00e4rmel oder Spaghetti-Tr\u00e4ger? Bei diesem Brautkleid von Ramona Koonings haben Sie die Wahl, denn beide Optionen lassen sich mit Druckkn\u00f6pfen befestigen. Sie k\u00f6nnen also auch auf halber Strecke Ihres Hochzeitstages ganz einfach einen Wechsel vornehmen. Obwohl das eigentlich nicht n\u00f6tig ist, denn das Mieder und der Rock dieses einzigartigen Hochzeitskleides werden daf\u00fcr sorgen, dass Ihre G\u00e4ste noch lange \u00fcber Ihr Traumkleid sprechen werden.","breadcrumb":{"@id":"https:\/\/www.koonings.com\/de\/product\/ramona-koonings-couture-kn2121-rose\/#breadcrumb"},"inLanguage":"de","potentialAction":[{"@type":"ReadAction","target":["https:\/\/www.koonings.com\/de\/product\/ramona-koonings-couture-kn2121-rose\/"]}]},{"@type":"ImageObject","inLanguage":"de","@id":"https:\/\/www.koonings.com\/de\/product\/ramona-koonings-couture-kn2121-rose\/#primaryimage","url":"https:\/\/www.koonings.com\/wp-content\/uploads\/2024\/11\/36217_54e49921d8e69b2a3763b979958406059faee6255e70fab496d5826ed3a0a8a136709fb8.jpeg","contentUrl":"https:\/\/www.koonings.com\/wp-content\/uploads\/2024\/11\/36217_54e49921d8e69b2a3763b979958406059faee6255e70fab496d5826ed3a0a8a136709fb8.jpeg","width":300,"height":450},{"@type":"BreadcrumbList","@id":"https:\/\/www.koonings.com\/de\/product\/ramona-koonings-couture-kn2121-rose\/#breadcrumb","itemListElement":[{"@type":"ListItem","position":1,"name":"Home","item":"https:\/\/www.koonings.com\/de\/"},{"@type":"ListItem","position":2,"name":"Ramona Koonings Couture KN2121 Rose"}]},{"@type":"WebSite","@id":"https:\/\/www.koonings.com\/de\/#website","url":"https:\/\/www.koonings.com\/de\/","name":"Koonings","description":"De grootste bruidsmodewinkel ter wereld","publisher":{"@id":"https:\/\/www.koonings.com\/de\/#organization"},"potentialAction":[{"@type":"SearchAction","target":{"@type":"EntryPoint","urlTemplate":"https:\/\/www.koonings.com\/de\/?s={search_term_string}"},"query-input":{"@type":"PropertyValueSpecification","valueRequired":true,"valueName":"search_term_string"}}],"inLanguage":"de"},{"@type":"Organization","@id":"https:\/\/www.koonings.com\/de\/#organization","name":"Koonings","url":"https:\/\/www.koonings.com\/de\/","logo":{"@type":"ImageObject","inLanguage":"de","@id":"https:\/\/www.koonings.com\/de\/#\/schema\/logo\/image\/","url":"https:\/\/www.koonings.com\/wp-content\/uploads\/2024\/07\/logo.png","contentUrl":"https:\/\/www.koonings.com\/wp-content\/uploads\/2024\/07\/logo.png","width":600,"height":428,"caption":"Koonings"},"image":{"@id":"https:\/\/www.koonings.com\/de\/#\/schema\/logo\/image\/"},"sameAs":["https:\/\/www.facebook.com\/kooningstheweddingpalace","https:\/\/www.instagram.com\/kooningstheweddingpalace","https:\/\/www.pinterest.com\/koonings","https:\/\/www.youtube.com\/kooningstheweddingpalace"]}]}},"_links":{"self":[{"href":"https:\/\/www.koonings.com\/de\/wp-json\/wp\/v2\/product\/32674","targetHints":{"allow":["GET"]}}],"collection":[{"href":"https:\/\/www.koonings.com\/de\/wp-json\/wp\/v2\/product"}],"about":[{"href":"https:\/\/www.koonings.com\/de\/wp-json\/wp\/v2\/types\/product"}],"wp:featuredmedia":[{"embeddable":true,"href":"https:\/\/www.koonings.com\/de\/wp-json\/wp\/v2\/media\/27540"}],"wp:attachment":[{"href":"https:\/\/www.koonings.com\/de\/wp-json\/wp\/v2\/media?parent=32674"}],"wp:term":[{"taxonomy":"productdetails","embeddable":true,"href":"https:\/\/www.koonings.com\/de\/wp-json\/wp\/v2\/productdetails?post=32674"},{"taxonomy":"productneck","embeddable":true,"href":"https:\/\/www.koonings.com\/de\/wp-json\/wp\/v2\/productneck?post=32674"},{"taxonomy":"productcolor","embeddable":true,"href":"https:\/\/www.koonings.com\/de\/wp-json\/wp\/v2\/productcolor?post=32674"},{"taxonomy":"maat","embeddable":true,"href":"https:\/\/www.koonings.com\/de\/wp-json\/wp\/v2\/maat?post=32674"},{"taxonomy":"productsupplier","embeddable":true,"href":"https:\/\/www.koonings.com\/de\/wp-json\/wp\/v2\/productsupplier?post=32674"},{"taxonomy":"productsleeve","embeddable":true,"href":"https:\/\/www.koonings.com\/de\/wp-json\/wp\/v2\/productsleeve?post=32674"},{"taxonomy":"productcategory","embeddable":true,"href":"https:\/\/www.koonings.com\/de\/wp-json\/wp\/v2\/productcategory?post=32674"},{"taxonomy":"productsilhouette","embeddable":true,"href":"https:\/\/www.koonings.com\/de\/wp-json\/wp\/v2\/productsilhouette?post=32674"},{"taxonomy":"productstyle","embeddable":true,"href":"https:\/\/www.koonings.com\/de\/wp-json\/wp\/v2\/productstyle?post=32674"}],"curies":[{"name":"wp","href":"https:\/\/api.w.org\/{rel}","templated":true}]}}