{"id":32644,"date":"2026-04-28T18:06:40","date_gmt":"2026-04-28T16:06:40","guid":{"rendered":"https:\/\/www.koonings.com\/product\/julia-kontogruni-jk153\/"},"modified":"2026-02-16T14:31:37","modified_gmt":"2026-02-16T13:31:37","slug":"julia-kontogruni-jk153","status":"publish","type":"product","link":"https:\/\/www.koonings.com\/de\/product\/julia-kontogruni-jk153\/","title":{"rendered":"Julia Kontogruni JK153"},"content":{"rendered":"<p>Das sch\u00f6nste Prinzessinnen-Hochzeitskleid aus Spitze und T\u00fcll, das Sie sich vorstellen k\u00f6nnen. Das schlichte Illusionsmieder hat einen herzf\u00f6rmigen Ausschnitt und einen breiten Bootsausschnitt. Dieser ist in Kombination mit den langen Spitzen\u00e4rmeln atemberaubend. Auch der R\u00fccken ist mit der gearbeiteten Spitze und dem kunstvoll gefertigten Verschluss ein echter Blickfang. Darunter ein gigantisch weiter Rock mit einer noch l\u00e4ngeren Schleppe. Nein, die Prinzessinnenhochzeit kann nicht scheitern.     <\/p>\n","protected":false},"featured_media":27658,"template":"","meta":{"_acf_changed":false,"ghostkit_customizer_options":"","ghostkit_custom_css":"","ghostkit_custom_js_head":"","ghostkit_custom_js_foot":"","ghostkit_typography":""},"productdetails":[],"productneck":[355],"productcolor":[393,392],"maat":[],"productsupplier":[409],"productsleeve":[362],"productcategory":[18],"productsilhouette":[384,388],"productstyle":[367,372,366],"class_list":["post-32644","product","type-product","status-publish","has-post-thumbnail","hentry","productneck-355","productcolor-393","productcolor-392","productsupplier-julia-kontogruni","productsleeve-362","productcategory-trouwjurken","productsilhouette-384","productsilhouette-388","productstyle-367","productstyle-372","productstyle-366"],"acf":[],"yoast_head":"<!-- This site is optimized with the Yoast SEO plugin v27.3 - https:\/\/yoast.com\/product\/yoast-seo-wordpress\/ -->\n<title>Julia Kontogruni JK153 | Koonings<\/title>\n<meta name=\"description\" content=\"Das sch\u00f6nste Prinzessinnen-Hochzeitskleid aus Spitze und T\u00fcll, das Sie sich vorstellen k\u00f6nnen. Das schlichte Illusionsmieder hat einen herzf\u00f6rmigen Ausschnitt und einen breiten Bootsausschnitt. Dieser ist in Kombination mit den langen Spitzen\u00e4rmeln atemberaubend. Auch der R\u00fccken ist mit der gearbeiteten Spitze und dem kunstvoll gefertigten Verschluss ein echter Blickfang. Darunter ein gigantisch weiter Rock mit einer noch l\u00e4ngeren Schleppe. Nein, die Prinzessinnenhochzeit kann nicht scheitern.\" \/>\n<meta name=\"robots\" content=\"index, follow, max-snippet:-1, max-image-preview:large, max-video-preview:-1\" \/>\n<link rel=\"canonical\" href=\"https:\/\/www.koonings.com\/de\/product\/julia-kontogruni-jk153\/\" \/>\n<meta property=\"og:locale\" content=\"de_DE\" \/>\n<meta property=\"og:type\" content=\"article\" \/>\n<meta property=\"og:title\" content=\"Julia Kontogruni JK153 | Koonings\" \/>\n<meta property=\"og:description\" content=\"Das sch\u00f6nste Prinzessinnen-Hochzeitskleid aus Spitze und T\u00fcll, das Sie sich vorstellen k\u00f6nnen. Das schlichte Illusionsmieder hat einen herzf\u00f6rmigen Ausschnitt und einen breiten Bootsausschnitt. Dieser ist in Kombination mit den langen Spitzen\u00e4rmeln atemberaubend. Auch der R\u00fccken ist mit der gearbeiteten Spitze und dem kunstvoll gefertigten Verschluss ein echter Blickfang. Darunter ein gigantisch weiter Rock mit einer noch l\u00e4ngeren Schleppe. Nein, die Prinzessinnenhochzeit kann nicht scheitern.\" \/>\n<meta property=\"og:url\" content=\"https:\/\/www.koonings.com\/de\/product\/julia-kontogruni-jk153\/\" \/>\n<meta property=\"og:site_name\" content=\"Koonings\" \/>\n<meta property=\"article:publisher\" content=\"https:\/\/www.facebook.com\/kooningstheweddingpalace\" \/>\n<meta property=\"og:image\" content=\"https:\/\/www.koonings.com\/wp-content\/uploads\/2024\/11\/36888_e206144e1b792bca4c97bfade26e9e47c5dff7d02189a55521b9d5995ce3fa575f0df02c-scaled.jpeg\" \/>\n\t<meta property=\"og:image:width\" content=\"1811\" \/>\n\t<meta property=\"og:image:height\" content=\"2560\" \/>\n\t<meta property=\"og:image:type\" content=\"image\/jpeg\" \/>\n<meta name=\"twitter:card\" content=\"summary_large_image\" \/>\n<script type=\"application\/ld+json\" class=\"yoast-schema-graph\">{\"@context\":\"https:\\\/\\\/schema.org\",\"@graph\":[{\"@type\":\"WebPage\",\"@id\":\"https:\\\/\\\/www.koonings.com\\\/de\\\/product\\\/julia-kontogruni-jk153\\\/\",\"url\":\"https:\\\/\\\/www.koonings.com\\\/de\\\/product\\\/julia-kontogruni-jk153\\\/\",\"name\":\"Julia Kontogruni JK153 | Koonings\",\"isPartOf\":{\"@id\":\"https:\\\/\\\/www.koonings.com\\\/de\\\/#website\"},\"primaryImageOfPage\":{\"@id\":\"https:\\\/\\\/www.koonings.com\\\/de\\\/product\\\/julia-kontogruni-jk153\\\/#primaryimage\"},\"image\":{\"@id\":\"https:\\\/\\\/www.koonings.com\\\/de\\\/product\\\/julia-kontogruni-jk153\\\/#primaryimage\"},\"thumbnailUrl\":\"https:\\\/\\\/www.koonings.com\\\/wp-content\\\/uploads\\\/2024\\\/11\\\/36888_e206144e1b792bca4c97bfade26e9e47c5dff7d02189a55521b9d5995ce3fa575f0df02c-scaled.jpeg\",\"datePublished\":\"2026-04-28T16:06:40+00:00\",\"description\":\"Das sch\u00f6nste Prinzessinnen-Hochzeitskleid aus Spitze und T\u00fcll, das Sie sich vorstellen k\u00f6nnen. Das schlichte Illusionsmieder hat einen herzf\u00f6rmigen Ausschnitt und einen breiten Bootsausschnitt. Dieser ist in Kombination mit den langen Spitzen\u00e4rmeln atemberaubend. Auch der R\u00fccken ist mit der gearbeiteten Spitze und dem kunstvoll gefertigten Verschluss ein echter Blickfang. Darunter ein gigantisch weiter Rock mit einer noch l\u00e4ngeren Schleppe. Nein, die Prinzessinnenhochzeit kann nicht scheitern.\",\"breadcrumb\":{\"@id\":\"https:\\\/\\\/www.koonings.com\\\/de\\\/product\\\/julia-kontogruni-jk153\\\/#breadcrumb\"},\"inLanguage\":\"de\",\"potentialAction\":[{\"@type\":\"ReadAction\",\"target\":[\"https:\\\/\\\/www.koonings.com\\\/de\\\/product\\\/julia-kontogruni-jk153\\\/\"]}]},{\"@type\":\"ImageObject\",\"inLanguage\":\"de\",\"@id\":\"https:\\\/\\\/www.koonings.com\\\/de\\\/product\\\/julia-kontogruni-jk153\\\/#primaryimage\",\"url\":\"https:\\\/\\\/www.koonings.com\\\/wp-content\\\/uploads\\\/2024\\\/11\\\/36888_e206144e1b792bca4c97bfade26e9e47c5dff7d02189a55521b9d5995ce3fa575f0df02c-scaled.jpeg\",\"contentUrl\":\"https:\\\/\\\/www.koonings.com\\\/wp-content\\\/uploads\\\/2024\\\/11\\\/36888_e206144e1b792bca4c97bfade26e9e47c5dff7d02189a55521b9d5995ce3fa575f0df02c-scaled.jpeg\",\"width\":1811,\"height\":2560},{\"@type\":\"BreadcrumbList\",\"@id\":\"https:\\\/\\\/www.koonings.com\\\/de\\\/product\\\/julia-kontogruni-jk153\\\/#breadcrumb\",\"itemListElement\":[{\"@type\":\"ListItem\",\"position\":1,\"name\":\"Home\",\"item\":\"https:\\\/\\\/www.koonings.com\\\/de\\\/\"},{\"@type\":\"ListItem\",\"position\":2,\"name\":\"Julia Kontogruni JK153\"}]},{\"@type\":\"WebSite\",\"@id\":\"https:\\\/\\\/www.koonings.com\\\/de\\\/#website\",\"url\":\"https:\\\/\\\/www.koonings.com\\\/de\\\/\",\"name\":\"Koonings\",\"description\":\"De grootste bruidsmodewinkel ter wereld\",\"publisher\":{\"@id\":\"https:\\\/\\\/www.koonings.com\\\/de\\\/#organization\"},\"potentialAction\":[{\"@type\":\"SearchAction\",\"target\":{\"@type\":\"EntryPoint\",\"urlTemplate\":\"https:\\\/\\\/www.koonings.com\\\/de\\\/?s={search_term_string}\"},\"query-input\":{\"@type\":\"PropertyValueSpecification\",\"valueRequired\":true,\"valueName\":\"search_term_string\"}}],\"inLanguage\":\"de\"},{\"@type\":\"Organization\",\"@id\":\"https:\\\/\\\/www.koonings.com\\\/de\\\/#organization\",\"name\":\"Koonings\",\"url\":\"https:\\\/\\\/www.koonings.com\\\/de\\\/\",\"logo\":{\"@type\":\"ImageObject\",\"inLanguage\":\"de\",\"@id\":\"https:\\\/\\\/www.koonings.com\\\/de\\\/#\\\/schema\\\/logo\\\/image\\\/\",\"url\":\"https:\\\/\\\/www.koonings.com\\\/wp-content\\\/uploads\\\/2024\\\/07\\\/logo.png\",\"contentUrl\":\"https:\\\/\\\/www.koonings.com\\\/wp-content\\\/uploads\\\/2024\\\/07\\\/logo.png\",\"width\":600,\"height\":428,\"caption\":\"Koonings\"},\"image\":{\"@id\":\"https:\\\/\\\/www.koonings.com\\\/de\\\/#\\\/schema\\\/logo\\\/image\\\/\"},\"sameAs\":[\"https:\\\/\\\/www.facebook.com\\\/kooningstheweddingpalace\",\"https:\\\/\\\/www.instagram.com\\\/kooningstheweddingpalace\",\"https:\\\/\\\/www.pinterest.com\\\/koonings\",\"https:\\\/\\\/www.youtube.com\\\/kooningstheweddingpalace\"]}]}<\/script>\n<!-- \/ Yoast SEO plugin. -->","yoast_head_json":{"title":"Julia Kontogruni JK153 | Koonings","description":"Das sch\u00f6nste Prinzessinnen-Hochzeitskleid aus Spitze und T\u00fcll, das Sie sich vorstellen k\u00f6nnen. Das schlichte Illusionsmieder hat einen herzf\u00f6rmigen Ausschnitt und einen breiten Bootsausschnitt. Dieser ist in Kombination mit den langen Spitzen\u00e4rmeln atemberaubend. Auch der R\u00fccken ist mit der gearbeiteten Spitze und dem kunstvoll gefertigten Verschluss ein echter Blickfang. Darunter ein gigantisch weiter Rock mit einer noch l\u00e4ngeren Schleppe. Nein, die Prinzessinnenhochzeit kann nicht scheitern.","robots":{"index":"index","follow":"follow","max-snippet":"max-snippet:-1","max-image-preview":"max-image-preview:large","max-video-preview":"max-video-preview:-1"},"canonical":"https:\/\/www.koonings.com\/de\/product\/julia-kontogruni-jk153\/","og_locale":"de_DE","og_type":"article","og_title":"Julia Kontogruni JK153 | Koonings","og_description":"Das sch\u00f6nste Prinzessinnen-Hochzeitskleid aus Spitze und T\u00fcll, das Sie sich vorstellen k\u00f6nnen. Das schlichte Illusionsmieder hat einen herzf\u00f6rmigen Ausschnitt und einen breiten Bootsausschnitt. Dieser ist in Kombination mit den langen Spitzen\u00e4rmeln atemberaubend. Auch der R\u00fccken ist mit der gearbeiteten Spitze und dem kunstvoll gefertigten Verschluss ein echter Blickfang. Darunter ein gigantisch weiter Rock mit einer noch l\u00e4ngeren Schleppe. Nein, die Prinzessinnenhochzeit kann nicht scheitern.","og_url":"https:\/\/www.koonings.com\/de\/product\/julia-kontogruni-jk153\/","og_site_name":"Koonings","article_publisher":"https:\/\/www.facebook.com\/kooningstheweddingpalace","og_image":[{"width":1811,"height":2560,"url":"https:\/\/www.koonings.com\/wp-content\/uploads\/2024\/11\/36888_e206144e1b792bca4c97bfade26e9e47c5dff7d02189a55521b9d5995ce3fa575f0df02c-scaled.jpeg","type":"image\/jpeg"}],"twitter_card":"summary_large_image","schema":{"@context":"https:\/\/schema.org","@graph":[{"@type":"WebPage","@id":"https:\/\/www.koonings.com\/de\/product\/julia-kontogruni-jk153\/","url":"https:\/\/www.koonings.com\/de\/product\/julia-kontogruni-jk153\/","name":"Julia Kontogruni JK153 | Koonings","isPartOf":{"@id":"https:\/\/www.koonings.com\/de\/#website"},"primaryImageOfPage":{"@id":"https:\/\/www.koonings.com\/de\/product\/julia-kontogruni-jk153\/#primaryimage"},"image":{"@id":"https:\/\/www.koonings.com\/de\/product\/julia-kontogruni-jk153\/#primaryimage"},"thumbnailUrl":"https:\/\/www.koonings.com\/wp-content\/uploads\/2024\/11\/36888_e206144e1b792bca4c97bfade26e9e47c5dff7d02189a55521b9d5995ce3fa575f0df02c-scaled.jpeg","datePublished":"2026-04-28T16:06:40+00:00","description":"Das sch\u00f6nste Prinzessinnen-Hochzeitskleid aus Spitze und T\u00fcll, das Sie sich vorstellen k\u00f6nnen. Das schlichte Illusionsmieder hat einen herzf\u00f6rmigen Ausschnitt und einen breiten Bootsausschnitt. Dieser ist in Kombination mit den langen Spitzen\u00e4rmeln atemberaubend. Auch der R\u00fccken ist mit der gearbeiteten Spitze und dem kunstvoll gefertigten Verschluss ein echter Blickfang. Darunter ein gigantisch weiter Rock mit einer noch l\u00e4ngeren Schleppe. Nein, die Prinzessinnenhochzeit kann nicht scheitern.","breadcrumb":{"@id":"https:\/\/www.koonings.com\/de\/product\/julia-kontogruni-jk153\/#breadcrumb"},"inLanguage":"de","potentialAction":[{"@type":"ReadAction","target":["https:\/\/www.koonings.com\/de\/product\/julia-kontogruni-jk153\/"]}]},{"@type":"ImageObject","inLanguage":"de","@id":"https:\/\/www.koonings.com\/de\/product\/julia-kontogruni-jk153\/#primaryimage","url":"https:\/\/www.koonings.com\/wp-content\/uploads\/2024\/11\/36888_e206144e1b792bca4c97bfade26e9e47c5dff7d02189a55521b9d5995ce3fa575f0df02c-scaled.jpeg","contentUrl":"https:\/\/www.koonings.com\/wp-content\/uploads\/2024\/11\/36888_e206144e1b792bca4c97bfade26e9e47c5dff7d02189a55521b9d5995ce3fa575f0df02c-scaled.jpeg","width":1811,"height":2560},{"@type":"BreadcrumbList","@id":"https:\/\/www.koonings.com\/de\/product\/julia-kontogruni-jk153\/#breadcrumb","itemListElement":[{"@type":"ListItem","position":1,"name":"Home","item":"https:\/\/www.koonings.com\/de\/"},{"@type":"ListItem","position":2,"name":"Julia Kontogruni JK153"}]},{"@type":"WebSite","@id":"https:\/\/www.koonings.com\/de\/#website","url":"https:\/\/www.koonings.com\/de\/","name":"Koonings","description":"De grootste bruidsmodewinkel ter wereld","publisher":{"@id":"https:\/\/www.koonings.com\/de\/#organization"},"potentialAction":[{"@type":"SearchAction","target":{"@type":"EntryPoint","urlTemplate":"https:\/\/www.koonings.com\/de\/?s={search_term_string}"},"query-input":{"@type":"PropertyValueSpecification","valueRequired":true,"valueName":"search_term_string"}}],"inLanguage":"de"},{"@type":"Organization","@id":"https:\/\/www.koonings.com\/de\/#organization","name":"Koonings","url":"https:\/\/www.koonings.com\/de\/","logo":{"@type":"ImageObject","inLanguage":"de","@id":"https:\/\/www.koonings.com\/de\/#\/schema\/logo\/image\/","url":"https:\/\/www.koonings.com\/wp-content\/uploads\/2024\/07\/logo.png","contentUrl":"https:\/\/www.koonings.com\/wp-content\/uploads\/2024\/07\/logo.png","width":600,"height":428,"caption":"Koonings"},"image":{"@id":"https:\/\/www.koonings.com\/de\/#\/schema\/logo\/image\/"},"sameAs":["https:\/\/www.facebook.com\/kooningstheweddingpalace","https:\/\/www.instagram.com\/kooningstheweddingpalace","https:\/\/www.pinterest.com\/koonings","https:\/\/www.youtube.com\/kooningstheweddingpalace"]}]}},"_links":{"self":[{"href":"https:\/\/www.koonings.com\/de\/wp-json\/wp\/v2\/product\/32644","targetHints":{"allow":["GET"]}}],"collection":[{"href":"https:\/\/www.koonings.com\/de\/wp-json\/wp\/v2\/product"}],"about":[{"href":"https:\/\/www.koonings.com\/de\/wp-json\/wp\/v2\/types\/product"}],"wp:featuredmedia":[{"embeddable":true,"href":"https:\/\/www.koonings.com\/de\/wp-json\/wp\/v2\/media\/27658"}],"wp:attachment":[{"href":"https:\/\/www.koonings.com\/de\/wp-json\/wp\/v2\/media?parent=32644"}],"wp:term":[{"taxonomy":"productdetails","embeddable":true,"href":"https:\/\/www.koonings.com\/de\/wp-json\/wp\/v2\/productdetails?post=32644"},{"taxonomy":"productneck","embeddable":true,"href":"https:\/\/www.koonings.com\/de\/wp-json\/wp\/v2\/productneck?post=32644"},{"taxonomy":"productcolor","embeddable":true,"href":"https:\/\/www.koonings.com\/de\/wp-json\/wp\/v2\/productcolor?post=32644"},{"taxonomy":"maat","embeddable":true,"href":"https:\/\/www.koonings.com\/de\/wp-json\/wp\/v2\/maat?post=32644"},{"taxonomy":"productsupplier","embeddable":true,"href":"https:\/\/www.koonings.com\/de\/wp-json\/wp\/v2\/productsupplier?post=32644"},{"taxonomy":"productsleeve","embeddable":true,"href":"https:\/\/www.koonings.com\/de\/wp-json\/wp\/v2\/productsleeve?post=32644"},{"taxonomy":"productcategory","embeddable":true,"href":"https:\/\/www.koonings.com\/de\/wp-json\/wp\/v2\/productcategory?post=32644"},{"taxonomy":"productsilhouette","embeddable":true,"href":"https:\/\/www.koonings.com\/de\/wp-json\/wp\/v2\/productsilhouette?post=32644"},{"taxonomy":"productstyle","embeddable":true,"href":"https:\/\/www.koonings.com\/de\/wp-json\/wp\/v2\/productstyle?post=32644"}],"curies":[{"name":"wp","href":"https:\/\/api.w.org\/{rel}","templated":true}]}}