{"id":32638,"date":"2026-04-28T18:06:41","date_gmt":"2026-04-28T16:06:41","guid":{"rendered":"https:\/\/www.koonings.com\/product\/julia-kontogruni-jk167\/"},"modified":"2026-02-16T14:10:01","modified_gmt":"2026-02-16T13:10:01","slug":"julia-kontogruni-jk167","status":"publish","type":"product","link":"https:\/\/www.koonings.com\/de\/product\/julia-kontogruni-jk167\/","title":{"rendered":"Julia Kontogruni JK167"},"content":{"rendered":"<p>Ein klassisch romantisches Prinzessinnenkleid mit modernen Einfl\u00fcssen wie dem Mieder mit herzf\u00f6rmigem Ausschnitt und den langen Illusions\u00e4rmeln und der R\u00fcckenpartie, in die dekorativ Spitze eingearbeitet ist. Super h\u00fcbsch in Kombination mit dem volumin\u00f6sen Rock. Die Streifen aus Spitze, die von der Taille abw\u00e4rts wirbeln, verst\u00e4rken dieses Bild noch. Schlie\u00dflich vervollst\u00e4ndigt die lange Schleppe dieses Kleid.   <\/p>\n","protected":false},"featured_media":27679,"template":"","meta":{"_acf_changed":false,"ghostkit_customizer_options":"","ghostkit_custom_css":"","ghostkit_custom_js_head":"","ghostkit_custom_js_foot":"","ghostkit_typography":""},"productdetails":[],"productneck":[351,355],"productcolor":[393,392],"maat":[],"productsupplier":[409],"productsleeve":[362],"productcategory":[18],"productsilhouette":[384,388],"productstyle":[367,372,366],"class_list":["post-32638","product","type-product","status-publish","has-post-thumbnail","hentry","productneck-351","productneck-355","productcolor-393","productcolor-392","productsupplier-julia-kontogruni","productsleeve-362","productcategory-trouwjurken","productsilhouette-384","productsilhouette-388","productstyle-367","productstyle-372","productstyle-366"],"acf":[],"yoast_head":"<!-- This site is optimized with the Yoast SEO plugin v27.3 - https:\/\/yoast.com\/product\/yoast-seo-wordpress\/ -->\n<title>Julia Kontogruni JK167 | Koonings<\/title>\n<meta name=\"description\" content=\"Ein klassisch romantisches Prinzessinnenkleid mit modernen Einfl\u00fcssen wie dem Mieder mit herzf\u00f6rmigem Ausschnitt und den langen Illusions\u00e4rmeln und der R\u00fcckenpartie, in die dekorativ Spitze eingearbeitet ist. Super h\u00fcbsch in Kombination mit dem volumin\u00f6sen Rock. Die Streifen aus Spitze, die von der Taille abw\u00e4rts wirbeln, verst\u00e4rken dieses Bild noch. Schlie\u00dflich vervollst\u00e4ndigt die lange Schleppe dieses Kleid.\" \/>\n<meta name=\"robots\" content=\"index, follow, max-snippet:-1, max-image-preview:large, max-video-preview:-1\" \/>\n<link rel=\"canonical\" href=\"https:\/\/www.koonings.com\/de\/product\/julia-kontogruni-jk167\/\" \/>\n<meta property=\"og:locale\" content=\"de_DE\" \/>\n<meta property=\"og:type\" content=\"article\" \/>\n<meta property=\"og:title\" content=\"Julia Kontogruni JK167 | Koonings\" \/>\n<meta property=\"og:description\" content=\"Ein klassisch romantisches Prinzessinnenkleid mit modernen Einfl\u00fcssen wie dem Mieder mit herzf\u00f6rmigem Ausschnitt und den langen Illusions\u00e4rmeln und der R\u00fcckenpartie, in die dekorativ Spitze eingearbeitet ist. Super h\u00fcbsch in Kombination mit dem volumin\u00f6sen Rock. Die Streifen aus Spitze, die von der Taille abw\u00e4rts wirbeln, verst\u00e4rken dieses Bild noch. Schlie\u00dflich vervollst\u00e4ndigt die lange Schleppe dieses Kleid.\" \/>\n<meta property=\"og:url\" content=\"https:\/\/www.koonings.com\/de\/product\/julia-kontogruni-jk167\/\" \/>\n<meta property=\"og:site_name\" content=\"Koonings\" \/>\n<meta property=\"article:publisher\" content=\"https:\/\/www.facebook.com\/kooningstheweddingpalace\" \/>\n<meta property=\"og:image\" content=\"https:\/\/www.koonings.com\/wp-content\/uploads\/2024\/11\/36889_238a4416d764ea59e36f9b0cc40c755c14a37d29a3f24226c1ddd1b31b323d2ba084cada-scaled.jpeg\" \/>\n\t<meta property=\"og:image:width\" content=\"1811\" \/>\n\t<meta property=\"og:image:height\" content=\"2560\" \/>\n\t<meta property=\"og:image:type\" content=\"image\/jpeg\" \/>\n<meta name=\"twitter:card\" content=\"summary_large_image\" \/>\n<script type=\"application\/ld+json\" class=\"yoast-schema-graph\">{\"@context\":\"https:\\\/\\\/schema.org\",\"@graph\":[{\"@type\":\"WebPage\",\"@id\":\"https:\\\/\\\/www.koonings.com\\\/de\\\/product\\\/julia-kontogruni-jk167\\\/\",\"url\":\"https:\\\/\\\/www.koonings.com\\\/de\\\/product\\\/julia-kontogruni-jk167\\\/\",\"name\":\"Julia Kontogruni JK167 | Koonings\",\"isPartOf\":{\"@id\":\"https:\\\/\\\/www.koonings.com\\\/de\\\/#website\"},\"primaryImageOfPage\":{\"@id\":\"https:\\\/\\\/www.koonings.com\\\/de\\\/product\\\/julia-kontogruni-jk167\\\/#primaryimage\"},\"image\":{\"@id\":\"https:\\\/\\\/www.koonings.com\\\/de\\\/product\\\/julia-kontogruni-jk167\\\/#primaryimage\"},\"thumbnailUrl\":\"https:\\\/\\\/www.koonings.com\\\/wp-content\\\/uploads\\\/2024\\\/11\\\/36889_238a4416d764ea59e36f9b0cc40c755c14a37d29a3f24226c1ddd1b31b323d2ba084cada-scaled.jpeg\",\"datePublished\":\"2026-04-28T16:06:41+00:00\",\"description\":\"Ein klassisch romantisches Prinzessinnenkleid mit modernen Einfl\u00fcssen wie dem Mieder mit herzf\u00f6rmigem Ausschnitt und den langen Illusions\u00e4rmeln und der R\u00fcckenpartie, in die dekorativ Spitze eingearbeitet ist. Super h\u00fcbsch in Kombination mit dem volumin\u00f6sen Rock. Die Streifen aus Spitze, die von der Taille abw\u00e4rts wirbeln, verst\u00e4rken dieses Bild noch. Schlie\u00dflich vervollst\u00e4ndigt die lange Schleppe dieses Kleid.\",\"breadcrumb\":{\"@id\":\"https:\\\/\\\/www.koonings.com\\\/de\\\/product\\\/julia-kontogruni-jk167\\\/#breadcrumb\"},\"inLanguage\":\"de\",\"potentialAction\":[{\"@type\":\"ReadAction\",\"target\":[\"https:\\\/\\\/www.koonings.com\\\/de\\\/product\\\/julia-kontogruni-jk167\\\/\"]}]},{\"@type\":\"ImageObject\",\"inLanguage\":\"de\",\"@id\":\"https:\\\/\\\/www.koonings.com\\\/de\\\/product\\\/julia-kontogruni-jk167\\\/#primaryimage\",\"url\":\"https:\\\/\\\/www.koonings.com\\\/wp-content\\\/uploads\\\/2024\\\/11\\\/36889_238a4416d764ea59e36f9b0cc40c755c14a37d29a3f24226c1ddd1b31b323d2ba084cada-scaled.jpeg\",\"contentUrl\":\"https:\\\/\\\/www.koonings.com\\\/wp-content\\\/uploads\\\/2024\\\/11\\\/36889_238a4416d764ea59e36f9b0cc40c755c14a37d29a3f24226c1ddd1b31b323d2ba084cada-scaled.jpeg\",\"width\":1811,\"height\":2560},{\"@type\":\"BreadcrumbList\",\"@id\":\"https:\\\/\\\/www.koonings.com\\\/de\\\/product\\\/julia-kontogruni-jk167\\\/#breadcrumb\",\"itemListElement\":[{\"@type\":\"ListItem\",\"position\":1,\"name\":\"Home\",\"item\":\"https:\\\/\\\/www.koonings.com\\\/de\\\/\"},{\"@type\":\"ListItem\",\"position\":2,\"name\":\"Julia Kontogruni JK167\"}]},{\"@type\":\"WebSite\",\"@id\":\"https:\\\/\\\/www.koonings.com\\\/de\\\/#website\",\"url\":\"https:\\\/\\\/www.koonings.com\\\/de\\\/\",\"name\":\"Koonings\",\"description\":\"De grootste bruidsmodewinkel ter wereld\",\"publisher\":{\"@id\":\"https:\\\/\\\/www.koonings.com\\\/de\\\/#organization\"},\"potentialAction\":[{\"@type\":\"SearchAction\",\"target\":{\"@type\":\"EntryPoint\",\"urlTemplate\":\"https:\\\/\\\/www.koonings.com\\\/de\\\/?s={search_term_string}\"},\"query-input\":{\"@type\":\"PropertyValueSpecification\",\"valueRequired\":true,\"valueName\":\"search_term_string\"}}],\"inLanguage\":\"de\"},{\"@type\":\"Organization\",\"@id\":\"https:\\\/\\\/www.koonings.com\\\/de\\\/#organization\",\"name\":\"Koonings\",\"url\":\"https:\\\/\\\/www.koonings.com\\\/de\\\/\",\"logo\":{\"@type\":\"ImageObject\",\"inLanguage\":\"de\",\"@id\":\"https:\\\/\\\/www.koonings.com\\\/de\\\/#\\\/schema\\\/logo\\\/image\\\/\",\"url\":\"https:\\\/\\\/www.koonings.com\\\/wp-content\\\/uploads\\\/2024\\\/07\\\/logo.png\",\"contentUrl\":\"https:\\\/\\\/www.koonings.com\\\/wp-content\\\/uploads\\\/2024\\\/07\\\/logo.png\",\"width\":600,\"height\":428,\"caption\":\"Koonings\"},\"image\":{\"@id\":\"https:\\\/\\\/www.koonings.com\\\/de\\\/#\\\/schema\\\/logo\\\/image\\\/\"},\"sameAs\":[\"https:\\\/\\\/www.facebook.com\\\/kooningstheweddingpalace\",\"https:\\\/\\\/www.instagram.com\\\/kooningstheweddingpalace\",\"https:\\\/\\\/www.pinterest.com\\\/koonings\",\"https:\\\/\\\/www.youtube.com\\\/kooningstheweddingpalace\"]}]}<\/script>\n<!-- \/ Yoast SEO plugin. -->","yoast_head_json":{"title":"Julia Kontogruni JK167 | Koonings","description":"Ein klassisch romantisches Prinzessinnenkleid mit modernen Einfl\u00fcssen wie dem Mieder mit herzf\u00f6rmigem Ausschnitt und den langen Illusions\u00e4rmeln und der R\u00fcckenpartie, in die dekorativ Spitze eingearbeitet ist. Super h\u00fcbsch in Kombination mit dem volumin\u00f6sen Rock. Die Streifen aus Spitze, die von der Taille abw\u00e4rts wirbeln, verst\u00e4rken dieses Bild noch. Schlie\u00dflich vervollst\u00e4ndigt die lange Schleppe dieses Kleid.","robots":{"index":"index","follow":"follow","max-snippet":"max-snippet:-1","max-image-preview":"max-image-preview:large","max-video-preview":"max-video-preview:-1"},"canonical":"https:\/\/www.koonings.com\/de\/product\/julia-kontogruni-jk167\/","og_locale":"de_DE","og_type":"article","og_title":"Julia Kontogruni JK167 | Koonings","og_description":"Ein klassisch romantisches Prinzessinnenkleid mit modernen Einfl\u00fcssen wie dem Mieder mit herzf\u00f6rmigem Ausschnitt und den langen Illusions\u00e4rmeln und der R\u00fcckenpartie, in die dekorativ Spitze eingearbeitet ist. Super h\u00fcbsch in Kombination mit dem volumin\u00f6sen Rock. Die Streifen aus Spitze, die von der Taille abw\u00e4rts wirbeln, verst\u00e4rken dieses Bild noch. Schlie\u00dflich vervollst\u00e4ndigt die lange Schleppe dieses Kleid.","og_url":"https:\/\/www.koonings.com\/de\/product\/julia-kontogruni-jk167\/","og_site_name":"Koonings","article_publisher":"https:\/\/www.facebook.com\/kooningstheweddingpalace","og_image":[{"width":1811,"height":2560,"url":"https:\/\/www.koonings.com\/wp-content\/uploads\/2024\/11\/36889_238a4416d764ea59e36f9b0cc40c755c14a37d29a3f24226c1ddd1b31b323d2ba084cada-scaled.jpeg","type":"image\/jpeg"}],"twitter_card":"summary_large_image","schema":{"@context":"https:\/\/schema.org","@graph":[{"@type":"WebPage","@id":"https:\/\/www.koonings.com\/de\/product\/julia-kontogruni-jk167\/","url":"https:\/\/www.koonings.com\/de\/product\/julia-kontogruni-jk167\/","name":"Julia Kontogruni JK167 | Koonings","isPartOf":{"@id":"https:\/\/www.koonings.com\/de\/#website"},"primaryImageOfPage":{"@id":"https:\/\/www.koonings.com\/de\/product\/julia-kontogruni-jk167\/#primaryimage"},"image":{"@id":"https:\/\/www.koonings.com\/de\/product\/julia-kontogruni-jk167\/#primaryimage"},"thumbnailUrl":"https:\/\/www.koonings.com\/wp-content\/uploads\/2024\/11\/36889_238a4416d764ea59e36f9b0cc40c755c14a37d29a3f24226c1ddd1b31b323d2ba084cada-scaled.jpeg","datePublished":"2026-04-28T16:06:41+00:00","description":"Ein klassisch romantisches Prinzessinnenkleid mit modernen Einfl\u00fcssen wie dem Mieder mit herzf\u00f6rmigem Ausschnitt und den langen Illusions\u00e4rmeln und der R\u00fcckenpartie, in die dekorativ Spitze eingearbeitet ist. Super h\u00fcbsch in Kombination mit dem volumin\u00f6sen Rock. Die Streifen aus Spitze, die von der Taille abw\u00e4rts wirbeln, verst\u00e4rken dieses Bild noch. Schlie\u00dflich vervollst\u00e4ndigt die lange Schleppe dieses Kleid.","breadcrumb":{"@id":"https:\/\/www.koonings.com\/de\/product\/julia-kontogruni-jk167\/#breadcrumb"},"inLanguage":"de","potentialAction":[{"@type":"ReadAction","target":["https:\/\/www.koonings.com\/de\/product\/julia-kontogruni-jk167\/"]}]},{"@type":"ImageObject","inLanguage":"de","@id":"https:\/\/www.koonings.com\/de\/product\/julia-kontogruni-jk167\/#primaryimage","url":"https:\/\/www.koonings.com\/wp-content\/uploads\/2024\/11\/36889_238a4416d764ea59e36f9b0cc40c755c14a37d29a3f24226c1ddd1b31b323d2ba084cada-scaled.jpeg","contentUrl":"https:\/\/www.koonings.com\/wp-content\/uploads\/2024\/11\/36889_238a4416d764ea59e36f9b0cc40c755c14a37d29a3f24226c1ddd1b31b323d2ba084cada-scaled.jpeg","width":1811,"height":2560},{"@type":"BreadcrumbList","@id":"https:\/\/www.koonings.com\/de\/product\/julia-kontogruni-jk167\/#breadcrumb","itemListElement":[{"@type":"ListItem","position":1,"name":"Home","item":"https:\/\/www.koonings.com\/de\/"},{"@type":"ListItem","position":2,"name":"Julia Kontogruni JK167"}]},{"@type":"WebSite","@id":"https:\/\/www.koonings.com\/de\/#website","url":"https:\/\/www.koonings.com\/de\/","name":"Koonings","description":"De grootste bruidsmodewinkel ter wereld","publisher":{"@id":"https:\/\/www.koonings.com\/de\/#organization"},"potentialAction":[{"@type":"SearchAction","target":{"@type":"EntryPoint","urlTemplate":"https:\/\/www.koonings.com\/de\/?s={search_term_string}"},"query-input":{"@type":"PropertyValueSpecification","valueRequired":true,"valueName":"search_term_string"}}],"inLanguage":"de"},{"@type":"Organization","@id":"https:\/\/www.koonings.com\/de\/#organization","name":"Koonings","url":"https:\/\/www.koonings.com\/de\/","logo":{"@type":"ImageObject","inLanguage":"de","@id":"https:\/\/www.koonings.com\/de\/#\/schema\/logo\/image\/","url":"https:\/\/www.koonings.com\/wp-content\/uploads\/2024\/07\/logo.png","contentUrl":"https:\/\/www.koonings.com\/wp-content\/uploads\/2024\/07\/logo.png","width":600,"height":428,"caption":"Koonings"},"image":{"@id":"https:\/\/www.koonings.com\/de\/#\/schema\/logo\/image\/"},"sameAs":["https:\/\/www.facebook.com\/kooningstheweddingpalace","https:\/\/www.instagram.com\/kooningstheweddingpalace","https:\/\/www.pinterest.com\/koonings","https:\/\/www.youtube.com\/kooningstheweddingpalace"]}]}},"_links":{"self":[{"href":"https:\/\/www.koonings.com\/de\/wp-json\/wp\/v2\/product\/32638","targetHints":{"allow":["GET"]}}],"collection":[{"href":"https:\/\/www.koonings.com\/de\/wp-json\/wp\/v2\/product"}],"about":[{"href":"https:\/\/www.koonings.com\/de\/wp-json\/wp\/v2\/types\/product"}],"wp:featuredmedia":[{"embeddable":true,"href":"https:\/\/www.koonings.com\/de\/wp-json\/wp\/v2\/media\/27679"}],"wp:attachment":[{"href":"https:\/\/www.koonings.com\/de\/wp-json\/wp\/v2\/media?parent=32638"}],"wp:term":[{"taxonomy":"productdetails","embeddable":true,"href":"https:\/\/www.koonings.com\/de\/wp-json\/wp\/v2\/productdetails?post=32638"},{"taxonomy":"productneck","embeddable":true,"href":"https:\/\/www.koonings.com\/de\/wp-json\/wp\/v2\/productneck?post=32638"},{"taxonomy":"productcolor","embeddable":true,"href":"https:\/\/www.koonings.com\/de\/wp-json\/wp\/v2\/productcolor?post=32638"},{"taxonomy":"maat","embeddable":true,"href":"https:\/\/www.koonings.com\/de\/wp-json\/wp\/v2\/maat?post=32638"},{"taxonomy":"productsupplier","embeddable":true,"href":"https:\/\/www.koonings.com\/de\/wp-json\/wp\/v2\/productsupplier?post=32638"},{"taxonomy":"productsleeve","embeddable":true,"href":"https:\/\/www.koonings.com\/de\/wp-json\/wp\/v2\/productsleeve?post=32638"},{"taxonomy":"productcategory","embeddable":true,"href":"https:\/\/www.koonings.com\/de\/wp-json\/wp\/v2\/productcategory?post=32638"},{"taxonomy":"productsilhouette","embeddable":true,"href":"https:\/\/www.koonings.com\/de\/wp-json\/wp\/v2\/productsilhouette?post=32638"},{"taxonomy":"productstyle","embeddable":true,"href":"https:\/\/www.koonings.com\/de\/wp-json\/wp\/v2\/productstyle?post=32638"}],"curies":[{"name":"wp","href":"https:\/\/api.w.org\/{rel}","templated":true}]}}