{"id":32620,"date":"2025-12-15T00:08:25","date_gmt":"2025-12-14T23:08:25","guid":{"rendered":"https:\/\/www.koonings.com\/product\/libelle-hieke\/"},"modified":"2026-02-03T17:43:45","modified_gmt":"2026-02-03T16:43:45","slug":"libelle-hieke","status":"publish","type":"product","link":"https:\/\/www.koonings.com\/de\/product\/libelle-hieke\/","title":{"rendered":"Libelle Hieke"},"content":{"rendered":"<p>Das Hieke Kleid ist elegant und dennoch romantisch. Die Texturen des schmalen Oberteils mit langen \u00c4rmeln und tiefem V-Ausschnitt sorgen f\u00fcr einen modernen und stilvollen Look. Der taillierte Chiffonrock hat einen sch\u00f6nen Spitzen\u00fcberwurf. Der perfekte Kontrast zu dem schlanken Mieder. Der moderne wei\u00dfe G\u00fcrtel vervollst\u00e4ndigt das Kleid und bringt Ihre Figur wundersch\u00f6n zur Geltung.    <\/p>\n","protected":false},"featured_media":27851,"template":"","meta":{"_acf_changed":false,"ghostkit_customizer_options":"","ghostkit_custom_css":"","ghostkit_custom_js_head":"","ghostkit_custom_js_foot":"","ghostkit_typography":""},"productdetails":[380],"productneck":[351,356],"productcolor":[392],"maat":[],"productsupplier":[428],"productsleeve":[362],"productcategory":[18],"productsilhouette":[389,390],"productstyle":[366],"class_list":["post-32620","product","type-product","status-publish","has-post-thumbnail","hentry","productdetails-380","productneck-351","productneck-356","productcolor-392","productsupplier-libelle","productsleeve-362","productcategory-trouwjurken","productsilhouette-389","productsilhouette-390","productstyle-366"],"acf":[],"yoast_head":"<!-- This site is optimized with the Yoast SEO plugin v27.3 - https:\/\/yoast.com\/product\/yoast-seo-wordpress\/ -->\n<title>Libelle Hieke | Koonings<\/title>\n<meta name=\"description\" content=\"Das Hieke Kleid ist elegant und dennoch romantisch. Die Texturen des schmalen Oberteils mit langen \u00c4rmeln und tiefem V-Ausschnitt sorgen f\u00fcr einen modernen und stilvollen Look. Der taillierte Chiffonrock hat einen sch\u00f6nen Spitzen\u00fcberwurf. Der perfekte Kontrast zu dem schlanken Mieder. Der moderne wei\u00dfe G\u00fcrtel vervollst\u00e4ndigt das Kleid und bringt Ihre Figur wundersch\u00f6n zur Geltung.\" \/>\n<meta name=\"robots\" content=\"index, follow, max-snippet:-1, max-image-preview:large, max-video-preview:-1\" \/>\n<link rel=\"canonical\" href=\"https:\/\/www.koonings.com\/de\/product\/libelle-hieke\/\" \/>\n<meta property=\"og:locale\" content=\"de_DE\" \/>\n<meta property=\"og:type\" content=\"article\" \/>\n<meta property=\"og:title\" content=\"Libelle Hieke | Koonings\" \/>\n<meta property=\"og:description\" content=\"Das Hieke Kleid ist elegant und dennoch romantisch. Die Texturen des schmalen Oberteils mit langen \u00c4rmeln und tiefem V-Ausschnitt sorgen f\u00fcr einen modernen und stilvollen Look. Der taillierte Chiffonrock hat einen sch\u00f6nen Spitzen\u00fcberwurf. Der perfekte Kontrast zu dem schlanken Mieder. Der moderne wei\u00dfe G\u00fcrtel vervollst\u00e4ndigt das Kleid und bringt Ihre Figur wundersch\u00f6n zur Geltung.\" \/>\n<meta property=\"og:url\" content=\"https:\/\/www.koonings.com\/de\/product\/libelle-hieke\/\" \/>\n<meta property=\"og:site_name\" content=\"Koonings\" \/>\n<meta property=\"article:publisher\" content=\"https:\/\/www.facebook.com\/kooningstheweddingpalace\" \/>\n<meta property=\"article:modified_time\" content=\"2026-02-03T16:43:45+00:00\" \/>\n<meta property=\"og:image\" content=\"https:\/\/www.koonings.com\/wp-content\/uploads\/2024\/11\/36923_ddc22361943b85735150e5bb6d1de6af7fc30a4a7f6cb9f5dc32c18f782d218ae303a36c.jpeg\" \/>\n\t<meta property=\"og:image:width\" content=\"1366\" \/>\n\t<meta property=\"og:image:height\" content=\"1933\" \/>\n\t<meta property=\"og:image:type\" content=\"image\/jpeg\" \/>\n<meta name=\"twitter:card\" content=\"summary_large_image\" \/>\n<script type=\"application\/ld+json\" class=\"yoast-schema-graph\">{\"@context\":\"https:\\\/\\\/schema.org\",\"@graph\":[{\"@type\":\"WebPage\",\"@id\":\"https:\\\/\\\/www.koonings.com\\\/de\\\/product\\\/libelle-hieke\\\/\",\"url\":\"https:\\\/\\\/www.koonings.com\\\/de\\\/product\\\/libelle-hieke\\\/\",\"name\":\"Libelle Hieke | Koonings\",\"isPartOf\":{\"@id\":\"https:\\\/\\\/www.koonings.com\\\/de\\\/#website\"},\"primaryImageOfPage\":{\"@id\":\"https:\\\/\\\/www.koonings.com\\\/de\\\/product\\\/libelle-hieke\\\/#primaryimage\"},\"image\":{\"@id\":\"https:\\\/\\\/www.koonings.com\\\/de\\\/product\\\/libelle-hieke\\\/#primaryimage\"},\"thumbnailUrl\":\"https:\\\/\\\/www.koonings.com\\\/wp-content\\\/uploads\\\/2024\\\/11\\\/36923_ddc22361943b85735150e5bb6d1de6af7fc30a4a7f6cb9f5dc32c18f782d218ae303a36c.jpeg\",\"datePublished\":\"2025-12-14T23:08:25+00:00\",\"dateModified\":\"2026-02-03T16:43:45+00:00\",\"description\":\"Das Hieke Kleid ist elegant und dennoch romantisch. Die Texturen des schmalen Oberteils mit langen \u00c4rmeln und tiefem V-Ausschnitt sorgen f\u00fcr einen modernen und stilvollen Look. Der taillierte Chiffonrock hat einen sch\u00f6nen Spitzen\u00fcberwurf. Der perfekte Kontrast zu dem schlanken Mieder. Der moderne wei\u00dfe G\u00fcrtel vervollst\u00e4ndigt das Kleid und bringt Ihre Figur wundersch\u00f6n zur Geltung.\",\"breadcrumb\":{\"@id\":\"https:\\\/\\\/www.koonings.com\\\/de\\\/product\\\/libelle-hieke\\\/#breadcrumb\"},\"inLanguage\":\"de\",\"potentialAction\":[{\"@type\":\"ReadAction\",\"target\":[\"https:\\\/\\\/www.koonings.com\\\/de\\\/product\\\/libelle-hieke\\\/\"]}]},{\"@type\":\"ImageObject\",\"inLanguage\":\"de\",\"@id\":\"https:\\\/\\\/www.koonings.com\\\/de\\\/product\\\/libelle-hieke\\\/#primaryimage\",\"url\":\"https:\\\/\\\/www.koonings.com\\\/wp-content\\\/uploads\\\/2024\\\/11\\\/36923_ddc22361943b85735150e5bb6d1de6af7fc30a4a7f6cb9f5dc32c18f782d218ae303a36c.jpeg\",\"contentUrl\":\"https:\\\/\\\/www.koonings.com\\\/wp-content\\\/uploads\\\/2024\\\/11\\\/36923_ddc22361943b85735150e5bb6d1de6af7fc30a4a7f6cb9f5dc32c18f782d218ae303a36c.jpeg\",\"width\":1366,\"height\":1933},{\"@type\":\"BreadcrumbList\",\"@id\":\"https:\\\/\\\/www.koonings.com\\\/de\\\/product\\\/libelle-hieke\\\/#breadcrumb\",\"itemListElement\":[{\"@type\":\"ListItem\",\"position\":1,\"name\":\"Home\",\"item\":\"https:\\\/\\\/www.koonings.com\\\/de\\\/\"},{\"@type\":\"ListItem\",\"position\":2,\"name\":\"Libelle Hieke\"}]},{\"@type\":\"WebSite\",\"@id\":\"https:\\\/\\\/www.koonings.com\\\/de\\\/#website\",\"url\":\"https:\\\/\\\/www.koonings.com\\\/de\\\/\",\"name\":\"Koonings\",\"description\":\"De grootste bruidsmodewinkel ter wereld\",\"publisher\":{\"@id\":\"https:\\\/\\\/www.koonings.com\\\/de\\\/#organization\"},\"potentialAction\":[{\"@type\":\"SearchAction\",\"target\":{\"@type\":\"EntryPoint\",\"urlTemplate\":\"https:\\\/\\\/www.koonings.com\\\/de\\\/?s={search_term_string}\"},\"query-input\":{\"@type\":\"PropertyValueSpecification\",\"valueRequired\":true,\"valueName\":\"search_term_string\"}}],\"inLanguage\":\"de\"},{\"@type\":\"Organization\",\"@id\":\"https:\\\/\\\/www.koonings.com\\\/de\\\/#organization\",\"name\":\"Koonings\",\"url\":\"https:\\\/\\\/www.koonings.com\\\/de\\\/\",\"logo\":{\"@type\":\"ImageObject\",\"inLanguage\":\"de\",\"@id\":\"https:\\\/\\\/www.koonings.com\\\/de\\\/#\\\/schema\\\/logo\\\/image\\\/\",\"url\":\"https:\\\/\\\/www.koonings.com\\\/wp-content\\\/uploads\\\/2024\\\/07\\\/logo.png\",\"contentUrl\":\"https:\\\/\\\/www.koonings.com\\\/wp-content\\\/uploads\\\/2024\\\/07\\\/logo.png\",\"width\":600,\"height\":428,\"caption\":\"Koonings\"},\"image\":{\"@id\":\"https:\\\/\\\/www.koonings.com\\\/de\\\/#\\\/schema\\\/logo\\\/image\\\/\"},\"sameAs\":[\"https:\\\/\\\/www.facebook.com\\\/kooningstheweddingpalace\",\"https:\\\/\\\/www.instagram.com\\\/kooningstheweddingpalace\",\"https:\\\/\\\/www.pinterest.com\\\/koonings\",\"https:\\\/\\\/www.youtube.com\\\/kooningstheweddingpalace\"]}]}<\/script>\n<!-- \/ Yoast SEO plugin. -->","yoast_head_json":{"title":"Libelle Hieke | Koonings","description":"Das Hieke Kleid ist elegant und dennoch romantisch. Die Texturen des schmalen Oberteils mit langen \u00c4rmeln und tiefem V-Ausschnitt sorgen f\u00fcr einen modernen und stilvollen Look. Der taillierte Chiffonrock hat einen sch\u00f6nen Spitzen\u00fcberwurf. Der perfekte Kontrast zu dem schlanken Mieder. Der moderne wei\u00dfe G\u00fcrtel vervollst\u00e4ndigt das Kleid und bringt Ihre Figur wundersch\u00f6n zur Geltung.","robots":{"index":"index","follow":"follow","max-snippet":"max-snippet:-1","max-image-preview":"max-image-preview:large","max-video-preview":"max-video-preview:-1"},"canonical":"https:\/\/www.koonings.com\/de\/product\/libelle-hieke\/","og_locale":"de_DE","og_type":"article","og_title":"Libelle Hieke | Koonings","og_description":"Das Hieke Kleid ist elegant und dennoch romantisch. Die Texturen des schmalen Oberteils mit langen \u00c4rmeln und tiefem V-Ausschnitt sorgen f\u00fcr einen modernen und stilvollen Look. Der taillierte Chiffonrock hat einen sch\u00f6nen Spitzen\u00fcberwurf. Der perfekte Kontrast zu dem schlanken Mieder. Der moderne wei\u00dfe G\u00fcrtel vervollst\u00e4ndigt das Kleid und bringt Ihre Figur wundersch\u00f6n zur Geltung.","og_url":"https:\/\/www.koonings.com\/de\/product\/libelle-hieke\/","og_site_name":"Koonings","article_publisher":"https:\/\/www.facebook.com\/kooningstheweddingpalace","article_modified_time":"2026-02-03T16:43:45+00:00","og_image":[{"width":1366,"height":1933,"url":"https:\/\/www.koonings.com\/wp-content\/uploads\/2024\/11\/36923_ddc22361943b85735150e5bb6d1de6af7fc30a4a7f6cb9f5dc32c18f782d218ae303a36c.jpeg","type":"image\/jpeg"}],"twitter_card":"summary_large_image","schema":{"@context":"https:\/\/schema.org","@graph":[{"@type":"WebPage","@id":"https:\/\/www.koonings.com\/de\/product\/libelle-hieke\/","url":"https:\/\/www.koonings.com\/de\/product\/libelle-hieke\/","name":"Libelle Hieke | Koonings","isPartOf":{"@id":"https:\/\/www.koonings.com\/de\/#website"},"primaryImageOfPage":{"@id":"https:\/\/www.koonings.com\/de\/product\/libelle-hieke\/#primaryimage"},"image":{"@id":"https:\/\/www.koonings.com\/de\/product\/libelle-hieke\/#primaryimage"},"thumbnailUrl":"https:\/\/www.koonings.com\/wp-content\/uploads\/2024\/11\/36923_ddc22361943b85735150e5bb6d1de6af7fc30a4a7f6cb9f5dc32c18f782d218ae303a36c.jpeg","datePublished":"2025-12-14T23:08:25+00:00","dateModified":"2026-02-03T16:43:45+00:00","description":"Das Hieke Kleid ist elegant und dennoch romantisch. Die Texturen des schmalen Oberteils mit langen \u00c4rmeln und tiefem V-Ausschnitt sorgen f\u00fcr einen modernen und stilvollen Look. Der taillierte Chiffonrock hat einen sch\u00f6nen Spitzen\u00fcberwurf. Der perfekte Kontrast zu dem schlanken Mieder. Der moderne wei\u00dfe G\u00fcrtel vervollst\u00e4ndigt das Kleid und bringt Ihre Figur wundersch\u00f6n zur Geltung.","breadcrumb":{"@id":"https:\/\/www.koonings.com\/de\/product\/libelle-hieke\/#breadcrumb"},"inLanguage":"de","potentialAction":[{"@type":"ReadAction","target":["https:\/\/www.koonings.com\/de\/product\/libelle-hieke\/"]}]},{"@type":"ImageObject","inLanguage":"de","@id":"https:\/\/www.koonings.com\/de\/product\/libelle-hieke\/#primaryimage","url":"https:\/\/www.koonings.com\/wp-content\/uploads\/2024\/11\/36923_ddc22361943b85735150e5bb6d1de6af7fc30a4a7f6cb9f5dc32c18f782d218ae303a36c.jpeg","contentUrl":"https:\/\/www.koonings.com\/wp-content\/uploads\/2024\/11\/36923_ddc22361943b85735150e5bb6d1de6af7fc30a4a7f6cb9f5dc32c18f782d218ae303a36c.jpeg","width":1366,"height":1933},{"@type":"BreadcrumbList","@id":"https:\/\/www.koonings.com\/de\/product\/libelle-hieke\/#breadcrumb","itemListElement":[{"@type":"ListItem","position":1,"name":"Home","item":"https:\/\/www.koonings.com\/de\/"},{"@type":"ListItem","position":2,"name":"Libelle Hieke"}]},{"@type":"WebSite","@id":"https:\/\/www.koonings.com\/de\/#website","url":"https:\/\/www.koonings.com\/de\/","name":"Koonings","description":"De grootste bruidsmodewinkel ter wereld","publisher":{"@id":"https:\/\/www.koonings.com\/de\/#organization"},"potentialAction":[{"@type":"SearchAction","target":{"@type":"EntryPoint","urlTemplate":"https:\/\/www.koonings.com\/de\/?s={search_term_string}"},"query-input":{"@type":"PropertyValueSpecification","valueRequired":true,"valueName":"search_term_string"}}],"inLanguage":"de"},{"@type":"Organization","@id":"https:\/\/www.koonings.com\/de\/#organization","name":"Koonings","url":"https:\/\/www.koonings.com\/de\/","logo":{"@type":"ImageObject","inLanguage":"de","@id":"https:\/\/www.koonings.com\/de\/#\/schema\/logo\/image\/","url":"https:\/\/www.koonings.com\/wp-content\/uploads\/2024\/07\/logo.png","contentUrl":"https:\/\/www.koonings.com\/wp-content\/uploads\/2024\/07\/logo.png","width":600,"height":428,"caption":"Koonings"},"image":{"@id":"https:\/\/www.koonings.com\/de\/#\/schema\/logo\/image\/"},"sameAs":["https:\/\/www.facebook.com\/kooningstheweddingpalace","https:\/\/www.instagram.com\/kooningstheweddingpalace","https:\/\/www.pinterest.com\/koonings","https:\/\/www.youtube.com\/kooningstheweddingpalace"]}]}},"_links":{"self":[{"href":"https:\/\/www.koonings.com\/de\/wp-json\/wp\/v2\/product\/32620","targetHints":{"allow":["GET"]}}],"collection":[{"href":"https:\/\/www.koonings.com\/de\/wp-json\/wp\/v2\/product"}],"about":[{"href":"https:\/\/www.koonings.com\/de\/wp-json\/wp\/v2\/types\/product"}],"wp:featuredmedia":[{"embeddable":true,"href":"https:\/\/www.koonings.com\/de\/wp-json\/wp\/v2\/media\/27851"}],"wp:attachment":[{"href":"https:\/\/www.koonings.com\/de\/wp-json\/wp\/v2\/media?parent=32620"}],"wp:term":[{"taxonomy":"productdetails","embeddable":true,"href":"https:\/\/www.koonings.com\/de\/wp-json\/wp\/v2\/productdetails?post=32620"},{"taxonomy":"productneck","embeddable":true,"href":"https:\/\/www.koonings.com\/de\/wp-json\/wp\/v2\/productneck?post=32620"},{"taxonomy":"productcolor","embeddable":true,"href":"https:\/\/www.koonings.com\/de\/wp-json\/wp\/v2\/productcolor?post=32620"},{"taxonomy":"maat","embeddable":true,"href":"https:\/\/www.koonings.com\/de\/wp-json\/wp\/v2\/maat?post=32620"},{"taxonomy":"productsupplier","embeddable":true,"href":"https:\/\/www.koonings.com\/de\/wp-json\/wp\/v2\/productsupplier?post=32620"},{"taxonomy":"productsleeve","embeddable":true,"href":"https:\/\/www.koonings.com\/de\/wp-json\/wp\/v2\/productsleeve?post=32620"},{"taxonomy":"productcategory","embeddable":true,"href":"https:\/\/www.koonings.com\/de\/wp-json\/wp\/v2\/productcategory?post=32620"},{"taxonomy":"productsilhouette","embeddable":true,"href":"https:\/\/www.koonings.com\/de\/wp-json\/wp\/v2\/productsilhouette?post=32620"},{"taxonomy":"productstyle","embeddable":true,"href":"https:\/\/www.koonings.com\/de\/wp-json\/wp\/v2\/productstyle?post=32620"}],"curies":[{"name":"wp","href":"https:\/\/api.w.org\/{rel}","templated":true}]}}