{"id":32607,"date":"2026-04-28T18:06:45","date_gmt":"2026-04-28T16:06:45","guid":{"rendered":"https:\/\/www.koonings.com\/product\/herve-paris-belloza\/"},"modified":"2026-02-16T14:33:42","modified_gmt":"2026-02-16T13:33:42","slug":"herve-paris-belloza","status":"publish","type":"product","link":"https:\/\/www.koonings.com\/de\/product\/herve-paris-belloza\/","title":{"rendered":"Herve Paris Belloza"},"content":{"rendered":"<p>Belloza ist mit der Platzierung ihres einzigartigen Mieders ein Kunstwerk. Es wurde entworfen, um das Dekollet\u00e9 einer Frau zu betonen. Die Spitze f\u00e4llt leicht \u00fcber die Schulter, bevor sie den Ausschnitt mit einer sch\u00f6nen Spitze \u00fcberkreuzt. Das Belloza Kleid f\u00e4llt in einen eleganten und schlichten Rock mit einem Schlitz auf der linken Seite, der die weiblichen Formen auf die schmeichelhafteste Weise betont.  <\/p>\n","protected":false},"featured_media":27905,"template":"","meta":{"_acf_changed":false,"ghostkit_customizer_options":"","ghostkit_custom_css":"","ghostkit_custom_js_head":"","ghostkit_custom_js_foot":"","ghostkit_typography":""},"productdetails":[378],"productneck":[356],"productcolor":[393,392],"maat":[],"productsupplier":[424],"productsleeve":[359,361],"productcategory":[18],"productsilhouette":[389],"productstyle":[],"class_list":["post-32607","product","type-product","status-publish","has-post-thumbnail","hentry","productdetails-378","productneck-356","productcolor-393","productcolor-392","productsupplier-herve-paris","productsleeve-359","productsleeve-361","productcategory-trouwjurken","productsilhouette-389"],"acf":[],"yoast_head":"<!-- This site is optimized with the Yoast SEO plugin v27.3 - https:\/\/yoast.com\/product\/yoast-seo-wordpress\/ -->\n<title>Herve Paris Belloza | Koonings<\/title>\n<meta name=\"description\" content=\"Belloza ist mit der Platzierung ihres einzigartigen Mieders ein Kunstwerk. Es wurde entworfen, um das Dekollet\u00e9 einer Frau zu betonen. Die Spitze f\u00e4llt leicht \u00fcber die Schulter, bevor sie den Ausschnitt mit einer sch\u00f6nen Spitze \u00fcberkreuzt. Das Belloza Kleid f\u00e4llt in einen eleganten und schlichten Rock mit einem Schlitz auf der linken Seite, der die weiblichen Formen auf die schmeichelhafteste Weise betont.\" \/>\n<meta name=\"robots\" content=\"index, follow, max-snippet:-1, max-image-preview:large, max-video-preview:-1\" \/>\n<link rel=\"canonical\" href=\"https:\/\/www.koonings.com\/de\/product\/herve-paris-belloza\/\" \/>\n<meta property=\"og:locale\" content=\"de_DE\" \/>\n<meta property=\"og:type\" content=\"article\" \/>\n<meta property=\"og:title\" content=\"Herve Paris Belloza | Koonings\" \/>\n<meta property=\"og:description\" content=\"Belloza ist mit der Platzierung ihres einzigartigen Mieders ein Kunstwerk. Es wurde entworfen, um das Dekollet\u00e9 einer Frau zu betonen. Die Spitze f\u00e4llt leicht \u00fcber die Schulter, bevor sie den Ausschnitt mit einer sch\u00f6nen Spitze \u00fcberkreuzt. Das Belloza Kleid f\u00e4llt in einen eleganten und schlichten Rock mit einem Schlitz auf der linken Seite, der die weiblichen Formen auf die schmeichelhafteste Weise betont.\" \/>\n<meta property=\"og:url\" content=\"https:\/\/www.koonings.com\/de\/product\/herve-paris-belloza\/\" \/>\n<meta property=\"og:site_name\" content=\"Koonings\" \/>\n<meta property=\"article:publisher\" content=\"https:\/\/www.facebook.com\/kooningstheweddingpalace\" \/>\n<meta property=\"og:image\" content=\"https:\/\/www.koonings.com\/wp-content\/uploads\/2024\/11\/36926_4aec1f7a8a126b8243d10b6db89df7a8d0be9bfccdf78693b9489dfa7f6454b69db87e01-scaled.jpeg\" \/>\n\t<meta property=\"og:image:width\" content=\"1829\" \/>\n\t<meta property=\"og:image:height\" content=\"2560\" \/>\n\t<meta property=\"og:image:type\" content=\"image\/jpeg\" \/>\n<meta name=\"twitter:card\" content=\"summary_large_image\" \/>\n<script type=\"application\/ld+json\" class=\"yoast-schema-graph\">{\"@context\":\"https:\\\/\\\/schema.org\",\"@graph\":[{\"@type\":\"WebPage\",\"@id\":\"https:\\\/\\\/www.koonings.com\\\/de\\\/product\\\/herve-paris-belloza\\\/\",\"url\":\"https:\\\/\\\/www.koonings.com\\\/de\\\/product\\\/herve-paris-belloza\\\/\",\"name\":\"Herve Paris Belloza | Koonings\",\"isPartOf\":{\"@id\":\"https:\\\/\\\/www.koonings.com\\\/de\\\/#website\"},\"primaryImageOfPage\":{\"@id\":\"https:\\\/\\\/www.koonings.com\\\/de\\\/product\\\/herve-paris-belloza\\\/#primaryimage\"},\"image\":{\"@id\":\"https:\\\/\\\/www.koonings.com\\\/de\\\/product\\\/herve-paris-belloza\\\/#primaryimage\"},\"thumbnailUrl\":\"https:\\\/\\\/www.koonings.com\\\/wp-content\\\/uploads\\\/2024\\\/11\\\/36926_4aec1f7a8a126b8243d10b6db89df7a8d0be9bfccdf78693b9489dfa7f6454b69db87e01-scaled.jpeg\",\"datePublished\":\"2026-04-28T16:06:45+00:00\",\"description\":\"Belloza ist mit der Platzierung ihres einzigartigen Mieders ein Kunstwerk. Es wurde entworfen, um das Dekollet\u00e9 einer Frau zu betonen. Die Spitze f\u00e4llt leicht \u00fcber die Schulter, bevor sie den Ausschnitt mit einer sch\u00f6nen Spitze \u00fcberkreuzt. Das Belloza Kleid f\u00e4llt in einen eleganten und schlichten Rock mit einem Schlitz auf der linken Seite, der die weiblichen Formen auf die schmeichelhafteste Weise betont.\",\"breadcrumb\":{\"@id\":\"https:\\\/\\\/www.koonings.com\\\/de\\\/product\\\/herve-paris-belloza\\\/#breadcrumb\"},\"inLanguage\":\"de\",\"potentialAction\":[{\"@type\":\"ReadAction\",\"target\":[\"https:\\\/\\\/www.koonings.com\\\/de\\\/product\\\/herve-paris-belloza\\\/\"]}]},{\"@type\":\"ImageObject\",\"inLanguage\":\"de\",\"@id\":\"https:\\\/\\\/www.koonings.com\\\/de\\\/product\\\/herve-paris-belloza\\\/#primaryimage\",\"url\":\"https:\\\/\\\/www.koonings.com\\\/wp-content\\\/uploads\\\/2024\\\/11\\\/36926_4aec1f7a8a126b8243d10b6db89df7a8d0be9bfccdf78693b9489dfa7f6454b69db87e01-scaled.jpeg\",\"contentUrl\":\"https:\\\/\\\/www.koonings.com\\\/wp-content\\\/uploads\\\/2024\\\/11\\\/36926_4aec1f7a8a126b8243d10b6db89df7a8d0be9bfccdf78693b9489dfa7f6454b69db87e01-scaled.jpeg\",\"width\":1829,\"height\":2560},{\"@type\":\"BreadcrumbList\",\"@id\":\"https:\\\/\\\/www.koonings.com\\\/de\\\/product\\\/herve-paris-belloza\\\/#breadcrumb\",\"itemListElement\":[{\"@type\":\"ListItem\",\"position\":1,\"name\":\"Home\",\"item\":\"https:\\\/\\\/www.koonings.com\\\/de\\\/\"},{\"@type\":\"ListItem\",\"position\":2,\"name\":\"Herve Paris Belloza\"}]},{\"@type\":\"WebSite\",\"@id\":\"https:\\\/\\\/www.koonings.com\\\/de\\\/#website\",\"url\":\"https:\\\/\\\/www.koonings.com\\\/de\\\/\",\"name\":\"Koonings\",\"description\":\"De grootste bruidsmodewinkel ter wereld\",\"publisher\":{\"@id\":\"https:\\\/\\\/www.koonings.com\\\/de\\\/#organization\"},\"potentialAction\":[{\"@type\":\"SearchAction\",\"target\":{\"@type\":\"EntryPoint\",\"urlTemplate\":\"https:\\\/\\\/www.koonings.com\\\/de\\\/?s={search_term_string}\"},\"query-input\":{\"@type\":\"PropertyValueSpecification\",\"valueRequired\":true,\"valueName\":\"search_term_string\"}}],\"inLanguage\":\"de\"},{\"@type\":\"Organization\",\"@id\":\"https:\\\/\\\/www.koonings.com\\\/de\\\/#organization\",\"name\":\"Koonings\",\"url\":\"https:\\\/\\\/www.koonings.com\\\/de\\\/\",\"logo\":{\"@type\":\"ImageObject\",\"inLanguage\":\"de\",\"@id\":\"https:\\\/\\\/www.koonings.com\\\/de\\\/#\\\/schema\\\/logo\\\/image\\\/\",\"url\":\"https:\\\/\\\/www.koonings.com\\\/wp-content\\\/uploads\\\/2024\\\/07\\\/logo.png\",\"contentUrl\":\"https:\\\/\\\/www.koonings.com\\\/wp-content\\\/uploads\\\/2024\\\/07\\\/logo.png\",\"width\":600,\"height\":428,\"caption\":\"Koonings\"},\"image\":{\"@id\":\"https:\\\/\\\/www.koonings.com\\\/de\\\/#\\\/schema\\\/logo\\\/image\\\/\"},\"sameAs\":[\"https:\\\/\\\/www.facebook.com\\\/kooningstheweddingpalace\",\"https:\\\/\\\/www.instagram.com\\\/kooningstheweddingpalace\",\"https:\\\/\\\/www.pinterest.com\\\/koonings\",\"https:\\\/\\\/www.youtube.com\\\/kooningstheweddingpalace\"]}]}<\/script>\n<!-- \/ Yoast SEO plugin. -->","yoast_head_json":{"title":"Herve Paris Belloza | Koonings","description":"Belloza ist mit der Platzierung ihres einzigartigen Mieders ein Kunstwerk. Es wurde entworfen, um das Dekollet\u00e9 einer Frau zu betonen. Die Spitze f\u00e4llt leicht \u00fcber die Schulter, bevor sie den Ausschnitt mit einer sch\u00f6nen Spitze \u00fcberkreuzt. Das Belloza Kleid f\u00e4llt in einen eleganten und schlichten Rock mit einem Schlitz auf der linken Seite, der die weiblichen Formen auf die schmeichelhafteste Weise betont.","robots":{"index":"index","follow":"follow","max-snippet":"max-snippet:-1","max-image-preview":"max-image-preview:large","max-video-preview":"max-video-preview:-1"},"canonical":"https:\/\/www.koonings.com\/de\/product\/herve-paris-belloza\/","og_locale":"de_DE","og_type":"article","og_title":"Herve Paris Belloza | Koonings","og_description":"Belloza ist mit der Platzierung ihres einzigartigen Mieders ein Kunstwerk. Es wurde entworfen, um das Dekollet\u00e9 einer Frau zu betonen. Die Spitze f\u00e4llt leicht \u00fcber die Schulter, bevor sie den Ausschnitt mit einer sch\u00f6nen Spitze \u00fcberkreuzt. Das Belloza Kleid f\u00e4llt in einen eleganten und schlichten Rock mit einem Schlitz auf der linken Seite, der die weiblichen Formen auf die schmeichelhafteste Weise betont.","og_url":"https:\/\/www.koonings.com\/de\/product\/herve-paris-belloza\/","og_site_name":"Koonings","article_publisher":"https:\/\/www.facebook.com\/kooningstheweddingpalace","og_image":[{"width":1829,"height":2560,"url":"https:\/\/www.koonings.com\/wp-content\/uploads\/2024\/11\/36926_4aec1f7a8a126b8243d10b6db89df7a8d0be9bfccdf78693b9489dfa7f6454b69db87e01-scaled.jpeg","type":"image\/jpeg"}],"twitter_card":"summary_large_image","schema":{"@context":"https:\/\/schema.org","@graph":[{"@type":"WebPage","@id":"https:\/\/www.koonings.com\/de\/product\/herve-paris-belloza\/","url":"https:\/\/www.koonings.com\/de\/product\/herve-paris-belloza\/","name":"Herve Paris Belloza | Koonings","isPartOf":{"@id":"https:\/\/www.koonings.com\/de\/#website"},"primaryImageOfPage":{"@id":"https:\/\/www.koonings.com\/de\/product\/herve-paris-belloza\/#primaryimage"},"image":{"@id":"https:\/\/www.koonings.com\/de\/product\/herve-paris-belloza\/#primaryimage"},"thumbnailUrl":"https:\/\/www.koonings.com\/wp-content\/uploads\/2024\/11\/36926_4aec1f7a8a126b8243d10b6db89df7a8d0be9bfccdf78693b9489dfa7f6454b69db87e01-scaled.jpeg","datePublished":"2026-04-28T16:06:45+00:00","description":"Belloza ist mit der Platzierung ihres einzigartigen Mieders ein Kunstwerk. Es wurde entworfen, um das Dekollet\u00e9 einer Frau zu betonen. Die Spitze f\u00e4llt leicht \u00fcber die Schulter, bevor sie den Ausschnitt mit einer sch\u00f6nen Spitze \u00fcberkreuzt. Das Belloza Kleid f\u00e4llt in einen eleganten und schlichten Rock mit einem Schlitz auf der linken Seite, der die weiblichen Formen auf die schmeichelhafteste Weise betont.","breadcrumb":{"@id":"https:\/\/www.koonings.com\/de\/product\/herve-paris-belloza\/#breadcrumb"},"inLanguage":"de","potentialAction":[{"@type":"ReadAction","target":["https:\/\/www.koonings.com\/de\/product\/herve-paris-belloza\/"]}]},{"@type":"ImageObject","inLanguage":"de","@id":"https:\/\/www.koonings.com\/de\/product\/herve-paris-belloza\/#primaryimage","url":"https:\/\/www.koonings.com\/wp-content\/uploads\/2024\/11\/36926_4aec1f7a8a126b8243d10b6db89df7a8d0be9bfccdf78693b9489dfa7f6454b69db87e01-scaled.jpeg","contentUrl":"https:\/\/www.koonings.com\/wp-content\/uploads\/2024\/11\/36926_4aec1f7a8a126b8243d10b6db89df7a8d0be9bfccdf78693b9489dfa7f6454b69db87e01-scaled.jpeg","width":1829,"height":2560},{"@type":"BreadcrumbList","@id":"https:\/\/www.koonings.com\/de\/product\/herve-paris-belloza\/#breadcrumb","itemListElement":[{"@type":"ListItem","position":1,"name":"Home","item":"https:\/\/www.koonings.com\/de\/"},{"@type":"ListItem","position":2,"name":"Herve Paris Belloza"}]},{"@type":"WebSite","@id":"https:\/\/www.koonings.com\/de\/#website","url":"https:\/\/www.koonings.com\/de\/","name":"Koonings","description":"De grootste bruidsmodewinkel ter wereld","publisher":{"@id":"https:\/\/www.koonings.com\/de\/#organization"},"potentialAction":[{"@type":"SearchAction","target":{"@type":"EntryPoint","urlTemplate":"https:\/\/www.koonings.com\/de\/?s={search_term_string}"},"query-input":{"@type":"PropertyValueSpecification","valueRequired":true,"valueName":"search_term_string"}}],"inLanguage":"de"},{"@type":"Organization","@id":"https:\/\/www.koonings.com\/de\/#organization","name":"Koonings","url":"https:\/\/www.koonings.com\/de\/","logo":{"@type":"ImageObject","inLanguage":"de","@id":"https:\/\/www.koonings.com\/de\/#\/schema\/logo\/image\/","url":"https:\/\/www.koonings.com\/wp-content\/uploads\/2024\/07\/logo.png","contentUrl":"https:\/\/www.koonings.com\/wp-content\/uploads\/2024\/07\/logo.png","width":600,"height":428,"caption":"Koonings"},"image":{"@id":"https:\/\/www.koonings.com\/de\/#\/schema\/logo\/image\/"},"sameAs":["https:\/\/www.facebook.com\/kooningstheweddingpalace","https:\/\/www.instagram.com\/kooningstheweddingpalace","https:\/\/www.pinterest.com\/koonings","https:\/\/www.youtube.com\/kooningstheweddingpalace"]}]}},"_links":{"self":[{"href":"https:\/\/www.koonings.com\/de\/wp-json\/wp\/v2\/product\/32607","targetHints":{"allow":["GET"]}}],"collection":[{"href":"https:\/\/www.koonings.com\/de\/wp-json\/wp\/v2\/product"}],"about":[{"href":"https:\/\/www.koonings.com\/de\/wp-json\/wp\/v2\/types\/product"}],"wp:featuredmedia":[{"embeddable":true,"href":"https:\/\/www.koonings.com\/de\/wp-json\/wp\/v2\/media\/27905"}],"wp:attachment":[{"href":"https:\/\/www.koonings.com\/de\/wp-json\/wp\/v2\/media?parent=32607"}],"wp:term":[{"taxonomy":"productdetails","embeddable":true,"href":"https:\/\/www.koonings.com\/de\/wp-json\/wp\/v2\/productdetails?post=32607"},{"taxonomy":"productneck","embeddable":true,"href":"https:\/\/www.koonings.com\/de\/wp-json\/wp\/v2\/productneck?post=32607"},{"taxonomy":"productcolor","embeddable":true,"href":"https:\/\/www.koonings.com\/de\/wp-json\/wp\/v2\/productcolor?post=32607"},{"taxonomy":"maat","embeddable":true,"href":"https:\/\/www.koonings.com\/de\/wp-json\/wp\/v2\/maat?post=32607"},{"taxonomy":"productsupplier","embeddable":true,"href":"https:\/\/www.koonings.com\/de\/wp-json\/wp\/v2\/productsupplier?post=32607"},{"taxonomy":"productsleeve","embeddable":true,"href":"https:\/\/www.koonings.com\/de\/wp-json\/wp\/v2\/productsleeve?post=32607"},{"taxonomy":"productcategory","embeddable":true,"href":"https:\/\/www.koonings.com\/de\/wp-json\/wp\/v2\/productcategory?post=32607"},{"taxonomy":"productsilhouette","embeddable":true,"href":"https:\/\/www.koonings.com\/de\/wp-json\/wp\/v2\/productsilhouette?post=32607"},{"taxonomy":"productstyle","embeddable":true,"href":"https:\/\/www.koonings.com\/de\/wp-json\/wp\/v2\/productstyle?post=32607"}],"curies":[{"name":"wp","href":"https:\/\/api.w.org\/{rel}","templated":true}]}}