{"id":32579,"date":"2025-12-15T00:06:21","date_gmt":"2025-12-14T23:06:21","guid":{"rendered":"https:\/\/www.koonings.com\/product\/ramona-koonings-couture-kn1912-tr-desiree\/"},"modified":"2026-02-03T17:35:41","modified_gmt":"2026-02-03T16:35:41","slug":"ramona-koonings-couture-kn1912-tr-desiree","status":"publish","type":"product","link":"https:\/\/www.koonings.com\/de\/product\/ramona-koonings-couture-kn1912-tr-desiree\/","title":{"rendered":"Ramona Koonings Couture KN1912 + TR Desiree"},"content":{"rendered":"<p>Dieses taillierte tr\u00e4gerlose Kleid des Labels Ramona Koonings Couture hat einen wundersch\u00f6nen herzf\u00f6rmigen Ausschnitt. Das elfenbeinfarbene Spitzenkleid hat eine h\u00fcbsche Schleppe aus geschmeidigem T\u00fcll. Das florale Muster in der Spitze und in der Schleppe macht das Kleid sehr romantisch.  <\/p>\n","protected":false},"featured_media":25947,"template":"","meta":{"_acf_changed":false,"ghostkit_customizer_options":"","ghostkit_custom_css":"","ghostkit_custom_js_head":"","ghostkit_custom_js_foot":"","ghostkit_typography":""},"productdetails":[376,381],"productneck":[354],"productcolor":[392],"maat":[],"productsupplier":[419],"productsleeve":[],"productcategory":[18],"productsilhouette":[384,387],"productstyle":[367],"class_list":["post-32579","product","type-product","status-publish","has-post-thumbnail","hentry","productdetails-376","productdetails-381","productneck-354","productcolor-392","productsupplier-ramona-koonings-couture","productcategory-trouwjurken","productsilhouette-384","productsilhouette-387","productstyle-367"],"acf":[],"yoast_head":"<!-- This site is optimized with the Yoast SEO plugin v27.3 - https:\/\/yoast.com\/product\/yoast-seo-wordpress\/ -->\n<title>Ramona Koonings Couture KN1912 + TR Desiree | Koonings<\/title>\n<meta name=\"description\" content=\"Dieses taillierte tr\u00e4gerlose Kleid des Labels Ramona Koonings Couture hat einen wundersch\u00f6nen herzf\u00f6rmigen Ausschnitt. Das elfenbeinfarbene Spitzenkleid hat eine h\u00fcbsche Schleppe aus geschmeidigem T\u00fcll. Das florale Muster in der Spitze und in der Schleppe macht das Kleid sehr romantisch.\" \/>\n<meta name=\"robots\" content=\"index, follow, max-snippet:-1, max-image-preview:large, max-video-preview:-1\" \/>\n<link rel=\"canonical\" href=\"https:\/\/www.koonings.com\/de\/product\/ramona-koonings-couture-kn1912-tr-desiree\/\" \/>\n<meta property=\"og:locale\" content=\"de_DE\" \/>\n<meta property=\"og:type\" content=\"article\" \/>\n<meta property=\"og:title\" content=\"Ramona Koonings Couture KN1912 + TR Desiree | Koonings\" \/>\n<meta property=\"og:description\" content=\"Dieses taillierte tr\u00e4gerlose Kleid des Labels Ramona Koonings Couture hat einen wundersch\u00f6nen herzf\u00f6rmigen Ausschnitt. Das elfenbeinfarbene Spitzenkleid hat eine h\u00fcbsche Schleppe aus geschmeidigem T\u00fcll. Das florale Muster in der Spitze und in der Schleppe macht das Kleid sehr romantisch.\" \/>\n<meta property=\"og:url\" content=\"https:\/\/www.koonings.com\/de\/product\/ramona-koonings-couture-kn1912-tr-desiree\/\" \/>\n<meta property=\"og:site_name\" content=\"Koonings\" \/>\n<meta property=\"article:publisher\" content=\"https:\/\/www.facebook.com\/kooningstheweddingpalace\" \/>\n<meta property=\"article:modified_time\" content=\"2026-02-03T16:35:41+00:00\" \/>\n<meta property=\"og:image\" content=\"https:\/\/www.koonings.com\/wp-content\/uploads\/2024\/11\/26647_9207c5830454fb20c15a23f5d38a0da3e23b991cd1ed62c6636ba7298b2bc979cc4455f5-scaled.jpeg\" \/>\n\t<meta property=\"og:image:width\" content=\"1706\" \/>\n\t<meta property=\"og:image:height\" content=\"2560\" \/>\n\t<meta property=\"og:image:type\" content=\"image\/jpeg\" \/>\n<meta name=\"twitter:card\" content=\"summary_large_image\" \/>\n<script type=\"application\/ld+json\" class=\"yoast-schema-graph\">{\"@context\":\"https:\\\/\\\/schema.org\",\"@graph\":[{\"@type\":\"WebPage\",\"@id\":\"https:\\\/\\\/www.koonings.com\\\/de\\\/product\\\/ramona-koonings-couture-kn1912-tr-desiree\\\/\",\"url\":\"https:\\\/\\\/www.koonings.com\\\/de\\\/product\\\/ramona-koonings-couture-kn1912-tr-desiree\\\/\",\"name\":\"Ramona Koonings Couture KN1912 + TR Desiree | Koonings\",\"isPartOf\":{\"@id\":\"https:\\\/\\\/www.koonings.com\\\/de\\\/#website\"},\"primaryImageOfPage\":{\"@id\":\"https:\\\/\\\/www.koonings.com\\\/de\\\/product\\\/ramona-koonings-couture-kn1912-tr-desiree\\\/#primaryimage\"},\"image\":{\"@id\":\"https:\\\/\\\/www.koonings.com\\\/de\\\/product\\\/ramona-koonings-couture-kn1912-tr-desiree\\\/#primaryimage\"},\"thumbnailUrl\":\"https:\\\/\\\/www.koonings.com\\\/wp-content\\\/uploads\\\/2024\\\/11\\\/26647_9207c5830454fb20c15a23f5d38a0da3e23b991cd1ed62c6636ba7298b2bc979cc4455f5-scaled.jpeg\",\"datePublished\":\"2025-12-14T23:06:21+00:00\",\"dateModified\":\"2026-02-03T16:35:41+00:00\",\"description\":\"Dieses taillierte tr\u00e4gerlose Kleid des Labels Ramona Koonings Couture hat einen wundersch\u00f6nen herzf\u00f6rmigen Ausschnitt. Das elfenbeinfarbene Spitzenkleid hat eine h\u00fcbsche Schleppe aus geschmeidigem T\u00fcll. Das florale Muster in der Spitze und in der Schleppe macht das Kleid sehr romantisch.\",\"breadcrumb\":{\"@id\":\"https:\\\/\\\/www.koonings.com\\\/de\\\/product\\\/ramona-koonings-couture-kn1912-tr-desiree\\\/#breadcrumb\"},\"inLanguage\":\"de\",\"potentialAction\":[{\"@type\":\"ReadAction\",\"target\":[\"https:\\\/\\\/www.koonings.com\\\/de\\\/product\\\/ramona-koonings-couture-kn1912-tr-desiree\\\/\"]}]},{\"@type\":\"ImageObject\",\"inLanguage\":\"de\",\"@id\":\"https:\\\/\\\/www.koonings.com\\\/de\\\/product\\\/ramona-koonings-couture-kn1912-tr-desiree\\\/#primaryimage\",\"url\":\"https:\\\/\\\/www.koonings.com\\\/wp-content\\\/uploads\\\/2024\\\/11\\\/26647_9207c5830454fb20c15a23f5d38a0da3e23b991cd1ed62c6636ba7298b2bc979cc4455f5-scaled.jpeg\",\"contentUrl\":\"https:\\\/\\\/www.koonings.com\\\/wp-content\\\/uploads\\\/2024\\\/11\\\/26647_9207c5830454fb20c15a23f5d38a0da3e23b991cd1ed62c6636ba7298b2bc979cc4455f5-scaled.jpeg\",\"width\":1706,\"height\":2560},{\"@type\":\"BreadcrumbList\",\"@id\":\"https:\\\/\\\/www.koonings.com\\\/de\\\/product\\\/ramona-koonings-couture-kn1912-tr-desiree\\\/#breadcrumb\",\"itemListElement\":[{\"@type\":\"ListItem\",\"position\":1,\"name\":\"Home\",\"item\":\"https:\\\/\\\/www.koonings.com\\\/de\\\/\"},{\"@type\":\"ListItem\",\"position\":2,\"name\":\"Ramona Koonings Couture KN1912 + TR Desiree\"}]},{\"@type\":\"WebSite\",\"@id\":\"https:\\\/\\\/www.koonings.com\\\/de\\\/#website\",\"url\":\"https:\\\/\\\/www.koonings.com\\\/de\\\/\",\"name\":\"Koonings\",\"description\":\"De grootste bruidsmodewinkel ter wereld\",\"publisher\":{\"@id\":\"https:\\\/\\\/www.koonings.com\\\/de\\\/#organization\"},\"potentialAction\":[{\"@type\":\"SearchAction\",\"target\":{\"@type\":\"EntryPoint\",\"urlTemplate\":\"https:\\\/\\\/www.koonings.com\\\/de\\\/?s={search_term_string}\"},\"query-input\":{\"@type\":\"PropertyValueSpecification\",\"valueRequired\":true,\"valueName\":\"search_term_string\"}}],\"inLanguage\":\"de\"},{\"@type\":\"Organization\",\"@id\":\"https:\\\/\\\/www.koonings.com\\\/de\\\/#organization\",\"name\":\"Koonings\",\"url\":\"https:\\\/\\\/www.koonings.com\\\/de\\\/\",\"logo\":{\"@type\":\"ImageObject\",\"inLanguage\":\"de\",\"@id\":\"https:\\\/\\\/www.koonings.com\\\/de\\\/#\\\/schema\\\/logo\\\/image\\\/\",\"url\":\"https:\\\/\\\/www.koonings.com\\\/wp-content\\\/uploads\\\/2024\\\/07\\\/logo.png\",\"contentUrl\":\"https:\\\/\\\/www.koonings.com\\\/wp-content\\\/uploads\\\/2024\\\/07\\\/logo.png\",\"width\":600,\"height\":428,\"caption\":\"Koonings\"},\"image\":{\"@id\":\"https:\\\/\\\/www.koonings.com\\\/de\\\/#\\\/schema\\\/logo\\\/image\\\/\"},\"sameAs\":[\"https:\\\/\\\/www.facebook.com\\\/kooningstheweddingpalace\",\"https:\\\/\\\/www.instagram.com\\\/kooningstheweddingpalace\",\"https:\\\/\\\/www.pinterest.com\\\/koonings\",\"https:\\\/\\\/www.youtube.com\\\/kooningstheweddingpalace\"]}]}<\/script>\n<!-- \/ Yoast SEO plugin. -->","yoast_head_json":{"title":"Ramona Koonings Couture KN1912 + TR Desiree | Koonings","description":"Dieses taillierte tr\u00e4gerlose Kleid des Labels Ramona Koonings Couture hat einen wundersch\u00f6nen herzf\u00f6rmigen Ausschnitt. Das elfenbeinfarbene Spitzenkleid hat eine h\u00fcbsche Schleppe aus geschmeidigem T\u00fcll. Das florale Muster in der Spitze und in der Schleppe macht das Kleid sehr romantisch.","robots":{"index":"index","follow":"follow","max-snippet":"max-snippet:-1","max-image-preview":"max-image-preview:large","max-video-preview":"max-video-preview:-1"},"canonical":"https:\/\/www.koonings.com\/de\/product\/ramona-koonings-couture-kn1912-tr-desiree\/","og_locale":"de_DE","og_type":"article","og_title":"Ramona Koonings Couture KN1912 + TR Desiree | Koonings","og_description":"Dieses taillierte tr\u00e4gerlose Kleid des Labels Ramona Koonings Couture hat einen wundersch\u00f6nen herzf\u00f6rmigen Ausschnitt. Das elfenbeinfarbene Spitzenkleid hat eine h\u00fcbsche Schleppe aus geschmeidigem T\u00fcll. Das florale Muster in der Spitze und in der Schleppe macht das Kleid sehr romantisch.","og_url":"https:\/\/www.koonings.com\/de\/product\/ramona-koonings-couture-kn1912-tr-desiree\/","og_site_name":"Koonings","article_publisher":"https:\/\/www.facebook.com\/kooningstheweddingpalace","article_modified_time":"2026-02-03T16:35:41+00:00","og_image":[{"width":1706,"height":2560,"url":"https:\/\/www.koonings.com\/wp-content\/uploads\/2024\/11\/26647_9207c5830454fb20c15a23f5d38a0da3e23b991cd1ed62c6636ba7298b2bc979cc4455f5-scaled.jpeg","type":"image\/jpeg"}],"twitter_card":"summary_large_image","schema":{"@context":"https:\/\/schema.org","@graph":[{"@type":"WebPage","@id":"https:\/\/www.koonings.com\/de\/product\/ramona-koonings-couture-kn1912-tr-desiree\/","url":"https:\/\/www.koonings.com\/de\/product\/ramona-koonings-couture-kn1912-tr-desiree\/","name":"Ramona Koonings Couture KN1912 + TR Desiree | Koonings","isPartOf":{"@id":"https:\/\/www.koonings.com\/de\/#website"},"primaryImageOfPage":{"@id":"https:\/\/www.koonings.com\/de\/product\/ramona-koonings-couture-kn1912-tr-desiree\/#primaryimage"},"image":{"@id":"https:\/\/www.koonings.com\/de\/product\/ramona-koonings-couture-kn1912-tr-desiree\/#primaryimage"},"thumbnailUrl":"https:\/\/www.koonings.com\/wp-content\/uploads\/2024\/11\/26647_9207c5830454fb20c15a23f5d38a0da3e23b991cd1ed62c6636ba7298b2bc979cc4455f5-scaled.jpeg","datePublished":"2025-12-14T23:06:21+00:00","dateModified":"2026-02-03T16:35:41+00:00","description":"Dieses taillierte tr\u00e4gerlose Kleid des Labels Ramona Koonings Couture hat einen wundersch\u00f6nen herzf\u00f6rmigen Ausschnitt. Das elfenbeinfarbene Spitzenkleid hat eine h\u00fcbsche Schleppe aus geschmeidigem T\u00fcll. Das florale Muster in der Spitze und in der Schleppe macht das Kleid sehr romantisch.","breadcrumb":{"@id":"https:\/\/www.koonings.com\/de\/product\/ramona-koonings-couture-kn1912-tr-desiree\/#breadcrumb"},"inLanguage":"de","potentialAction":[{"@type":"ReadAction","target":["https:\/\/www.koonings.com\/de\/product\/ramona-koonings-couture-kn1912-tr-desiree\/"]}]},{"@type":"ImageObject","inLanguage":"de","@id":"https:\/\/www.koonings.com\/de\/product\/ramona-koonings-couture-kn1912-tr-desiree\/#primaryimage","url":"https:\/\/www.koonings.com\/wp-content\/uploads\/2024\/11\/26647_9207c5830454fb20c15a23f5d38a0da3e23b991cd1ed62c6636ba7298b2bc979cc4455f5-scaled.jpeg","contentUrl":"https:\/\/www.koonings.com\/wp-content\/uploads\/2024\/11\/26647_9207c5830454fb20c15a23f5d38a0da3e23b991cd1ed62c6636ba7298b2bc979cc4455f5-scaled.jpeg","width":1706,"height":2560},{"@type":"BreadcrumbList","@id":"https:\/\/www.koonings.com\/de\/product\/ramona-koonings-couture-kn1912-tr-desiree\/#breadcrumb","itemListElement":[{"@type":"ListItem","position":1,"name":"Home","item":"https:\/\/www.koonings.com\/de\/"},{"@type":"ListItem","position":2,"name":"Ramona Koonings Couture KN1912 + TR Desiree"}]},{"@type":"WebSite","@id":"https:\/\/www.koonings.com\/de\/#website","url":"https:\/\/www.koonings.com\/de\/","name":"Koonings","description":"De grootste bruidsmodewinkel ter wereld","publisher":{"@id":"https:\/\/www.koonings.com\/de\/#organization"},"potentialAction":[{"@type":"SearchAction","target":{"@type":"EntryPoint","urlTemplate":"https:\/\/www.koonings.com\/de\/?s={search_term_string}"},"query-input":{"@type":"PropertyValueSpecification","valueRequired":true,"valueName":"search_term_string"}}],"inLanguage":"de"},{"@type":"Organization","@id":"https:\/\/www.koonings.com\/de\/#organization","name":"Koonings","url":"https:\/\/www.koonings.com\/de\/","logo":{"@type":"ImageObject","inLanguage":"de","@id":"https:\/\/www.koonings.com\/de\/#\/schema\/logo\/image\/","url":"https:\/\/www.koonings.com\/wp-content\/uploads\/2024\/07\/logo.png","contentUrl":"https:\/\/www.koonings.com\/wp-content\/uploads\/2024\/07\/logo.png","width":600,"height":428,"caption":"Koonings"},"image":{"@id":"https:\/\/www.koonings.com\/de\/#\/schema\/logo\/image\/"},"sameAs":["https:\/\/www.facebook.com\/kooningstheweddingpalace","https:\/\/www.instagram.com\/kooningstheweddingpalace","https:\/\/www.pinterest.com\/koonings","https:\/\/www.youtube.com\/kooningstheweddingpalace"]}]}},"_links":{"self":[{"href":"https:\/\/www.koonings.com\/de\/wp-json\/wp\/v2\/product\/32579","targetHints":{"allow":["GET"]}}],"collection":[{"href":"https:\/\/www.koonings.com\/de\/wp-json\/wp\/v2\/product"}],"about":[{"href":"https:\/\/www.koonings.com\/de\/wp-json\/wp\/v2\/types\/product"}],"wp:featuredmedia":[{"embeddable":true,"href":"https:\/\/www.koonings.com\/de\/wp-json\/wp\/v2\/media\/25947"}],"wp:attachment":[{"href":"https:\/\/www.koonings.com\/de\/wp-json\/wp\/v2\/media?parent=32579"}],"wp:term":[{"taxonomy":"productdetails","embeddable":true,"href":"https:\/\/www.koonings.com\/de\/wp-json\/wp\/v2\/productdetails?post=32579"},{"taxonomy":"productneck","embeddable":true,"href":"https:\/\/www.koonings.com\/de\/wp-json\/wp\/v2\/productneck?post=32579"},{"taxonomy":"productcolor","embeddable":true,"href":"https:\/\/www.koonings.com\/de\/wp-json\/wp\/v2\/productcolor?post=32579"},{"taxonomy":"maat","embeddable":true,"href":"https:\/\/www.koonings.com\/de\/wp-json\/wp\/v2\/maat?post=32579"},{"taxonomy":"productsupplier","embeddable":true,"href":"https:\/\/www.koonings.com\/de\/wp-json\/wp\/v2\/productsupplier?post=32579"},{"taxonomy":"productsleeve","embeddable":true,"href":"https:\/\/www.koonings.com\/de\/wp-json\/wp\/v2\/productsleeve?post=32579"},{"taxonomy":"productcategory","embeddable":true,"href":"https:\/\/www.koonings.com\/de\/wp-json\/wp\/v2\/productcategory?post=32579"},{"taxonomy":"productsilhouette","embeddable":true,"href":"https:\/\/www.koonings.com\/de\/wp-json\/wp\/v2\/productsilhouette?post=32579"},{"taxonomy":"productstyle","embeddable":true,"href":"https:\/\/www.koonings.com\/de\/wp-json\/wp\/v2\/productstyle?post=32579"}],"curies":[{"name":"wp","href":"https:\/\/api.w.org\/{rel}","templated":true}]}}