{"id":32546,"date":"2025-12-15T00:06:24","date_gmt":"2025-12-14T23:06:24","guid":{"rendered":"https:\/\/www.koonings.com\/product\/ramona-koonings-couture-kn1962-laura\/"},"modified":"2026-02-03T17:36:25","modified_gmt":"2026-02-03T16:36:25","slug":"ramona-koonings-couture-kn1962-laura","status":"publish","type":"product","link":"https:\/\/www.koonings.com\/de\/product\/ramona-koonings-couture-kn1962-laura\/","title":{"rendered":"Ramona Koonings Couture KN1962 Laura"},"content":{"rendered":"<p>Dieses elfenbeinfarbene Hochzeitskleid von Ramona Koonings Couture hat eine sanft fallende Silhouette. Das Kleid hat ein tr\u00e4gerloses, herzf\u00f6rmiges Oberteil und einen sanft fallenden Rock. Au\u00dferdem ist das Kleid mit einem besonders sch\u00f6nen Stoff mit Glitzer versehen.  <\/p>\n","protected":false},"featured_media":26044,"template":"","meta":{"_acf_changed":false,"ghostkit_customizer_options":"","ghostkit_custom_css":"","ghostkit_custom_js_head":"","ghostkit_custom_js_foot":"","ghostkit_typography":""},"productdetails":[381],"productneck":[354,356],"productcolor":[392],"maat":[],"productsupplier":[419],"productsleeve":[],"productcategory":[18],"productsilhouette":[384],"productstyle":[367,372],"class_list":["post-32546","product","type-product","status-publish","has-post-thumbnail","hentry","productdetails-381","productneck-354","productneck-356","productcolor-392","productsupplier-ramona-koonings-couture","productcategory-trouwjurken","productsilhouette-384","productstyle-367","productstyle-372"],"acf":[],"yoast_head":"<!-- This site is optimized with the Yoast SEO plugin v27.3 - https:\/\/yoast.com\/product\/yoast-seo-wordpress\/ -->\n<title>Ramona Koonings Couture KN1962 Laura | Koonings<\/title>\n<meta name=\"description\" content=\"Dieses elfenbeinfarbene Hochzeitskleid von Ramona Koonings Couture hat eine sanft fallende Silhouette. Das Kleid hat ein tr\u00e4gerloses, herzf\u00f6rmiges Oberteil und einen sanft fallenden Rock. Au\u00dferdem ist das Kleid mit einem besonders sch\u00f6nen Stoff mit Glitzer versehen.\" \/>\n<meta name=\"robots\" content=\"index, follow, max-snippet:-1, max-image-preview:large, max-video-preview:-1\" \/>\n<link rel=\"canonical\" href=\"https:\/\/www.koonings.com\/de\/product\/ramona-koonings-couture-kn1962-laura\/\" \/>\n<meta property=\"og:locale\" content=\"de_DE\" \/>\n<meta property=\"og:type\" content=\"article\" \/>\n<meta property=\"og:title\" content=\"Ramona Koonings Couture KN1962 Laura | Koonings\" \/>\n<meta property=\"og:description\" content=\"Dieses elfenbeinfarbene Hochzeitskleid von Ramona Koonings Couture hat eine sanft fallende Silhouette. Das Kleid hat ein tr\u00e4gerloses, herzf\u00f6rmiges Oberteil und einen sanft fallenden Rock. Au\u00dferdem ist das Kleid mit einem besonders sch\u00f6nen Stoff mit Glitzer versehen.\" \/>\n<meta property=\"og:url\" content=\"https:\/\/www.koonings.com\/de\/product\/ramona-koonings-couture-kn1962-laura\/\" \/>\n<meta property=\"og:site_name\" content=\"Koonings\" \/>\n<meta property=\"article:publisher\" content=\"https:\/\/www.facebook.com\/kooningstheweddingpalace\" \/>\n<meta property=\"article:modified_time\" content=\"2026-02-03T16:36:25+00:00\" \/>\n<meta property=\"og:image\" content=\"https:\/\/www.koonings.com\/wp-content\/uploads\/2024\/11\/26673_eccd750dc731490e52c4860c53e6ddf393082a5a591d019104d9a4754b98f486adc906ed.jpeg\" \/>\n\t<meta property=\"og:image:width\" content=\"1440\" \/>\n\t<meta property=\"og:image:height\" content=\"2160\" \/>\n\t<meta property=\"og:image:type\" content=\"image\/jpeg\" \/>\n<meta name=\"twitter:card\" content=\"summary_large_image\" \/>\n<script type=\"application\/ld+json\" class=\"yoast-schema-graph\">{\"@context\":\"https:\\\/\\\/schema.org\",\"@graph\":[{\"@type\":\"WebPage\",\"@id\":\"https:\\\/\\\/www.koonings.com\\\/de\\\/product\\\/ramona-koonings-couture-kn1962-laura\\\/\",\"url\":\"https:\\\/\\\/www.koonings.com\\\/de\\\/product\\\/ramona-koonings-couture-kn1962-laura\\\/\",\"name\":\"Ramona Koonings Couture KN1962 Laura | Koonings\",\"isPartOf\":{\"@id\":\"https:\\\/\\\/www.koonings.com\\\/de\\\/#website\"},\"primaryImageOfPage\":{\"@id\":\"https:\\\/\\\/www.koonings.com\\\/de\\\/product\\\/ramona-koonings-couture-kn1962-laura\\\/#primaryimage\"},\"image\":{\"@id\":\"https:\\\/\\\/www.koonings.com\\\/de\\\/product\\\/ramona-koonings-couture-kn1962-laura\\\/#primaryimage\"},\"thumbnailUrl\":\"https:\\\/\\\/www.koonings.com\\\/wp-content\\\/uploads\\\/2024\\\/11\\\/26673_eccd750dc731490e52c4860c53e6ddf393082a5a591d019104d9a4754b98f486adc906ed.jpeg\",\"datePublished\":\"2025-12-14T23:06:24+00:00\",\"dateModified\":\"2026-02-03T16:36:25+00:00\",\"description\":\"Dieses elfenbeinfarbene Hochzeitskleid von Ramona Koonings Couture hat eine sanft fallende Silhouette. Das Kleid hat ein tr\u00e4gerloses, herzf\u00f6rmiges Oberteil und einen sanft fallenden Rock. Au\u00dferdem ist das Kleid mit einem besonders sch\u00f6nen Stoff mit Glitzer versehen.\",\"breadcrumb\":{\"@id\":\"https:\\\/\\\/www.koonings.com\\\/de\\\/product\\\/ramona-koonings-couture-kn1962-laura\\\/#breadcrumb\"},\"inLanguage\":\"de\",\"potentialAction\":[{\"@type\":\"ReadAction\",\"target\":[\"https:\\\/\\\/www.koonings.com\\\/de\\\/product\\\/ramona-koonings-couture-kn1962-laura\\\/\"]}]},{\"@type\":\"ImageObject\",\"inLanguage\":\"de\",\"@id\":\"https:\\\/\\\/www.koonings.com\\\/de\\\/product\\\/ramona-koonings-couture-kn1962-laura\\\/#primaryimage\",\"url\":\"https:\\\/\\\/www.koonings.com\\\/wp-content\\\/uploads\\\/2024\\\/11\\\/26673_eccd750dc731490e52c4860c53e6ddf393082a5a591d019104d9a4754b98f486adc906ed.jpeg\",\"contentUrl\":\"https:\\\/\\\/www.koonings.com\\\/wp-content\\\/uploads\\\/2024\\\/11\\\/26673_eccd750dc731490e52c4860c53e6ddf393082a5a591d019104d9a4754b98f486adc906ed.jpeg\",\"width\":1440,\"height\":2160},{\"@type\":\"BreadcrumbList\",\"@id\":\"https:\\\/\\\/www.koonings.com\\\/de\\\/product\\\/ramona-koonings-couture-kn1962-laura\\\/#breadcrumb\",\"itemListElement\":[{\"@type\":\"ListItem\",\"position\":1,\"name\":\"Home\",\"item\":\"https:\\\/\\\/www.koonings.com\\\/de\\\/\"},{\"@type\":\"ListItem\",\"position\":2,\"name\":\"Ramona Koonings Couture KN1962 Laura\"}]},{\"@type\":\"WebSite\",\"@id\":\"https:\\\/\\\/www.koonings.com\\\/de\\\/#website\",\"url\":\"https:\\\/\\\/www.koonings.com\\\/de\\\/\",\"name\":\"Koonings\",\"description\":\"De grootste bruidsmodewinkel ter wereld\",\"publisher\":{\"@id\":\"https:\\\/\\\/www.koonings.com\\\/de\\\/#organization\"},\"potentialAction\":[{\"@type\":\"SearchAction\",\"target\":{\"@type\":\"EntryPoint\",\"urlTemplate\":\"https:\\\/\\\/www.koonings.com\\\/de\\\/?s={search_term_string}\"},\"query-input\":{\"@type\":\"PropertyValueSpecification\",\"valueRequired\":true,\"valueName\":\"search_term_string\"}}],\"inLanguage\":\"de\"},{\"@type\":\"Organization\",\"@id\":\"https:\\\/\\\/www.koonings.com\\\/de\\\/#organization\",\"name\":\"Koonings\",\"url\":\"https:\\\/\\\/www.koonings.com\\\/de\\\/\",\"logo\":{\"@type\":\"ImageObject\",\"inLanguage\":\"de\",\"@id\":\"https:\\\/\\\/www.koonings.com\\\/de\\\/#\\\/schema\\\/logo\\\/image\\\/\",\"url\":\"https:\\\/\\\/www.koonings.com\\\/wp-content\\\/uploads\\\/2024\\\/07\\\/logo.png\",\"contentUrl\":\"https:\\\/\\\/www.koonings.com\\\/wp-content\\\/uploads\\\/2024\\\/07\\\/logo.png\",\"width\":600,\"height\":428,\"caption\":\"Koonings\"},\"image\":{\"@id\":\"https:\\\/\\\/www.koonings.com\\\/de\\\/#\\\/schema\\\/logo\\\/image\\\/\"},\"sameAs\":[\"https:\\\/\\\/www.facebook.com\\\/kooningstheweddingpalace\",\"https:\\\/\\\/www.instagram.com\\\/kooningstheweddingpalace\",\"https:\\\/\\\/www.pinterest.com\\\/koonings\",\"https:\\\/\\\/www.youtube.com\\\/kooningstheweddingpalace\"]}]}<\/script>\n<!-- \/ Yoast SEO plugin. -->","yoast_head_json":{"title":"Ramona Koonings Couture KN1962 Laura | Koonings","description":"Dieses elfenbeinfarbene Hochzeitskleid von Ramona Koonings Couture hat eine sanft fallende Silhouette. Das Kleid hat ein tr\u00e4gerloses, herzf\u00f6rmiges Oberteil und einen sanft fallenden Rock. Au\u00dferdem ist das Kleid mit einem besonders sch\u00f6nen Stoff mit Glitzer versehen.","robots":{"index":"index","follow":"follow","max-snippet":"max-snippet:-1","max-image-preview":"max-image-preview:large","max-video-preview":"max-video-preview:-1"},"canonical":"https:\/\/www.koonings.com\/de\/product\/ramona-koonings-couture-kn1962-laura\/","og_locale":"de_DE","og_type":"article","og_title":"Ramona Koonings Couture KN1962 Laura | Koonings","og_description":"Dieses elfenbeinfarbene Hochzeitskleid von Ramona Koonings Couture hat eine sanft fallende Silhouette. Das Kleid hat ein tr\u00e4gerloses, herzf\u00f6rmiges Oberteil und einen sanft fallenden Rock. Au\u00dferdem ist das Kleid mit einem besonders sch\u00f6nen Stoff mit Glitzer versehen.","og_url":"https:\/\/www.koonings.com\/de\/product\/ramona-koonings-couture-kn1962-laura\/","og_site_name":"Koonings","article_publisher":"https:\/\/www.facebook.com\/kooningstheweddingpalace","article_modified_time":"2026-02-03T16:36:25+00:00","og_image":[{"width":1440,"height":2160,"url":"https:\/\/www.koonings.com\/wp-content\/uploads\/2024\/11\/26673_eccd750dc731490e52c4860c53e6ddf393082a5a591d019104d9a4754b98f486adc906ed.jpeg","type":"image\/jpeg"}],"twitter_card":"summary_large_image","schema":{"@context":"https:\/\/schema.org","@graph":[{"@type":"WebPage","@id":"https:\/\/www.koonings.com\/de\/product\/ramona-koonings-couture-kn1962-laura\/","url":"https:\/\/www.koonings.com\/de\/product\/ramona-koonings-couture-kn1962-laura\/","name":"Ramona Koonings Couture KN1962 Laura | Koonings","isPartOf":{"@id":"https:\/\/www.koonings.com\/de\/#website"},"primaryImageOfPage":{"@id":"https:\/\/www.koonings.com\/de\/product\/ramona-koonings-couture-kn1962-laura\/#primaryimage"},"image":{"@id":"https:\/\/www.koonings.com\/de\/product\/ramona-koonings-couture-kn1962-laura\/#primaryimage"},"thumbnailUrl":"https:\/\/www.koonings.com\/wp-content\/uploads\/2024\/11\/26673_eccd750dc731490e52c4860c53e6ddf393082a5a591d019104d9a4754b98f486adc906ed.jpeg","datePublished":"2025-12-14T23:06:24+00:00","dateModified":"2026-02-03T16:36:25+00:00","description":"Dieses elfenbeinfarbene Hochzeitskleid von Ramona Koonings Couture hat eine sanft fallende Silhouette. Das Kleid hat ein tr\u00e4gerloses, herzf\u00f6rmiges Oberteil und einen sanft fallenden Rock. Au\u00dferdem ist das Kleid mit einem besonders sch\u00f6nen Stoff mit Glitzer versehen.","breadcrumb":{"@id":"https:\/\/www.koonings.com\/de\/product\/ramona-koonings-couture-kn1962-laura\/#breadcrumb"},"inLanguage":"de","potentialAction":[{"@type":"ReadAction","target":["https:\/\/www.koonings.com\/de\/product\/ramona-koonings-couture-kn1962-laura\/"]}]},{"@type":"ImageObject","inLanguage":"de","@id":"https:\/\/www.koonings.com\/de\/product\/ramona-koonings-couture-kn1962-laura\/#primaryimage","url":"https:\/\/www.koonings.com\/wp-content\/uploads\/2024\/11\/26673_eccd750dc731490e52c4860c53e6ddf393082a5a591d019104d9a4754b98f486adc906ed.jpeg","contentUrl":"https:\/\/www.koonings.com\/wp-content\/uploads\/2024\/11\/26673_eccd750dc731490e52c4860c53e6ddf393082a5a591d019104d9a4754b98f486adc906ed.jpeg","width":1440,"height":2160},{"@type":"BreadcrumbList","@id":"https:\/\/www.koonings.com\/de\/product\/ramona-koonings-couture-kn1962-laura\/#breadcrumb","itemListElement":[{"@type":"ListItem","position":1,"name":"Home","item":"https:\/\/www.koonings.com\/de\/"},{"@type":"ListItem","position":2,"name":"Ramona Koonings Couture KN1962 Laura"}]},{"@type":"WebSite","@id":"https:\/\/www.koonings.com\/de\/#website","url":"https:\/\/www.koonings.com\/de\/","name":"Koonings","description":"De grootste bruidsmodewinkel ter wereld","publisher":{"@id":"https:\/\/www.koonings.com\/de\/#organization"},"potentialAction":[{"@type":"SearchAction","target":{"@type":"EntryPoint","urlTemplate":"https:\/\/www.koonings.com\/de\/?s={search_term_string}"},"query-input":{"@type":"PropertyValueSpecification","valueRequired":true,"valueName":"search_term_string"}}],"inLanguage":"de"},{"@type":"Organization","@id":"https:\/\/www.koonings.com\/de\/#organization","name":"Koonings","url":"https:\/\/www.koonings.com\/de\/","logo":{"@type":"ImageObject","inLanguage":"de","@id":"https:\/\/www.koonings.com\/de\/#\/schema\/logo\/image\/","url":"https:\/\/www.koonings.com\/wp-content\/uploads\/2024\/07\/logo.png","contentUrl":"https:\/\/www.koonings.com\/wp-content\/uploads\/2024\/07\/logo.png","width":600,"height":428,"caption":"Koonings"},"image":{"@id":"https:\/\/www.koonings.com\/de\/#\/schema\/logo\/image\/"},"sameAs":["https:\/\/www.facebook.com\/kooningstheweddingpalace","https:\/\/www.instagram.com\/kooningstheweddingpalace","https:\/\/www.pinterest.com\/koonings","https:\/\/www.youtube.com\/kooningstheweddingpalace"]}]}},"_links":{"self":[{"href":"https:\/\/www.koonings.com\/de\/wp-json\/wp\/v2\/product\/32546","targetHints":{"allow":["GET"]}}],"collection":[{"href":"https:\/\/www.koonings.com\/de\/wp-json\/wp\/v2\/product"}],"about":[{"href":"https:\/\/www.koonings.com\/de\/wp-json\/wp\/v2\/types\/product"}],"wp:featuredmedia":[{"embeddable":true,"href":"https:\/\/www.koonings.com\/de\/wp-json\/wp\/v2\/media\/26044"}],"wp:attachment":[{"href":"https:\/\/www.koonings.com\/de\/wp-json\/wp\/v2\/media?parent=32546"}],"wp:term":[{"taxonomy":"productdetails","embeddable":true,"href":"https:\/\/www.koonings.com\/de\/wp-json\/wp\/v2\/productdetails?post=32546"},{"taxonomy":"productneck","embeddable":true,"href":"https:\/\/www.koonings.com\/de\/wp-json\/wp\/v2\/productneck?post=32546"},{"taxonomy":"productcolor","embeddable":true,"href":"https:\/\/www.koonings.com\/de\/wp-json\/wp\/v2\/productcolor?post=32546"},{"taxonomy":"maat","embeddable":true,"href":"https:\/\/www.koonings.com\/de\/wp-json\/wp\/v2\/maat?post=32546"},{"taxonomy":"productsupplier","embeddable":true,"href":"https:\/\/www.koonings.com\/de\/wp-json\/wp\/v2\/productsupplier?post=32546"},{"taxonomy":"productsleeve","embeddable":true,"href":"https:\/\/www.koonings.com\/de\/wp-json\/wp\/v2\/productsleeve?post=32546"},{"taxonomy":"productcategory","embeddable":true,"href":"https:\/\/www.koonings.com\/de\/wp-json\/wp\/v2\/productcategory?post=32546"},{"taxonomy":"productsilhouette","embeddable":true,"href":"https:\/\/www.koonings.com\/de\/wp-json\/wp\/v2\/productsilhouette?post=32546"},{"taxonomy":"productstyle","embeddable":true,"href":"https:\/\/www.koonings.com\/de\/wp-json\/wp\/v2\/productstyle?post=32546"}],"curies":[{"name":"wp","href":"https:\/\/api.w.org\/{rel}","templated":true}]}}