{"id":32505,"date":"2026-05-06T15:06:05","date_gmt":"2026-05-06T13:06:05","guid":{"rendered":"https:\/\/www.koonings.com\/product\/oreasposa-l942\/"},"modified":"2026-02-16T11:31:40","modified_gmt":"2026-02-16T10:31:40","slug":"oreasposa-l942","status":"publish","type":"product","link":"https:\/\/www.koonings.com\/de\/product\/oreasposa-l942\/","title":{"rendered":"Oreasposa L942"},"content":{"rendered":"<p>Dieses elfenbeinfarbene Hochzeitskleid von Oreasposa hat eine geschmeidige Silhouette. Das Kleid hat ein tailliertes Mieder mit Spitze und einen geschmeidig flie\u00dfenden Rock. Au\u00dferdem verf\u00fcgt das Kleid \u00fcber einen sch\u00f6nen R\u00fcckenausschnitt mit aufwendigen Kn\u00f6pfen.  <\/p>\n","protected":false},"featured_media":26219,"template":"","meta":{"_acf_changed":false,"ghostkit_customizer_options":"","ghostkit_custom_css":"","ghostkit_custom_js_head":"","ghostkit_custom_js_foot":"","ghostkit_typography":""},"productdetails":[],"productneck":[355,356],"productcolor":[392],"maat":[],"productsupplier":[401],"productsleeve":[359],"productcategory":[18],"productsilhouette":[384],"productstyle":[],"class_list":["post-32505","product","type-product","status-publish","has-post-thumbnail","hentry","productneck-355","productneck-356","productcolor-392","productsupplier-oreasposa","productsleeve-359","productcategory-trouwjurken","productsilhouette-384"],"acf":[],"yoast_head":"<!-- This site is optimized with the Yoast SEO plugin v27.3 - https:\/\/yoast.com\/product\/yoast-seo-wordpress\/ -->\n<title>Oreasposa L942 | Koonings<\/title>\n<meta name=\"description\" content=\"Dieses elfenbeinfarbene Hochzeitskleid von Oreasposa hat eine geschmeidige Silhouette. Das Kleid hat ein tailliertes Mieder mit Spitze und einen geschmeidig flie\u00dfenden Rock. Au\u00dferdem verf\u00fcgt das Kleid \u00fcber einen sch\u00f6nen R\u00fcckenausschnitt mit aufwendigen Kn\u00f6pfen.\" \/>\n<meta name=\"robots\" content=\"index, follow, max-snippet:-1, max-image-preview:large, max-video-preview:-1\" \/>\n<link rel=\"canonical\" href=\"https:\/\/www.koonings.com\/de\/product\/oreasposa-l942\/\" \/>\n<meta property=\"og:locale\" content=\"de_DE\" \/>\n<meta property=\"og:type\" content=\"article\" \/>\n<meta property=\"og:title\" content=\"Oreasposa L942 | Koonings\" \/>\n<meta property=\"og:description\" content=\"Dieses elfenbeinfarbene Hochzeitskleid von Oreasposa hat eine geschmeidige Silhouette. Das Kleid hat ein tailliertes Mieder mit Spitze und einen geschmeidig flie\u00dfenden Rock. Au\u00dferdem verf\u00fcgt das Kleid \u00fcber einen sch\u00f6nen R\u00fcckenausschnitt mit aufwendigen Kn\u00f6pfen.\" \/>\n<meta property=\"og:url\" content=\"https:\/\/www.koonings.com\/de\/product\/oreasposa-l942\/\" \/>\n<meta property=\"og:site_name\" content=\"Koonings\" \/>\n<meta property=\"article:publisher\" content=\"https:\/\/www.facebook.com\/kooningstheweddingpalace\" \/>\n<meta property=\"og:image\" content=\"https:\/\/www.koonings.com\/wp-content\/uploads\/2024\/11\/26819_eee11870ec234c7591889573654b9b060f1d9a587e0f85009c98d008759ac938fd7115a5.jpeg\" \/>\n\t<meta property=\"og:image:width\" content=\"580\" \/>\n\t<meta property=\"og:image:height\" content=\"821\" \/>\n\t<meta property=\"og:image:type\" content=\"image\/jpeg\" \/>\n<meta name=\"twitter:card\" content=\"summary_large_image\" \/>\n<script type=\"application\/ld+json\" class=\"yoast-schema-graph\">{\"@context\":\"https:\\\/\\\/schema.org\",\"@graph\":[{\"@type\":\"WebPage\",\"@id\":\"https:\\\/\\\/www.koonings.com\\\/de\\\/product\\\/oreasposa-l942\\\/\",\"url\":\"https:\\\/\\\/www.koonings.com\\\/de\\\/product\\\/oreasposa-l942\\\/\",\"name\":\"Oreasposa L942 | Koonings\",\"isPartOf\":{\"@id\":\"https:\\\/\\\/www.koonings.com\\\/de\\\/#website\"},\"primaryImageOfPage\":{\"@id\":\"https:\\\/\\\/www.koonings.com\\\/de\\\/product\\\/oreasposa-l942\\\/#primaryimage\"},\"image\":{\"@id\":\"https:\\\/\\\/www.koonings.com\\\/de\\\/product\\\/oreasposa-l942\\\/#primaryimage\"},\"thumbnailUrl\":\"https:\\\/\\\/www.koonings.com\\\/wp-content\\\/uploads\\\/2024\\\/11\\\/26819_eee11870ec234c7591889573654b9b060f1d9a587e0f85009c98d008759ac938fd7115a5.jpeg\",\"datePublished\":\"2026-05-06T13:06:05+00:00\",\"description\":\"Dieses elfenbeinfarbene Hochzeitskleid von Oreasposa hat eine geschmeidige Silhouette. Das Kleid hat ein tailliertes Mieder mit Spitze und einen geschmeidig flie\u00dfenden Rock. Au\u00dferdem verf\u00fcgt das Kleid \u00fcber einen sch\u00f6nen R\u00fcckenausschnitt mit aufwendigen Kn\u00f6pfen.\",\"breadcrumb\":{\"@id\":\"https:\\\/\\\/www.koonings.com\\\/de\\\/product\\\/oreasposa-l942\\\/#breadcrumb\"},\"inLanguage\":\"de\",\"potentialAction\":[{\"@type\":\"ReadAction\",\"target\":[\"https:\\\/\\\/www.koonings.com\\\/de\\\/product\\\/oreasposa-l942\\\/\"]}]},{\"@type\":\"ImageObject\",\"inLanguage\":\"de\",\"@id\":\"https:\\\/\\\/www.koonings.com\\\/de\\\/product\\\/oreasposa-l942\\\/#primaryimage\",\"url\":\"https:\\\/\\\/www.koonings.com\\\/wp-content\\\/uploads\\\/2024\\\/11\\\/26819_eee11870ec234c7591889573654b9b060f1d9a587e0f85009c98d008759ac938fd7115a5.jpeg\",\"contentUrl\":\"https:\\\/\\\/www.koonings.com\\\/wp-content\\\/uploads\\\/2024\\\/11\\\/26819_eee11870ec234c7591889573654b9b060f1d9a587e0f85009c98d008759ac938fd7115a5.jpeg\",\"width\":580,\"height\":821},{\"@type\":\"BreadcrumbList\",\"@id\":\"https:\\\/\\\/www.koonings.com\\\/de\\\/product\\\/oreasposa-l942\\\/#breadcrumb\",\"itemListElement\":[{\"@type\":\"ListItem\",\"position\":1,\"name\":\"Home\",\"item\":\"https:\\\/\\\/www.koonings.com\\\/de\\\/\"},{\"@type\":\"ListItem\",\"position\":2,\"name\":\"Oreasposa L942\"}]},{\"@type\":\"WebSite\",\"@id\":\"https:\\\/\\\/www.koonings.com\\\/de\\\/#website\",\"url\":\"https:\\\/\\\/www.koonings.com\\\/de\\\/\",\"name\":\"Koonings\",\"description\":\"De grootste bruidsmodewinkel ter wereld\",\"publisher\":{\"@id\":\"https:\\\/\\\/www.koonings.com\\\/de\\\/#organization\"},\"potentialAction\":[{\"@type\":\"SearchAction\",\"target\":{\"@type\":\"EntryPoint\",\"urlTemplate\":\"https:\\\/\\\/www.koonings.com\\\/de\\\/?s={search_term_string}\"},\"query-input\":{\"@type\":\"PropertyValueSpecification\",\"valueRequired\":true,\"valueName\":\"search_term_string\"}}],\"inLanguage\":\"de\"},{\"@type\":\"Organization\",\"@id\":\"https:\\\/\\\/www.koonings.com\\\/de\\\/#organization\",\"name\":\"Koonings\",\"url\":\"https:\\\/\\\/www.koonings.com\\\/de\\\/\",\"logo\":{\"@type\":\"ImageObject\",\"inLanguage\":\"de\",\"@id\":\"https:\\\/\\\/www.koonings.com\\\/de\\\/#\\\/schema\\\/logo\\\/image\\\/\",\"url\":\"https:\\\/\\\/www.koonings.com\\\/wp-content\\\/uploads\\\/2024\\\/07\\\/logo.png\",\"contentUrl\":\"https:\\\/\\\/www.koonings.com\\\/wp-content\\\/uploads\\\/2024\\\/07\\\/logo.png\",\"width\":600,\"height\":428,\"caption\":\"Koonings\"},\"image\":{\"@id\":\"https:\\\/\\\/www.koonings.com\\\/de\\\/#\\\/schema\\\/logo\\\/image\\\/\"},\"sameAs\":[\"https:\\\/\\\/www.facebook.com\\\/kooningstheweddingpalace\",\"https:\\\/\\\/www.instagram.com\\\/kooningstheweddingpalace\",\"https:\\\/\\\/www.pinterest.com\\\/koonings\",\"https:\\\/\\\/www.youtube.com\\\/kooningstheweddingpalace\"]}]}<\/script>\n<!-- \/ Yoast SEO plugin. -->","yoast_head_json":{"title":"Oreasposa L942 | Koonings","description":"Dieses elfenbeinfarbene Hochzeitskleid von Oreasposa hat eine geschmeidige Silhouette. Das Kleid hat ein tailliertes Mieder mit Spitze und einen geschmeidig flie\u00dfenden Rock. Au\u00dferdem verf\u00fcgt das Kleid \u00fcber einen sch\u00f6nen R\u00fcckenausschnitt mit aufwendigen Kn\u00f6pfen.","robots":{"index":"index","follow":"follow","max-snippet":"max-snippet:-1","max-image-preview":"max-image-preview:large","max-video-preview":"max-video-preview:-1"},"canonical":"https:\/\/www.koonings.com\/de\/product\/oreasposa-l942\/","og_locale":"de_DE","og_type":"article","og_title":"Oreasposa L942 | Koonings","og_description":"Dieses elfenbeinfarbene Hochzeitskleid von Oreasposa hat eine geschmeidige Silhouette. Das Kleid hat ein tailliertes Mieder mit Spitze und einen geschmeidig flie\u00dfenden Rock. Au\u00dferdem verf\u00fcgt das Kleid \u00fcber einen sch\u00f6nen R\u00fcckenausschnitt mit aufwendigen Kn\u00f6pfen.","og_url":"https:\/\/www.koonings.com\/de\/product\/oreasposa-l942\/","og_site_name":"Koonings","article_publisher":"https:\/\/www.facebook.com\/kooningstheweddingpalace","og_image":[{"width":580,"height":821,"url":"https:\/\/www.koonings.com\/wp-content\/uploads\/2024\/11\/26819_eee11870ec234c7591889573654b9b060f1d9a587e0f85009c98d008759ac938fd7115a5.jpeg","type":"image\/jpeg"}],"twitter_card":"summary_large_image","schema":{"@context":"https:\/\/schema.org","@graph":[{"@type":"WebPage","@id":"https:\/\/www.koonings.com\/de\/product\/oreasposa-l942\/","url":"https:\/\/www.koonings.com\/de\/product\/oreasposa-l942\/","name":"Oreasposa L942 | Koonings","isPartOf":{"@id":"https:\/\/www.koonings.com\/de\/#website"},"primaryImageOfPage":{"@id":"https:\/\/www.koonings.com\/de\/product\/oreasposa-l942\/#primaryimage"},"image":{"@id":"https:\/\/www.koonings.com\/de\/product\/oreasposa-l942\/#primaryimage"},"thumbnailUrl":"https:\/\/www.koonings.com\/wp-content\/uploads\/2024\/11\/26819_eee11870ec234c7591889573654b9b060f1d9a587e0f85009c98d008759ac938fd7115a5.jpeg","datePublished":"2026-05-06T13:06:05+00:00","description":"Dieses elfenbeinfarbene Hochzeitskleid von Oreasposa hat eine geschmeidige Silhouette. Das Kleid hat ein tailliertes Mieder mit Spitze und einen geschmeidig flie\u00dfenden Rock. Au\u00dferdem verf\u00fcgt das Kleid \u00fcber einen sch\u00f6nen R\u00fcckenausschnitt mit aufwendigen Kn\u00f6pfen.","breadcrumb":{"@id":"https:\/\/www.koonings.com\/de\/product\/oreasposa-l942\/#breadcrumb"},"inLanguage":"de","potentialAction":[{"@type":"ReadAction","target":["https:\/\/www.koonings.com\/de\/product\/oreasposa-l942\/"]}]},{"@type":"ImageObject","inLanguage":"de","@id":"https:\/\/www.koonings.com\/de\/product\/oreasposa-l942\/#primaryimage","url":"https:\/\/www.koonings.com\/wp-content\/uploads\/2024\/11\/26819_eee11870ec234c7591889573654b9b060f1d9a587e0f85009c98d008759ac938fd7115a5.jpeg","contentUrl":"https:\/\/www.koonings.com\/wp-content\/uploads\/2024\/11\/26819_eee11870ec234c7591889573654b9b060f1d9a587e0f85009c98d008759ac938fd7115a5.jpeg","width":580,"height":821},{"@type":"BreadcrumbList","@id":"https:\/\/www.koonings.com\/de\/product\/oreasposa-l942\/#breadcrumb","itemListElement":[{"@type":"ListItem","position":1,"name":"Home","item":"https:\/\/www.koonings.com\/de\/"},{"@type":"ListItem","position":2,"name":"Oreasposa L942"}]},{"@type":"WebSite","@id":"https:\/\/www.koonings.com\/de\/#website","url":"https:\/\/www.koonings.com\/de\/","name":"Koonings","description":"De grootste bruidsmodewinkel ter wereld","publisher":{"@id":"https:\/\/www.koonings.com\/de\/#organization"},"potentialAction":[{"@type":"SearchAction","target":{"@type":"EntryPoint","urlTemplate":"https:\/\/www.koonings.com\/de\/?s={search_term_string}"},"query-input":{"@type":"PropertyValueSpecification","valueRequired":true,"valueName":"search_term_string"}}],"inLanguage":"de"},{"@type":"Organization","@id":"https:\/\/www.koonings.com\/de\/#organization","name":"Koonings","url":"https:\/\/www.koonings.com\/de\/","logo":{"@type":"ImageObject","inLanguage":"de","@id":"https:\/\/www.koonings.com\/de\/#\/schema\/logo\/image\/","url":"https:\/\/www.koonings.com\/wp-content\/uploads\/2024\/07\/logo.png","contentUrl":"https:\/\/www.koonings.com\/wp-content\/uploads\/2024\/07\/logo.png","width":600,"height":428,"caption":"Koonings"},"image":{"@id":"https:\/\/www.koonings.com\/de\/#\/schema\/logo\/image\/"},"sameAs":["https:\/\/www.facebook.com\/kooningstheweddingpalace","https:\/\/www.instagram.com\/kooningstheweddingpalace","https:\/\/www.pinterest.com\/koonings","https:\/\/www.youtube.com\/kooningstheweddingpalace"]}]}},"_links":{"self":[{"href":"https:\/\/www.koonings.com\/de\/wp-json\/wp\/v2\/product\/32505","targetHints":{"allow":["GET"]}}],"collection":[{"href":"https:\/\/www.koonings.com\/de\/wp-json\/wp\/v2\/product"}],"about":[{"href":"https:\/\/www.koonings.com\/de\/wp-json\/wp\/v2\/types\/product"}],"wp:featuredmedia":[{"embeddable":true,"href":"https:\/\/www.koonings.com\/de\/wp-json\/wp\/v2\/media\/26219"}],"wp:attachment":[{"href":"https:\/\/www.koonings.com\/de\/wp-json\/wp\/v2\/media?parent=32505"}],"wp:term":[{"taxonomy":"productdetails","embeddable":true,"href":"https:\/\/www.koonings.com\/de\/wp-json\/wp\/v2\/productdetails?post=32505"},{"taxonomy":"productneck","embeddable":true,"href":"https:\/\/www.koonings.com\/de\/wp-json\/wp\/v2\/productneck?post=32505"},{"taxonomy":"productcolor","embeddable":true,"href":"https:\/\/www.koonings.com\/de\/wp-json\/wp\/v2\/productcolor?post=32505"},{"taxonomy":"maat","embeddable":true,"href":"https:\/\/www.koonings.com\/de\/wp-json\/wp\/v2\/maat?post=32505"},{"taxonomy":"productsupplier","embeddable":true,"href":"https:\/\/www.koonings.com\/de\/wp-json\/wp\/v2\/productsupplier?post=32505"},{"taxonomy":"productsleeve","embeddable":true,"href":"https:\/\/www.koonings.com\/de\/wp-json\/wp\/v2\/productsleeve?post=32505"},{"taxonomy":"productcategory","embeddable":true,"href":"https:\/\/www.koonings.com\/de\/wp-json\/wp\/v2\/productcategory?post=32505"},{"taxonomy":"productsilhouette","embeddable":true,"href":"https:\/\/www.koonings.com\/de\/wp-json\/wp\/v2\/productsilhouette?post=32505"},{"taxonomy":"productstyle","embeddable":true,"href":"https:\/\/www.koonings.com\/de\/wp-json\/wp\/v2\/productstyle?post=32505"}],"curies":[{"name":"wp","href":"https:\/\/api.w.org\/{rel}","templated":true}]}}