{"id":32444,"date":"2026-04-28T18:06:08","date_gmt":"2026-04-28T16:06:08","guid":{"rendered":"https:\/\/www.koonings.com\/product\/demetrios-destination-romance-dr299t\/"},"modified":"2026-02-16T11:32:19","modified_gmt":"2026-02-16T10:32:19","slug":"demetrios-destination-romance-dr299t","status":"publish","type":"product","link":"https:\/\/www.koonings.com\/de\/product\/demetrios-destination-romance-dr299t\/","title":{"rendered":"Demetrios Reiseziel Romantik DR299T"},"content":{"rendered":"<p>Der Body dieses verf\u00fchrerischen zweiteiligen Ensembles besteht aus schimmernder, bestickter Chantilly-Spitze mit transparenten Akzenten am tiefen Mieder mit V-Ausschnitt und dramatischem tiefem R\u00fccken. Der flie\u00dfende, durchsichtige T\u00fcllrock in A-Linie mit sexy Schlitz hat einen weichen Kapellenausschnitt. Rock: DR311S. Abgebildet: elfenbein\/nude\/natur   <\/p>\n","protected":false},"featured_media":26445,"template":"","meta":{"_acf_changed":false,"ghostkit_customizer_options":"","ghostkit_custom_css":"","ghostkit_custom_js_head":"","ghostkit_custom_js_foot":"","ghostkit_typography":""},"productdetails":[376],"productneck":[354,356],"productcolor":[392],"maat":[],"productsupplier":[404],"productsleeve":[359],"productcategory":[18],"productsilhouette":[391],"productstyle":[366,370],"class_list":["post-32444","product","type-product","status-publish","has-post-thumbnail","hentry","productdetails-376","productneck-354","productneck-356","productcolor-392","productsupplier-demetrios-destination-romance","productsleeve-359","productcategory-trouwjurken","productsilhouette-391","productstyle-366","productstyle-370"],"acf":[],"yoast_head":"<!-- This site is optimized with the Yoast SEO plugin v27.3 - https:\/\/yoast.com\/product\/yoast-seo-wordpress\/ -->\n<title>Demetrios Reiseziel Romantik DR299T | Koonings<\/title>\n<meta name=\"description\" content=\"Der Body dieses verf\u00fchrerischen zweiteiligen Ensembles besteht aus schimmernder, bestickter Chantilly-Spitze mit transparenten Akzenten am tiefen Mieder mit V-Ausschnitt und dramatischem tiefem R\u00fccken. Der flie\u00dfende, durchsichtige T\u00fcllrock in A-Linie mit sexy Schlitz hat einen weichen Kapellenausschnitt. Rock: DR311S. Abgebildet: elfenbein\/nude\/natur\" \/>\n<meta name=\"robots\" content=\"index, follow, max-snippet:-1, max-image-preview:large, max-video-preview:-1\" \/>\n<link rel=\"canonical\" href=\"https:\/\/www.koonings.com\/de\/product\/demetrios-destination-romance-dr299t\/\" \/>\n<meta property=\"og:locale\" content=\"de_DE\" \/>\n<meta property=\"og:type\" content=\"article\" \/>\n<meta property=\"og:title\" content=\"Demetrios Reiseziel Romantik DR299T | Koonings\" \/>\n<meta property=\"og:description\" content=\"Der Body dieses verf\u00fchrerischen zweiteiligen Ensembles besteht aus schimmernder, bestickter Chantilly-Spitze mit transparenten Akzenten am tiefen Mieder mit V-Ausschnitt und dramatischem tiefem R\u00fccken. Der flie\u00dfende, durchsichtige T\u00fcllrock in A-Linie mit sexy Schlitz hat einen weichen Kapellenausschnitt. Rock: DR311S. Abgebildet: elfenbein\/nude\/natur\" \/>\n<meta property=\"og:url\" content=\"https:\/\/www.koonings.com\/de\/product\/demetrios-destination-romance-dr299t\/\" \/>\n<meta property=\"og:site_name\" content=\"Koonings\" \/>\n<meta property=\"article:publisher\" content=\"https:\/\/www.facebook.com\/kooningstheweddingpalace\" \/>\n<meta property=\"og:image\" content=\"https:\/\/www.koonings.com\/wp-content\/uploads\/2024\/11\/26874_ab430bf3238d74d02f1a613d8fba8671265fd2b8e7212a3b0807c8ed69c28f517c2e0e59.jpeg\" \/>\n\t<meta property=\"og:image:width\" content=\"791\" \/>\n\t<meta property=\"og:image:height\" content=\"1000\" \/>\n\t<meta property=\"og:image:type\" content=\"image\/jpeg\" \/>\n<meta name=\"twitter:card\" content=\"summary_large_image\" \/>\n<script type=\"application\/ld+json\" class=\"yoast-schema-graph\">{\"@context\":\"https:\\\/\\\/schema.org\",\"@graph\":[{\"@type\":\"WebPage\",\"@id\":\"https:\\\/\\\/www.koonings.com\\\/de\\\/product\\\/demetrios-destination-romance-dr299t\\\/\",\"url\":\"https:\\\/\\\/www.koonings.com\\\/de\\\/product\\\/demetrios-destination-romance-dr299t\\\/\",\"name\":\"Demetrios Reiseziel Romantik DR299T | Koonings\",\"isPartOf\":{\"@id\":\"https:\\\/\\\/www.koonings.com\\\/de\\\/#website\"},\"primaryImageOfPage\":{\"@id\":\"https:\\\/\\\/www.koonings.com\\\/de\\\/product\\\/demetrios-destination-romance-dr299t\\\/#primaryimage\"},\"image\":{\"@id\":\"https:\\\/\\\/www.koonings.com\\\/de\\\/product\\\/demetrios-destination-romance-dr299t\\\/#primaryimage\"},\"thumbnailUrl\":\"https:\\\/\\\/www.koonings.com\\\/wp-content\\\/uploads\\\/2024\\\/11\\\/26874_ab430bf3238d74d02f1a613d8fba8671265fd2b8e7212a3b0807c8ed69c28f517c2e0e59.jpeg\",\"datePublished\":\"2026-04-28T16:06:08+00:00\",\"description\":\"Der Body dieses verf\u00fchrerischen zweiteiligen Ensembles besteht aus schimmernder, bestickter Chantilly-Spitze mit transparenten Akzenten am tiefen Mieder mit V-Ausschnitt und dramatischem tiefem R\u00fccken. Der flie\u00dfende, durchsichtige T\u00fcllrock in A-Linie mit sexy Schlitz hat einen weichen Kapellenausschnitt. Rock: DR311S. Abgebildet: elfenbein\\\/nude\\\/natur\",\"breadcrumb\":{\"@id\":\"https:\\\/\\\/www.koonings.com\\\/de\\\/product\\\/demetrios-destination-romance-dr299t\\\/#breadcrumb\"},\"inLanguage\":\"de\",\"potentialAction\":[{\"@type\":\"ReadAction\",\"target\":[\"https:\\\/\\\/www.koonings.com\\\/de\\\/product\\\/demetrios-destination-romance-dr299t\\\/\"]}]},{\"@type\":\"ImageObject\",\"inLanguage\":\"de\",\"@id\":\"https:\\\/\\\/www.koonings.com\\\/de\\\/product\\\/demetrios-destination-romance-dr299t\\\/#primaryimage\",\"url\":\"https:\\\/\\\/www.koonings.com\\\/wp-content\\\/uploads\\\/2024\\\/11\\\/26874_ab430bf3238d74d02f1a613d8fba8671265fd2b8e7212a3b0807c8ed69c28f517c2e0e59.jpeg\",\"contentUrl\":\"https:\\\/\\\/www.koonings.com\\\/wp-content\\\/uploads\\\/2024\\\/11\\\/26874_ab430bf3238d74d02f1a613d8fba8671265fd2b8e7212a3b0807c8ed69c28f517c2e0e59.jpeg\",\"width\":791,\"height\":1000},{\"@type\":\"BreadcrumbList\",\"@id\":\"https:\\\/\\\/www.koonings.com\\\/de\\\/product\\\/demetrios-destination-romance-dr299t\\\/#breadcrumb\",\"itemListElement\":[{\"@type\":\"ListItem\",\"position\":1,\"name\":\"Home\",\"item\":\"https:\\\/\\\/www.koonings.com\\\/de\\\/\"},{\"@type\":\"ListItem\",\"position\":2,\"name\":\"Demetrios Reiseziel Romantik DR299T\"}]},{\"@type\":\"WebSite\",\"@id\":\"https:\\\/\\\/www.koonings.com\\\/de\\\/#website\",\"url\":\"https:\\\/\\\/www.koonings.com\\\/de\\\/\",\"name\":\"Koonings\",\"description\":\"De grootste bruidsmodewinkel ter wereld\",\"publisher\":{\"@id\":\"https:\\\/\\\/www.koonings.com\\\/de\\\/#organization\"},\"potentialAction\":[{\"@type\":\"SearchAction\",\"target\":{\"@type\":\"EntryPoint\",\"urlTemplate\":\"https:\\\/\\\/www.koonings.com\\\/de\\\/?s={search_term_string}\"},\"query-input\":{\"@type\":\"PropertyValueSpecification\",\"valueRequired\":true,\"valueName\":\"search_term_string\"}}],\"inLanguage\":\"de\"},{\"@type\":\"Organization\",\"@id\":\"https:\\\/\\\/www.koonings.com\\\/de\\\/#organization\",\"name\":\"Koonings\",\"url\":\"https:\\\/\\\/www.koonings.com\\\/de\\\/\",\"logo\":{\"@type\":\"ImageObject\",\"inLanguage\":\"de\",\"@id\":\"https:\\\/\\\/www.koonings.com\\\/de\\\/#\\\/schema\\\/logo\\\/image\\\/\",\"url\":\"https:\\\/\\\/www.koonings.com\\\/wp-content\\\/uploads\\\/2024\\\/07\\\/logo.png\",\"contentUrl\":\"https:\\\/\\\/www.koonings.com\\\/wp-content\\\/uploads\\\/2024\\\/07\\\/logo.png\",\"width\":600,\"height\":428,\"caption\":\"Koonings\"},\"image\":{\"@id\":\"https:\\\/\\\/www.koonings.com\\\/de\\\/#\\\/schema\\\/logo\\\/image\\\/\"},\"sameAs\":[\"https:\\\/\\\/www.facebook.com\\\/kooningstheweddingpalace\",\"https:\\\/\\\/www.instagram.com\\\/kooningstheweddingpalace\",\"https:\\\/\\\/www.pinterest.com\\\/koonings\",\"https:\\\/\\\/www.youtube.com\\\/kooningstheweddingpalace\"]}]}<\/script>\n<!-- \/ Yoast SEO plugin. -->","yoast_head_json":{"title":"Demetrios Reiseziel Romantik DR299T | Koonings","description":"Der Body dieses verf\u00fchrerischen zweiteiligen Ensembles besteht aus schimmernder, bestickter Chantilly-Spitze mit transparenten Akzenten am tiefen Mieder mit V-Ausschnitt und dramatischem tiefem R\u00fccken. Der flie\u00dfende, durchsichtige T\u00fcllrock in A-Linie mit sexy Schlitz hat einen weichen Kapellenausschnitt. Rock: DR311S. Abgebildet: elfenbein\/nude\/natur","robots":{"index":"index","follow":"follow","max-snippet":"max-snippet:-1","max-image-preview":"max-image-preview:large","max-video-preview":"max-video-preview:-1"},"canonical":"https:\/\/www.koonings.com\/de\/product\/demetrios-destination-romance-dr299t\/","og_locale":"de_DE","og_type":"article","og_title":"Demetrios Reiseziel Romantik DR299T | Koonings","og_description":"Der Body dieses verf\u00fchrerischen zweiteiligen Ensembles besteht aus schimmernder, bestickter Chantilly-Spitze mit transparenten Akzenten am tiefen Mieder mit V-Ausschnitt und dramatischem tiefem R\u00fccken. Der flie\u00dfende, durchsichtige T\u00fcllrock in A-Linie mit sexy Schlitz hat einen weichen Kapellenausschnitt. Rock: DR311S. Abgebildet: elfenbein\/nude\/natur","og_url":"https:\/\/www.koonings.com\/de\/product\/demetrios-destination-romance-dr299t\/","og_site_name":"Koonings","article_publisher":"https:\/\/www.facebook.com\/kooningstheweddingpalace","og_image":[{"width":791,"height":1000,"url":"https:\/\/www.koonings.com\/wp-content\/uploads\/2024\/11\/26874_ab430bf3238d74d02f1a613d8fba8671265fd2b8e7212a3b0807c8ed69c28f517c2e0e59.jpeg","type":"image\/jpeg"}],"twitter_card":"summary_large_image","schema":{"@context":"https:\/\/schema.org","@graph":[{"@type":"WebPage","@id":"https:\/\/www.koonings.com\/de\/product\/demetrios-destination-romance-dr299t\/","url":"https:\/\/www.koonings.com\/de\/product\/demetrios-destination-romance-dr299t\/","name":"Demetrios Reiseziel Romantik DR299T | Koonings","isPartOf":{"@id":"https:\/\/www.koonings.com\/de\/#website"},"primaryImageOfPage":{"@id":"https:\/\/www.koonings.com\/de\/product\/demetrios-destination-romance-dr299t\/#primaryimage"},"image":{"@id":"https:\/\/www.koonings.com\/de\/product\/demetrios-destination-romance-dr299t\/#primaryimage"},"thumbnailUrl":"https:\/\/www.koonings.com\/wp-content\/uploads\/2024\/11\/26874_ab430bf3238d74d02f1a613d8fba8671265fd2b8e7212a3b0807c8ed69c28f517c2e0e59.jpeg","datePublished":"2026-04-28T16:06:08+00:00","description":"Der Body dieses verf\u00fchrerischen zweiteiligen Ensembles besteht aus schimmernder, bestickter Chantilly-Spitze mit transparenten Akzenten am tiefen Mieder mit V-Ausschnitt und dramatischem tiefem R\u00fccken. Der flie\u00dfende, durchsichtige T\u00fcllrock in A-Linie mit sexy Schlitz hat einen weichen Kapellenausschnitt. Rock: DR311S. Abgebildet: elfenbein\/nude\/natur","breadcrumb":{"@id":"https:\/\/www.koonings.com\/de\/product\/demetrios-destination-romance-dr299t\/#breadcrumb"},"inLanguage":"de","potentialAction":[{"@type":"ReadAction","target":["https:\/\/www.koonings.com\/de\/product\/demetrios-destination-romance-dr299t\/"]}]},{"@type":"ImageObject","inLanguage":"de","@id":"https:\/\/www.koonings.com\/de\/product\/demetrios-destination-romance-dr299t\/#primaryimage","url":"https:\/\/www.koonings.com\/wp-content\/uploads\/2024\/11\/26874_ab430bf3238d74d02f1a613d8fba8671265fd2b8e7212a3b0807c8ed69c28f517c2e0e59.jpeg","contentUrl":"https:\/\/www.koonings.com\/wp-content\/uploads\/2024\/11\/26874_ab430bf3238d74d02f1a613d8fba8671265fd2b8e7212a3b0807c8ed69c28f517c2e0e59.jpeg","width":791,"height":1000},{"@type":"BreadcrumbList","@id":"https:\/\/www.koonings.com\/de\/product\/demetrios-destination-romance-dr299t\/#breadcrumb","itemListElement":[{"@type":"ListItem","position":1,"name":"Home","item":"https:\/\/www.koonings.com\/de\/"},{"@type":"ListItem","position":2,"name":"Demetrios Reiseziel Romantik DR299T"}]},{"@type":"WebSite","@id":"https:\/\/www.koonings.com\/de\/#website","url":"https:\/\/www.koonings.com\/de\/","name":"Koonings","description":"De grootste bruidsmodewinkel ter wereld","publisher":{"@id":"https:\/\/www.koonings.com\/de\/#organization"},"potentialAction":[{"@type":"SearchAction","target":{"@type":"EntryPoint","urlTemplate":"https:\/\/www.koonings.com\/de\/?s={search_term_string}"},"query-input":{"@type":"PropertyValueSpecification","valueRequired":true,"valueName":"search_term_string"}}],"inLanguage":"de"},{"@type":"Organization","@id":"https:\/\/www.koonings.com\/de\/#organization","name":"Koonings","url":"https:\/\/www.koonings.com\/de\/","logo":{"@type":"ImageObject","inLanguage":"de","@id":"https:\/\/www.koonings.com\/de\/#\/schema\/logo\/image\/","url":"https:\/\/www.koonings.com\/wp-content\/uploads\/2024\/07\/logo.png","contentUrl":"https:\/\/www.koonings.com\/wp-content\/uploads\/2024\/07\/logo.png","width":600,"height":428,"caption":"Koonings"},"image":{"@id":"https:\/\/www.koonings.com\/de\/#\/schema\/logo\/image\/"},"sameAs":["https:\/\/www.facebook.com\/kooningstheweddingpalace","https:\/\/www.instagram.com\/kooningstheweddingpalace","https:\/\/www.pinterest.com\/koonings","https:\/\/www.youtube.com\/kooningstheweddingpalace"]}]}},"_links":{"self":[{"href":"https:\/\/www.koonings.com\/de\/wp-json\/wp\/v2\/product\/32444","targetHints":{"allow":["GET"]}}],"collection":[{"href":"https:\/\/www.koonings.com\/de\/wp-json\/wp\/v2\/product"}],"about":[{"href":"https:\/\/www.koonings.com\/de\/wp-json\/wp\/v2\/types\/product"}],"wp:featuredmedia":[{"embeddable":true,"href":"https:\/\/www.koonings.com\/de\/wp-json\/wp\/v2\/media\/26445"}],"wp:attachment":[{"href":"https:\/\/www.koonings.com\/de\/wp-json\/wp\/v2\/media?parent=32444"}],"wp:term":[{"taxonomy":"productdetails","embeddable":true,"href":"https:\/\/www.koonings.com\/de\/wp-json\/wp\/v2\/productdetails?post=32444"},{"taxonomy":"productneck","embeddable":true,"href":"https:\/\/www.koonings.com\/de\/wp-json\/wp\/v2\/productneck?post=32444"},{"taxonomy":"productcolor","embeddable":true,"href":"https:\/\/www.koonings.com\/de\/wp-json\/wp\/v2\/productcolor?post=32444"},{"taxonomy":"maat","embeddable":true,"href":"https:\/\/www.koonings.com\/de\/wp-json\/wp\/v2\/maat?post=32444"},{"taxonomy":"productsupplier","embeddable":true,"href":"https:\/\/www.koonings.com\/de\/wp-json\/wp\/v2\/productsupplier?post=32444"},{"taxonomy":"productsleeve","embeddable":true,"href":"https:\/\/www.koonings.com\/de\/wp-json\/wp\/v2\/productsleeve?post=32444"},{"taxonomy":"productcategory","embeddable":true,"href":"https:\/\/www.koonings.com\/de\/wp-json\/wp\/v2\/productcategory?post=32444"},{"taxonomy":"productsilhouette","embeddable":true,"href":"https:\/\/www.koonings.com\/de\/wp-json\/wp\/v2\/productsilhouette?post=32444"},{"taxonomy":"productstyle","embeddable":true,"href":"https:\/\/www.koonings.com\/de\/wp-json\/wp\/v2\/productstyle?post=32444"}],"curies":[{"name":"wp","href":"https:\/\/api.w.org\/{rel}","templated":true}]}}