{"id":32396,"date":"2025-12-15T00:02:17","date_gmt":"2025-12-14T23:02:17","guid":{"rendered":"https:\/\/www.koonings.com\/product\/two-by-rosa-clara-octopus\/"},"modified":"2026-02-02T14:26:26","modified_gmt":"2026-02-02T13:26:26","slug":"two-by-rosa-clara-octopus","status":"publish","type":"product","link":"https:\/\/www.koonings.com\/de\/product\/two-by-rosa-clara-octopus\/","title":{"rendered":"Zwei von Rosa Clara Octopus"},"content":{"rendered":"<p>Octopus ist ein bezauberndes Hochzeitskleid, das pure Eleganz und Raffinesse ausstrahlt. Das aus Spanien stammende Design verbindet moderne Linien mit klassischem Charme und macht das Kleid zeitlos und modern zugleich. Die zarte Verwendung von luxuri\u00f6sen Stoffen und subtilen Details schafft ein perfektes Gleichgewicht zwischen Schlichtheit und Raffinesse. Das Octopus Kleid hat eine wundersch\u00f6ne Silhouette, die weibliche Formen auf sanfte und raffinierte Weise betont, w\u00e4hrend das minimalistische Design einen eleganten Look erm\u00f6glicht. Dieses Kleid ist ideal f\u00fcr die Braut, die nach einem stilvollen, schicken und modernen Look f\u00fcr ihren gro\u00dfen Tag sucht. Exklusiv bei Koonings The Wedding Palace erh\u00e4ltlich, ist dieses Kleid eine wunderbare Wahl f\u00fcr die Braut, die etwas Besonderes und Einzigartiges sucht.     <\/p>\n","protected":false},"featured_media":63375,"template":"","meta":{"_acf_changed":false,"ghostkit_customizer_options":"","ghostkit_custom_css":"","ghostkit_custom_js_head":"","ghostkit_custom_js_foot":"","ghostkit_typography":""},"productdetails":[381],"productneck":[354,355],"productcolor":[392],"maat":[],"productsupplier":[397],"productsleeve":[],"productcategory":[18],"productsilhouette":[388],"productstyle":[372,366],"class_list":["post-32396","product","type-product","status-publish","has-post-thumbnail","hentry","productdetails-381","productneck-354","productneck-355","productcolor-392","productsupplier-two-by-rosa-clara","productcategory-trouwjurken","productsilhouette-388","productstyle-372","productstyle-366"],"acf":[],"yoast_head":"<!-- This site is optimized with the Yoast SEO plugin v27.3 - https:\/\/yoast.com\/product\/yoast-seo-wordpress\/ -->\n<title>Zwei von Rosa Clara Octopus | Koonings<\/title>\n<meta name=\"description\" content=\"Octopus ist ein bezauberndes Hochzeitskleid, das pure Eleganz und Raffinesse ausstrahlt. Das aus Spanien stammende Design verbindet moderne Linien mit klassischem Charme und macht das Kleid zeitlos und modern zugleich. Die zarte Verwendung von luxuri\u00f6sen Stoffen und subtilen Details schafft ein perfektes Gleichgewicht zwischen Schlichtheit und Raffinesse. Das Octopus Kleid hat eine wundersch\u00f6ne Silhouette, die weibliche Formen auf sanfte und raffinierte Weise betont, w\u00e4hrend das minimalistische Design einen eleganten Look erm\u00f6glicht. Dieses Kleid ist ideal f\u00fcr die Braut, die nach einem stilvollen, schicken und modernen Look f\u00fcr ihren gro\u00dfen Tag sucht. Exklusiv bei Koonings The Wedding Palace erh\u00e4ltlich, ist dieses Kleid eine wunderbare Wahl f\u00fcr die Braut, die etwas Besonderes und Einzigartiges sucht.\" \/>\n<meta name=\"robots\" content=\"index, follow, max-snippet:-1, max-image-preview:large, max-video-preview:-1\" \/>\n<link rel=\"canonical\" href=\"https:\/\/www.koonings.com\/de\/product\/two-by-rosa-clara-octopus\/\" \/>\n<meta property=\"og:locale\" content=\"de_DE\" \/>\n<meta property=\"og:type\" content=\"article\" \/>\n<meta property=\"og:title\" content=\"Zwei von Rosa Clara Octopus | Koonings\" \/>\n<meta property=\"og:description\" content=\"Octopus ist ein bezauberndes Hochzeitskleid, das pure Eleganz und Raffinesse ausstrahlt. Das aus Spanien stammende Design verbindet moderne Linien mit klassischem Charme und macht das Kleid zeitlos und modern zugleich. Die zarte Verwendung von luxuri\u00f6sen Stoffen und subtilen Details schafft ein perfektes Gleichgewicht zwischen Schlichtheit und Raffinesse. Das Octopus Kleid hat eine wundersch\u00f6ne Silhouette, die weibliche Formen auf sanfte und raffinierte Weise betont, w\u00e4hrend das minimalistische Design einen eleganten Look erm\u00f6glicht. Dieses Kleid ist ideal f\u00fcr die Braut, die nach einem stilvollen, schicken und modernen Look f\u00fcr ihren gro\u00dfen Tag sucht. Exklusiv bei Koonings The Wedding Palace erh\u00e4ltlich, ist dieses Kleid eine wunderbare Wahl f\u00fcr die Braut, die etwas Besonderes und Einzigartiges sucht.\" \/>\n<meta property=\"og:url\" content=\"https:\/\/www.koonings.com\/de\/product\/two-by-rosa-clara-octopus\/\" \/>\n<meta property=\"og:site_name\" content=\"Koonings\" \/>\n<meta property=\"article:publisher\" content=\"https:\/\/www.facebook.com\/kooningstheweddingpalace\" \/>\n<meta property=\"article:modified_time\" content=\"2026-02-02T13:26:26+00:00\" \/>\n<meta property=\"og:image\" content=\"https:\/\/www.koonings.com\/wp-content\/uploads\/2024\/11\/122_9a674065c1043c37ac67a47f0e6f5120165a680d9abeaaf156168ae4cdd90e32fc8f47d8-scaled.jpeg\" \/>\n\t<meta property=\"og:image:width\" content=\"1984\" \/>\n\t<meta property=\"og:image:height\" content=\"2560\" \/>\n\t<meta property=\"og:image:type\" content=\"image\/jpeg\" \/>\n<meta name=\"twitter:card\" content=\"summary_large_image\" \/>\n<meta name=\"twitter:label1\" content=\"Gesch\u00e4tzte Lesezeit\" \/>\n\t<meta name=\"twitter:data1\" content=\"1\u00a0Minute\" \/>\n<script type=\"application\/ld+json\" class=\"yoast-schema-graph\">{\"@context\":\"https:\\\/\\\/schema.org\",\"@graph\":[{\"@type\":\"WebPage\",\"@id\":\"https:\\\/\\\/www.koonings.com\\\/de\\\/product\\\/two-by-rosa-clara-octopus\\\/\",\"url\":\"https:\\\/\\\/www.koonings.com\\\/de\\\/product\\\/two-by-rosa-clara-octopus\\\/\",\"name\":\"Zwei von Rosa Clara Octopus | Koonings\",\"isPartOf\":{\"@id\":\"https:\\\/\\\/www.koonings.com\\\/de\\\/#website\"},\"primaryImageOfPage\":{\"@id\":\"https:\\\/\\\/www.koonings.com\\\/de\\\/product\\\/two-by-rosa-clara-octopus\\\/#primaryimage\"},\"image\":{\"@id\":\"https:\\\/\\\/www.koonings.com\\\/de\\\/product\\\/two-by-rosa-clara-octopus\\\/#primaryimage\"},\"thumbnailUrl\":\"https:\\\/\\\/www.koonings.com\\\/wp-content\\\/uploads\\\/2024\\\/11\\\/122_9a674065c1043c37ac67a47f0e6f5120165a680d9abeaaf156168ae4cdd90e32fc8f47d8-scaled.jpeg\",\"datePublished\":\"2025-12-14T23:02:17+00:00\",\"dateModified\":\"2026-02-02T13:26:26+00:00\",\"description\":\"Octopus ist ein bezauberndes Hochzeitskleid, das pure Eleganz und Raffinesse ausstrahlt. Das aus Spanien stammende Design verbindet moderne Linien mit klassischem Charme und macht das Kleid zeitlos und modern zugleich. Die zarte Verwendung von luxuri\u00f6sen Stoffen und subtilen Details schafft ein perfektes Gleichgewicht zwischen Schlichtheit und Raffinesse. Das Octopus Kleid hat eine wundersch\u00f6ne Silhouette, die weibliche Formen auf sanfte und raffinierte Weise betont, w\u00e4hrend das minimalistische Design einen eleganten Look erm\u00f6glicht. Dieses Kleid ist ideal f\u00fcr die Braut, die nach einem stilvollen, schicken und modernen Look f\u00fcr ihren gro\u00dfen Tag sucht. Exklusiv bei Koonings The Wedding Palace erh\u00e4ltlich, ist dieses Kleid eine wunderbare Wahl f\u00fcr die Braut, die etwas Besonderes und Einzigartiges sucht.\",\"breadcrumb\":{\"@id\":\"https:\\\/\\\/www.koonings.com\\\/de\\\/product\\\/two-by-rosa-clara-octopus\\\/#breadcrumb\"},\"inLanguage\":\"de\",\"potentialAction\":[{\"@type\":\"ReadAction\",\"target\":[\"https:\\\/\\\/www.koonings.com\\\/de\\\/product\\\/two-by-rosa-clara-octopus\\\/\"]}]},{\"@type\":\"ImageObject\",\"inLanguage\":\"de\",\"@id\":\"https:\\\/\\\/www.koonings.com\\\/de\\\/product\\\/two-by-rosa-clara-octopus\\\/#primaryimage\",\"url\":\"https:\\\/\\\/www.koonings.com\\\/wp-content\\\/uploads\\\/2024\\\/11\\\/122_9a674065c1043c37ac67a47f0e6f5120165a680d9abeaaf156168ae4cdd90e32fc8f47d8-scaled.jpeg\",\"contentUrl\":\"https:\\\/\\\/www.koonings.com\\\/wp-content\\\/uploads\\\/2024\\\/11\\\/122_9a674065c1043c37ac67a47f0e6f5120165a680d9abeaaf156168ae4cdd90e32fc8f47d8-scaled.jpeg\",\"width\":1984,\"height\":2560},{\"@type\":\"BreadcrumbList\",\"@id\":\"https:\\\/\\\/www.koonings.com\\\/de\\\/product\\\/two-by-rosa-clara-octopus\\\/#breadcrumb\",\"itemListElement\":[{\"@type\":\"ListItem\",\"position\":1,\"name\":\"Home\",\"item\":\"https:\\\/\\\/www.koonings.com\\\/de\\\/\"},{\"@type\":\"ListItem\",\"position\":2,\"name\":\"Zwei von Rosa Clara Octopus\"}]},{\"@type\":\"WebSite\",\"@id\":\"https:\\\/\\\/www.koonings.com\\\/de\\\/#website\",\"url\":\"https:\\\/\\\/www.koonings.com\\\/de\\\/\",\"name\":\"Koonings\",\"description\":\"De grootste bruidsmodewinkel ter wereld\",\"publisher\":{\"@id\":\"https:\\\/\\\/www.koonings.com\\\/de\\\/#organization\"},\"potentialAction\":[{\"@type\":\"SearchAction\",\"target\":{\"@type\":\"EntryPoint\",\"urlTemplate\":\"https:\\\/\\\/www.koonings.com\\\/de\\\/?s={search_term_string}\"},\"query-input\":{\"@type\":\"PropertyValueSpecification\",\"valueRequired\":true,\"valueName\":\"search_term_string\"}}],\"inLanguage\":\"de\"},{\"@type\":\"Organization\",\"@id\":\"https:\\\/\\\/www.koonings.com\\\/de\\\/#organization\",\"name\":\"Koonings\",\"url\":\"https:\\\/\\\/www.koonings.com\\\/de\\\/\",\"logo\":{\"@type\":\"ImageObject\",\"inLanguage\":\"de\",\"@id\":\"https:\\\/\\\/www.koonings.com\\\/de\\\/#\\\/schema\\\/logo\\\/image\\\/\",\"url\":\"https:\\\/\\\/www.koonings.com\\\/wp-content\\\/uploads\\\/2024\\\/07\\\/logo.png\",\"contentUrl\":\"https:\\\/\\\/www.koonings.com\\\/wp-content\\\/uploads\\\/2024\\\/07\\\/logo.png\",\"width\":600,\"height\":428,\"caption\":\"Koonings\"},\"image\":{\"@id\":\"https:\\\/\\\/www.koonings.com\\\/de\\\/#\\\/schema\\\/logo\\\/image\\\/\"},\"sameAs\":[\"https:\\\/\\\/www.facebook.com\\\/kooningstheweddingpalace\",\"https:\\\/\\\/www.instagram.com\\\/kooningstheweddingpalace\",\"https:\\\/\\\/www.pinterest.com\\\/koonings\",\"https:\\\/\\\/www.youtube.com\\\/kooningstheweddingpalace\"]}]}<\/script>\n<!-- \/ Yoast SEO plugin. -->","yoast_head_json":{"title":"Zwei von Rosa Clara Octopus | Koonings","description":"Octopus ist ein bezauberndes Hochzeitskleid, das pure Eleganz und Raffinesse ausstrahlt. Das aus Spanien stammende Design verbindet moderne Linien mit klassischem Charme und macht das Kleid zeitlos und modern zugleich. Die zarte Verwendung von luxuri\u00f6sen Stoffen und subtilen Details schafft ein perfektes Gleichgewicht zwischen Schlichtheit und Raffinesse. Das Octopus Kleid hat eine wundersch\u00f6ne Silhouette, die weibliche Formen auf sanfte und raffinierte Weise betont, w\u00e4hrend das minimalistische Design einen eleganten Look erm\u00f6glicht. Dieses Kleid ist ideal f\u00fcr die Braut, die nach einem stilvollen, schicken und modernen Look f\u00fcr ihren gro\u00dfen Tag sucht. Exklusiv bei Koonings The Wedding Palace erh\u00e4ltlich, ist dieses Kleid eine wunderbare Wahl f\u00fcr die Braut, die etwas Besonderes und Einzigartiges sucht.","robots":{"index":"index","follow":"follow","max-snippet":"max-snippet:-1","max-image-preview":"max-image-preview:large","max-video-preview":"max-video-preview:-1"},"canonical":"https:\/\/www.koonings.com\/de\/product\/two-by-rosa-clara-octopus\/","og_locale":"de_DE","og_type":"article","og_title":"Zwei von Rosa Clara Octopus | Koonings","og_description":"Octopus ist ein bezauberndes Hochzeitskleid, das pure Eleganz und Raffinesse ausstrahlt. Das aus Spanien stammende Design verbindet moderne Linien mit klassischem Charme und macht das Kleid zeitlos und modern zugleich. Die zarte Verwendung von luxuri\u00f6sen Stoffen und subtilen Details schafft ein perfektes Gleichgewicht zwischen Schlichtheit und Raffinesse. Das Octopus Kleid hat eine wundersch\u00f6ne Silhouette, die weibliche Formen auf sanfte und raffinierte Weise betont, w\u00e4hrend das minimalistische Design einen eleganten Look erm\u00f6glicht. Dieses Kleid ist ideal f\u00fcr die Braut, die nach einem stilvollen, schicken und modernen Look f\u00fcr ihren gro\u00dfen Tag sucht. Exklusiv bei Koonings The Wedding Palace erh\u00e4ltlich, ist dieses Kleid eine wunderbare Wahl f\u00fcr die Braut, die etwas Besonderes und Einzigartiges sucht.","og_url":"https:\/\/www.koonings.com\/de\/product\/two-by-rosa-clara-octopus\/","og_site_name":"Koonings","article_publisher":"https:\/\/www.facebook.com\/kooningstheweddingpalace","article_modified_time":"2026-02-02T13:26:26+00:00","og_image":[{"width":1984,"height":2560,"url":"https:\/\/www.koonings.com\/wp-content\/uploads\/2024\/11\/122_9a674065c1043c37ac67a47f0e6f5120165a680d9abeaaf156168ae4cdd90e32fc8f47d8-scaled.jpeg","type":"image\/jpeg"}],"twitter_card":"summary_large_image","twitter_misc":{"Gesch\u00e4tzte Lesezeit":"1\u00a0Minute"},"schema":{"@context":"https:\/\/schema.org","@graph":[{"@type":"WebPage","@id":"https:\/\/www.koonings.com\/de\/product\/two-by-rosa-clara-octopus\/","url":"https:\/\/www.koonings.com\/de\/product\/two-by-rosa-clara-octopus\/","name":"Zwei von Rosa Clara Octopus | Koonings","isPartOf":{"@id":"https:\/\/www.koonings.com\/de\/#website"},"primaryImageOfPage":{"@id":"https:\/\/www.koonings.com\/de\/product\/two-by-rosa-clara-octopus\/#primaryimage"},"image":{"@id":"https:\/\/www.koonings.com\/de\/product\/two-by-rosa-clara-octopus\/#primaryimage"},"thumbnailUrl":"https:\/\/www.koonings.com\/wp-content\/uploads\/2024\/11\/122_9a674065c1043c37ac67a47f0e6f5120165a680d9abeaaf156168ae4cdd90e32fc8f47d8-scaled.jpeg","datePublished":"2025-12-14T23:02:17+00:00","dateModified":"2026-02-02T13:26:26+00:00","description":"Octopus ist ein bezauberndes Hochzeitskleid, das pure Eleganz und Raffinesse ausstrahlt. Das aus Spanien stammende Design verbindet moderne Linien mit klassischem Charme und macht das Kleid zeitlos und modern zugleich. Die zarte Verwendung von luxuri\u00f6sen Stoffen und subtilen Details schafft ein perfektes Gleichgewicht zwischen Schlichtheit und Raffinesse. Das Octopus Kleid hat eine wundersch\u00f6ne Silhouette, die weibliche Formen auf sanfte und raffinierte Weise betont, w\u00e4hrend das minimalistische Design einen eleganten Look erm\u00f6glicht. Dieses Kleid ist ideal f\u00fcr die Braut, die nach einem stilvollen, schicken und modernen Look f\u00fcr ihren gro\u00dfen Tag sucht. Exklusiv bei Koonings The Wedding Palace erh\u00e4ltlich, ist dieses Kleid eine wunderbare Wahl f\u00fcr die Braut, die etwas Besonderes und Einzigartiges sucht.","breadcrumb":{"@id":"https:\/\/www.koonings.com\/de\/product\/two-by-rosa-clara-octopus\/#breadcrumb"},"inLanguage":"de","potentialAction":[{"@type":"ReadAction","target":["https:\/\/www.koonings.com\/de\/product\/two-by-rosa-clara-octopus\/"]}]},{"@type":"ImageObject","inLanguage":"de","@id":"https:\/\/www.koonings.com\/de\/product\/two-by-rosa-clara-octopus\/#primaryimage","url":"https:\/\/www.koonings.com\/wp-content\/uploads\/2024\/11\/122_9a674065c1043c37ac67a47f0e6f5120165a680d9abeaaf156168ae4cdd90e32fc8f47d8-scaled.jpeg","contentUrl":"https:\/\/www.koonings.com\/wp-content\/uploads\/2024\/11\/122_9a674065c1043c37ac67a47f0e6f5120165a680d9abeaaf156168ae4cdd90e32fc8f47d8-scaled.jpeg","width":1984,"height":2560},{"@type":"BreadcrumbList","@id":"https:\/\/www.koonings.com\/de\/product\/two-by-rosa-clara-octopus\/#breadcrumb","itemListElement":[{"@type":"ListItem","position":1,"name":"Home","item":"https:\/\/www.koonings.com\/de\/"},{"@type":"ListItem","position":2,"name":"Zwei von Rosa Clara Octopus"}]},{"@type":"WebSite","@id":"https:\/\/www.koonings.com\/de\/#website","url":"https:\/\/www.koonings.com\/de\/","name":"Koonings","description":"De grootste bruidsmodewinkel ter wereld","publisher":{"@id":"https:\/\/www.koonings.com\/de\/#organization"},"potentialAction":[{"@type":"SearchAction","target":{"@type":"EntryPoint","urlTemplate":"https:\/\/www.koonings.com\/de\/?s={search_term_string}"},"query-input":{"@type":"PropertyValueSpecification","valueRequired":true,"valueName":"search_term_string"}}],"inLanguage":"de"},{"@type":"Organization","@id":"https:\/\/www.koonings.com\/de\/#organization","name":"Koonings","url":"https:\/\/www.koonings.com\/de\/","logo":{"@type":"ImageObject","inLanguage":"de","@id":"https:\/\/www.koonings.com\/de\/#\/schema\/logo\/image\/","url":"https:\/\/www.koonings.com\/wp-content\/uploads\/2024\/07\/logo.png","contentUrl":"https:\/\/www.koonings.com\/wp-content\/uploads\/2024\/07\/logo.png","width":600,"height":428,"caption":"Koonings"},"image":{"@id":"https:\/\/www.koonings.com\/de\/#\/schema\/logo\/image\/"},"sameAs":["https:\/\/www.facebook.com\/kooningstheweddingpalace","https:\/\/www.instagram.com\/kooningstheweddingpalace","https:\/\/www.pinterest.com\/koonings","https:\/\/www.youtube.com\/kooningstheweddingpalace"]}]}},"_links":{"self":[{"href":"https:\/\/www.koonings.com\/de\/wp-json\/wp\/v2\/product\/32396","targetHints":{"allow":["GET"]}}],"collection":[{"href":"https:\/\/www.koonings.com\/de\/wp-json\/wp\/v2\/product"}],"about":[{"href":"https:\/\/www.koonings.com\/de\/wp-json\/wp\/v2\/types\/product"}],"wp:featuredmedia":[{"embeddable":true,"href":"https:\/\/www.koonings.com\/de\/wp-json\/wp\/v2\/media\/63375"}],"wp:attachment":[{"href":"https:\/\/www.koonings.com\/de\/wp-json\/wp\/v2\/media?parent=32396"}],"wp:term":[{"taxonomy":"productdetails","embeddable":true,"href":"https:\/\/www.koonings.com\/de\/wp-json\/wp\/v2\/productdetails?post=32396"},{"taxonomy":"productneck","embeddable":true,"href":"https:\/\/www.koonings.com\/de\/wp-json\/wp\/v2\/productneck?post=32396"},{"taxonomy":"productcolor","embeddable":true,"href":"https:\/\/www.koonings.com\/de\/wp-json\/wp\/v2\/productcolor?post=32396"},{"taxonomy":"maat","embeddable":true,"href":"https:\/\/www.koonings.com\/de\/wp-json\/wp\/v2\/maat?post=32396"},{"taxonomy":"productsupplier","embeddable":true,"href":"https:\/\/www.koonings.com\/de\/wp-json\/wp\/v2\/productsupplier?post=32396"},{"taxonomy":"productsleeve","embeddable":true,"href":"https:\/\/www.koonings.com\/de\/wp-json\/wp\/v2\/productsleeve?post=32396"},{"taxonomy":"productcategory","embeddable":true,"href":"https:\/\/www.koonings.com\/de\/wp-json\/wp\/v2\/productcategory?post=32396"},{"taxonomy":"productsilhouette","embeddable":true,"href":"https:\/\/www.koonings.com\/de\/wp-json\/wp\/v2\/productsilhouette?post=32396"},{"taxonomy":"productstyle","embeddable":true,"href":"https:\/\/www.koonings.com\/de\/wp-json\/wp\/v2\/productstyle?post=32396"}],"curies":[{"name":"wp","href":"https:\/\/api.w.org\/{rel}","templated":true}]}}