{"id":32386,"date":"2026-04-28T18:02:09","date_gmt":"2026-04-28T16:02:09","guid":{"rendered":"https:\/\/www.koonings.com\/product\/agora-19-08\/"},"modified":"2026-02-13T12:01:55","modified_gmt":"2026-02-13T11:01:55","slug":"agora-19-08","status":"publish","type":"product","link":"https:\/\/www.koonings.com\/de\/product\/agora-19-08\/","title":{"rendered":"Agora 19-08"},"content":{"rendered":"<p>Dieses err\u00f6tete Brautkleid von Agora hat eine A-Linien-Silhouette. Das Kleid hat ein Oberteil aus durchsichtiger Spitze und einen geschmeidigen Rock aus T\u00fcll. Au\u00dferdem hat das Kleid eine besondere R\u00fcckenpartie.  <\/p>\n","protected":false},"featured_media":24750,"template":"","meta":{"_acf_changed":false,"ghostkit_customizer_options":"","ghostkit_custom_css":"","ghostkit_custom_js_head":"","ghostkit_custom_js_foot":"","ghostkit_typography":""},"productdetails":[381],"productneck":[351,356],"productcolor":[393,392],"maat":[],"productsupplier":[398],"productsleeve":[361],"productcategory":[18],"productsilhouette":[384],"productstyle":[366],"class_list":["post-32386","product","type-product","status-publish","has-post-thumbnail","hentry","productdetails-381","productneck-351","productneck-356","productcolor-393","productcolor-392","productsupplier-agora","productsleeve-361","productcategory-trouwjurken","productsilhouette-384","productstyle-366"],"acf":[],"yoast_head":"<!-- This site is optimized with the Yoast SEO plugin v27.3 - https:\/\/yoast.com\/product\/yoast-seo-wordpress\/ -->\n<title>Agora 19-08 | Koonings<\/title>\n<meta name=\"description\" content=\"Dieses err\u00f6tete Brautkleid von Agora hat eine A-Linien-Silhouette. Das Kleid hat ein Oberteil aus durchsichtiger Spitze und einen geschmeidigen Rock aus T\u00fcll. Au\u00dferdem hat das Kleid eine besondere R\u00fcckenpartie.\" \/>\n<meta name=\"robots\" content=\"index, follow, max-snippet:-1, max-image-preview:large, max-video-preview:-1\" \/>\n<link rel=\"canonical\" href=\"https:\/\/www.koonings.com\/de\/product\/agora-19-08\/\" \/>\n<meta property=\"og:locale\" content=\"de_DE\" \/>\n<meta property=\"og:type\" content=\"article\" \/>\n<meta property=\"og:title\" content=\"Agora 19-08 | Koonings\" \/>\n<meta property=\"og:description\" content=\"Dieses err\u00f6tete Brautkleid von Agora hat eine A-Linien-Silhouette. Das Kleid hat ein Oberteil aus durchsichtiger Spitze und einen geschmeidigen Rock aus T\u00fcll. Au\u00dferdem hat das Kleid eine besondere R\u00fcckenpartie.\" \/>\n<meta property=\"og:url\" content=\"https:\/\/www.koonings.com\/de\/product\/agora-19-08\/\" \/>\n<meta property=\"og:site_name\" content=\"Koonings\" \/>\n<meta property=\"article:publisher\" content=\"https:\/\/www.facebook.com\/kooningstheweddingpalace\" \/>\n<meta property=\"og:image\" content=\"https:\/\/www.koonings.com\/wp-content\/uploads\/2024\/11\/555_b4ffa0db0533cc2644cb4552036bc5533b1d726702e79e93990b8439f2d6540243b3ac90.jpeg\" \/>\n\t<meta property=\"og:image:width\" content=\"300\" \/>\n\t<meta property=\"og:image:height\" content=\"450\" \/>\n\t<meta property=\"og:image:type\" content=\"image\/jpeg\" \/>\n<meta name=\"twitter:card\" content=\"summary_large_image\" \/>\n<script type=\"application\/ld+json\" class=\"yoast-schema-graph\">{\"@context\":\"https:\\\/\\\/schema.org\",\"@graph\":[{\"@type\":\"WebPage\",\"@id\":\"https:\\\/\\\/www.koonings.com\\\/de\\\/product\\\/agora-19-08\\\/\",\"url\":\"https:\\\/\\\/www.koonings.com\\\/de\\\/product\\\/agora-19-08\\\/\",\"name\":\"Agora 19-08 | Koonings\",\"isPartOf\":{\"@id\":\"https:\\\/\\\/www.koonings.com\\\/de\\\/#website\"},\"primaryImageOfPage\":{\"@id\":\"https:\\\/\\\/www.koonings.com\\\/de\\\/product\\\/agora-19-08\\\/#primaryimage\"},\"image\":{\"@id\":\"https:\\\/\\\/www.koonings.com\\\/de\\\/product\\\/agora-19-08\\\/#primaryimage\"},\"thumbnailUrl\":\"https:\\\/\\\/www.koonings.com\\\/wp-content\\\/uploads\\\/2024\\\/11\\\/555_b4ffa0db0533cc2644cb4552036bc5533b1d726702e79e93990b8439f2d6540243b3ac90.jpeg\",\"datePublished\":\"2026-04-28T16:02:09+00:00\",\"description\":\"Dieses err\u00f6tete Brautkleid von Agora hat eine A-Linien-Silhouette. Das Kleid hat ein Oberteil aus durchsichtiger Spitze und einen geschmeidigen Rock aus T\u00fcll. Au\u00dferdem hat das Kleid eine besondere R\u00fcckenpartie.\",\"breadcrumb\":{\"@id\":\"https:\\\/\\\/www.koonings.com\\\/de\\\/product\\\/agora-19-08\\\/#breadcrumb\"},\"inLanguage\":\"de\",\"potentialAction\":[{\"@type\":\"ReadAction\",\"target\":[\"https:\\\/\\\/www.koonings.com\\\/de\\\/product\\\/agora-19-08\\\/\"]}]},{\"@type\":\"ImageObject\",\"inLanguage\":\"de\",\"@id\":\"https:\\\/\\\/www.koonings.com\\\/de\\\/product\\\/agora-19-08\\\/#primaryimage\",\"url\":\"https:\\\/\\\/www.koonings.com\\\/wp-content\\\/uploads\\\/2024\\\/11\\\/555_b4ffa0db0533cc2644cb4552036bc5533b1d726702e79e93990b8439f2d6540243b3ac90.jpeg\",\"contentUrl\":\"https:\\\/\\\/www.koonings.com\\\/wp-content\\\/uploads\\\/2024\\\/11\\\/555_b4ffa0db0533cc2644cb4552036bc5533b1d726702e79e93990b8439f2d6540243b3ac90.jpeg\",\"width\":300,\"height\":450},{\"@type\":\"BreadcrumbList\",\"@id\":\"https:\\\/\\\/www.koonings.com\\\/de\\\/product\\\/agora-19-08\\\/#breadcrumb\",\"itemListElement\":[{\"@type\":\"ListItem\",\"position\":1,\"name\":\"Home\",\"item\":\"https:\\\/\\\/www.koonings.com\\\/de\\\/\"},{\"@type\":\"ListItem\",\"position\":2,\"name\":\"Agora 19-08\"}]},{\"@type\":\"WebSite\",\"@id\":\"https:\\\/\\\/www.koonings.com\\\/de\\\/#website\",\"url\":\"https:\\\/\\\/www.koonings.com\\\/de\\\/\",\"name\":\"Koonings\",\"description\":\"De grootste bruidsmodewinkel ter wereld\",\"publisher\":{\"@id\":\"https:\\\/\\\/www.koonings.com\\\/de\\\/#organization\"},\"potentialAction\":[{\"@type\":\"SearchAction\",\"target\":{\"@type\":\"EntryPoint\",\"urlTemplate\":\"https:\\\/\\\/www.koonings.com\\\/de\\\/?s={search_term_string}\"},\"query-input\":{\"@type\":\"PropertyValueSpecification\",\"valueRequired\":true,\"valueName\":\"search_term_string\"}}],\"inLanguage\":\"de\"},{\"@type\":\"Organization\",\"@id\":\"https:\\\/\\\/www.koonings.com\\\/de\\\/#organization\",\"name\":\"Koonings\",\"url\":\"https:\\\/\\\/www.koonings.com\\\/de\\\/\",\"logo\":{\"@type\":\"ImageObject\",\"inLanguage\":\"de\",\"@id\":\"https:\\\/\\\/www.koonings.com\\\/de\\\/#\\\/schema\\\/logo\\\/image\\\/\",\"url\":\"https:\\\/\\\/www.koonings.com\\\/wp-content\\\/uploads\\\/2024\\\/07\\\/logo.png\",\"contentUrl\":\"https:\\\/\\\/www.koonings.com\\\/wp-content\\\/uploads\\\/2024\\\/07\\\/logo.png\",\"width\":600,\"height\":428,\"caption\":\"Koonings\"},\"image\":{\"@id\":\"https:\\\/\\\/www.koonings.com\\\/de\\\/#\\\/schema\\\/logo\\\/image\\\/\"},\"sameAs\":[\"https:\\\/\\\/www.facebook.com\\\/kooningstheweddingpalace\",\"https:\\\/\\\/www.instagram.com\\\/kooningstheweddingpalace\",\"https:\\\/\\\/www.pinterest.com\\\/koonings\",\"https:\\\/\\\/www.youtube.com\\\/kooningstheweddingpalace\"]}]}<\/script>\n<!-- \/ Yoast SEO plugin. -->","yoast_head_json":{"title":"Agora 19-08 | Koonings","description":"Dieses err\u00f6tete Brautkleid von Agora hat eine A-Linien-Silhouette. Das Kleid hat ein Oberteil aus durchsichtiger Spitze und einen geschmeidigen Rock aus T\u00fcll. Au\u00dferdem hat das Kleid eine besondere R\u00fcckenpartie.","robots":{"index":"index","follow":"follow","max-snippet":"max-snippet:-1","max-image-preview":"max-image-preview:large","max-video-preview":"max-video-preview:-1"},"canonical":"https:\/\/www.koonings.com\/de\/product\/agora-19-08\/","og_locale":"de_DE","og_type":"article","og_title":"Agora 19-08 | Koonings","og_description":"Dieses err\u00f6tete Brautkleid von Agora hat eine A-Linien-Silhouette. Das Kleid hat ein Oberteil aus durchsichtiger Spitze und einen geschmeidigen Rock aus T\u00fcll. Au\u00dferdem hat das Kleid eine besondere R\u00fcckenpartie.","og_url":"https:\/\/www.koonings.com\/de\/product\/agora-19-08\/","og_site_name":"Koonings","article_publisher":"https:\/\/www.facebook.com\/kooningstheweddingpalace","og_image":[{"width":300,"height":450,"url":"https:\/\/www.koonings.com\/wp-content\/uploads\/2024\/11\/555_b4ffa0db0533cc2644cb4552036bc5533b1d726702e79e93990b8439f2d6540243b3ac90.jpeg","type":"image\/jpeg"}],"twitter_card":"summary_large_image","schema":{"@context":"https:\/\/schema.org","@graph":[{"@type":"WebPage","@id":"https:\/\/www.koonings.com\/de\/product\/agora-19-08\/","url":"https:\/\/www.koonings.com\/de\/product\/agora-19-08\/","name":"Agora 19-08 | Koonings","isPartOf":{"@id":"https:\/\/www.koonings.com\/de\/#website"},"primaryImageOfPage":{"@id":"https:\/\/www.koonings.com\/de\/product\/agora-19-08\/#primaryimage"},"image":{"@id":"https:\/\/www.koonings.com\/de\/product\/agora-19-08\/#primaryimage"},"thumbnailUrl":"https:\/\/www.koonings.com\/wp-content\/uploads\/2024\/11\/555_b4ffa0db0533cc2644cb4552036bc5533b1d726702e79e93990b8439f2d6540243b3ac90.jpeg","datePublished":"2026-04-28T16:02:09+00:00","description":"Dieses err\u00f6tete Brautkleid von Agora hat eine A-Linien-Silhouette. Das Kleid hat ein Oberteil aus durchsichtiger Spitze und einen geschmeidigen Rock aus T\u00fcll. Au\u00dferdem hat das Kleid eine besondere R\u00fcckenpartie.","breadcrumb":{"@id":"https:\/\/www.koonings.com\/de\/product\/agora-19-08\/#breadcrumb"},"inLanguage":"de","potentialAction":[{"@type":"ReadAction","target":["https:\/\/www.koonings.com\/de\/product\/agora-19-08\/"]}]},{"@type":"ImageObject","inLanguage":"de","@id":"https:\/\/www.koonings.com\/de\/product\/agora-19-08\/#primaryimage","url":"https:\/\/www.koonings.com\/wp-content\/uploads\/2024\/11\/555_b4ffa0db0533cc2644cb4552036bc5533b1d726702e79e93990b8439f2d6540243b3ac90.jpeg","contentUrl":"https:\/\/www.koonings.com\/wp-content\/uploads\/2024\/11\/555_b4ffa0db0533cc2644cb4552036bc5533b1d726702e79e93990b8439f2d6540243b3ac90.jpeg","width":300,"height":450},{"@type":"BreadcrumbList","@id":"https:\/\/www.koonings.com\/de\/product\/agora-19-08\/#breadcrumb","itemListElement":[{"@type":"ListItem","position":1,"name":"Home","item":"https:\/\/www.koonings.com\/de\/"},{"@type":"ListItem","position":2,"name":"Agora 19-08"}]},{"@type":"WebSite","@id":"https:\/\/www.koonings.com\/de\/#website","url":"https:\/\/www.koonings.com\/de\/","name":"Koonings","description":"De grootste bruidsmodewinkel ter wereld","publisher":{"@id":"https:\/\/www.koonings.com\/de\/#organization"},"potentialAction":[{"@type":"SearchAction","target":{"@type":"EntryPoint","urlTemplate":"https:\/\/www.koonings.com\/de\/?s={search_term_string}"},"query-input":{"@type":"PropertyValueSpecification","valueRequired":true,"valueName":"search_term_string"}}],"inLanguage":"de"},{"@type":"Organization","@id":"https:\/\/www.koonings.com\/de\/#organization","name":"Koonings","url":"https:\/\/www.koonings.com\/de\/","logo":{"@type":"ImageObject","inLanguage":"de","@id":"https:\/\/www.koonings.com\/de\/#\/schema\/logo\/image\/","url":"https:\/\/www.koonings.com\/wp-content\/uploads\/2024\/07\/logo.png","contentUrl":"https:\/\/www.koonings.com\/wp-content\/uploads\/2024\/07\/logo.png","width":600,"height":428,"caption":"Koonings"},"image":{"@id":"https:\/\/www.koonings.com\/de\/#\/schema\/logo\/image\/"},"sameAs":["https:\/\/www.facebook.com\/kooningstheweddingpalace","https:\/\/www.instagram.com\/kooningstheweddingpalace","https:\/\/www.pinterest.com\/koonings","https:\/\/www.youtube.com\/kooningstheweddingpalace"]}]}},"_links":{"self":[{"href":"https:\/\/www.koonings.com\/de\/wp-json\/wp\/v2\/product\/32386","targetHints":{"allow":["GET"]}}],"collection":[{"href":"https:\/\/www.koonings.com\/de\/wp-json\/wp\/v2\/product"}],"about":[{"href":"https:\/\/www.koonings.com\/de\/wp-json\/wp\/v2\/types\/product"}],"wp:featuredmedia":[{"embeddable":true,"href":"https:\/\/www.koonings.com\/de\/wp-json\/wp\/v2\/media\/24750"}],"wp:attachment":[{"href":"https:\/\/www.koonings.com\/de\/wp-json\/wp\/v2\/media?parent=32386"}],"wp:term":[{"taxonomy":"productdetails","embeddable":true,"href":"https:\/\/www.koonings.com\/de\/wp-json\/wp\/v2\/productdetails?post=32386"},{"taxonomy":"productneck","embeddable":true,"href":"https:\/\/www.koonings.com\/de\/wp-json\/wp\/v2\/productneck?post=32386"},{"taxonomy":"productcolor","embeddable":true,"href":"https:\/\/www.koonings.com\/de\/wp-json\/wp\/v2\/productcolor?post=32386"},{"taxonomy":"maat","embeddable":true,"href":"https:\/\/www.koonings.com\/de\/wp-json\/wp\/v2\/maat?post=32386"},{"taxonomy":"productsupplier","embeddable":true,"href":"https:\/\/www.koonings.com\/de\/wp-json\/wp\/v2\/productsupplier?post=32386"},{"taxonomy":"productsleeve","embeddable":true,"href":"https:\/\/www.koonings.com\/de\/wp-json\/wp\/v2\/productsleeve?post=32386"},{"taxonomy":"productcategory","embeddable":true,"href":"https:\/\/www.koonings.com\/de\/wp-json\/wp\/v2\/productcategory?post=32386"},{"taxonomy":"productsilhouette","embeddable":true,"href":"https:\/\/www.koonings.com\/de\/wp-json\/wp\/v2\/productsilhouette?post=32386"},{"taxonomy":"productstyle","embeddable":true,"href":"https:\/\/www.koonings.com\/de\/wp-json\/wp\/v2\/productstyle?post=32386"}],"curies":[{"name":"wp","href":"https:\/\/api.w.org\/{rel}","templated":true}]}}