{"id":32382,"date":"2026-05-06T15:02:08","date_gmt":"2026-05-06T13:02:08","guid":{"rendered":"https:\/\/www.koonings.com\/product\/two-by-rosa-clara-omaha\/"},"modified":"2026-02-13T12:01:53","modified_gmt":"2026-02-13T11:01:53","slug":"two-by-rosa-clara-omaha","status":"publish","type":"product","link":"https:\/\/www.koonings.com\/de\/product\/two-by-rosa-clara-omaha\/","title":{"rendered":"Zwei von Rosa Clara Omaha"},"content":{"rendered":"<p>Omaha ist ein wundersch\u00f6nes, romantisches Hochzeitskleid, das die ideale Balance zwischen Eleganz und Raffinesse bietet. Dieses Kleid in zartem Elfenbein hat einen herzf\u00f6rmigen Ausschnitt, der die weiblichen Kurven dezent betont. Der A-Linien-Schnitt f\u00e4llt wundersch\u00f6n \u00fcber den K\u00f6rper und sorgt f\u00fcr einen klassischen und zeitlosen Look. Die Tr\u00e4ger verleihen dem Design eine zarte und doch elegante Note. Das Omaha ist perfekt f\u00fcr die Braut, die ein raffiniertes und romantisches Kleid sucht, das sowohl stilvoll als auch bequem ist. Exklusiv bei Koonings The Wedding Palace erh\u00e4ltlich, ist dieses Kleid eine bezaubernde Wahl f\u00fcr eine unvergessliche Hochzeit.     <\/p>\n","protected":false},"featured_media":24731,"template":"","meta":{"_acf_changed":false,"ghostkit_customizer_options":"","ghostkit_custom_css":"","ghostkit_custom_js_head":"","ghostkit_custom_js_foot":"","ghostkit_typography":""},"productdetails":[],"productneck":[355],"productcolor":[392],"maat":[],"productsupplier":[397],"productsleeve":[359],"productcategory":[18],"productsilhouette":[384],"productstyle":[366],"class_list":["post-32382","product","type-product","status-publish","has-post-thumbnail","hentry","productneck-355","productcolor-392","productsupplier-two-by-rosa-clara","productsleeve-359","productcategory-trouwjurken","productsilhouette-384","productstyle-366"],"acf":[],"yoast_head":"<!-- This site is optimized with the Yoast SEO plugin v27.3 - https:\/\/yoast.com\/product\/yoast-seo-wordpress\/ -->\n<title>Zwei von Rosa Clara Omaha | Koonings<\/title>\n<meta name=\"description\" content=\"Omaha ist ein wundersch\u00f6nes, romantisches Hochzeitskleid, das die ideale Balance zwischen Eleganz und Raffinesse bietet. Dieses Kleid in zartem Elfenbein hat einen herzf\u00f6rmigen Ausschnitt, der die weiblichen Kurven dezent betont. Der A-Linien-Schnitt f\u00e4llt wundersch\u00f6n \u00fcber den K\u00f6rper und sorgt f\u00fcr einen klassischen und zeitlosen Look. Die Tr\u00e4ger verleihen dem Design eine zarte und doch elegante Note. Das Omaha ist perfekt f\u00fcr die Braut, die ein raffiniertes und romantisches Kleid sucht, das sowohl stilvoll als auch bequem ist. Exklusiv bei Koonings The Wedding Palace erh\u00e4ltlich, ist dieses Kleid eine bezaubernde Wahl f\u00fcr eine unvergessliche Hochzeit.\" \/>\n<meta name=\"robots\" content=\"index, follow, max-snippet:-1, max-image-preview:large, max-video-preview:-1\" \/>\n<link rel=\"canonical\" href=\"https:\/\/www.koonings.com\/de\/product\/two-by-rosa-clara-omaha\/\" \/>\n<meta property=\"og:locale\" content=\"de_DE\" \/>\n<meta property=\"og:type\" content=\"article\" \/>\n<meta property=\"og:title\" content=\"Zwei von Rosa Clara Omaha | Koonings\" \/>\n<meta property=\"og:description\" content=\"Omaha ist ein wundersch\u00f6nes, romantisches Hochzeitskleid, das die ideale Balance zwischen Eleganz und Raffinesse bietet. Dieses Kleid in zartem Elfenbein hat einen herzf\u00f6rmigen Ausschnitt, der die weiblichen Kurven dezent betont. Der A-Linien-Schnitt f\u00e4llt wundersch\u00f6n \u00fcber den K\u00f6rper und sorgt f\u00fcr einen klassischen und zeitlosen Look. Die Tr\u00e4ger verleihen dem Design eine zarte und doch elegante Note. Das Omaha ist perfekt f\u00fcr die Braut, die ein raffiniertes und romantisches Kleid sucht, das sowohl stilvoll als auch bequem ist. Exklusiv bei Koonings The Wedding Palace erh\u00e4ltlich, ist dieses Kleid eine bezaubernde Wahl f\u00fcr eine unvergessliche Hochzeit.\" \/>\n<meta property=\"og:url\" content=\"https:\/\/www.koonings.com\/de\/product\/two-by-rosa-clara-omaha\/\" \/>\n<meta property=\"og:site_name\" content=\"Koonings\" \/>\n<meta property=\"article:publisher\" content=\"https:\/\/www.facebook.com\/kooningstheweddingpalace\" \/>\n<meta property=\"og:image\" content=\"https:\/\/www.koonings.com\/wp-content\/uploads\/2024\/11\/112_d1bd209355b4f191615429722940d1b92a320b0e9140d8080917a4194b8cde66b164ec7b-scaled.jpeg\" \/>\n\t<meta property=\"og:image:width\" content=\"1808\" \/>\n\t<meta property=\"og:image:height\" content=\"2560\" \/>\n\t<meta property=\"og:image:type\" content=\"image\/jpeg\" \/>\n<meta name=\"twitter:card\" content=\"summary_large_image\" \/>\n<meta name=\"twitter:label1\" content=\"Gesch\u00e4tzte Lesezeit\" \/>\n\t<meta name=\"twitter:data1\" content=\"1\u00a0Minute\" \/>\n<script type=\"application\/ld+json\" class=\"yoast-schema-graph\">{\"@context\":\"https:\\\/\\\/schema.org\",\"@graph\":[{\"@type\":\"WebPage\",\"@id\":\"https:\\\/\\\/www.koonings.com\\\/de\\\/product\\\/two-by-rosa-clara-omaha\\\/\",\"url\":\"https:\\\/\\\/www.koonings.com\\\/de\\\/product\\\/two-by-rosa-clara-omaha\\\/\",\"name\":\"Zwei von Rosa Clara Omaha | Koonings\",\"isPartOf\":{\"@id\":\"https:\\\/\\\/www.koonings.com\\\/de\\\/#website\"},\"primaryImageOfPage\":{\"@id\":\"https:\\\/\\\/www.koonings.com\\\/de\\\/product\\\/two-by-rosa-clara-omaha\\\/#primaryimage\"},\"image\":{\"@id\":\"https:\\\/\\\/www.koonings.com\\\/de\\\/product\\\/two-by-rosa-clara-omaha\\\/#primaryimage\"},\"thumbnailUrl\":\"https:\\\/\\\/www.koonings.com\\\/wp-content\\\/uploads\\\/2024\\\/11\\\/112_d1bd209355b4f191615429722940d1b92a320b0e9140d8080917a4194b8cde66b164ec7b-scaled.jpeg\",\"datePublished\":\"2026-05-06T13:02:08+00:00\",\"description\":\"Omaha ist ein wundersch\u00f6nes, romantisches Hochzeitskleid, das die ideale Balance zwischen Eleganz und Raffinesse bietet. Dieses Kleid in zartem Elfenbein hat einen herzf\u00f6rmigen Ausschnitt, der die weiblichen Kurven dezent betont. Der A-Linien-Schnitt f\u00e4llt wundersch\u00f6n \u00fcber den K\u00f6rper und sorgt f\u00fcr einen klassischen und zeitlosen Look. Die Tr\u00e4ger verleihen dem Design eine zarte und doch elegante Note. Das Omaha ist perfekt f\u00fcr die Braut, die ein raffiniertes und romantisches Kleid sucht, das sowohl stilvoll als auch bequem ist. Exklusiv bei Koonings The Wedding Palace erh\u00e4ltlich, ist dieses Kleid eine bezaubernde Wahl f\u00fcr eine unvergessliche Hochzeit.\",\"breadcrumb\":{\"@id\":\"https:\\\/\\\/www.koonings.com\\\/de\\\/product\\\/two-by-rosa-clara-omaha\\\/#breadcrumb\"},\"inLanguage\":\"de\",\"potentialAction\":[{\"@type\":\"ReadAction\",\"target\":[\"https:\\\/\\\/www.koonings.com\\\/de\\\/product\\\/two-by-rosa-clara-omaha\\\/\"]}]},{\"@type\":\"ImageObject\",\"inLanguage\":\"de\",\"@id\":\"https:\\\/\\\/www.koonings.com\\\/de\\\/product\\\/two-by-rosa-clara-omaha\\\/#primaryimage\",\"url\":\"https:\\\/\\\/www.koonings.com\\\/wp-content\\\/uploads\\\/2024\\\/11\\\/112_d1bd209355b4f191615429722940d1b92a320b0e9140d8080917a4194b8cde66b164ec7b-scaled.jpeg\",\"contentUrl\":\"https:\\\/\\\/www.koonings.com\\\/wp-content\\\/uploads\\\/2024\\\/11\\\/112_d1bd209355b4f191615429722940d1b92a320b0e9140d8080917a4194b8cde66b164ec7b-scaled.jpeg\",\"width\":1808,\"height\":2560},{\"@type\":\"BreadcrumbList\",\"@id\":\"https:\\\/\\\/www.koonings.com\\\/de\\\/product\\\/two-by-rosa-clara-omaha\\\/#breadcrumb\",\"itemListElement\":[{\"@type\":\"ListItem\",\"position\":1,\"name\":\"Home\",\"item\":\"https:\\\/\\\/www.koonings.com\\\/de\\\/\"},{\"@type\":\"ListItem\",\"position\":2,\"name\":\"Zwei von Rosa Clara Omaha\"}]},{\"@type\":\"WebSite\",\"@id\":\"https:\\\/\\\/www.koonings.com\\\/de\\\/#website\",\"url\":\"https:\\\/\\\/www.koonings.com\\\/de\\\/\",\"name\":\"Koonings\",\"description\":\"De grootste bruidsmodewinkel ter wereld\",\"publisher\":{\"@id\":\"https:\\\/\\\/www.koonings.com\\\/de\\\/#organization\"},\"potentialAction\":[{\"@type\":\"SearchAction\",\"target\":{\"@type\":\"EntryPoint\",\"urlTemplate\":\"https:\\\/\\\/www.koonings.com\\\/de\\\/?s={search_term_string}\"},\"query-input\":{\"@type\":\"PropertyValueSpecification\",\"valueRequired\":true,\"valueName\":\"search_term_string\"}}],\"inLanguage\":\"de\"},{\"@type\":\"Organization\",\"@id\":\"https:\\\/\\\/www.koonings.com\\\/de\\\/#organization\",\"name\":\"Koonings\",\"url\":\"https:\\\/\\\/www.koonings.com\\\/de\\\/\",\"logo\":{\"@type\":\"ImageObject\",\"inLanguage\":\"de\",\"@id\":\"https:\\\/\\\/www.koonings.com\\\/de\\\/#\\\/schema\\\/logo\\\/image\\\/\",\"url\":\"https:\\\/\\\/www.koonings.com\\\/wp-content\\\/uploads\\\/2024\\\/07\\\/logo.png\",\"contentUrl\":\"https:\\\/\\\/www.koonings.com\\\/wp-content\\\/uploads\\\/2024\\\/07\\\/logo.png\",\"width\":600,\"height\":428,\"caption\":\"Koonings\"},\"image\":{\"@id\":\"https:\\\/\\\/www.koonings.com\\\/de\\\/#\\\/schema\\\/logo\\\/image\\\/\"},\"sameAs\":[\"https:\\\/\\\/www.facebook.com\\\/kooningstheweddingpalace\",\"https:\\\/\\\/www.instagram.com\\\/kooningstheweddingpalace\",\"https:\\\/\\\/www.pinterest.com\\\/koonings\",\"https:\\\/\\\/www.youtube.com\\\/kooningstheweddingpalace\"]}]}<\/script>\n<!-- \/ Yoast SEO plugin. -->","yoast_head_json":{"title":"Zwei von Rosa Clara Omaha | Koonings","description":"Omaha ist ein wundersch\u00f6nes, romantisches Hochzeitskleid, das die ideale Balance zwischen Eleganz und Raffinesse bietet. Dieses Kleid in zartem Elfenbein hat einen herzf\u00f6rmigen Ausschnitt, der die weiblichen Kurven dezent betont. Der A-Linien-Schnitt f\u00e4llt wundersch\u00f6n \u00fcber den K\u00f6rper und sorgt f\u00fcr einen klassischen und zeitlosen Look. Die Tr\u00e4ger verleihen dem Design eine zarte und doch elegante Note. Das Omaha ist perfekt f\u00fcr die Braut, die ein raffiniertes und romantisches Kleid sucht, das sowohl stilvoll als auch bequem ist. Exklusiv bei Koonings The Wedding Palace erh\u00e4ltlich, ist dieses Kleid eine bezaubernde Wahl f\u00fcr eine unvergessliche Hochzeit.","robots":{"index":"index","follow":"follow","max-snippet":"max-snippet:-1","max-image-preview":"max-image-preview:large","max-video-preview":"max-video-preview:-1"},"canonical":"https:\/\/www.koonings.com\/de\/product\/two-by-rosa-clara-omaha\/","og_locale":"de_DE","og_type":"article","og_title":"Zwei von Rosa Clara Omaha | Koonings","og_description":"Omaha ist ein wundersch\u00f6nes, romantisches Hochzeitskleid, das die ideale Balance zwischen Eleganz und Raffinesse bietet. Dieses Kleid in zartem Elfenbein hat einen herzf\u00f6rmigen Ausschnitt, der die weiblichen Kurven dezent betont. Der A-Linien-Schnitt f\u00e4llt wundersch\u00f6n \u00fcber den K\u00f6rper und sorgt f\u00fcr einen klassischen und zeitlosen Look. Die Tr\u00e4ger verleihen dem Design eine zarte und doch elegante Note. Das Omaha ist perfekt f\u00fcr die Braut, die ein raffiniertes und romantisches Kleid sucht, das sowohl stilvoll als auch bequem ist. Exklusiv bei Koonings The Wedding Palace erh\u00e4ltlich, ist dieses Kleid eine bezaubernde Wahl f\u00fcr eine unvergessliche Hochzeit.","og_url":"https:\/\/www.koonings.com\/de\/product\/two-by-rosa-clara-omaha\/","og_site_name":"Koonings","article_publisher":"https:\/\/www.facebook.com\/kooningstheweddingpalace","og_image":[{"width":1808,"height":2560,"url":"https:\/\/www.koonings.com\/wp-content\/uploads\/2024\/11\/112_d1bd209355b4f191615429722940d1b92a320b0e9140d8080917a4194b8cde66b164ec7b-scaled.jpeg","type":"image\/jpeg"}],"twitter_card":"summary_large_image","twitter_misc":{"Gesch\u00e4tzte Lesezeit":"1\u00a0Minute"},"schema":{"@context":"https:\/\/schema.org","@graph":[{"@type":"WebPage","@id":"https:\/\/www.koonings.com\/de\/product\/two-by-rosa-clara-omaha\/","url":"https:\/\/www.koonings.com\/de\/product\/two-by-rosa-clara-omaha\/","name":"Zwei von Rosa Clara Omaha | Koonings","isPartOf":{"@id":"https:\/\/www.koonings.com\/de\/#website"},"primaryImageOfPage":{"@id":"https:\/\/www.koonings.com\/de\/product\/two-by-rosa-clara-omaha\/#primaryimage"},"image":{"@id":"https:\/\/www.koonings.com\/de\/product\/two-by-rosa-clara-omaha\/#primaryimage"},"thumbnailUrl":"https:\/\/www.koonings.com\/wp-content\/uploads\/2024\/11\/112_d1bd209355b4f191615429722940d1b92a320b0e9140d8080917a4194b8cde66b164ec7b-scaled.jpeg","datePublished":"2026-05-06T13:02:08+00:00","description":"Omaha ist ein wundersch\u00f6nes, romantisches Hochzeitskleid, das die ideale Balance zwischen Eleganz und Raffinesse bietet. Dieses Kleid in zartem Elfenbein hat einen herzf\u00f6rmigen Ausschnitt, der die weiblichen Kurven dezent betont. Der A-Linien-Schnitt f\u00e4llt wundersch\u00f6n \u00fcber den K\u00f6rper und sorgt f\u00fcr einen klassischen und zeitlosen Look. Die Tr\u00e4ger verleihen dem Design eine zarte und doch elegante Note. Das Omaha ist perfekt f\u00fcr die Braut, die ein raffiniertes und romantisches Kleid sucht, das sowohl stilvoll als auch bequem ist. Exklusiv bei Koonings The Wedding Palace erh\u00e4ltlich, ist dieses Kleid eine bezaubernde Wahl f\u00fcr eine unvergessliche Hochzeit.","breadcrumb":{"@id":"https:\/\/www.koonings.com\/de\/product\/two-by-rosa-clara-omaha\/#breadcrumb"},"inLanguage":"de","potentialAction":[{"@type":"ReadAction","target":["https:\/\/www.koonings.com\/de\/product\/two-by-rosa-clara-omaha\/"]}]},{"@type":"ImageObject","inLanguage":"de","@id":"https:\/\/www.koonings.com\/de\/product\/two-by-rosa-clara-omaha\/#primaryimage","url":"https:\/\/www.koonings.com\/wp-content\/uploads\/2024\/11\/112_d1bd209355b4f191615429722940d1b92a320b0e9140d8080917a4194b8cde66b164ec7b-scaled.jpeg","contentUrl":"https:\/\/www.koonings.com\/wp-content\/uploads\/2024\/11\/112_d1bd209355b4f191615429722940d1b92a320b0e9140d8080917a4194b8cde66b164ec7b-scaled.jpeg","width":1808,"height":2560},{"@type":"BreadcrumbList","@id":"https:\/\/www.koonings.com\/de\/product\/two-by-rosa-clara-omaha\/#breadcrumb","itemListElement":[{"@type":"ListItem","position":1,"name":"Home","item":"https:\/\/www.koonings.com\/de\/"},{"@type":"ListItem","position":2,"name":"Zwei von Rosa Clara Omaha"}]},{"@type":"WebSite","@id":"https:\/\/www.koonings.com\/de\/#website","url":"https:\/\/www.koonings.com\/de\/","name":"Koonings","description":"De grootste bruidsmodewinkel ter wereld","publisher":{"@id":"https:\/\/www.koonings.com\/de\/#organization"},"potentialAction":[{"@type":"SearchAction","target":{"@type":"EntryPoint","urlTemplate":"https:\/\/www.koonings.com\/de\/?s={search_term_string}"},"query-input":{"@type":"PropertyValueSpecification","valueRequired":true,"valueName":"search_term_string"}}],"inLanguage":"de"},{"@type":"Organization","@id":"https:\/\/www.koonings.com\/de\/#organization","name":"Koonings","url":"https:\/\/www.koonings.com\/de\/","logo":{"@type":"ImageObject","inLanguage":"de","@id":"https:\/\/www.koonings.com\/de\/#\/schema\/logo\/image\/","url":"https:\/\/www.koonings.com\/wp-content\/uploads\/2024\/07\/logo.png","contentUrl":"https:\/\/www.koonings.com\/wp-content\/uploads\/2024\/07\/logo.png","width":600,"height":428,"caption":"Koonings"},"image":{"@id":"https:\/\/www.koonings.com\/de\/#\/schema\/logo\/image\/"},"sameAs":["https:\/\/www.facebook.com\/kooningstheweddingpalace","https:\/\/www.instagram.com\/kooningstheweddingpalace","https:\/\/www.pinterest.com\/koonings","https:\/\/www.youtube.com\/kooningstheweddingpalace"]}]}},"_links":{"self":[{"href":"https:\/\/www.koonings.com\/de\/wp-json\/wp\/v2\/product\/32382","targetHints":{"allow":["GET"]}}],"collection":[{"href":"https:\/\/www.koonings.com\/de\/wp-json\/wp\/v2\/product"}],"about":[{"href":"https:\/\/www.koonings.com\/de\/wp-json\/wp\/v2\/types\/product"}],"wp:featuredmedia":[{"embeddable":true,"href":"https:\/\/www.koonings.com\/de\/wp-json\/wp\/v2\/media\/24731"}],"wp:attachment":[{"href":"https:\/\/www.koonings.com\/de\/wp-json\/wp\/v2\/media?parent=32382"}],"wp:term":[{"taxonomy":"productdetails","embeddable":true,"href":"https:\/\/www.koonings.com\/de\/wp-json\/wp\/v2\/productdetails?post=32382"},{"taxonomy":"productneck","embeddable":true,"href":"https:\/\/www.koonings.com\/de\/wp-json\/wp\/v2\/productneck?post=32382"},{"taxonomy":"productcolor","embeddable":true,"href":"https:\/\/www.koonings.com\/de\/wp-json\/wp\/v2\/productcolor?post=32382"},{"taxonomy":"maat","embeddable":true,"href":"https:\/\/www.koonings.com\/de\/wp-json\/wp\/v2\/maat?post=32382"},{"taxonomy":"productsupplier","embeddable":true,"href":"https:\/\/www.koonings.com\/de\/wp-json\/wp\/v2\/productsupplier?post=32382"},{"taxonomy":"productsleeve","embeddable":true,"href":"https:\/\/www.koonings.com\/de\/wp-json\/wp\/v2\/productsleeve?post=32382"},{"taxonomy":"productcategory","embeddable":true,"href":"https:\/\/www.koonings.com\/de\/wp-json\/wp\/v2\/productcategory?post=32382"},{"taxonomy":"productsilhouette","embeddable":true,"href":"https:\/\/www.koonings.com\/de\/wp-json\/wp\/v2\/productsilhouette?post=32382"},{"taxonomy":"productstyle","embeddable":true,"href":"https:\/\/www.koonings.com\/de\/wp-json\/wp\/v2\/productstyle?post=32382"}],"curies":[{"name":"wp","href":"https:\/\/api.w.org\/{rel}","templated":true}]}}