{"id":32304,"date":"2026-05-06T15:02:17","date_gmt":"2026-05-06T13:02:17","guid":{"rendered":"https:\/\/www.koonings.com\/product\/eve-of-milady-1605\/"},"modified":"2026-02-13T12:05:56","modified_gmt":"2026-02-13T11:05:56","slug":"eve-of-milady-1605","status":"publish","type":"product","link":"https:\/\/www.koonings.com\/de\/product\/eve-of-milady-1605\/","title":{"rendered":"Vorabend der Milady 1605"},"content":{"rendered":"<p>Dieses elfenbeinfarbene Couture-Brautkleid von Eve of Milady hat eine Meerjungfrauen-Silhouette und ist mit Spitze besetzt. Die Spitze setzt sich in der Schleppe fort. Das Oberteil ist leicht durchsichtig und hat einen herzf\u00f6rmigen Ausschnitt. Au\u00dferdem hat das Kleid einen tiefen R\u00fcckenausschnitt.<\/p>\n","protected":false},"featured_media":25082,"template":"","meta":{"_acf_changed":false,"ghostkit_customizer_options":"","ghostkit_custom_css":"","ghostkit_custom_js_head":"","ghostkit_custom_js_foot":"","ghostkit_typography":""},"productdetails":[],"productneck":[355],"productcolor":[393,392],"maat":[],"productsupplier":[407],"productsleeve":[359],"productcategory":[18],"productsilhouette":[387],"productstyle":[366],"class_list":["post-32304","product","type-product","status-publish","has-post-thumbnail","hentry","productneck-355","productcolor-393","productcolor-392","productsupplier-eve-of-milady","productsleeve-359","productcategory-trouwjurken","productsilhouette-387","productstyle-366"],"acf":[],"yoast_head":"<!-- This site is optimized with the Yoast SEO plugin v27.3 - https:\/\/yoast.com\/product\/yoast-seo-wordpress\/ -->\n<title>Vorabend der Milady 1605 | Koonings<\/title>\n<meta name=\"description\" content=\"Dieses elfenbeinfarbene Couture-Brautkleid von Eve of Milady hat eine Meerjungfrauen-Silhouette und ist mit Spitze besetzt. Die Spitze setzt sich in der Schleppe fort. Das Oberteil ist leicht durchsichtig und hat einen herzf\u00f6rmigen Ausschnitt. Au\u00dferdem hat das Kleid einen tiefen R\u00fcckenausschnitt.\" \/>\n<meta name=\"robots\" content=\"index, follow, max-snippet:-1, max-image-preview:large, max-video-preview:-1\" \/>\n<link rel=\"canonical\" href=\"https:\/\/www.koonings.com\/de\/product\/eve-of-milady-1605\/\" \/>\n<meta property=\"og:locale\" content=\"de_DE\" \/>\n<meta property=\"og:type\" content=\"article\" \/>\n<meta property=\"og:title\" content=\"Vorabend der Milady 1605 | Koonings\" \/>\n<meta property=\"og:description\" content=\"Dieses elfenbeinfarbene Couture-Brautkleid von Eve of Milady hat eine Meerjungfrauen-Silhouette und ist mit Spitze besetzt. Die Spitze setzt sich in der Schleppe fort. Das Oberteil ist leicht durchsichtig und hat einen herzf\u00f6rmigen Ausschnitt. Au\u00dferdem hat das Kleid einen tiefen R\u00fcckenausschnitt.\" \/>\n<meta property=\"og:url\" content=\"https:\/\/www.koonings.com\/de\/product\/eve-of-milady-1605\/\" \/>\n<meta property=\"og:site_name\" content=\"Koonings\" \/>\n<meta property=\"article:publisher\" content=\"https:\/\/www.facebook.com\/kooningstheweddingpalace\" \/>\n<meta property=\"og:image\" content=\"https:\/\/www.koonings.com\/wp-content\/uploads\/2024\/11\/3218_04981ab1f7d913844e2bd5259e39dc2a45a0c9f2c4bec262b066b39814c4f99974034ccb.jpeg\" \/>\n\t<meta property=\"og:image:width\" content=\"771\" \/>\n\t<meta property=\"og:image:height\" content=\"1000\" \/>\n\t<meta property=\"og:image:type\" content=\"image\/jpeg\" \/>\n<meta name=\"twitter:card\" content=\"summary_large_image\" \/>\n<script type=\"application\/ld+json\" class=\"yoast-schema-graph\">{\"@context\":\"https:\\\/\\\/schema.org\",\"@graph\":[{\"@type\":\"WebPage\",\"@id\":\"https:\\\/\\\/www.koonings.com\\\/de\\\/product\\\/eve-of-milady-1605\\\/\",\"url\":\"https:\\\/\\\/www.koonings.com\\\/de\\\/product\\\/eve-of-milady-1605\\\/\",\"name\":\"Vorabend der Milady 1605 | Koonings\",\"isPartOf\":{\"@id\":\"https:\\\/\\\/www.koonings.com\\\/de\\\/#website\"},\"primaryImageOfPage\":{\"@id\":\"https:\\\/\\\/www.koonings.com\\\/de\\\/product\\\/eve-of-milady-1605\\\/#primaryimage\"},\"image\":{\"@id\":\"https:\\\/\\\/www.koonings.com\\\/de\\\/product\\\/eve-of-milady-1605\\\/#primaryimage\"},\"thumbnailUrl\":\"https:\\\/\\\/www.koonings.com\\\/wp-content\\\/uploads\\\/2024\\\/11\\\/3218_04981ab1f7d913844e2bd5259e39dc2a45a0c9f2c4bec262b066b39814c4f99974034ccb.jpeg\",\"datePublished\":\"2026-05-06T13:02:17+00:00\",\"description\":\"Dieses elfenbeinfarbene Couture-Brautkleid von Eve of Milady hat eine Meerjungfrauen-Silhouette und ist mit Spitze besetzt. Die Spitze setzt sich in der Schleppe fort. Das Oberteil ist leicht durchsichtig und hat einen herzf\u00f6rmigen Ausschnitt. Au\u00dferdem hat das Kleid einen tiefen R\u00fcckenausschnitt.\",\"breadcrumb\":{\"@id\":\"https:\\\/\\\/www.koonings.com\\\/de\\\/product\\\/eve-of-milady-1605\\\/#breadcrumb\"},\"inLanguage\":\"de\",\"potentialAction\":[{\"@type\":\"ReadAction\",\"target\":[\"https:\\\/\\\/www.koonings.com\\\/de\\\/product\\\/eve-of-milady-1605\\\/\"]}]},{\"@type\":\"ImageObject\",\"inLanguage\":\"de\",\"@id\":\"https:\\\/\\\/www.koonings.com\\\/de\\\/product\\\/eve-of-milady-1605\\\/#primaryimage\",\"url\":\"https:\\\/\\\/www.koonings.com\\\/wp-content\\\/uploads\\\/2024\\\/11\\\/3218_04981ab1f7d913844e2bd5259e39dc2a45a0c9f2c4bec262b066b39814c4f99974034ccb.jpeg\",\"contentUrl\":\"https:\\\/\\\/www.koonings.com\\\/wp-content\\\/uploads\\\/2024\\\/11\\\/3218_04981ab1f7d913844e2bd5259e39dc2a45a0c9f2c4bec262b066b39814c4f99974034ccb.jpeg\",\"width\":771,\"height\":1000},{\"@type\":\"BreadcrumbList\",\"@id\":\"https:\\\/\\\/www.koonings.com\\\/de\\\/product\\\/eve-of-milady-1605\\\/#breadcrumb\",\"itemListElement\":[{\"@type\":\"ListItem\",\"position\":1,\"name\":\"Home\",\"item\":\"https:\\\/\\\/www.koonings.com\\\/de\\\/\"},{\"@type\":\"ListItem\",\"position\":2,\"name\":\"Vorabend der Milady 1605\"}]},{\"@type\":\"WebSite\",\"@id\":\"https:\\\/\\\/www.koonings.com\\\/de\\\/#website\",\"url\":\"https:\\\/\\\/www.koonings.com\\\/de\\\/\",\"name\":\"Koonings\",\"description\":\"De grootste bruidsmodewinkel ter wereld\",\"publisher\":{\"@id\":\"https:\\\/\\\/www.koonings.com\\\/de\\\/#organization\"},\"potentialAction\":[{\"@type\":\"SearchAction\",\"target\":{\"@type\":\"EntryPoint\",\"urlTemplate\":\"https:\\\/\\\/www.koonings.com\\\/de\\\/?s={search_term_string}\"},\"query-input\":{\"@type\":\"PropertyValueSpecification\",\"valueRequired\":true,\"valueName\":\"search_term_string\"}}],\"inLanguage\":\"de\"},{\"@type\":\"Organization\",\"@id\":\"https:\\\/\\\/www.koonings.com\\\/de\\\/#organization\",\"name\":\"Koonings\",\"url\":\"https:\\\/\\\/www.koonings.com\\\/de\\\/\",\"logo\":{\"@type\":\"ImageObject\",\"inLanguage\":\"de\",\"@id\":\"https:\\\/\\\/www.koonings.com\\\/de\\\/#\\\/schema\\\/logo\\\/image\\\/\",\"url\":\"https:\\\/\\\/www.koonings.com\\\/wp-content\\\/uploads\\\/2024\\\/07\\\/logo.png\",\"contentUrl\":\"https:\\\/\\\/www.koonings.com\\\/wp-content\\\/uploads\\\/2024\\\/07\\\/logo.png\",\"width\":600,\"height\":428,\"caption\":\"Koonings\"},\"image\":{\"@id\":\"https:\\\/\\\/www.koonings.com\\\/de\\\/#\\\/schema\\\/logo\\\/image\\\/\"},\"sameAs\":[\"https:\\\/\\\/www.facebook.com\\\/kooningstheweddingpalace\",\"https:\\\/\\\/www.instagram.com\\\/kooningstheweddingpalace\",\"https:\\\/\\\/www.pinterest.com\\\/koonings\",\"https:\\\/\\\/www.youtube.com\\\/kooningstheweddingpalace\"]}]}<\/script>\n<!-- \/ Yoast SEO plugin. -->","yoast_head_json":{"title":"Vorabend der Milady 1605 | Koonings","description":"Dieses elfenbeinfarbene Couture-Brautkleid von Eve of Milady hat eine Meerjungfrauen-Silhouette und ist mit Spitze besetzt. Die Spitze setzt sich in der Schleppe fort. Das Oberteil ist leicht durchsichtig und hat einen herzf\u00f6rmigen Ausschnitt. Au\u00dferdem hat das Kleid einen tiefen R\u00fcckenausschnitt.","robots":{"index":"index","follow":"follow","max-snippet":"max-snippet:-1","max-image-preview":"max-image-preview:large","max-video-preview":"max-video-preview:-1"},"canonical":"https:\/\/www.koonings.com\/de\/product\/eve-of-milady-1605\/","og_locale":"de_DE","og_type":"article","og_title":"Vorabend der Milady 1605 | Koonings","og_description":"Dieses elfenbeinfarbene Couture-Brautkleid von Eve of Milady hat eine Meerjungfrauen-Silhouette und ist mit Spitze besetzt. Die Spitze setzt sich in der Schleppe fort. Das Oberteil ist leicht durchsichtig und hat einen herzf\u00f6rmigen Ausschnitt. Au\u00dferdem hat das Kleid einen tiefen R\u00fcckenausschnitt.","og_url":"https:\/\/www.koonings.com\/de\/product\/eve-of-milady-1605\/","og_site_name":"Koonings","article_publisher":"https:\/\/www.facebook.com\/kooningstheweddingpalace","og_image":[{"width":771,"height":1000,"url":"https:\/\/www.koonings.com\/wp-content\/uploads\/2024\/11\/3218_04981ab1f7d913844e2bd5259e39dc2a45a0c9f2c4bec262b066b39814c4f99974034ccb.jpeg","type":"image\/jpeg"}],"twitter_card":"summary_large_image","schema":{"@context":"https:\/\/schema.org","@graph":[{"@type":"WebPage","@id":"https:\/\/www.koonings.com\/de\/product\/eve-of-milady-1605\/","url":"https:\/\/www.koonings.com\/de\/product\/eve-of-milady-1605\/","name":"Vorabend der Milady 1605 | Koonings","isPartOf":{"@id":"https:\/\/www.koonings.com\/de\/#website"},"primaryImageOfPage":{"@id":"https:\/\/www.koonings.com\/de\/product\/eve-of-milady-1605\/#primaryimage"},"image":{"@id":"https:\/\/www.koonings.com\/de\/product\/eve-of-milady-1605\/#primaryimage"},"thumbnailUrl":"https:\/\/www.koonings.com\/wp-content\/uploads\/2024\/11\/3218_04981ab1f7d913844e2bd5259e39dc2a45a0c9f2c4bec262b066b39814c4f99974034ccb.jpeg","datePublished":"2026-05-06T13:02:17+00:00","description":"Dieses elfenbeinfarbene Couture-Brautkleid von Eve of Milady hat eine Meerjungfrauen-Silhouette und ist mit Spitze besetzt. Die Spitze setzt sich in der Schleppe fort. Das Oberteil ist leicht durchsichtig und hat einen herzf\u00f6rmigen Ausschnitt. Au\u00dferdem hat das Kleid einen tiefen R\u00fcckenausschnitt.","breadcrumb":{"@id":"https:\/\/www.koonings.com\/de\/product\/eve-of-milady-1605\/#breadcrumb"},"inLanguage":"de","potentialAction":[{"@type":"ReadAction","target":["https:\/\/www.koonings.com\/de\/product\/eve-of-milady-1605\/"]}]},{"@type":"ImageObject","inLanguage":"de","@id":"https:\/\/www.koonings.com\/de\/product\/eve-of-milady-1605\/#primaryimage","url":"https:\/\/www.koonings.com\/wp-content\/uploads\/2024\/11\/3218_04981ab1f7d913844e2bd5259e39dc2a45a0c9f2c4bec262b066b39814c4f99974034ccb.jpeg","contentUrl":"https:\/\/www.koonings.com\/wp-content\/uploads\/2024\/11\/3218_04981ab1f7d913844e2bd5259e39dc2a45a0c9f2c4bec262b066b39814c4f99974034ccb.jpeg","width":771,"height":1000},{"@type":"BreadcrumbList","@id":"https:\/\/www.koonings.com\/de\/product\/eve-of-milady-1605\/#breadcrumb","itemListElement":[{"@type":"ListItem","position":1,"name":"Home","item":"https:\/\/www.koonings.com\/de\/"},{"@type":"ListItem","position":2,"name":"Vorabend der Milady 1605"}]},{"@type":"WebSite","@id":"https:\/\/www.koonings.com\/de\/#website","url":"https:\/\/www.koonings.com\/de\/","name":"Koonings","description":"De grootste bruidsmodewinkel ter wereld","publisher":{"@id":"https:\/\/www.koonings.com\/de\/#organization"},"potentialAction":[{"@type":"SearchAction","target":{"@type":"EntryPoint","urlTemplate":"https:\/\/www.koonings.com\/de\/?s={search_term_string}"},"query-input":{"@type":"PropertyValueSpecification","valueRequired":true,"valueName":"search_term_string"}}],"inLanguage":"de"},{"@type":"Organization","@id":"https:\/\/www.koonings.com\/de\/#organization","name":"Koonings","url":"https:\/\/www.koonings.com\/de\/","logo":{"@type":"ImageObject","inLanguage":"de","@id":"https:\/\/www.koonings.com\/de\/#\/schema\/logo\/image\/","url":"https:\/\/www.koonings.com\/wp-content\/uploads\/2024\/07\/logo.png","contentUrl":"https:\/\/www.koonings.com\/wp-content\/uploads\/2024\/07\/logo.png","width":600,"height":428,"caption":"Koonings"},"image":{"@id":"https:\/\/www.koonings.com\/de\/#\/schema\/logo\/image\/"},"sameAs":["https:\/\/www.facebook.com\/kooningstheweddingpalace","https:\/\/www.instagram.com\/kooningstheweddingpalace","https:\/\/www.pinterest.com\/koonings","https:\/\/www.youtube.com\/kooningstheweddingpalace"]}]}},"_links":{"self":[{"href":"https:\/\/www.koonings.com\/de\/wp-json\/wp\/v2\/product\/32304","targetHints":{"allow":["GET"]}}],"collection":[{"href":"https:\/\/www.koonings.com\/de\/wp-json\/wp\/v2\/product"}],"about":[{"href":"https:\/\/www.koonings.com\/de\/wp-json\/wp\/v2\/types\/product"}],"wp:featuredmedia":[{"embeddable":true,"href":"https:\/\/www.koonings.com\/de\/wp-json\/wp\/v2\/media\/25082"}],"wp:attachment":[{"href":"https:\/\/www.koonings.com\/de\/wp-json\/wp\/v2\/media?parent=32304"}],"wp:term":[{"taxonomy":"productdetails","embeddable":true,"href":"https:\/\/www.koonings.com\/de\/wp-json\/wp\/v2\/productdetails?post=32304"},{"taxonomy":"productneck","embeddable":true,"href":"https:\/\/www.koonings.com\/de\/wp-json\/wp\/v2\/productneck?post=32304"},{"taxonomy":"productcolor","embeddable":true,"href":"https:\/\/www.koonings.com\/de\/wp-json\/wp\/v2\/productcolor?post=32304"},{"taxonomy":"maat","embeddable":true,"href":"https:\/\/www.koonings.com\/de\/wp-json\/wp\/v2\/maat?post=32304"},{"taxonomy":"productsupplier","embeddable":true,"href":"https:\/\/www.koonings.com\/de\/wp-json\/wp\/v2\/productsupplier?post=32304"},{"taxonomy":"productsleeve","embeddable":true,"href":"https:\/\/www.koonings.com\/de\/wp-json\/wp\/v2\/productsleeve?post=32304"},{"taxonomy":"productcategory","embeddable":true,"href":"https:\/\/www.koonings.com\/de\/wp-json\/wp\/v2\/productcategory?post=32304"},{"taxonomy":"productsilhouette","embeddable":true,"href":"https:\/\/www.koonings.com\/de\/wp-json\/wp\/v2\/productsilhouette?post=32304"},{"taxonomy":"productstyle","embeddable":true,"href":"https:\/\/www.koonings.com\/de\/wp-json\/wp\/v2\/productstyle?post=32304"}],"curies":[{"name":"wp","href":"https:\/\/api.w.org\/{rel}","templated":true}]}}