{"id":32267,"date":"2026-04-28T18:02:20","date_gmt":"2026-04-28T16:02:20","guid":{"rendered":"https:\/\/www.koonings.com\/product\/julia-kontogruni-jk1843\/"},"modified":"2026-02-13T12:03:34","modified_gmt":"2026-02-13T11:03:34","slug":"julia-kontogruni-jk1843","status":"publish","type":"product","link":"https:\/\/www.koonings.com\/de\/product\/julia-kontogruni-jk1843\/","title":{"rendered":"Julia Kontogruni JK1843"},"content":{"rendered":"<p>Dieses elfenbeinfarbene Hochzeitskleid von Julia Kontogruni ist ein tailliertes Ballkleid. Das Kleid hat einen hochgeschlossenen Bootsausschnitt mit einem Sweetheart und langen \u00c4rmeln. Au\u00dferdem verf\u00fcgt das Kleid \u00fcber einen glamour\u00f6sen tiefen R\u00fcckenausschnitt mit Spitzendetails an Rock und Oberteil, mit Glitzer\/Steinen, Pailletten und Blumen.  <\/p>\n","protected":false},"featured_media":66139,"template":"","meta":{"_acf_changed":false,"ghostkit_customizer_options":"","ghostkit_custom_css":"","ghostkit_custom_js_head":"","ghostkit_custom_js_foot":"","ghostkit_typography":""},"productdetails":[],"productneck":[349,350,351,355],"productcolor":[392],"maat":[],"productsupplier":[409],"productsleeve":[362],"productcategory":[18],"productsilhouette":[384,388],"productstyle":[367,366],"class_list":["post-32267","product","type-product","status-publish","has-post-thumbnail","hentry","productneck-349","productneck-350","productneck-351","productneck-355","productcolor-392","productsupplier-julia-kontogruni","productsleeve-362","productcategory-trouwjurken","productsilhouette-384","productsilhouette-388","productstyle-367","productstyle-366"],"acf":[],"yoast_head":"<!-- This site is optimized with the Yoast SEO plugin v27.3 - https:\/\/yoast.com\/product\/yoast-seo-wordpress\/ -->\n<title>Julia Kontogruni JK1843 | Koonings<\/title>\n<meta name=\"description\" content=\"Dieses elfenbeinfarbene Hochzeitskleid von Julia Kontogruni ist ein tailliertes Ballkleid. Das Kleid hat einen hochgeschlossenen Bootsausschnitt mit einem Sweetheart und langen \u00c4rmeln. Au\u00dferdem verf\u00fcgt das Kleid \u00fcber einen glamour\u00f6sen tiefen R\u00fcckenausschnitt mit Spitzendetails an Rock und Oberteil, mit Glitzer\/Steinen, Pailletten und Blumen.\" \/>\n<meta name=\"robots\" content=\"index, follow, max-snippet:-1, max-image-preview:large, max-video-preview:-1\" \/>\n<link rel=\"canonical\" href=\"https:\/\/www.koonings.com\/de\/product\/julia-kontogruni-jk1843\/\" \/>\n<meta property=\"og:locale\" content=\"de_DE\" \/>\n<meta property=\"og:type\" content=\"article\" \/>\n<meta property=\"og:title\" content=\"Julia Kontogruni JK1843 | Koonings\" \/>\n<meta property=\"og:description\" content=\"Dieses elfenbeinfarbene Hochzeitskleid von Julia Kontogruni ist ein tailliertes Ballkleid. Das Kleid hat einen hochgeschlossenen Bootsausschnitt mit einem Sweetheart und langen \u00c4rmeln. Au\u00dferdem verf\u00fcgt das Kleid \u00fcber einen glamour\u00f6sen tiefen R\u00fcckenausschnitt mit Spitzendetails an Rock und Oberteil, mit Glitzer\/Steinen, Pailletten und Blumen.\" \/>\n<meta property=\"og:url\" content=\"https:\/\/www.koonings.com\/de\/product\/julia-kontogruni-jk1843\/\" \/>\n<meta property=\"og:site_name\" content=\"Koonings\" \/>\n<meta property=\"article:publisher\" content=\"https:\/\/www.facebook.com\/kooningstheweddingpalace\" \/>\n<meta property=\"og:image\" content=\"https:\/\/www.koonings.com\/wp-content\/uploads\/2024\/11\/3640_59d66bd2d484b8c8817f91356102abf3b44f2cd7a6b44673c71f13a6aea8a881179d2799.jpeg\" \/>\n\t<meta property=\"og:image:width\" content=\"613\" \/>\n\t<meta property=\"og:image:height\" content=\"866\" \/>\n\t<meta property=\"og:image:type\" content=\"image\/jpeg\" \/>\n<meta name=\"twitter:card\" content=\"summary_large_image\" \/>\n<script type=\"application\/ld+json\" class=\"yoast-schema-graph\">{\"@context\":\"https:\\\/\\\/schema.org\",\"@graph\":[{\"@type\":\"WebPage\",\"@id\":\"https:\\\/\\\/www.koonings.com\\\/de\\\/product\\\/julia-kontogruni-jk1843\\\/\",\"url\":\"https:\\\/\\\/www.koonings.com\\\/de\\\/product\\\/julia-kontogruni-jk1843\\\/\",\"name\":\"Julia Kontogruni JK1843 | Koonings\",\"isPartOf\":{\"@id\":\"https:\\\/\\\/www.koonings.com\\\/de\\\/#website\"},\"primaryImageOfPage\":{\"@id\":\"https:\\\/\\\/www.koonings.com\\\/de\\\/product\\\/julia-kontogruni-jk1843\\\/#primaryimage\"},\"image\":{\"@id\":\"https:\\\/\\\/www.koonings.com\\\/de\\\/product\\\/julia-kontogruni-jk1843\\\/#primaryimage\"},\"thumbnailUrl\":\"https:\\\/\\\/www.koonings.com\\\/wp-content\\\/uploads\\\/2024\\\/11\\\/3640_59d66bd2d484b8c8817f91356102abf3b44f2cd7a6b44673c71f13a6aea8a881179d2799.jpeg\",\"datePublished\":\"2026-04-28T16:02:20+00:00\",\"description\":\"Dieses elfenbeinfarbene Hochzeitskleid von Julia Kontogruni ist ein tailliertes Ballkleid. Das Kleid hat einen hochgeschlossenen Bootsausschnitt mit einem Sweetheart und langen \u00c4rmeln. Au\u00dferdem verf\u00fcgt das Kleid \u00fcber einen glamour\u00f6sen tiefen R\u00fcckenausschnitt mit Spitzendetails an Rock und Oberteil, mit Glitzer\\\/Steinen, Pailletten und Blumen.\",\"breadcrumb\":{\"@id\":\"https:\\\/\\\/www.koonings.com\\\/de\\\/product\\\/julia-kontogruni-jk1843\\\/#breadcrumb\"},\"inLanguage\":\"de\",\"potentialAction\":[{\"@type\":\"ReadAction\",\"target\":[\"https:\\\/\\\/www.koonings.com\\\/de\\\/product\\\/julia-kontogruni-jk1843\\\/\"]}]},{\"@type\":\"ImageObject\",\"inLanguage\":\"de\",\"@id\":\"https:\\\/\\\/www.koonings.com\\\/de\\\/product\\\/julia-kontogruni-jk1843\\\/#primaryimage\",\"url\":\"https:\\\/\\\/www.koonings.com\\\/wp-content\\\/uploads\\\/2024\\\/11\\\/3640_59d66bd2d484b8c8817f91356102abf3b44f2cd7a6b44673c71f13a6aea8a881179d2799.jpeg\",\"contentUrl\":\"https:\\\/\\\/www.koonings.com\\\/wp-content\\\/uploads\\\/2024\\\/11\\\/3640_59d66bd2d484b8c8817f91356102abf3b44f2cd7a6b44673c71f13a6aea8a881179d2799.jpeg\",\"width\":613,\"height\":866},{\"@type\":\"BreadcrumbList\",\"@id\":\"https:\\\/\\\/www.koonings.com\\\/de\\\/product\\\/julia-kontogruni-jk1843\\\/#breadcrumb\",\"itemListElement\":[{\"@type\":\"ListItem\",\"position\":1,\"name\":\"Home\",\"item\":\"https:\\\/\\\/www.koonings.com\\\/de\\\/\"},{\"@type\":\"ListItem\",\"position\":2,\"name\":\"Julia Kontogruni JK1843\"}]},{\"@type\":\"WebSite\",\"@id\":\"https:\\\/\\\/www.koonings.com\\\/de\\\/#website\",\"url\":\"https:\\\/\\\/www.koonings.com\\\/de\\\/\",\"name\":\"Koonings\",\"description\":\"De grootste bruidsmodewinkel ter wereld\",\"publisher\":{\"@id\":\"https:\\\/\\\/www.koonings.com\\\/de\\\/#organization\"},\"potentialAction\":[{\"@type\":\"SearchAction\",\"target\":{\"@type\":\"EntryPoint\",\"urlTemplate\":\"https:\\\/\\\/www.koonings.com\\\/de\\\/?s={search_term_string}\"},\"query-input\":{\"@type\":\"PropertyValueSpecification\",\"valueRequired\":true,\"valueName\":\"search_term_string\"}}],\"inLanguage\":\"de\"},{\"@type\":\"Organization\",\"@id\":\"https:\\\/\\\/www.koonings.com\\\/de\\\/#organization\",\"name\":\"Koonings\",\"url\":\"https:\\\/\\\/www.koonings.com\\\/de\\\/\",\"logo\":{\"@type\":\"ImageObject\",\"inLanguage\":\"de\",\"@id\":\"https:\\\/\\\/www.koonings.com\\\/de\\\/#\\\/schema\\\/logo\\\/image\\\/\",\"url\":\"https:\\\/\\\/www.koonings.com\\\/wp-content\\\/uploads\\\/2024\\\/07\\\/logo.png\",\"contentUrl\":\"https:\\\/\\\/www.koonings.com\\\/wp-content\\\/uploads\\\/2024\\\/07\\\/logo.png\",\"width\":600,\"height\":428,\"caption\":\"Koonings\"},\"image\":{\"@id\":\"https:\\\/\\\/www.koonings.com\\\/de\\\/#\\\/schema\\\/logo\\\/image\\\/\"},\"sameAs\":[\"https:\\\/\\\/www.facebook.com\\\/kooningstheweddingpalace\",\"https:\\\/\\\/www.instagram.com\\\/kooningstheweddingpalace\",\"https:\\\/\\\/www.pinterest.com\\\/koonings\",\"https:\\\/\\\/www.youtube.com\\\/kooningstheweddingpalace\"]}]}<\/script>\n<!-- \/ Yoast SEO plugin. -->","yoast_head_json":{"title":"Julia Kontogruni JK1843 | Koonings","description":"Dieses elfenbeinfarbene Hochzeitskleid von Julia Kontogruni ist ein tailliertes Ballkleid. Das Kleid hat einen hochgeschlossenen Bootsausschnitt mit einem Sweetheart und langen \u00c4rmeln. Au\u00dferdem verf\u00fcgt das Kleid \u00fcber einen glamour\u00f6sen tiefen R\u00fcckenausschnitt mit Spitzendetails an Rock und Oberteil, mit Glitzer\/Steinen, Pailletten und Blumen.","robots":{"index":"index","follow":"follow","max-snippet":"max-snippet:-1","max-image-preview":"max-image-preview:large","max-video-preview":"max-video-preview:-1"},"canonical":"https:\/\/www.koonings.com\/de\/product\/julia-kontogruni-jk1843\/","og_locale":"de_DE","og_type":"article","og_title":"Julia Kontogruni JK1843 | Koonings","og_description":"Dieses elfenbeinfarbene Hochzeitskleid von Julia Kontogruni ist ein tailliertes Ballkleid. Das Kleid hat einen hochgeschlossenen Bootsausschnitt mit einem Sweetheart und langen \u00c4rmeln. Au\u00dferdem verf\u00fcgt das Kleid \u00fcber einen glamour\u00f6sen tiefen R\u00fcckenausschnitt mit Spitzendetails an Rock und Oberteil, mit Glitzer\/Steinen, Pailletten und Blumen.","og_url":"https:\/\/www.koonings.com\/de\/product\/julia-kontogruni-jk1843\/","og_site_name":"Koonings","article_publisher":"https:\/\/www.facebook.com\/kooningstheweddingpalace","og_image":[{"width":613,"height":866,"url":"https:\/\/www.koonings.com\/wp-content\/uploads\/2024\/11\/3640_59d66bd2d484b8c8817f91356102abf3b44f2cd7a6b44673c71f13a6aea8a881179d2799.jpeg","type":"image\/jpeg"}],"twitter_card":"summary_large_image","schema":{"@context":"https:\/\/schema.org","@graph":[{"@type":"WebPage","@id":"https:\/\/www.koonings.com\/de\/product\/julia-kontogruni-jk1843\/","url":"https:\/\/www.koonings.com\/de\/product\/julia-kontogruni-jk1843\/","name":"Julia Kontogruni JK1843 | Koonings","isPartOf":{"@id":"https:\/\/www.koonings.com\/de\/#website"},"primaryImageOfPage":{"@id":"https:\/\/www.koonings.com\/de\/product\/julia-kontogruni-jk1843\/#primaryimage"},"image":{"@id":"https:\/\/www.koonings.com\/de\/product\/julia-kontogruni-jk1843\/#primaryimage"},"thumbnailUrl":"https:\/\/www.koonings.com\/wp-content\/uploads\/2024\/11\/3640_59d66bd2d484b8c8817f91356102abf3b44f2cd7a6b44673c71f13a6aea8a881179d2799.jpeg","datePublished":"2026-04-28T16:02:20+00:00","description":"Dieses elfenbeinfarbene Hochzeitskleid von Julia Kontogruni ist ein tailliertes Ballkleid. Das Kleid hat einen hochgeschlossenen Bootsausschnitt mit einem Sweetheart und langen \u00c4rmeln. Au\u00dferdem verf\u00fcgt das Kleid \u00fcber einen glamour\u00f6sen tiefen R\u00fcckenausschnitt mit Spitzendetails an Rock und Oberteil, mit Glitzer\/Steinen, Pailletten und Blumen.","breadcrumb":{"@id":"https:\/\/www.koonings.com\/de\/product\/julia-kontogruni-jk1843\/#breadcrumb"},"inLanguage":"de","potentialAction":[{"@type":"ReadAction","target":["https:\/\/www.koonings.com\/de\/product\/julia-kontogruni-jk1843\/"]}]},{"@type":"ImageObject","inLanguage":"de","@id":"https:\/\/www.koonings.com\/de\/product\/julia-kontogruni-jk1843\/#primaryimage","url":"https:\/\/www.koonings.com\/wp-content\/uploads\/2024\/11\/3640_59d66bd2d484b8c8817f91356102abf3b44f2cd7a6b44673c71f13a6aea8a881179d2799.jpeg","contentUrl":"https:\/\/www.koonings.com\/wp-content\/uploads\/2024\/11\/3640_59d66bd2d484b8c8817f91356102abf3b44f2cd7a6b44673c71f13a6aea8a881179d2799.jpeg","width":613,"height":866},{"@type":"BreadcrumbList","@id":"https:\/\/www.koonings.com\/de\/product\/julia-kontogruni-jk1843\/#breadcrumb","itemListElement":[{"@type":"ListItem","position":1,"name":"Home","item":"https:\/\/www.koonings.com\/de\/"},{"@type":"ListItem","position":2,"name":"Julia Kontogruni JK1843"}]},{"@type":"WebSite","@id":"https:\/\/www.koonings.com\/de\/#website","url":"https:\/\/www.koonings.com\/de\/","name":"Koonings","description":"De grootste bruidsmodewinkel ter wereld","publisher":{"@id":"https:\/\/www.koonings.com\/de\/#organization"},"potentialAction":[{"@type":"SearchAction","target":{"@type":"EntryPoint","urlTemplate":"https:\/\/www.koonings.com\/de\/?s={search_term_string}"},"query-input":{"@type":"PropertyValueSpecification","valueRequired":true,"valueName":"search_term_string"}}],"inLanguage":"de"},{"@type":"Organization","@id":"https:\/\/www.koonings.com\/de\/#organization","name":"Koonings","url":"https:\/\/www.koonings.com\/de\/","logo":{"@type":"ImageObject","inLanguage":"de","@id":"https:\/\/www.koonings.com\/de\/#\/schema\/logo\/image\/","url":"https:\/\/www.koonings.com\/wp-content\/uploads\/2024\/07\/logo.png","contentUrl":"https:\/\/www.koonings.com\/wp-content\/uploads\/2024\/07\/logo.png","width":600,"height":428,"caption":"Koonings"},"image":{"@id":"https:\/\/www.koonings.com\/de\/#\/schema\/logo\/image\/"},"sameAs":["https:\/\/www.facebook.com\/kooningstheweddingpalace","https:\/\/www.instagram.com\/kooningstheweddingpalace","https:\/\/www.pinterest.com\/koonings","https:\/\/www.youtube.com\/kooningstheweddingpalace"]}]}},"_links":{"self":[{"href":"https:\/\/www.koonings.com\/de\/wp-json\/wp\/v2\/product\/32267","targetHints":{"allow":["GET"]}}],"collection":[{"href":"https:\/\/www.koonings.com\/de\/wp-json\/wp\/v2\/product"}],"about":[{"href":"https:\/\/www.koonings.com\/de\/wp-json\/wp\/v2\/types\/product"}],"wp:featuredmedia":[{"embeddable":true,"href":"https:\/\/www.koonings.com\/de\/wp-json\/wp\/v2\/media\/66139"}],"wp:attachment":[{"href":"https:\/\/www.koonings.com\/de\/wp-json\/wp\/v2\/media?parent=32267"}],"wp:term":[{"taxonomy":"productdetails","embeddable":true,"href":"https:\/\/www.koonings.com\/de\/wp-json\/wp\/v2\/productdetails?post=32267"},{"taxonomy":"productneck","embeddable":true,"href":"https:\/\/www.koonings.com\/de\/wp-json\/wp\/v2\/productneck?post=32267"},{"taxonomy":"productcolor","embeddable":true,"href":"https:\/\/www.koonings.com\/de\/wp-json\/wp\/v2\/productcolor?post=32267"},{"taxonomy":"maat","embeddable":true,"href":"https:\/\/www.koonings.com\/de\/wp-json\/wp\/v2\/maat?post=32267"},{"taxonomy":"productsupplier","embeddable":true,"href":"https:\/\/www.koonings.com\/de\/wp-json\/wp\/v2\/productsupplier?post=32267"},{"taxonomy":"productsleeve","embeddable":true,"href":"https:\/\/www.koonings.com\/de\/wp-json\/wp\/v2\/productsleeve?post=32267"},{"taxonomy":"productcategory","embeddable":true,"href":"https:\/\/www.koonings.com\/de\/wp-json\/wp\/v2\/productcategory?post=32267"},{"taxonomy":"productsilhouette","embeddable":true,"href":"https:\/\/www.koonings.com\/de\/wp-json\/wp\/v2\/productsilhouette?post=32267"},{"taxonomy":"productstyle","embeddable":true,"href":"https:\/\/www.koonings.com\/de\/wp-json\/wp\/v2\/productstyle?post=32267"}],"curies":[{"name":"wp","href":"https:\/\/api.w.org\/{rel}","templated":true}]}}