{"id":32214,"date":"2026-04-21T18:02:32","date_gmt":"2026-04-21T16:02:32","guid":{"rendered":"https:\/\/www.koonings.com\/product\/alessandra-rinaudo-arab18642l\/"},"modified":"2026-02-13T12:03:52","modified_gmt":"2026-02-13T11:03:52","slug":"alessandra-rinaudo-arab18642l","status":"publish","type":"product","link":"https:\/\/www.koonings.com\/de\/product\/alessandra-rinaudo-arab18642l\/","title":{"rendered":"Alessandra Rinaudo ARAB18642L"},"content":{"rendered":"<p>Dieses elfenbeinfarbene Hochzeitskleid von Allessandra Rinaudo hat eine A-Linien-Silhouette. Das Kleid hat ein Oberteil aus Spitze und einen geschmeidigen Rock. Au\u00dferdem verf\u00fcgt das Kleid \u00fcber einen sexy Schlitz. Exklusiv in den Niederlanden bei Koonings The Wedding Palace.   <\/p>\n","protected":false},"featured_media":25464,"template":"","meta":{"_acf_changed":false,"ghostkit_customizer_options":"","ghostkit_custom_css":"","ghostkit_custom_js_head":"","ghostkit_custom_js_foot":"","ghostkit_typography":""},"productdetails":[],"productneck":[356],"productcolor":[392],"maat":[],"productsupplier":[412],"productsleeve":[359],"productcategory":[18],"productsilhouette":[384],"productstyle":[367],"class_list":["post-32214","product","type-product","status-publish","has-post-thumbnail","hentry","productneck-356","productcolor-392","productsupplier-alessandra-rinaudo","productsleeve-359","productcategory-trouwjurken","productsilhouette-384","productstyle-367"],"acf":[],"yoast_head":"<!-- This site is optimized with the Yoast SEO plugin v27.3 - https:\/\/yoast.com\/product\/yoast-seo-wordpress\/ -->\n<title>Alessandra Rinaudo ARAB18642L | Koonings<\/title>\n<meta name=\"description\" content=\"Dieses elfenbeinfarbene Hochzeitskleid von Allessandra Rinaudo hat eine A-Linien-Silhouette. Das Kleid hat ein Oberteil aus Spitze und einen geschmeidigen Rock. Au\u00dferdem verf\u00fcgt das Kleid \u00fcber einen sexy Schlitz. Exklusiv in den Niederlanden bei Koonings The Wedding Palace.\" \/>\n<meta name=\"robots\" content=\"index, follow, max-snippet:-1, max-image-preview:large, max-video-preview:-1\" \/>\n<link rel=\"canonical\" href=\"https:\/\/www.koonings.com\/de\/product\/alessandra-rinaudo-arab18642l\/\" \/>\n<meta property=\"og:locale\" content=\"de_DE\" \/>\n<meta property=\"og:type\" content=\"article\" \/>\n<meta property=\"og:title\" content=\"Alessandra Rinaudo ARAB18642L | Koonings\" \/>\n<meta property=\"og:description\" content=\"Dieses elfenbeinfarbene Hochzeitskleid von Allessandra Rinaudo hat eine A-Linien-Silhouette. Das Kleid hat ein Oberteil aus Spitze und einen geschmeidigen Rock. Au\u00dferdem verf\u00fcgt das Kleid \u00fcber einen sexy Schlitz. Exklusiv in den Niederlanden bei Koonings The Wedding Palace.\" \/>\n<meta property=\"og:url\" content=\"https:\/\/www.koonings.com\/de\/product\/alessandra-rinaudo-arab18642l\/\" \/>\n<meta property=\"og:site_name\" content=\"Koonings\" \/>\n<meta property=\"article:publisher\" content=\"https:\/\/www.facebook.com\/kooningstheweddingpalace\" \/>\n<meta property=\"og:image\" content=\"https:\/\/www.koonings.com\/wp-content\/uploads\/2024\/11\/8586_a582bddb0a17fcac1569786244da418f705ecd7816fc05e6f1c8745f788d4670ddc601a7.jpeg\" \/>\n\t<meta property=\"og:image:width\" content=\"690\" \/>\n\t<meta property=\"og:image:height\" content=\"976\" \/>\n\t<meta property=\"og:image:type\" content=\"image\/jpeg\" \/>\n<meta name=\"twitter:card\" content=\"summary_large_image\" \/>\n<script type=\"application\/ld+json\" class=\"yoast-schema-graph\">{\"@context\":\"https:\\\/\\\/schema.org\",\"@graph\":[{\"@type\":\"WebPage\",\"@id\":\"https:\\\/\\\/www.koonings.com\\\/de\\\/product\\\/alessandra-rinaudo-arab18642l\\\/\",\"url\":\"https:\\\/\\\/www.koonings.com\\\/de\\\/product\\\/alessandra-rinaudo-arab18642l\\\/\",\"name\":\"Alessandra Rinaudo ARAB18642L | Koonings\",\"isPartOf\":{\"@id\":\"https:\\\/\\\/www.koonings.com\\\/de\\\/#website\"},\"primaryImageOfPage\":{\"@id\":\"https:\\\/\\\/www.koonings.com\\\/de\\\/product\\\/alessandra-rinaudo-arab18642l\\\/#primaryimage\"},\"image\":{\"@id\":\"https:\\\/\\\/www.koonings.com\\\/de\\\/product\\\/alessandra-rinaudo-arab18642l\\\/#primaryimage\"},\"thumbnailUrl\":\"https:\\\/\\\/www.koonings.com\\\/wp-content\\\/uploads\\\/2024\\\/11\\\/8586_a582bddb0a17fcac1569786244da418f705ecd7816fc05e6f1c8745f788d4670ddc601a7.jpeg\",\"datePublished\":\"2026-04-21T16:02:32+00:00\",\"description\":\"Dieses elfenbeinfarbene Hochzeitskleid von Allessandra Rinaudo hat eine A-Linien-Silhouette. Das Kleid hat ein Oberteil aus Spitze und einen geschmeidigen Rock. Au\u00dferdem verf\u00fcgt das Kleid \u00fcber einen sexy Schlitz. Exklusiv in den Niederlanden bei Koonings The Wedding Palace.\",\"breadcrumb\":{\"@id\":\"https:\\\/\\\/www.koonings.com\\\/de\\\/product\\\/alessandra-rinaudo-arab18642l\\\/#breadcrumb\"},\"inLanguage\":\"de\",\"potentialAction\":[{\"@type\":\"ReadAction\",\"target\":[\"https:\\\/\\\/www.koonings.com\\\/de\\\/product\\\/alessandra-rinaudo-arab18642l\\\/\"]}]},{\"@type\":\"ImageObject\",\"inLanguage\":\"de\",\"@id\":\"https:\\\/\\\/www.koonings.com\\\/de\\\/product\\\/alessandra-rinaudo-arab18642l\\\/#primaryimage\",\"url\":\"https:\\\/\\\/www.koonings.com\\\/wp-content\\\/uploads\\\/2024\\\/11\\\/8586_a582bddb0a17fcac1569786244da418f705ecd7816fc05e6f1c8745f788d4670ddc601a7.jpeg\",\"contentUrl\":\"https:\\\/\\\/www.koonings.com\\\/wp-content\\\/uploads\\\/2024\\\/11\\\/8586_a582bddb0a17fcac1569786244da418f705ecd7816fc05e6f1c8745f788d4670ddc601a7.jpeg\",\"width\":690,\"height\":976},{\"@type\":\"BreadcrumbList\",\"@id\":\"https:\\\/\\\/www.koonings.com\\\/de\\\/product\\\/alessandra-rinaudo-arab18642l\\\/#breadcrumb\",\"itemListElement\":[{\"@type\":\"ListItem\",\"position\":1,\"name\":\"Home\",\"item\":\"https:\\\/\\\/www.koonings.com\\\/de\\\/\"},{\"@type\":\"ListItem\",\"position\":2,\"name\":\"Alessandra Rinaudo ARAB18642L\"}]},{\"@type\":\"WebSite\",\"@id\":\"https:\\\/\\\/www.koonings.com\\\/de\\\/#website\",\"url\":\"https:\\\/\\\/www.koonings.com\\\/de\\\/\",\"name\":\"Koonings\",\"description\":\"De grootste bruidsmodewinkel ter wereld\",\"publisher\":{\"@id\":\"https:\\\/\\\/www.koonings.com\\\/de\\\/#organization\"},\"potentialAction\":[{\"@type\":\"SearchAction\",\"target\":{\"@type\":\"EntryPoint\",\"urlTemplate\":\"https:\\\/\\\/www.koonings.com\\\/de\\\/?s={search_term_string}\"},\"query-input\":{\"@type\":\"PropertyValueSpecification\",\"valueRequired\":true,\"valueName\":\"search_term_string\"}}],\"inLanguage\":\"de\"},{\"@type\":\"Organization\",\"@id\":\"https:\\\/\\\/www.koonings.com\\\/de\\\/#organization\",\"name\":\"Koonings\",\"url\":\"https:\\\/\\\/www.koonings.com\\\/de\\\/\",\"logo\":{\"@type\":\"ImageObject\",\"inLanguage\":\"de\",\"@id\":\"https:\\\/\\\/www.koonings.com\\\/de\\\/#\\\/schema\\\/logo\\\/image\\\/\",\"url\":\"https:\\\/\\\/www.koonings.com\\\/wp-content\\\/uploads\\\/2024\\\/07\\\/logo.png\",\"contentUrl\":\"https:\\\/\\\/www.koonings.com\\\/wp-content\\\/uploads\\\/2024\\\/07\\\/logo.png\",\"width\":600,\"height\":428,\"caption\":\"Koonings\"},\"image\":{\"@id\":\"https:\\\/\\\/www.koonings.com\\\/de\\\/#\\\/schema\\\/logo\\\/image\\\/\"},\"sameAs\":[\"https:\\\/\\\/www.facebook.com\\\/kooningstheweddingpalace\",\"https:\\\/\\\/www.instagram.com\\\/kooningstheweddingpalace\",\"https:\\\/\\\/www.pinterest.com\\\/koonings\",\"https:\\\/\\\/www.youtube.com\\\/kooningstheweddingpalace\"]}]}<\/script>\n<!-- \/ Yoast SEO plugin. -->","yoast_head_json":{"title":"Alessandra Rinaudo ARAB18642L | Koonings","description":"Dieses elfenbeinfarbene Hochzeitskleid von Allessandra Rinaudo hat eine A-Linien-Silhouette. Das Kleid hat ein Oberteil aus Spitze und einen geschmeidigen Rock. Au\u00dferdem verf\u00fcgt das Kleid \u00fcber einen sexy Schlitz. Exklusiv in den Niederlanden bei Koonings The Wedding Palace.","robots":{"index":"index","follow":"follow","max-snippet":"max-snippet:-1","max-image-preview":"max-image-preview:large","max-video-preview":"max-video-preview:-1"},"canonical":"https:\/\/www.koonings.com\/de\/product\/alessandra-rinaudo-arab18642l\/","og_locale":"de_DE","og_type":"article","og_title":"Alessandra Rinaudo ARAB18642L | Koonings","og_description":"Dieses elfenbeinfarbene Hochzeitskleid von Allessandra Rinaudo hat eine A-Linien-Silhouette. Das Kleid hat ein Oberteil aus Spitze und einen geschmeidigen Rock. Au\u00dferdem verf\u00fcgt das Kleid \u00fcber einen sexy Schlitz. Exklusiv in den Niederlanden bei Koonings The Wedding Palace.","og_url":"https:\/\/www.koonings.com\/de\/product\/alessandra-rinaudo-arab18642l\/","og_site_name":"Koonings","article_publisher":"https:\/\/www.facebook.com\/kooningstheweddingpalace","og_image":[{"width":690,"height":976,"url":"https:\/\/www.koonings.com\/wp-content\/uploads\/2024\/11\/8586_a582bddb0a17fcac1569786244da418f705ecd7816fc05e6f1c8745f788d4670ddc601a7.jpeg","type":"image\/jpeg"}],"twitter_card":"summary_large_image","schema":{"@context":"https:\/\/schema.org","@graph":[{"@type":"WebPage","@id":"https:\/\/www.koonings.com\/de\/product\/alessandra-rinaudo-arab18642l\/","url":"https:\/\/www.koonings.com\/de\/product\/alessandra-rinaudo-arab18642l\/","name":"Alessandra Rinaudo ARAB18642L | Koonings","isPartOf":{"@id":"https:\/\/www.koonings.com\/de\/#website"},"primaryImageOfPage":{"@id":"https:\/\/www.koonings.com\/de\/product\/alessandra-rinaudo-arab18642l\/#primaryimage"},"image":{"@id":"https:\/\/www.koonings.com\/de\/product\/alessandra-rinaudo-arab18642l\/#primaryimage"},"thumbnailUrl":"https:\/\/www.koonings.com\/wp-content\/uploads\/2024\/11\/8586_a582bddb0a17fcac1569786244da418f705ecd7816fc05e6f1c8745f788d4670ddc601a7.jpeg","datePublished":"2026-04-21T16:02:32+00:00","description":"Dieses elfenbeinfarbene Hochzeitskleid von Allessandra Rinaudo hat eine A-Linien-Silhouette. Das Kleid hat ein Oberteil aus Spitze und einen geschmeidigen Rock. Au\u00dferdem verf\u00fcgt das Kleid \u00fcber einen sexy Schlitz. Exklusiv in den Niederlanden bei Koonings The Wedding Palace.","breadcrumb":{"@id":"https:\/\/www.koonings.com\/de\/product\/alessandra-rinaudo-arab18642l\/#breadcrumb"},"inLanguage":"de","potentialAction":[{"@type":"ReadAction","target":["https:\/\/www.koonings.com\/de\/product\/alessandra-rinaudo-arab18642l\/"]}]},{"@type":"ImageObject","inLanguage":"de","@id":"https:\/\/www.koonings.com\/de\/product\/alessandra-rinaudo-arab18642l\/#primaryimage","url":"https:\/\/www.koonings.com\/wp-content\/uploads\/2024\/11\/8586_a582bddb0a17fcac1569786244da418f705ecd7816fc05e6f1c8745f788d4670ddc601a7.jpeg","contentUrl":"https:\/\/www.koonings.com\/wp-content\/uploads\/2024\/11\/8586_a582bddb0a17fcac1569786244da418f705ecd7816fc05e6f1c8745f788d4670ddc601a7.jpeg","width":690,"height":976},{"@type":"BreadcrumbList","@id":"https:\/\/www.koonings.com\/de\/product\/alessandra-rinaudo-arab18642l\/#breadcrumb","itemListElement":[{"@type":"ListItem","position":1,"name":"Home","item":"https:\/\/www.koonings.com\/de\/"},{"@type":"ListItem","position":2,"name":"Alessandra Rinaudo ARAB18642L"}]},{"@type":"WebSite","@id":"https:\/\/www.koonings.com\/de\/#website","url":"https:\/\/www.koonings.com\/de\/","name":"Koonings","description":"De grootste bruidsmodewinkel ter wereld","publisher":{"@id":"https:\/\/www.koonings.com\/de\/#organization"},"potentialAction":[{"@type":"SearchAction","target":{"@type":"EntryPoint","urlTemplate":"https:\/\/www.koonings.com\/de\/?s={search_term_string}"},"query-input":{"@type":"PropertyValueSpecification","valueRequired":true,"valueName":"search_term_string"}}],"inLanguage":"de"},{"@type":"Organization","@id":"https:\/\/www.koonings.com\/de\/#organization","name":"Koonings","url":"https:\/\/www.koonings.com\/de\/","logo":{"@type":"ImageObject","inLanguage":"de","@id":"https:\/\/www.koonings.com\/de\/#\/schema\/logo\/image\/","url":"https:\/\/www.koonings.com\/wp-content\/uploads\/2024\/07\/logo.png","contentUrl":"https:\/\/www.koonings.com\/wp-content\/uploads\/2024\/07\/logo.png","width":600,"height":428,"caption":"Koonings"},"image":{"@id":"https:\/\/www.koonings.com\/de\/#\/schema\/logo\/image\/"},"sameAs":["https:\/\/www.facebook.com\/kooningstheweddingpalace","https:\/\/www.instagram.com\/kooningstheweddingpalace","https:\/\/www.pinterest.com\/koonings","https:\/\/www.youtube.com\/kooningstheweddingpalace"]}]}},"_links":{"self":[{"href":"https:\/\/www.koonings.com\/de\/wp-json\/wp\/v2\/product\/32214","targetHints":{"allow":["GET"]}}],"collection":[{"href":"https:\/\/www.koonings.com\/de\/wp-json\/wp\/v2\/product"}],"about":[{"href":"https:\/\/www.koonings.com\/de\/wp-json\/wp\/v2\/types\/product"}],"wp:featuredmedia":[{"embeddable":true,"href":"https:\/\/www.koonings.com\/de\/wp-json\/wp\/v2\/media\/25464"}],"wp:attachment":[{"href":"https:\/\/www.koonings.com\/de\/wp-json\/wp\/v2\/media?parent=32214"}],"wp:term":[{"taxonomy":"productdetails","embeddable":true,"href":"https:\/\/www.koonings.com\/de\/wp-json\/wp\/v2\/productdetails?post=32214"},{"taxonomy":"productneck","embeddable":true,"href":"https:\/\/www.koonings.com\/de\/wp-json\/wp\/v2\/productneck?post=32214"},{"taxonomy":"productcolor","embeddable":true,"href":"https:\/\/www.koonings.com\/de\/wp-json\/wp\/v2\/productcolor?post=32214"},{"taxonomy":"maat","embeddable":true,"href":"https:\/\/www.koonings.com\/de\/wp-json\/wp\/v2\/maat?post=32214"},{"taxonomy":"productsupplier","embeddable":true,"href":"https:\/\/www.koonings.com\/de\/wp-json\/wp\/v2\/productsupplier?post=32214"},{"taxonomy":"productsleeve","embeddable":true,"href":"https:\/\/www.koonings.com\/de\/wp-json\/wp\/v2\/productsleeve?post=32214"},{"taxonomy":"productcategory","embeddable":true,"href":"https:\/\/www.koonings.com\/de\/wp-json\/wp\/v2\/productcategory?post=32214"},{"taxonomy":"productsilhouette","embeddable":true,"href":"https:\/\/www.koonings.com\/de\/wp-json\/wp\/v2\/productsilhouette?post=32214"},{"taxonomy":"productstyle","embeddable":true,"href":"https:\/\/www.koonings.com\/de\/wp-json\/wp\/v2\/productstyle?post=32214"}],"curies":[{"name":"wp","href":"https:\/\/api.w.org\/{rel}","templated":true}]}}