{"id":32210,"date":"2026-03-27T16:02:33","date_gmt":"2026-03-27T15:02:33","guid":{"rendered":"https:\/\/www.koonings.com\/product\/alessandra-rinaudo-arab18609\/"},"modified":"2026-02-13T12:03:47","modified_gmt":"2026-02-13T11:03:47","slug":"alessandra-rinaudo-arab18609","status":"publish","type":"product","link":"https:\/\/www.koonings.com\/de\/product\/alessandra-rinaudo-arab18609\/","title":{"rendered":"Alessandra Rinaudo ARAB18609"},"content":{"rendered":"<p>Dieses elfenbeinfarbene Brautkleid von Alessandra Rinaudo hat eine Meerjungfrauen-Silhouette. Das Kleid hat ein Spitzenoberteil mit tiefem V-Ausschnitt und einen T\u00fcllrock mit Spitzendetails. Au\u00dferdem hat das Kleid einen freien R\u00fccken, Fl\u00fcgel\u00e4rmel und eine Schleppe.  <\/p>\n","protected":false},"featured_media":25451,"template":"","meta":{"_acf_changed":false,"ghostkit_customizer_options":"","ghostkit_custom_css":"","ghostkit_custom_js_head":"","ghostkit_custom_js_foot":"","ghostkit_typography":""},"productdetails":[381],"productneck":[356],"productcolor":[392],"maat":[],"productsupplier":[412],"productsleeve":[361],"productcategory":[18],"productsilhouette":[386],"productstyle":[367],"class_list":["post-32210","product","type-product","status-publish","has-post-thumbnail","hentry","productdetails-381","productneck-356","productcolor-392","productsupplier-alessandra-rinaudo","productsleeve-361","productcategory-trouwjurken","productsilhouette-386","productstyle-367"],"acf":[],"yoast_head":"<!-- This site is optimized with the Yoast SEO plugin v26.8 - https:\/\/yoast.com\/product\/yoast-seo-wordpress\/ -->\n<title>Alessandra Rinaudo ARAB18609 | Koonings<\/title>\n<meta name=\"description\" content=\"Dieses elfenbeinfarbene Brautkleid von Alessandra Rinaudo hat eine Meerjungfrauen-Silhouette. Das Kleid hat ein Spitzenoberteil mit tiefem V-Ausschnitt und einen T\u00fcllrock mit Spitzendetails. Au\u00dferdem hat das Kleid einen freien R\u00fccken, Fl\u00fcgel\u00e4rmel und eine Schleppe.\" \/>\n<meta name=\"robots\" content=\"index, follow, max-snippet:-1, max-image-preview:large, max-video-preview:-1\" \/>\n<link rel=\"canonical\" href=\"https:\/\/www.koonings.com\/de\/product\/alessandra-rinaudo-arab18609\/\" \/>\n<meta property=\"og:locale\" content=\"de_DE\" \/>\n<meta property=\"og:type\" content=\"article\" \/>\n<meta property=\"og:title\" content=\"Alessandra Rinaudo ARAB18609 | Koonings\" \/>\n<meta property=\"og:description\" content=\"Dieses elfenbeinfarbene Brautkleid von Alessandra Rinaudo hat eine Meerjungfrauen-Silhouette. Das Kleid hat ein Spitzenoberteil mit tiefem V-Ausschnitt und einen T\u00fcllrock mit Spitzendetails. Au\u00dferdem hat das Kleid einen freien R\u00fccken, Fl\u00fcgel\u00e4rmel und eine Schleppe.\" \/>\n<meta property=\"og:url\" content=\"https:\/\/www.koonings.com\/de\/product\/alessandra-rinaudo-arab18609\/\" \/>\n<meta property=\"og:site_name\" content=\"Koonings\" \/>\n<meta property=\"article:publisher\" content=\"https:\/\/www.facebook.com\/kooningstheweddingpalace\" \/>\n<meta property=\"og:image\" content=\"https:\/\/www.koonings.com\/wp-content\/uploads\/2024\/11\/8560_f925d8fe93858aa3caf6b00c40e9c0654b04ba605782aae2fb54746d15ef08135d6811b8.jpeg\" \/>\n\t<meta property=\"og:image:width\" content=\"704\" \/>\n\t<meta property=\"og:image:height\" content=\"997\" \/>\n\t<meta property=\"og:image:type\" content=\"image\/jpeg\" \/>\n<meta name=\"twitter:card\" content=\"summary_large_image\" \/>\n<script type=\"application\/ld+json\" class=\"yoast-schema-graph\">{\"@context\":\"https:\/\/schema.org\",\"@graph\":[{\"@type\":\"WebPage\",\"@id\":\"https:\/\/www.koonings.com\/de\/product\/alessandra-rinaudo-arab18609\/\",\"url\":\"https:\/\/www.koonings.com\/de\/product\/alessandra-rinaudo-arab18609\/\",\"name\":\"Alessandra Rinaudo ARAB18609 | Koonings\",\"isPartOf\":{\"@id\":\"https:\/\/www.koonings.com\/de\/#website\"},\"primaryImageOfPage\":{\"@id\":\"https:\/\/www.koonings.com\/de\/product\/alessandra-rinaudo-arab18609\/#primaryimage\"},\"image\":{\"@id\":\"https:\/\/www.koonings.com\/de\/product\/alessandra-rinaudo-arab18609\/#primaryimage\"},\"thumbnailUrl\":\"https:\/\/www.koonings.com\/wp-content\/uploads\/2024\/11\/8560_f925d8fe93858aa3caf6b00c40e9c0654b04ba605782aae2fb54746d15ef08135d6811b8.jpeg\",\"datePublished\":\"2026-03-27T15:02:33+00:00\",\"description\":\"Dieses elfenbeinfarbene Brautkleid von Alessandra Rinaudo hat eine Meerjungfrauen-Silhouette. Das Kleid hat ein Spitzenoberteil mit tiefem V-Ausschnitt und einen T\u00fcllrock mit Spitzendetails. Au\u00dferdem hat das Kleid einen freien R\u00fccken, Fl\u00fcgel\u00e4rmel und eine Schleppe.\",\"breadcrumb\":{\"@id\":\"https:\/\/www.koonings.com\/de\/product\/alessandra-rinaudo-arab18609\/#breadcrumb\"},\"inLanguage\":\"de\",\"potentialAction\":[{\"@type\":\"ReadAction\",\"target\":[\"https:\/\/www.koonings.com\/de\/product\/alessandra-rinaudo-arab18609\/\"]}]},{\"@type\":\"ImageObject\",\"inLanguage\":\"de\",\"@id\":\"https:\/\/www.koonings.com\/de\/product\/alessandra-rinaudo-arab18609\/#primaryimage\",\"url\":\"https:\/\/www.koonings.com\/wp-content\/uploads\/2024\/11\/8560_f925d8fe93858aa3caf6b00c40e9c0654b04ba605782aae2fb54746d15ef08135d6811b8.jpeg\",\"contentUrl\":\"https:\/\/www.koonings.com\/wp-content\/uploads\/2024\/11\/8560_f925d8fe93858aa3caf6b00c40e9c0654b04ba605782aae2fb54746d15ef08135d6811b8.jpeg\",\"width\":704,\"height\":997},{\"@type\":\"BreadcrumbList\",\"@id\":\"https:\/\/www.koonings.com\/de\/product\/alessandra-rinaudo-arab18609\/#breadcrumb\",\"itemListElement\":[{\"@type\":\"ListItem\",\"position\":1,\"name\":\"Home\",\"item\":\"https:\/\/www.koonings.com\/de\/\"},{\"@type\":\"ListItem\",\"position\":2,\"name\":\"Alessandra Rinaudo ARAB18609\"}]},{\"@type\":\"WebSite\",\"@id\":\"https:\/\/www.koonings.com\/de\/#website\",\"url\":\"https:\/\/www.koonings.com\/de\/\",\"name\":\"Koonings\",\"description\":\"De grootste bruidsmodewinkel ter wereld\",\"publisher\":{\"@id\":\"https:\/\/www.koonings.com\/de\/#organization\"},\"potentialAction\":[{\"@type\":\"SearchAction\",\"target\":{\"@type\":\"EntryPoint\",\"urlTemplate\":\"https:\/\/www.koonings.com\/de\/?s={search_term_string}\"},\"query-input\":{\"@type\":\"PropertyValueSpecification\",\"valueRequired\":true,\"valueName\":\"search_term_string\"}}],\"inLanguage\":\"de\"},{\"@type\":\"Organization\",\"@id\":\"https:\/\/www.koonings.com\/de\/#organization\",\"name\":\"Koonings\",\"url\":\"https:\/\/www.koonings.com\/de\/\",\"logo\":{\"@type\":\"ImageObject\",\"inLanguage\":\"de\",\"@id\":\"https:\/\/www.koonings.com\/de\/#\/schema\/logo\/image\/\",\"url\":\"https:\/\/www.koonings.com\/wp-content\/uploads\/2024\/07\/logo.png\",\"contentUrl\":\"https:\/\/www.koonings.com\/wp-content\/uploads\/2024\/07\/logo.png\",\"width\":600,\"height\":428,\"caption\":\"Koonings\"},\"image\":{\"@id\":\"https:\/\/www.koonings.com\/de\/#\/schema\/logo\/image\/\"},\"sameAs\":[\"https:\/\/www.facebook.com\/kooningstheweddingpalace\",\"https:\/\/www.instagram.com\/kooningstheweddingpalace\",\"https:\/\/www.pinterest.com\/koonings\",\"https:\/\/www.youtube.com\/kooningstheweddingpalace\"]}]}<\/script>\n<!-- \/ Yoast SEO plugin. -->","yoast_head_json":{"title":"Alessandra Rinaudo ARAB18609 | Koonings","description":"Dieses elfenbeinfarbene Brautkleid von Alessandra Rinaudo hat eine Meerjungfrauen-Silhouette. Das Kleid hat ein Spitzenoberteil mit tiefem V-Ausschnitt und einen T\u00fcllrock mit Spitzendetails. Au\u00dferdem hat das Kleid einen freien R\u00fccken, Fl\u00fcgel\u00e4rmel und eine Schleppe.","robots":{"index":"index","follow":"follow","max-snippet":"max-snippet:-1","max-image-preview":"max-image-preview:large","max-video-preview":"max-video-preview:-1"},"canonical":"https:\/\/www.koonings.com\/de\/product\/alessandra-rinaudo-arab18609\/","og_locale":"de_DE","og_type":"article","og_title":"Alessandra Rinaudo ARAB18609 | Koonings","og_description":"Dieses elfenbeinfarbene Brautkleid von Alessandra Rinaudo hat eine Meerjungfrauen-Silhouette. Das Kleid hat ein Spitzenoberteil mit tiefem V-Ausschnitt und einen T\u00fcllrock mit Spitzendetails. Au\u00dferdem hat das Kleid einen freien R\u00fccken, Fl\u00fcgel\u00e4rmel und eine Schleppe.","og_url":"https:\/\/www.koonings.com\/de\/product\/alessandra-rinaudo-arab18609\/","og_site_name":"Koonings","article_publisher":"https:\/\/www.facebook.com\/kooningstheweddingpalace","og_image":[{"width":704,"height":997,"url":"https:\/\/www.koonings.com\/wp-content\/uploads\/2024\/11\/8560_f925d8fe93858aa3caf6b00c40e9c0654b04ba605782aae2fb54746d15ef08135d6811b8.jpeg","type":"image\/jpeg"}],"twitter_card":"summary_large_image","schema":{"@context":"https:\/\/schema.org","@graph":[{"@type":"WebPage","@id":"https:\/\/www.koonings.com\/de\/product\/alessandra-rinaudo-arab18609\/","url":"https:\/\/www.koonings.com\/de\/product\/alessandra-rinaudo-arab18609\/","name":"Alessandra Rinaudo ARAB18609 | Koonings","isPartOf":{"@id":"https:\/\/www.koonings.com\/de\/#website"},"primaryImageOfPage":{"@id":"https:\/\/www.koonings.com\/de\/product\/alessandra-rinaudo-arab18609\/#primaryimage"},"image":{"@id":"https:\/\/www.koonings.com\/de\/product\/alessandra-rinaudo-arab18609\/#primaryimage"},"thumbnailUrl":"https:\/\/www.koonings.com\/wp-content\/uploads\/2024\/11\/8560_f925d8fe93858aa3caf6b00c40e9c0654b04ba605782aae2fb54746d15ef08135d6811b8.jpeg","datePublished":"2026-03-27T15:02:33+00:00","description":"Dieses elfenbeinfarbene Brautkleid von Alessandra Rinaudo hat eine Meerjungfrauen-Silhouette. Das Kleid hat ein Spitzenoberteil mit tiefem V-Ausschnitt und einen T\u00fcllrock mit Spitzendetails. Au\u00dferdem hat das Kleid einen freien R\u00fccken, Fl\u00fcgel\u00e4rmel und eine Schleppe.","breadcrumb":{"@id":"https:\/\/www.koonings.com\/de\/product\/alessandra-rinaudo-arab18609\/#breadcrumb"},"inLanguage":"de","potentialAction":[{"@type":"ReadAction","target":["https:\/\/www.koonings.com\/de\/product\/alessandra-rinaudo-arab18609\/"]}]},{"@type":"ImageObject","inLanguage":"de","@id":"https:\/\/www.koonings.com\/de\/product\/alessandra-rinaudo-arab18609\/#primaryimage","url":"https:\/\/www.koonings.com\/wp-content\/uploads\/2024\/11\/8560_f925d8fe93858aa3caf6b00c40e9c0654b04ba605782aae2fb54746d15ef08135d6811b8.jpeg","contentUrl":"https:\/\/www.koonings.com\/wp-content\/uploads\/2024\/11\/8560_f925d8fe93858aa3caf6b00c40e9c0654b04ba605782aae2fb54746d15ef08135d6811b8.jpeg","width":704,"height":997},{"@type":"BreadcrumbList","@id":"https:\/\/www.koonings.com\/de\/product\/alessandra-rinaudo-arab18609\/#breadcrumb","itemListElement":[{"@type":"ListItem","position":1,"name":"Home","item":"https:\/\/www.koonings.com\/de\/"},{"@type":"ListItem","position":2,"name":"Alessandra Rinaudo ARAB18609"}]},{"@type":"WebSite","@id":"https:\/\/www.koonings.com\/de\/#website","url":"https:\/\/www.koonings.com\/de\/","name":"Koonings","description":"De grootste bruidsmodewinkel ter wereld","publisher":{"@id":"https:\/\/www.koonings.com\/de\/#organization"},"potentialAction":[{"@type":"SearchAction","target":{"@type":"EntryPoint","urlTemplate":"https:\/\/www.koonings.com\/de\/?s={search_term_string}"},"query-input":{"@type":"PropertyValueSpecification","valueRequired":true,"valueName":"search_term_string"}}],"inLanguage":"de"},{"@type":"Organization","@id":"https:\/\/www.koonings.com\/de\/#organization","name":"Koonings","url":"https:\/\/www.koonings.com\/de\/","logo":{"@type":"ImageObject","inLanguage":"de","@id":"https:\/\/www.koonings.com\/de\/#\/schema\/logo\/image\/","url":"https:\/\/www.koonings.com\/wp-content\/uploads\/2024\/07\/logo.png","contentUrl":"https:\/\/www.koonings.com\/wp-content\/uploads\/2024\/07\/logo.png","width":600,"height":428,"caption":"Koonings"},"image":{"@id":"https:\/\/www.koonings.com\/de\/#\/schema\/logo\/image\/"},"sameAs":["https:\/\/www.facebook.com\/kooningstheweddingpalace","https:\/\/www.instagram.com\/kooningstheweddingpalace","https:\/\/www.pinterest.com\/koonings","https:\/\/www.youtube.com\/kooningstheweddingpalace"]}]}},"_links":{"self":[{"href":"https:\/\/www.koonings.com\/de\/wp-json\/wp\/v2\/product\/32210","targetHints":{"allow":["GET"]}}],"collection":[{"href":"https:\/\/www.koonings.com\/de\/wp-json\/wp\/v2\/product"}],"about":[{"href":"https:\/\/www.koonings.com\/de\/wp-json\/wp\/v2\/types\/product"}],"wp:featuredmedia":[{"embeddable":true,"href":"https:\/\/www.koonings.com\/de\/wp-json\/wp\/v2\/media\/25451"}],"wp:attachment":[{"href":"https:\/\/www.koonings.com\/de\/wp-json\/wp\/v2\/media?parent=32210"}],"wp:term":[{"taxonomy":"productdetails","embeddable":true,"href":"https:\/\/www.koonings.com\/de\/wp-json\/wp\/v2\/productdetails?post=32210"},{"taxonomy":"productneck","embeddable":true,"href":"https:\/\/www.koonings.com\/de\/wp-json\/wp\/v2\/productneck?post=32210"},{"taxonomy":"productcolor","embeddable":true,"href":"https:\/\/www.koonings.com\/de\/wp-json\/wp\/v2\/productcolor?post=32210"},{"taxonomy":"maat","embeddable":true,"href":"https:\/\/www.koonings.com\/de\/wp-json\/wp\/v2\/maat?post=32210"},{"taxonomy":"productsupplier","embeddable":true,"href":"https:\/\/www.koonings.com\/de\/wp-json\/wp\/v2\/productsupplier?post=32210"},{"taxonomy":"productsleeve","embeddable":true,"href":"https:\/\/www.koonings.com\/de\/wp-json\/wp\/v2\/productsleeve?post=32210"},{"taxonomy":"productcategory","embeddable":true,"href":"https:\/\/www.koonings.com\/de\/wp-json\/wp\/v2\/productcategory?post=32210"},{"taxonomy":"productsilhouette","embeddable":true,"href":"https:\/\/www.koonings.com\/de\/wp-json\/wp\/v2\/productsilhouette?post=32210"},{"taxonomy":"productstyle","embeddable":true,"href":"https:\/\/www.koonings.com\/de\/wp-json\/wp\/v2\/productstyle?post=32210"}],"curies":[{"name":"wp","href":"https:\/\/api.w.org\/{rel}","templated":true}]}}