{"id":32205,"date":"2026-04-28T18:02:34","date_gmt":"2026-04-28T16:02:34","guid":{"rendered":"https:\/\/www.koonings.com\/product\/alessandra-rinaudo-arab19767\/"},"modified":"2026-02-13T12:05:06","modified_gmt":"2026-02-13T11:05:06","slug":"alessandra-rinaudo-arab19767","status":"publish","type":"product","link":"https:\/\/www.koonings.com\/de\/product\/alessandra-rinaudo-arab19767\/","title":{"rendered":"Alessandra Rinaudo ARAB19767"},"content":{"rendered":"<p>Dieses ganz besondere extravagante elfenbeinfarbene Hochzeitskleid von Alessandra Rinoudo hat eine sanft fallende Silhouette. Das Oberteil ist transparent und mit einer sehr zarten Spitze gearbeitet. Diese l\u00e4uft \u00fcber die Schultern und sorgt f\u00fcr einen Off-Shoulder-Effekt. Sie geht in einen besonders langen \u00c4rmel \u00fcber. Der Rock ist ebenfalls transparent und flie\u00dfend.    <\/p>\n","protected":false},"featured_media":25499,"template":"","meta":{"_acf_changed":false,"ghostkit_customizer_options":"","ghostkit_custom_css":"","ghostkit_custom_js_head":"","ghostkit_custom_js_foot":"","ghostkit_typography":""},"productdetails":[],"productneck":[351],"productcolor":[392],"maat":[],"productsupplier":[412],"productsleeve":[362,363],"productcategory":[18],"productsilhouette":[389],"productstyle":[367],"class_list":["post-32205","product","type-product","status-publish","has-post-thumbnail","hentry","productneck-351","productcolor-392","productsupplier-alessandra-rinaudo","productsleeve-362","productsleeve-363","productcategory-trouwjurken","productsilhouette-389","productstyle-367"],"acf":[],"yoast_head":"<!-- This site is optimized with the Yoast SEO plugin v27.3 - https:\/\/yoast.com\/product\/yoast-seo-wordpress\/ -->\n<title>Alessandra Rinaudo ARAB19767 | Koonings<\/title>\n<meta name=\"description\" content=\"Dieses ganz besondere extravagante elfenbeinfarbene Hochzeitskleid von Alessandra Rinoudo hat eine sanft fallende Silhouette. Das Oberteil ist transparent und mit einer sehr zarten Spitze gearbeitet. Diese l\u00e4uft \u00fcber die Schultern und sorgt f\u00fcr einen Off-Shoulder-Effekt. Sie geht in einen besonders langen \u00c4rmel \u00fcber. Der Rock ist ebenfalls transparent und flie\u00dfend.\" \/>\n<meta name=\"robots\" content=\"index, follow, max-snippet:-1, max-image-preview:large, max-video-preview:-1\" \/>\n<link rel=\"canonical\" href=\"https:\/\/www.koonings.com\/de\/product\/alessandra-rinaudo-arab19767\/\" \/>\n<meta property=\"og:locale\" content=\"de_DE\" \/>\n<meta property=\"og:type\" content=\"article\" \/>\n<meta property=\"og:title\" content=\"Alessandra Rinaudo ARAB19767 | Koonings\" \/>\n<meta property=\"og:description\" content=\"Dieses ganz besondere extravagante elfenbeinfarbene Hochzeitskleid von Alessandra Rinoudo hat eine sanft fallende Silhouette. Das Oberteil ist transparent und mit einer sehr zarten Spitze gearbeitet. Diese l\u00e4uft \u00fcber die Schultern und sorgt f\u00fcr einen Off-Shoulder-Effekt. Sie geht in einen besonders langen \u00c4rmel \u00fcber. Der Rock ist ebenfalls transparent und flie\u00dfend.\" \/>\n<meta property=\"og:url\" content=\"https:\/\/www.koonings.com\/de\/product\/alessandra-rinaudo-arab19767\/\" \/>\n<meta property=\"og:site_name\" content=\"Koonings\" \/>\n<meta property=\"article:publisher\" content=\"https:\/\/www.facebook.com\/kooningstheweddingpalace\" \/>\n<meta property=\"og:image\" content=\"https:\/\/www.koonings.com\/wp-content\/uploads\/2024\/11\/8715_3e3c2e12bb57375e4e877c35b12d437df5dccae13902464aead70a3a9aa9f7dceb982175.jpeg\" \/>\n\t<meta property=\"og:image:width\" content=\"1630\" \/>\n\t<meta property=\"og:image:height\" content=\"2307\" \/>\n\t<meta property=\"og:image:type\" content=\"image\/jpeg\" \/>\n<meta name=\"twitter:card\" content=\"summary_large_image\" \/>\n<script type=\"application\/ld+json\" class=\"yoast-schema-graph\">{\"@context\":\"https:\\\/\\\/schema.org\",\"@graph\":[{\"@type\":\"WebPage\",\"@id\":\"https:\\\/\\\/www.koonings.com\\\/de\\\/product\\\/alessandra-rinaudo-arab19767\\\/\",\"url\":\"https:\\\/\\\/www.koonings.com\\\/de\\\/product\\\/alessandra-rinaudo-arab19767\\\/\",\"name\":\"Alessandra Rinaudo ARAB19767 | Koonings\",\"isPartOf\":{\"@id\":\"https:\\\/\\\/www.koonings.com\\\/de\\\/#website\"},\"primaryImageOfPage\":{\"@id\":\"https:\\\/\\\/www.koonings.com\\\/de\\\/product\\\/alessandra-rinaudo-arab19767\\\/#primaryimage\"},\"image\":{\"@id\":\"https:\\\/\\\/www.koonings.com\\\/de\\\/product\\\/alessandra-rinaudo-arab19767\\\/#primaryimage\"},\"thumbnailUrl\":\"https:\\\/\\\/www.koonings.com\\\/wp-content\\\/uploads\\\/2024\\\/11\\\/8715_3e3c2e12bb57375e4e877c35b12d437df5dccae13902464aead70a3a9aa9f7dceb982175.jpeg\",\"datePublished\":\"2026-04-28T16:02:34+00:00\",\"description\":\"Dieses ganz besondere extravagante elfenbeinfarbene Hochzeitskleid von Alessandra Rinoudo hat eine sanft fallende Silhouette. Das Oberteil ist transparent und mit einer sehr zarten Spitze gearbeitet. Diese l\u00e4uft \u00fcber die Schultern und sorgt f\u00fcr einen Off-Shoulder-Effekt. Sie geht in einen besonders langen \u00c4rmel \u00fcber. Der Rock ist ebenfalls transparent und flie\u00dfend.\",\"breadcrumb\":{\"@id\":\"https:\\\/\\\/www.koonings.com\\\/de\\\/product\\\/alessandra-rinaudo-arab19767\\\/#breadcrumb\"},\"inLanguage\":\"de\",\"potentialAction\":[{\"@type\":\"ReadAction\",\"target\":[\"https:\\\/\\\/www.koonings.com\\\/de\\\/product\\\/alessandra-rinaudo-arab19767\\\/\"]}]},{\"@type\":\"ImageObject\",\"inLanguage\":\"de\",\"@id\":\"https:\\\/\\\/www.koonings.com\\\/de\\\/product\\\/alessandra-rinaudo-arab19767\\\/#primaryimage\",\"url\":\"https:\\\/\\\/www.koonings.com\\\/wp-content\\\/uploads\\\/2024\\\/11\\\/8715_3e3c2e12bb57375e4e877c35b12d437df5dccae13902464aead70a3a9aa9f7dceb982175.jpeg\",\"contentUrl\":\"https:\\\/\\\/www.koonings.com\\\/wp-content\\\/uploads\\\/2024\\\/11\\\/8715_3e3c2e12bb57375e4e877c35b12d437df5dccae13902464aead70a3a9aa9f7dceb982175.jpeg\",\"width\":1630,\"height\":2307},{\"@type\":\"BreadcrumbList\",\"@id\":\"https:\\\/\\\/www.koonings.com\\\/de\\\/product\\\/alessandra-rinaudo-arab19767\\\/#breadcrumb\",\"itemListElement\":[{\"@type\":\"ListItem\",\"position\":1,\"name\":\"Home\",\"item\":\"https:\\\/\\\/www.koonings.com\\\/de\\\/\"},{\"@type\":\"ListItem\",\"position\":2,\"name\":\"Alessandra Rinaudo ARAB19767\"}]},{\"@type\":\"WebSite\",\"@id\":\"https:\\\/\\\/www.koonings.com\\\/de\\\/#website\",\"url\":\"https:\\\/\\\/www.koonings.com\\\/de\\\/\",\"name\":\"Koonings\",\"description\":\"De grootste bruidsmodewinkel ter wereld\",\"publisher\":{\"@id\":\"https:\\\/\\\/www.koonings.com\\\/de\\\/#organization\"},\"potentialAction\":[{\"@type\":\"SearchAction\",\"target\":{\"@type\":\"EntryPoint\",\"urlTemplate\":\"https:\\\/\\\/www.koonings.com\\\/de\\\/?s={search_term_string}\"},\"query-input\":{\"@type\":\"PropertyValueSpecification\",\"valueRequired\":true,\"valueName\":\"search_term_string\"}}],\"inLanguage\":\"de\"},{\"@type\":\"Organization\",\"@id\":\"https:\\\/\\\/www.koonings.com\\\/de\\\/#organization\",\"name\":\"Koonings\",\"url\":\"https:\\\/\\\/www.koonings.com\\\/de\\\/\",\"logo\":{\"@type\":\"ImageObject\",\"inLanguage\":\"de\",\"@id\":\"https:\\\/\\\/www.koonings.com\\\/de\\\/#\\\/schema\\\/logo\\\/image\\\/\",\"url\":\"https:\\\/\\\/www.koonings.com\\\/wp-content\\\/uploads\\\/2024\\\/07\\\/logo.png\",\"contentUrl\":\"https:\\\/\\\/www.koonings.com\\\/wp-content\\\/uploads\\\/2024\\\/07\\\/logo.png\",\"width\":600,\"height\":428,\"caption\":\"Koonings\"},\"image\":{\"@id\":\"https:\\\/\\\/www.koonings.com\\\/de\\\/#\\\/schema\\\/logo\\\/image\\\/\"},\"sameAs\":[\"https:\\\/\\\/www.facebook.com\\\/kooningstheweddingpalace\",\"https:\\\/\\\/www.instagram.com\\\/kooningstheweddingpalace\",\"https:\\\/\\\/www.pinterest.com\\\/koonings\",\"https:\\\/\\\/www.youtube.com\\\/kooningstheweddingpalace\"]}]}<\/script>\n<!-- \/ Yoast SEO plugin. -->","yoast_head_json":{"title":"Alessandra Rinaudo ARAB19767 | Koonings","description":"Dieses ganz besondere extravagante elfenbeinfarbene Hochzeitskleid von Alessandra Rinoudo hat eine sanft fallende Silhouette. Das Oberteil ist transparent und mit einer sehr zarten Spitze gearbeitet. Diese l\u00e4uft \u00fcber die Schultern und sorgt f\u00fcr einen Off-Shoulder-Effekt. Sie geht in einen besonders langen \u00c4rmel \u00fcber. Der Rock ist ebenfalls transparent und flie\u00dfend.","robots":{"index":"index","follow":"follow","max-snippet":"max-snippet:-1","max-image-preview":"max-image-preview:large","max-video-preview":"max-video-preview:-1"},"canonical":"https:\/\/www.koonings.com\/de\/product\/alessandra-rinaudo-arab19767\/","og_locale":"de_DE","og_type":"article","og_title":"Alessandra Rinaudo ARAB19767 | Koonings","og_description":"Dieses ganz besondere extravagante elfenbeinfarbene Hochzeitskleid von Alessandra Rinoudo hat eine sanft fallende Silhouette. Das Oberteil ist transparent und mit einer sehr zarten Spitze gearbeitet. Diese l\u00e4uft \u00fcber die Schultern und sorgt f\u00fcr einen Off-Shoulder-Effekt. Sie geht in einen besonders langen \u00c4rmel \u00fcber. Der Rock ist ebenfalls transparent und flie\u00dfend.","og_url":"https:\/\/www.koonings.com\/de\/product\/alessandra-rinaudo-arab19767\/","og_site_name":"Koonings","article_publisher":"https:\/\/www.facebook.com\/kooningstheweddingpalace","og_image":[{"width":1630,"height":2307,"url":"https:\/\/www.koonings.com\/wp-content\/uploads\/2024\/11\/8715_3e3c2e12bb57375e4e877c35b12d437df5dccae13902464aead70a3a9aa9f7dceb982175.jpeg","type":"image\/jpeg"}],"twitter_card":"summary_large_image","schema":{"@context":"https:\/\/schema.org","@graph":[{"@type":"WebPage","@id":"https:\/\/www.koonings.com\/de\/product\/alessandra-rinaudo-arab19767\/","url":"https:\/\/www.koonings.com\/de\/product\/alessandra-rinaudo-arab19767\/","name":"Alessandra Rinaudo ARAB19767 | Koonings","isPartOf":{"@id":"https:\/\/www.koonings.com\/de\/#website"},"primaryImageOfPage":{"@id":"https:\/\/www.koonings.com\/de\/product\/alessandra-rinaudo-arab19767\/#primaryimage"},"image":{"@id":"https:\/\/www.koonings.com\/de\/product\/alessandra-rinaudo-arab19767\/#primaryimage"},"thumbnailUrl":"https:\/\/www.koonings.com\/wp-content\/uploads\/2024\/11\/8715_3e3c2e12bb57375e4e877c35b12d437df5dccae13902464aead70a3a9aa9f7dceb982175.jpeg","datePublished":"2026-04-28T16:02:34+00:00","description":"Dieses ganz besondere extravagante elfenbeinfarbene Hochzeitskleid von Alessandra Rinoudo hat eine sanft fallende Silhouette. Das Oberteil ist transparent und mit einer sehr zarten Spitze gearbeitet. Diese l\u00e4uft \u00fcber die Schultern und sorgt f\u00fcr einen Off-Shoulder-Effekt. Sie geht in einen besonders langen \u00c4rmel \u00fcber. Der Rock ist ebenfalls transparent und flie\u00dfend.","breadcrumb":{"@id":"https:\/\/www.koonings.com\/de\/product\/alessandra-rinaudo-arab19767\/#breadcrumb"},"inLanguage":"de","potentialAction":[{"@type":"ReadAction","target":["https:\/\/www.koonings.com\/de\/product\/alessandra-rinaudo-arab19767\/"]}]},{"@type":"ImageObject","inLanguage":"de","@id":"https:\/\/www.koonings.com\/de\/product\/alessandra-rinaudo-arab19767\/#primaryimage","url":"https:\/\/www.koonings.com\/wp-content\/uploads\/2024\/11\/8715_3e3c2e12bb57375e4e877c35b12d437df5dccae13902464aead70a3a9aa9f7dceb982175.jpeg","contentUrl":"https:\/\/www.koonings.com\/wp-content\/uploads\/2024\/11\/8715_3e3c2e12bb57375e4e877c35b12d437df5dccae13902464aead70a3a9aa9f7dceb982175.jpeg","width":1630,"height":2307},{"@type":"BreadcrumbList","@id":"https:\/\/www.koonings.com\/de\/product\/alessandra-rinaudo-arab19767\/#breadcrumb","itemListElement":[{"@type":"ListItem","position":1,"name":"Home","item":"https:\/\/www.koonings.com\/de\/"},{"@type":"ListItem","position":2,"name":"Alessandra Rinaudo ARAB19767"}]},{"@type":"WebSite","@id":"https:\/\/www.koonings.com\/de\/#website","url":"https:\/\/www.koonings.com\/de\/","name":"Koonings","description":"De grootste bruidsmodewinkel ter wereld","publisher":{"@id":"https:\/\/www.koonings.com\/de\/#organization"},"potentialAction":[{"@type":"SearchAction","target":{"@type":"EntryPoint","urlTemplate":"https:\/\/www.koonings.com\/de\/?s={search_term_string}"},"query-input":{"@type":"PropertyValueSpecification","valueRequired":true,"valueName":"search_term_string"}}],"inLanguage":"de"},{"@type":"Organization","@id":"https:\/\/www.koonings.com\/de\/#organization","name":"Koonings","url":"https:\/\/www.koonings.com\/de\/","logo":{"@type":"ImageObject","inLanguage":"de","@id":"https:\/\/www.koonings.com\/de\/#\/schema\/logo\/image\/","url":"https:\/\/www.koonings.com\/wp-content\/uploads\/2024\/07\/logo.png","contentUrl":"https:\/\/www.koonings.com\/wp-content\/uploads\/2024\/07\/logo.png","width":600,"height":428,"caption":"Koonings"},"image":{"@id":"https:\/\/www.koonings.com\/de\/#\/schema\/logo\/image\/"},"sameAs":["https:\/\/www.facebook.com\/kooningstheweddingpalace","https:\/\/www.instagram.com\/kooningstheweddingpalace","https:\/\/www.pinterest.com\/koonings","https:\/\/www.youtube.com\/kooningstheweddingpalace"]}]}},"_links":{"self":[{"href":"https:\/\/www.koonings.com\/de\/wp-json\/wp\/v2\/product\/32205","targetHints":{"allow":["GET"]}}],"collection":[{"href":"https:\/\/www.koonings.com\/de\/wp-json\/wp\/v2\/product"}],"about":[{"href":"https:\/\/www.koonings.com\/de\/wp-json\/wp\/v2\/types\/product"}],"wp:featuredmedia":[{"embeddable":true,"href":"https:\/\/www.koonings.com\/de\/wp-json\/wp\/v2\/media\/25499"}],"wp:attachment":[{"href":"https:\/\/www.koonings.com\/de\/wp-json\/wp\/v2\/media?parent=32205"}],"wp:term":[{"taxonomy":"productdetails","embeddable":true,"href":"https:\/\/www.koonings.com\/de\/wp-json\/wp\/v2\/productdetails?post=32205"},{"taxonomy":"productneck","embeddable":true,"href":"https:\/\/www.koonings.com\/de\/wp-json\/wp\/v2\/productneck?post=32205"},{"taxonomy":"productcolor","embeddable":true,"href":"https:\/\/www.koonings.com\/de\/wp-json\/wp\/v2\/productcolor?post=32205"},{"taxonomy":"maat","embeddable":true,"href":"https:\/\/www.koonings.com\/de\/wp-json\/wp\/v2\/maat?post=32205"},{"taxonomy":"productsupplier","embeddable":true,"href":"https:\/\/www.koonings.com\/de\/wp-json\/wp\/v2\/productsupplier?post=32205"},{"taxonomy":"productsleeve","embeddable":true,"href":"https:\/\/www.koonings.com\/de\/wp-json\/wp\/v2\/productsleeve?post=32205"},{"taxonomy":"productcategory","embeddable":true,"href":"https:\/\/www.koonings.com\/de\/wp-json\/wp\/v2\/productcategory?post=32205"},{"taxonomy":"productsilhouette","embeddable":true,"href":"https:\/\/www.koonings.com\/de\/wp-json\/wp\/v2\/productsilhouette?post=32205"},{"taxonomy":"productstyle","embeddable":true,"href":"https:\/\/www.koonings.com\/de\/wp-json\/wp\/v2\/productstyle?post=32205"}],"curies":[{"name":"wp","href":"https:\/\/api.w.org\/{rel}","templated":true}]}}