{"id":32194,"date":"2026-04-28T18:02:34","date_gmt":"2026-04-28T16:02:34","guid":{"rendered":"https:\/\/www.koonings.com\/product\/alessandra-rinaudo-arab19650\/"},"modified":"2026-02-13T12:04:34","modified_gmt":"2026-02-13T11:04:34","slug":"alessandra-rinaudo-arab19650","status":"publish","type":"product","link":"https:\/\/www.koonings.com\/de\/product\/alessandra-rinaudo-arab19650\/","title":{"rendered":"Alessandra Rinaudo ARAB19650"},"content":{"rendered":"<p>Dieses elfenbeinfarbene Brautkleid von Alessandra Rinaudo hat eine geschmeidige A-Linien-Passform. Das Kleid hat ein tailliertes, mit Spitze verziertes Oberteil. Die Spitze erstreckt sich \u00fcber den Rock und geht in T\u00fcllfalten \u00fcber. Der T\u00fcll des Rocks sorgt f\u00fcr einen sanft fallenden Effekt. Das Kleid hat au\u00dferdem d\u00fcnne, mit Perlen besetzte Schultergurte.   <\/p>\n","protected":false},"featured_media":25521,"template":"","meta":{"_acf_changed":false,"ghostkit_customizer_options":"","ghostkit_custom_css":"","ghostkit_custom_js_head":"","ghostkit_custom_js_foot":"","ghostkit_typography":""},"productdetails":[381],"productneck":[356],"productcolor":[392],"maat":[],"productsupplier":[412],"productsleeve":[359],"productcategory":[18],"productsilhouette":[384,388],"productstyle":[367,366,370],"class_list":["post-32194","product","type-product","status-publish","has-post-thumbnail","hentry","productdetails-381","productneck-356","productcolor-392","productsupplier-alessandra-rinaudo","productsleeve-359","productcategory-trouwjurken","productsilhouette-384","productsilhouette-388","productstyle-367","productstyle-366","productstyle-370"],"acf":[],"yoast_head":"<!-- This site is optimized with the Yoast SEO plugin v27.3 - https:\/\/yoast.com\/product\/yoast-seo-wordpress\/ -->\n<title>Alessandra Rinaudo ARAB19650 | Koonings<\/title>\n<meta name=\"description\" content=\"Dieses elfenbeinfarbene Brautkleid von Alessandra Rinaudo hat eine geschmeidige A-Linien-Passform. Das Kleid hat ein tailliertes, mit Spitze verziertes Oberteil. Die Spitze erstreckt sich \u00fcber den Rock und geht in T\u00fcllfalten \u00fcber. Der T\u00fcll des Rocks sorgt f\u00fcr einen sanft fallenden Effekt. Das Kleid hat au\u00dferdem d\u00fcnne, mit Perlen besetzte Schultergurte.\" \/>\n<meta name=\"robots\" content=\"index, follow, max-snippet:-1, max-image-preview:large, max-video-preview:-1\" \/>\n<link rel=\"canonical\" href=\"https:\/\/www.koonings.com\/de\/product\/alessandra-rinaudo-arab19650\/\" \/>\n<meta property=\"og:locale\" content=\"de_DE\" \/>\n<meta property=\"og:type\" content=\"article\" \/>\n<meta property=\"og:title\" content=\"Alessandra Rinaudo ARAB19650 | Koonings\" \/>\n<meta property=\"og:description\" content=\"Dieses elfenbeinfarbene Brautkleid von Alessandra Rinaudo hat eine geschmeidige A-Linien-Passform. Das Kleid hat ein tailliertes, mit Spitze verziertes Oberteil. Die Spitze erstreckt sich \u00fcber den Rock und geht in T\u00fcllfalten \u00fcber. Der T\u00fcll des Rocks sorgt f\u00fcr einen sanft fallenden Effekt. Das Kleid hat au\u00dferdem d\u00fcnne, mit Perlen besetzte Schultergurte.\" \/>\n<meta property=\"og:url\" content=\"https:\/\/www.koonings.com\/de\/product\/alessandra-rinaudo-arab19650\/\" \/>\n<meta property=\"og:site_name\" content=\"Koonings\" \/>\n<meta property=\"article:publisher\" content=\"https:\/\/www.facebook.com\/kooningstheweddingpalace\" \/>\n<meta property=\"og:image\" content=\"https:\/\/www.koonings.com\/wp-content\/uploads\/2024\/11\/8718_f08c709312950297d18cb3bf8f2354e31a8e4b2ee3cd20cc3037ca29480d967ac2fc745f-scaled.jpeg\" \/>\n\t<meta property=\"og:image:width\" content=\"1807\" \/>\n\t<meta property=\"og:image:height\" content=\"2560\" \/>\n\t<meta property=\"og:image:type\" content=\"image\/jpeg\" \/>\n<meta name=\"twitter:card\" content=\"summary_large_image\" \/>\n<script type=\"application\/ld+json\" class=\"yoast-schema-graph\">{\"@context\":\"https:\\\/\\\/schema.org\",\"@graph\":[{\"@type\":\"WebPage\",\"@id\":\"https:\\\/\\\/www.koonings.com\\\/de\\\/product\\\/alessandra-rinaudo-arab19650\\\/\",\"url\":\"https:\\\/\\\/www.koonings.com\\\/de\\\/product\\\/alessandra-rinaudo-arab19650\\\/\",\"name\":\"Alessandra Rinaudo ARAB19650 | Koonings\",\"isPartOf\":{\"@id\":\"https:\\\/\\\/www.koonings.com\\\/de\\\/#website\"},\"primaryImageOfPage\":{\"@id\":\"https:\\\/\\\/www.koonings.com\\\/de\\\/product\\\/alessandra-rinaudo-arab19650\\\/#primaryimage\"},\"image\":{\"@id\":\"https:\\\/\\\/www.koonings.com\\\/de\\\/product\\\/alessandra-rinaudo-arab19650\\\/#primaryimage\"},\"thumbnailUrl\":\"https:\\\/\\\/www.koonings.com\\\/wp-content\\\/uploads\\\/2024\\\/11\\\/8718_f08c709312950297d18cb3bf8f2354e31a8e4b2ee3cd20cc3037ca29480d967ac2fc745f-scaled.jpeg\",\"datePublished\":\"2026-04-28T16:02:34+00:00\",\"description\":\"Dieses elfenbeinfarbene Brautkleid von Alessandra Rinaudo hat eine geschmeidige A-Linien-Passform. Das Kleid hat ein tailliertes, mit Spitze verziertes Oberteil. Die Spitze erstreckt sich \u00fcber den Rock und geht in T\u00fcllfalten \u00fcber. Der T\u00fcll des Rocks sorgt f\u00fcr einen sanft fallenden Effekt. Das Kleid hat au\u00dferdem d\u00fcnne, mit Perlen besetzte Schultergurte.\",\"breadcrumb\":{\"@id\":\"https:\\\/\\\/www.koonings.com\\\/de\\\/product\\\/alessandra-rinaudo-arab19650\\\/#breadcrumb\"},\"inLanguage\":\"de\",\"potentialAction\":[{\"@type\":\"ReadAction\",\"target\":[\"https:\\\/\\\/www.koonings.com\\\/de\\\/product\\\/alessandra-rinaudo-arab19650\\\/\"]}]},{\"@type\":\"ImageObject\",\"inLanguage\":\"de\",\"@id\":\"https:\\\/\\\/www.koonings.com\\\/de\\\/product\\\/alessandra-rinaudo-arab19650\\\/#primaryimage\",\"url\":\"https:\\\/\\\/www.koonings.com\\\/wp-content\\\/uploads\\\/2024\\\/11\\\/8718_f08c709312950297d18cb3bf8f2354e31a8e4b2ee3cd20cc3037ca29480d967ac2fc745f-scaled.jpeg\",\"contentUrl\":\"https:\\\/\\\/www.koonings.com\\\/wp-content\\\/uploads\\\/2024\\\/11\\\/8718_f08c709312950297d18cb3bf8f2354e31a8e4b2ee3cd20cc3037ca29480d967ac2fc745f-scaled.jpeg\",\"width\":1807,\"height\":2560},{\"@type\":\"BreadcrumbList\",\"@id\":\"https:\\\/\\\/www.koonings.com\\\/de\\\/product\\\/alessandra-rinaudo-arab19650\\\/#breadcrumb\",\"itemListElement\":[{\"@type\":\"ListItem\",\"position\":1,\"name\":\"Home\",\"item\":\"https:\\\/\\\/www.koonings.com\\\/de\\\/\"},{\"@type\":\"ListItem\",\"position\":2,\"name\":\"Alessandra Rinaudo ARAB19650\"}]},{\"@type\":\"WebSite\",\"@id\":\"https:\\\/\\\/www.koonings.com\\\/de\\\/#website\",\"url\":\"https:\\\/\\\/www.koonings.com\\\/de\\\/\",\"name\":\"Koonings\",\"description\":\"De grootste bruidsmodewinkel ter wereld\",\"publisher\":{\"@id\":\"https:\\\/\\\/www.koonings.com\\\/de\\\/#organization\"},\"potentialAction\":[{\"@type\":\"SearchAction\",\"target\":{\"@type\":\"EntryPoint\",\"urlTemplate\":\"https:\\\/\\\/www.koonings.com\\\/de\\\/?s={search_term_string}\"},\"query-input\":{\"@type\":\"PropertyValueSpecification\",\"valueRequired\":true,\"valueName\":\"search_term_string\"}}],\"inLanguage\":\"de\"},{\"@type\":\"Organization\",\"@id\":\"https:\\\/\\\/www.koonings.com\\\/de\\\/#organization\",\"name\":\"Koonings\",\"url\":\"https:\\\/\\\/www.koonings.com\\\/de\\\/\",\"logo\":{\"@type\":\"ImageObject\",\"inLanguage\":\"de\",\"@id\":\"https:\\\/\\\/www.koonings.com\\\/de\\\/#\\\/schema\\\/logo\\\/image\\\/\",\"url\":\"https:\\\/\\\/www.koonings.com\\\/wp-content\\\/uploads\\\/2024\\\/07\\\/logo.png\",\"contentUrl\":\"https:\\\/\\\/www.koonings.com\\\/wp-content\\\/uploads\\\/2024\\\/07\\\/logo.png\",\"width\":600,\"height\":428,\"caption\":\"Koonings\"},\"image\":{\"@id\":\"https:\\\/\\\/www.koonings.com\\\/de\\\/#\\\/schema\\\/logo\\\/image\\\/\"},\"sameAs\":[\"https:\\\/\\\/www.facebook.com\\\/kooningstheweddingpalace\",\"https:\\\/\\\/www.instagram.com\\\/kooningstheweddingpalace\",\"https:\\\/\\\/www.pinterest.com\\\/koonings\",\"https:\\\/\\\/www.youtube.com\\\/kooningstheweddingpalace\"]}]}<\/script>\n<!-- \/ Yoast SEO plugin. -->","yoast_head_json":{"title":"Alessandra Rinaudo ARAB19650 | Koonings","description":"Dieses elfenbeinfarbene Brautkleid von Alessandra Rinaudo hat eine geschmeidige A-Linien-Passform. Das Kleid hat ein tailliertes, mit Spitze verziertes Oberteil. Die Spitze erstreckt sich \u00fcber den Rock und geht in T\u00fcllfalten \u00fcber. Der T\u00fcll des Rocks sorgt f\u00fcr einen sanft fallenden Effekt. Das Kleid hat au\u00dferdem d\u00fcnne, mit Perlen besetzte Schultergurte.","robots":{"index":"index","follow":"follow","max-snippet":"max-snippet:-1","max-image-preview":"max-image-preview:large","max-video-preview":"max-video-preview:-1"},"canonical":"https:\/\/www.koonings.com\/de\/product\/alessandra-rinaudo-arab19650\/","og_locale":"de_DE","og_type":"article","og_title":"Alessandra Rinaudo ARAB19650 | Koonings","og_description":"Dieses elfenbeinfarbene Brautkleid von Alessandra Rinaudo hat eine geschmeidige A-Linien-Passform. Das Kleid hat ein tailliertes, mit Spitze verziertes Oberteil. Die Spitze erstreckt sich \u00fcber den Rock und geht in T\u00fcllfalten \u00fcber. Der T\u00fcll des Rocks sorgt f\u00fcr einen sanft fallenden Effekt. Das Kleid hat au\u00dferdem d\u00fcnne, mit Perlen besetzte Schultergurte.","og_url":"https:\/\/www.koonings.com\/de\/product\/alessandra-rinaudo-arab19650\/","og_site_name":"Koonings","article_publisher":"https:\/\/www.facebook.com\/kooningstheweddingpalace","og_image":[{"width":1807,"height":2560,"url":"https:\/\/www.koonings.com\/wp-content\/uploads\/2024\/11\/8718_f08c709312950297d18cb3bf8f2354e31a8e4b2ee3cd20cc3037ca29480d967ac2fc745f-scaled.jpeg","type":"image\/jpeg"}],"twitter_card":"summary_large_image","schema":{"@context":"https:\/\/schema.org","@graph":[{"@type":"WebPage","@id":"https:\/\/www.koonings.com\/de\/product\/alessandra-rinaudo-arab19650\/","url":"https:\/\/www.koonings.com\/de\/product\/alessandra-rinaudo-arab19650\/","name":"Alessandra Rinaudo ARAB19650 | Koonings","isPartOf":{"@id":"https:\/\/www.koonings.com\/de\/#website"},"primaryImageOfPage":{"@id":"https:\/\/www.koonings.com\/de\/product\/alessandra-rinaudo-arab19650\/#primaryimage"},"image":{"@id":"https:\/\/www.koonings.com\/de\/product\/alessandra-rinaudo-arab19650\/#primaryimage"},"thumbnailUrl":"https:\/\/www.koonings.com\/wp-content\/uploads\/2024\/11\/8718_f08c709312950297d18cb3bf8f2354e31a8e4b2ee3cd20cc3037ca29480d967ac2fc745f-scaled.jpeg","datePublished":"2026-04-28T16:02:34+00:00","description":"Dieses elfenbeinfarbene Brautkleid von Alessandra Rinaudo hat eine geschmeidige A-Linien-Passform. Das Kleid hat ein tailliertes, mit Spitze verziertes Oberteil. Die Spitze erstreckt sich \u00fcber den Rock und geht in T\u00fcllfalten \u00fcber. Der T\u00fcll des Rocks sorgt f\u00fcr einen sanft fallenden Effekt. Das Kleid hat au\u00dferdem d\u00fcnne, mit Perlen besetzte Schultergurte.","breadcrumb":{"@id":"https:\/\/www.koonings.com\/de\/product\/alessandra-rinaudo-arab19650\/#breadcrumb"},"inLanguage":"de","potentialAction":[{"@type":"ReadAction","target":["https:\/\/www.koonings.com\/de\/product\/alessandra-rinaudo-arab19650\/"]}]},{"@type":"ImageObject","inLanguage":"de","@id":"https:\/\/www.koonings.com\/de\/product\/alessandra-rinaudo-arab19650\/#primaryimage","url":"https:\/\/www.koonings.com\/wp-content\/uploads\/2024\/11\/8718_f08c709312950297d18cb3bf8f2354e31a8e4b2ee3cd20cc3037ca29480d967ac2fc745f-scaled.jpeg","contentUrl":"https:\/\/www.koonings.com\/wp-content\/uploads\/2024\/11\/8718_f08c709312950297d18cb3bf8f2354e31a8e4b2ee3cd20cc3037ca29480d967ac2fc745f-scaled.jpeg","width":1807,"height":2560},{"@type":"BreadcrumbList","@id":"https:\/\/www.koonings.com\/de\/product\/alessandra-rinaudo-arab19650\/#breadcrumb","itemListElement":[{"@type":"ListItem","position":1,"name":"Home","item":"https:\/\/www.koonings.com\/de\/"},{"@type":"ListItem","position":2,"name":"Alessandra Rinaudo ARAB19650"}]},{"@type":"WebSite","@id":"https:\/\/www.koonings.com\/de\/#website","url":"https:\/\/www.koonings.com\/de\/","name":"Koonings","description":"De grootste bruidsmodewinkel ter wereld","publisher":{"@id":"https:\/\/www.koonings.com\/de\/#organization"},"potentialAction":[{"@type":"SearchAction","target":{"@type":"EntryPoint","urlTemplate":"https:\/\/www.koonings.com\/de\/?s={search_term_string}"},"query-input":{"@type":"PropertyValueSpecification","valueRequired":true,"valueName":"search_term_string"}}],"inLanguage":"de"},{"@type":"Organization","@id":"https:\/\/www.koonings.com\/de\/#organization","name":"Koonings","url":"https:\/\/www.koonings.com\/de\/","logo":{"@type":"ImageObject","inLanguage":"de","@id":"https:\/\/www.koonings.com\/de\/#\/schema\/logo\/image\/","url":"https:\/\/www.koonings.com\/wp-content\/uploads\/2024\/07\/logo.png","contentUrl":"https:\/\/www.koonings.com\/wp-content\/uploads\/2024\/07\/logo.png","width":600,"height":428,"caption":"Koonings"},"image":{"@id":"https:\/\/www.koonings.com\/de\/#\/schema\/logo\/image\/"},"sameAs":["https:\/\/www.facebook.com\/kooningstheweddingpalace","https:\/\/www.instagram.com\/kooningstheweddingpalace","https:\/\/www.pinterest.com\/koonings","https:\/\/www.youtube.com\/kooningstheweddingpalace"]}]}},"_links":{"self":[{"href":"https:\/\/www.koonings.com\/de\/wp-json\/wp\/v2\/product\/32194","targetHints":{"allow":["GET"]}}],"collection":[{"href":"https:\/\/www.koonings.com\/de\/wp-json\/wp\/v2\/product"}],"about":[{"href":"https:\/\/www.koonings.com\/de\/wp-json\/wp\/v2\/types\/product"}],"wp:featuredmedia":[{"embeddable":true,"href":"https:\/\/www.koonings.com\/de\/wp-json\/wp\/v2\/media\/25521"}],"wp:attachment":[{"href":"https:\/\/www.koonings.com\/de\/wp-json\/wp\/v2\/media?parent=32194"}],"wp:term":[{"taxonomy":"productdetails","embeddable":true,"href":"https:\/\/www.koonings.com\/de\/wp-json\/wp\/v2\/productdetails?post=32194"},{"taxonomy":"productneck","embeddable":true,"href":"https:\/\/www.koonings.com\/de\/wp-json\/wp\/v2\/productneck?post=32194"},{"taxonomy":"productcolor","embeddable":true,"href":"https:\/\/www.koonings.com\/de\/wp-json\/wp\/v2\/productcolor?post=32194"},{"taxonomy":"maat","embeddable":true,"href":"https:\/\/www.koonings.com\/de\/wp-json\/wp\/v2\/maat?post=32194"},{"taxonomy":"productsupplier","embeddable":true,"href":"https:\/\/www.koonings.com\/de\/wp-json\/wp\/v2\/productsupplier?post=32194"},{"taxonomy":"productsleeve","embeddable":true,"href":"https:\/\/www.koonings.com\/de\/wp-json\/wp\/v2\/productsleeve?post=32194"},{"taxonomy":"productcategory","embeddable":true,"href":"https:\/\/www.koonings.com\/de\/wp-json\/wp\/v2\/productcategory?post=32194"},{"taxonomy":"productsilhouette","embeddable":true,"href":"https:\/\/www.koonings.com\/de\/wp-json\/wp\/v2\/productsilhouette?post=32194"},{"taxonomy":"productstyle","embeddable":true,"href":"https:\/\/www.koonings.com\/de\/wp-json\/wp\/v2\/productstyle?post=32194"}],"curies":[{"name":"wp","href":"https:\/\/api.w.org\/{rel}","templated":true}]}}