{"id":32178,"date":"2025-12-15T00:06:01","date_gmt":"2025-12-14T23:06:01","guid":{"rendered":"https:\/\/www.koonings.com\/product\/rembo-styling-magnolia-1\/"},"modified":"2026-02-03T17:34:40","modified_gmt":"2026-02-03T16:34:40","slug":"rembo-styling-magnolia-1","status":"publish","type":"product","link":"https:\/\/www.koonings.com\/de\/product\/rembo-styling-magnolia-1\/","title":{"rendered":"Rembo Styling Magnolie\/1"},"content":{"rendered":"<p>Das Magnolia Brautkleid von Rembo Styling, erh\u00e4ltlich bei Koonings The Wedding Palace, ist ein raffiniertes und romantisches Design, das die perfekte Wahl f\u00fcr die Braut ist, die einen vertr\u00e4umten Boh\u00e8me-Stil liebt. Es zeichnet sich durch eine wundersch\u00f6ne A-Linien-Silhouette aus, die sanft \u00fcber den K\u00f6rper f\u00e4llt und das Kleid sowohl elegant als auch bequem macht. Zarte Spitzendetails und dezente florale Akzente verleihen dem Kleid eine weiche, feminine Note. Der elegante V-Ausschnitt und die langen \u00c4rmel unterstreichen die romantische Note, w\u00e4hrend der offene R\u00fccken einen Hauch von Sinnlichkeit verleiht. Magnolia ist die ideale Wahl f\u00fcr eine Hochzeit mit nat\u00fcrlichem oder rustikalem Flair und bietet die perfekte Balance zwischen zeitloser Sch\u00f6nheit und modernem Flair. Erh\u00e4ltlich bei Koonings The Wedding Palace, wo Sie dieses bezaubernde Kleid anprobieren und es f\u00fcr Ihren besonderen Tag ma\u00dfschneidern lassen k\u00f6nnen.     <\/p>\n","protected":false},"featured_media":25603,"template":"","meta":{"_acf_changed":false,"ghostkit_customizer_options":"","ghostkit_custom_css":"","ghostkit_custom_js_head":"","ghostkit_custom_js_foot":"","ghostkit_typography":""},"productdetails":[376,381],"productneck":[350,355],"productcolor":[392],"maat":[],"productsupplier":[414],"productsleeve":[361],"productcategory":[18],"productsilhouette":[389],"productstyle":[364],"class_list":["post-32178","product","type-product","status-publish","has-post-thumbnail","hentry","productdetails-376","productdetails-381","productneck-350","productneck-355","productcolor-392","productsupplier-rembo-styling","productsleeve-361","productcategory-trouwjurken","productsilhouette-389","productstyle-364"],"acf":[],"yoast_head":"<!-- This site is optimized with the Yoast SEO plugin v27.3 - https:\/\/yoast.com\/product\/yoast-seo-wordpress\/ -->\n<title>Rembo Styling Magnolie\/1 | Koonings<\/title>\n<meta name=\"description\" content=\"Das Magnolia Brautkleid von Rembo Styling, erh\u00e4ltlich bei Koonings The Wedding Palace, ist ein raffiniertes und romantisches Design, das die perfekte Wahl f\u00fcr die Braut ist, die einen vertr\u00e4umten Boh\u00e8me-Stil liebt. Es zeichnet sich durch eine wundersch\u00f6ne A-Linien-Silhouette aus, die sanft \u00fcber den K\u00f6rper f\u00e4llt und das Kleid sowohl elegant als auch bequem macht. Zarte Spitzendetails und dezente florale Akzente verleihen dem Kleid eine weiche, feminine Note. Der elegante V-Ausschnitt und die langen \u00c4rmel unterstreichen die romantische Note, w\u00e4hrend der offene R\u00fccken einen Hauch von Sinnlichkeit verleiht. Magnolia ist die ideale Wahl f\u00fcr eine Hochzeit mit nat\u00fcrlichem oder rustikalem Flair und bietet die perfekte Balance zwischen zeitloser Sch\u00f6nheit und modernem Flair. Erh\u00e4ltlich bei Koonings The Wedding Palace, wo Sie dieses bezaubernde Kleid anprobieren und es f\u00fcr Ihren besonderen Tag ma\u00dfschneidern lassen k\u00f6nnen.\" \/>\n<meta name=\"robots\" content=\"index, follow, max-snippet:-1, max-image-preview:large, max-video-preview:-1\" \/>\n<link rel=\"canonical\" href=\"https:\/\/www.koonings.com\/de\/product\/rembo-styling-magnolia-1\/\" \/>\n<meta property=\"og:locale\" content=\"de_DE\" \/>\n<meta property=\"og:type\" content=\"article\" \/>\n<meta property=\"og:title\" content=\"Rembo Styling Magnolie\/1 | Koonings\" \/>\n<meta property=\"og:description\" content=\"Das Magnolia Brautkleid von Rembo Styling, erh\u00e4ltlich bei Koonings The Wedding Palace, ist ein raffiniertes und romantisches Design, das die perfekte Wahl f\u00fcr die Braut ist, die einen vertr\u00e4umten Boh\u00e8me-Stil liebt. Es zeichnet sich durch eine wundersch\u00f6ne A-Linien-Silhouette aus, die sanft \u00fcber den K\u00f6rper f\u00e4llt und das Kleid sowohl elegant als auch bequem macht. Zarte Spitzendetails und dezente florale Akzente verleihen dem Kleid eine weiche, feminine Note. Der elegante V-Ausschnitt und die langen \u00c4rmel unterstreichen die romantische Note, w\u00e4hrend der offene R\u00fccken einen Hauch von Sinnlichkeit verleiht. Magnolia ist die ideale Wahl f\u00fcr eine Hochzeit mit nat\u00fcrlichem oder rustikalem Flair und bietet die perfekte Balance zwischen zeitloser Sch\u00f6nheit und modernem Flair. Erh\u00e4ltlich bei Koonings The Wedding Palace, wo Sie dieses bezaubernde Kleid anprobieren und es f\u00fcr Ihren besonderen Tag ma\u00dfschneidern lassen k\u00f6nnen.\" \/>\n<meta property=\"og:url\" content=\"https:\/\/www.koonings.com\/de\/product\/rembo-styling-magnolia-1\/\" \/>\n<meta property=\"og:site_name\" content=\"Koonings\" \/>\n<meta property=\"article:publisher\" content=\"https:\/\/www.facebook.com\/kooningstheweddingpalace\" \/>\n<meta property=\"article:modified_time\" content=\"2026-02-03T16:34:40+00:00\" \/>\n<meta property=\"og:image\" content=\"https:\/\/www.koonings.com\/wp-content\/uploads\/2024\/11\/10947_2333054e02e6d032bf6c7f1e2e5f63441c06b9fa9cfa4c6341adcbd929eefeb79ca7dc0b-scaled.jpeg\" \/>\n\t<meta property=\"og:image:width\" content=\"1918\" \/>\n\t<meta property=\"og:image:height\" content=\"2560\" \/>\n\t<meta property=\"og:image:type\" content=\"image\/jpeg\" \/>\n<meta name=\"twitter:card\" content=\"summary_large_image\" \/>\n<meta name=\"twitter:label1\" content=\"Gesch\u00e4tzte Lesezeit\" \/>\n\t<meta name=\"twitter:data1\" content=\"1\u00a0Minute\" \/>\n<script type=\"application\/ld+json\" class=\"yoast-schema-graph\">{\"@context\":\"https:\\\/\\\/schema.org\",\"@graph\":[{\"@type\":\"WebPage\",\"@id\":\"https:\\\/\\\/www.koonings.com\\\/de\\\/product\\\/rembo-styling-magnolia-1\\\/\",\"url\":\"https:\\\/\\\/www.koonings.com\\\/de\\\/product\\\/rembo-styling-magnolia-1\\\/\",\"name\":\"Rembo Styling Magnolie\\\/1 | Koonings\",\"isPartOf\":{\"@id\":\"https:\\\/\\\/www.koonings.com\\\/de\\\/#website\"},\"primaryImageOfPage\":{\"@id\":\"https:\\\/\\\/www.koonings.com\\\/de\\\/product\\\/rembo-styling-magnolia-1\\\/#primaryimage\"},\"image\":{\"@id\":\"https:\\\/\\\/www.koonings.com\\\/de\\\/product\\\/rembo-styling-magnolia-1\\\/#primaryimage\"},\"thumbnailUrl\":\"https:\\\/\\\/www.koonings.com\\\/wp-content\\\/uploads\\\/2024\\\/11\\\/10947_2333054e02e6d032bf6c7f1e2e5f63441c06b9fa9cfa4c6341adcbd929eefeb79ca7dc0b-scaled.jpeg\",\"datePublished\":\"2025-12-14T23:06:01+00:00\",\"dateModified\":\"2026-02-03T16:34:40+00:00\",\"description\":\"Das Magnolia Brautkleid von Rembo Styling, erh\u00e4ltlich bei Koonings The Wedding Palace, ist ein raffiniertes und romantisches Design, das die perfekte Wahl f\u00fcr die Braut ist, die einen vertr\u00e4umten Boh\u00e8me-Stil liebt. Es zeichnet sich durch eine wundersch\u00f6ne A-Linien-Silhouette aus, die sanft \u00fcber den K\u00f6rper f\u00e4llt und das Kleid sowohl elegant als auch bequem macht. Zarte Spitzendetails und dezente florale Akzente verleihen dem Kleid eine weiche, feminine Note. Der elegante V-Ausschnitt und die langen \u00c4rmel unterstreichen die romantische Note, w\u00e4hrend der offene R\u00fccken einen Hauch von Sinnlichkeit verleiht. Magnolia ist die ideale Wahl f\u00fcr eine Hochzeit mit nat\u00fcrlichem oder rustikalem Flair und bietet die perfekte Balance zwischen zeitloser Sch\u00f6nheit und modernem Flair. Erh\u00e4ltlich bei Koonings The Wedding Palace, wo Sie dieses bezaubernde Kleid anprobieren und es f\u00fcr Ihren besonderen Tag ma\u00dfschneidern lassen k\u00f6nnen.\",\"breadcrumb\":{\"@id\":\"https:\\\/\\\/www.koonings.com\\\/de\\\/product\\\/rembo-styling-magnolia-1\\\/#breadcrumb\"},\"inLanguage\":\"de\",\"potentialAction\":[{\"@type\":\"ReadAction\",\"target\":[\"https:\\\/\\\/www.koonings.com\\\/de\\\/product\\\/rembo-styling-magnolia-1\\\/\"]}]},{\"@type\":\"ImageObject\",\"inLanguage\":\"de\",\"@id\":\"https:\\\/\\\/www.koonings.com\\\/de\\\/product\\\/rembo-styling-magnolia-1\\\/#primaryimage\",\"url\":\"https:\\\/\\\/www.koonings.com\\\/wp-content\\\/uploads\\\/2024\\\/11\\\/10947_2333054e02e6d032bf6c7f1e2e5f63441c06b9fa9cfa4c6341adcbd929eefeb79ca7dc0b-scaled.jpeg\",\"contentUrl\":\"https:\\\/\\\/www.koonings.com\\\/wp-content\\\/uploads\\\/2024\\\/11\\\/10947_2333054e02e6d032bf6c7f1e2e5f63441c06b9fa9cfa4c6341adcbd929eefeb79ca7dc0b-scaled.jpeg\",\"width\":1918,\"height\":2560},{\"@type\":\"BreadcrumbList\",\"@id\":\"https:\\\/\\\/www.koonings.com\\\/de\\\/product\\\/rembo-styling-magnolia-1\\\/#breadcrumb\",\"itemListElement\":[{\"@type\":\"ListItem\",\"position\":1,\"name\":\"Home\",\"item\":\"https:\\\/\\\/www.koonings.com\\\/de\\\/\"},{\"@type\":\"ListItem\",\"position\":2,\"name\":\"Rembo Styling Magnolie\\\/1\"}]},{\"@type\":\"WebSite\",\"@id\":\"https:\\\/\\\/www.koonings.com\\\/de\\\/#website\",\"url\":\"https:\\\/\\\/www.koonings.com\\\/de\\\/\",\"name\":\"Koonings\",\"description\":\"De grootste bruidsmodewinkel ter wereld\",\"publisher\":{\"@id\":\"https:\\\/\\\/www.koonings.com\\\/de\\\/#organization\"},\"potentialAction\":[{\"@type\":\"SearchAction\",\"target\":{\"@type\":\"EntryPoint\",\"urlTemplate\":\"https:\\\/\\\/www.koonings.com\\\/de\\\/?s={search_term_string}\"},\"query-input\":{\"@type\":\"PropertyValueSpecification\",\"valueRequired\":true,\"valueName\":\"search_term_string\"}}],\"inLanguage\":\"de\"},{\"@type\":\"Organization\",\"@id\":\"https:\\\/\\\/www.koonings.com\\\/de\\\/#organization\",\"name\":\"Koonings\",\"url\":\"https:\\\/\\\/www.koonings.com\\\/de\\\/\",\"logo\":{\"@type\":\"ImageObject\",\"inLanguage\":\"de\",\"@id\":\"https:\\\/\\\/www.koonings.com\\\/de\\\/#\\\/schema\\\/logo\\\/image\\\/\",\"url\":\"https:\\\/\\\/www.koonings.com\\\/wp-content\\\/uploads\\\/2024\\\/07\\\/logo.png\",\"contentUrl\":\"https:\\\/\\\/www.koonings.com\\\/wp-content\\\/uploads\\\/2024\\\/07\\\/logo.png\",\"width\":600,\"height\":428,\"caption\":\"Koonings\"},\"image\":{\"@id\":\"https:\\\/\\\/www.koonings.com\\\/de\\\/#\\\/schema\\\/logo\\\/image\\\/\"},\"sameAs\":[\"https:\\\/\\\/www.facebook.com\\\/kooningstheweddingpalace\",\"https:\\\/\\\/www.instagram.com\\\/kooningstheweddingpalace\",\"https:\\\/\\\/www.pinterest.com\\\/koonings\",\"https:\\\/\\\/www.youtube.com\\\/kooningstheweddingpalace\"]}]}<\/script>\n<!-- \/ Yoast SEO plugin. -->","yoast_head_json":{"title":"Rembo Styling Magnolie\/1 | Koonings","description":"Das Magnolia Brautkleid von Rembo Styling, erh\u00e4ltlich bei Koonings The Wedding Palace, ist ein raffiniertes und romantisches Design, das die perfekte Wahl f\u00fcr die Braut ist, die einen vertr\u00e4umten Boh\u00e8me-Stil liebt. Es zeichnet sich durch eine wundersch\u00f6ne A-Linien-Silhouette aus, die sanft \u00fcber den K\u00f6rper f\u00e4llt und das Kleid sowohl elegant als auch bequem macht. Zarte Spitzendetails und dezente florale Akzente verleihen dem Kleid eine weiche, feminine Note. Der elegante V-Ausschnitt und die langen \u00c4rmel unterstreichen die romantische Note, w\u00e4hrend der offene R\u00fccken einen Hauch von Sinnlichkeit verleiht. Magnolia ist die ideale Wahl f\u00fcr eine Hochzeit mit nat\u00fcrlichem oder rustikalem Flair und bietet die perfekte Balance zwischen zeitloser Sch\u00f6nheit und modernem Flair. Erh\u00e4ltlich bei Koonings The Wedding Palace, wo Sie dieses bezaubernde Kleid anprobieren und es f\u00fcr Ihren besonderen Tag ma\u00dfschneidern lassen k\u00f6nnen.","robots":{"index":"index","follow":"follow","max-snippet":"max-snippet:-1","max-image-preview":"max-image-preview:large","max-video-preview":"max-video-preview:-1"},"canonical":"https:\/\/www.koonings.com\/de\/product\/rembo-styling-magnolia-1\/","og_locale":"de_DE","og_type":"article","og_title":"Rembo Styling Magnolie\/1 | Koonings","og_description":"Das Magnolia Brautkleid von Rembo Styling, erh\u00e4ltlich bei Koonings The Wedding Palace, ist ein raffiniertes und romantisches Design, das die perfekte Wahl f\u00fcr die Braut ist, die einen vertr\u00e4umten Boh\u00e8me-Stil liebt. Es zeichnet sich durch eine wundersch\u00f6ne A-Linien-Silhouette aus, die sanft \u00fcber den K\u00f6rper f\u00e4llt und das Kleid sowohl elegant als auch bequem macht. Zarte Spitzendetails und dezente florale Akzente verleihen dem Kleid eine weiche, feminine Note. Der elegante V-Ausschnitt und die langen \u00c4rmel unterstreichen die romantische Note, w\u00e4hrend der offene R\u00fccken einen Hauch von Sinnlichkeit verleiht. Magnolia ist die ideale Wahl f\u00fcr eine Hochzeit mit nat\u00fcrlichem oder rustikalem Flair und bietet die perfekte Balance zwischen zeitloser Sch\u00f6nheit und modernem Flair. Erh\u00e4ltlich bei Koonings The Wedding Palace, wo Sie dieses bezaubernde Kleid anprobieren und es f\u00fcr Ihren besonderen Tag ma\u00dfschneidern lassen k\u00f6nnen.","og_url":"https:\/\/www.koonings.com\/de\/product\/rembo-styling-magnolia-1\/","og_site_name":"Koonings","article_publisher":"https:\/\/www.facebook.com\/kooningstheweddingpalace","article_modified_time":"2026-02-03T16:34:40+00:00","og_image":[{"width":1918,"height":2560,"url":"https:\/\/www.koonings.com\/wp-content\/uploads\/2024\/11\/10947_2333054e02e6d032bf6c7f1e2e5f63441c06b9fa9cfa4c6341adcbd929eefeb79ca7dc0b-scaled.jpeg","type":"image\/jpeg"}],"twitter_card":"summary_large_image","twitter_misc":{"Gesch\u00e4tzte Lesezeit":"1\u00a0Minute"},"schema":{"@context":"https:\/\/schema.org","@graph":[{"@type":"WebPage","@id":"https:\/\/www.koonings.com\/de\/product\/rembo-styling-magnolia-1\/","url":"https:\/\/www.koonings.com\/de\/product\/rembo-styling-magnolia-1\/","name":"Rembo Styling Magnolie\/1 | Koonings","isPartOf":{"@id":"https:\/\/www.koonings.com\/de\/#website"},"primaryImageOfPage":{"@id":"https:\/\/www.koonings.com\/de\/product\/rembo-styling-magnolia-1\/#primaryimage"},"image":{"@id":"https:\/\/www.koonings.com\/de\/product\/rembo-styling-magnolia-1\/#primaryimage"},"thumbnailUrl":"https:\/\/www.koonings.com\/wp-content\/uploads\/2024\/11\/10947_2333054e02e6d032bf6c7f1e2e5f63441c06b9fa9cfa4c6341adcbd929eefeb79ca7dc0b-scaled.jpeg","datePublished":"2025-12-14T23:06:01+00:00","dateModified":"2026-02-03T16:34:40+00:00","description":"Das Magnolia Brautkleid von Rembo Styling, erh\u00e4ltlich bei Koonings The Wedding Palace, ist ein raffiniertes und romantisches Design, das die perfekte Wahl f\u00fcr die Braut ist, die einen vertr\u00e4umten Boh\u00e8me-Stil liebt. Es zeichnet sich durch eine wundersch\u00f6ne A-Linien-Silhouette aus, die sanft \u00fcber den K\u00f6rper f\u00e4llt und das Kleid sowohl elegant als auch bequem macht. Zarte Spitzendetails und dezente florale Akzente verleihen dem Kleid eine weiche, feminine Note. Der elegante V-Ausschnitt und die langen \u00c4rmel unterstreichen die romantische Note, w\u00e4hrend der offene R\u00fccken einen Hauch von Sinnlichkeit verleiht. Magnolia ist die ideale Wahl f\u00fcr eine Hochzeit mit nat\u00fcrlichem oder rustikalem Flair und bietet die perfekte Balance zwischen zeitloser Sch\u00f6nheit und modernem Flair. Erh\u00e4ltlich bei Koonings The Wedding Palace, wo Sie dieses bezaubernde Kleid anprobieren und es f\u00fcr Ihren besonderen Tag ma\u00dfschneidern lassen k\u00f6nnen.","breadcrumb":{"@id":"https:\/\/www.koonings.com\/de\/product\/rembo-styling-magnolia-1\/#breadcrumb"},"inLanguage":"de","potentialAction":[{"@type":"ReadAction","target":["https:\/\/www.koonings.com\/de\/product\/rembo-styling-magnolia-1\/"]}]},{"@type":"ImageObject","inLanguage":"de","@id":"https:\/\/www.koonings.com\/de\/product\/rembo-styling-magnolia-1\/#primaryimage","url":"https:\/\/www.koonings.com\/wp-content\/uploads\/2024\/11\/10947_2333054e02e6d032bf6c7f1e2e5f63441c06b9fa9cfa4c6341adcbd929eefeb79ca7dc0b-scaled.jpeg","contentUrl":"https:\/\/www.koonings.com\/wp-content\/uploads\/2024\/11\/10947_2333054e02e6d032bf6c7f1e2e5f63441c06b9fa9cfa4c6341adcbd929eefeb79ca7dc0b-scaled.jpeg","width":1918,"height":2560},{"@type":"BreadcrumbList","@id":"https:\/\/www.koonings.com\/de\/product\/rembo-styling-magnolia-1\/#breadcrumb","itemListElement":[{"@type":"ListItem","position":1,"name":"Home","item":"https:\/\/www.koonings.com\/de\/"},{"@type":"ListItem","position":2,"name":"Rembo Styling Magnolie\/1"}]},{"@type":"WebSite","@id":"https:\/\/www.koonings.com\/de\/#website","url":"https:\/\/www.koonings.com\/de\/","name":"Koonings","description":"De grootste bruidsmodewinkel ter wereld","publisher":{"@id":"https:\/\/www.koonings.com\/de\/#organization"},"potentialAction":[{"@type":"SearchAction","target":{"@type":"EntryPoint","urlTemplate":"https:\/\/www.koonings.com\/de\/?s={search_term_string}"},"query-input":{"@type":"PropertyValueSpecification","valueRequired":true,"valueName":"search_term_string"}}],"inLanguage":"de"},{"@type":"Organization","@id":"https:\/\/www.koonings.com\/de\/#organization","name":"Koonings","url":"https:\/\/www.koonings.com\/de\/","logo":{"@type":"ImageObject","inLanguage":"de","@id":"https:\/\/www.koonings.com\/de\/#\/schema\/logo\/image\/","url":"https:\/\/www.koonings.com\/wp-content\/uploads\/2024\/07\/logo.png","contentUrl":"https:\/\/www.koonings.com\/wp-content\/uploads\/2024\/07\/logo.png","width":600,"height":428,"caption":"Koonings"},"image":{"@id":"https:\/\/www.koonings.com\/de\/#\/schema\/logo\/image\/"},"sameAs":["https:\/\/www.facebook.com\/kooningstheweddingpalace","https:\/\/www.instagram.com\/kooningstheweddingpalace","https:\/\/www.pinterest.com\/koonings","https:\/\/www.youtube.com\/kooningstheweddingpalace"]}]}},"_links":{"self":[{"href":"https:\/\/www.koonings.com\/de\/wp-json\/wp\/v2\/product\/32178","targetHints":{"allow":["GET"]}}],"collection":[{"href":"https:\/\/www.koonings.com\/de\/wp-json\/wp\/v2\/product"}],"about":[{"href":"https:\/\/www.koonings.com\/de\/wp-json\/wp\/v2\/types\/product"}],"wp:featuredmedia":[{"embeddable":true,"href":"https:\/\/www.koonings.com\/de\/wp-json\/wp\/v2\/media\/25603"}],"wp:attachment":[{"href":"https:\/\/www.koonings.com\/de\/wp-json\/wp\/v2\/media?parent=32178"}],"wp:term":[{"taxonomy":"productdetails","embeddable":true,"href":"https:\/\/www.koonings.com\/de\/wp-json\/wp\/v2\/productdetails?post=32178"},{"taxonomy":"productneck","embeddable":true,"href":"https:\/\/www.koonings.com\/de\/wp-json\/wp\/v2\/productneck?post=32178"},{"taxonomy":"productcolor","embeddable":true,"href":"https:\/\/www.koonings.com\/de\/wp-json\/wp\/v2\/productcolor?post=32178"},{"taxonomy":"maat","embeddable":true,"href":"https:\/\/www.koonings.com\/de\/wp-json\/wp\/v2\/maat?post=32178"},{"taxonomy":"productsupplier","embeddable":true,"href":"https:\/\/www.koonings.com\/de\/wp-json\/wp\/v2\/productsupplier?post=32178"},{"taxonomy":"productsleeve","embeddable":true,"href":"https:\/\/www.koonings.com\/de\/wp-json\/wp\/v2\/productsleeve?post=32178"},{"taxonomy":"productcategory","embeddable":true,"href":"https:\/\/www.koonings.com\/de\/wp-json\/wp\/v2\/productcategory?post=32178"},{"taxonomy":"productsilhouette","embeddable":true,"href":"https:\/\/www.koonings.com\/de\/wp-json\/wp\/v2\/productsilhouette?post=32178"},{"taxonomy":"productstyle","embeddable":true,"href":"https:\/\/www.koonings.com\/de\/wp-json\/wp\/v2\/productstyle?post=32178"}],"curies":[{"name":"wp","href":"https:\/\/api.w.org\/{rel}","templated":true}]}}