{"id":32161,"date":"2026-03-27T16:02:47","date_gmt":"2026-03-27T15:02:47","guid":{"rendered":"https:\/\/www.koonings.com\/product\/agora-19-07-top\/"},"modified":"2026-02-13T12:04:45","modified_gmt":"2026-02-13T11:04:45","slug":"agora-19-07-top","status":"publish","type":"product","link":"https:\/\/www.koonings.com\/de\/product\/agora-19-07-top\/","title":{"rendered":"Agora 19-07 Gipfel"},"content":{"rendered":"<p>Dieses nudefarbene Hochzeitskleid von Agora hat eine Ballkleidsilhouette. Das Kleid hat ein Oberteil aus halbdurchsichtiger Spitze und einen T\u00fcllrock mit Spitzendetails. Au\u00dferdem hat das Kleid einen tief ausgeschnittenen Ausschnitt, einen besonderen R\u00fccken und Glitzersteine.  <\/p>\n","protected":false},"featured_media":25673,"template":"","meta":{"_acf_changed":false,"ghostkit_customizer_options":"","ghostkit_custom_css":"","ghostkit_custom_js_head":"","ghostkit_custom_js_foot":"","ghostkit_typography":""},"productdetails":[381],"productneck":[356],"productcolor":[393,392],"maat":[],"productsupplier":[398],"productsleeve":[359],"productcategory":[238],"productsilhouette":[388],"productstyle":[372],"class_list":["post-32161","product","type-product","status-publish","has-post-thumbnail","hentry","productdetails-381","productneck-356","productcolor-393","productcolor-392","productsupplier-agora","productsleeve-359","productcategory-kleding-kids","productsilhouette-388","productstyle-372"],"acf":[],"yoast_head":"<!-- This site is optimized with the Yoast SEO plugin v26.8 - https:\/\/yoast.com\/product\/yoast-seo-wordpress\/ -->\n<title>Agora 19-07 Gipfel | Koonings<\/title>\n<meta name=\"description\" content=\"Dieses nudefarbene Hochzeitskleid von Agora hat eine Ballkleidsilhouette. Das Kleid hat ein Oberteil aus halbdurchsichtiger Spitze und einen T\u00fcllrock mit Spitzendetails. Au\u00dferdem hat das Kleid einen tief ausgeschnittenen Ausschnitt, einen besonderen R\u00fccken und Glitzersteine.\" \/>\n<meta name=\"robots\" content=\"index, follow, max-snippet:-1, max-image-preview:large, max-video-preview:-1\" \/>\n<link rel=\"canonical\" href=\"https:\/\/www.koonings.com\/de\/product\/agora-19-07-top\/\" \/>\n<meta property=\"og:locale\" content=\"de_DE\" \/>\n<meta property=\"og:type\" content=\"article\" \/>\n<meta property=\"og:title\" content=\"Agora 19-07 Gipfel | Koonings\" \/>\n<meta property=\"og:description\" content=\"Dieses nudefarbene Hochzeitskleid von Agora hat eine Ballkleidsilhouette. Das Kleid hat ein Oberteil aus halbdurchsichtiger Spitze und einen T\u00fcllrock mit Spitzendetails. Au\u00dferdem hat das Kleid einen tief ausgeschnittenen Ausschnitt, einen besonderen R\u00fccken und Glitzersteine.\" \/>\n<meta property=\"og:url\" content=\"https:\/\/www.koonings.com\/de\/product\/agora-19-07-top\/\" \/>\n<meta property=\"og:site_name\" content=\"Koonings\" \/>\n<meta property=\"article:publisher\" content=\"https:\/\/www.facebook.com\/kooningstheweddingpalace\" \/>\n<meta property=\"og:image\" content=\"https:\/\/www.koonings.com\/wp-content\/uploads\/2024\/11\/24906_d6f113237beacd570a40511147b2b5ea5a69427683d3fcead5c62a90b369674457e29399-scaled.jpeg\" \/>\n\t<meta property=\"og:image:width\" content=\"1693\" \/>\n\t<meta property=\"og:image:height\" content=\"2560\" \/>\n\t<meta property=\"og:image:type\" content=\"image\/jpeg\" \/>\n<meta name=\"twitter:card\" content=\"summary_large_image\" \/>\n<script type=\"application\/ld+json\" class=\"yoast-schema-graph\">{\"@context\":\"https:\/\/schema.org\",\"@graph\":[{\"@type\":\"WebPage\",\"@id\":\"https:\/\/www.koonings.com\/de\/product\/agora-19-07-top\/\",\"url\":\"https:\/\/www.koonings.com\/de\/product\/agora-19-07-top\/\",\"name\":\"Agora 19-07 Gipfel | Koonings\",\"isPartOf\":{\"@id\":\"https:\/\/www.koonings.com\/de\/#website\"},\"primaryImageOfPage\":{\"@id\":\"https:\/\/www.koonings.com\/de\/product\/agora-19-07-top\/#primaryimage\"},\"image\":{\"@id\":\"https:\/\/www.koonings.com\/de\/product\/agora-19-07-top\/#primaryimage\"},\"thumbnailUrl\":\"https:\/\/www.koonings.com\/wp-content\/uploads\/2024\/11\/24906_d6f113237beacd570a40511147b2b5ea5a69427683d3fcead5c62a90b369674457e29399-scaled.jpeg\",\"datePublished\":\"2026-03-27T15:02:47+00:00\",\"description\":\"Dieses nudefarbene Hochzeitskleid von Agora hat eine Ballkleidsilhouette. Das Kleid hat ein Oberteil aus halbdurchsichtiger Spitze und einen T\u00fcllrock mit Spitzendetails. Au\u00dferdem hat das Kleid einen tief ausgeschnittenen Ausschnitt, einen besonderen R\u00fccken und Glitzersteine.\",\"breadcrumb\":{\"@id\":\"https:\/\/www.koonings.com\/de\/product\/agora-19-07-top\/#breadcrumb\"},\"inLanguage\":\"de\",\"potentialAction\":[{\"@type\":\"ReadAction\",\"target\":[\"https:\/\/www.koonings.com\/de\/product\/agora-19-07-top\/\"]}]},{\"@type\":\"ImageObject\",\"inLanguage\":\"de\",\"@id\":\"https:\/\/www.koonings.com\/de\/product\/agora-19-07-top\/#primaryimage\",\"url\":\"https:\/\/www.koonings.com\/wp-content\/uploads\/2024\/11\/24906_d6f113237beacd570a40511147b2b5ea5a69427683d3fcead5c62a90b369674457e29399-scaled.jpeg\",\"contentUrl\":\"https:\/\/www.koonings.com\/wp-content\/uploads\/2024\/11\/24906_d6f113237beacd570a40511147b2b5ea5a69427683d3fcead5c62a90b369674457e29399-scaled.jpeg\",\"width\":1693,\"height\":2560},{\"@type\":\"BreadcrumbList\",\"@id\":\"https:\/\/www.koonings.com\/de\/product\/agora-19-07-top\/#breadcrumb\",\"itemListElement\":[{\"@type\":\"ListItem\",\"position\":1,\"name\":\"Home\",\"item\":\"https:\/\/www.koonings.com\/de\/\"},{\"@type\":\"ListItem\",\"position\":2,\"name\":\"Agora 19-07 Gipfel\"}]},{\"@type\":\"WebSite\",\"@id\":\"https:\/\/www.koonings.com\/de\/#website\",\"url\":\"https:\/\/www.koonings.com\/de\/\",\"name\":\"Koonings\",\"description\":\"De grootste bruidsmodewinkel ter wereld\",\"publisher\":{\"@id\":\"https:\/\/www.koonings.com\/de\/#organization\"},\"potentialAction\":[{\"@type\":\"SearchAction\",\"target\":{\"@type\":\"EntryPoint\",\"urlTemplate\":\"https:\/\/www.koonings.com\/de\/?s={search_term_string}\"},\"query-input\":{\"@type\":\"PropertyValueSpecification\",\"valueRequired\":true,\"valueName\":\"search_term_string\"}}],\"inLanguage\":\"de\"},{\"@type\":\"Organization\",\"@id\":\"https:\/\/www.koonings.com\/de\/#organization\",\"name\":\"Koonings\",\"url\":\"https:\/\/www.koonings.com\/de\/\",\"logo\":{\"@type\":\"ImageObject\",\"inLanguage\":\"de\",\"@id\":\"https:\/\/www.koonings.com\/de\/#\/schema\/logo\/image\/\",\"url\":\"https:\/\/www.koonings.com\/wp-content\/uploads\/2024\/07\/logo.png\",\"contentUrl\":\"https:\/\/www.koonings.com\/wp-content\/uploads\/2024\/07\/logo.png\",\"width\":600,\"height\":428,\"caption\":\"Koonings\"},\"image\":{\"@id\":\"https:\/\/www.koonings.com\/de\/#\/schema\/logo\/image\/\"},\"sameAs\":[\"https:\/\/www.facebook.com\/kooningstheweddingpalace\",\"https:\/\/www.instagram.com\/kooningstheweddingpalace\",\"https:\/\/www.pinterest.com\/koonings\",\"https:\/\/www.youtube.com\/kooningstheweddingpalace\"]}]}<\/script>\n<!-- \/ Yoast SEO plugin. -->","yoast_head_json":{"title":"Agora 19-07 Gipfel | Koonings","description":"Dieses nudefarbene Hochzeitskleid von Agora hat eine Ballkleidsilhouette. Das Kleid hat ein Oberteil aus halbdurchsichtiger Spitze und einen T\u00fcllrock mit Spitzendetails. Au\u00dferdem hat das Kleid einen tief ausgeschnittenen Ausschnitt, einen besonderen R\u00fccken und Glitzersteine.","robots":{"index":"index","follow":"follow","max-snippet":"max-snippet:-1","max-image-preview":"max-image-preview:large","max-video-preview":"max-video-preview:-1"},"canonical":"https:\/\/www.koonings.com\/de\/product\/agora-19-07-top\/","og_locale":"de_DE","og_type":"article","og_title":"Agora 19-07 Gipfel | Koonings","og_description":"Dieses nudefarbene Hochzeitskleid von Agora hat eine Ballkleidsilhouette. Das Kleid hat ein Oberteil aus halbdurchsichtiger Spitze und einen T\u00fcllrock mit Spitzendetails. Au\u00dferdem hat das Kleid einen tief ausgeschnittenen Ausschnitt, einen besonderen R\u00fccken und Glitzersteine.","og_url":"https:\/\/www.koonings.com\/de\/product\/agora-19-07-top\/","og_site_name":"Koonings","article_publisher":"https:\/\/www.facebook.com\/kooningstheweddingpalace","og_image":[{"width":1693,"height":2560,"url":"https:\/\/www.koonings.com\/wp-content\/uploads\/2024\/11\/24906_d6f113237beacd570a40511147b2b5ea5a69427683d3fcead5c62a90b369674457e29399-scaled.jpeg","type":"image\/jpeg"}],"twitter_card":"summary_large_image","schema":{"@context":"https:\/\/schema.org","@graph":[{"@type":"WebPage","@id":"https:\/\/www.koonings.com\/de\/product\/agora-19-07-top\/","url":"https:\/\/www.koonings.com\/de\/product\/agora-19-07-top\/","name":"Agora 19-07 Gipfel | Koonings","isPartOf":{"@id":"https:\/\/www.koonings.com\/de\/#website"},"primaryImageOfPage":{"@id":"https:\/\/www.koonings.com\/de\/product\/agora-19-07-top\/#primaryimage"},"image":{"@id":"https:\/\/www.koonings.com\/de\/product\/agora-19-07-top\/#primaryimage"},"thumbnailUrl":"https:\/\/www.koonings.com\/wp-content\/uploads\/2024\/11\/24906_d6f113237beacd570a40511147b2b5ea5a69427683d3fcead5c62a90b369674457e29399-scaled.jpeg","datePublished":"2026-03-27T15:02:47+00:00","description":"Dieses nudefarbene Hochzeitskleid von Agora hat eine Ballkleidsilhouette. Das Kleid hat ein Oberteil aus halbdurchsichtiger Spitze und einen T\u00fcllrock mit Spitzendetails. Au\u00dferdem hat das Kleid einen tief ausgeschnittenen Ausschnitt, einen besonderen R\u00fccken und Glitzersteine.","breadcrumb":{"@id":"https:\/\/www.koonings.com\/de\/product\/agora-19-07-top\/#breadcrumb"},"inLanguage":"de","potentialAction":[{"@type":"ReadAction","target":["https:\/\/www.koonings.com\/de\/product\/agora-19-07-top\/"]}]},{"@type":"ImageObject","inLanguage":"de","@id":"https:\/\/www.koonings.com\/de\/product\/agora-19-07-top\/#primaryimage","url":"https:\/\/www.koonings.com\/wp-content\/uploads\/2024\/11\/24906_d6f113237beacd570a40511147b2b5ea5a69427683d3fcead5c62a90b369674457e29399-scaled.jpeg","contentUrl":"https:\/\/www.koonings.com\/wp-content\/uploads\/2024\/11\/24906_d6f113237beacd570a40511147b2b5ea5a69427683d3fcead5c62a90b369674457e29399-scaled.jpeg","width":1693,"height":2560},{"@type":"BreadcrumbList","@id":"https:\/\/www.koonings.com\/de\/product\/agora-19-07-top\/#breadcrumb","itemListElement":[{"@type":"ListItem","position":1,"name":"Home","item":"https:\/\/www.koonings.com\/de\/"},{"@type":"ListItem","position":2,"name":"Agora 19-07 Gipfel"}]},{"@type":"WebSite","@id":"https:\/\/www.koonings.com\/de\/#website","url":"https:\/\/www.koonings.com\/de\/","name":"Koonings","description":"De grootste bruidsmodewinkel ter wereld","publisher":{"@id":"https:\/\/www.koonings.com\/de\/#organization"},"potentialAction":[{"@type":"SearchAction","target":{"@type":"EntryPoint","urlTemplate":"https:\/\/www.koonings.com\/de\/?s={search_term_string}"},"query-input":{"@type":"PropertyValueSpecification","valueRequired":true,"valueName":"search_term_string"}}],"inLanguage":"de"},{"@type":"Organization","@id":"https:\/\/www.koonings.com\/de\/#organization","name":"Koonings","url":"https:\/\/www.koonings.com\/de\/","logo":{"@type":"ImageObject","inLanguage":"de","@id":"https:\/\/www.koonings.com\/de\/#\/schema\/logo\/image\/","url":"https:\/\/www.koonings.com\/wp-content\/uploads\/2024\/07\/logo.png","contentUrl":"https:\/\/www.koonings.com\/wp-content\/uploads\/2024\/07\/logo.png","width":600,"height":428,"caption":"Koonings"},"image":{"@id":"https:\/\/www.koonings.com\/de\/#\/schema\/logo\/image\/"},"sameAs":["https:\/\/www.facebook.com\/kooningstheweddingpalace","https:\/\/www.instagram.com\/kooningstheweddingpalace","https:\/\/www.pinterest.com\/koonings","https:\/\/www.youtube.com\/kooningstheweddingpalace"]}]}},"_links":{"self":[{"href":"https:\/\/www.koonings.com\/de\/wp-json\/wp\/v2\/product\/32161","targetHints":{"allow":["GET"]}}],"collection":[{"href":"https:\/\/www.koonings.com\/de\/wp-json\/wp\/v2\/product"}],"about":[{"href":"https:\/\/www.koonings.com\/de\/wp-json\/wp\/v2\/types\/product"}],"wp:featuredmedia":[{"embeddable":true,"href":"https:\/\/www.koonings.com\/de\/wp-json\/wp\/v2\/media\/25673"}],"wp:attachment":[{"href":"https:\/\/www.koonings.com\/de\/wp-json\/wp\/v2\/media?parent=32161"}],"wp:term":[{"taxonomy":"productdetails","embeddable":true,"href":"https:\/\/www.koonings.com\/de\/wp-json\/wp\/v2\/productdetails?post=32161"},{"taxonomy":"productneck","embeddable":true,"href":"https:\/\/www.koonings.com\/de\/wp-json\/wp\/v2\/productneck?post=32161"},{"taxonomy":"productcolor","embeddable":true,"href":"https:\/\/www.koonings.com\/de\/wp-json\/wp\/v2\/productcolor?post=32161"},{"taxonomy":"maat","embeddable":true,"href":"https:\/\/www.koonings.com\/de\/wp-json\/wp\/v2\/maat?post=32161"},{"taxonomy":"productsupplier","embeddable":true,"href":"https:\/\/www.koonings.com\/de\/wp-json\/wp\/v2\/productsupplier?post=32161"},{"taxonomy":"productsleeve","embeddable":true,"href":"https:\/\/www.koonings.com\/de\/wp-json\/wp\/v2\/productsleeve?post=32161"},{"taxonomy":"productcategory","embeddable":true,"href":"https:\/\/www.koonings.com\/de\/wp-json\/wp\/v2\/productcategory?post=32161"},{"taxonomy":"productsilhouette","embeddable":true,"href":"https:\/\/www.koonings.com\/de\/wp-json\/wp\/v2\/productsilhouette?post=32161"},{"taxonomy":"productstyle","embeddable":true,"href":"https:\/\/www.koonings.com\/de\/wp-json\/wp\/v2\/productstyle?post=32161"}],"curies":[{"name":"wp","href":"https:\/\/api.w.org\/{rel}","templated":true}]}}