{"id":32141,"date":"2026-05-06T15:02:50","date_gmt":"2026-05-06T13:02:50","guid":{"rendered":"https:\/\/www.koonings.com\/product\/estee-bade-7014\/"},"modified":"2026-02-13T12:05:14","modified_gmt":"2026-02-13T11:05:14","slug":"estee-bade-7014","status":"publish","type":"product","link":"https:\/\/www.koonings.com\/de\/product\/estee-bade-7014\/","title":{"rendered":"Estee Bade 7014"},"content":{"rendered":"<p>Reiche Spitze und T\u00fcll wurden f\u00fcr dieses sehr exklusive Prinzessinnen-Hochzeitskleid verwendet. Das transparente Spitzenmieder hat einen V-f\u00f6rmigen Ausschnitt und einen sehr tief ausgeschnittenen R\u00fccken. Wundersch\u00f6n, wie sich die gleiche Spitze im Saum des weiten Rocks widerspiegelt. Ein Blickfang am R\u00fccken ist die gro\u00dfe florale Korsage an der Taille.   <\/p>\n","protected":false},"featured_media":25722,"template":"","meta":{"_acf_changed":false,"ghostkit_customizer_options":"","ghostkit_custom_css":"","ghostkit_custom_js_head":"","ghostkit_custom_js_foot":"","ghostkit_typography":""},"productdetails":[376,381],"productneck":[356],"productcolor":[393],"maat":[],"productsupplier":[418],"productsleeve":[359],"productcategory":[18],"productsilhouette":[388],"productstyle":[372],"class_list":["post-32141","product","type-product","status-publish","has-post-thumbnail","hentry","productdetails-376","productdetails-381","productneck-356","productcolor-393","productsupplier-estee-bade","productsleeve-359","productcategory-trouwjurken","productsilhouette-388","productstyle-372"],"acf":[],"yoast_head":"<!-- This site is optimized with the Yoast SEO plugin v27.3 - https:\/\/yoast.com\/product\/yoast-seo-wordpress\/ -->\n<title>Estee Bade 7014 | Koonings<\/title>\n<meta name=\"description\" content=\"Reiche Spitze und T\u00fcll wurden f\u00fcr dieses sehr exklusive Prinzessinnen-Hochzeitskleid verwendet. Das transparente Spitzenmieder hat einen V-f\u00f6rmigen Ausschnitt und einen sehr tief ausgeschnittenen R\u00fccken. Wundersch\u00f6n, wie sich die gleiche Spitze im Saum des weiten Rocks widerspiegelt. Ein Blickfang am R\u00fccken ist die gro\u00dfe florale Korsage an der Taille.\" \/>\n<meta name=\"robots\" content=\"index, follow, max-snippet:-1, max-image-preview:large, max-video-preview:-1\" \/>\n<link rel=\"canonical\" href=\"https:\/\/www.koonings.com\/de\/product\/estee-bade-7014\/\" \/>\n<meta property=\"og:locale\" content=\"de_DE\" \/>\n<meta property=\"og:type\" content=\"article\" \/>\n<meta property=\"og:title\" content=\"Estee Bade 7014 | Koonings\" \/>\n<meta property=\"og:description\" content=\"Reiche Spitze und T\u00fcll wurden f\u00fcr dieses sehr exklusive Prinzessinnen-Hochzeitskleid verwendet. Das transparente Spitzenmieder hat einen V-f\u00f6rmigen Ausschnitt und einen sehr tief ausgeschnittenen R\u00fccken. Wundersch\u00f6n, wie sich die gleiche Spitze im Saum des weiten Rocks widerspiegelt. Ein Blickfang am R\u00fccken ist die gro\u00dfe florale Korsage an der Taille.\" \/>\n<meta property=\"og:url\" content=\"https:\/\/www.koonings.com\/de\/product\/estee-bade-7014\/\" \/>\n<meta property=\"og:site_name\" content=\"Koonings\" \/>\n<meta property=\"article:publisher\" content=\"https:\/\/www.facebook.com\/kooningstheweddingpalace\" \/>\n<meta property=\"og:image\" content=\"https:\/\/www.koonings.com\/wp-content\/uploads\/2024\/11\/25774_041c90dcdaf1521a74a9cb3a4a33b3894bfbb93998c00cb82a411da3153cb8afc48eba2c.jpeg\" \/>\n\t<meta property=\"og:image:width\" content=\"601\" \/>\n\t<meta property=\"og:image:height\" content=\"850\" \/>\n\t<meta property=\"og:image:type\" content=\"image\/jpeg\" \/>\n<meta name=\"twitter:card\" content=\"summary_large_image\" \/>\n<script type=\"application\/ld+json\" class=\"yoast-schema-graph\">{\"@context\":\"https:\\\/\\\/schema.org\",\"@graph\":[{\"@type\":\"WebPage\",\"@id\":\"https:\\\/\\\/www.koonings.com\\\/de\\\/product\\\/estee-bade-7014\\\/\",\"url\":\"https:\\\/\\\/www.koonings.com\\\/de\\\/product\\\/estee-bade-7014\\\/\",\"name\":\"Estee Bade 7014 | Koonings\",\"isPartOf\":{\"@id\":\"https:\\\/\\\/www.koonings.com\\\/de\\\/#website\"},\"primaryImageOfPage\":{\"@id\":\"https:\\\/\\\/www.koonings.com\\\/de\\\/product\\\/estee-bade-7014\\\/#primaryimage\"},\"image\":{\"@id\":\"https:\\\/\\\/www.koonings.com\\\/de\\\/product\\\/estee-bade-7014\\\/#primaryimage\"},\"thumbnailUrl\":\"https:\\\/\\\/www.koonings.com\\\/wp-content\\\/uploads\\\/2024\\\/11\\\/25774_041c90dcdaf1521a74a9cb3a4a33b3894bfbb93998c00cb82a411da3153cb8afc48eba2c.jpeg\",\"datePublished\":\"2026-05-06T13:02:50+00:00\",\"description\":\"Reiche Spitze und T\u00fcll wurden f\u00fcr dieses sehr exklusive Prinzessinnen-Hochzeitskleid verwendet. Das transparente Spitzenmieder hat einen V-f\u00f6rmigen Ausschnitt und einen sehr tief ausgeschnittenen R\u00fccken. Wundersch\u00f6n, wie sich die gleiche Spitze im Saum des weiten Rocks widerspiegelt. Ein Blickfang am R\u00fccken ist die gro\u00dfe florale Korsage an der Taille.\",\"breadcrumb\":{\"@id\":\"https:\\\/\\\/www.koonings.com\\\/de\\\/product\\\/estee-bade-7014\\\/#breadcrumb\"},\"inLanguage\":\"de\",\"potentialAction\":[{\"@type\":\"ReadAction\",\"target\":[\"https:\\\/\\\/www.koonings.com\\\/de\\\/product\\\/estee-bade-7014\\\/\"]}]},{\"@type\":\"ImageObject\",\"inLanguage\":\"de\",\"@id\":\"https:\\\/\\\/www.koonings.com\\\/de\\\/product\\\/estee-bade-7014\\\/#primaryimage\",\"url\":\"https:\\\/\\\/www.koonings.com\\\/wp-content\\\/uploads\\\/2024\\\/11\\\/25774_041c90dcdaf1521a74a9cb3a4a33b3894bfbb93998c00cb82a411da3153cb8afc48eba2c.jpeg\",\"contentUrl\":\"https:\\\/\\\/www.koonings.com\\\/wp-content\\\/uploads\\\/2024\\\/11\\\/25774_041c90dcdaf1521a74a9cb3a4a33b3894bfbb93998c00cb82a411da3153cb8afc48eba2c.jpeg\",\"width\":601,\"height\":850},{\"@type\":\"BreadcrumbList\",\"@id\":\"https:\\\/\\\/www.koonings.com\\\/de\\\/product\\\/estee-bade-7014\\\/#breadcrumb\",\"itemListElement\":[{\"@type\":\"ListItem\",\"position\":1,\"name\":\"Home\",\"item\":\"https:\\\/\\\/www.koonings.com\\\/de\\\/\"},{\"@type\":\"ListItem\",\"position\":2,\"name\":\"Estee Bade 7014\"}]},{\"@type\":\"WebSite\",\"@id\":\"https:\\\/\\\/www.koonings.com\\\/de\\\/#website\",\"url\":\"https:\\\/\\\/www.koonings.com\\\/de\\\/\",\"name\":\"Koonings\",\"description\":\"De grootste bruidsmodewinkel ter wereld\",\"publisher\":{\"@id\":\"https:\\\/\\\/www.koonings.com\\\/de\\\/#organization\"},\"potentialAction\":[{\"@type\":\"SearchAction\",\"target\":{\"@type\":\"EntryPoint\",\"urlTemplate\":\"https:\\\/\\\/www.koonings.com\\\/de\\\/?s={search_term_string}\"},\"query-input\":{\"@type\":\"PropertyValueSpecification\",\"valueRequired\":true,\"valueName\":\"search_term_string\"}}],\"inLanguage\":\"de\"},{\"@type\":\"Organization\",\"@id\":\"https:\\\/\\\/www.koonings.com\\\/de\\\/#organization\",\"name\":\"Koonings\",\"url\":\"https:\\\/\\\/www.koonings.com\\\/de\\\/\",\"logo\":{\"@type\":\"ImageObject\",\"inLanguage\":\"de\",\"@id\":\"https:\\\/\\\/www.koonings.com\\\/de\\\/#\\\/schema\\\/logo\\\/image\\\/\",\"url\":\"https:\\\/\\\/www.koonings.com\\\/wp-content\\\/uploads\\\/2024\\\/07\\\/logo.png\",\"contentUrl\":\"https:\\\/\\\/www.koonings.com\\\/wp-content\\\/uploads\\\/2024\\\/07\\\/logo.png\",\"width\":600,\"height\":428,\"caption\":\"Koonings\"},\"image\":{\"@id\":\"https:\\\/\\\/www.koonings.com\\\/de\\\/#\\\/schema\\\/logo\\\/image\\\/\"},\"sameAs\":[\"https:\\\/\\\/www.facebook.com\\\/kooningstheweddingpalace\",\"https:\\\/\\\/www.instagram.com\\\/kooningstheweddingpalace\",\"https:\\\/\\\/www.pinterest.com\\\/koonings\",\"https:\\\/\\\/www.youtube.com\\\/kooningstheweddingpalace\"]}]}<\/script>\n<!-- \/ Yoast SEO plugin. -->","yoast_head_json":{"title":"Estee Bade 7014 | Koonings","description":"Reiche Spitze und T\u00fcll wurden f\u00fcr dieses sehr exklusive Prinzessinnen-Hochzeitskleid verwendet. Das transparente Spitzenmieder hat einen V-f\u00f6rmigen Ausschnitt und einen sehr tief ausgeschnittenen R\u00fccken. Wundersch\u00f6n, wie sich die gleiche Spitze im Saum des weiten Rocks widerspiegelt. Ein Blickfang am R\u00fccken ist die gro\u00dfe florale Korsage an der Taille.","robots":{"index":"index","follow":"follow","max-snippet":"max-snippet:-1","max-image-preview":"max-image-preview:large","max-video-preview":"max-video-preview:-1"},"canonical":"https:\/\/www.koonings.com\/de\/product\/estee-bade-7014\/","og_locale":"de_DE","og_type":"article","og_title":"Estee Bade 7014 | Koonings","og_description":"Reiche Spitze und T\u00fcll wurden f\u00fcr dieses sehr exklusive Prinzessinnen-Hochzeitskleid verwendet. Das transparente Spitzenmieder hat einen V-f\u00f6rmigen Ausschnitt und einen sehr tief ausgeschnittenen R\u00fccken. Wundersch\u00f6n, wie sich die gleiche Spitze im Saum des weiten Rocks widerspiegelt. Ein Blickfang am R\u00fccken ist die gro\u00dfe florale Korsage an der Taille.","og_url":"https:\/\/www.koonings.com\/de\/product\/estee-bade-7014\/","og_site_name":"Koonings","article_publisher":"https:\/\/www.facebook.com\/kooningstheweddingpalace","og_image":[{"width":601,"height":850,"url":"https:\/\/www.koonings.com\/wp-content\/uploads\/2024\/11\/25774_041c90dcdaf1521a74a9cb3a4a33b3894bfbb93998c00cb82a411da3153cb8afc48eba2c.jpeg","type":"image\/jpeg"}],"twitter_card":"summary_large_image","schema":{"@context":"https:\/\/schema.org","@graph":[{"@type":"WebPage","@id":"https:\/\/www.koonings.com\/de\/product\/estee-bade-7014\/","url":"https:\/\/www.koonings.com\/de\/product\/estee-bade-7014\/","name":"Estee Bade 7014 | Koonings","isPartOf":{"@id":"https:\/\/www.koonings.com\/de\/#website"},"primaryImageOfPage":{"@id":"https:\/\/www.koonings.com\/de\/product\/estee-bade-7014\/#primaryimage"},"image":{"@id":"https:\/\/www.koonings.com\/de\/product\/estee-bade-7014\/#primaryimage"},"thumbnailUrl":"https:\/\/www.koonings.com\/wp-content\/uploads\/2024\/11\/25774_041c90dcdaf1521a74a9cb3a4a33b3894bfbb93998c00cb82a411da3153cb8afc48eba2c.jpeg","datePublished":"2026-05-06T13:02:50+00:00","description":"Reiche Spitze und T\u00fcll wurden f\u00fcr dieses sehr exklusive Prinzessinnen-Hochzeitskleid verwendet. Das transparente Spitzenmieder hat einen V-f\u00f6rmigen Ausschnitt und einen sehr tief ausgeschnittenen R\u00fccken. Wundersch\u00f6n, wie sich die gleiche Spitze im Saum des weiten Rocks widerspiegelt. Ein Blickfang am R\u00fccken ist die gro\u00dfe florale Korsage an der Taille.","breadcrumb":{"@id":"https:\/\/www.koonings.com\/de\/product\/estee-bade-7014\/#breadcrumb"},"inLanguage":"de","potentialAction":[{"@type":"ReadAction","target":["https:\/\/www.koonings.com\/de\/product\/estee-bade-7014\/"]}]},{"@type":"ImageObject","inLanguage":"de","@id":"https:\/\/www.koonings.com\/de\/product\/estee-bade-7014\/#primaryimage","url":"https:\/\/www.koonings.com\/wp-content\/uploads\/2024\/11\/25774_041c90dcdaf1521a74a9cb3a4a33b3894bfbb93998c00cb82a411da3153cb8afc48eba2c.jpeg","contentUrl":"https:\/\/www.koonings.com\/wp-content\/uploads\/2024\/11\/25774_041c90dcdaf1521a74a9cb3a4a33b3894bfbb93998c00cb82a411da3153cb8afc48eba2c.jpeg","width":601,"height":850},{"@type":"BreadcrumbList","@id":"https:\/\/www.koonings.com\/de\/product\/estee-bade-7014\/#breadcrumb","itemListElement":[{"@type":"ListItem","position":1,"name":"Home","item":"https:\/\/www.koonings.com\/de\/"},{"@type":"ListItem","position":2,"name":"Estee Bade 7014"}]},{"@type":"WebSite","@id":"https:\/\/www.koonings.com\/de\/#website","url":"https:\/\/www.koonings.com\/de\/","name":"Koonings","description":"De grootste bruidsmodewinkel ter wereld","publisher":{"@id":"https:\/\/www.koonings.com\/de\/#organization"},"potentialAction":[{"@type":"SearchAction","target":{"@type":"EntryPoint","urlTemplate":"https:\/\/www.koonings.com\/de\/?s={search_term_string}"},"query-input":{"@type":"PropertyValueSpecification","valueRequired":true,"valueName":"search_term_string"}}],"inLanguage":"de"},{"@type":"Organization","@id":"https:\/\/www.koonings.com\/de\/#organization","name":"Koonings","url":"https:\/\/www.koonings.com\/de\/","logo":{"@type":"ImageObject","inLanguage":"de","@id":"https:\/\/www.koonings.com\/de\/#\/schema\/logo\/image\/","url":"https:\/\/www.koonings.com\/wp-content\/uploads\/2024\/07\/logo.png","contentUrl":"https:\/\/www.koonings.com\/wp-content\/uploads\/2024\/07\/logo.png","width":600,"height":428,"caption":"Koonings"},"image":{"@id":"https:\/\/www.koonings.com\/de\/#\/schema\/logo\/image\/"},"sameAs":["https:\/\/www.facebook.com\/kooningstheweddingpalace","https:\/\/www.instagram.com\/kooningstheweddingpalace","https:\/\/www.pinterest.com\/koonings","https:\/\/www.youtube.com\/kooningstheweddingpalace"]}]}},"_links":{"self":[{"href":"https:\/\/www.koonings.com\/de\/wp-json\/wp\/v2\/product\/32141","targetHints":{"allow":["GET"]}}],"collection":[{"href":"https:\/\/www.koonings.com\/de\/wp-json\/wp\/v2\/product"}],"about":[{"href":"https:\/\/www.koonings.com\/de\/wp-json\/wp\/v2\/types\/product"}],"wp:featuredmedia":[{"embeddable":true,"href":"https:\/\/www.koonings.com\/de\/wp-json\/wp\/v2\/media\/25722"}],"wp:attachment":[{"href":"https:\/\/www.koonings.com\/de\/wp-json\/wp\/v2\/media?parent=32141"}],"wp:term":[{"taxonomy":"productdetails","embeddable":true,"href":"https:\/\/www.koonings.com\/de\/wp-json\/wp\/v2\/productdetails?post=32141"},{"taxonomy":"productneck","embeddable":true,"href":"https:\/\/www.koonings.com\/de\/wp-json\/wp\/v2\/productneck?post=32141"},{"taxonomy":"productcolor","embeddable":true,"href":"https:\/\/www.koonings.com\/de\/wp-json\/wp\/v2\/productcolor?post=32141"},{"taxonomy":"maat","embeddable":true,"href":"https:\/\/www.koonings.com\/de\/wp-json\/wp\/v2\/maat?post=32141"},{"taxonomy":"productsupplier","embeddable":true,"href":"https:\/\/www.koonings.com\/de\/wp-json\/wp\/v2\/productsupplier?post=32141"},{"taxonomy":"productsleeve","embeddable":true,"href":"https:\/\/www.koonings.com\/de\/wp-json\/wp\/v2\/productsleeve?post=32141"},{"taxonomy":"productcategory","embeddable":true,"href":"https:\/\/www.koonings.com\/de\/wp-json\/wp\/v2\/productcategory?post=32141"},{"taxonomy":"productsilhouette","embeddable":true,"href":"https:\/\/www.koonings.com\/de\/wp-json\/wp\/v2\/productsilhouette?post=32141"},{"taxonomy":"productstyle","embeddable":true,"href":"https:\/\/www.koonings.com\/de\/wp-json\/wp\/v2\/productstyle?post=32141"}],"curies":[{"name":"wp","href":"https:\/\/api.w.org\/{rel}","templated":true}]}}