{"id":32128,"date":"2026-04-28T18:02:50","date_gmt":"2026-04-28T16:02:50","guid":{"rendered":"https:\/\/www.koonings.com\/product\/estee-bade-47195\/"},"modified":"2026-02-16T11:30:53","modified_gmt":"2026-02-16T10:30:53","slug":"estee-bade-47195","status":"publish","type":"product","link":"https:\/\/www.koonings.com\/de\/product\/estee-bade-47195\/","title":{"rendered":"Estee Bade 47195"},"content":{"rendered":"<p>Super feminin und sexy dieses Prinzessinnen-Hochzeitskleid mit eng anliegendem Mieder und weitem Rock. Das transparente Spitzenmieder hat einen V-Ausschnitt und schmale Tr\u00e4ger. Die Illusionsr\u00fcckwand sticht mit ihrem Knopfverschluss hervor. Wundersch\u00f6n kombiniert mit dem superweiten Rock und der kurzen Schleppe. H\u00fcbsches Detail ist die sch\u00f6ne Spitze am unteren Rand des Rocks.    <\/p>\n","protected":false},"featured_media":25754,"template":"","meta":{"_acf_changed":false,"ghostkit_customizer_options":"","ghostkit_custom_css":"","ghostkit_custom_js_head":"","ghostkit_custom_js_foot":"","ghostkit_typography":""},"productdetails":[381],"productneck":[356],"productcolor":[392],"maat":[],"productsupplier":[418],"productsleeve":[359],"productcategory":[18],"productsilhouette":[388],"productstyle":[372],"class_list":["post-32128","product","type-product","status-publish","has-post-thumbnail","hentry","productdetails-381","productneck-356","productcolor-392","productsupplier-estee-bade","productsleeve-359","productcategory-trouwjurken","productsilhouette-388","productstyle-372"],"acf":[],"yoast_head":"<!-- This site is optimized with the Yoast SEO plugin v27.3 - https:\/\/yoast.com\/product\/yoast-seo-wordpress\/ -->\n<title>Estee Bade 47195 | Koonings<\/title>\n<meta name=\"description\" content=\"Super feminin und sexy dieses Prinzessinnen-Hochzeitskleid mit eng anliegendem Mieder und weitem Rock. Das transparente Spitzenmieder hat einen V-Ausschnitt und schmale Tr\u00e4ger. Die Illusionsr\u00fcckwand sticht mit ihrem Knopfverschluss hervor. Wundersch\u00f6n kombiniert mit dem superweiten Rock und der kurzen Schleppe. H\u00fcbsches Detail ist die sch\u00f6ne Spitze am unteren Rand des Rocks.\" \/>\n<meta name=\"robots\" content=\"index, follow, max-snippet:-1, max-image-preview:large, max-video-preview:-1\" \/>\n<link rel=\"canonical\" href=\"https:\/\/www.koonings.com\/de\/product\/estee-bade-47195\/\" \/>\n<meta property=\"og:locale\" content=\"de_DE\" \/>\n<meta property=\"og:type\" content=\"article\" \/>\n<meta property=\"og:title\" content=\"Estee Bade 47195 | Koonings\" \/>\n<meta property=\"og:description\" content=\"Super feminin und sexy dieses Prinzessinnen-Hochzeitskleid mit eng anliegendem Mieder und weitem Rock. Das transparente Spitzenmieder hat einen V-Ausschnitt und schmale Tr\u00e4ger. Die Illusionsr\u00fcckwand sticht mit ihrem Knopfverschluss hervor. Wundersch\u00f6n kombiniert mit dem superweiten Rock und der kurzen Schleppe. H\u00fcbsches Detail ist die sch\u00f6ne Spitze am unteren Rand des Rocks.\" \/>\n<meta property=\"og:url\" content=\"https:\/\/www.koonings.com\/de\/product\/estee-bade-47195\/\" \/>\n<meta property=\"og:site_name\" content=\"Koonings\" \/>\n<meta property=\"article:publisher\" content=\"https:\/\/www.facebook.com\/kooningstheweddingpalace\" \/>\n<meta property=\"og:image\" content=\"https:\/\/www.koonings.com\/wp-content\/uploads\/2024\/11\/25789_f9b17358cfb9a6e9a4f4cf41b13d801518a04409162b1e320a28a97491615062a3eadbf3.jpeg\" \/>\n\t<meta property=\"og:image:width\" content=\"741\" \/>\n\t<meta property=\"og:image:height\" content=\"1048\" \/>\n\t<meta property=\"og:image:type\" content=\"image\/jpeg\" \/>\n<meta name=\"twitter:card\" content=\"summary_large_image\" \/>\n<script type=\"application\/ld+json\" class=\"yoast-schema-graph\">{\"@context\":\"https:\\\/\\\/schema.org\",\"@graph\":[{\"@type\":\"WebPage\",\"@id\":\"https:\\\/\\\/www.koonings.com\\\/de\\\/product\\\/estee-bade-47195\\\/\",\"url\":\"https:\\\/\\\/www.koonings.com\\\/de\\\/product\\\/estee-bade-47195\\\/\",\"name\":\"Estee Bade 47195 | Koonings\",\"isPartOf\":{\"@id\":\"https:\\\/\\\/www.koonings.com\\\/de\\\/#website\"},\"primaryImageOfPage\":{\"@id\":\"https:\\\/\\\/www.koonings.com\\\/de\\\/product\\\/estee-bade-47195\\\/#primaryimage\"},\"image\":{\"@id\":\"https:\\\/\\\/www.koonings.com\\\/de\\\/product\\\/estee-bade-47195\\\/#primaryimage\"},\"thumbnailUrl\":\"https:\\\/\\\/www.koonings.com\\\/wp-content\\\/uploads\\\/2024\\\/11\\\/25789_f9b17358cfb9a6e9a4f4cf41b13d801518a04409162b1e320a28a97491615062a3eadbf3.jpeg\",\"datePublished\":\"2026-04-28T16:02:50+00:00\",\"description\":\"Super feminin und sexy dieses Prinzessinnen-Hochzeitskleid mit eng anliegendem Mieder und weitem Rock. Das transparente Spitzenmieder hat einen V-Ausschnitt und schmale Tr\u00e4ger. Die Illusionsr\u00fcckwand sticht mit ihrem Knopfverschluss hervor. Wundersch\u00f6n kombiniert mit dem superweiten Rock und der kurzen Schleppe. H\u00fcbsches Detail ist die sch\u00f6ne Spitze am unteren Rand des Rocks.\",\"breadcrumb\":{\"@id\":\"https:\\\/\\\/www.koonings.com\\\/de\\\/product\\\/estee-bade-47195\\\/#breadcrumb\"},\"inLanguage\":\"de\",\"potentialAction\":[{\"@type\":\"ReadAction\",\"target\":[\"https:\\\/\\\/www.koonings.com\\\/de\\\/product\\\/estee-bade-47195\\\/\"]}]},{\"@type\":\"ImageObject\",\"inLanguage\":\"de\",\"@id\":\"https:\\\/\\\/www.koonings.com\\\/de\\\/product\\\/estee-bade-47195\\\/#primaryimage\",\"url\":\"https:\\\/\\\/www.koonings.com\\\/wp-content\\\/uploads\\\/2024\\\/11\\\/25789_f9b17358cfb9a6e9a4f4cf41b13d801518a04409162b1e320a28a97491615062a3eadbf3.jpeg\",\"contentUrl\":\"https:\\\/\\\/www.koonings.com\\\/wp-content\\\/uploads\\\/2024\\\/11\\\/25789_f9b17358cfb9a6e9a4f4cf41b13d801518a04409162b1e320a28a97491615062a3eadbf3.jpeg\",\"width\":741,\"height\":1048},{\"@type\":\"BreadcrumbList\",\"@id\":\"https:\\\/\\\/www.koonings.com\\\/de\\\/product\\\/estee-bade-47195\\\/#breadcrumb\",\"itemListElement\":[{\"@type\":\"ListItem\",\"position\":1,\"name\":\"Home\",\"item\":\"https:\\\/\\\/www.koonings.com\\\/de\\\/\"},{\"@type\":\"ListItem\",\"position\":2,\"name\":\"Estee Bade 47195\"}]},{\"@type\":\"WebSite\",\"@id\":\"https:\\\/\\\/www.koonings.com\\\/de\\\/#website\",\"url\":\"https:\\\/\\\/www.koonings.com\\\/de\\\/\",\"name\":\"Koonings\",\"description\":\"De grootste bruidsmodewinkel ter wereld\",\"publisher\":{\"@id\":\"https:\\\/\\\/www.koonings.com\\\/de\\\/#organization\"},\"potentialAction\":[{\"@type\":\"SearchAction\",\"target\":{\"@type\":\"EntryPoint\",\"urlTemplate\":\"https:\\\/\\\/www.koonings.com\\\/de\\\/?s={search_term_string}\"},\"query-input\":{\"@type\":\"PropertyValueSpecification\",\"valueRequired\":true,\"valueName\":\"search_term_string\"}}],\"inLanguage\":\"de\"},{\"@type\":\"Organization\",\"@id\":\"https:\\\/\\\/www.koonings.com\\\/de\\\/#organization\",\"name\":\"Koonings\",\"url\":\"https:\\\/\\\/www.koonings.com\\\/de\\\/\",\"logo\":{\"@type\":\"ImageObject\",\"inLanguage\":\"de\",\"@id\":\"https:\\\/\\\/www.koonings.com\\\/de\\\/#\\\/schema\\\/logo\\\/image\\\/\",\"url\":\"https:\\\/\\\/www.koonings.com\\\/wp-content\\\/uploads\\\/2024\\\/07\\\/logo.png\",\"contentUrl\":\"https:\\\/\\\/www.koonings.com\\\/wp-content\\\/uploads\\\/2024\\\/07\\\/logo.png\",\"width\":600,\"height\":428,\"caption\":\"Koonings\"},\"image\":{\"@id\":\"https:\\\/\\\/www.koonings.com\\\/de\\\/#\\\/schema\\\/logo\\\/image\\\/\"},\"sameAs\":[\"https:\\\/\\\/www.facebook.com\\\/kooningstheweddingpalace\",\"https:\\\/\\\/www.instagram.com\\\/kooningstheweddingpalace\",\"https:\\\/\\\/www.pinterest.com\\\/koonings\",\"https:\\\/\\\/www.youtube.com\\\/kooningstheweddingpalace\"]}]}<\/script>\n<!-- \/ Yoast SEO plugin. -->","yoast_head_json":{"title":"Estee Bade 47195 | Koonings","description":"Super feminin und sexy dieses Prinzessinnen-Hochzeitskleid mit eng anliegendem Mieder und weitem Rock. Das transparente Spitzenmieder hat einen V-Ausschnitt und schmale Tr\u00e4ger. Die Illusionsr\u00fcckwand sticht mit ihrem Knopfverschluss hervor. Wundersch\u00f6n kombiniert mit dem superweiten Rock und der kurzen Schleppe. H\u00fcbsches Detail ist die sch\u00f6ne Spitze am unteren Rand des Rocks.","robots":{"index":"index","follow":"follow","max-snippet":"max-snippet:-1","max-image-preview":"max-image-preview:large","max-video-preview":"max-video-preview:-1"},"canonical":"https:\/\/www.koonings.com\/de\/product\/estee-bade-47195\/","og_locale":"de_DE","og_type":"article","og_title":"Estee Bade 47195 | Koonings","og_description":"Super feminin und sexy dieses Prinzessinnen-Hochzeitskleid mit eng anliegendem Mieder und weitem Rock. Das transparente Spitzenmieder hat einen V-Ausschnitt und schmale Tr\u00e4ger. Die Illusionsr\u00fcckwand sticht mit ihrem Knopfverschluss hervor. Wundersch\u00f6n kombiniert mit dem superweiten Rock und der kurzen Schleppe. H\u00fcbsches Detail ist die sch\u00f6ne Spitze am unteren Rand des Rocks.","og_url":"https:\/\/www.koonings.com\/de\/product\/estee-bade-47195\/","og_site_name":"Koonings","article_publisher":"https:\/\/www.facebook.com\/kooningstheweddingpalace","og_image":[{"width":741,"height":1048,"url":"https:\/\/www.koonings.com\/wp-content\/uploads\/2024\/11\/25789_f9b17358cfb9a6e9a4f4cf41b13d801518a04409162b1e320a28a97491615062a3eadbf3.jpeg","type":"image\/jpeg"}],"twitter_card":"summary_large_image","schema":{"@context":"https:\/\/schema.org","@graph":[{"@type":"WebPage","@id":"https:\/\/www.koonings.com\/de\/product\/estee-bade-47195\/","url":"https:\/\/www.koonings.com\/de\/product\/estee-bade-47195\/","name":"Estee Bade 47195 | Koonings","isPartOf":{"@id":"https:\/\/www.koonings.com\/de\/#website"},"primaryImageOfPage":{"@id":"https:\/\/www.koonings.com\/de\/product\/estee-bade-47195\/#primaryimage"},"image":{"@id":"https:\/\/www.koonings.com\/de\/product\/estee-bade-47195\/#primaryimage"},"thumbnailUrl":"https:\/\/www.koonings.com\/wp-content\/uploads\/2024\/11\/25789_f9b17358cfb9a6e9a4f4cf41b13d801518a04409162b1e320a28a97491615062a3eadbf3.jpeg","datePublished":"2026-04-28T16:02:50+00:00","description":"Super feminin und sexy dieses Prinzessinnen-Hochzeitskleid mit eng anliegendem Mieder und weitem Rock. Das transparente Spitzenmieder hat einen V-Ausschnitt und schmale Tr\u00e4ger. Die Illusionsr\u00fcckwand sticht mit ihrem Knopfverschluss hervor. Wundersch\u00f6n kombiniert mit dem superweiten Rock und der kurzen Schleppe. H\u00fcbsches Detail ist die sch\u00f6ne Spitze am unteren Rand des Rocks.","breadcrumb":{"@id":"https:\/\/www.koonings.com\/de\/product\/estee-bade-47195\/#breadcrumb"},"inLanguage":"de","potentialAction":[{"@type":"ReadAction","target":["https:\/\/www.koonings.com\/de\/product\/estee-bade-47195\/"]}]},{"@type":"ImageObject","inLanguage":"de","@id":"https:\/\/www.koonings.com\/de\/product\/estee-bade-47195\/#primaryimage","url":"https:\/\/www.koonings.com\/wp-content\/uploads\/2024\/11\/25789_f9b17358cfb9a6e9a4f4cf41b13d801518a04409162b1e320a28a97491615062a3eadbf3.jpeg","contentUrl":"https:\/\/www.koonings.com\/wp-content\/uploads\/2024\/11\/25789_f9b17358cfb9a6e9a4f4cf41b13d801518a04409162b1e320a28a97491615062a3eadbf3.jpeg","width":741,"height":1048},{"@type":"BreadcrumbList","@id":"https:\/\/www.koonings.com\/de\/product\/estee-bade-47195\/#breadcrumb","itemListElement":[{"@type":"ListItem","position":1,"name":"Home","item":"https:\/\/www.koonings.com\/de\/"},{"@type":"ListItem","position":2,"name":"Estee Bade 47195"}]},{"@type":"WebSite","@id":"https:\/\/www.koonings.com\/de\/#website","url":"https:\/\/www.koonings.com\/de\/","name":"Koonings","description":"De grootste bruidsmodewinkel ter wereld","publisher":{"@id":"https:\/\/www.koonings.com\/de\/#organization"},"potentialAction":[{"@type":"SearchAction","target":{"@type":"EntryPoint","urlTemplate":"https:\/\/www.koonings.com\/de\/?s={search_term_string}"},"query-input":{"@type":"PropertyValueSpecification","valueRequired":true,"valueName":"search_term_string"}}],"inLanguage":"de"},{"@type":"Organization","@id":"https:\/\/www.koonings.com\/de\/#organization","name":"Koonings","url":"https:\/\/www.koonings.com\/de\/","logo":{"@type":"ImageObject","inLanguage":"de","@id":"https:\/\/www.koonings.com\/de\/#\/schema\/logo\/image\/","url":"https:\/\/www.koonings.com\/wp-content\/uploads\/2024\/07\/logo.png","contentUrl":"https:\/\/www.koonings.com\/wp-content\/uploads\/2024\/07\/logo.png","width":600,"height":428,"caption":"Koonings"},"image":{"@id":"https:\/\/www.koonings.com\/de\/#\/schema\/logo\/image\/"},"sameAs":["https:\/\/www.facebook.com\/kooningstheweddingpalace","https:\/\/www.instagram.com\/kooningstheweddingpalace","https:\/\/www.pinterest.com\/koonings","https:\/\/www.youtube.com\/kooningstheweddingpalace"]}]}},"_links":{"self":[{"href":"https:\/\/www.koonings.com\/de\/wp-json\/wp\/v2\/product\/32128","targetHints":{"allow":["GET"]}}],"collection":[{"href":"https:\/\/www.koonings.com\/de\/wp-json\/wp\/v2\/product"}],"about":[{"href":"https:\/\/www.koonings.com\/de\/wp-json\/wp\/v2\/types\/product"}],"wp:featuredmedia":[{"embeddable":true,"href":"https:\/\/www.koonings.com\/de\/wp-json\/wp\/v2\/media\/25754"}],"wp:attachment":[{"href":"https:\/\/www.koonings.com\/de\/wp-json\/wp\/v2\/media?parent=32128"}],"wp:term":[{"taxonomy":"productdetails","embeddable":true,"href":"https:\/\/www.koonings.com\/de\/wp-json\/wp\/v2\/productdetails?post=32128"},{"taxonomy":"productneck","embeddable":true,"href":"https:\/\/www.koonings.com\/de\/wp-json\/wp\/v2\/productneck?post=32128"},{"taxonomy":"productcolor","embeddable":true,"href":"https:\/\/www.koonings.com\/de\/wp-json\/wp\/v2\/productcolor?post=32128"},{"taxonomy":"maat","embeddable":true,"href":"https:\/\/www.koonings.com\/de\/wp-json\/wp\/v2\/maat?post=32128"},{"taxonomy":"productsupplier","embeddable":true,"href":"https:\/\/www.koonings.com\/de\/wp-json\/wp\/v2\/productsupplier?post=32128"},{"taxonomy":"productsleeve","embeddable":true,"href":"https:\/\/www.koonings.com\/de\/wp-json\/wp\/v2\/productsleeve?post=32128"},{"taxonomy":"productcategory","embeddable":true,"href":"https:\/\/www.koonings.com\/de\/wp-json\/wp\/v2\/productcategory?post=32128"},{"taxonomy":"productsilhouette","embeddable":true,"href":"https:\/\/www.koonings.com\/de\/wp-json\/wp\/v2\/productsilhouette?post=32128"},{"taxonomy":"productstyle","embeddable":true,"href":"https:\/\/www.koonings.com\/de\/wp-json\/wp\/v2\/productstyle?post=32128"}],"curies":[{"name":"wp","href":"https:\/\/api.w.org\/{rel}","templated":true}]}}