{"id":32112,"date":"2026-05-06T15:02:54","date_gmt":"2026-05-06T13:02:54","guid":{"rendered":"https:\/\/www.koonings.com\/product\/ramona-koonings-couture-kn1929-lizethe\/"},"modified":"2026-02-16T11:22:53","modified_gmt":"2026-02-16T10:22:53","slug":"ramona-koonings-couture-kn1929-lizethe","status":"publish","type":"product","link":"https:\/\/www.koonings.com\/de\/product\/ramona-koonings-couture-kn1929-lizethe\/","title":{"rendered":"Ramona Koonings Couture KN1929 Lizethe"},"content":{"rendered":"<p>Dieses elfenbeinfarbene Hochzeitskleid von Ramona Koonings Couture hat eine figurbetonte Silhouette, die mit geschmeidigem T\u00fcll \u00fcberzogen ist. Das Oberteil ist aus durchscheinender Spitze und verl\u00e4uft sowohl vorne als auch hinten in einer V-Linie. Der damit verbundene kurze Rock aus Spitze ist mit einem durchsichtigen T\u00fcllrock \u00fcberzogen und sorgt f\u00fcr einen extravaganten, glamour\u00f6sen Look.  <\/p>\n","protected":false},"featured_media":25816,"template":"","meta":{"_acf_changed":false,"ghostkit_customizer_options":"","ghostkit_custom_css":"","ghostkit_custom_js_head":"","ghostkit_custom_js_foot":"","ghostkit_typography":""},"productdetails":[380,376,381],"productneck":[356],"productcolor":[392],"maat":[],"productsupplier":[419],"productsleeve":[359],"productcategory":[18],"productsilhouette":[384],"productstyle":[367],"class_list":["post-32112","product","type-product","status-publish","has-post-thumbnail","hentry","productdetails-380","productdetails-376","productdetails-381","productneck-356","productcolor-392","productsupplier-ramona-koonings-couture","productsleeve-359","productcategory-trouwjurken","productsilhouette-384","productstyle-367"],"acf":[],"yoast_head":"<!-- This site is optimized with the Yoast SEO plugin v27.3 - https:\/\/yoast.com\/product\/yoast-seo-wordpress\/ -->\n<title>Ramona Koonings Couture KN1929 Lizethe | Koonings<\/title>\n<meta name=\"description\" content=\"Dieses elfenbeinfarbene Hochzeitskleid von Ramona Koonings Couture hat eine figurbetonte Silhouette, die mit geschmeidigem T\u00fcll \u00fcberzogen ist. Das Oberteil ist aus durchscheinender Spitze und verl\u00e4uft sowohl vorne als auch hinten in einer V-Linie. Der damit verbundene kurze Rock aus Spitze ist mit einem durchsichtigen T\u00fcllrock \u00fcberzogen und sorgt f\u00fcr einen extravaganten, glamour\u00f6sen Look.\" \/>\n<meta name=\"robots\" content=\"index, follow, max-snippet:-1, max-image-preview:large, max-video-preview:-1\" \/>\n<link rel=\"canonical\" href=\"https:\/\/www.koonings.com\/de\/product\/ramona-koonings-couture-kn1929-lizethe\/\" \/>\n<meta property=\"og:locale\" content=\"de_DE\" \/>\n<meta property=\"og:type\" content=\"article\" \/>\n<meta property=\"og:title\" content=\"Ramona Koonings Couture KN1929 Lizethe | Koonings\" \/>\n<meta property=\"og:description\" content=\"Dieses elfenbeinfarbene Hochzeitskleid von Ramona Koonings Couture hat eine figurbetonte Silhouette, die mit geschmeidigem T\u00fcll \u00fcberzogen ist. Das Oberteil ist aus durchscheinender Spitze und verl\u00e4uft sowohl vorne als auch hinten in einer V-Linie. Der damit verbundene kurze Rock aus Spitze ist mit einem durchsichtigen T\u00fcllrock \u00fcberzogen und sorgt f\u00fcr einen extravaganten, glamour\u00f6sen Look.\" \/>\n<meta property=\"og:url\" content=\"https:\/\/www.koonings.com\/de\/product\/ramona-koonings-couture-kn1929-lizethe\/\" \/>\n<meta property=\"og:site_name\" content=\"Koonings\" \/>\n<meta property=\"article:publisher\" content=\"https:\/\/www.facebook.com\/kooningstheweddingpalace\" \/>\n<meta property=\"og:image\" content=\"https:\/\/www.koonings.com\/wp-content\/uploads\/2024\/11\/26392_4591c980997789dd01c2493b7f1ab0f4b847ed98e664b8f8e3e53c37f6e1ac2d5cce3a13-scaled.jpeg\" \/>\n\t<meta property=\"og:image:width\" content=\"1707\" \/>\n\t<meta property=\"og:image:height\" content=\"2560\" \/>\n\t<meta property=\"og:image:type\" content=\"image\/jpeg\" \/>\n<meta name=\"twitter:card\" content=\"summary_large_image\" \/>\n<script type=\"application\/ld+json\" class=\"yoast-schema-graph\">{\"@context\":\"https:\\\/\\\/schema.org\",\"@graph\":[{\"@type\":\"WebPage\",\"@id\":\"https:\\\/\\\/www.koonings.com\\\/de\\\/product\\\/ramona-koonings-couture-kn1929-lizethe\\\/\",\"url\":\"https:\\\/\\\/www.koonings.com\\\/de\\\/product\\\/ramona-koonings-couture-kn1929-lizethe\\\/\",\"name\":\"Ramona Koonings Couture KN1929 Lizethe | Koonings\",\"isPartOf\":{\"@id\":\"https:\\\/\\\/www.koonings.com\\\/de\\\/#website\"},\"primaryImageOfPage\":{\"@id\":\"https:\\\/\\\/www.koonings.com\\\/de\\\/product\\\/ramona-koonings-couture-kn1929-lizethe\\\/#primaryimage\"},\"image\":{\"@id\":\"https:\\\/\\\/www.koonings.com\\\/de\\\/product\\\/ramona-koonings-couture-kn1929-lizethe\\\/#primaryimage\"},\"thumbnailUrl\":\"https:\\\/\\\/www.koonings.com\\\/wp-content\\\/uploads\\\/2024\\\/11\\\/26392_4591c980997789dd01c2493b7f1ab0f4b847ed98e664b8f8e3e53c37f6e1ac2d5cce3a13-scaled.jpeg\",\"datePublished\":\"2026-05-06T13:02:54+00:00\",\"description\":\"Dieses elfenbeinfarbene Hochzeitskleid von Ramona Koonings Couture hat eine figurbetonte Silhouette, die mit geschmeidigem T\u00fcll \u00fcberzogen ist. Das Oberteil ist aus durchscheinender Spitze und verl\u00e4uft sowohl vorne als auch hinten in einer V-Linie. Der damit verbundene kurze Rock aus Spitze ist mit einem durchsichtigen T\u00fcllrock \u00fcberzogen und sorgt f\u00fcr einen extravaganten, glamour\u00f6sen Look.\",\"breadcrumb\":{\"@id\":\"https:\\\/\\\/www.koonings.com\\\/de\\\/product\\\/ramona-koonings-couture-kn1929-lizethe\\\/#breadcrumb\"},\"inLanguage\":\"de\",\"potentialAction\":[{\"@type\":\"ReadAction\",\"target\":[\"https:\\\/\\\/www.koonings.com\\\/de\\\/product\\\/ramona-koonings-couture-kn1929-lizethe\\\/\"]}]},{\"@type\":\"ImageObject\",\"inLanguage\":\"de\",\"@id\":\"https:\\\/\\\/www.koonings.com\\\/de\\\/product\\\/ramona-koonings-couture-kn1929-lizethe\\\/#primaryimage\",\"url\":\"https:\\\/\\\/www.koonings.com\\\/wp-content\\\/uploads\\\/2024\\\/11\\\/26392_4591c980997789dd01c2493b7f1ab0f4b847ed98e664b8f8e3e53c37f6e1ac2d5cce3a13-scaled.jpeg\",\"contentUrl\":\"https:\\\/\\\/www.koonings.com\\\/wp-content\\\/uploads\\\/2024\\\/11\\\/26392_4591c980997789dd01c2493b7f1ab0f4b847ed98e664b8f8e3e53c37f6e1ac2d5cce3a13-scaled.jpeg\",\"width\":1707,\"height\":2560},{\"@type\":\"BreadcrumbList\",\"@id\":\"https:\\\/\\\/www.koonings.com\\\/de\\\/product\\\/ramona-koonings-couture-kn1929-lizethe\\\/#breadcrumb\",\"itemListElement\":[{\"@type\":\"ListItem\",\"position\":1,\"name\":\"Home\",\"item\":\"https:\\\/\\\/www.koonings.com\\\/de\\\/\"},{\"@type\":\"ListItem\",\"position\":2,\"name\":\"Ramona Koonings Couture KN1929 Lizethe\"}]},{\"@type\":\"WebSite\",\"@id\":\"https:\\\/\\\/www.koonings.com\\\/de\\\/#website\",\"url\":\"https:\\\/\\\/www.koonings.com\\\/de\\\/\",\"name\":\"Koonings\",\"description\":\"De grootste bruidsmodewinkel ter wereld\",\"publisher\":{\"@id\":\"https:\\\/\\\/www.koonings.com\\\/de\\\/#organization\"},\"potentialAction\":[{\"@type\":\"SearchAction\",\"target\":{\"@type\":\"EntryPoint\",\"urlTemplate\":\"https:\\\/\\\/www.koonings.com\\\/de\\\/?s={search_term_string}\"},\"query-input\":{\"@type\":\"PropertyValueSpecification\",\"valueRequired\":true,\"valueName\":\"search_term_string\"}}],\"inLanguage\":\"de\"},{\"@type\":\"Organization\",\"@id\":\"https:\\\/\\\/www.koonings.com\\\/de\\\/#organization\",\"name\":\"Koonings\",\"url\":\"https:\\\/\\\/www.koonings.com\\\/de\\\/\",\"logo\":{\"@type\":\"ImageObject\",\"inLanguage\":\"de\",\"@id\":\"https:\\\/\\\/www.koonings.com\\\/de\\\/#\\\/schema\\\/logo\\\/image\\\/\",\"url\":\"https:\\\/\\\/www.koonings.com\\\/wp-content\\\/uploads\\\/2024\\\/07\\\/logo.png\",\"contentUrl\":\"https:\\\/\\\/www.koonings.com\\\/wp-content\\\/uploads\\\/2024\\\/07\\\/logo.png\",\"width\":600,\"height\":428,\"caption\":\"Koonings\"},\"image\":{\"@id\":\"https:\\\/\\\/www.koonings.com\\\/de\\\/#\\\/schema\\\/logo\\\/image\\\/\"},\"sameAs\":[\"https:\\\/\\\/www.facebook.com\\\/kooningstheweddingpalace\",\"https:\\\/\\\/www.instagram.com\\\/kooningstheweddingpalace\",\"https:\\\/\\\/www.pinterest.com\\\/koonings\",\"https:\\\/\\\/www.youtube.com\\\/kooningstheweddingpalace\"]}]}<\/script>\n<!-- \/ Yoast SEO plugin. -->","yoast_head_json":{"title":"Ramona Koonings Couture KN1929 Lizethe | Koonings","description":"Dieses elfenbeinfarbene Hochzeitskleid von Ramona Koonings Couture hat eine figurbetonte Silhouette, die mit geschmeidigem T\u00fcll \u00fcberzogen ist. Das Oberteil ist aus durchscheinender Spitze und verl\u00e4uft sowohl vorne als auch hinten in einer V-Linie. Der damit verbundene kurze Rock aus Spitze ist mit einem durchsichtigen T\u00fcllrock \u00fcberzogen und sorgt f\u00fcr einen extravaganten, glamour\u00f6sen Look.","robots":{"index":"index","follow":"follow","max-snippet":"max-snippet:-1","max-image-preview":"max-image-preview:large","max-video-preview":"max-video-preview:-1"},"canonical":"https:\/\/www.koonings.com\/de\/product\/ramona-koonings-couture-kn1929-lizethe\/","og_locale":"de_DE","og_type":"article","og_title":"Ramona Koonings Couture KN1929 Lizethe | Koonings","og_description":"Dieses elfenbeinfarbene Hochzeitskleid von Ramona Koonings Couture hat eine figurbetonte Silhouette, die mit geschmeidigem T\u00fcll \u00fcberzogen ist. Das Oberteil ist aus durchscheinender Spitze und verl\u00e4uft sowohl vorne als auch hinten in einer V-Linie. Der damit verbundene kurze Rock aus Spitze ist mit einem durchsichtigen T\u00fcllrock \u00fcberzogen und sorgt f\u00fcr einen extravaganten, glamour\u00f6sen Look.","og_url":"https:\/\/www.koonings.com\/de\/product\/ramona-koonings-couture-kn1929-lizethe\/","og_site_name":"Koonings","article_publisher":"https:\/\/www.facebook.com\/kooningstheweddingpalace","og_image":[{"width":1707,"height":2560,"url":"https:\/\/www.koonings.com\/wp-content\/uploads\/2024\/11\/26392_4591c980997789dd01c2493b7f1ab0f4b847ed98e664b8f8e3e53c37f6e1ac2d5cce3a13-scaled.jpeg","type":"image\/jpeg"}],"twitter_card":"summary_large_image","schema":{"@context":"https:\/\/schema.org","@graph":[{"@type":"WebPage","@id":"https:\/\/www.koonings.com\/de\/product\/ramona-koonings-couture-kn1929-lizethe\/","url":"https:\/\/www.koonings.com\/de\/product\/ramona-koonings-couture-kn1929-lizethe\/","name":"Ramona Koonings Couture KN1929 Lizethe | Koonings","isPartOf":{"@id":"https:\/\/www.koonings.com\/de\/#website"},"primaryImageOfPage":{"@id":"https:\/\/www.koonings.com\/de\/product\/ramona-koonings-couture-kn1929-lizethe\/#primaryimage"},"image":{"@id":"https:\/\/www.koonings.com\/de\/product\/ramona-koonings-couture-kn1929-lizethe\/#primaryimage"},"thumbnailUrl":"https:\/\/www.koonings.com\/wp-content\/uploads\/2024\/11\/26392_4591c980997789dd01c2493b7f1ab0f4b847ed98e664b8f8e3e53c37f6e1ac2d5cce3a13-scaled.jpeg","datePublished":"2026-05-06T13:02:54+00:00","description":"Dieses elfenbeinfarbene Hochzeitskleid von Ramona Koonings Couture hat eine figurbetonte Silhouette, die mit geschmeidigem T\u00fcll \u00fcberzogen ist. Das Oberteil ist aus durchscheinender Spitze und verl\u00e4uft sowohl vorne als auch hinten in einer V-Linie. Der damit verbundene kurze Rock aus Spitze ist mit einem durchsichtigen T\u00fcllrock \u00fcberzogen und sorgt f\u00fcr einen extravaganten, glamour\u00f6sen Look.","breadcrumb":{"@id":"https:\/\/www.koonings.com\/de\/product\/ramona-koonings-couture-kn1929-lizethe\/#breadcrumb"},"inLanguage":"de","potentialAction":[{"@type":"ReadAction","target":["https:\/\/www.koonings.com\/de\/product\/ramona-koonings-couture-kn1929-lizethe\/"]}]},{"@type":"ImageObject","inLanguage":"de","@id":"https:\/\/www.koonings.com\/de\/product\/ramona-koonings-couture-kn1929-lizethe\/#primaryimage","url":"https:\/\/www.koonings.com\/wp-content\/uploads\/2024\/11\/26392_4591c980997789dd01c2493b7f1ab0f4b847ed98e664b8f8e3e53c37f6e1ac2d5cce3a13-scaled.jpeg","contentUrl":"https:\/\/www.koonings.com\/wp-content\/uploads\/2024\/11\/26392_4591c980997789dd01c2493b7f1ab0f4b847ed98e664b8f8e3e53c37f6e1ac2d5cce3a13-scaled.jpeg","width":1707,"height":2560},{"@type":"BreadcrumbList","@id":"https:\/\/www.koonings.com\/de\/product\/ramona-koonings-couture-kn1929-lizethe\/#breadcrumb","itemListElement":[{"@type":"ListItem","position":1,"name":"Home","item":"https:\/\/www.koonings.com\/de\/"},{"@type":"ListItem","position":2,"name":"Ramona Koonings Couture KN1929 Lizethe"}]},{"@type":"WebSite","@id":"https:\/\/www.koonings.com\/de\/#website","url":"https:\/\/www.koonings.com\/de\/","name":"Koonings","description":"De grootste bruidsmodewinkel ter wereld","publisher":{"@id":"https:\/\/www.koonings.com\/de\/#organization"},"potentialAction":[{"@type":"SearchAction","target":{"@type":"EntryPoint","urlTemplate":"https:\/\/www.koonings.com\/de\/?s={search_term_string}"},"query-input":{"@type":"PropertyValueSpecification","valueRequired":true,"valueName":"search_term_string"}}],"inLanguage":"de"},{"@type":"Organization","@id":"https:\/\/www.koonings.com\/de\/#organization","name":"Koonings","url":"https:\/\/www.koonings.com\/de\/","logo":{"@type":"ImageObject","inLanguage":"de","@id":"https:\/\/www.koonings.com\/de\/#\/schema\/logo\/image\/","url":"https:\/\/www.koonings.com\/wp-content\/uploads\/2024\/07\/logo.png","contentUrl":"https:\/\/www.koonings.com\/wp-content\/uploads\/2024\/07\/logo.png","width":600,"height":428,"caption":"Koonings"},"image":{"@id":"https:\/\/www.koonings.com\/de\/#\/schema\/logo\/image\/"},"sameAs":["https:\/\/www.facebook.com\/kooningstheweddingpalace","https:\/\/www.instagram.com\/kooningstheweddingpalace","https:\/\/www.pinterest.com\/koonings","https:\/\/www.youtube.com\/kooningstheweddingpalace"]}]}},"_links":{"self":[{"href":"https:\/\/www.koonings.com\/de\/wp-json\/wp\/v2\/product\/32112","targetHints":{"allow":["GET"]}}],"collection":[{"href":"https:\/\/www.koonings.com\/de\/wp-json\/wp\/v2\/product"}],"about":[{"href":"https:\/\/www.koonings.com\/de\/wp-json\/wp\/v2\/types\/product"}],"wp:featuredmedia":[{"embeddable":true,"href":"https:\/\/www.koonings.com\/de\/wp-json\/wp\/v2\/media\/25816"}],"wp:attachment":[{"href":"https:\/\/www.koonings.com\/de\/wp-json\/wp\/v2\/media?parent=32112"}],"wp:term":[{"taxonomy":"productdetails","embeddable":true,"href":"https:\/\/www.koonings.com\/de\/wp-json\/wp\/v2\/productdetails?post=32112"},{"taxonomy":"productneck","embeddable":true,"href":"https:\/\/www.koonings.com\/de\/wp-json\/wp\/v2\/productneck?post=32112"},{"taxonomy":"productcolor","embeddable":true,"href":"https:\/\/www.koonings.com\/de\/wp-json\/wp\/v2\/productcolor?post=32112"},{"taxonomy":"maat","embeddable":true,"href":"https:\/\/www.koonings.com\/de\/wp-json\/wp\/v2\/maat?post=32112"},{"taxonomy":"productsupplier","embeddable":true,"href":"https:\/\/www.koonings.com\/de\/wp-json\/wp\/v2\/productsupplier?post=32112"},{"taxonomy":"productsleeve","embeddable":true,"href":"https:\/\/www.koonings.com\/de\/wp-json\/wp\/v2\/productsleeve?post=32112"},{"taxonomy":"productcategory","embeddable":true,"href":"https:\/\/www.koonings.com\/de\/wp-json\/wp\/v2\/productcategory?post=32112"},{"taxonomy":"productsilhouette","embeddable":true,"href":"https:\/\/www.koonings.com\/de\/wp-json\/wp\/v2\/productsilhouette?post=32112"},{"taxonomy":"productstyle","embeddable":true,"href":"https:\/\/www.koonings.com\/de\/wp-json\/wp\/v2\/productstyle?post=32112"}],"curies":[{"name":"wp","href":"https:\/\/api.w.org\/{rel}","templated":true}]}}