{"id":108789,"date":"2026-04-21T18:20:38","date_gmt":"2026-04-21T16:20:38","guid":{"rendered":"https:\/\/www.koonings.com\/product\/martina-liana-ml1780iv11\/"},"modified":"2026-04-14T16:20:50","modified_gmt":"2026-04-14T14:20:50","slug":"martina-liana-ml1780iv11","status":"publish","type":"product","link":"https:\/\/www.koonings.com\/de\/product\/martina-liana-ml1780iv11\/","title":{"rendered":"Martina Liana ML1780IV11"},"content":{"rendered":"<p>Lassen Sie jeden Gast von Stil 1780 verzaubern: ein Bleistiftkleid mit wundersch\u00f6nen Perlen, das moderne Eleganz ausstrahlt. Die sexy, eng anliegende Silhouette akzentuiert jede Kurve mit grafischer Spitze und eleganten 3D-Blumen-Verzierungen. Der schmeichelhafte V-Ausschnitt wird von glitzernden, perlenbesetzten Spaghetti-Tr\u00e4gern gest\u00fctzt, die das stark verzierte Mieder einrahmen und das Licht aus jedem Winkel einfangen. Auf der R\u00fcckseite f\u00e4llt der Ausschnitt extrem tief und sorgt f\u00fcr einen verf\u00fchrerischen, r\u00fcckenfreien Effekt. Mit seinen vom Art d\u00e9co inspirierten Details, die nahtlos in eine moderne Braut\u00e4sthetik \u00fcbergehen, ist dieses perlenbesetzte Hochzeitskleid ein wahres Meisterwerk.    <\/p>\n","protected":false},"featured_media":108931,"template":"","meta":{"_acf_changed":false,"ghostkit_customizer_options":"","ghostkit_custom_css":"","ghostkit_custom_js_head":"","ghostkit_custom_js_foot":"","ghostkit_typography":""},"productdetails":[],"productneck":[356],"productcolor":[393,392],"maat":[],"productsupplier":[431],"productsleeve":[359],"productcategory":[18],"productsilhouette":[389],"productstyle":[370],"class_list":["post-108789","product","type-product","status-publish","has-post-thumbnail","hentry","productneck-356","productcolor-393","productcolor-392","productsupplier-martina-liana","productsleeve-359","productcategory-trouwjurken","productsilhouette-389","productstyle-370"],"acf":[],"yoast_head":"<!-- This site is optimized with the Yoast SEO plugin v27.3 - https:\/\/yoast.com\/product\/yoast-seo-wordpress\/ -->\n<title>Martina Liana ML1780IV11 | Koonings<\/title>\n<meta name=\"description\" content=\"Lassen Sie jeden Gast von Stil 1780 verzaubern: ein Bleistiftkleid mit wundersch\u00f6nen Perlen, das moderne Eleganz ausstrahlt. Die sexy, eng anliegende Silhouette akzentuiert jede Kurve mit grafischer Spitze und eleganten 3D-Blumen-Verzierungen. Der schmeichelhafte V-Ausschnitt wird von glitzernden, perlenbesetzten Spaghetti-Tr\u00e4gern gest\u00fctzt, die das stark verzierte Mieder einrahmen und das Licht aus jedem Winkel einfangen. Auf der R\u00fcckseite f\u00e4llt der Ausschnitt extrem tief und sorgt f\u00fcr einen verf\u00fchrerischen, r\u00fcckenfreien Effekt. Mit seinen vom Art d\u00e9co inspirierten Details, die nahtlos in eine moderne Braut\u00e4sthetik \u00fcbergehen, ist dieses perlenbesetzte Hochzeitskleid ein wahres Meisterwerk.\" \/>\n<meta name=\"robots\" content=\"index, follow, max-snippet:-1, max-image-preview:large, max-video-preview:-1\" \/>\n<link rel=\"canonical\" href=\"https:\/\/www.koonings.com\/de\/product\/martina-liana-ml1780iv11\/\" \/>\n<meta property=\"og:locale\" content=\"de_DE\" \/>\n<meta property=\"og:type\" content=\"article\" \/>\n<meta property=\"og:title\" content=\"Martina Liana ML1780IV11 | Koonings\" \/>\n<meta property=\"og:description\" content=\"Lassen Sie jeden Gast von Stil 1780 verzaubern: ein Bleistiftkleid mit wundersch\u00f6nen Perlen, das moderne Eleganz ausstrahlt. Die sexy, eng anliegende Silhouette akzentuiert jede Kurve mit grafischer Spitze und eleganten 3D-Blumen-Verzierungen. Der schmeichelhafte V-Ausschnitt wird von glitzernden, perlenbesetzten Spaghetti-Tr\u00e4gern gest\u00fctzt, die das stark verzierte Mieder einrahmen und das Licht aus jedem Winkel einfangen. Auf der R\u00fcckseite f\u00e4llt der Ausschnitt extrem tief und sorgt f\u00fcr einen verf\u00fchrerischen, r\u00fcckenfreien Effekt. Mit seinen vom Art d\u00e9co inspirierten Details, die nahtlos in eine moderne Braut\u00e4sthetik \u00fcbergehen, ist dieses perlenbesetzte Hochzeitskleid ein wahres Meisterwerk.\" \/>\n<meta property=\"og:url\" content=\"https:\/\/www.koonings.com\/de\/product\/martina-liana-ml1780iv11\/\" \/>\n<meta property=\"og:site_name\" content=\"Koonings\" \/>\n<meta property=\"article:publisher\" content=\"https:\/\/www.facebook.com\/kooningstheweddingpalace\" \/>\n<meta property=\"og:image\" content=\"https:\/\/www.koonings.com\/wp-content\/uploads\/2024\/06\/palace-hero-screenshot-1024x575.png\" \/>\n\t<meta property=\"og:image:width\" content=\"1024\" \/>\n\t<meta property=\"og:image:height\" content=\"575\" \/>\n\t<meta property=\"og:image:type\" content=\"image\/png\" \/>\n<meta name=\"twitter:card\" content=\"summary_large_image\" \/>\n<script type=\"application\/ld+json\" class=\"yoast-schema-graph\">{\"@context\":\"https:\\\/\\\/schema.org\",\"@graph\":[{\"@type\":\"WebPage\",\"@id\":\"https:\\\/\\\/www.koonings.com\\\/de\\\/product\\\/martina-liana-ml1780iv11\\\/\",\"url\":\"https:\\\/\\\/www.koonings.com\\\/de\\\/product\\\/martina-liana-ml1780iv11\\\/\",\"name\":\"Martina Liana ML1780IV11 | Koonings\",\"isPartOf\":{\"@id\":\"https:\\\/\\\/www.koonings.com\\\/de\\\/#website\"},\"primaryImageOfPage\":{\"@id\":\"https:\\\/\\\/www.koonings.com\\\/de\\\/product\\\/martina-liana-ml1780iv11\\\/#primaryimage\"},\"image\":{\"@id\":\"https:\\\/\\\/www.koonings.com\\\/de\\\/product\\\/martina-liana-ml1780iv11\\\/#primaryimage\"},\"thumbnailUrl\":\"https:\\\/\\\/www.koonings.com\\\/wp-content\\\/uploads\\\/2025\\\/12\\\/40607_d86042adc52278c7568a8a5503e5b62b210af1832b28915503d8a34b2459a9b0e1f2b9fe.jpeg\",\"datePublished\":\"2026-04-21T16:20:38+00:00\",\"description\":\"Lassen Sie jeden Gast von Stil 1780 verzaubern: ein Bleistiftkleid mit wundersch\u00f6nen Perlen, das moderne Eleganz ausstrahlt. Die sexy, eng anliegende Silhouette akzentuiert jede Kurve mit grafischer Spitze und eleganten 3D-Blumen-Verzierungen. Der schmeichelhafte V-Ausschnitt wird von glitzernden, perlenbesetzten Spaghetti-Tr\u00e4gern gest\u00fctzt, die das stark verzierte Mieder einrahmen und das Licht aus jedem Winkel einfangen. Auf der R\u00fcckseite f\u00e4llt der Ausschnitt extrem tief und sorgt f\u00fcr einen verf\u00fchrerischen, r\u00fcckenfreien Effekt. Mit seinen vom Art d\u00e9co inspirierten Details, die nahtlos in eine moderne Braut\u00e4sthetik \u00fcbergehen, ist dieses perlenbesetzte Hochzeitskleid ein wahres Meisterwerk.\",\"breadcrumb\":{\"@id\":\"https:\\\/\\\/www.koonings.com\\\/de\\\/product\\\/martina-liana-ml1780iv11\\\/#breadcrumb\"},\"inLanguage\":\"de\",\"potentialAction\":[{\"@type\":\"ReadAction\",\"target\":[\"https:\\\/\\\/www.koonings.com\\\/de\\\/product\\\/martina-liana-ml1780iv11\\\/\"]}]},{\"@type\":\"ImageObject\",\"inLanguage\":\"de\",\"@id\":\"https:\\\/\\\/www.koonings.com\\\/de\\\/product\\\/martina-liana-ml1780iv11\\\/#primaryimage\",\"url\":\"https:\\\/\\\/www.koonings.com\\\/wp-content\\\/uploads\\\/2025\\\/12\\\/40607_d86042adc52278c7568a8a5503e5b62b210af1832b28915503d8a34b2459a9b0e1f2b9fe.jpeg\",\"contentUrl\":\"https:\\\/\\\/www.koonings.com\\\/wp-content\\\/uploads\\\/2025\\\/12\\\/40607_d86042adc52278c7568a8a5503e5b62b210af1832b28915503d8a34b2459a9b0e1f2b9fe.jpeg\",\"width\":1552,\"height\":2196},{\"@type\":\"BreadcrumbList\",\"@id\":\"https:\\\/\\\/www.koonings.com\\\/de\\\/product\\\/martina-liana-ml1780iv11\\\/#breadcrumb\",\"itemListElement\":[{\"@type\":\"ListItem\",\"position\":1,\"name\":\"Home\",\"item\":\"https:\\\/\\\/www.koonings.com\\\/de\\\/\"},{\"@type\":\"ListItem\",\"position\":2,\"name\":\"Martina Liana ML1780IV11\"}]},{\"@type\":\"WebSite\",\"@id\":\"https:\\\/\\\/www.koonings.com\\\/de\\\/#website\",\"url\":\"https:\\\/\\\/www.koonings.com\\\/de\\\/\",\"name\":\"Koonings\",\"description\":\"De grootste bruidsmodewinkel ter wereld\",\"publisher\":{\"@id\":\"https:\\\/\\\/www.koonings.com\\\/de\\\/#organization\"},\"potentialAction\":[{\"@type\":\"SearchAction\",\"target\":{\"@type\":\"EntryPoint\",\"urlTemplate\":\"https:\\\/\\\/www.koonings.com\\\/de\\\/?s={search_term_string}\"},\"query-input\":{\"@type\":\"PropertyValueSpecification\",\"valueRequired\":true,\"valueName\":\"search_term_string\"}}],\"inLanguage\":\"de\"},{\"@type\":\"Organization\",\"@id\":\"https:\\\/\\\/www.koonings.com\\\/de\\\/#organization\",\"name\":\"Koonings\",\"url\":\"https:\\\/\\\/www.koonings.com\\\/de\\\/\",\"logo\":{\"@type\":\"ImageObject\",\"inLanguage\":\"de\",\"@id\":\"https:\\\/\\\/www.koonings.com\\\/de\\\/#\\\/schema\\\/logo\\\/image\\\/\",\"url\":\"https:\\\/\\\/www.koonings.com\\\/wp-content\\\/uploads\\\/2024\\\/07\\\/logo.png\",\"contentUrl\":\"https:\\\/\\\/www.koonings.com\\\/wp-content\\\/uploads\\\/2024\\\/07\\\/logo.png\",\"width\":600,\"height\":428,\"caption\":\"Koonings\"},\"image\":{\"@id\":\"https:\\\/\\\/www.koonings.com\\\/de\\\/#\\\/schema\\\/logo\\\/image\\\/\"},\"sameAs\":[\"https:\\\/\\\/www.facebook.com\\\/kooningstheweddingpalace\",\"https:\\\/\\\/www.instagram.com\\\/kooningstheweddingpalace\",\"https:\\\/\\\/www.pinterest.com\\\/koonings\",\"https:\\\/\\\/www.youtube.com\\\/kooningstheweddingpalace\"]}]}<\/script>\n<!-- \/ Yoast SEO plugin. -->","yoast_head_json":{"title":"Martina Liana ML1780IV11 | Koonings","description":"Lassen Sie jeden Gast von Stil 1780 verzaubern: ein Bleistiftkleid mit wundersch\u00f6nen Perlen, das moderne Eleganz ausstrahlt. Die sexy, eng anliegende Silhouette akzentuiert jede Kurve mit grafischer Spitze und eleganten 3D-Blumen-Verzierungen. Der schmeichelhafte V-Ausschnitt wird von glitzernden, perlenbesetzten Spaghetti-Tr\u00e4gern gest\u00fctzt, die das stark verzierte Mieder einrahmen und das Licht aus jedem Winkel einfangen. Auf der R\u00fcckseite f\u00e4llt der Ausschnitt extrem tief und sorgt f\u00fcr einen verf\u00fchrerischen, r\u00fcckenfreien Effekt. Mit seinen vom Art d\u00e9co inspirierten Details, die nahtlos in eine moderne Braut\u00e4sthetik \u00fcbergehen, ist dieses perlenbesetzte Hochzeitskleid ein wahres Meisterwerk.","robots":{"index":"index","follow":"follow","max-snippet":"max-snippet:-1","max-image-preview":"max-image-preview:large","max-video-preview":"max-video-preview:-1"},"canonical":"https:\/\/www.koonings.com\/de\/product\/martina-liana-ml1780iv11\/","og_locale":"de_DE","og_type":"article","og_title":"Martina Liana ML1780IV11 | Koonings","og_description":"Lassen Sie jeden Gast von Stil 1780 verzaubern: ein Bleistiftkleid mit wundersch\u00f6nen Perlen, das moderne Eleganz ausstrahlt. Die sexy, eng anliegende Silhouette akzentuiert jede Kurve mit grafischer Spitze und eleganten 3D-Blumen-Verzierungen. Der schmeichelhafte V-Ausschnitt wird von glitzernden, perlenbesetzten Spaghetti-Tr\u00e4gern gest\u00fctzt, die das stark verzierte Mieder einrahmen und das Licht aus jedem Winkel einfangen. Auf der R\u00fcckseite f\u00e4llt der Ausschnitt extrem tief und sorgt f\u00fcr einen verf\u00fchrerischen, r\u00fcckenfreien Effekt. Mit seinen vom Art d\u00e9co inspirierten Details, die nahtlos in eine moderne Braut\u00e4sthetik \u00fcbergehen, ist dieses perlenbesetzte Hochzeitskleid ein wahres Meisterwerk.","og_url":"https:\/\/www.koonings.com\/de\/product\/martina-liana-ml1780iv11\/","og_site_name":"Koonings","article_publisher":"https:\/\/www.facebook.com\/kooningstheweddingpalace","og_image":[{"width":1024,"height":575,"url":"https:\/\/www.koonings.com\/wp-content\/uploads\/2024\/06\/palace-hero-screenshot-1024x575.png","type":"image\/png"}],"twitter_card":"summary_large_image","schema":{"@context":"https:\/\/schema.org","@graph":[{"@type":"WebPage","@id":"https:\/\/www.koonings.com\/de\/product\/martina-liana-ml1780iv11\/","url":"https:\/\/www.koonings.com\/de\/product\/martina-liana-ml1780iv11\/","name":"Martina Liana ML1780IV11 | Koonings","isPartOf":{"@id":"https:\/\/www.koonings.com\/de\/#website"},"primaryImageOfPage":{"@id":"https:\/\/www.koonings.com\/de\/product\/martina-liana-ml1780iv11\/#primaryimage"},"image":{"@id":"https:\/\/www.koonings.com\/de\/product\/martina-liana-ml1780iv11\/#primaryimage"},"thumbnailUrl":"https:\/\/www.koonings.com\/wp-content\/uploads\/2025\/12\/40607_d86042adc52278c7568a8a5503e5b62b210af1832b28915503d8a34b2459a9b0e1f2b9fe.jpeg","datePublished":"2026-04-21T16:20:38+00:00","description":"Lassen Sie jeden Gast von Stil 1780 verzaubern: ein Bleistiftkleid mit wundersch\u00f6nen Perlen, das moderne Eleganz ausstrahlt. Die sexy, eng anliegende Silhouette akzentuiert jede Kurve mit grafischer Spitze und eleganten 3D-Blumen-Verzierungen. Der schmeichelhafte V-Ausschnitt wird von glitzernden, perlenbesetzten Spaghetti-Tr\u00e4gern gest\u00fctzt, die das stark verzierte Mieder einrahmen und das Licht aus jedem Winkel einfangen. Auf der R\u00fcckseite f\u00e4llt der Ausschnitt extrem tief und sorgt f\u00fcr einen verf\u00fchrerischen, r\u00fcckenfreien Effekt. Mit seinen vom Art d\u00e9co inspirierten Details, die nahtlos in eine moderne Braut\u00e4sthetik \u00fcbergehen, ist dieses perlenbesetzte Hochzeitskleid ein wahres Meisterwerk.","breadcrumb":{"@id":"https:\/\/www.koonings.com\/de\/product\/martina-liana-ml1780iv11\/#breadcrumb"},"inLanguage":"de","potentialAction":[{"@type":"ReadAction","target":["https:\/\/www.koonings.com\/de\/product\/martina-liana-ml1780iv11\/"]}]},{"@type":"ImageObject","inLanguage":"de","@id":"https:\/\/www.koonings.com\/de\/product\/martina-liana-ml1780iv11\/#primaryimage","url":"https:\/\/www.koonings.com\/wp-content\/uploads\/2025\/12\/40607_d86042adc52278c7568a8a5503e5b62b210af1832b28915503d8a34b2459a9b0e1f2b9fe.jpeg","contentUrl":"https:\/\/www.koonings.com\/wp-content\/uploads\/2025\/12\/40607_d86042adc52278c7568a8a5503e5b62b210af1832b28915503d8a34b2459a9b0e1f2b9fe.jpeg","width":1552,"height":2196},{"@type":"BreadcrumbList","@id":"https:\/\/www.koonings.com\/de\/product\/martina-liana-ml1780iv11\/#breadcrumb","itemListElement":[{"@type":"ListItem","position":1,"name":"Home","item":"https:\/\/www.koonings.com\/de\/"},{"@type":"ListItem","position":2,"name":"Martina Liana ML1780IV11"}]},{"@type":"WebSite","@id":"https:\/\/www.koonings.com\/de\/#website","url":"https:\/\/www.koonings.com\/de\/","name":"Koonings","description":"De grootste bruidsmodewinkel ter wereld","publisher":{"@id":"https:\/\/www.koonings.com\/de\/#organization"},"potentialAction":[{"@type":"SearchAction","target":{"@type":"EntryPoint","urlTemplate":"https:\/\/www.koonings.com\/de\/?s={search_term_string}"},"query-input":{"@type":"PropertyValueSpecification","valueRequired":true,"valueName":"search_term_string"}}],"inLanguage":"de"},{"@type":"Organization","@id":"https:\/\/www.koonings.com\/de\/#organization","name":"Koonings","url":"https:\/\/www.koonings.com\/de\/","logo":{"@type":"ImageObject","inLanguage":"de","@id":"https:\/\/www.koonings.com\/de\/#\/schema\/logo\/image\/","url":"https:\/\/www.koonings.com\/wp-content\/uploads\/2024\/07\/logo.png","contentUrl":"https:\/\/www.koonings.com\/wp-content\/uploads\/2024\/07\/logo.png","width":600,"height":428,"caption":"Koonings"},"image":{"@id":"https:\/\/www.koonings.com\/de\/#\/schema\/logo\/image\/"},"sameAs":["https:\/\/www.facebook.com\/kooningstheweddingpalace","https:\/\/www.instagram.com\/kooningstheweddingpalace","https:\/\/www.pinterest.com\/koonings","https:\/\/www.youtube.com\/kooningstheweddingpalace"]}]}},"_links":{"self":[{"href":"https:\/\/www.koonings.com\/de\/wp-json\/wp\/v2\/product\/108789","targetHints":{"allow":["GET"]}}],"collection":[{"href":"https:\/\/www.koonings.com\/de\/wp-json\/wp\/v2\/product"}],"about":[{"href":"https:\/\/www.koonings.com\/de\/wp-json\/wp\/v2\/types\/product"}],"wp:featuredmedia":[{"embeddable":true,"href":"https:\/\/www.koonings.com\/de\/wp-json\/wp\/v2\/media\/108931"}],"wp:attachment":[{"href":"https:\/\/www.koonings.com\/de\/wp-json\/wp\/v2\/media?parent=108789"}],"wp:term":[{"taxonomy":"productdetails","embeddable":true,"href":"https:\/\/www.koonings.com\/de\/wp-json\/wp\/v2\/productdetails?post=108789"},{"taxonomy":"productneck","embeddable":true,"href":"https:\/\/www.koonings.com\/de\/wp-json\/wp\/v2\/productneck?post=108789"},{"taxonomy":"productcolor","embeddable":true,"href":"https:\/\/www.koonings.com\/de\/wp-json\/wp\/v2\/productcolor?post=108789"},{"taxonomy":"maat","embeddable":true,"href":"https:\/\/www.koonings.com\/de\/wp-json\/wp\/v2\/maat?post=108789"},{"taxonomy":"productsupplier","embeddable":true,"href":"https:\/\/www.koonings.com\/de\/wp-json\/wp\/v2\/productsupplier?post=108789"},{"taxonomy":"productsleeve","embeddable":true,"href":"https:\/\/www.koonings.com\/de\/wp-json\/wp\/v2\/productsleeve?post=108789"},{"taxonomy":"productcategory","embeddable":true,"href":"https:\/\/www.koonings.com\/de\/wp-json\/wp\/v2\/productcategory?post=108789"},{"taxonomy":"productsilhouette","embeddable":true,"href":"https:\/\/www.koonings.com\/de\/wp-json\/wp\/v2\/productsilhouette?post=108789"},{"taxonomy":"productstyle","embeddable":true,"href":"https:\/\/www.koonings.com\/de\/wp-json\/wp\/v2\/productstyle?post=108789"}],"curies":[{"name":"wp","href":"https:\/\/api.w.org\/{rel}","templated":true}]}}