{"id":108774,"date":"2026-04-14T16:20:52","date_gmt":"2026-04-14T14:20:52","guid":{"rendered":"https:\/\/www.koonings.com\/product\/fashion-queen-amera-vera-light-al124-2\/"},"modified":"2026-04-14T16:20:52","modified_gmt":"2026-04-14T14:20:52","slug":"fashion-queen-amera-vera-light-al124-2","status":"publish","type":"product","link":"https:\/\/www.koonings.com\/de\/product\/fashion-queen-amera-vera-light-al124-2\/","title":{"rendered":"Fashion Queen Amera Vera Light AL124"},"content":{"rendered":"<p>Das Amera Vera Light AL124 von Fashion Queen ist ein minimalistisches und dennoch verf\u00fchrerisches Brautkleid. Das schlichte Design betont dezent die weiblichen Kurven und verleiht der Braut einen modernen, eleganten Look. Die luxuri\u00f6sen Stoffe fallen sanft \u00fcber den K\u00f6rper, w\u00e4hrend die schlichten Linien dem Kleid eine schicke, sexy Ausstrahlung verleihen. Dieses Kleid ist perfekt f\u00fcr die Braut, die nach einem raffinierten und doch k\u00fchnen Look sucht, bei dem weniger wirklich mehr ist f\u00fcr einen zeitlosen und selbstbewussten Look an ihrem gro\u00dfen Tag.   <\/p>\n","protected":false},"featured_media":108775,"template":"","meta":{"_acf_changed":false,"ghostkit_customizer_options":"","ghostkit_custom_css":"","ghostkit_custom_js_head":"","ghostkit_custom_js_foot":"","ghostkit_typography":""},"productdetails":[],"productneck":[354],"productcolor":[392],"maat":[],"productsupplier":[480],"productsleeve":[],"productcategory":[18],"productsilhouette":[387,389],"productstyle":[365],"class_list":["post-108774","product","type-product","status-publish","has-post-thumbnail","hentry","productneck-354","productcolor-392","productsupplier-fashion-queen","productcategory-trouwjurken","productsilhouette-387","productsilhouette-389","productstyle-365"],"acf":[],"yoast_head":"<!-- This site is optimized with the Yoast SEO plugin v27.3 - https:\/\/yoast.com\/product\/yoast-seo-wordpress\/ -->\n<title>Fashion Queen Amera Vera Light AL124 | Koonings<\/title>\n<meta name=\"description\" content=\"Das Amera Vera Light AL124 von Fashion Queen ist ein minimalistisches und dennoch verf\u00fchrerisches Brautkleid. Das schlichte Design betont dezent die weiblichen Kurven und verleiht der Braut einen modernen, eleganten Look. Die luxuri\u00f6sen Stoffe fallen sanft \u00fcber den K\u00f6rper, w\u00e4hrend die schlichten Linien dem Kleid eine schicke, sexy Ausstrahlung verleihen. Dieses Kleid ist perfekt f\u00fcr die Braut, die nach einem raffinierten und doch k\u00fchnen Look sucht, bei dem weniger wirklich mehr ist f\u00fcr einen zeitlosen und selbstbewussten Look an ihrem gro\u00dfen Tag.\" \/>\n<meta name=\"robots\" content=\"index, follow, max-snippet:-1, max-image-preview:large, max-video-preview:-1\" \/>\n<link rel=\"canonical\" href=\"https:\/\/www.koonings.com\/de\/product\/fashion-queen-amera-vera-light-al124-2\/\" \/>\n<meta property=\"og:locale\" content=\"de_DE\" \/>\n<meta property=\"og:type\" content=\"article\" \/>\n<meta property=\"og:title\" content=\"Fashion Queen Amera Vera Light AL124 | Koonings\" \/>\n<meta property=\"og:description\" content=\"Das Amera Vera Light AL124 von Fashion Queen ist ein minimalistisches und dennoch verf\u00fchrerisches Brautkleid. Das schlichte Design betont dezent die weiblichen Kurven und verleiht der Braut einen modernen, eleganten Look. Die luxuri\u00f6sen Stoffe fallen sanft \u00fcber den K\u00f6rper, w\u00e4hrend die schlichten Linien dem Kleid eine schicke, sexy Ausstrahlung verleihen. Dieses Kleid ist perfekt f\u00fcr die Braut, die nach einem raffinierten und doch k\u00fchnen Look sucht, bei dem weniger wirklich mehr ist f\u00fcr einen zeitlosen und selbstbewussten Look an ihrem gro\u00dfen Tag.\" \/>\n<meta property=\"og:url\" content=\"https:\/\/www.koonings.com\/de\/product\/fashion-queen-amera-vera-light-al124-2\/\" \/>\n<meta property=\"og:site_name\" content=\"Koonings\" \/>\n<meta property=\"article:publisher\" content=\"https:\/\/www.facebook.com\/kooningstheweddingpalace\" \/>\n<meta property=\"og:image\" content=\"https:\/\/www.koonings.com\/wp-content\/uploads\/2025\/12\/40611_e496782dedaf3a36d1c8daab5ffe5ef50253d9e9217507f3c16bc88c6d2fcc6f5734fc95-scaled.jpeg\" \/>\n\t<meta property=\"og:image:width\" content=\"1784\" \/>\n\t<meta property=\"og:image:height\" content=\"2560\" \/>\n\t<meta property=\"og:image:type\" content=\"image\/jpeg\" \/>\n<meta name=\"twitter:card\" content=\"summary_large_image\" \/>\n<script type=\"application\/ld+json\" class=\"yoast-schema-graph\">{\"@context\":\"https:\\\/\\\/schema.org\",\"@graph\":[{\"@type\":\"WebPage\",\"@id\":\"https:\\\/\\\/www.koonings.com\\\/de\\\/product\\\/fashion-queen-amera-vera-light-al124-2\\\/\",\"url\":\"https:\\\/\\\/www.koonings.com\\\/de\\\/product\\\/fashion-queen-amera-vera-light-al124-2\\\/\",\"name\":\"Fashion Queen Amera Vera Light AL124 | Koonings\",\"isPartOf\":{\"@id\":\"https:\\\/\\\/www.koonings.com\\\/de\\\/#website\"},\"primaryImageOfPage\":{\"@id\":\"https:\\\/\\\/www.koonings.com\\\/de\\\/product\\\/fashion-queen-amera-vera-light-al124-2\\\/#primaryimage\"},\"image\":{\"@id\":\"https:\\\/\\\/www.koonings.com\\\/de\\\/product\\\/fashion-queen-amera-vera-light-al124-2\\\/#primaryimage\"},\"thumbnailUrl\":\"https:\\\/\\\/www.koonings.com\\\/wp-content\\\/uploads\\\/2025\\\/12\\\/40611_e496782dedaf3a36d1c8daab5ffe5ef50253d9e9217507f3c16bc88c6d2fcc6f5734fc95-scaled.jpeg\",\"datePublished\":\"2026-04-14T14:20:52+00:00\",\"description\":\"Das Amera Vera Light AL124 von Fashion Queen ist ein minimalistisches und dennoch verf\u00fchrerisches Brautkleid. Das schlichte Design betont dezent die weiblichen Kurven und verleiht der Braut einen modernen, eleganten Look. Die luxuri\u00f6sen Stoffe fallen sanft \u00fcber den K\u00f6rper, w\u00e4hrend die schlichten Linien dem Kleid eine schicke, sexy Ausstrahlung verleihen. Dieses Kleid ist perfekt f\u00fcr die Braut, die nach einem raffinierten und doch k\u00fchnen Look sucht, bei dem weniger wirklich mehr ist f\u00fcr einen zeitlosen und selbstbewussten Look an ihrem gro\u00dfen Tag.\",\"breadcrumb\":{\"@id\":\"https:\\\/\\\/www.koonings.com\\\/de\\\/product\\\/fashion-queen-amera-vera-light-al124-2\\\/#breadcrumb\"},\"inLanguage\":\"de\",\"potentialAction\":[{\"@type\":\"ReadAction\",\"target\":[\"https:\\\/\\\/www.koonings.com\\\/de\\\/product\\\/fashion-queen-amera-vera-light-al124-2\\\/\"]}]},{\"@type\":\"ImageObject\",\"inLanguage\":\"de\",\"@id\":\"https:\\\/\\\/www.koonings.com\\\/de\\\/product\\\/fashion-queen-amera-vera-light-al124-2\\\/#primaryimage\",\"url\":\"https:\\\/\\\/www.koonings.com\\\/wp-content\\\/uploads\\\/2025\\\/12\\\/40611_e496782dedaf3a36d1c8daab5ffe5ef50253d9e9217507f3c16bc88c6d2fcc6f5734fc95-scaled.jpeg\",\"contentUrl\":\"https:\\\/\\\/www.koonings.com\\\/wp-content\\\/uploads\\\/2025\\\/12\\\/40611_e496782dedaf3a36d1c8daab5ffe5ef50253d9e9217507f3c16bc88c6d2fcc6f5734fc95-scaled.jpeg\",\"width\":1784,\"height\":2560},{\"@type\":\"BreadcrumbList\",\"@id\":\"https:\\\/\\\/www.koonings.com\\\/de\\\/product\\\/fashion-queen-amera-vera-light-al124-2\\\/#breadcrumb\",\"itemListElement\":[{\"@type\":\"ListItem\",\"position\":1,\"name\":\"Home\",\"item\":\"https:\\\/\\\/www.koonings.com\\\/de\\\/\"},{\"@type\":\"ListItem\",\"position\":2,\"name\":\"Fashion Queen Amera Vera Light AL124\"}]},{\"@type\":\"WebSite\",\"@id\":\"https:\\\/\\\/www.koonings.com\\\/de\\\/#website\",\"url\":\"https:\\\/\\\/www.koonings.com\\\/de\\\/\",\"name\":\"Koonings\",\"description\":\"De grootste bruidsmodewinkel ter wereld\",\"publisher\":{\"@id\":\"https:\\\/\\\/www.koonings.com\\\/de\\\/#organization\"},\"potentialAction\":[{\"@type\":\"SearchAction\",\"target\":{\"@type\":\"EntryPoint\",\"urlTemplate\":\"https:\\\/\\\/www.koonings.com\\\/de\\\/?s={search_term_string}\"},\"query-input\":{\"@type\":\"PropertyValueSpecification\",\"valueRequired\":true,\"valueName\":\"search_term_string\"}}],\"inLanguage\":\"de\"},{\"@type\":\"Organization\",\"@id\":\"https:\\\/\\\/www.koonings.com\\\/de\\\/#organization\",\"name\":\"Koonings\",\"url\":\"https:\\\/\\\/www.koonings.com\\\/de\\\/\",\"logo\":{\"@type\":\"ImageObject\",\"inLanguage\":\"de\",\"@id\":\"https:\\\/\\\/www.koonings.com\\\/de\\\/#\\\/schema\\\/logo\\\/image\\\/\",\"url\":\"https:\\\/\\\/www.koonings.com\\\/wp-content\\\/uploads\\\/2024\\\/07\\\/logo.png\",\"contentUrl\":\"https:\\\/\\\/www.koonings.com\\\/wp-content\\\/uploads\\\/2024\\\/07\\\/logo.png\",\"width\":600,\"height\":428,\"caption\":\"Koonings\"},\"image\":{\"@id\":\"https:\\\/\\\/www.koonings.com\\\/de\\\/#\\\/schema\\\/logo\\\/image\\\/\"},\"sameAs\":[\"https:\\\/\\\/www.facebook.com\\\/kooningstheweddingpalace\",\"https:\\\/\\\/www.instagram.com\\\/kooningstheweddingpalace\",\"https:\\\/\\\/www.pinterest.com\\\/koonings\",\"https:\\\/\\\/www.youtube.com\\\/kooningstheweddingpalace\"]}]}<\/script>\n<!-- \/ Yoast SEO plugin. -->","yoast_head_json":{"title":"Fashion Queen Amera Vera Light AL124 | Koonings","description":"Das Amera Vera Light AL124 von Fashion Queen ist ein minimalistisches und dennoch verf\u00fchrerisches Brautkleid. Das schlichte Design betont dezent die weiblichen Kurven und verleiht der Braut einen modernen, eleganten Look. Die luxuri\u00f6sen Stoffe fallen sanft \u00fcber den K\u00f6rper, w\u00e4hrend die schlichten Linien dem Kleid eine schicke, sexy Ausstrahlung verleihen. Dieses Kleid ist perfekt f\u00fcr die Braut, die nach einem raffinierten und doch k\u00fchnen Look sucht, bei dem weniger wirklich mehr ist f\u00fcr einen zeitlosen und selbstbewussten Look an ihrem gro\u00dfen Tag.","robots":{"index":"index","follow":"follow","max-snippet":"max-snippet:-1","max-image-preview":"max-image-preview:large","max-video-preview":"max-video-preview:-1"},"canonical":"https:\/\/www.koonings.com\/de\/product\/fashion-queen-amera-vera-light-al124-2\/","og_locale":"de_DE","og_type":"article","og_title":"Fashion Queen Amera Vera Light AL124 | Koonings","og_description":"Das Amera Vera Light AL124 von Fashion Queen ist ein minimalistisches und dennoch verf\u00fchrerisches Brautkleid. Das schlichte Design betont dezent die weiblichen Kurven und verleiht der Braut einen modernen, eleganten Look. Die luxuri\u00f6sen Stoffe fallen sanft \u00fcber den K\u00f6rper, w\u00e4hrend die schlichten Linien dem Kleid eine schicke, sexy Ausstrahlung verleihen. Dieses Kleid ist perfekt f\u00fcr die Braut, die nach einem raffinierten und doch k\u00fchnen Look sucht, bei dem weniger wirklich mehr ist f\u00fcr einen zeitlosen und selbstbewussten Look an ihrem gro\u00dfen Tag.","og_url":"https:\/\/www.koonings.com\/de\/product\/fashion-queen-amera-vera-light-al124-2\/","og_site_name":"Koonings","article_publisher":"https:\/\/www.facebook.com\/kooningstheweddingpalace","og_image":[{"width":1784,"height":2560,"url":"https:\/\/www.koonings.com\/wp-content\/uploads\/2025\/12\/40611_e496782dedaf3a36d1c8daab5ffe5ef50253d9e9217507f3c16bc88c6d2fcc6f5734fc95-scaled.jpeg","type":"image\/jpeg"}],"twitter_card":"summary_large_image","schema":{"@context":"https:\/\/schema.org","@graph":[{"@type":"WebPage","@id":"https:\/\/www.koonings.com\/de\/product\/fashion-queen-amera-vera-light-al124-2\/","url":"https:\/\/www.koonings.com\/de\/product\/fashion-queen-amera-vera-light-al124-2\/","name":"Fashion Queen Amera Vera Light AL124 | Koonings","isPartOf":{"@id":"https:\/\/www.koonings.com\/de\/#website"},"primaryImageOfPage":{"@id":"https:\/\/www.koonings.com\/de\/product\/fashion-queen-amera-vera-light-al124-2\/#primaryimage"},"image":{"@id":"https:\/\/www.koonings.com\/de\/product\/fashion-queen-amera-vera-light-al124-2\/#primaryimage"},"thumbnailUrl":"https:\/\/www.koonings.com\/wp-content\/uploads\/2025\/12\/40611_e496782dedaf3a36d1c8daab5ffe5ef50253d9e9217507f3c16bc88c6d2fcc6f5734fc95-scaled.jpeg","datePublished":"2026-04-14T14:20:52+00:00","description":"Das Amera Vera Light AL124 von Fashion Queen ist ein minimalistisches und dennoch verf\u00fchrerisches Brautkleid. Das schlichte Design betont dezent die weiblichen Kurven und verleiht der Braut einen modernen, eleganten Look. Die luxuri\u00f6sen Stoffe fallen sanft \u00fcber den K\u00f6rper, w\u00e4hrend die schlichten Linien dem Kleid eine schicke, sexy Ausstrahlung verleihen. Dieses Kleid ist perfekt f\u00fcr die Braut, die nach einem raffinierten und doch k\u00fchnen Look sucht, bei dem weniger wirklich mehr ist f\u00fcr einen zeitlosen und selbstbewussten Look an ihrem gro\u00dfen Tag.","breadcrumb":{"@id":"https:\/\/www.koonings.com\/de\/product\/fashion-queen-amera-vera-light-al124-2\/#breadcrumb"},"inLanguage":"de","potentialAction":[{"@type":"ReadAction","target":["https:\/\/www.koonings.com\/de\/product\/fashion-queen-amera-vera-light-al124-2\/"]}]},{"@type":"ImageObject","inLanguage":"de","@id":"https:\/\/www.koonings.com\/de\/product\/fashion-queen-amera-vera-light-al124-2\/#primaryimage","url":"https:\/\/www.koonings.com\/wp-content\/uploads\/2025\/12\/40611_e496782dedaf3a36d1c8daab5ffe5ef50253d9e9217507f3c16bc88c6d2fcc6f5734fc95-scaled.jpeg","contentUrl":"https:\/\/www.koonings.com\/wp-content\/uploads\/2025\/12\/40611_e496782dedaf3a36d1c8daab5ffe5ef50253d9e9217507f3c16bc88c6d2fcc6f5734fc95-scaled.jpeg","width":1784,"height":2560},{"@type":"BreadcrumbList","@id":"https:\/\/www.koonings.com\/de\/product\/fashion-queen-amera-vera-light-al124-2\/#breadcrumb","itemListElement":[{"@type":"ListItem","position":1,"name":"Home","item":"https:\/\/www.koonings.com\/de\/"},{"@type":"ListItem","position":2,"name":"Fashion Queen Amera Vera Light AL124"}]},{"@type":"WebSite","@id":"https:\/\/www.koonings.com\/de\/#website","url":"https:\/\/www.koonings.com\/de\/","name":"Koonings","description":"De grootste bruidsmodewinkel ter wereld","publisher":{"@id":"https:\/\/www.koonings.com\/de\/#organization"},"potentialAction":[{"@type":"SearchAction","target":{"@type":"EntryPoint","urlTemplate":"https:\/\/www.koonings.com\/de\/?s={search_term_string}"},"query-input":{"@type":"PropertyValueSpecification","valueRequired":true,"valueName":"search_term_string"}}],"inLanguage":"de"},{"@type":"Organization","@id":"https:\/\/www.koonings.com\/de\/#organization","name":"Koonings","url":"https:\/\/www.koonings.com\/de\/","logo":{"@type":"ImageObject","inLanguage":"de","@id":"https:\/\/www.koonings.com\/de\/#\/schema\/logo\/image\/","url":"https:\/\/www.koonings.com\/wp-content\/uploads\/2024\/07\/logo.png","contentUrl":"https:\/\/www.koonings.com\/wp-content\/uploads\/2024\/07\/logo.png","width":600,"height":428,"caption":"Koonings"},"image":{"@id":"https:\/\/www.koonings.com\/de\/#\/schema\/logo\/image\/"},"sameAs":["https:\/\/www.facebook.com\/kooningstheweddingpalace","https:\/\/www.instagram.com\/kooningstheweddingpalace","https:\/\/www.pinterest.com\/koonings","https:\/\/www.youtube.com\/kooningstheweddingpalace"]}]}},"_links":{"self":[{"href":"https:\/\/www.koonings.com\/de\/wp-json\/wp\/v2\/product\/108774","targetHints":{"allow":["GET"]}}],"collection":[{"href":"https:\/\/www.koonings.com\/de\/wp-json\/wp\/v2\/product"}],"about":[{"href":"https:\/\/www.koonings.com\/de\/wp-json\/wp\/v2\/types\/product"}],"wp:featuredmedia":[{"embeddable":true,"href":"https:\/\/www.koonings.com\/de\/wp-json\/wp\/v2\/media\/108775"}],"wp:attachment":[{"href":"https:\/\/www.koonings.com\/de\/wp-json\/wp\/v2\/media?parent=108774"}],"wp:term":[{"taxonomy":"productdetails","embeddable":true,"href":"https:\/\/www.koonings.com\/de\/wp-json\/wp\/v2\/productdetails?post=108774"},{"taxonomy":"productneck","embeddable":true,"href":"https:\/\/www.koonings.com\/de\/wp-json\/wp\/v2\/productneck?post=108774"},{"taxonomy":"productcolor","embeddable":true,"href":"https:\/\/www.koonings.com\/de\/wp-json\/wp\/v2\/productcolor?post=108774"},{"taxonomy":"maat","embeddable":true,"href":"https:\/\/www.koonings.com\/de\/wp-json\/wp\/v2\/maat?post=108774"},{"taxonomy":"productsupplier","embeddable":true,"href":"https:\/\/www.koonings.com\/de\/wp-json\/wp\/v2\/productsupplier?post=108774"},{"taxonomy":"productsleeve","embeddable":true,"href":"https:\/\/www.koonings.com\/de\/wp-json\/wp\/v2\/productsleeve?post=108774"},{"taxonomy":"productcategory","embeddable":true,"href":"https:\/\/www.koonings.com\/de\/wp-json\/wp\/v2\/productcategory?post=108774"},{"taxonomy":"productsilhouette","embeddable":true,"href":"https:\/\/www.koonings.com\/de\/wp-json\/wp\/v2\/productsilhouette?post=108774"},{"taxonomy":"productstyle","embeddable":true,"href":"https:\/\/www.koonings.com\/de\/wp-json\/wp\/v2\/productstyle?post=108774"}],"curies":[{"name":"wp","href":"https:\/\/api.w.org\/{rel}","templated":true}]}}