{"id":108746,"date":"2026-04-14T16:32:40","date_gmt":"2026-04-14T14:32:40","guid":{"rendered":"https:\/\/www.koonings.com\/product\/poirier-je-75209-ohrringe-matte-perlen\/"},"modified":"2026-04-14T15:32:34","modified_gmt":"2026-04-14T13:32:34","slug":"poirier-je-75209-ohrringe-matte-perlen","status":"publish","type":"product","link":"https:\/\/www.koonings.com\/de\/product\/poirier-je-75209-ohrringe-matte-perlen\/","title":{"rendered":"Poirier JE-75209 Ohrringe | matte Perlen"},"content":{"rendered":"<p>JE-75209 &#8211; Ohrringe mit matten Perlen in verschiedenen Gr\u00f6\u00dfen<br \/>\nOhrringe aus der Kollektion von Poirier.<br \/>\nWundersch\u00f6ne elfenbeinfarbene matte Perlen und Strassperlen.<br \/>\nWundersch\u00f6n passende Halskette JN-75276.<\/p>\n","protected":false},"featured_media":90873,"template":"","meta":{"_acf_changed":false,"ghostkit_customizer_options":"","ghostkit_custom_css":"","ghostkit_custom_js_head":"","ghostkit_custom_js_foot":"","ghostkit_typography":""},"productdetails":[],"productneck":[],"productcolor":[],"maat":[],"productsupplier":[416],"productsleeve":[],"productcategory":[511],"productsilhouette":[],"productstyle":[],"class_list":["post-108746","product","type-product","status-publish","has-post-thumbnail","hentry","productsupplier-poirier","productcategory-sieraden"],"acf":[],"yoast_head":"<!-- This site is optimized with the Yoast SEO plugin v27.3 - https:\/\/yoast.com\/product\/yoast-seo-wordpress\/ -->\n<title>Poirier JE-75209 Ohrringe | matte Perlen | Koonings<\/title>\n<meta name=\"description\" content=\"JE-75209 - Ohrringe mit matten Perlen in verschiedenen Gr\u00f6\u00dfen Ohrringe aus der Kollektion von Poirier. Wundersch\u00f6ne elfenbeinfarbene matte Perlen und Strassperlen. Wundersch\u00f6n passende Halskette JN-75276.\" \/>\n<meta name=\"robots\" content=\"index, follow, max-snippet:-1, max-image-preview:large, max-video-preview:-1\" \/>\n<link rel=\"canonical\" href=\"https:\/\/www.koonings.com\/de\/product\/poirier-je-75209-ohrringe-matte-perlen\/\" \/>\n<meta property=\"og:locale\" content=\"de_DE\" \/>\n<meta property=\"og:type\" content=\"article\" \/>\n<meta property=\"og:title\" content=\"Poirier JE-75209 Ohrringe | matte Perlen | Koonings\" \/>\n<meta property=\"og:description\" content=\"JE-75209 - Ohrringe mit matten Perlen in verschiedenen Gr\u00f6\u00dfen Ohrringe aus der Kollektion von Poirier. Wundersch\u00f6ne elfenbeinfarbene matte Perlen und Strassperlen. Wundersch\u00f6n passende Halskette JN-75276.\" \/>\n<meta property=\"og:url\" content=\"https:\/\/www.koonings.com\/de\/product\/poirier-je-75209-ohrringe-matte-perlen\/\" \/>\n<meta property=\"og:site_name\" content=\"Koonings\" \/>\n<meta property=\"article:publisher\" content=\"https:\/\/www.facebook.com\/kooningstheweddingpalace\" \/>\n<meta property=\"og:image\" content=\"https:\/\/www.koonings.com\/wp-content\/uploads\/2025\/08\/50406_c213a50aa0a6a05d5df6c6139b50b051ba78b2be1227f9e1af57bbfee29369e2e38cda3a.jpeg\" \/>\n\t<meta property=\"og:image:width\" content=\"1500\" \/>\n\t<meta property=\"og:image:height\" content=\"2000\" \/>\n\t<meta property=\"og:image:type\" content=\"image\/jpeg\" \/>\n<meta name=\"twitter:card\" content=\"summary_large_image\" \/>\n<script type=\"application\/ld+json\" class=\"yoast-schema-graph\">{\"@context\":\"https:\\\/\\\/schema.org\",\"@graph\":[{\"@type\":\"WebPage\",\"@id\":\"https:\\\/\\\/www.koonings.com\\\/de\\\/product\\\/poirier-je-75209-ohrringe-matte-perlen\\\/\",\"url\":\"https:\\\/\\\/www.koonings.com\\\/de\\\/product\\\/poirier-je-75209-ohrringe-matte-perlen\\\/\",\"name\":\"Poirier JE-75209 Ohrringe | matte Perlen | Koonings\",\"isPartOf\":{\"@id\":\"https:\\\/\\\/www.koonings.com\\\/de\\\/#website\"},\"primaryImageOfPage\":{\"@id\":\"https:\\\/\\\/www.koonings.com\\\/de\\\/product\\\/poirier-je-75209-ohrringe-matte-perlen\\\/#primaryimage\"},\"image\":{\"@id\":\"https:\\\/\\\/www.koonings.com\\\/de\\\/product\\\/poirier-je-75209-ohrringe-matte-perlen\\\/#primaryimage\"},\"thumbnailUrl\":\"https:\\\/\\\/www.koonings.com\\\/wp-content\\\/uploads\\\/2025\\\/08\\\/50406_c213a50aa0a6a05d5df6c6139b50b051ba78b2be1227f9e1af57bbfee29369e2e38cda3a.jpeg\",\"datePublished\":\"2026-04-14T14:32:40+00:00\",\"description\":\"JE-75209 - Ohrringe mit matten Perlen in verschiedenen Gr\u00f6\u00dfen Ohrringe aus der Kollektion von Poirier. Wundersch\u00f6ne elfenbeinfarbene matte Perlen und Strassperlen. Wundersch\u00f6n passende Halskette JN-75276.\",\"breadcrumb\":{\"@id\":\"https:\\\/\\\/www.koonings.com\\\/de\\\/product\\\/poirier-je-75209-ohrringe-matte-perlen\\\/#breadcrumb\"},\"inLanguage\":\"de\",\"potentialAction\":[{\"@type\":\"ReadAction\",\"target\":[\"https:\\\/\\\/www.koonings.com\\\/de\\\/product\\\/poirier-je-75209-ohrringe-matte-perlen\\\/\"]}]},{\"@type\":\"ImageObject\",\"inLanguage\":\"de\",\"@id\":\"https:\\\/\\\/www.koonings.com\\\/de\\\/product\\\/poirier-je-75209-ohrringe-matte-perlen\\\/#primaryimage\",\"url\":\"https:\\\/\\\/www.koonings.com\\\/wp-content\\\/uploads\\\/2025\\\/08\\\/50406_c213a50aa0a6a05d5df6c6139b50b051ba78b2be1227f9e1af57bbfee29369e2e38cda3a.jpeg\",\"contentUrl\":\"https:\\\/\\\/www.koonings.com\\\/wp-content\\\/uploads\\\/2025\\\/08\\\/50406_c213a50aa0a6a05d5df6c6139b50b051ba78b2be1227f9e1af57bbfee29369e2e38cda3a.jpeg\",\"width\":1500,\"height\":2000},{\"@type\":\"BreadcrumbList\",\"@id\":\"https:\\\/\\\/www.koonings.com\\\/de\\\/product\\\/poirier-je-75209-ohrringe-matte-perlen\\\/#breadcrumb\",\"itemListElement\":[{\"@type\":\"ListItem\",\"position\":1,\"name\":\"Home\",\"item\":\"https:\\\/\\\/www.koonings.com\\\/de\\\/\"},{\"@type\":\"ListItem\",\"position\":2,\"name\":\"Poirier JE-75209 Ohrringe | matte Perlen\"}]},{\"@type\":\"WebSite\",\"@id\":\"https:\\\/\\\/www.koonings.com\\\/de\\\/#website\",\"url\":\"https:\\\/\\\/www.koonings.com\\\/de\\\/\",\"name\":\"Koonings\",\"description\":\"De grootste bruidsmodewinkel ter wereld\",\"publisher\":{\"@id\":\"https:\\\/\\\/www.koonings.com\\\/de\\\/#organization\"},\"potentialAction\":[{\"@type\":\"SearchAction\",\"target\":{\"@type\":\"EntryPoint\",\"urlTemplate\":\"https:\\\/\\\/www.koonings.com\\\/de\\\/?s={search_term_string}\"},\"query-input\":{\"@type\":\"PropertyValueSpecification\",\"valueRequired\":true,\"valueName\":\"search_term_string\"}}],\"inLanguage\":\"de\"},{\"@type\":\"Organization\",\"@id\":\"https:\\\/\\\/www.koonings.com\\\/de\\\/#organization\",\"name\":\"Koonings\",\"url\":\"https:\\\/\\\/www.koonings.com\\\/de\\\/\",\"logo\":{\"@type\":\"ImageObject\",\"inLanguage\":\"de\",\"@id\":\"https:\\\/\\\/www.koonings.com\\\/de\\\/#\\\/schema\\\/logo\\\/image\\\/\",\"url\":\"https:\\\/\\\/www.koonings.com\\\/wp-content\\\/uploads\\\/2024\\\/07\\\/logo.png\",\"contentUrl\":\"https:\\\/\\\/www.koonings.com\\\/wp-content\\\/uploads\\\/2024\\\/07\\\/logo.png\",\"width\":600,\"height\":428,\"caption\":\"Koonings\"},\"image\":{\"@id\":\"https:\\\/\\\/www.koonings.com\\\/de\\\/#\\\/schema\\\/logo\\\/image\\\/\"},\"sameAs\":[\"https:\\\/\\\/www.facebook.com\\\/kooningstheweddingpalace\",\"https:\\\/\\\/www.instagram.com\\\/kooningstheweddingpalace\",\"https:\\\/\\\/www.pinterest.com\\\/koonings\",\"https:\\\/\\\/www.youtube.com\\\/kooningstheweddingpalace\"]}]}<\/script>\n<!-- \/ Yoast SEO plugin. -->","yoast_head_json":{"title":"Poirier JE-75209 Ohrringe | matte Perlen | Koonings","description":"JE-75209 - Ohrringe mit matten Perlen in verschiedenen Gr\u00f6\u00dfen Ohrringe aus der Kollektion von Poirier. Wundersch\u00f6ne elfenbeinfarbene matte Perlen und Strassperlen. Wundersch\u00f6n passende Halskette JN-75276.","robots":{"index":"index","follow":"follow","max-snippet":"max-snippet:-1","max-image-preview":"max-image-preview:large","max-video-preview":"max-video-preview:-1"},"canonical":"https:\/\/www.koonings.com\/de\/product\/poirier-je-75209-ohrringe-matte-perlen\/","og_locale":"de_DE","og_type":"article","og_title":"Poirier JE-75209 Ohrringe | matte Perlen | Koonings","og_description":"JE-75209 - Ohrringe mit matten Perlen in verschiedenen Gr\u00f6\u00dfen Ohrringe aus der Kollektion von Poirier. Wundersch\u00f6ne elfenbeinfarbene matte Perlen und Strassperlen. Wundersch\u00f6n passende Halskette JN-75276.","og_url":"https:\/\/www.koonings.com\/de\/product\/poirier-je-75209-ohrringe-matte-perlen\/","og_site_name":"Koonings","article_publisher":"https:\/\/www.facebook.com\/kooningstheweddingpalace","og_image":[{"width":1500,"height":2000,"url":"https:\/\/www.koonings.com\/wp-content\/uploads\/2025\/08\/50406_c213a50aa0a6a05d5df6c6139b50b051ba78b2be1227f9e1af57bbfee29369e2e38cda3a.jpeg","type":"image\/jpeg"}],"twitter_card":"summary_large_image","schema":{"@context":"https:\/\/schema.org","@graph":[{"@type":"WebPage","@id":"https:\/\/www.koonings.com\/de\/product\/poirier-je-75209-ohrringe-matte-perlen\/","url":"https:\/\/www.koonings.com\/de\/product\/poirier-je-75209-ohrringe-matte-perlen\/","name":"Poirier JE-75209 Ohrringe | matte Perlen | Koonings","isPartOf":{"@id":"https:\/\/www.koonings.com\/de\/#website"},"primaryImageOfPage":{"@id":"https:\/\/www.koonings.com\/de\/product\/poirier-je-75209-ohrringe-matte-perlen\/#primaryimage"},"image":{"@id":"https:\/\/www.koonings.com\/de\/product\/poirier-je-75209-ohrringe-matte-perlen\/#primaryimage"},"thumbnailUrl":"https:\/\/www.koonings.com\/wp-content\/uploads\/2025\/08\/50406_c213a50aa0a6a05d5df6c6139b50b051ba78b2be1227f9e1af57bbfee29369e2e38cda3a.jpeg","datePublished":"2026-04-14T14:32:40+00:00","description":"JE-75209 - Ohrringe mit matten Perlen in verschiedenen Gr\u00f6\u00dfen Ohrringe aus der Kollektion von Poirier. Wundersch\u00f6ne elfenbeinfarbene matte Perlen und Strassperlen. Wundersch\u00f6n passende Halskette JN-75276.","breadcrumb":{"@id":"https:\/\/www.koonings.com\/de\/product\/poirier-je-75209-ohrringe-matte-perlen\/#breadcrumb"},"inLanguage":"de","potentialAction":[{"@type":"ReadAction","target":["https:\/\/www.koonings.com\/de\/product\/poirier-je-75209-ohrringe-matte-perlen\/"]}]},{"@type":"ImageObject","inLanguage":"de","@id":"https:\/\/www.koonings.com\/de\/product\/poirier-je-75209-ohrringe-matte-perlen\/#primaryimage","url":"https:\/\/www.koonings.com\/wp-content\/uploads\/2025\/08\/50406_c213a50aa0a6a05d5df6c6139b50b051ba78b2be1227f9e1af57bbfee29369e2e38cda3a.jpeg","contentUrl":"https:\/\/www.koonings.com\/wp-content\/uploads\/2025\/08\/50406_c213a50aa0a6a05d5df6c6139b50b051ba78b2be1227f9e1af57bbfee29369e2e38cda3a.jpeg","width":1500,"height":2000},{"@type":"BreadcrumbList","@id":"https:\/\/www.koonings.com\/de\/product\/poirier-je-75209-ohrringe-matte-perlen\/#breadcrumb","itemListElement":[{"@type":"ListItem","position":1,"name":"Home","item":"https:\/\/www.koonings.com\/de\/"},{"@type":"ListItem","position":2,"name":"Poirier JE-75209 Ohrringe | matte Perlen"}]},{"@type":"WebSite","@id":"https:\/\/www.koonings.com\/de\/#website","url":"https:\/\/www.koonings.com\/de\/","name":"Koonings","description":"De grootste bruidsmodewinkel ter wereld","publisher":{"@id":"https:\/\/www.koonings.com\/de\/#organization"},"potentialAction":[{"@type":"SearchAction","target":{"@type":"EntryPoint","urlTemplate":"https:\/\/www.koonings.com\/de\/?s={search_term_string}"},"query-input":{"@type":"PropertyValueSpecification","valueRequired":true,"valueName":"search_term_string"}}],"inLanguage":"de"},{"@type":"Organization","@id":"https:\/\/www.koonings.com\/de\/#organization","name":"Koonings","url":"https:\/\/www.koonings.com\/de\/","logo":{"@type":"ImageObject","inLanguage":"de","@id":"https:\/\/www.koonings.com\/de\/#\/schema\/logo\/image\/","url":"https:\/\/www.koonings.com\/wp-content\/uploads\/2024\/07\/logo.png","contentUrl":"https:\/\/www.koonings.com\/wp-content\/uploads\/2024\/07\/logo.png","width":600,"height":428,"caption":"Koonings"},"image":{"@id":"https:\/\/www.koonings.com\/de\/#\/schema\/logo\/image\/"},"sameAs":["https:\/\/www.facebook.com\/kooningstheweddingpalace","https:\/\/www.instagram.com\/kooningstheweddingpalace","https:\/\/www.pinterest.com\/koonings","https:\/\/www.youtube.com\/kooningstheweddingpalace"]}]}},"_links":{"self":[{"href":"https:\/\/www.koonings.com\/de\/wp-json\/wp\/v2\/product\/108746","targetHints":{"allow":["GET"]}}],"collection":[{"href":"https:\/\/www.koonings.com\/de\/wp-json\/wp\/v2\/product"}],"about":[{"href":"https:\/\/www.koonings.com\/de\/wp-json\/wp\/v2\/types\/product"}],"wp:featuredmedia":[{"embeddable":true,"href":"https:\/\/www.koonings.com\/de\/wp-json\/wp\/v2\/media\/90873"}],"wp:attachment":[{"href":"https:\/\/www.koonings.com\/de\/wp-json\/wp\/v2\/media?parent=108746"}],"wp:term":[{"taxonomy":"productdetails","embeddable":true,"href":"https:\/\/www.koonings.com\/de\/wp-json\/wp\/v2\/productdetails?post=108746"},{"taxonomy":"productneck","embeddable":true,"href":"https:\/\/www.koonings.com\/de\/wp-json\/wp\/v2\/productneck?post=108746"},{"taxonomy":"productcolor","embeddable":true,"href":"https:\/\/www.koonings.com\/de\/wp-json\/wp\/v2\/productcolor?post=108746"},{"taxonomy":"maat","embeddable":true,"href":"https:\/\/www.koonings.com\/de\/wp-json\/wp\/v2\/maat?post=108746"},{"taxonomy":"productsupplier","embeddable":true,"href":"https:\/\/www.koonings.com\/de\/wp-json\/wp\/v2\/productsupplier?post=108746"},{"taxonomy":"productsleeve","embeddable":true,"href":"https:\/\/www.koonings.com\/de\/wp-json\/wp\/v2\/productsleeve?post=108746"},{"taxonomy":"productcategory","embeddable":true,"href":"https:\/\/www.koonings.com\/de\/wp-json\/wp\/v2\/productcategory?post=108746"},{"taxonomy":"productsilhouette","embeddable":true,"href":"https:\/\/www.koonings.com\/de\/wp-json\/wp\/v2\/productsilhouette?post=108746"},{"taxonomy":"productstyle","embeddable":true,"href":"https:\/\/www.koonings.com\/de\/wp-json\/wp\/v2\/productstyle?post=108746"}],"curies":[{"name":"wp","href":"https:\/\/api.w.org\/{rel}","templated":true}]}}