{"id":108703,"date":"2026-04-14T16:36:25","date_gmt":"2026-04-14T14:36:25","guid":{"rendered":"https:\/\/www.koonings.com\/product\/herve-paris-niam\/"},"modified":"2026-04-14T15:46:36","modified_gmt":"2026-04-14T13:46:36","slug":"herve-paris-niam","status":"publish","type":"product","link":"https:\/\/www.koonings.com\/de\/product\/herve-paris-niam\/","title":{"rendered":"Herve Paris Niam"},"content":{"rendered":"<p>Ein moderner, minimalistischer Traum. Dieses A-Linien-Kleid aus Satin ist der Inbegriff schlichter Raffinesse, mit plissiertem Oberteil und d\u00fcnnen Tr\u00e4gern. Der hohe Schlitz verleiht dem Kleid einen k\u00fchnen Touch, w\u00e4hrend es gleichzeitig schick und m\u00fchelos bleibt. Dies ist die Art von Kleid, die die Braut zum Strahlen bringt &#8211; zeitlos, elegant und perfekt f\u00fcr einen selbstbewussten Auftritt. Uir die Kollektion von Herv\u00e9 Paris.    <\/p>\n","protected":false},"featured_media":108707,"template":"","meta":{"_acf_changed":false,"ghostkit_customizer_options":"","ghostkit_custom_css":"","ghostkit_custom_js_head":"","ghostkit_custom_js_foot":"","ghostkit_typography":""},"productdetails":[378],"productneck":[355],"productcolor":[392],"maat":[],"productsupplier":[424],"productsleeve":[359],"productcategory":[18],"productsilhouette":[384],"productstyle":[366,370],"class_list":["post-108703","product","type-product","status-publish","has-post-thumbnail","hentry","productdetails-378","productneck-355","productcolor-392","productsupplier-herve-paris","productsleeve-359","productcategory-trouwjurken","productsilhouette-384","productstyle-366","productstyle-370"],"acf":[],"yoast_head":"<!-- This site is optimized with the Yoast SEO plugin v27.3 - https:\/\/yoast.com\/product\/yoast-seo-wordpress\/ -->\n<title>Herve Paris Niam | Koonings<\/title>\n<meta name=\"description\" content=\"Ein moderner, minimalistischer Traum. Dieses A-Linien-Kleid aus Satin ist der Inbegriff schlichter Raffinesse, mit plissiertem Oberteil und d\u00fcnnen Tr\u00e4gern. Der hohe Schlitz verleiht dem Kleid einen k\u00fchnen Touch, w\u00e4hrend es gleichzeitig schick und m\u00fchelos bleibt. Dies ist die Art von Kleid, die die Braut zum Strahlen bringt - zeitlos, elegant und perfekt f\u00fcr einen selbstbewussten Auftritt. Uir die Kollektion von Herv\u00e9 Paris.\" \/>\n<meta name=\"robots\" content=\"index, follow, max-snippet:-1, max-image-preview:large, max-video-preview:-1\" \/>\n<link rel=\"canonical\" href=\"https:\/\/www.koonings.com\/de\/product\/herve-paris-niam\/\" \/>\n<meta property=\"og:locale\" content=\"de_DE\" \/>\n<meta property=\"og:type\" content=\"article\" \/>\n<meta property=\"og:title\" content=\"Herve Paris Niam | Koonings\" \/>\n<meta property=\"og:description\" content=\"Ein moderner, minimalistischer Traum. Dieses A-Linien-Kleid aus Satin ist der Inbegriff schlichter Raffinesse, mit plissiertem Oberteil und d\u00fcnnen Tr\u00e4gern. Der hohe Schlitz verleiht dem Kleid einen k\u00fchnen Touch, w\u00e4hrend es gleichzeitig schick und m\u00fchelos bleibt. Dies ist die Art von Kleid, die die Braut zum Strahlen bringt - zeitlos, elegant und perfekt f\u00fcr einen selbstbewussten Auftritt. Uir die Kollektion von Herv\u00e9 Paris.\" \/>\n<meta property=\"og:url\" content=\"https:\/\/www.koonings.com\/de\/product\/herve-paris-niam\/\" \/>\n<meta property=\"og:site_name\" content=\"Koonings\" \/>\n<meta property=\"article:publisher\" content=\"https:\/\/www.facebook.com\/kooningstheweddingpalace\" \/>\n<meta property=\"og:image\" content=\"https:\/\/www.koonings.com\/wp-content\/uploads\/2025\/11\/51058_fdabd4ecc43024806c209dad0ee380269492c223159d3e285570551b70d2b1d07b9f99aa.jpeg\" \/>\n\t<meta property=\"og:image:width\" content=\"1251\" \/>\n\t<meta property=\"og:image:height\" content=\"1771\" \/>\n\t<meta property=\"og:image:type\" content=\"image\/jpeg\" \/>\n<meta name=\"twitter:card\" content=\"summary_large_image\" \/>\n<script type=\"application\/ld+json\" class=\"yoast-schema-graph\">{\"@context\":\"https:\\\/\\\/schema.org\",\"@graph\":[{\"@type\":\"WebPage\",\"@id\":\"https:\\\/\\\/www.koonings.com\\\/de\\\/product\\\/herve-paris-niam\\\/\",\"url\":\"https:\\\/\\\/www.koonings.com\\\/de\\\/product\\\/herve-paris-niam\\\/\",\"name\":\"Herve Paris Niam | Koonings\",\"isPartOf\":{\"@id\":\"https:\\\/\\\/www.koonings.com\\\/de\\\/#website\"},\"primaryImageOfPage\":{\"@id\":\"https:\\\/\\\/www.koonings.com\\\/de\\\/product\\\/herve-paris-niam\\\/#primaryimage\"},\"image\":{\"@id\":\"https:\\\/\\\/www.koonings.com\\\/de\\\/product\\\/herve-paris-niam\\\/#primaryimage\"},\"thumbnailUrl\":\"https:\\\/\\\/www.koonings.com\\\/wp-content\\\/uploads\\\/2025\\\/11\\\/51058_fdabd4ecc43024806c209dad0ee380269492c223159d3e285570551b70d2b1d07b9f99aa.jpeg\",\"datePublished\":\"2026-04-14T14:36:25+00:00\",\"description\":\"Ein moderner, minimalistischer Traum. Dieses A-Linien-Kleid aus Satin ist der Inbegriff schlichter Raffinesse, mit plissiertem Oberteil und d\u00fcnnen Tr\u00e4gern. Der hohe Schlitz verleiht dem Kleid einen k\u00fchnen Touch, w\u00e4hrend es gleichzeitig schick und m\u00fchelos bleibt. Dies ist die Art von Kleid, die die Braut zum Strahlen bringt - zeitlos, elegant und perfekt f\u00fcr einen selbstbewussten Auftritt. Uir die Kollektion von Herv\u00e9 Paris.\",\"breadcrumb\":{\"@id\":\"https:\\\/\\\/www.koonings.com\\\/de\\\/product\\\/herve-paris-niam\\\/#breadcrumb\"},\"inLanguage\":\"de\",\"potentialAction\":[{\"@type\":\"ReadAction\",\"target\":[\"https:\\\/\\\/www.koonings.com\\\/de\\\/product\\\/herve-paris-niam\\\/\"]}]},{\"@type\":\"ImageObject\",\"inLanguage\":\"de\",\"@id\":\"https:\\\/\\\/www.koonings.com\\\/de\\\/product\\\/herve-paris-niam\\\/#primaryimage\",\"url\":\"https:\\\/\\\/www.koonings.com\\\/wp-content\\\/uploads\\\/2025\\\/11\\\/51058_fdabd4ecc43024806c209dad0ee380269492c223159d3e285570551b70d2b1d07b9f99aa.jpeg\",\"contentUrl\":\"https:\\\/\\\/www.koonings.com\\\/wp-content\\\/uploads\\\/2025\\\/11\\\/51058_fdabd4ecc43024806c209dad0ee380269492c223159d3e285570551b70d2b1d07b9f99aa.jpeg\",\"width\":1251,\"height\":1771},{\"@type\":\"BreadcrumbList\",\"@id\":\"https:\\\/\\\/www.koonings.com\\\/de\\\/product\\\/herve-paris-niam\\\/#breadcrumb\",\"itemListElement\":[{\"@type\":\"ListItem\",\"position\":1,\"name\":\"Home\",\"item\":\"https:\\\/\\\/www.koonings.com\\\/de\\\/\"},{\"@type\":\"ListItem\",\"position\":2,\"name\":\"Herve Paris Niam\"}]},{\"@type\":\"WebSite\",\"@id\":\"https:\\\/\\\/www.koonings.com\\\/de\\\/#website\",\"url\":\"https:\\\/\\\/www.koonings.com\\\/de\\\/\",\"name\":\"Koonings\",\"description\":\"De grootste bruidsmodewinkel ter wereld\",\"publisher\":{\"@id\":\"https:\\\/\\\/www.koonings.com\\\/de\\\/#organization\"},\"potentialAction\":[{\"@type\":\"SearchAction\",\"target\":{\"@type\":\"EntryPoint\",\"urlTemplate\":\"https:\\\/\\\/www.koonings.com\\\/de\\\/?s={search_term_string}\"},\"query-input\":{\"@type\":\"PropertyValueSpecification\",\"valueRequired\":true,\"valueName\":\"search_term_string\"}}],\"inLanguage\":\"de\"},{\"@type\":\"Organization\",\"@id\":\"https:\\\/\\\/www.koonings.com\\\/de\\\/#organization\",\"name\":\"Koonings\",\"url\":\"https:\\\/\\\/www.koonings.com\\\/de\\\/\",\"logo\":{\"@type\":\"ImageObject\",\"inLanguage\":\"de\",\"@id\":\"https:\\\/\\\/www.koonings.com\\\/de\\\/#\\\/schema\\\/logo\\\/image\\\/\",\"url\":\"https:\\\/\\\/www.koonings.com\\\/wp-content\\\/uploads\\\/2024\\\/07\\\/logo.png\",\"contentUrl\":\"https:\\\/\\\/www.koonings.com\\\/wp-content\\\/uploads\\\/2024\\\/07\\\/logo.png\",\"width\":600,\"height\":428,\"caption\":\"Koonings\"},\"image\":{\"@id\":\"https:\\\/\\\/www.koonings.com\\\/de\\\/#\\\/schema\\\/logo\\\/image\\\/\"},\"sameAs\":[\"https:\\\/\\\/www.facebook.com\\\/kooningstheweddingpalace\",\"https:\\\/\\\/www.instagram.com\\\/kooningstheweddingpalace\",\"https:\\\/\\\/www.pinterest.com\\\/koonings\",\"https:\\\/\\\/www.youtube.com\\\/kooningstheweddingpalace\"]}]}<\/script>\n<!-- \/ Yoast SEO plugin. -->","yoast_head_json":{"title":"Herve Paris Niam | Koonings","description":"Ein moderner, minimalistischer Traum. Dieses A-Linien-Kleid aus Satin ist der Inbegriff schlichter Raffinesse, mit plissiertem Oberteil und d\u00fcnnen Tr\u00e4gern. Der hohe Schlitz verleiht dem Kleid einen k\u00fchnen Touch, w\u00e4hrend es gleichzeitig schick und m\u00fchelos bleibt. Dies ist die Art von Kleid, die die Braut zum Strahlen bringt - zeitlos, elegant und perfekt f\u00fcr einen selbstbewussten Auftritt. Uir die Kollektion von Herv\u00e9 Paris.","robots":{"index":"index","follow":"follow","max-snippet":"max-snippet:-1","max-image-preview":"max-image-preview:large","max-video-preview":"max-video-preview:-1"},"canonical":"https:\/\/www.koonings.com\/de\/product\/herve-paris-niam\/","og_locale":"de_DE","og_type":"article","og_title":"Herve Paris Niam | Koonings","og_description":"Ein moderner, minimalistischer Traum. Dieses A-Linien-Kleid aus Satin ist der Inbegriff schlichter Raffinesse, mit plissiertem Oberteil und d\u00fcnnen Tr\u00e4gern. Der hohe Schlitz verleiht dem Kleid einen k\u00fchnen Touch, w\u00e4hrend es gleichzeitig schick und m\u00fchelos bleibt. Dies ist die Art von Kleid, die die Braut zum Strahlen bringt - zeitlos, elegant und perfekt f\u00fcr einen selbstbewussten Auftritt. Uir die Kollektion von Herv\u00e9 Paris.","og_url":"https:\/\/www.koonings.com\/de\/product\/herve-paris-niam\/","og_site_name":"Koonings","article_publisher":"https:\/\/www.facebook.com\/kooningstheweddingpalace","og_image":[{"width":1251,"height":1771,"url":"https:\/\/www.koonings.com\/wp-content\/uploads\/2025\/11\/51058_fdabd4ecc43024806c209dad0ee380269492c223159d3e285570551b70d2b1d07b9f99aa.jpeg","type":"image\/jpeg"}],"twitter_card":"summary_large_image","schema":{"@context":"https:\/\/schema.org","@graph":[{"@type":"WebPage","@id":"https:\/\/www.koonings.com\/de\/product\/herve-paris-niam\/","url":"https:\/\/www.koonings.com\/de\/product\/herve-paris-niam\/","name":"Herve Paris Niam | Koonings","isPartOf":{"@id":"https:\/\/www.koonings.com\/de\/#website"},"primaryImageOfPage":{"@id":"https:\/\/www.koonings.com\/de\/product\/herve-paris-niam\/#primaryimage"},"image":{"@id":"https:\/\/www.koonings.com\/de\/product\/herve-paris-niam\/#primaryimage"},"thumbnailUrl":"https:\/\/www.koonings.com\/wp-content\/uploads\/2025\/11\/51058_fdabd4ecc43024806c209dad0ee380269492c223159d3e285570551b70d2b1d07b9f99aa.jpeg","datePublished":"2026-04-14T14:36:25+00:00","description":"Ein moderner, minimalistischer Traum. Dieses A-Linien-Kleid aus Satin ist der Inbegriff schlichter Raffinesse, mit plissiertem Oberteil und d\u00fcnnen Tr\u00e4gern. Der hohe Schlitz verleiht dem Kleid einen k\u00fchnen Touch, w\u00e4hrend es gleichzeitig schick und m\u00fchelos bleibt. Dies ist die Art von Kleid, die die Braut zum Strahlen bringt - zeitlos, elegant und perfekt f\u00fcr einen selbstbewussten Auftritt. Uir die Kollektion von Herv\u00e9 Paris.","breadcrumb":{"@id":"https:\/\/www.koonings.com\/de\/product\/herve-paris-niam\/#breadcrumb"},"inLanguage":"de","potentialAction":[{"@type":"ReadAction","target":["https:\/\/www.koonings.com\/de\/product\/herve-paris-niam\/"]}]},{"@type":"ImageObject","inLanguage":"de","@id":"https:\/\/www.koonings.com\/de\/product\/herve-paris-niam\/#primaryimage","url":"https:\/\/www.koonings.com\/wp-content\/uploads\/2025\/11\/51058_fdabd4ecc43024806c209dad0ee380269492c223159d3e285570551b70d2b1d07b9f99aa.jpeg","contentUrl":"https:\/\/www.koonings.com\/wp-content\/uploads\/2025\/11\/51058_fdabd4ecc43024806c209dad0ee380269492c223159d3e285570551b70d2b1d07b9f99aa.jpeg","width":1251,"height":1771},{"@type":"BreadcrumbList","@id":"https:\/\/www.koonings.com\/de\/product\/herve-paris-niam\/#breadcrumb","itemListElement":[{"@type":"ListItem","position":1,"name":"Home","item":"https:\/\/www.koonings.com\/de\/"},{"@type":"ListItem","position":2,"name":"Herve Paris Niam"}]},{"@type":"WebSite","@id":"https:\/\/www.koonings.com\/de\/#website","url":"https:\/\/www.koonings.com\/de\/","name":"Koonings","description":"De grootste bruidsmodewinkel ter wereld","publisher":{"@id":"https:\/\/www.koonings.com\/de\/#organization"},"potentialAction":[{"@type":"SearchAction","target":{"@type":"EntryPoint","urlTemplate":"https:\/\/www.koonings.com\/de\/?s={search_term_string}"},"query-input":{"@type":"PropertyValueSpecification","valueRequired":true,"valueName":"search_term_string"}}],"inLanguage":"de"},{"@type":"Organization","@id":"https:\/\/www.koonings.com\/de\/#organization","name":"Koonings","url":"https:\/\/www.koonings.com\/de\/","logo":{"@type":"ImageObject","inLanguage":"de","@id":"https:\/\/www.koonings.com\/de\/#\/schema\/logo\/image\/","url":"https:\/\/www.koonings.com\/wp-content\/uploads\/2024\/07\/logo.png","contentUrl":"https:\/\/www.koonings.com\/wp-content\/uploads\/2024\/07\/logo.png","width":600,"height":428,"caption":"Koonings"},"image":{"@id":"https:\/\/www.koonings.com\/de\/#\/schema\/logo\/image\/"},"sameAs":["https:\/\/www.facebook.com\/kooningstheweddingpalace","https:\/\/www.instagram.com\/kooningstheweddingpalace","https:\/\/www.pinterest.com\/koonings","https:\/\/www.youtube.com\/kooningstheweddingpalace"]}]}},"_links":{"self":[{"href":"https:\/\/www.koonings.com\/de\/wp-json\/wp\/v2\/product\/108703","targetHints":{"allow":["GET"]}}],"collection":[{"href":"https:\/\/www.koonings.com\/de\/wp-json\/wp\/v2\/product"}],"about":[{"href":"https:\/\/www.koonings.com\/de\/wp-json\/wp\/v2\/types\/product"}],"wp:featuredmedia":[{"embeddable":true,"href":"https:\/\/www.koonings.com\/de\/wp-json\/wp\/v2\/media\/108707"}],"wp:attachment":[{"href":"https:\/\/www.koonings.com\/de\/wp-json\/wp\/v2\/media?parent=108703"}],"wp:term":[{"taxonomy":"productdetails","embeddable":true,"href":"https:\/\/www.koonings.com\/de\/wp-json\/wp\/v2\/productdetails?post=108703"},{"taxonomy":"productneck","embeddable":true,"href":"https:\/\/www.koonings.com\/de\/wp-json\/wp\/v2\/productneck?post=108703"},{"taxonomy":"productcolor","embeddable":true,"href":"https:\/\/www.koonings.com\/de\/wp-json\/wp\/v2\/productcolor?post=108703"},{"taxonomy":"maat","embeddable":true,"href":"https:\/\/www.koonings.com\/de\/wp-json\/wp\/v2\/maat?post=108703"},{"taxonomy":"productsupplier","embeddable":true,"href":"https:\/\/www.koonings.com\/de\/wp-json\/wp\/v2\/productsupplier?post=108703"},{"taxonomy":"productsleeve","embeddable":true,"href":"https:\/\/www.koonings.com\/de\/wp-json\/wp\/v2\/productsleeve?post=108703"},{"taxonomy":"productcategory","embeddable":true,"href":"https:\/\/www.koonings.com\/de\/wp-json\/wp\/v2\/productcategory?post=108703"},{"taxonomy":"productsilhouette","embeddable":true,"href":"https:\/\/www.koonings.com\/de\/wp-json\/wp\/v2\/productsilhouette?post=108703"},{"taxonomy":"productstyle","embeddable":true,"href":"https:\/\/www.koonings.com\/de\/wp-json\/wp\/v2\/productstyle?post=108703"}],"curies":[{"name":"wp","href":"https:\/\/api.w.org\/{rel}","templated":true}]}}