{"id":108699,"date":"2026-04-14T16:36:41","date_gmt":"2026-04-14T14:36:41","guid":{"rendered":"https:\/\/www.koonings.com\/product\/le-papillon-von-modeca-hermine\/"},"modified":"2026-04-14T15:36:37","modified_gmt":"2026-04-14T13:36:37","slug":"le-papillon-von-modeca-hermine","status":"publish","type":"product","link":"https:\/\/www.koonings.com\/de\/product\/le-papillon-von-modeca-hermine\/","title":{"rendered":"Le Papillon von Modeca Hermine"},"content":{"rendered":"<p>Hermine ist ein A-Linien-Kleid aus glitzerndem T\u00fcll mit einem spitzen Ausschnitt und einem mit Perlenspitze verzierten Mieder. Das Design hat einen Schlitz und abnehmbare lange \u00c4rmel. F\u00fcr einen schlankeren Look ist dieses Modell auch ohne \u00c4rmel als Hermine-D erh\u00e4ltlich.  <\/p>\n<p>Dieses bezaubernde Design stammt aus der Kollektion Le Papillon von Modeca und ist bei Koonings erh\u00e4ltlich.<\/p>\n","protected":false},"featured_media":96984,"template":"","meta":{"_acf_changed":false,"ghostkit_customizer_options":"","ghostkit_custom_css":"","ghostkit_custom_js_head":"","ghostkit_custom_js_foot":"","ghostkit_typography":""},"productdetails":[376,378,381],"productneck":[355],"productcolor":[393,392],"maat":[],"productsupplier":[411],"productsleeve":[357,362],"productcategory":[18],"productsilhouette":[384],"productstyle":[366,370],"class_list":["post-108699","product","type-product","status-publish","has-post-thumbnail","hentry","productdetails-376","productdetails-378","productdetails-381","productneck-355","productcolor-393","productcolor-392","productsupplier-le-papillon-by-modeca","productsleeve-357","productsleeve-362","productcategory-trouwjurken","productsilhouette-384","productstyle-366","productstyle-370"],"acf":[],"yoast_head":"<!-- This site is optimized with the Yoast SEO plugin v27.3 - https:\/\/yoast.com\/product\/yoast-seo-wordpress\/ -->\n<title>Le Papillon von Modeca Hermine | Koonings<\/title>\n<meta name=\"description\" content=\"Hermine ist ein A-Linien-Kleid aus glitzerndem T\u00fcll mit einem spitzen Ausschnitt und einem mit Perlenspitze verzierten Mieder. Das Design hat einen Schlitz und abnehmbare lange \u00c4rmel. F\u00fcr einen schlankeren Look ist dieses Modell auch ohne \u00c4rmel als Hermine-D erh\u00e4ltlich. Dieses bezaubernde Design stammt aus der Kollektion Le Papillon von Modeca und ist bei Koonings erh\u00e4ltlich.\" \/>\n<meta name=\"robots\" content=\"index, follow, max-snippet:-1, max-image-preview:large, max-video-preview:-1\" \/>\n<link rel=\"canonical\" href=\"https:\/\/www.koonings.com\/de\/product\/le-papillon-von-modeca-hermine\/\" \/>\n<meta property=\"og:locale\" content=\"de_DE\" \/>\n<meta property=\"og:type\" content=\"article\" \/>\n<meta property=\"og:title\" content=\"Le Papillon von Modeca Hermine | Koonings\" \/>\n<meta property=\"og:description\" content=\"Hermine ist ein A-Linien-Kleid aus glitzerndem T\u00fcll mit einem spitzen Ausschnitt und einem mit Perlenspitze verzierten Mieder. Das Design hat einen Schlitz und abnehmbare lange \u00c4rmel. F\u00fcr einen schlankeren Look ist dieses Modell auch ohne \u00c4rmel als Hermine-D erh\u00e4ltlich. Dieses bezaubernde Design stammt aus der Kollektion Le Papillon von Modeca und ist bei Koonings erh\u00e4ltlich.\" \/>\n<meta property=\"og:url\" content=\"https:\/\/www.koonings.com\/de\/product\/le-papillon-von-modeca-hermine\/\" \/>\n<meta property=\"og:site_name\" content=\"Koonings\" \/>\n<meta property=\"article:publisher\" content=\"https:\/\/www.facebook.com\/kooningstheweddingpalace\" \/>\n<meta property=\"og:image\" content=\"https:\/\/www.koonings.com\/wp-content\/uploads\/2025\/09\/51091_a2634d4215e05af9583cb391182cc81e2dc0311d5baaadb33a8b8e4aad8b00eaa4173780.jpeg\" \/>\n\t<meta property=\"og:image:width\" content=\"1634\" \/>\n\t<meta property=\"og:image:height\" content=\"2313\" \/>\n\t<meta property=\"og:image:type\" content=\"image\/jpeg\" \/>\n<meta name=\"twitter:card\" content=\"summary_large_image\" \/>\n<script type=\"application\/ld+json\" class=\"yoast-schema-graph\">{\"@context\":\"https:\\\/\\\/schema.org\",\"@graph\":[{\"@type\":\"WebPage\",\"@id\":\"https:\\\/\\\/www.koonings.com\\\/de\\\/product\\\/le-papillon-von-modeca-hermine\\\/\",\"url\":\"https:\\\/\\\/www.koonings.com\\\/de\\\/product\\\/le-papillon-von-modeca-hermine\\\/\",\"name\":\"Le Papillon von Modeca Hermine | Koonings\",\"isPartOf\":{\"@id\":\"https:\\\/\\\/www.koonings.com\\\/de\\\/#website\"},\"primaryImageOfPage\":{\"@id\":\"https:\\\/\\\/www.koonings.com\\\/de\\\/product\\\/le-papillon-von-modeca-hermine\\\/#primaryimage\"},\"image\":{\"@id\":\"https:\\\/\\\/www.koonings.com\\\/de\\\/product\\\/le-papillon-von-modeca-hermine\\\/#primaryimage\"},\"thumbnailUrl\":\"https:\\\/\\\/www.koonings.com\\\/wp-content\\\/uploads\\\/2025\\\/09\\\/51091_a2634d4215e05af9583cb391182cc81e2dc0311d5baaadb33a8b8e4aad8b00eaa4173780.jpeg\",\"datePublished\":\"2026-04-14T14:36:41+00:00\",\"description\":\"Hermine ist ein A-Linien-Kleid aus glitzerndem T\u00fcll mit einem spitzen Ausschnitt und einem mit Perlenspitze verzierten Mieder. Das Design hat einen Schlitz und abnehmbare lange \u00c4rmel. F\u00fcr einen schlankeren Look ist dieses Modell auch ohne \u00c4rmel als Hermine-D erh\u00e4ltlich. Dieses bezaubernde Design stammt aus der Kollektion Le Papillon von Modeca und ist bei Koonings erh\u00e4ltlich.\",\"breadcrumb\":{\"@id\":\"https:\\\/\\\/www.koonings.com\\\/de\\\/product\\\/le-papillon-von-modeca-hermine\\\/#breadcrumb\"},\"inLanguage\":\"de\",\"potentialAction\":[{\"@type\":\"ReadAction\",\"target\":[\"https:\\\/\\\/www.koonings.com\\\/de\\\/product\\\/le-papillon-von-modeca-hermine\\\/\"]}]},{\"@type\":\"ImageObject\",\"inLanguage\":\"de\",\"@id\":\"https:\\\/\\\/www.koonings.com\\\/de\\\/product\\\/le-papillon-von-modeca-hermine\\\/#primaryimage\",\"url\":\"https:\\\/\\\/www.koonings.com\\\/wp-content\\\/uploads\\\/2025\\\/09\\\/51091_a2634d4215e05af9583cb391182cc81e2dc0311d5baaadb33a8b8e4aad8b00eaa4173780.jpeg\",\"contentUrl\":\"https:\\\/\\\/www.koonings.com\\\/wp-content\\\/uploads\\\/2025\\\/09\\\/51091_a2634d4215e05af9583cb391182cc81e2dc0311d5baaadb33a8b8e4aad8b00eaa4173780.jpeg\",\"width\":1634,\"height\":2313},{\"@type\":\"BreadcrumbList\",\"@id\":\"https:\\\/\\\/www.koonings.com\\\/de\\\/product\\\/le-papillon-von-modeca-hermine\\\/#breadcrumb\",\"itemListElement\":[{\"@type\":\"ListItem\",\"position\":1,\"name\":\"Home\",\"item\":\"https:\\\/\\\/www.koonings.com\\\/de\\\/\"},{\"@type\":\"ListItem\",\"position\":2,\"name\":\"Le Papillon von Modeca Hermine\"}]},{\"@type\":\"WebSite\",\"@id\":\"https:\\\/\\\/www.koonings.com\\\/de\\\/#website\",\"url\":\"https:\\\/\\\/www.koonings.com\\\/de\\\/\",\"name\":\"Koonings\",\"description\":\"De grootste bruidsmodewinkel ter wereld\",\"publisher\":{\"@id\":\"https:\\\/\\\/www.koonings.com\\\/de\\\/#organization\"},\"potentialAction\":[{\"@type\":\"SearchAction\",\"target\":{\"@type\":\"EntryPoint\",\"urlTemplate\":\"https:\\\/\\\/www.koonings.com\\\/de\\\/?s={search_term_string}\"},\"query-input\":{\"@type\":\"PropertyValueSpecification\",\"valueRequired\":true,\"valueName\":\"search_term_string\"}}],\"inLanguage\":\"de\"},{\"@type\":\"Organization\",\"@id\":\"https:\\\/\\\/www.koonings.com\\\/de\\\/#organization\",\"name\":\"Koonings\",\"url\":\"https:\\\/\\\/www.koonings.com\\\/de\\\/\",\"logo\":{\"@type\":\"ImageObject\",\"inLanguage\":\"de\",\"@id\":\"https:\\\/\\\/www.koonings.com\\\/de\\\/#\\\/schema\\\/logo\\\/image\\\/\",\"url\":\"https:\\\/\\\/www.koonings.com\\\/wp-content\\\/uploads\\\/2024\\\/07\\\/logo.png\",\"contentUrl\":\"https:\\\/\\\/www.koonings.com\\\/wp-content\\\/uploads\\\/2024\\\/07\\\/logo.png\",\"width\":600,\"height\":428,\"caption\":\"Koonings\"},\"image\":{\"@id\":\"https:\\\/\\\/www.koonings.com\\\/de\\\/#\\\/schema\\\/logo\\\/image\\\/\"},\"sameAs\":[\"https:\\\/\\\/www.facebook.com\\\/kooningstheweddingpalace\",\"https:\\\/\\\/www.instagram.com\\\/kooningstheweddingpalace\",\"https:\\\/\\\/www.pinterest.com\\\/koonings\",\"https:\\\/\\\/www.youtube.com\\\/kooningstheweddingpalace\"]}]}<\/script>\n<!-- \/ Yoast SEO plugin. -->","yoast_head_json":{"title":"Le Papillon von Modeca Hermine | Koonings","description":"Hermine ist ein A-Linien-Kleid aus glitzerndem T\u00fcll mit einem spitzen Ausschnitt und einem mit Perlenspitze verzierten Mieder. Das Design hat einen Schlitz und abnehmbare lange \u00c4rmel. F\u00fcr einen schlankeren Look ist dieses Modell auch ohne \u00c4rmel als Hermine-D erh\u00e4ltlich. Dieses bezaubernde Design stammt aus der Kollektion Le Papillon von Modeca und ist bei Koonings erh\u00e4ltlich.","robots":{"index":"index","follow":"follow","max-snippet":"max-snippet:-1","max-image-preview":"max-image-preview:large","max-video-preview":"max-video-preview:-1"},"canonical":"https:\/\/www.koonings.com\/de\/product\/le-papillon-von-modeca-hermine\/","og_locale":"de_DE","og_type":"article","og_title":"Le Papillon von Modeca Hermine | Koonings","og_description":"Hermine ist ein A-Linien-Kleid aus glitzerndem T\u00fcll mit einem spitzen Ausschnitt und einem mit Perlenspitze verzierten Mieder. Das Design hat einen Schlitz und abnehmbare lange \u00c4rmel. F\u00fcr einen schlankeren Look ist dieses Modell auch ohne \u00c4rmel als Hermine-D erh\u00e4ltlich. Dieses bezaubernde Design stammt aus der Kollektion Le Papillon von Modeca und ist bei Koonings erh\u00e4ltlich.","og_url":"https:\/\/www.koonings.com\/de\/product\/le-papillon-von-modeca-hermine\/","og_site_name":"Koonings","article_publisher":"https:\/\/www.facebook.com\/kooningstheweddingpalace","og_image":[{"width":1634,"height":2313,"url":"https:\/\/www.koonings.com\/wp-content\/uploads\/2025\/09\/51091_a2634d4215e05af9583cb391182cc81e2dc0311d5baaadb33a8b8e4aad8b00eaa4173780.jpeg","type":"image\/jpeg"}],"twitter_card":"summary_large_image","schema":{"@context":"https:\/\/schema.org","@graph":[{"@type":"WebPage","@id":"https:\/\/www.koonings.com\/de\/product\/le-papillon-von-modeca-hermine\/","url":"https:\/\/www.koonings.com\/de\/product\/le-papillon-von-modeca-hermine\/","name":"Le Papillon von Modeca Hermine | Koonings","isPartOf":{"@id":"https:\/\/www.koonings.com\/de\/#website"},"primaryImageOfPage":{"@id":"https:\/\/www.koonings.com\/de\/product\/le-papillon-von-modeca-hermine\/#primaryimage"},"image":{"@id":"https:\/\/www.koonings.com\/de\/product\/le-papillon-von-modeca-hermine\/#primaryimage"},"thumbnailUrl":"https:\/\/www.koonings.com\/wp-content\/uploads\/2025\/09\/51091_a2634d4215e05af9583cb391182cc81e2dc0311d5baaadb33a8b8e4aad8b00eaa4173780.jpeg","datePublished":"2026-04-14T14:36:41+00:00","description":"Hermine ist ein A-Linien-Kleid aus glitzerndem T\u00fcll mit einem spitzen Ausschnitt und einem mit Perlenspitze verzierten Mieder. Das Design hat einen Schlitz und abnehmbare lange \u00c4rmel. F\u00fcr einen schlankeren Look ist dieses Modell auch ohne \u00c4rmel als Hermine-D erh\u00e4ltlich. Dieses bezaubernde Design stammt aus der Kollektion Le Papillon von Modeca und ist bei Koonings erh\u00e4ltlich.","breadcrumb":{"@id":"https:\/\/www.koonings.com\/de\/product\/le-papillon-von-modeca-hermine\/#breadcrumb"},"inLanguage":"de","potentialAction":[{"@type":"ReadAction","target":["https:\/\/www.koonings.com\/de\/product\/le-papillon-von-modeca-hermine\/"]}]},{"@type":"ImageObject","inLanguage":"de","@id":"https:\/\/www.koonings.com\/de\/product\/le-papillon-von-modeca-hermine\/#primaryimage","url":"https:\/\/www.koonings.com\/wp-content\/uploads\/2025\/09\/51091_a2634d4215e05af9583cb391182cc81e2dc0311d5baaadb33a8b8e4aad8b00eaa4173780.jpeg","contentUrl":"https:\/\/www.koonings.com\/wp-content\/uploads\/2025\/09\/51091_a2634d4215e05af9583cb391182cc81e2dc0311d5baaadb33a8b8e4aad8b00eaa4173780.jpeg","width":1634,"height":2313},{"@type":"BreadcrumbList","@id":"https:\/\/www.koonings.com\/de\/product\/le-papillon-von-modeca-hermine\/#breadcrumb","itemListElement":[{"@type":"ListItem","position":1,"name":"Home","item":"https:\/\/www.koonings.com\/de\/"},{"@type":"ListItem","position":2,"name":"Le Papillon von Modeca Hermine"}]},{"@type":"WebSite","@id":"https:\/\/www.koonings.com\/de\/#website","url":"https:\/\/www.koonings.com\/de\/","name":"Koonings","description":"De grootste bruidsmodewinkel ter wereld","publisher":{"@id":"https:\/\/www.koonings.com\/de\/#organization"},"potentialAction":[{"@type":"SearchAction","target":{"@type":"EntryPoint","urlTemplate":"https:\/\/www.koonings.com\/de\/?s={search_term_string}"},"query-input":{"@type":"PropertyValueSpecification","valueRequired":true,"valueName":"search_term_string"}}],"inLanguage":"de"},{"@type":"Organization","@id":"https:\/\/www.koonings.com\/de\/#organization","name":"Koonings","url":"https:\/\/www.koonings.com\/de\/","logo":{"@type":"ImageObject","inLanguage":"de","@id":"https:\/\/www.koonings.com\/de\/#\/schema\/logo\/image\/","url":"https:\/\/www.koonings.com\/wp-content\/uploads\/2024\/07\/logo.png","contentUrl":"https:\/\/www.koonings.com\/wp-content\/uploads\/2024\/07\/logo.png","width":600,"height":428,"caption":"Koonings"},"image":{"@id":"https:\/\/www.koonings.com\/de\/#\/schema\/logo\/image\/"},"sameAs":["https:\/\/www.facebook.com\/kooningstheweddingpalace","https:\/\/www.instagram.com\/kooningstheweddingpalace","https:\/\/www.pinterest.com\/koonings","https:\/\/www.youtube.com\/kooningstheweddingpalace"]}]}},"_links":{"self":[{"href":"https:\/\/www.koonings.com\/de\/wp-json\/wp\/v2\/product\/108699","targetHints":{"allow":["GET"]}}],"collection":[{"href":"https:\/\/www.koonings.com\/de\/wp-json\/wp\/v2\/product"}],"about":[{"href":"https:\/\/www.koonings.com\/de\/wp-json\/wp\/v2\/types\/product"}],"wp:featuredmedia":[{"embeddable":true,"href":"https:\/\/www.koonings.com\/de\/wp-json\/wp\/v2\/media\/96984"}],"wp:attachment":[{"href":"https:\/\/www.koonings.com\/de\/wp-json\/wp\/v2\/media?parent=108699"}],"wp:term":[{"taxonomy":"productdetails","embeddable":true,"href":"https:\/\/www.koonings.com\/de\/wp-json\/wp\/v2\/productdetails?post=108699"},{"taxonomy":"productneck","embeddable":true,"href":"https:\/\/www.koonings.com\/de\/wp-json\/wp\/v2\/productneck?post=108699"},{"taxonomy":"productcolor","embeddable":true,"href":"https:\/\/www.koonings.com\/de\/wp-json\/wp\/v2\/productcolor?post=108699"},{"taxonomy":"maat","embeddable":true,"href":"https:\/\/www.koonings.com\/de\/wp-json\/wp\/v2\/maat?post=108699"},{"taxonomy":"productsupplier","embeddable":true,"href":"https:\/\/www.koonings.com\/de\/wp-json\/wp\/v2\/productsupplier?post=108699"},{"taxonomy":"productsleeve","embeddable":true,"href":"https:\/\/www.koonings.com\/de\/wp-json\/wp\/v2\/productsleeve?post=108699"},{"taxonomy":"productcategory","embeddable":true,"href":"https:\/\/www.koonings.com\/de\/wp-json\/wp\/v2\/productcategory?post=108699"},{"taxonomy":"productsilhouette","embeddable":true,"href":"https:\/\/www.koonings.com\/de\/wp-json\/wp\/v2\/productsilhouette?post=108699"},{"taxonomy":"productstyle","embeddable":true,"href":"https:\/\/www.koonings.com\/de\/wp-json\/wp\/v2\/productstyle?post=108699"}],"curies":[{"name":"wp","href":"https:\/\/api.w.org\/{rel}","templated":true}]}}