{"id":108694,"date":"2026-04-14T16:36:33","date_gmt":"2026-04-14T14:36:33","guid":{"rendered":"https:\/\/www.koonings.com\/product\/le-papillon-von-modeca-hailey\/"},"modified":"2026-04-14T15:36:32","modified_gmt":"2026-04-14T13:36:32","slug":"le-papillon-von-modeca-hailey","status":"publish","type":"product","link":"https:\/\/www.koonings.com\/de\/product\/le-papillon-von-modeca-hailey\/","title":{"rendered":"Le Papillon von Modeca Hailey"},"content":{"rendered":"<p>Machen Sie einen unvergesslichen Auftritt in diesem strahlenden A-Linien-Kleid, das aus glitzerndem T\u00fcll gefertigt ist und mit einem verf\u00fchrerischen Schlitz versehen ist, der ihm einen modernen Twist verleiht. Das Mieder ist mit perlenbesetzter Spitze verziert, die zusammen mit den zarten, perlenbesetzten Tr\u00e4gern f\u00fcr einen romantischen und glamour\u00f6sen Look sorgt. <\/p>\n<p>Dieses atemberaubende Design ist Teil der Le Papillon by Modeca Kollektion und bei Koonings erh\u00e4ltlich.<\/p>\n","protected":false},"featured_media":96708,"template":"","meta":{"_acf_changed":false,"ghostkit_customizer_options":"","ghostkit_custom_css":"","ghostkit_custom_js_head":"","ghostkit_custom_js_foot":"","ghostkit_typography":""},"productdetails":[378,381],"productneck":[356],"productcolor":[392],"maat":[],"productsupplier":[411],"productsleeve":[359],"productcategory":[18],"productsilhouette":[384],"productstyle":[366,370],"class_list":["post-108694","product","type-product","status-publish","has-post-thumbnail","hentry","productdetails-378","productdetails-381","productneck-356","productcolor-392","productsupplier-le-papillon-by-modeca","productsleeve-359","productcategory-trouwjurken","productsilhouette-384","productstyle-366","productstyle-370"],"acf":[],"yoast_head":"<!-- This site is optimized with the Yoast SEO plugin v27.3 - https:\/\/yoast.com\/product\/yoast-seo-wordpress\/ -->\n<title>Le Papillon von Modeca Hailey | Koonings<\/title>\n<meta name=\"description\" content=\"Machen Sie einen unvergesslichen Auftritt in diesem strahlenden A-Linien-Kleid, das aus glitzerndem T\u00fcll gefertigt ist und mit einem verf\u00fchrerischen Schlitz einen modernen Twist bietet. Das Mieder ist mit perlenbesetzter Spitze verziert, die zusammen mit den zarten, perlenbesetzten Tr\u00e4gern f\u00fcr einen romantischen und glamour\u00f6sen Look sorgt. Dieses atemberaubende Design ist Teil der Le Papillon by Modeca Kollektion und bei Koonings erh\u00e4ltlich.\" \/>\n<meta name=\"robots\" content=\"index, follow, max-snippet:-1, max-image-preview:large, max-video-preview:-1\" \/>\n<link rel=\"canonical\" href=\"https:\/\/www.koonings.com\/de\/product\/le-papillon-von-modeca-hailey\/\" \/>\n<meta property=\"og:locale\" content=\"de_DE\" \/>\n<meta property=\"og:type\" content=\"article\" \/>\n<meta property=\"og:title\" content=\"Le Papillon von Modeca Hailey | Koonings\" \/>\n<meta property=\"og:description\" content=\"Machen Sie einen unvergesslichen Auftritt in diesem strahlenden A-Linien-Kleid, das aus glitzerndem T\u00fcll gefertigt ist und mit einem verf\u00fchrerischen Schlitz einen modernen Twist bietet. Das Mieder ist mit perlenbesetzter Spitze verziert, die zusammen mit den zarten, perlenbesetzten Tr\u00e4gern f\u00fcr einen romantischen und glamour\u00f6sen Look sorgt. Dieses atemberaubende Design ist Teil der Le Papillon by Modeca Kollektion und bei Koonings erh\u00e4ltlich.\" \/>\n<meta property=\"og:url\" content=\"https:\/\/www.koonings.com\/de\/product\/le-papillon-von-modeca-hailey\/\" \/>\n<meta property=\"og:site_name\" content=\"Koonings\" \/>\n<meta property=\"article:publisher\" content=\"https:\/\/www.facebook.com\/kooningstheweddingpalace\" \/>\n<meta property=\"og:image\" content=\"https:\/\/www.koonings.com\/wp-content\/uploads\/2025\/09\/51079_60cc9b1cf44bd170c977759a803607dd951ef48e48c14425ff2015c67e26d8aa6cab3853.jpeg\" \/>\n\t<meta property=\"og:image:width\" content=\"1563\" \/>\n\t<meta property=\"og:image:height\" content=\"2209\" \/>\n\t<meta property=\"og:image:type\" content=\"image\/jpeg\" \/>\n<meta name=\"twitter:card\" content=\"summary_large_image\" \/>\n<script type=\"application\/ld+json\" class=\"yoast-schema-graph\">{\"@context\":\"https:\\\/\\\/schema.org\",\"@graph\":[{\"@type\":\"WebPage\",\"@id\":\"https:\\\/\\\/www.koonings.com\\\/de\\\/product\\\/le-papillon-von-modeca-hailey\\\/\",\"url\":\"https:\\\/\\\/www.koonings.com\\\/de\\\/product\\\/le-papillon-von-modeca-hailey\\\/\",\"name\":\"Le Papillon von Modeca Hailey | Koonings\",\"isPartOf\":{\"@id\":\"https:\\\/\\\/www.koonings.com\\\/de\\\/#website\"},\"primaryImageOfPage\":{\"@id\":\"https:\\\/\\\/www.koonings.com\\\/de\\\/product\\\/le-papillon-von-modeca-hailey\\\/#primaryimage\"},\"image\":{\"@id\":\"https:\\\/\\\/www.koonings.com\\\/de\\\/product\\\/le-papillon-von-modeca-hailey\\\/#primaryimage\"},\"thumbnailUrl\":\"https:\\\/\\\/www.koonings.com\\\/wp-content\\\/uploads\\\/2025\\\/09\\\/51079_60cc9b1cf44bd170c977759a803607dd951ef48e48c14425ff2015c67e26d8aa6cab3853.jpeg\",\"datePublished\":\"2026-04-14T14:36:33+00:00\",\"description\":\"Machen Sie einen unvergesslichen Auftritt in diesem strahlenden A-Linien-Kleid, das aus glitzerndem T\u00fcll gefertigt ist und mit einem verf\u00fchrerischen Schlitz einen modernen Twist bietet. Das Mieder ist mit perlenbesetzter Spitze verziert, die zusammen mit den zarten, perlenbesetzten Tr\u00e4gern f\u00fcr einen romantischen und glamour\u00f6sen Look sorgt. Dieses atemberaubende Design ist Teil der Le Papillon by Modeca Kollektion und bei Koonings erh\u00e4ltlich.\",\"breadcrumb\":{\"@id\":\"https:\\\/\\\/www.koonings.com\\\/de\\\/product\\\/le-papillon-von-modeca-hailey\\\/#breadcrumb\"},\"inLanguage\":\"de\",\"potentialAction\":[{\"@type\":\"ReadAction\",\"target\":[\"https:\\\/\\\/www.koonings.com\\\/de\\\/product\\\/le-papillon-von-modeca-hailey\\\/\"]}]},{\"@type\":\"ImageObject\",\"inLanguage\":\"de\",\"@id\":\"https:\\\/\\\/www.koonings.com\\\/de\\\/product\\\/le-papillon-von-modeca-hailey\\\/#primaryimage\",\"url\":\"https:\\\/\\\/www.koonings.com\\\/wp-content\\\/uploads\\\/2025\\\/09\\\/51079_60cc9b1cf44bd170c977759a803607dd951ef48e48c14425ff2015c67e26d8aa6cab3853.jpeg\",\"contentUrl\":\"https:\\\/\\\/www.koonings.com\\\/wp-content\\\/uploads\\\/2025\\\/09\\\/51079_60cc9b1cf44bd170c977759a803607dd951ef48e48c14425ff2015c67e26d8aa6cab3853.jpeg\",\"width\":1563,\"height\":2209},{\"@type\":\"BreadcrumbList\",\"@id\":\"https:\\\/\\\/www.koonings.com\\\/de\\\/product\\\/le-papillon-von-modeca-hailey\\\/#breadcrumb\",\"itemListElement\":[{\"@type\":\"ListItem\",\"position\":1,\"name\":\"Home\",\"item\":\"https:\\\/\\\/www.koonings.com\\\/de\\\/\"},{\"@type\":\"ListItem\",\"position\":2,\"name\":\"Le Papillon von Modeca Hailey\"}]},{\"@type\":\"WebSite\",\"@id\":\"https:\\\/\\\/www.koonings.com\\\/de\\\/#website\",\"url\":\"https:\\\/\\\/www.koonings.com\\\/de\\\/\",\"name\":\"Koonings\",\"description\":\"De grootste bruidsmodewinkel ter wereld\",\"publisher\":{\"@id\":\"https:\\\/\\\/www.koonings.com\\\/de\\\/#organization\"},\"potentialAction\":[{\"@type\":\"SearchAction\",\"target\":{\"@type\":\"EntryPoint\",\"urlTemplate\":\"https:\\\/\\\/www.koonings.com\\\/de\\\/?s={search_term_string}\"},\"query-input\":{\"@type\":\"PropertyValueSpecification\",\"valueRequired\":true,\"valueName\":\"search_term_string\"}}],\"inLanguage\":\"de\"},{\"@type\":\"Organization\",\"@id\":\"https:\\\/\\\/www.koonings.com\\\/de\\\/#organization\",\"name\":\"Koonings\",\"url\":\"https:\\\/\\\/www.koonings.com\\\/de\\\/\",\"logo\":{\"@type\":\"ImageObject\",\"inLanguage\":\"de\",\"@id\":\"https:\\\/\\\/www.koonings.com\\\/de\\\/#\\\/schema\\\/logo\\\/image\\\/\",\"url\":\"https:\\\/\\\/www.koonings.com\\\/wp-content\\\/uploads\\\/2024\\\/07\\\/logo.png\",\"contentUrl\":\"https:\\\/\\\/www.koonings.com\\\/wp-content\\\/uploads\\\/2024\\\/07\\\/logo.png\",\"width\":600,\"height\":428,\"caption\":\"Koonings\"},\"image\":{\"@id\":\"https:\\\/\\\/www.koonings.com\\\/de\\\/#\\\/schema\\\/logo\\\/image\\\/\"},\"sameAs\":[\"https:\\\/\\\/www.facebook.com\\\/kooningstheweddingpalace\",\"https:\\\/\\\/www.instagram.com\\\/kooningstheweddingpalace\",\"https:\\\/\\\/www.pinterest.com\\\/koonings\",\"https:\\\/\\\/www.youtube.com\\\/kooningstheweddingpalace\"]}]}<\/script>\n<!-- \/ Yoast SEO plugin. -->","yoast_head_json":{"title":"Le Papillon von Modeca Hailey | Koonings","description":"Machen Sie einen unvergesslichen Auftritt in diesem strahlenden A-Linien-Kleid, das aus glitzerndem T\u00fcll gefertigt ist und mit einem verf\u00fchrerischen Schlitz einen modernen Twist bietet. Das Mieder ist mit perlenbesetzter Spitze verziert, die zusammen mit den zarten, perlenbesetzten Tr\u00e4gern f\u00fcr einen romantischen und glamour\u00f6sen Look sorgt. Dieses atemberaubende Design ist Teil der Le Papillon by Modeca Kollektion und bei Koonings erh\u00e4ltlich.","robots":{"index":"index","follow":"follow","max-snippet":"max-snippet:-1","max-image-preview":"max-image-preview:large","max-video-preview":"max-video-preview:-1"},"canonical":"https:\/\/www.koonings.com\/de\/product\/le-papillon-von-modeca-hailey\/","og_locale":"de_DE","og_type":"article","og_title":"Le Papillon von Modeca Hailey | Koonings","og_description":"Machen Sie einen unvergesslichen Auftritt in diesem strahlenden A-Linien-Kleid, das aus glitzerndem T\u00fcll gefertigt ist und mit einem verf\u00fchrerischen Schlitz einen modernen Twist bietet. Das Mieder ist mit perlenbesetzter Spitze verziert, die zusammen mit den zarten, perlenbesetzten Tr\u00e4gern f\u00fcr einen romantischen und glamour\u00f6sen Look sorgt. Dieses atemberaubende Design ist Teil der Le Papillon by Modeca Kollektion und bei Koonings erh\u00e4ltlich.","og_url":"https:\/\/www.koonings.com\/de\/product\/le-papillon-von-modeca-hailey\/","og_site_name":"Koonings","article_publisher":"https:\/\/www.facebook.com\/kooningstheweddingpalace","og_image":[{"width":1563,"height":2209,"url":"https:\/\/www.koonings.com\/wp-content\/uploads\/2025\/09\/51079_60cc9b1cf44bd170c977759a803607dd951ef48e48c14425ff2015c67e26d8aa6cab3853.jpeg","type":"image\/jpeg"}],"twitter_card":"summary_large_image","schema":{"@context":"https:\/\/schema.org","@graph":[{"@type":"WebPage","@id":"https:\/\/www.koonings.com\/de\/product\/le-papillon-von-modeca-hailey\/","url":"https:\/\/www.koonings.com\/de\/product\/le-papillon-von-modeca-hailey\/","name":"Le Papillon von Modeca Hailey | Koonings","isPartOf":{"@id":"https:\/\/www.koonings.com\/de\/#website"},"primaryImageOfPage":{"@id":"https:\/\/www.koonings.com\/de\/product\/le-papillon-von-modeca-hailey\/#primaryimage"},"image":{"@id":"https:\/\/www.koonings.com\/de\/product\/le-papillon-von-modeca-hailey\/#primaryimage"},"thumbnailUrl":"https:\/\/www.koonings.com\/wp-content\/uploads\/2025\/09\/51079_60cc9b1cf44bd170c977759a803607dd951ef48e48c14425ff2015c67e26d8aa6cab3853.jpeg","datePublished":"2026-04-14T14:36:33+00:00","description":"Machen Sie einen unvergesslichen Auftritt in diesem strahlenden A-Linien-Kleid, das aus glitzerndem T\u00fcll gefertigt ist und mit einem verf\u00fchrerischen Schlitz einen modernen Twist bietet. Das Mieder ist mit perlenbesetzter Spitze verziert, die zusammen mit den zarten, perlenbesetzten Tr\u00e4gern f\u00fcr einen romantischen und glamour\u00f6sen Look sorgt. Dieses atemberaubende Design ist Teil der Le Papillon by Modeca Kollektion und bei Koonings erh\u00e4ltlich.","breadcrumb":{"@id":"https:\/\/www.koonings.com\/de\/product\/le-papillon-von-modeca-hailey\/#breadcrumb"},"inLanguage":"de","potentialAction":[{"@type":"ReadAction","target":["https:\/\/www.koonings.com\/de\/product\/le-papillon-von-modeca-hailey\/"]}]},{"@type":"ImageObject","inLanguage":"de","@id":"https:\/\/www.koonings.com\/de\/product\/le-papillon-von-modeca-hailey\/#primaryimage","url":"https:\/\/www.koonings.com\/wp-content\/uploads\/2025\/09\/51079_60cc9b1cf44bd170c977759a803607dd951ef48e48c14425ff2015c67e26d8aa6cab3853.jpeg","contentUrl":"https:\/\/www.koonings.com\/wp-content\/uploads\/2025\/09\/51079_60cc9b1cf44bd170c977759a803607dd951ef48e48c14425ff2015c67e26d8aa6cab3853.jpeg","width":1563,"height":2209},{"@type":"BreadcrumbList","@id":"https:\/\/www.koonings.com\/de\/product\/le-papillon-von-modeca-hailey\/#breadcrumb","itemListElement":[{"@type":"ListItem","position":1,"name":"Home","item":"https:\/\/www.koonings.com\/de\/"},{"@type":"ListItem","position":2,"name":"Le Papillon von Modeca Hailey"}]},{"@type":"WebSite","@id":"https:\/\/www.koonings.com\/de\/#website","url":"https:\/\/www.koonings.com\/de\/","name":"Koonings","description":"De grootste bruidsmodewinkel ter wereld","publisher":{"@id":"https:\/\/www.koonings.com\/de\/#organization"},"potentialAction":[{"@type":"SearchAction","target":{"@type":"EntryPoint","urlTemplate":"https:\/\/www.koonings.com\/de\/?s={search_term_string}"},"query-input":{"@type":"PropertyValueSpecification","valueRequired":true,"valueName":"search_term_string"}}],"inLanguage":"de"},{"@type":"Organization","@id":"https:\/\/www.koonings.com\/de\/#organization","name":"Koonings","url":"https:\/\/www.koonings.com\/de\/","logo":{"@type":"ImageObject","inLanguage":"de","@id":"https:\/\/www.koonings.com\/de\/#\/schema\/logo\/image\/","url":"https:\/\/www.koonings.com\/wp-content\/uploads\/2024\/07\/logo.png","contentUrl":"https:\/\/www.koonings.com\/wp-content\/uploads\/2024\/07\/logo.png","width":600,"height":428,"caption":"Koonings"},"image":{"@id":"https:\/\/www.koonings.com\/de\/#\/schema\/logo\/image\/"},"sameAs":["https:\/\/www.facebook.com\/kooningstheweddingpalace","https:\/\/www.instagram.com\/kooningstheweddingpalace","https:\/\/www.pinterest.com\/koonings","https:\/\/www.youtube.com\/kooningstheweddingpalace"]}]}},"_links":{"self":[{"href":"https:\/\/www.koonings.com\/de\/wp-json\/wp\/v2\/product\/108694","targetHints":{"allow":["GET"]}}],"collection":[{"href":"https:\/\/www.koonings.com\/de\/wp-json\/wp\/v2\/product"}],"about":[{"href":"https:\/\/www.koonings.com\/de\/wp-json\/wp\/v2\/types\/product"}],"wp:featuredmedia":[{"embeddable":true,"href":"https:\/\/www.koonings.com\/de\/wp-json\/wp\/v2\/media\/96708"}],"wp:attachment":[{"href":"https:\/\/www.koonings.com\/de\/wp-json\/wp\/v2\/media?parent=108694"}],"wp:term":[{"taxonomy":"productdetails","embeddable":true,"href":"https:\/\/www.koonings.com\/de\/wp-json\/wp\/v2\/productdetails?post=108694"},{"taxonomy":"productneck","embeddable":true,"href":"https:\/\/www.koonings.com\/de\/wp-json\/wp\/v2\/productneck?post=108694"},{"taxonomy":"productcolor","embeddable":true,"href":"https:\/\/www.koonings.com\/de\/wp-json\/wp\/v2\/productcolor?post=108694"},{"taxonomy":"maat","embeddable":true,"href":"https:\/\/www.koonings.com\/de\/wp-json\/wp\/v2\/maat?post=108694"},{"taxonomy":"productsupplier","embeddable":true,"href":"https:\/\/www.koonings.com\/de\/wp-json\/wp\/v2\/productsupplier?post=108694"},{"taxonomy":"productsleeve","embeddable":true,"href":"https:\/\/www.koonings.com\/de\/wp-json\/wp\/v2\/productsleeve?post=108694"},{"taxonomy":"productcategory","embeddable":true,"href":"https:\/\/www.koonings.com\/de\/wp-json\/wp\/v2\/productcategory?post=108694"},{"taxonomy":"productsilhouette","embeddable":true,"href":"https:\/\/www.koonings.com\/de\/wp-json\/wp\/v2\/productsilhouette?post=108694"},{"taxonomy":"productstyle","embeddable":true,"href":"https:\/\/www.koonings.com\/de\/wp-json\/wp\/v2\/productstyle?post=108694"}],"curies":[{"name":"wp","href":"https:\/\/api.w.org\/{rel}","templated":true}]}}