{"id":108673,"date":"2026-04-14T16:36:24","date_gmt":"2026-04-14T14:36:24","guid":{"rendered":"https:\/\/www.koonings.com\/product\/herve-paris-nathalie\/"},"modified":"2026-04-14T15:36:25","modified_gmt":"2026-04-14T13:36:25","slug":"herve-paris-nathalie","status":"publish","type":"product","link":"https:\/\/www.koonings.com\/de\/product\/herve-paris-nathalie\/","title":{"rendered":"Herve Paris Nathalie"},"content":{"rendered":"<p>Nathalie ist ein raffiniert geschnittenes Kleid aus glattem Satin. Der herzf\u00f6rmige Ausschnitt und die kapellenlange Schleppe sorgen f\u00fcr zeitlose Eleganz, w\u00e4hrend zarte Drapierungen an der Taille einen modernen, schmeichelhaften Touch verleihen. Entworfen f\u00fcr die moderne Braut, die einen minimalistischen und dennoch romantischen Look sucht. Aus der Kollektion von Herv\u00e9 Paris.   <\/p>\n","protected":false},"featured_media":108675,"template":"","meta":{"_acf_changed":false,"ghostkit_customizer_options":"","ghostkit_custom_css":"","ghostkit_custom_js_head":"","ghostkit_custom_js_foot":"","ghostkit_typography":""},"productdetails":[],"productneck":[354,355],"productcolor":[392],"maat":[],"productsupplier":[424],"productsleeve":[],"productcategory":[18],"productsilhouette":[387],"productstyle":[365,371],"class_list":["post-108673","product","type-product","status-publish","has-post-thumbnail","hentry","productneck-354","productneck-355","productcolor-392","productsupplier-herve-paris","productcategory-trouwjurken","productsilhouette-387","productstyle-365","productstyle-371"],"acf":[],"yoast_head":"<!-- This site is optimized with the Yoast SEO plugin v27.3 - https:\/\/yoast.com\/product\/yoast-seo-wordpress\/ -->\n<title>Herve Paris Nathalie | Koonings<\/title>\n<meta name=\"description\" content=\"Nathalie ist ein raffiniert geschnittenes Kleid aus glattem Satin. Der herzf\u00f6rmige Ausschnitt und die kapellenlange Schleppe sorgen f\u00fcr zeitlose Eleganz, w\u00e4hrend zarte Drapierungen an der Taille einen modernen, schmeichelhaften Touch verleihen. Entworfen f\u00fcr die moderne Braut, die einen minimalistischen und dennoch romantischen Look sucht. Aus der Kollektion von Herv\u00e9 Paris.\" \/>\n<meta name=\"robots\" content=\"index, follow, max-snippet:-1, max-image-preview:large, max-video-preview:-1\" \/>\n<link rel=\"canonical\" href=\"https:\/\/www.koonings.com\/de\/product\/herve-paris-nathalie\/\" \/>\n<meta property=\"og:locale\" content=\"de_DE\" \/>\n<meta property=\"og:type\" content=\"article\" \/>\n<meta property=\"og:title\" content=\"Herve Paris Nathalie | Koonings\" \/>\n<meta property=\"og:description\" content=\"Nathalie ist ein raffiniert geschnittenes Kleid aus glattem Satin. Der herzf\u00f6rmige Ausschnitt und die kapellenlange Schleppe sorgen f\u00fcr zeitlose Eleganz, w\u00e4hrend zarte Drapierungen an der Taille einen modernen, schmeichelhaften Touch verleihen. Entworfen f\u00fcr die moderne Braut, die einen minimalistischen und dennoch romantischen Look sucht. Aus der Kollektion von Herv\u00e9 Paris.\" \/>\n<meta property=\"og:url\" content=\"https:\/\/www.koonings.com\/de\/product\/herve-paris-nathalie\/\" \/>\n<meta property=\"og:site_name\" content=\"Koonings\" \/>\n<meta property=\"article:publisher\" content=\"https:\/\/www.facebook.com\/kooningstheweddingpalace\" \/>\n<meta property=\"og:image\" content=\"https:\/\/www.koonings.com\/wp-content\/uploads\/2025\/11\/51056_98fc0b1f7ccf19c223901e26e517f5ff6986ecabf7561b2d2df8310022d90f7cc3bc8616.jpeg\" \/>\n\t<meta property=\"og:image:width\" content=\"1363\" \/>\n\t<meta property=\"og:image:height\" content=\"1926\" \/>\n\t<meta property=\"og:image:type\" content=\"image\/jpeg\" \/>\n<meta name=\"twitter:card\" content=\"summary_large_image\" \/>\n<script type=\"application\/ld+json\" class=\"yoast-schema-graph\">{\"@context\":\"https:\\\/\\\/schema.org\",\"@graph\":[{\"@type\":\"WebPage\",\"@id\":\"https:\\\/\\\/www.koonings.com\\\/de\\\/product\\\/herve-paris-nathalie\\\/\",\"url\":\"https:\\\/\\\/www.koonings.com\\\/de\\\/product\\\/herve-paris-nathalie\\\/\",\"name\":\"Herve Paris Nathalie | Koonings\",\"isPartOf\":{\"@id\":\"https:\\\/\\\/www.koonings.com\\\/de\\\/#website\"},\"primaryImageOfPage\":{\"@id\":\"https:\\\/\\\/www.koonings.com\\\/de\\\/product\\\/herve-paris-nathalie\\\/#primaryimage\"},\"image\":{\"@id\":\"https:\\\/\\\/www.koonings.com\\\/de\\\/product\\\/herve-paris-nathalie\\\/#primaryimage\"},\"thumbnailUrl\":\"https:\\\/\\\/www.koonings.com\\\/wp-content\\\/uploads\\\/2025\\\/11\\\/51056_98fc0b1f7ccf19c223901e26e517f5ff6986ecabf7561b2d2df8310022d90f7cc3bc8616.jpeg\",\"datePublished\":\"2026-04-14T14:36:24+00:00\",\"description\":\"Nathalie ist ein raffiniert geschnittenes Kleid aus glattem Satin. Der herzf\u00f6rmige Ausschnitt und die kapellenlange Schleppe sorgen f\u00fcr zeitlose Eleganz, w\u00e4hrend zarte Drapierungen an der Taille einen modernen, schmeichelhaften Touch verleihen. Entworfen f\u00fcr die moderne Braut, die einen minimalistischen und dennoch romantischen Look sucht. Aus der Kollektion von Herv\u00e9 Paris.\",\"breadcrumb\":{\"@id\":\"https:\\\/\\\/www.koonings.com\\\/de\\\/product\\\/herve-paris-nathalie\\\/#breadcrumb\"},\"inLanguage\":\"de\",\"potentialAction\":[{\"@type\":\"ReadAction\",\"target\":[\"https:\\\/\\\/www.koonings.com\\\/de\\\/product\\\/herve-paris-nathalie\\\/\"]}]},{\"@type\":\"ImageObject\",\"inLanguage\":\"de\",\"@id\":\"https:\\\/\\\/www.koonings.com\\\/de\\\/product\\\/herve-paris-nathalie\\\/#primaryimage\",\"url\":\"https:\\\/\\\/www.koonings.com\\\/wp-content\\\/uploads\\\/2025\\\/11\\\/51056_98fc0b1f7ccf19c223901e26e517f5ff6986ecabf7561b2d2df8310022d90f7cc3bc8616.jpeg\",\"contentUrl\":\"https:\\\/\\\/www.koonings.com\\\/wp-content\\\/uploads\\\/2025\\\/11\\\/51056_98fc0b1f7ccf19c223901e26e517f5ff6986ecabf7561b2d2df8310022d90f7cc3bc8616.jpeg\",\"width\":1363,\"height\":1926},{\"@type\":\"BreadcrumbList\",\"@id\":\"https:\\\/\\\/www.koonings.com\\\/de\\\/product\\\/herve-paris-nathalie\\\/#breadcrumb\",\"itemListElement\":[{\"@type\":\"ListItem\",\"position\":1,\"name\":\"Home\",\"item\":\"https:\\\/\\\/www.koonings.com\\\/de\\\/\"},{\"@type\":\"ListItem\",\"position\":2,\"name\":\"Herve Paris Nathalie\"}]},{\"@type\":\"WebSite\",\"@id\":\"https:\\\/\\\/www.koonings.com\\\/de\\\/#website\",\"url\":\"https:\\\/\\\/www.koonings.com\\\/de\\\/\",\"name\":\"Koonings\",\"description\":\"De grootste bruidsmodewinkel ter wereld\",\"publisher\":{\"@id\":\"https:\\\/\\\/www.koonings.com\\\/de\\\/#organization\"},\"potentialAction\":[{\"@type\":\"SearchAction\",\"target\":{\"@type\":\"EntryPoint\",\"urlTemplate\":\"https:\\\/\\\/www.koonings.com\\\/de\\\/?s={search_term_string}\"},\"query-input\":{\"@type\":\"PropertyValueSpecification\",\"valueRequired\":true,\"valueName\":\"search_term_string\"}}],\"inLanguage\":\"de\"},{\"@type\":\"Organization\",\"@id\":\"https:\\\/\\\/www.koonings.com\\\/de\\\/#organization\",\"name\":\"Koonings\",\"url\":\"https:\\\/\\\/www.koonings.com\\\/de\\\/\",\"logo\":{\"@type\":\"ImageObject\",\"inLanguage\":\"de\",\"@id\":\"https:\\\/\\\/www.koonings.com\\\/de\\\/#\\\/schema\\\/logo\\\/image\\\/\",\"url\":\"https:\\\/\\\/www.koonings.com\\\/wp-content\\\/uploads\\\/2024\\\/07\\\/logo.png\",\"contentUrl\":\"https:\\\/\\\/www.koonings.com\\\/wp-content\\\/uploads\\\/2024\\\/07\\\/logo.png\",\"width\":600,\"height\":428,\"caption\":\"Koonings\"},\"image\":{\"@id\":\"https:\\\/\\\/www.koonings.com\\\/de\\\/#\\\/schema\\\/logo\\\/image\\\/\"},\"sameAs\":[\"https:\\\/\\\/www.facebook.com\\\/kooningstheweddingpalace\",\"https:\\\/\\\/www.instagram.com\\\/kooningstheweddingpalace\",\"https:\\\/\\\/www.pinterest.com\\\/koonings\",\"https:\\\/\\\/www.youtube.com\\\/kooningstheweddingpalace\"]}]}<\/script>\n<!-- \/ Yoast SEO plugin. -->","yoast_head_json":{"title":"Herve Paris Nathalie | Koonings","description":"Nathalie ist ein raffiniert geschnittenes Kleid aus glattem Satin. Der herzf\u00f6rmige Ausschnitt und die kapellenlange Schleppe sorgen f\u00fcr zeitlose Eleganz, w\u00e4hrend zarte Drapierungen an der Taille einen modernen, schmeichelhaften Touch verleihen. Entworfen f\u00fcr die moderne Braut, die einen minimalistischen und dennoch romantischen Look sucht. Aus der Kollektion von Herv\u00e9 Paris.","robots":{"index":"index","follow":"follow","max-snippet":"max-snippet:-1","max-image-preview":"max-image-preview:large","max-video-preview":"max-video-preview:-1"},"canonical":"https:\/\/www.koonings.com\/de\/product\/herve-paris-nathalie\/","og_locale":"de_DE","og_type":"article","og_title":"Herve Paris Nathalie | Koonings","og_description":"Nathalie ist ein raffiniert geschnittenes Kleid aus glattem Satin. Der herzf\u00f6rmige Ausschnitt und die kapellenlange Schleppe sorgen f\u00fcr zeitlose Eleganz, w\u00e4hrend zarte Drapierungen an der Taille einen modernen, schmeichelhaften Touch verleihen. Entworfen f\u00fcr die moderne Braut, die einen minimalistischen und dennoch romantischen Look sucht. Aus der Kollektion von Herv\u00e9 Paris.","og_url":"https:\/\/www.koonings.com\/de\/product\/herve-paris-nathalie\/","og_site_name":"Koonings","article_publisher":"https:\/\/www.facebook.com\/kooningstheweddingpalace","og_image":[{"width":1363,"height":1926,"url":"https:\/\/www.koonings.com\/wp-content\/uploads\/2025\/11\/51056_98fc0b1f7ccf19c223901e26e517f5ff6986ecabf7561b2d2df8310022d90f7cc3bc8616.jpeg","type":"image\/jpeg"}],"twitter_card":"summary_large_image","schema":{"@context":"https:\/\/schema.org","@graph":[{"@type":"WebPage","@id":"https:\/\/www.koonings.com\/de\/product\/herve-paris-nathalie\/","url":"https:\/\/www.koonings.com\/de\/product\/herve-paris-nathalie\/","name":"Herve Paris Nathalie | Koonings","isPartOf":{"@id":"https:\/\/www.koonings.com\/de\/#website"},"primaryImageOfPage":{"@id":"https:\/\/www.koonings.com\/de\/product\/herve-paris-nathalie\/#primaryimage"},"image":{"@id":"https:\/\/www.koonings.com\/de\/product\/herve-paris-nathalie\/#primaryimage"},"thumbnailUrl":"https:\/\/www.koonings.com\/wp-content\/uploads\/2025\/11\/51056_98fc0b1f7ccf19c223901e26e517f5ff6986ecabf7561b2d2df8310022d90f7cc3bc8616.jpeg","datePublished":"2026-04-14T14:36:24+00:00","description":"Nathalie ist ein raffiniert geschnittenes Kleid aus glattem Satin. Der herzf\u00f6rmige Ausschnitt und die kapellenlange Schleppe sorgen f\u00fcr zeitlose Eleganz, w\u00e4hrend zarte Drapierungen an der Taille einen modernen, schmeichelhaften Touch verleihen. Entworfen f\u00fcr die moderne Braut, die einen minimalistischen und dennoch romantischen Look sucht. Aus der Kollektion von Herv\u00e9 Paris.","breadcrumb":{"@id":"https:\/\/www.koonings.com\/de\/product\/herve-paris-nathalie\/#breadcrumb"},"inLanguage":"de","potentialAction":[{"@type":"ReadAction","target":["https:\/\/www.koonings.com\/de\/product\/herve-paris-nathalie\/"]}]},{"@type":"ImageObject","inLanguage":"de","@id":"https:\/\/www.koonings.com\/de\/product\/herve-paris-nathalie\/#primaryimage","url":"https:\/\/www.koonings.com\/wp-content\/uploads\/2025\/11\/51056_98fc0b1f7ccf19c223901e26e517f5ff6986ecabf7561b2d2df8310022d90f7cc3bc8616.jpeg","contentUrl":"https:\/\/www.koonings.com\/wp-content\/uploads\/2025\/11\/51056_98fc0b1f7ccf19c223901e26e517f5ff6986ecabf7561b2d2df8310022d90f7cc3bc8616.jpeg","width":1363,"height":1926},{"@type":"BreadcrumbList","@id":"https:\/\/www.koonings.com\/de\/product\/herve-paris-nathalie\/#breadcrumb","itemListElement":[{"@type":"ListItem","position":1,"name":"Home","item":"https:\/\/www.koonings.com\/de\/"},{"@type":"ListItem","position":2,"name":"Herve Paris Nathalie"}]},{"@type":"WebSite","@id":"https:\/\/www.koonings.com\/de\/#website","url":"https:\/\/www.koonings.com\/de\/","name":"Koonings","description":"De grootste bruidsmodewinkel ter wereld","publisher":{"@id":"https:\/\/www.koonings.com\/de\/#organization"},"potentialAction":[{"@type":"SearchAction","target":{"@type":"EntryPoint","urlTemplate":"https:\/\/www.koonings.com\/de\/?s={search_term_string}"},"query-input":{"@type":"PropertyValueSpecification","valueRequired":true,"valueName":"search_term_string"}}],"inLanguage":"de"},{"@type":"Organization","@id":"https:\/\/www.koonings.com\/de\/#organization","name":"Koonings","url":"https:\/\/www.koonings.com\/de\/","logo":{"@type":"ImageObject","inLanguage":"de","@id":"https:\/\/www.koonings.com\/de\/#\/schema\/logo\/image\/","url":"https:\/\/www.koonings.com\/wp-content\/uploads\/2024\/07\/logo.png","contentUrl":"https:\/\/www.koonings.com\/wp-content\/uploads\/2024\/07\/logo.png","width":600,"height":428,"caption":"Koonings"},"image":{"@id":"https:\/\/www.koonings.com\/de\/#\/schema\/logo\/image\/"},"sameAs":["https:\/\/www.facebook.com\/kooningstheweddingpalace","https:\/\/www.instagram.com\/kooningstheweddingpalace","https:\/\/www.pinterest.com\/koonings","https:\/\/www.youtube.com\/kooningstheweddingpalace"]}]}},"_links":{"self":[{"href":"https:\/\/www.koonings.com\/de\/wp-json\/wp\/v2\/product\/108673","targetHints":{"allow":["GET"]}}],"collection":[{"href":"https:\/\/www.koonings.com\/de\/wp-json\/wp\/v2\/product"}],"about":[{"href":"https:\/\/www.koonings.com\/de\/wp-json\/wp\/v2\/types\/product"}],"wp:featuredmedia":[{"embeddable":true,"href":"https:\/\/www.koonings.com\/de\/wp-json\/wp\/v2\/media\/108675"}],"wp:attachment":[{"href":"https:\/\/www.koonings.com\/de\/wp-json\/wp\/v2\/media?parent=108673"}],"wp:term":[{"taxonomy":"productdetails","embeddable":true,"href":"https:\/\/www.koonings.com\/de\/wp-json\/wp\/v2\/productdetails?post=108673"},{"taxonomy":"productneck","embeddable":true,"href":"https:\/\/www.koonings.com\/de\/wp-json\/wp\/v2\/productneck?post=108673"},{"taxonomy":"productcolor","embeddable":true,"href":"https:\/\/www.koonings.com\/de\/wp-json\/wp\/v2\/productcolor?post=108673"},{"taxonomy":"maat","embeddable":true,"href":"https:\/\/www.koonings.com\/de\/wp-json\/wp\/v2\/maat?post=108673"},{"taxonomy":"productsupplier","embeddable":true,"href":"https:\/\/www.koonings.com\/de\/wp-json\/wp\/v2\/productsupplier?post=108673"},{"taxonomy":"productsleeve","embeddable":true,"href":"https:\/\/www.koonings.com\/de\/wp-json\/wp\/v2\/productsleeve?post=108673"},{"taxonomy":"productcategory","embeddable":true,"href":"https:\/\/www.koonings.com\/de\/wp-json\/wp\/v2\/productcategory?post=108673"},{"taxonomy":"productsilhouette","embeddable":true,"href":"https:\/\/www.koonings.com\/de\/wp-json\/wp\/v2\/productsilhouette?post=108673"},{"taxonomy":"productstyle","embeddable":true,"href":"https:\/\/www.koonings.com\/de\/wp-json\/wp\/v2\/productstyle?post=108673"}],"curies":[{"name":"wp","href":"https:\/\/api.w.org\/{rel}","templated":true}]}}