{"id":108661,"date":"2026-04-14T16:36:04","date_gmt":"2026-04-14T14:36:04","guid":{"rendered":"https:\/\/www.koonings.com\/product\/poirier-kb-76050-ring-kissen-und-strumpfband\/"},"modified":"2026-04-14T15:45:38","modified_gmt":"2026-04-14T13:45:38","slug":"poirier-kb-76050-ring-kissen-und-strumpfband","status":"publish","type":"product","link":"https:\/\/www.koonings.com\/de\/product\/poirier-kb-76050-ring-kissen-und-strumpfband\/","title":{"rendered":"Poirier KB-76050 Ring-Kissen und Strumpfband"},"content":{"rendered":"<p>Set bestehend aus einem Ringkissen und einem Strumpfband, verziert mit feiner, elfenbeinfarbener Spitze, einer elfenbeinfarbenen Spitzenblume mit Bl\u00fctenbl\u00e4ttern und einer elfenbeinfarbenen Perle | GEM Collection | Rubia line<br \/>\nSet bestehend aus einem Ringkissen und einem Strumpfband aus der GEM Collection von Poirier.<br \/>\nDie Artikel aus der Rubia-Linie der GEM Collection sind aus feiner, elfenbeinfarbener Spitze gefertigt.<br \/>\nDas Ringkissen ist mit einem Muster aus feiner, elfenbeinfarbener Spitze, einer elfenbeinfarbenen Spitzenblume mit Bl\u00fctenbl\u00e4ttern und einer elfenbeinfarbenen Perle versehen. Au\u00dferdem hat dieses Ringkissen elfenbeinfarbene B\u00e4nder zum Befestigen der Eheringe.<br \/>\nDas passende Strumpfband ist mit feiner, elfenbeinfarbener Spitze verziert, hat aber auch eine elfenbeinfarbene Spitzenblume und Bl\u00fctenbl\u00e4tter mit einer elfenbeinfarbenen Perle. Dieses Strumpfband hat elfenbeinfarbene und blaue B\u00e4nder.<br \/>\nEtwas Altes. Etwas Neues. Etwas Geliehenes. Etwas Blaues.     <\/p>\n","protected":false},"featured_media":108662,"template":"","meta":{"_acf_changed":false,"ghostkit_customizer_options":"","ghostkit_custom_css":"","ghostkit_custom_js_head":"","ghostkit_custom_js_foot":"","ghostkit_typography":""},"productdetails":[],"productneck":[],"productcolor":[],"maat":[],"productsupplier":[416],"productsleeve":[],"productcategory":[509],"productsilhouette":[],"productstyle":[],"class_list":["post-108661","product","type-product","status-publish","has-post-thumbnail","hentry","productsupplier-poirier","productcategory-accessoires-bruid"],"acf":[],"yoast_head":"<!-- This site is optimized with the Yoast SEO plugin v27.3 - https:\/\/yoast.com\/product\/yoast-seo-wordpress\/ -->\n<title>Poirier KB-76050 Ring-Kissen und Strumpfband | Koonings<\/title>\n<meta name=\"description\" content=\"Set bestehend aus einem Ringkissen und einem Strumpfband, verziert mit feiner, elfenbeinfarbener Spitze, einer elfenbeinfarbenen Spitzenblume mit Bl\u00fctenbl\u00e4ttern und einer elfenbeinfarbenen Perle | GEM Collection | Rubia line Set bestehend aus einem Ringkissen und einem Strumpfband aus der GEM Collection von Poirier. Die Artikel aus der Rubia-Linie der GEM Collection sind aus feiner, elfenbeinfarbener Spitze gefertigt. Das Ringkissen ist mit einem Muster aus feiner, elfenbeinfarbener Spitze, einer elfenbeinfarbenen Spitzenblume mit Bl\u00fctenbl\u00e4ttern und einer elfenbeinfarbenen Perle versehen. Au\u00dferdem hat dieses Ringkissen elfenbeinfarbene B\u00e4nder zum Befestigen der Eheringe. Das passende Strumpfband ist mit feiner, elfenbeinfarbener Spitze verziert, hat aber auch eine elfenbeinfarbene Spitzenblume und Bl\u00fctenbl\u00e4tter mit einer elfenbeinfarbenen Perle. Dieses Strumpfband hat elfenbeinfarbene und blaue B\u00e4nder. Etwas Altes. Etwas Neues. Etwas Geliehenes. Etwas Blaues.\" \/>\n<meta name=\"robots\" content=\"index, follow, max-snippet:-1, max-image-preview:large, max-video-preview:-1\" \/>\n<link rel=\"canonical\" href=\"https:\/\/www.koonings.com\/de\/product\/poirier-kb-76050-ring-kissen-und-strumpfband\/\" \/>\n<meta property=\"og:locale\" content=\"de_DE\" \/>\n<meta property=\"og:type\" content=\"article\" \/>\n<meta property=\"og:title\" content=\"Poirier KB-76050 Ring-Kissen und Strumpfband | Koonings\" \/>\n<meta property=\"og:description\" content=\"Set bestehend aus einem Ringkissen und einem Strumpfband, verziert mit feiner, elfenbeinfarbener Spitze, einer elfenbeinfarbenen Spitzenblume mit Bl\u00fctenbl\u00e4ttern und einer elfenbeinfarbenen Perle | GEM Collection | Rubia line Set bestehend aus einem Ringkissen und einem Strumpfband aus der GEM Collection von Poirier. Die Artikel aus der Rubia-Linie der GEM Collection sind aus feiner, elfenbeinfarbener Spitze gefertigt. Das Ringkissen ist mit einem Muster aus feiner, elfenbeinfarbener Spitze, einer elfenbeinfarbenen Spitzenblume mit Bl\u00fctenbl\u00e4ttern und einer elfenbeinfarbenen Perle versehen. Au\u00dferdem hat dieses Ringkissen elfenbeinfarbene B\u00e4nder zum Befestigen der Eheringe. Das passende Strumpfband ist mit feiner, elfenbeinfarbener Spitze verziert, hat aber auch eine elfenbeinfarbene Spitzenblume und Bl\u00fctenbl\u00e4tter mit einer elfenbeinfarbenen Perle. Dieses Strumpfband hat elfenbeinfarbene und blaue B\u00e4nder. Etwas Altes. Etwas Neues. Etwas Geliehenes. Etwas Blaues.\" \/>\n<meta property=\"og:url\" content=\"https:\/\/www.koonings.com\/de\/product\/poirier-kb-76050-ring-kissen-und-strumpfband\/\" \/>\n<meta property=\"og:site_name\" content=\"Koonings\" \/>\n<meta property=\"article:publisher\" content=\"https:\/\/www.facebook.com\/kooningstheweddingpalace\" \/>\n<meta property=\"og:image\" content=\"https:\/\/www.koonings.com\/wp-content\/uploads\/2025\/12\/50822_fe2dfebf08dc96518c57ddcf99e62c8a1638a54d160fffcc331ca7f2df40e4875dd68678.jpeg\" \/>\n\t<meta property=\"og:image:width\" content=\"1734\" \/>\n\t<meta property=\"og:image:height\" content=\"2306\" \/>\n\t<meta property=\"og:image:type\" content=\"image\/jpeg\" \/>\n<meta name=\"twitter:card\" content=\"summary_large_image\" \/>\n<meta name=\"twitter:label1\" content=\"Gesch\u00e4tzte Lesezeit\" \/>\n\t<meta name=\"twitter:data1\" content=\"1\u00a0Minute\" \/>\n<script type=\"application\/ld+json\" class=\"yoast-schema-graph\">{\"@context\":\"https:\\\/\\\/schema.org\",\"@graph\":[{\"@type\":\"WebPage\",\"@id\":\"https:\\\/\\\/www.koonings.com\\\/de\\\/product\\\/poirier-kb-76050-ring-kissen-und-strumpfband\\\/\",\"url\":\"https:\\\/\\\/www.koonings.com\\\/de\\\/product\\\/poirier-kb-76050-ring-kissen-und-strumpfband\\\/\",\"name\":\"Poirier KB-76050 Ring-Kissen und Strumpfband | Koonings\",\"isPartOf\":{\"@id\":\"https:\\\/\\\/www.koonings.com\\\/de\\\/#website\"},\"primaryImageOfPage\":{\"@id\":\"https:\\\/\\\/www.koonings.com\\\/de\\\/product\\\/poirier-kb-76050-ring-kissen-und-strumpfband\\\/#primaryimage\"},\"image\":{\"@id\":\"https:\\\/\\\/www.koonings.com\\\/de\\\/product\\\/poirier-kb-76050-ring-kissen-und-strumpfband\\\/#primaryimage\"},\"thumbnailUrl\":\"https:\\\/\\\/www.koonings.com\\\/wp-content\\\/uploads\\\/2025\\\/12\\\/50822_fe2dfebf08dc96518c57ddcf99e62c8a1638a54d160fffcc331ca7f2df40e4875dd68678.jpeg\",\"datePublished\":\"2026-04-14T14:36:04+00:00\",\"description\":\"Set bestehend aus einem Ringkissen und einem Strumpfband, verziert mit feiner, elfenbeinfarbener Spitze, einer elfenbeinfarbenen Spitzenblume mit Bl\u00fctenbl\u00e4ttern und einer elfenbeinfarbenen Perle | GEM Collection | Rubia line Set bestehend aus einem Ringkissen und einem Strumpfband aus der GEM Collection von Poirier. Die Artikel aus der Rubia-Linie der GEM Collection sind aus feiner, elfenbeinfarbener Spitze gefertigt. Das Ringkissen ist mit einem Muster aus feiner, elfenbeinfarbener Spitze, einer elfenbeinfarbenen Spitzenblume mit Bl\u00fctenbl\u00e4ttern und einer elfenbeinfarbenen Perle versehen. Au\u00dferdem hat dieses Ringkissen elfenbeinfarbene B\u00e4nder zum Befestigen der Eheringe. Das passende Strumpfband ist mit feiner, elfenbeinfarbener Spitze verziert, hat aber auch eine elfenbeinfarbene Spitzenblume und Bl\u00fctenbl\u00e4tter mit einer elfenbeinfarbenen Perle. Dieses Strumpfband hat elfenbeinfarbene und blaue B\u00e4nder. Etwas Altes. Etwas Neues. Etwas Geliehenes. Etwas Blaues.\",\"breadcrumb\":{\"@id\":\"https:\\\/\\\/www.koonings.com\\\/de\\\/product\\\/poirier-kb-76050-ring-kissen-und-strumpfband\\\/#breadcrumb\"},\"inLanguage\":\"de\",\"potentialAction\":[{\"@type\":\"ReadAction\",\"target\":[\"https:\\\/\\\/www.koonings.com\\\/de\\\/product\\\/poirier-kb-76050-ring-kissen-und-strumpfband\\\/\"]}]},{\"@type\":\"ImageObject\",\"inLanguage\":\"de\",\"@id\":\"https:\\\/\\\/www.koonings.com\\\/de\\\/product\\\/poirier-kb-76050-ring-kissen-und-strumpfband\\\/#primaryimage\",\"url\":\"https:\\\/\\\/www.koonings.com\\\/wp-content\\\/uploads\\\/2025\\\/12\\\/50822_fe2dfebf08dc96518c57ddcf99e62c8a1638a54d160fffcc331ca7f2df40e4875dd68678.jpeg\",\"contentUrl\":\"https:\\\/\\\/www.koonings.com\\\/wp-content\\\/uploads\\\/2025\\\/12\\\/50822_fe2dfebf08dc96518c57ddcf99e62c8a1638a54d160fffcc331ca7f2df40e4875dd68678.jpeg\",\"width\":1734,\"height\":2306},{\"@type\":\"BreadcrumbList\",\"@id\":\"https:\\\/\\\/www.koonings.com\\\/de\\\/product\\\/poirier-kb-76050-ring-kissen-und-strumpfband\\\/#breadcrumb\",\"itemListElement\":[{\"@type\":\"ListItem\",\"position\":1,\"name\":\"Home\",\"item\":\"https:\\\/\\\/www.koonings.com\\\/de\\\/\"},{\"@type\":\"ListItem\",\"position\":2,\"name\":\"Poirier KB-76050 Ring-Kissen und Strumpfband\"}]},{\"@type\":\"WebSite\",\"@id\":\"https:\\\/\\\/www.koonings.com\\\/de\\\/#website\",\"url\":\"https:\\\/\\\/www.koonings.com\\\/de\\\/\",\"name\":\"Koonings\",\"description\":\"De grootste bruidsmodewinkel ter wereld\",\"publisher\":{\"@id\":\"https:\\\/\\\/www.koonings.com\\\/de\\\/#organization\"},\"potentialAction\":[{\"@type\":\"SearchAction\",\"target\":{\"@type\":\"EntryPoint\",\"urlTemplate\":\"https:\\\/\\\/www.koonings.com\\\/de\\\/?s={search_term_string}\"},\"query-input\":{\"@type\":\"PropertyValueSpecification\",\"valueRequired\":true,\"valueName\":\"search_term_string\"}}],\"inLanguage\":\"de\"},{\"@type\":\"Organization\",\"@id\":\"https:\\\/\\\/www.koonings.com\\\/de\\\/#organization\",\"name\":\"Koonings\",\"url\":\"https:\\\/\\\/www.koonings.com\\\/de\\\/\",\"logo\":{\"@type\":\"ImageObject\",\"inLanguage\":\"de\",\"@id\":\"https:\\\/\\\/www.koonings.com\\\/de\\\/#\\\/schema\\\/logo\\\/image\\\/\",\"url\":\"https:\\\/\\\/www.koonings.com\\\/wp-content\\\/uploads\\\/2024\\\/07\\\/logo.png\",\"contentUrl\":\"https:\\\/\\\/www.koonings.com\\\/wp-content\\\/uploads\\\/2024\\\/07\\\/logo.png\",\"width\":600,\"height\":428,\"caption\":\"Koonings\"},\"image\":{\"@id\":\"https:\\\/\\\/www.koonings.com\\\/de\\\/#\\\/schema\\\/logo\\\/image\\\/\"},\"sameAs\":[\"https:\\\/\\\/www.facebook.com\\\/kooningstheweddingpalace\",\"https:\\\/\\\/www.instagram.com\\\/kooningstheweddingpalace\",\"https:\\\/\\\/www.pinterest.com\\\/koonings\",\"https:\\\/\\\/www.youtube.com\\\/kooningstheweddingpalace\"]}]}<\/script>\n<!-- \/ Yoast SEO plugin. -->","yoast_head_json":{"title":"Poirier KB-76050 Ring-Kissen und Strumpfband | Koonings","description":"Set bestehend aus einem Ringkissen und einem Strumpfband, verziert mit feiner, elfenbeinfarbener Spitze, einer elfenbeinfarbenen Spitzenblume mit Bl\u00fctenbl\u00e4ttern und einer elfenbeinfarbenen Perle | GEM Collection | Rubia line Set bestehend aus einem Ringkissen und einem Strumpfband aus der GEM Collection von Poirier. Die Artikel aus der Rubia-Linie der GEM Collection sind aus feiner, elfenbeinfarbener Spitze gefertigt. Das Ringkissen ist mit einem Muster aus feiner, elfenbeinfarbener Spitze, einer elfenbeinfarbenen Spitzenblume mit Bl\u00fctenbl\u00e4ttern und einer elfenbeinfarbenen Perle versehen. Au\u00dferdem hat dieses Ringkissen elfenbeinfarbene B\u00e4nder zum Befestigen der Eheringe. Das passende Strumpfband ist mit feiner, elfenbeinfarbener Spitze verziert, hat aber auch eine elfenbeinfarbene Spitzenblume und Bl\u00fctenbl\u00e4tter mit einer elfenbeinfarbenen Perle. Dieses Strumpfband hat elfenbeinfarbene und blaue B\u00e4nder. Etwas Altes. Etwas Neues. Etwas Geliehenes. Etwas Blaues.","robots":{"index":"index","follow":"follow","max-snippet":"max-snippet:-1","max-image-preview":"max-image-preview:large","max-video-preview":"max-video-preview:-1"},"canonical":"https:\/\/www.koonings.com\/de\/product\/poirier-kb-76050-ring-kissen-und-strumpfband\/","og_locale":"de_DE","og_type":"article","og_title":"Poirier KB-76050 Ring-Kissen und Strumpfband | Koonings","og_description":"Set bestehend aus einem Ringkissen und einem Strumpfband, verziert mit feiner, elfenbeinfarbener Spitze, einer elfenbeinfarbenen Spitzenblume mit Bl\u00fctenbl\u00e4ttern und einer elfenbeinfarbenen Perle | GEM Collection | Rubia line Set bestehend aus einem Ringkissen und einem Strumpfband aus der GEM Collection von Poirier. Die Artikel aus der Rubia-Linie der GEM Collection sind aus feiner, elfenbeinfarbener Spitze gefertigt. Das Ringkissen ist mit einem Muster aus feiner, elfenbeinfarbener Spitze, einer elfenbeinfarbenen Spitzenblume mit Bl\u00fctenbl\u00e4ttern und einer elfenbeinfarbenen Perle versehen. Au\u00dferdem hat dieses Ringkissen elfenbeinfarbene B\u00e4nder zum Befestigen der Eheringe. Das passende Strumpfband ist mit feiner, elfenbeinfarbener Spitze verziert, hat aber auch eine elfenbeinfarbene Spitzenblume und Bl\u00fctenbl\u00e4tter mit einer elfenbeinfarbenen Perle. Dieses Strumpfband hat elfenbeinfarbene und blaue B\u00e4nder. Etwas Altes. Etwas Neues. Etwas Geliehenes. Etwas Blaues.","og_url":"https:\/\/www.koonings.com\/de\/product\/poirier-kb-76050-ring-kissen-und-strumpfband\/","og_site_name":"Koonings","article_publisher":"https:\/\/www.facebook.com\/kooningstheweddingpalace","og_image":[{"width":1734,"height":2306,"url":"https:\/\/www.koonings.com\/wp-content\/uploads\/2025\/12\/50822_fe2dfebf08dc96518c57ddcf99e62c8a1638a54d160fffcc331ca7f2df40e4875dd68678.jpeg","type":"image\/jpeg"}],"twitter_card":"summary_large_image","twitter_misc":{"Gesch\u00e4tzte Lesezeit":"1\u00a0Minute"},"schema":{"@context":"https:\/\/schema.org","@graph":[{"@type":"WebPage","@id":"https:\/\/www.koonings.com\/de\/product\/poirier-kb-76050-ring-kissen-und-strumpfband\/","url":"https:\/\/www.koonings.com\/de\/product\/poirier-kb-76050-ring-kissen-und-strumpfband\/","name":"Poirier KB-76050 Ring-Kissen und Strumpfband | Koonings","isPartOf":{"@id":"https:\/\/www.koonings.com\/de\/#website"},"primaryImageOfPage":{"@id":"https:\/\/www.koonings.com\/de\/product\/poirier-kb-76050-ring-kissen-und-strumpfband\/#primaryimage"},"image":{"@id":"https:\/\/www.koonings.com\/de\/product\/poirier-kb-76050-ring-kissen-und-strumpfband\/#primaryimage"},"thumbnailUrl":"https:\/\/www.koonings.com\/wp-content\/uploads\/2025\/12\/50822_fe2dfebf08dc96518c57ddcf99e62c8a1638a54d160fffcc331ca7f2df40e4875dd68678.jpeg","datePublished":"2026-04-14T14:36:04+00:00","description":"Set bestehend aus einem Ringkissen und einem Strumpfband, verziert mit feiner, elfenbeinfarbener Spitze, einer elfenbeinfarbenen Spitzenblume mit Bl\u00fctenbl\u00e4ttern und einer elfenbeinfarbenen Perle | GEM Collection | Rubia line Set bestehend aus einem Ringkissen und einem Strumpfband aus der GEM Collection von Poirier. Die Artikel aus der Rubia-Linie der GEM Collection sind aus feiner, elfenbeinfarbener Spitze gefertigt. Das Ringkissen ist mit einem Muster aus feiner, elfenbeinfarbener Spitze, einer elfenbeinfarbenen Spitzenblume mit Bl\u00fctenbl\u00e4ttern und einer elfenbeinfarbenen Perle versehen. Au\u00dferdem hat dieses Ringkissen elfenbeinfarbene B\u00e4nder zum Befestigen der Eheringe. Das passende Strumpfband ist mit feiner, elfenbeinfarbener Spitze verziert, hat aber auch eine elfenbeinfarbene Spitzenblume und Bl\u00fctenbl\u00e4tter mit einer elfenbeinfarbenen Perle. Dieses Strumpfband hat elfenbeinfarbene und blaue B\u00e4nder. Etwas Altes. Etwas Neues. Etwas Geliehenes. Etwas Blaues.","breadcrumb":{"@id":"https:\/\/www.koonings.com\/de\/product\/poirier-kb-76050-ring-kissen-und-strumpfband\/#breadcrumb"},"inLanguage":"de","potentialAction":[{"@type":"ReadAction","target":["https:\/\/www.koonings.com\/de\/product\/poirier-kb-76050-ring-kissen-und-strumpfband\/"]}]},{"@type":"ImageObject","inLanguage":"de","@id":"https:\/\/www.koonings.com\/de\/product\/poirier-kb-76050-ring-kissen-und-strumpfband\/#primaryimage","url":"https:\/\/www.koonings.com\/wp-content\/uploads\/2025\/12\/50822_fe2dfebf08dc96518c57ddcf99e62c8a1638a54d160fffcc331ca7f2df40e4875dd68678.jpeg","contentUrl":"https:\/\/www.koonings.com\/wp-content\/uploads\/2025\/12\/50822_fe2dfebf08dc96518c57ddcf99e62c8a1638a54d160fffcc331ca7f2df40e4875dd68678.jpeg","width":1734,"height":2306},{"@type":"BreadcrumbList","@id":"https:\/\/www.koonings.com\/de\/product\/poirier-kb-76050-ring-kissen-und-strumpfband\/#breadcrumb","itemListElement":[{"@type":"ListItem","position":1,"name":"Home","item":"https:\/\/www.koonings.com\/de\/"},{"@type":"ListItem","position":2,"name":"Poirier KB-76050 Ring-Kissen und Strumpfband"}]},{"@type":"WebSite","@id":"https:\/\/www.koonings.com\/de\/#website","url":"https:\/\/www.koonings.com\/de\/","name":"Koonings","description":"De grootste bruidsmodewinkel ter wereld","publisher":{"@id":"https:\/\/www.koonings.com\/de\/#organization"},"potentialAction":[{"@type":"SearchAction","target":{"@type":"EntryPoint","urlTemplate":"https:\/\/www.koonings.com\/de\/?s={search_term_string}"},"query-input":{"@type":"PropertyValueSpecification","valueRequired":true,"valueName":"search_term_string"}}],"inLanguage":"de"},{"@type":"Organization","@id":"https:\/\/www.koonings.com\/de\/#organization","name":"Koonings","url":"https:\/\/www.koonings.com\/de\/","logo":{"@type":"ImageObject","inLanguage":"de","@id":"https:\/\/www.koonings.com\/de\/#\/schema\/logo\/image\/","url":"https:\/\/www.koonings.com\/wp-content\/uploads\/2024\/07\/logo.png","contentUrl":"https:\/\/www.koonings.com\/wp-content\/uploads\/2024\/07\/logo.png","width":600,"height":428,"caption":"Koonings"},"image":{"@id":"https:\/\/www.koonings.com\/de\/#\/schema\/logo\/image\/"},"sameAs":["https:\/\/www.facebook.com\/kooningstheweddingpalace","https:\/\/www.instagram.com\/kooningstheweddingpalace","https:\/\/www.pinterest.com\/koonings","https:\/\/www.youtube.com\/kooningstheweddingpalace"]}]}},"_links":{"self":[{"href":"https:\/\/www.koonings.com\/de\/wp-json\/wp\/v2\/product\/108661","targetHints":{"allow":["GET"]}}],"collection":[{"href":"https:\/\/www.koonings.com\/de\/wp-json\/wp\/v2\/product"}],"about":[{"href":"https:\/\/www.koonings.com\/de\/wp-json\/wp\/v2\/types\/product"}],"wp:featuredmedia":[{"embeddable":true,"href":"https:\/\/www.koonings.com\/de\/wp-json\/wp\/v2\/media\/108662"}],"wp:attachment":[{"href":"https:\/\/www.koonings.com\/de\/wp-json\/wp\/v2\/media?parent=108661"}],"wp:term":[{"taxonomy":"productdetails","embeddable":true,"href":"https:\/\/www.koonings.com\/de\/wp-json\/wp\/v2\/productdetails?post=108661"},{"taxonomy":"productneck","embeddable":true,"href":"https:\/\/www.koonings.com\/de\/wp-json\/wp\/v2\/productneck?post=108661"},{"taxonomy":"productcolor","embeddable":true,"href":"https:\/\/www.koonings.com\/de\/wp-json\/wp\/v2\/productcolor?post=108661"},{"taxonomy":"maat","embeddable":true,"href":"https:\/\/www.koonings.com\/de\/wp-json\/wp\/v2\/maat?post=108661"},{"taxonomy":"productsupplier","embeddable":true,"href":"https:\/\/www.koonings.com\/de\/wp-json\/wp\/v2\/productsupplier?post=108661"},{"taxonomy":"productsleeve","embeddable":true,"href":"https:\/\/www.koonings.com\/de\/wp-json\/wp\/v2\/productsleeve?post=108661"},{"taxonomy":"productcategory","embeddable":true,"href":"https:\/\/www.koonings.com\/de\/wp-json\/wp\/v2\/productcategory?post=108661"},{"taxonomy":"productsilhouette","embeddable":true,"href":"https:\/\/www.koonings.com\/de\/wp-json\/wp\/v2\/productsilhouette?post=108661"},{"taxonomy":"productstyle","embeddable":true,"href":"https:\/\/www.koonings.com\/de\/wp-json\/wp\/v2\/productstyle?post=108661"}],"curies":[{"name":"wp","href":"https:\/\/api.w.org\/{rel}","templated":true}]}}