{"id":108659,"date":"2026-04-14T16:36:34","date_gmt":"2026-04-14T14:36:34","guid":{"rendered":"https:\/\/www.koonings.com\/product\/le-papillon-von-modeca-hajar\/"},"modified":"2026-04-14T15:45:15","modified_gmt":"2026-04-14T13:45:15","slug":"le-papillon-von-modeca-hajar","status":"publish","type":"product","link":"https:\/\/www.koonings.com\/de\/product\/le-papillon-von-modeca-hajar\/","title":{"rendered":"Le Papillon von Modeca Hajar"},"content":{"rendered":"<p>Schick, glitzernd und m\u00fchelos feminin &#8211; dies ist Ihr m\u00e4rchenhafter Moment. Strahlen Sie in diesem vertr\u00e4umten A-Linien-Kleid, das komplett aus glitzerndem T\u00fcll gefertigt ist. Die schulterfreien Tr\u00e4ger und der herzf\u00f6rmige Ausschnitt sind mit 3D-Bl\u00fctenbl\u00e4ttern verziert, die f\u00fcr einen romantischen und weichen Look sorgen. Ein Schlitz rundet den Look mit einem Hauch von k\u00fchner Eleganz ab.   <\/p>\n<p>Dieses bezaubernde Design ist Teil der Kollektion Le Papillon by Modeca und bei Koonings erh\u00e4ltlich.<\/p>\n","protected":false},"featured_media":96737,"template":"","meta":{"_acf_changed":false,"ghostkit_customizer_options":"","ghostkit_custom_css":"","ghostkit_custom_js_head":"","ghostkit_custom_js_foot":"","ghostkit_typography":""},"productdetails":[379,378,381],"productneck":[355],"productcolor":[392],"maat":[],"productsupplier":[411],"productsleeve":[359,363],"productcategory":[18],"productsilhouette":[384],"productstyle":[366,373],"class_list":["post-108659","product","type-product","status-publish","has-post-thumbnail","hentry","productdetails-379","productdetails-378","productdetails-381","productneck-355","productcolor-392","productsupplier-le-papillon-by-modeca","productsleeve-359","productsleeve-363","productcategory-trouwjurken","productsilhouette-384","productstyle-366","productstyle-373"],"acf":[],"yoast_head":"<!-- This site is optimized with the Yoast SEO plugin v27.3 - https:\/\/yoast.com\/product\/yoast-seo-wordpress\/ -->\n<title>Le Papillon von Modeca Hajar | Koonings<\/title>\n<meta name=\"description\" content=\"Schick, glitzernd und m\u00fchelos feminin - dies ist Ihr m\u00e4rchenhafter Moment. Strahlen Sie in diesem vertr\u00e4umten A-Linien-Kleid, das komplett aus glitzerndem T\u00fcll gefertigt ist. Die schulterfreien Tr\u00e4ger und der herzf\u00f6rmige Ausschnitt sind mit 3D-Bl\u00fctenbl\u00e4ttern verziert, die f\u00fcr einen romantischen und weichen Look sorgen. Ein Schlitz rundet den Look mit einem Hauch von k\u00fchner Eleganz ab. Dieses bezaubernde Design ist Teil der Kollektion Le Papillon by Modeca und bei Koonings erh\u00e4ltlich.\" \/>\n<meta name=\"robots\" content=\"index, follow, max-snippet:-1, max-image-preview:large, max-video-preview:-1\" \/>\n<link rel=\"canonical\" href=\"https:\/\/www.koonings.com\/de\/product\/le-papillon-von-modeca-hajar\/\" \/>\n<meta property=\"og:locale\" content=\"de_DE\" \/>\n<meta property=\"og:type\" content=\"article\" \/>\n<meta property=\"og:title\" content=\"Le Papillon von Modeca Hajar | Koonings\" \/>\n<meta property=\"og:description\" content=\"Schick, glitzernd und m\u00fchelos feminin - dies ist Ihr m\u00e4rchenhafter Moment. Strahlen Sie in diesem vertr\u00e4umten A-Linien-Kleid, das komplett aus glitzerndem T\u00fcll gefertigt ist. Die schulterfreien Tr\u00e4ger und der herzf\u00f6rmige Ausschnitt sind mit 3D-Bl\u00fctenbl\u00e4ttern verziert, die f\u00fcr einen romantischen und weichen Look sorgen. Ein Schlitz rundet den Look mit einem Hauch von k\u00fchner Eleganz ab. Dieses bezaubernde Design ist Teil der Kollektion Le Papillon by Modeca und bei Koonings erh\u00e4ltlich.\" \/>\n<meta property=\"og:url\" content=\"https:\/\/www.koonings.com\/de\/product\/le-papillon-von-modeca-hajar\/\" \/>\n<meta property=\"og:site_name\" content=\"Koonings\" \/>\n<meta property=\"article:publisher\" content=\"https:\/\/www.facebook.com\/kooningstheweddingpalace\" \/>\n<meta property=\"og:image\" content=\"https:\/\/www.koonings.com\/wp-content\/uploads\/2025\/09\/51080_a711ff488df2d44efbed35ef514ba6ea8b096334579d00ab84168bffcc01c1dfb0ed2b1f.jpeg\" \/>\n\t<meta property=\"og:image:width\" content=\"1333\" \/>\n\t<meta property=\"og:image:height\" content=\"1881\" \/>\n\t<meta property=\"og:image:type\" content=\"image\/jpeg\" \/>\n<meta name=\"twitter:card\" content=\"summary_large_image\" \/>\n<script type=\"application\/ld+json\" class=\"yoast-schema-graph\">{\"@context\":\"https:\\\/\\\/schema.org\",\"@graph\":[{\"@type\":\"WebPage\",\"@id\":\"https:\\\/\\\/www.koonings.com\\\/de\\\/product\\\/le-papillon-von-modeca-hajar\\\/\",\"url\":\"https:\\\/\\\/www.koonings.com\\\/de\\\/product\\\/le-papillon-von-modeca-hajar\\\/\",\"name\":\"Le Papillon von Modeca Hajar | Koonings\",\"isPartOf\":{\"@id\":\"https:\\\/\\\/www.koonings.com\\\/de\\\/#website\"},\"primaryImageOfPage\":{\"@id\":\"https:\\\/\\\/www.koonings.com\\\/de\\\/product\\\/le-papillon-von-modeca-hajar\\\/#primaryimage\"},\"image\":{\"@id\":\"https:\\\/\\\/www.koonings.com\\\/de\\\/product\\\/le-papillon-von-modeca-hajar\\\/#primaryimage\"},\"thumbnailUrl\":\"https:\\\/\\\/www.koonings.com\\\/wp-content\\\/uploads\\\/2025\\\/09\\\/51080_a711ff488df2d44efbed35ef514ba6ea8b096334579d00ab84168bffcc01c1dfb0ed2b1f.jpeg\",\"datePublished\":\"2026-04-14T14:36:34+00:00\",\"description\":\"Schick, glitzernd und m\u00fchelos feminin - dies ist Ihr m\u00e4rchenhafter Moment. Strahlen Sie in diesem vertr\u00e4umten A-Linien-Kleid, das komplett aus glitzerndem T\u00fcll gefertigt ist. Die schulterfreien Tr\u00e4ger und der herzf\u00f6rmige Ausschnitt sind mit 3D-Bl\u00fctenbl\u00e4ttern verziert, die f\u00fcr einen romantischen und weichen Look sorgen. Ein Schlitz rundet den Look mit einem Hauch von k\u00fchner Eleganz ab. Dieses bezaubernde Design ist Teil der Kollektion Le Papillon by Modeca und bei Koonings erh\u00e4ltlich.\",\"breadcrumb\":{\"@id\":\"https:\\\/\\\/www.koonings.com\\\/de\\\/product\\\/le-papillon-von-modeca-hajar\\\/#breadcrumb\"},\"inLanguage\":\"de\",\"potentialAction\":[{\"@type\":\"ReadAction\",\"target\":[\"https:\\\/\\\/www.koonings.com\\\/de\\\/product\\\/le-papillon-von-modeca-hajar\\\/\"]}]},{\"@type\":\"ImageObject\",\"inLanguage\":\"de\",\"@id\":\"https:\\\/\\\/www.koonings.com\\\/de\\\/product\\\/le-papillon-von-modeca-hajar\\\/#primaryimage\",\"url\":\"https:\\\/\\\/www.koonings.com\\\/wp-content\\\/uploads\\\/2025\\\/09\\\/51080_a711ff488df2d44efbed35ef514ba6ea8b096334579d00ab84168bffcc01c1dfb0ed2b1f.jpeg\",\"contentUrl\":\"https:\\\/\\\/www.koonings.com\\\/wp-content\\\/uploads\\\/2025\\\/09\\\/51080_a711ff488df2d44efbed35ef514ba6ea8b096334579d00ab84168bffcc01c1dfb0ed2b1f.jpeg\",\"width\":1333,\"height\":1881},{\"@type\":\"BreadcrumbList\",\"@id\":\"https:\\\/\\\/www.koonings.com\\\/de\\\/product\\\/le-papillon-von-modeca-hajar\\\/#breadcrumb\",\"itemListElement\":[{\"@type\":\"ListItem\",\"position\":1,\"name\":\"Home\",\"item\":\"https:\\\/\\\/www.koonings.com\\\/de\\\/\"},{\"@type\":\"ListItem\",\"position\":2,\"name\":\"Le Papillon von Modeca Hajar\"}]},{\"@type\":\"WebSite\",\"@id\":\"https:\\\/\\\/www.koonings.com\\\/de\\\/#website\",\"url\":\"https:\\\/\\\/www.koonings.com\\\/de\\\/\",\"name\":\"Koonings\",\"description\":\"De grootste bruidsmodewinkel ter wereld\",\"publisher\":{\"@id\":\"https:\\\/\\\/www.koonings.com\\\/de\\\/#organization\"},\"potentialAction\":[{\"@type\":\"SearchAction\",\"target\":{\"@type\":\"EntryPoint\",\"urlTemplate\":\"https:\\\/\\\/www.koonings.com\\\/de\\\/?s={search_term_string}\"},\"query-input\":{\"@type\":\"PropertyValueSpecification\",\"valueRequired\":true,\"valueName\":\"search_term_string\"}}],\"inLanguage\":\"de\"},{\"@type\":\"Organization\",\"@id\":\"https:\\\/\\\/www.koonings.com\\\/de\\\/#organization\",\"name\":\"Koonings\",\"url\":\"https:\\\/\\\/www.koonings.com\\\/de\\\/\",\"logo\":{\"@type\":\"ImageObject\",\"inLanguage\":\"de\",\"@id\":\"https:\\\/\\\/www.koonings.com\\\/de\\\/#\\\/schema\\\/logo\\\/image\\\/\",\"url\":\"https:\\\/\\\/www.koonings.com\\\/wp-content\\\/uploads\\\/2024\\\/07\\\/logo.png\",\"contentUrl\":\"https:\\\/\\\/www.koonings.com\\\/wp-content\\\/uploads\\\/2024\\\/07\\\/logo.png\",\"width\":600,\"height\":428,\"caption\":\"Koonings\"},\"image\":{\"@id\":\"https:\\\/\\\/www.koonings.com\\\/de\\\/#\\\/schema\\\/logo\\\/image\\\/\"},\"sameAs\":[\"https:\\\/\\\/www.facebook.com\\\/kooningstheweddingpalace\",\"https:\\\/\\\/www.instagram.com\\\/kooningstheweddingpalace\",\"https:\\\/\\\/www.pinterest.com\\\/koonings\",\"https:\\\/\\\/www.youtube.com\\\/kooningstheweddingpalace\"]}]}<\/script>\n<!-- \/ Yoast SEO plugin. -->","yoast_head_json":{"title":"Le Papillon von Modeca Hajar | Koonings","description":"Schick, glitzernd und m\u00fchelos feminin - dies ist Ihr m\u00e4rchenhafter Moment. Strahlen Sie in diesem vertr\u00e4umten A-Linien-Kleid, das komplett aus glitzerndem T\u00fcll gefertigt ist. Die schulterfreien Tr\u00e4ger und der herzf\u00f6rmige Ausschnitt sind mit 3D-Bl\u00fctenbl\u00e4ttern verziert, die f\u00fcr einen romantischen und weichen Look sorgen. Ein Schlitz rundet den Look mit einem Hauch von k\u00fchner Eleganz ab. Dieses bezaubernde Design ist Teil der Kollektion Le Papillon by Modeca und bei Koonings erh\u00e4ltlich.","robots":{"index":"index","follow":"follow","max-snippet":"max-snippet:-1","max-image-preview":"max-image-preview:large","max-video-preview":"max-video-preview:-1"},"canonical":"https:\/\/www.koonings.com\/de\/product\/le-papillon-von-modeca-hajar\/","og_locale":"de_DE","og_type":"article","og_title":"Le Papillon von Modeca Hajar | Koonings","og_description":"Schick, glitzernd und m\u00fchelos feminin - dies ist Ihr m\u00e4rchenhafter Moment. Strahlen Sie in diesem vertr\u00e4umten A-Linien-Kleid, das komplett aus glitzerndem T\u00fcll gefertigt ist. Die schulterfreien Tr\u00e4ger und der herzf\u00f6rmige Ausschnitt sind mit 3D-Bl\u00fctenbl\u00e4ttern verziert, die f\u00fcr einen romantischen und weichen Look sorgen. Ein Schlitz rundet den Look mit einem Hauch von k\u00fchner Eleganz ab. Dieses bezaubernde Design ist Teil der Kollektion Le Papillon by Modeca und bei Koonings erh\u00e4ltlich.","og_url":"https:\/\/www.koonings.com\/de\/product\/le-papillon-von-modeca-hajar\/","og_site_name":"Koonings","article_publisher":"https:\/\/www.facebook.com\/kooningstheweddingpalace","og_image":[{"width":1333,"height":1881,"url":"https:\/\/www.koonings.com\/wp-content\/uploads\/2025\/09\/51080_a711ff488df2d44efbed35ef514ba6ea8b096334579d00ab84168bffcc01c1dfb0ed2b1f.jpeg","type":"image\/jpeg"}],"twitter_card":"summary_large_image","schema":{"@context":"https:\/\/schema.org","@graph":[{"@type":"WebPage","@id":"https:\/\/www.koonings.com\/de\/product\/le-papillon-von-modeca-hajar\/","url":"https:\/\/www.koonings.com\/de\/product\/le-papillon-von-modeca-hajar\/","name":"Le Papillon von Modeca Hajar | Koonings","isPartOf":{"@id":"https:\/\/www.koonings.com\/de\/#website"},"primaryImageOfPage":{"@id":"https:\/\/www.koonings.com\/de\/product\/le-papillon-von-modeca-hajar\/#primaryimage"},"image":{"@id":"https:\/\/www.koonings.com\/de\/product\/le-papillon-von-modeca-hajar\/#primaryimage"},"thumbnailUrl":"https:\/\/www.koonings.com\/wp-content\/uploads\/2025\/09\/51080_a711ff488df2d44efbed35ef514ba6ea8b096334579d00ab84168bffcc01c1dfb0ed2b1f.jpeg","datePublished":"2026-04-14T14:36:34+00:00","description":"Schick, glitzernd und m\u00fchelos feminin - dies ist Ihr m\u00e4rchenhafter Moment. Strahlen Sie in diesem vertr\u00e4umten A-Linien-Kleid, das komplett aus glitzerndem T\u00fcll gefertigt ist. Die schulterfreien Tr\u00e4ger und der herzf\u00f6rmige Ausschnitt sind mit 3D-Bl\u00fctenbl\u00e4ttern verziert, die f\u00fcr einen romantischen und weichen Look sorgen. Ein Schlitz rundet den Look mit einem Hauch von k\u00fchner Eleganz ab. Dieses bezaubernde Design ist Teil der Kollektion Le Papillon by Modeca und bei Koonings erh\u00e4ltlich.","breadcrumb":{"@id":"https:\/\/www.koonings.com\/de\/product\/le-papillon-von-modeca-hajar\/#breadcrumb"},"inLanguage":"de","potentialAction":[{"@type":"ReadAction","target":["https:\/\/www.koonings.com\/de\/product\/le-papillon-von-modeca-hajar\/"]}]},{"@type":"ImageObject","inLanguage":"de","@id":"https:\/\/www.koonings.com\/de\/product\/le-papillon-von-modeca-hajar\/#primaryimage","url":"https:\/\/www.koonings.com\/wp-content\/uploads\/2025\/09\/51080_a711ff488df2d44efbed35ef514ba6ea8b096334579d00ab84168bffcc01c1dfb0ed2b1f.jpeg","contentUrl":"https:\/\/www.koonings.com\/wp-content\/uploads\/2025\/09\/51080_a711ff488df2d44efbed35ef514ba6ea8b096334579d00ab84168bffcc01c1dfb0ed2b1f.jpeg","width":1333,"height":1881},{"@type":"BreadcrumbList","@id":"https:\/\/www.koonings.com\/de\/product\/le-papillon-von-modeca-hajar\/#breadcrumb","itemListElement":[{"@type":"ListItem","position":1,"name":"Home","item":"https:\/\/www.koonings.com\/de\/"},{"@type":"ListItem","position":2,"name":"Le Papillon von Modeca Hajar"}]},{"@type":"WebSite","@id":"https:\/\/www.koonings.com\/de\/#website","url":"https:\/\/www.koonings.com\/de\/","name":"Koonings","description":"De grootste bruidsmodewinkel ter wereld","publisher":{"@id":"https:\/\/www.koonings.com\/de\/#organization"},"potentialAction":[{"@type":"SearchAction","target":{"@type":"EntryPoint","urlTemplate":"https:\/\/www.koonings.com\/de\/?s={search_term_string}"},"query-input":{"@type":"PropertyValueSpecification","valueRequired":true,"valueName":"search_term_string"}}],"inLanguage":"de"},{"@type":"Organization","@id":"https:\/\/www.koonings.com\/de\/#organization","name":"Koonings","url":"https:\/\/www.koonings.com\/de\/","logo":{"@type":"ImageObject","inLanguage":"de","@id":"https:\/\/www.koonings.com\/de\/#\/schema\/logo\/image\/","url":"https:\/\/www.koonings.com\/wp-content\/uploads\/2024\/07\/logo.png","contentUrl":"https:\/\/www.koonings.com\/wp-content\/uploads\/2024\/07\/logo.png","width":600,"height":428,"caption":"Koonings"},"image":{"@id":"https:\/\/www.koonings.com\/de\/#\/schema\/logo\/image\/"},"sameAs":["https:\/\/www.facebook.com\/kooningstheweddingpalace","https:\/\/www.instagram.com\/kooningstheweddingpalace","https:\/\/www.pinterest.com\/koonings","https:\/\/www.youtube.com\/kooningstheweddingpalace"]}]}},"_links":{"self":[{"href":"https:\/\/www.koonings.com\/de\/wp-json\/wp\/v2\/product\/108659","targetHints":{"allow":["GET"]}}],"collection":[{"href":"https:\/\/www.koonings.com\/de\/wp-json\/wp\/v2\/product"}],"about":[{"href":"https:\/\/www.koonings.com\/de\/wp-json\/wp\/v2\/types\/product"}],"wp:featuredmedia":[{"embeddable":true,"href":"https:\/\/www.koonings.com\/de\/wp-json\/wp\/v2\/media\/96737"}],"wp:attachment":[{"href":"https:\/\/www.koonings.com\/de\/wp-json\/wp\/v2\/media?parent=108659"}],"wp:term":[{"taxonomy":"productdetails","embeddable":true,"href":"https:\/\/www.koonings.com\/de\/wp-json\/wp\/v2\/productdetails?post=108659"},{"taxonomy":"productneck","embeddable":true,"href":"https:\/\/www.koonings.com\/de\/wp-json\/wp\/v2\/productneck?post=108659"},{"taxonomy":"productcolor","embeddable":true,"href":"https:\/\/www.koonings.com\/de\/wp-json\/wp\/v2\/productcolor?post=108659"},{"taxonomy":"maat","embeddable":true,"href":"https:\/\/www.koonings.com\/de\/wp-json\/wp\/v2\/maat?post=108659"},{"taxonomy":"productsupplier","embeddable":true,"href":"https:\/\/www.koonings.com\/de\/wp-json\/wp\/v2\/productsupplier?post=108659"},{"taxonomy":"productsleeve","embeddable":true,"href":"https:\/\/www.koonings.com\/de\/wp-json\/wp\/v2\/productsleeve?post=108659"},{"taxonomy":"productcategory","embeddable":true,"href":"https:\/\/www.koonings.com\/de\/wp-json\/wp\/v2\/productcategory?post=108659"},{"taxonomy":"productsilhouette","embeddable":true,"href":"https:\/\/www.koonings.com\/de\/wp-json\/wp\/v2\/productsilhouette?post=108659"},{"taxonomy":"productstyle","embeddable":true,"href":"https:\/\/www.koonings.com\/de\/wp-json\/wp\/v2\/productstyle?post=108659"}],"curies":[{"name":"wp","href":"https:\/\/api.w.org\/{rel}","templated":true}]}}